{"id":15735,"date":"2025-01-19T14:54:37","date_gmt":"2025-01-19T14:54:37","guid":{"rendered":"https:\/\/www.hydraulic-cylinders.net\/product\/bucket-cylinder-for-zhenyu-small-excavator-zy260\/"},"modified":"2025-01-19T14:54:39","modified_gmt":"2025-01-19T14:54:39","slug":"bucket-cylinder-for-zhenyu-small-excavator-zy260","status":"publish","type":"product","link":"https:\/\/www.hydraulic-cylinders.net\/sk\/produkt\/bucket-cylinder-for-zhenyu-small-excavator-zy260\/","title":{"rendered":"Valec vedra pre mal\u00e9 r\u00fdpadlo Zhenyu ZY260"},"content":{"rendered":"<h1>Valec vedra pre mal\u00e9 r\u00fdpadlo Zhenyu ZY260<\/h1>\n<h2>\u00davod<\/h2>\n<p>Hydraulick\u00fd valec ly\u017eice pre mal\u00e9 r\u00fdpadlo Zhenyu ZY260 je typ hydraulick\u00e9ho valca \u0161peci\u00e1lne navrhnut\u00e9ho na ovl\u00e1danie pohybu ly\u017eice v \u0165a\u017ek\u00fdch strojoch, ako s\u00fa r\u00fdpadl\u00e1, r\u00fdpadlo-naklada\u010de a \u010deln\u00e9 naklada\u010de. Jeho hlavnou funkciou je zdv\u00edhanie, sp\u00fa\u0161\u0165anie a nakl\u00e1\u0148anie ly\u017eice, \u010do u\u013eah\u010duje manipul\u00e1ciu s r\u00f4znymi materi\u00e1lmi pri r\u00f4znych \u00faloh\u00e1ch. V hydraulickom syst\u00e9me valec ly\u017eice vyu\u017e\u00edva zmenu tlaku hydraulick\u00e9ho oleja na dosiahnutie presn\u00e9ho ovl\u00e1dania ly\u017eice, \u010do umo\u017e\u0148uje obsluhe efekt\u00edvne manipulova\u0165 s \u0165a\u017ek\u00fdmi predmetmi, prisp\u00f4sobi\u0165 sa zlo\u017eit\u00fdm pracovn\u00fdm prostrediam a r\u00f4znorod\u00fdm po\u017eiadavk\u00e1m na pr\u00e1cu.<\/p>\n<p><img decoding=\"async\" src=\"https:\/\/www.hydraulic-cylinders.net\/wp-content\/uploads\/2025\/01\/songte-company-2.webp\" alt=\"Valec vedra pre mal\u00e9 r\u00fdpadlo Zhenyu ZY260\" \/><\/p>\n<h2>Funkcie<\/h2>\n<ul>\n<li>\n<h3>Vysok\u00e1 pevnos\u0165 a odolnos\u0165<\/h3>\n<p>Valec vedra je zvy\u010dajne vyroben\u00fd z vysokopevnostnej ocele alebo hlin\u00edka, ktor\u00e9 odol\u00e1vaj\u00fa vysok\u00e9mu tlaku a \u0165a\u017ek\u00fdm za\u0165a\u017eeniam, prisp\u00f4sobuj\u00fa sa n\u00e1ro\u010dn\u00fdm pracovn\u00fdm podmienkam a pri kon\u0161trukcii zoh\u013ead\u0148uj\u00fa odolnos\u0165 proti opotrebovaniu a kor\u00f3zii, \u010d\u00edm sa predl\u017euje ich \u017eivotnos\u0165.<\/p>\n<\/li>\n<li>\n<h3>Efekt\u00edvna hydraulick\u00e1 prev\u00e1dzka<\/h3>\n<p>Valec kor\u010deka vyu\u017e\u00edva tlak hydraulick\u00e9ho oleja na dosiahnutie plynul\u00e9ho roz\u0165ahovania a s\u0165ahovania, dok\u00e1\u017ee r\u00fdchlo reagova\u0165 na ovl\u00e1dacie povely, poskytuje siln\u00fa tla\u010dn\u00fa a \u0165ahov\u00fa silu a je vhodn\u00fd na manipul\u00e1ciu s \u0165a\u017ek\u00fdmi predmetmi a zlo\u017eit\u00e9 pracovn\u00e9 \u00falohy.<\/p>\n<\/li>\n<li>\n<h3>R\u00f4zne typy<\/h3>\n<p>Valec kor\u010deka je mo\u017en\u00e9 zvoli\u0165 ako jedno\u010dinn\u00fd (hydraulicky ovl\u00e1dan\u00fd iba v jednom smere) alebo dvoj\u010dinn\u00fd (hydraulicky ovl\u00e1dan\u00fd v dvoch smeroch) pod\u013ea po\u017eiadaviek, aby sa splnili r\u00f4zne prev\u00e1dzkov\u00e9 potreby. Niektor\u00e9 modely s\u00fa teleskopick\u00e9, \u010do umo\u017e\u0148uje v\u00e4\u010d\u0161ie vysunutie bez zv\u00e4\u010d\u0161enia vonkaj\u0161\u00edch rozmerov a je vhodn\u00e9 pre aplik\u00e1cie s obmedzen\u00fdm priestorom.<\/p>\n<\/li>\n<li>\n<h3>Vyroben\u00e9 na\u0161ou spolo\u010dnos\u0165ou<\/h3>\n<p>N\u00e1\u0161 produkt dok\u00e1\u017ee dokonale nahradi\u0165 tieto hydraulick\u00e9 valce.<\/p>\n<\/li>\n<li>\n<h3>Aplik\u00e1cie<\/h3>\n<p>Valec s vedrom sa \u0161iroko pou\u017e\u00edva v r\u00f4znych \u0165a\u017ek\u00fdch strojoch, vr\u00e1tane, ale nie v\u00fdlu\u010dne:<\/p>\n<ul>\n<li>Stavebn\u00e9 stroje: bagre, r\u00fdpadlo-naklada\u010de, \u010deln\u00e9 naklada\u010de<\/li>\n<li>Po\u013enohospod\u00e1rske stroje: \u010deln\u00e9 naklada\u010de, bagre<\/li>\n<\/ul>\n<\/li>\n<\/ul>\n<h2>\u00davahy o dizajne a krit\u00e9ri\u00e1 v\u00fdberu<\/h2>\n<ul>\n<li>\n<h3>Nosnos\u0165<\/h3>\n<p>Nosnos\u0165 valca s vedrom je jedn\u00fdm z hlavn\u00fdch h\u013ead\u00edsk pri kon\u0161trukcii, aby sa zabezpe\u010dilo, \u017ee valec m\u00f4\u017ee plynule a bezpe\u010dne fungova\u0165 pri r\u00f4znych za\u0165a\u017eeniach a tlakoch.<\/p>\n<\/li>\n<li>\n<h3>Tesnenie<\/h3>\n<p>Valec kor\u010deka pou\u017e\u00edva r\u00f4zne tesniace diely, ako s\u00fa tesnenia piestov a tesnenia ty\u010d\u00ed. Tesnenia s\u00fa vyroben\u00e9 z materi\u00e1lov odoln\u00fdch vo\u010di opotrebovaniu, ako je polyuret\u00e1n a nitrilov\u00fd kau\u010duk, aby sa zabezpe\u010dila odolnos\u0165 valca a zabr\u00e1nilo sa \u00faniku.<\/p>\n<\/li>\n<li>\n<h3>Trvanlivos\u0165<\/h3>\n<p>Trvanlivos\u0165 valca vedra je v kon\u0161trukcii nevyhnutn\u00e1, aby sa zabezpe\u010dilo, \u017ee vydr\u017e\u00ed r\u00f4zne pracovn\u00e9 prostredie a za\u0165a\u017eenie bez po\u0161kodenia a pred\u013a\u017ei sa jeho \u017eivotnos\u0165.<\/p>\n<\/li>\n<li>\n<h3>Bezpe\u010dnos\u0165<\/h3>\n<p>Bezpe\u010dnos\u0165 valca vedra je pri kon\u0161trukcii k\u013e\u00fa\u010dov\u00fdm faktorom, aby sa zabezpe\u010dila jeho bezpe\u010dn\u00e1 a efekt\u00edvna prev\u00e1dzka bez neh\u00f4d.<\/p>\n<\/li>\n<li>\n<h3>\u00dadr\u017eba<\/h3>\n<p>\u00dadr\u017eba valca by mala by\u0165 jednoduch\u00e1 a pohodln\u00e1. Valec by sa mal da\u0165 \u013eahko rozobra\u0165, vy\u010disti\u0165 a vymeni\u0165 jeho diely vr\u00e1tane tesnen\u00ed a lo\u017e\u00edsk, aby sa zachoval jeho vynikaj\u00faci v\u00fdkon.<\/p>\n<\/li>\n<\/ul>\n<p><img decoding=\"async\" src=\"https:\/\/www.hydraulic-cylinders.net\/wp-content\/uploads\/2025\/01\/songte-oil-pipes-and-spare-parts.webp\" alt=\"\u00dadr\u017eba a oprava valca vedra\" \/><\/p>\n<h2>Tesnenie a mazanie<\/h2>\n<p>Valec kor\u010deka pou\u017e\u00edva r\u00f4zne tesniace diely, ako s\u00fa tesnenia piestov a tesnenia ty\u010d\u00ed. Tesnenia s\u00fa vyroben\u00e9 z materi\u00e1lov odoln\u00fdch proti opotrebovaniu, ako je polyuret\u00e1n a nitrilov\u00fd kau\u010duk, aby sa zabezpe\u010dila odolnos\u0165 valca a zabr\u00e1nilo sa \u00faniku. Teleso valca a povrch z\u00e1vitov\u00e9ho konca pre\u0161li d\u00f4kladn\u00fdm spracovan\u00edm, aby sa zlep\u0161ila odolnos\u0165 proti opotrebovaniu. Valec kor\u010deka je potrebn\u00e9 pravidelne plni\u0165 vhodn\u00fdm mno\u017estvom hydraulick\u00e9ho oleja na mazanie, aby sa zabezpe\u010dila jeho efekt\u00edvna prev\u00e1dzka.<\/p>\n<h2>Kontrola a prevent\u00edvna \u00fadr\u017eba<\/h2>\n<ul>\n<li>\n<h3>Pravideln\u00e1 kontrola<\/h3>\n<p>Hydraulick\u00e9 \u010dasti, tesnenia a lo\u017eisk\u00e1 valca vedra vy\u017eaduj\u00fa pravideln\u00fa kontrolu, aby sa zabezpe\u010dil ich dobr\u00fd stav a predi\u0161lo sa potenci\u00e1lnym probl\u00e9mom.<\/p>\n<\/li>\n<li>\n<h3>Mazanie<\/h3>\n<p>Valec vedra vy\u017eaduje pravideln\u00e9 mazanie, aby sa zabezpe\u010dila jeho efekt\u00edvna a plynul\u00e1 prev\u00e1dzka.<\/p>\n<\/li>\n<li>\n<h3>V\u00fdmena tesnenia a kontrola kalibr\u00e1cie<\/h3>\n<p>Tesnenia valca vedra je potrebn\u00e9 pravidelne vymie\u0148a\u0165, aby sa zabr\u00e1nilo \u00faniku, a valec by sa mal kalibrova\u0165, aby sa zabezpe\u010dila jeho presnos\u0165.<\/p>\n<\/li>\n<\/ul>\n<p><img decoding=\"async\" src=\"https:\/\/www.hydraulic-cylinders.net\/wp-content\/uploads\/2025\/01\/songte-chushion-collar.webp\" alt=\"In\u0161tal\u00e1cia valca vedra\" \/><\/p>\n<h2>In\u0161tal\u00e1cia<\/h2>\n<p>Po\u010das in\u0161tal\u00e1cie f\u013ea\u0161u spr\u00e1vne zarovnajte a poskytnite pokyny, aby bola bezpe\u010dne nain\u0161talovan\u00e1. Odpor\u00fa\u010dame pou\u017ei\u0165 vhodn\u00e9 mont\u00e1\u017ene konzoly na upevnenie f\u013ea\u0161e a dodr\u017eiava\u0165 odpor\u00fa\u010dan\u00e9 postupy kontroly, opravy a v\u00fdmeny, aby sa zachoval vynikaj\u00faci v\u00fdkon f\u013ea\u0161e.<\/p>\n<h2>Bezpe\u010dnostn\u00e9 aspekty a faktory prostredia<\/h2>\n<p>Bezpe\u010dn\u00e9 pou\u017e\u00edvanie valca s vedrom si vy\u017eaduje pr\u00edsne dodr\u017eiavanie bezpe\u010dnostn\u00fdch predpisov a vhodn\u00fdch bezpe\u010dnostn\u00fdch opatren\u00ed, ako je nosenie ochrann\u00e9ho odevu a vyh\u00fdbanie sa pre\u0165a\u017eeniu. Faktory prostredia, ako je teplota, vlhkos\u0165 a prach, m\u00f4\u017eu ovplyvni\u0165 v\u00fdkon a \u017eivotnos\u0165 valca, preto by sa mali prija\u0165 vhodn\u00e9 opatrenia na ochranu \u017eivotn\u00e9ho prostredia.<\/p>\n<h2>Rie\u0161enie probl\u00e9mov a be\u017en\u00e9 probl\u00e9my<\/h2>\n<p>Valec vedra sa m\u00f4\u017ee po\u010das pou\u017e\u00edvania stretn\u00fa\u0165 s r\u00f4znymi probl\u00e9mami, ako s\u00fa netesnosti, pomal\u00fd pohyb a nedostato\u010dn\u00e1 sila. Rie\u0161enie probl\u00e9mov a be\u017en\u00e9 probl\u00e9my valca je mo\u017en\u00e9 vyrie\u0161i\u0165 pravidelnou kontrolou, \u00fadr\u017ebou a opravami, ako je v\u00fdmena tesnen\u00ed a lo\u017e\u00edsk, nastavenie sily tla\u010denia a \u0165ahania a v\u00fdmena opotrebovan\u00fdch dielov.<\/p>\n<p><img decoding=\"async\" src=\"https:\/\/www.hydraulic-cylinders.net\/wp-content\/uploads\/2025\/01\/songte-bushings-with-all-kinds-of-excavator-models.webp\" alt=\"Rie\u0161enie probl\u00e9mov s valcom vedra\" \/><\/p>\n<h2>O na\u0161ej spolo\u010dnosti<\/h2>\n<p>Sme v\u00fdrobca hydraulick\u00fdch valcov, ktor\u00fd vyr\u00e1ba \u0161irok\u00fa \u0161k\u00e1lu produktov vr\u00e1tane kore\u010dkov\u00fdch valcov. Stali sme sa jedn\u00fdm z popredn\u00fdch v\u00fdrobcov a ve\u013ekoobchodn\u00fdch distrib\u00fatorov hydraulick\u00fdch valcov na dom\u00e1com aj medzin\u00e1rodnom trhu. Dodr\u017eiavame z\u00e1sadu vynikaj\u00facej kvality, spoliehame sa na strat\u00e9giu riadenia priemyselnej v\u00fdroby v jemn\u00fdch v\u00fdrobn\u00fdch diel\u0148ach a neust\u00e1le zlep\u0161ujeme v\u00fdrobn\u00fa platformu dieln\u00ed vyu\u017e\u00edvan\u00edm technick\u00fdch talentov, digit\u00e1lnych \u0161pi\u010dkov\u00fdch v\u00fdrobn\u00fdch zariaden\u00ed a profesion\u00e1lnych testovac\u00edch syst\u00e9mov. M\u00e1me siln\u00e9 tvoriv\u00e9 schopnosti a uspokojujeme rozmanit\u00e9 potreby z\u00e1kazn\u00edkov s vysokou \u00fa\u010dinnos\u0165ou, vysokou presnos\u0165ou a vysoko kvalitn\u00fdmi produktmi. Poskytujeme profesion\u00e1lne slu\u017eby, medzin\u00e1rodn\u00fa certifik\u00e1ciu a z\u00e1kazn\u00edcke slu\u017eby a m\u00e1me modern\u00e9 v\u00fdrobn\u00e9 zariadenia a popredajn\u00fd servis.<\/p>\n<p><img decoding=\"async\" src=\"https:\/\/hzpt.com\/wp-content\/uploads\/2024\/11\/songte-company-1.webp\" alt=\"Na\u0161a spolo\u010dnos\u0165\" \/><\/p>\n<p>Autor: lyl.<\/p>","protected":false},"excerpt":{"rendered":"<p>Bucket Cylinder For Zhenyu Small Excavator ZY260 Introduction The bucket cylinder for Zhenyu small excavator ZY260 is a type of hydraulic cylinder specially designed to control the movement of the bucket in heavy machinery such as excavators, backhoe loaders, and front-end loaders. Its main function is to lift, lower, and tilt the bucket, making it [&hellip;]<\/p>","protected":false},"featured_media":14785,"comment_status":"open","ping_status":"closed","template":"","meta":{"_et_pb_use_builder":"","_et_pb_old_content":"","_et_gb_content_width":""},"product_brand":[],"product_cat":[1494],"product_tag":[1495,1496],"class_list":{"0":"post-15735","1":"product","2":"type-product","3":"status-publish","4":"has-post-thumbnail","6":"product_cat-bucket-cylinders","7":"product_tag-bucket-cylinders","8":"product_tag-hydraulic-cylinders","10":"first","11":"instock","12":"shipping-taxable","13":"product-type-simple"},"amp_enabled":true,"_links":{"self":[{"href":"https:\/\/www.hydraulic-cylinders.net\/sk\/wp-json\/wp\/v2\/product\/15735","targetHints":{"allow":["GET"]}}],"collection":[{"href":"https:\/\/www.hydraulic-cylinders.net\/sk\/wp-json\/wp\/v2\/product"}],"about":[{"href":"https:\/\/www.hydraulic-cylinders.net\/sk\/wp-json\/wp\/v2\/types\/product"}],"replies":[{"embeddable":true,"href":"https:\/\/www.hydraulic-cylinders.net\/sk\/wp-json\/wp\/v2\/comments?post=15735"}],"wp:featuredmedia":[{"embeddable":true,"href":"https:\/\/www.hydraulic-cylinders.net\/sk\/wp-json\/wp\/v2\/media\/14785"}],"wp:attachment":[{"href":"https:\/\/www.hydraulic-cylinders.net\/sk\/wp-json\/wp\/v2\/media?parent=15735"}],"wp:term":[{"taxonomy":"product_brand","embeddable":true,"href":"https:\/\/www.hydraulic-cylinders.net\/sk\/wp-json\/wp\/v2\/product_brand?post=15735"},{"taxonomy":"product_cat","embeddable":true,"href":"https:\/\/www.hydraulic-cylinders.net\/sk\/wp-json\/wp\/v2\/product_cat?post=15735"},{"taxonomy":"product_tag","embeddable":true,"href":"https:\/\/www.hydraulic-cylinders.net\/sk\/wp-json\/wp\/v2\/product_tag?post=15735"}],"curies":[{"name":"pracovn\u00fd list","href":"https:\/\/api.w.org\/{rel}","templated":true}]}}