{"id":15737,"date":"2025-01-19T14:54:44","date_gmt":"2025-01-19T14:54:44","guid":{"rendered":"https:\/\/www.hydraulic-cylinders.net\/product\/bucket-cylinder-for-world-small-excavator-w235\/"},"modified":"2025-01-19T14:54:46","modified_gmt":"2025-01-19T14:54:46","slug":"bucket-cylinder-for-world-small-excavator-w235","status":"publish","type":"product","link":"https:\/\/www.hydraulic-cylinders.net\/sk\/produkt\/bucket-cylinder-for-world-small-excavator-w235\/","title":{"rendered":"Valec vedra pre svetov\u00e9 mal\u00e9 r\u00fdpadlo W235"},"content":{"rendered":"<h1>Valec vedra pre svetov\u00e9 mal\u00e9 r\u00fdpadlo W235<\/h1>\n<h2>\u00davod<\/h2>\n<p>Hydraulick\u00fd valec, tie\u017e zn\u00e1my ako hydraulick\u00fd valec, je \u0161peci\u00e1lne navrhnut\u00fd hydraulick\u00fd aktu\u00e1tor, ktor\u00fd prim\u00e1rne riadi pohyb ly\u017eice v \u0165a\u017ek\u00fdch strojoch, ako s\u00fa bagre, r\u00fdpadl\u00e1 a \u010deln\u00e9 naklada\u010de. Jeho hlavnou funkciou je zdv\u00edhanie, sp\u00fa\u0161\u0165anie a nakl\u00e1\u0148anie ly\u017eice, \u010do u\u013eah\u010duje vykon\u00e1vanie r\u00f4znych \u00faloh manipul\u00e1cie s materi\u00e1lom. V hydraulickom syst\u00e9me valec ly\u017eice presne riadi pohyb ly\u017eice zmenou tlaku hydraulick\u00e9ho oleja, \u010do umo\u017e\u0148uje obsluhe efekt\u00edvne manipulova\u0165 s \u0165a\u017ek\u00fdmi predmetmi a prisp\u00f4sobi\u0165 sa zlo\u017eit\u00fdm pracovn\u00fdm prostrediam a r\u00f4znorod\u00fdm po\u017eiadavk\u00e1m pr\u00e1ce.<\/p>\n<p><img decoding=\"async\" src=\"https:\/\/www.hydraulic-cylinders.net\/wp-content\/uploads\/2025\/01\/songte-company-2.webp\" alt=\"Obr\u00e1zok valca vedra\"><\/p>\n<h2>Funkcie<\/h2>\n<ul>\n<li>Vysok\u00e1 pevnos\u0165 a odolnos\u0165: Zvy\u010dajne vyroben\u00fd z vysokopevnostnej ocele alebo hlin\u00edka, odol\u00e1 vysok\u00e9mu tlaku a \u0165a\u017ek\u00fdm za\u0165a\u017eeniam, \u010d\u00edm sa prisp\u00f4sob\u00ed n\u00e1ro\u010dn\u00fdm pracovn\u00fdm podmienkam. Kon\u0161trukcia tie\u017e zoh\u013ead\u0148uje odolnos\u0165 proti opotrebovaniu a kor\u00f3zii, \u010d\u00edm sa predl\u017euje jeho \u017eivotnos\u0165.<\/li>\n<li>Efekt\u00edvna hydraulick\u00e1 prev\u00e1dzka: V\u010faka vyu\u017eitiu tlaku hydraulick\u00e9ho oleja na dosiahnutie plynul\u00fdch pohybov vys\u00favania a s\u0165ahovania dok\u00e1\u017ee r\u00fdchlo reagova\u0165 na ovl\u00e1dacie povely a poskytova\u0165 siln\u00e9 tla\u010dn\u00e9 a \u0165a\u017en\u00e9 sily vhodn\u00e9 na manipul\u00e1ciu s \u0165a\u017ek\u00fdmi predmetmi a zlo\u017eit\u00e9 pracovn\u00e9 \u00falohy.<\/li>\n<li>R\u00f4zne typy: Jedno\u010dinn\u00e9 (hydraulika sa pou\u017e\u00edva iba v jednom smere) alebo dvoj\u010dinn\u00e9 (hydraulika sa pou\u017e\u00edva v oboch smeroch) valce je mo\u017en\u00e9 vybra\u0165 pod\u013ea po\u017eiadaviek, aby sa splnili r\u00f4zne prev\u00e1dzkov\u00e9 potreby. Niektor\u00e9 modely s\u00fa teleskopick\u00e9, \u010do umo\u017e\u0148uje v\u00e4\u010d\u0161ie vysunutie bez zv\u00e4\u010d\u0161enia vonkaj\u0161\u00edch rozmerov, vhodn\u00e9 pre aplik\u00e1cie s obmedzen\u00fdm priestorom.<\/li>\n<li>Zamenite\u013enos\u0165: Na\u0161e produkty dok\u00e1\u017eu dokonale nahradi\u0165 tieto hydraulick\u00e9 valce.<\/li>\n<\/ul>\n<p><img decoding=\"async\" src=\"https:\/\/www.hydraulic-cylinders.net\/wp-content\/uploads\/2025\/01\/songte-cylinder-head-with-all-kinds-excavator-models.webp\" alt=\"Obr\u00e1zok hydraulick\u00e9ho valca\"><\/p>\n<h2>Aplik\u00e1cie<\/h2>\n<p>Valec s kol\u00edkom m\u00e1 \u0161irok\u00e9 uplatnenie v r\u00f4znych odvetviach, ako napr\u00edklad:<\/p>\n<ul>\n<li>Stavebn\u00e9 zariadenia: Valec lopaty je v r\u00fdpadl\u00e1ch k\u013e\u00fa\u010dov\u00fd na kopanie, nakladanie a premiest\u0148ovanie zeminy alebo sutiny. V r\u00fdpadlov\u00fdch naklada\u010doch pom\u00e1ha pri kopan\u00ed aj zdv\u00edhan\u00ed. <\/li>\n<li>Po\u013enohospod\u00e1rske stroje: Pou\u017e\u00edvaj\u00fa sa pre \u010deln\u00e9 naklada\u010de, zdv\u00edhaj\u00fa a prepravuj\u00fa p\u00f4du, seno a in\u00e9 materi\u00e1ly. V bagroch umo\u017e\u0148uje valec ly\u017eice prenikn\u00fa\u0165 do p\u00f4dy po\u010das v\u00fdkopu. <\/li>\n<li>Naklada\u010d: Pri \u010deln\u00fdch naklada\u010doch pom\u00e1ha s efekt\u00edvnym nakl\u00e1\u0148an\u00edm a vykladan\u00edm n\u00e1kladu.<\/li>\n<\/ul>\n<h2>\u00davahy o dizajne a \u0161tandardy v\u00fdberu<\/h2>\n<p>Pri navrhovan\u00ed valcov s ko\u0161\u00edkom je potrebn\u00e9 zv\u00e1\u017ei\u0165 nieko\u013eko faktorov, vr\u00e1tane:<\/p>\n<ul>\n<li>Nosnos\u0165: Valce kor\u010dekov musia ma\u0165 nosnos\u0165 dostato\u010dn\u00fa na to, aby uniesli hmotnos\u0165 prepravovan\u00e9ho materi\u00e1lu a ak\u00e9ko\u013evek vonkaj\u0161ie sily p\u00f4sobiace na kor\u010dek.<\/li>\n<li>Tesnenie: Na zabr\u00e1nenie \u00faniku oleja a zabr\u00e1nenie vniknutia ne\u010dist\u00f4t sa pou\u017e\u00edvaj\u00fa r\u00f4zne tesnenia, ako napr\u00edklad tesnenia piestov a tesnenia ty\u010d\u00ed.<\/li>\n<li>Trvanlivos\u0165: Valec mus\u00ed by\u0165 navrhnut\u00fd tak, aby odolal drsn\u00fdm podmienkam prostredia a odol\u00e1val opotrebovaniu a kor\u00f3zii.<\/li>\n<li>Bezpe\u010dnos\u0165: Valec vedra mus\u00ed by\u0165 navrhnut\u00fd s bezpe\u010dnostn\u00fdmi prvkami, aby sa predi\u0161lo nehod\u00e1m a zabezpe\u010dila sa bezpe\u010dnos\u0165 obsluhy.<\/li>\n<li>\u00dadr\u017eba: Valec mus\u00ed by\u0165 navrhnut\u00fd tak, aby sa dal \u013eahko udr\u017eiava\u0165 a opravi\u0165, \u010d\u00edm sa zn\u00ed\u017eia prestoje a n\u00e1klady na \u00fadr\u017ebu.<\/li>\n<\/ul>\n<p><img decoding=\"async\" src=\"https:\/\/www.hydraulic-cylinders.net\/wp-content\/uploads\/2025\/01\/songte-oil-pipes-and-spare-parts.webp\" alt=\"\u010casti hydraulick\u00e9ho valca\"><\/p>\n<h2>Tesnenie a mazanie<\/h2>\n<p>Valce kor\u010dekov pou\u017e\u00edvaj\u00fa r\u00f4zne tesnenia, ako s\u00fa piestne tesnenia a tesnenia ty\u010d\u00ed, aby sa zabr\u00e1nilo \u00faniku oleja a vniknutiu ne\u010dist\u00f4t. Tesnenia s\u00fa vyroben\u00e9 z materi\u00e1lov odoln\u00fdch vo\u010di opotrebovaniu, ako je polyuret\u00e1n a nitrilov\u00fd kau\u010duk. Teleso valca a povrch z\u00e1vitu s\u00fa jemne opracovan\u00e9, aby sa zlep\u0161ila odolnos\u0165 vo\u010di opotrebovaniu. Na zabezpe\u010denie hladk\u00e9ho chodu valca kor\u010deka je potrebn\u00e9 spr\u00e1vne mazanie hydraulick\u00fdm olejom.<\/p>\n<h2>\u00dadr\u017eba<\/h2>\n<p>Pre zaistenie dlhej \u017eivotnosti a efekt\u00edvnej prev\u00e1dzky valca vedra je pravideln\u00e1 \u00fadr\u017eba nevyhnutn\u00e1. Medzi be\u017en\u00e9 \u00falohy \u00fadr\u017eby patria:<\/p>\n<ul>\n<li>Pravideln\u00e9 kontroly stavu a v\u00fdkonu valca.<\/li>\n<li>Mazanie valca pre zabezpe\u010denie hladk\u00e9ho chodu.<\/li>\n<li>V\u00fdmena opotrebovan\u00fdch tesnen\u00ed.<\/li>\n<li>Kalibra\u010dn\u00e9 kontroly na zabezpe\u010denie spr\u00e1vnej prev\u00e1dzky.<\/li>\n<li>Pravideln\u00e1 kontrola a \u010distenie vonkaj\u0161\u00edch \u010dast\u00ed valca.<\/li>\n<\/ul>\n<p><img decoding=\"async\" src=\"https:\/\/www.hydraulic-cylinders.net\/wp-content\/uploads\/2025\/01\/songte-chushion-collar.webp\" alt=\"Hydraulick\u00fd valec golier\"><\/p>\n<h2>Bezpe\u010dnostn\u00e9 a environment\u00e1lne aspekty<\/h2>\n<p>Pri obsluhe valca s vedrom je potrebn\u00e9 dodr\u017eiava\u0165 bezpe\u010dnostn\u00e9 opatrenia, aby sa predi\u0161lo nehod\u00e1m a zabezpe\u010dila sa bezpe\u010dnos\u0165 obsluhy. Je tie\u017e d\u00f4le\u017eit\u00e9 zv\u00e1\u017ei\u0165 faktory prostredia, ako s\u00fa \u00faniky a rozliatia oleja, a spr\u00e1vnu likvid\u00e1ciu hydraulick\u00e9ho oleja a in\u00fdch odpadov\u00fdch materi\u00e1lov.<\/p>\n<h2>Rie\u0161enie probl\u00e9mov a be\u017en\u00e9 probl\u00e9my<\/h2>\n<p>Valce kor\u010dekov s\u00fa n\u00e1chyln\u00e9 na r\u00f4zne probl\u00e9my, ako s\u00fa \u00faniky oleja, po\u0161koden\u00e9 tesnenia a nefunk\u010dn\u00e9 ventily. Je nevyhnutn\u00e9 tieto probl\u00e9my v\u010das diagnostikova\u0165 a vyrie\u0161i\u0165, aby sa predi\u0161lo prestojom a n\u00e1kladn\u00fdm oprav\u00e1m. Potenci\u00e1lne probl\u00e9my m\u00f4\u017eu zn\u00ed\u017ei\u0165 aj vhodn\u00e9 prevent\u00edvne opatrenia, ako je pravideln\u00e1 \u00fadr\u017eba a kontrola.<\/p>\n<p><img decoding=\"async\" src=\"https:\/\/www.hydraulic-cylinders.net\/wp-content\/uploads\/2025\/01\/songte-bushings-with-all-kinds-of-excavator-models.webp\" alt=\"Puzdr\u00e1 hydraulick\u00fdch valcov\"><\/p>\n<h2>O na\u0161ej spolo\u010dnosti<\/h2>\n<p>Sme popredn\u00fdm v\u00fdrobcom a ve\u013ekoobchodn\u00fdm distrib\u00fatorom hydraulick\u00fdch valcov vr\u00e1tane kore\u010dkov\u00fdch valcov. Riadime sa z\u00e1sadami vynikaj\u00facej kvality a spoliehame sa na strat\u00e9giu riadenia priemyselnej v\u00fdroby sofistikovanej v\u00fdrobnej dielne. Na\u0161a spolo\u010dnos\u0165 neust\u00e1le zlep\u0161uje svoje v\u00fdrobn\u00e9 platformy, zdokona\u013euje v\u00fdrobn\u00e9 linky zameran\u00e9 na kvalitu v\u00fdrobkov a m\u00e1 siln\u00e9 kreat\u00edvne a efekt\u00edvne schopnosti na uspokojenie rozmanit\u00fdch potrieb z\u00e1kazn\u00edkov. Pon\u00fakame profesion\u00e1lne, medzin\u00e1rodn\u00e9 a prisp\u00f4soben\u00e9 slu\u017eby, disponujeme modern\u00fdm v\u00fdrobn\u00fdm zariaden\u00edm a poskytujeme popredajn\u00fd servis.<\/p>\n<p><img decoding=\"async\" src=\"https:\/\/hzpt.com\/wp-content\/uploads\/2024\/11\/songte-company-1.webp\" alt=\"Obr\u00e1zok spolo\u010dnosti\"><\/p>\n<p>Na\u0161a spolo\u010dnos\u0165 tie\u017e pon\u00faka:<\/p>\n<ul>\n<li>Profesionalita: M\u00e1me t\u00edm odborn\u00edkov s dlhoro\u010dn\u00fdmi sk\u00fasenos\u0165ami v oblasti hydraulick\u00fdch valcov.<\/li>\n<li>Medzin\u00e1rodn\u00e1 certifik\u00e1cia: Na\u0161e v\u00fdrobky z\u00edskali medzin\u00e1rodn\u00e9 certifik\u00e1cie ako CE a ISO.<\/li>\n<li>Slu\u017eby prisp\u00f4sobenia: Pon\u00fakame rie\u0161enia hydraulick\u00fdch valcov na mieru, ktor\u00e9 sp\u013a\u0148aj\u00fa \u0161pecifick\u00e9 po\u017eiadavky z\u00e1kazn\u00edka.<\/li>\n<li>V\u00fdrobn\u00e9 zariadenia: M\u00e1me modern\u00e9 v\u00fdrobn\u00e9 zariadenia, ako s\u00fa CNC stroje, zv\u00e1racie stroje a honovacie stroje.<\/li>\n<li>Popredajn\u00fd servis: Poskytujeme popredajn\u00fd servis vr\u00e1tane opr\u00e1v a v\u00fdmeny dielov.<\/li>\n<\/ul>\n<p>Autor: lyl.<\/p>","protected":false},"excerpt":{"rendered":"<p>Bucket Cylinder For World Small Excavator W235 Introduction The bucket cylinder, also known as a hydraulic cylinder, is a specially designed hydraulic actuator that primarily controls the movement of the bucket in heavy machinery such as excavators, backhoes, and front loaders. Its main function is to lift, lower and tilt the bucket, making it easier [&hellip;]<\/p>","protected":false},"featured_media":14782,"comment_status":"open","ping_status":"closed","template":"","meta":{"_et_pb_use_builder":"","_et_pb_old_content":"","_et_gb_content_width":""},"product_brand":[],"product_cat":[1494],"product_tag":[1495,1496],"class_list":{"0":"post-15737","1":"product","2":"type-product","3":"status-publish","4":"has-post-thumbnail","6":"product_cat-bucket-cylinders","7":"product_tag-bucket-cylinders","8":"product_tag-hydraulic-cylinders","10":"first","11":"instock","12":"shipping-taxable","13":"product-type-simple"},"amp_enabled":true,"_links":{"self":[{"href":"https:\/\/www.hydraulic-cylinders.net\/sk\/wp-json\/wp\/v2\/product\/15737","targetHints":{"allow":["GET"]}}],"collection":[{"href":"https:\/\/www.hydraulic-cylinders.net\/sk\/wp-json\/wp\/v2\/product"}],"about":[{"href":"https:\/\/www.hydraulic-cylinders.net\/sk\/wp-json\/wp\/v2\/types\/product"}],"replies":[{"embeddable":true,"href":"https:\/\/www.hydraulic-cylinders.net\/sk\/wp-json\/wp\/v2\/comments?post=15737"}],"wp:featuredmedia":[{"embeddable":true,"href":"https:\/\/www.hydraulic-cylinders.net\/sk\/wp-json\/wp\/v2\/media\/14782"}],"wp:attachment":[{"href":"https:\/\/www.hydraulic-cylinders.net\/sk\/wp-json\/wp\/v2\/media?parent=15737"}],"wp:term":[{"taxonomy":"product_brand","embeddable":true,"href":"https:\/\/www.hydraulic-cylinders.net\/sk\/wp-json\/wp\/v2\/product_brand?post=15737"},{"taxonomy":"product_cat","embeddable":true,"href":"https:\/\/www.hydraulic-cylinders.net\/sk\/wp-json\/wp\/v2\/product_cat?post=15737"},{"taxonomy":"product_tag","embeddable":true,"href":"https:\/\/www.hydraulic-cylinders.net\/sk\/wp-json\/wp\/v2\/product_tag?post=15737"}],"curies":[{"name":"pracovn\u00fd list","href":"https:\/\/api.w.org\/{rel}","templated":true}]}}