{"id":15739,"date":"2025-01-19T14:54:52","date_gmt":"2025-01-19T14:54:52","guid":{"rendered":"https:\/\/www.hydraulic-cylinders.net\/product\/bucket-cylinder-for-world-small-excavator-w265e-8\/"},"modified":"2025-01-19T14:54:54","modified_gmt":"2025-01-19T14:54:54","slug":"bucket-cylinder-for-world-small-excavator-w265e-8","status":"publish","type":"product","link":"https:\/\/www.hydraulic-cylinders.net\/sk\/produkt\/bucket-cylinder-for-world-small-excavator-w265e-8\/","title":{"rendered":"Valec vedra pre svetov\u00e9 mal\u00e9 r\u00fdpadlo W265E-8"},"content":{"rendered":"<p><!DOCTYPE html><br \/>\n<html><br \/>\n<head><br \/>\n<title>Valec vedra pre svetov\u00e9 mal\u00e9 r\u00fdpadlo W265E-8<\/title><br \/>\n<\/head><br \/>\n<body><\/p>\n<h1>Valec vedra pre svetov\u00e9 mal\u00e9 r\u00fdpadlo W265E-8<\/h1>\n<h2>\u00davod<\/h2>\n<p>Hydraulick\u00fd valec ly\u017eice je \u0161peci\u00e1lne navrhnut\u00fd hydraulick\u00fd valec pou\u017e\u00edvan\u00fd na ovl\u00e1danie pohybu ly\u017eice v \u0165a\u017ek\u00fdch strojoch, ako s\u00fa bagre, r\u00fdpadlo-naklada\u010de a \u010deln\u00e9 naklada\u010de. Jeho hlavnou funkciou je umo\u017eni\u0165 zdv\u00edhanie, sp\u00fa\u0161\u0165anie a nakl\u00e1\u0148anie ly\u017eice, v\u010faka \u010domu je vhodn\u00e1 na r\u00f4zne \u00falohy manipul\u00e1cie s materi\u00e1lom. V hydraulick\u00fdch syst\u00e9moch dosahuje valec ly\u017eice presn\u00e9 ovl\u00e1danie ly\u017eice vyu\u017eit\u00edm zmien tlaku hydraulick\u00e9ho oleja, \u010do umo\u017e\u0148uje obsluhe efekt\u00edvne manipulova\u0165 s \u0165a\u017ek\u00fdmi bremenami a prisp\u00f4sobi\u0165 sa zlo\u017eit\u00fdm pracovn\u00fdm prostrediam a r\u00f4znorod\u00fdm po\u017eiadavk\u00e1m pr\u00e1ce.<\/p>\n<p><img decoding=\"async\" src=\"https:\/\/www.hydraulic-cylinders.net\/wp-content\/uploads\/2025\/01\/songte-company-2.webp\" alt=\"Obr\u00e1zok valca vedra\"><\/p>\n<h2>Funkcie<\/h2>\n<ul>\n<li>Vysok\u00e1 pevnos\u0165 a odolnos\u0165: Zvy\u010dajne vyroben\u00e9 z vysokopevnostnej ocele alebo hlin\u00edka, schopn\u00e9 odol\u00e1va\u0165 vysok\u00e9mu tlaku a \u0165a\u017ek\u00e9mu za\u0165a\u017eeniu, prisp\u00f4sobi\u0165 sa n\u00e1ro\u010dn\u00fdm pracovn\u00fdm podmienkam a navrhnut\u00e9 s oh\u013eadom na odolnos\u0165 proti opotrebovaniu a kor\u00f3zii, aby sa pred\u013a\u017eila \u017eivotnos\u0165.<\/li>\n<li>Efekt\u00edvna hydraulick\u00e1 prev\u00e1dzka: Vyu\u017e\u00edva tlak hydraulick\u00e9ho oleja na dosiahnutie plynul\u00e9ho vys\u00favania a zas\u00favania, \u010do umo\u017e\u0148uje r\u00fdchlu reakciu na ovl\u00e1dacie povely a poskytuje siln\u00e9 tla\u010dn\u00e9 a \u0165a\u017en\u00e9 sily, vhodn\u00e9 na manipul\u00e1ciu s \u0165a\u017ek\u00fdmi bremenami a zlo\u017eit\u00fdmi pracovn\u00fdmi \u00falohami.<\/li>\n<li>R\u00f4zne typy: Dostupn\u00e9 s jedno\u010dinn\u00fdmi (hydraulicky ovl\u00e1dan\u00e9 iba v jednom smere) alebo dvoj\u010dinn\u00fdmi (hydraulicky ovl\u00e1dan\u00e9 v oboch smeroch) valcami pod\u013ea po\u017eiadaviek, \u010do umo\u017e\u0148uje r\u00f4zne prev\u00e1dzkov\u00e9 potreby, pri\u010dom niektor\u00e9 modely s\u00fa teleskopick\u00e9, \u010do umo\u017e\u0148uje v\u00e4\u010d\u0161ie vysunutie bez zv\u00e4\u010d\u0161enia vonkaj\u0161\u00edch rozmerov, vhodn\u00e9 pre aplik\u00e1cie s obmedzen\u00fdm priestorom.<\/li>\n<li>Dokonal\u00e1 n\u00e1hrada: N\u00e1\u0161 produkt dok\u00e1\u017ee dokonale nahradi\u0165 tieto hydraulick\u00e9 valce.<\/li>\n<\/ul>\n<p><img decoding=\"async\" src=\"https:\/\/www.hydraulic-cylinders.net\/wp-content\/uploads\/2025\/01\/songte-cylinder-head-with-all-kinds-excavator-models.webp\" alt=\"Obr\u00e1zok v\u00fdmeny valca vedra\"><\/p>\n<h2>Aplik\u00e1cie<\/h2>\n<h3>Stavebn\u00e9 stroje<\/h3>\n<p>V bagroch s\u00fa nevyhnutn\u00e9 na kopanie, nakladanie a premiest\u0148ovanie zeminy alebo sutiny. V r\u00fdpadlo-naklada\u010doch pom\u00e1ha valec ly\u017eice pri v\u00fdkopov\u00fdch pr\u00e1cach aj zdv\u00edhan\u00ed.<\/p>\n<h3>Po\u013enohospod\u00e1rske stroje<\/h3>\n<p>Pou\u017e\u00edva sa v \u010deln\u00fdch naklada\u010doch na naberanie, zdv\u00edhanie a prepravu p\u00f4dy, sena a in\u00fdch materi\u00e1lov.<\/p>\n<h3>R\u00fdpadl\u00e1<\/h3>\n<p>Valec ly\u017eice umo\u017e\u0148uje kopanie t\u00fdm, \u017ee umo\u017e\u0148uje ly\u017eici prenikn\u00fa\u0165 do p\u00f4dy.<\/p>\n<h3>Naklada\u010de<\/h3>\n<p>V \u010deln\u00fdch naklada\u010doch pom\u00e1haj\u00fa pri efekt\u00edvnom zdv\u00edhan\u00ed a vykladan\u00ed tovaru.<\/p>\n<p><img decoding=\"async\" src=\"https:\/\/www.hydraulic-cylinders.net\/wp-content\/uploads\/2025\/01\/songte-oil-pipes-and-spare-parts.webp\" alt=\"Obr\u00e1zok aplik\u00e1cie valca vedra\"><\/p>\n<h2>\u00davahy o dizajne a krit\u00e9ri\u00e1 v\u00fdberu<\/h2>\n<ul>\n<li>Nosnos\u0165: Diskutujte o schopnosti valca spracova\u0165 zadan\u00e9 k\u013e\u00fa\u010dov\u00e9 slov\u00e1.<\/li>\n<li>Tesnenie: Vysvetlite d\u00f4le\u017eitos\u0165 spr\u00e1vneho utesnenia, aby sa zabr\u00e1nilo \u00faniku a zabezpe\u010dila sa efekt\u00edvna prev\u00e1dzka valca.<\/li>\n<li>Trvanlivos\u0165: Diskutujte o schopnosti valca odol\u00e1va\u0165 opotrebovaniu a kor\u00f3zii pri dlhodobom pou\u017e\u00edvan\u00ed.<\/li>\n<li>Bezpe\u010dnos\u0165: Zd\u00f4raznite bezpe\u010dnostn\u00e9 prvky zabudovan\u00e9 do kon\u0161trukcie valca na ochranu obsluhy a prevenciu neh\u00f4d.<\/li>\n<li>\u00dadr\u017eba: Diskutujte o jednoduchosti \u00fadr\u017eby a opr\u00e1v a poskytnite tipy na pravideln\u00e9 kontroly, mazanie a v\u00fdmenu tesnen\u00ed.<\/li>\n<\/ul>\n<p><img decoding=\"async\" src=\"https:\/\/www.hydraulic-cylinders.net\/wp-content\/uploads\/2025\/01\/songte-bushings-with-all-kinds-of-excavator-models.webp\" alt=\"Obr\u00e1zok n\u00e1vrhu valca vedra\"><\/p>\n<h2>Tesnenie a mazanie<\/h2>\n<p>Pou\u017e\u00edvaj\u00fa sa r\u00f4zne tesniace komponenty, ako s\u00fa tesnenia piestov a tesnenia ty\u010d\u00ed, vyroben\u00e9 z materi\u00e1lov odoln\u00fdch vo\u010di opotrebovaniu, ako je polyuret\u00e1n a nitrilov\u00fd kau\u010duk. Teleso valca a z\u00e1vitov\u00e9 konce prech\u00e1dzaj\u00fa jemn\u00fdm o\u0161etren\u00edm na zv\u00fd\u0161enie odolnosti vo\u010di opotrebovaniu. Na zabezpe\u010denie hladk\u00e9ho chodu je potrebn\u00e9 pravideln\u00e9 mazanie vhodn\u00fdm mno\u017estvom hydraulick\u00e9ho oleja.<\/p>\n<h2>Kontrola a prevent\u00edvna \u00fadr\u017eba<\/h2>\n<p>Pravideln\u00e9 kontroly a prevent\u00edvna \u00fadr\u017eba s\u00fa nevyhnutn\u00e9 na zabezpe\u010denie optim\u00e1lneho v\u00fdkonu a dlhej \u017eivotnosti valca s vedrom. Medzi odpor\u00fa\u010dan\u00e9 opatrenia patria:<\/p>\n<ul>\n<li>Pravidelne kontrolujte, \u010di sa nevyskytn\u00fa nejak\u00e9 zn\u00e1mky \u00faniku alebo po\u0161kodenia<\/li>\n<li>Spr\u00e1vne mazanie v pl\u00e1novan\u00fdch intervaloch<\/li>\n<li>V\u00fdmena tesnen\u00ed v pr\u00edpade potreby<\/li>\n<li>Kalibra\u010dn\u00e9 kontroly pre presn\u00fa prev\u00e1dzku<\/li>\n<\/ul>\n<p><img decoding=\"async\" src=\"https:\/\/www.hydraulic-cylinders.net\/wp-content\/uploads\/2025\/01\/songte-chushion-collar.webp\" alt=\"Obr\u00e1zok \u00fadr\u017eby valca vedra\"><\/p>\n<h2>Bezpe\u010dnostn\u00e9 aspekty a faktory prostredia<\/h2>\n<p>Pri pou\u017e\u00edvan\u00ed valca s vedrom je nevyhnutn\u00e9 uprednostni\u0165 bezpe\u010dnostn\u00e9 opatrenia na ochranu obsluhy a predch\u00e1dzanie nehod\u00e1m. D\u00f4le\u017eit\u00fdmi faktormi, ktor\u00e9 treba zv\u00e1\u017ei\u0165, s\u00fa primeran\u00e9 \u0161kolenie, dodr\u017eiavanie spr\u00e1vnych prev\u00e1dzkov\u00fdch postupov a pou\u017e\u00edvanie vhodn\u00e9ho bezpe\u010dnostn\u00e9ho vybavenia. Okrem toho, zoh\u013eadnenie environment\u00e1lnych faktorov, ako je zn\u00ed\u017eenie hluku a energetick\u00e1 \u00fa\u010dinnos\u0165, m\u00f4\u017ee prispie\u0165 k udr\u017eate\u013enej\u0161ej prev\u00e1dzke.<\/p>\n<h2>Rie\u0161enie probl\u00e9mov a be\u017en\u00e9 probl\u00e9my<\/h2>\n<p>Diskutujte o be\u017en\u00fdch tipoch na rie\u0161enie probl\u00e9mov a poskytnite rie\u0161enia be\u017en\u00fdch probl\u00e9mov, s ktor\u00fdmi sa m\u00f4\u017eu pou\u017e\u00edvatelia stretn\u00fa\u0165 pri pou\u017e\u00edvan\u00ed valca. Pon\u00faknite prevent\u00edvne opatrenia na minimaliz\u00e1ciu potenci\u00e1lnych probl\u00e9mov.<\/p>\n<p><img decoding=\"async\" src=\"https:\/\/www.hydraulic-cylinders.net\/wp-content\/uploads\/2025\/01\/songte-bushings-with-all-kinds-of-excavator-models.webp\" alt=\"Obr\u00e1zok rie\u0161enia probl\u00e9mov s valcom vedra\"><\/p>\n<h2>Z\u00e1ver<\/h2>\n<p>Na\u0161a spolo\u010dnos\u0165 je popredn\u00fdm v\u00fdrobcom a ve\u013ekoobchodn\u00fdm distrib\u00fatorom hydraulick\u00fdch valcov na dom\u00e1com aj medzin\u00e1rodnom trhu. Uprednost\u0148ujeme vynikaj\u00facu kvalitu a implementujeme strat\u00e9gie riadenia priemyselnej v\u00fdroby v na\u0161ich modern\u00fdch v\u00fdrobn\u00fdch diel\u0148ach. V\u010faka na\u0161im technick\u00fdm znalostiam, najmodernej\u0161\u00edm v\u00fdrobn\u00fdm zariadeniam a profesion\u00e1lnym testovac\u00edm syst\u00e9mom neust\u00e1le zlep\u0161ujeme na\u0161u v\u00fdrobn\u00fa platformu a v\u00fdrobn\u00e9 postupy zameran\u00e9 na kvalitu v\u00fdrobkov. M\u00e1me siln\u00fa schopnos\u0165 uspokoji\u0165 rozmanit\u00e9 potreby z\u00e1kazn\u00edkov s vysokou efektivitou, presnos\u0165ou a kvalitou.<\/p>\n<p><img decoding=\"async\" src=\"https:\/\/www.hydraulic-cylinders.net\/wp-content\/uploads\/2025\/01\/songte-company-3.webp\" alt=\"Obr\u00e1zok spolo\u010dnosti\"><\/p>\n<h3>Preh\u013ead spolo\u010dnosti<\/h3>\n<ul>\n<li>Profesionalita<\/li>\n<li>Medzin\u00e1rodn\u00e9 certifik\u00e1cie<\/li>\n<li>Slu\u017eby prisp\u00f4sobenia<\/li>\n<li>V\u00fdrobn\u00e9 zariadenia<\/li>\n<li>Popredajn\u00fd servis<\/li>\n<\/ul>\n<p>Autor: lyl<\/p>\n<p><\/body><br \/>\n<\/html><\/p>","protected":false},"excerpt":{"rendered":"<p>Bucket Cylinder For World Small Excavator W265E-8 Bucket Cylinder For World Small Excavator W265E-8 Introduction The bucket cylinder is a specially designed hydraulic cylinder used to control the movement of the bucket in heavy machinery such as excavators, backhoe loaders, and front loaders. Its primary function is to enable the lifting, lowering, and tilting of [&hellip;]<\/p>","protected":false},"featured_media":14778,"comment_status":"open","ping_status":"closed","template":"","meta":{"_et_pb_use_builder":"","_et_pb_old_content":"","_et_gb_content_width":""},"product_brand":[],"product_cat":[1494],"product_tag":[1495,1496],"class_list":{"0":"post-15739","1":"product","2":"type-product","3":"status-publish","4":"has-post-thumbnail","6":"product_cat-bucket-cylinders","7":"product_tag-bucket-cylinders","8":"product_tag-hydraulic-cylinders","10":"first","11":"instock","12":"shipping-taxable","13":"product-type-simple"},"amp_enabled":true,"_links":{"self":[{"href":"https:\/\/www.hydraulic-cylinders.net\/sk\/wp-json\/wp\/v2\/product\/15739","targetHints":{"allow":["GET"]}}],"collection":[{"href":"https:\/\/www.hydraulic-cylinders.net\/sk\/wp-json\/wp\/v2\/product"}],"about":[{"href":"https:\/\/www.hydraulic-cylinders.net\/sk\/wp-json\/wp\/v2\/types\/product"}],"replies":[{"embeddable":true,"href":"https:\/\/www.hydraulic-cylinders.net\/sk\/wp-json\/wp\/v2\/comments?post=15739"}],"wp:featuredmedia":[{"embeddable":true,"href":"https:\/\/www.hydraulic-cylinders.net\/sk\/wp-json\/wp\/v2\/media\/14778"}],"wp:attachment":[{"href":"https:\/\/www.hydraulic-cylinders.net\/sk\/wp-json\/wp\/v2\/media?parent=15739"}],"wp:term":[{"taxonomy":"product_brand","embeddable":true,"href":"https:\/\/www.hydraulic-cylinders.net\/sk\/wp-json\/wp\/v2\/product_brand?post=15739"},{"taxonomy":"product_cat","embeddable":true,"href":"https:\/\/www.hydraulic-cylinders.net\/sk\/wp-json\/wp\/v2\/product_cat?post=15739"},{"taxonomy":"product_tag","embeddable":true,"href":"https:\/\/www.hydraulic-cylinders.net\/sk\/wp-json\/wp\/v2\/product_tag?post=15739"}],"curies":[{"name":"pracovn\u00fd list","href":"https:\/\/api.w.org\/{rel}","templated":true}]}}