{"id":15741,"date":"2025-01-19T14:55:00","date_gmt":"2025-01-19T14:55:00","guid":{"rendered":"https:\/\/www.hydraulic-cylinders.net\/product\/bucket-cylinder-for-world-small-excavator-w2150-8\/"},"modified":"2025-01-19T14:55:02","modified_gmt":"2025-01-19T14:55:02","slug":"bucket-cylinder-for-world-small-excavator-w2150-8","status":"publish","type":"product","link":"https:\/\/www.hydraulic-cylinders.net\/sk\/produkt\/bucket-cylinder-for-world-small-excavator-w2150-8\/","title":{"rendered":"Valec vedra pre svetov\u00e9 mal\u00e9 r\u00fdpadlo W2150-8"},"content":{"rendered":"<h1>Valec vedra pre svetov\u00e9 mal\u00e9 r\u00fdpadlo W2150-8<\/h1>\n<h2>\u00davod<\/h2>\n<p>Hydraulick\u00fd valec ly\u017eice je typ \u0161pecializovan\u00e9ho hydraulick\u00e9ho valca, ktor\u00fd sa pou\u017e\u00edva predov\u0161etk\u00fdm na ovl\u00e1danie pohybu ly\u017eice v \u0165a\u017ek\u00fdch strojoch, ako s\u00fa bagre, r\u00fdpadlo-naklada\u010de a \u010deln\u00e9 naklada\u010de. Jeho hlavnou funkciou je umo\u017eni\u0165 zdv\u00edhanie, sp\u00fa\u0161\u0165anie a nakl\u00e1\u0148anie ly\u017eice, \u010do u\u013eah\u010duje vykon\u00e1vanie r\u00f4znych \u00faloh manipul\u00e1cie s materi\u00e1lom. V hydraulickom syst\u00e9me valec ly\u017eice vyu\u017e\u00edva zmenu tlaku hydraulick\u00e9ho oleja na dosiahnutie presn\u00e9ho ovl\u00e1dania ly\u017eice, \u010do umo\u017e\u0148uje obsluhe efekt\u00edvne manipulova\u0165 s \u0165a\u017ek\u00fdmi bremenami a prisp\u00f4sobi\u0165 sa zlo\u017eit\u00fdm pracovn\u00fdm prostrediam a r\u00f4znorod\u00fdm po\u017eiadavk\u00e1m pr\u00e1ce.<\/p>\n<p><img decoding=\"async\" src=\"https:\/\/www.hydraulic-cylinders.net\/wp-content\/uploads\/2025\/01\/songte-company-2.webp\" alt=\"Obr\u00e1zok valca vedra\"><\/p>\n<h2>Funkcie<\/h2>\n<ul>\n<li>\n<h3>Vysok\u00e1 pevnos\u0165 a odolnos\u0165<\/h3>\n<p>Valec vedra je zvy\u010dajne vyroben\u00fd z vysokopevnostnej ocele alebo hlin\u00edka, ktor\u00fd odol\u00e1 vysok\u00e9mu tlaku a \u0165a\u017ek\u00fdm za\u0165a\u017eeniam, prisp\u00f4sob\u00ed sa n\u00e1ro\u010dn\u00fdm pracovn\u00fdm podmienkam a je navrhnut\u00fd tak, aby odol\u00e1val opotrebovaniu a kor\u00f3zii, aby sa pred\u013a\u017eila jeho \u017eivotnos\u0165.<\/p>\n<\/li>\n<li>\n<h3>Efekt\u00edvna hydraulick\u00e1 prev\u00e1dzka<\/h3>\n<p>Valec ly\u017eice vyu\u017e\u00edva hydraulick\u00fd tlak oleja na dosiahnutie plynul\u00e9ho teleskopick\u00e9ho pohybu, ktor\u00fd dok\u00e1\u017ee r\u00fdchlo reagova\u0165 na ovl\u00e1dacie povely, poskytova\u0165 siln\u00e9 tla\u010dn\u00e9 a \u0165a\u017en\u00e9 sily a je vhodn\u00fd na manipul\u00e1ciu s \u0165a\u017ek\u00fdmi bremenami a zlo\u017eit\u00fdmi pracovn\u00fdmi \u00falohami.<\/p>\n<\/li>\n<li>\n<h3>R\u00f4zne typy<\/h3>\n<p>Valec kor\u010deka si m\u00f4\u017ee vybra\u0165 jedno\u010dinn\u00fd (hydraulick\u00fd pohon pou\u017e\u00edvan\u00fd iba v jednom smere) alebo dvoj\u010dinn\u00fd (hydraulick\u00fd pohon pou\u017e\u00edvan\u00fd v oboch smeroch) valec pod\u013ea potrieb a prev\u00e1dzkov\u00fdch po\u017eiadaviek. Niektor\u00e9 modely s\u00fa teleskopick\u00e9, \u010do umo\u017e\u0148uje v\u00e4\u010d\u0161ie vysunutie bez zv\u00e4\u010d\u0161enia vonkaj\u0161\u00edch rozmerov, v\u010faka \u010domu s\u00fa vhodn\u00e9 pre aplik\u00e1cie s obmedzen\u00fdm priestorom.<\/p>\n<\/li>\n<li>\n<h3>Vymenite\u013en\u00e9<\/h3>\n<p>Na\u0161e produkty dok\u00e1\u017eu dokonale nahradi\u0165 tieto hydraulick\u00e9 valce a my vieme tento produkt vyrobi\u0165.<\/p>\n<p>    <img decoding=\"async\" src=\"https:\/\/www.hydraulic-cylinders.net\/wp-content\/uploads\/2025\/01\/songte-cylinder-head-with-all-kinds-excavator-models.webp\" alt=\"Obr\u00e1zok hlavy valcov\">\n  <\/li>\n<li>\n<h3>\u0160irok\u00fd rozsah aplik\u00e1ci\u00ed<\/h3>\n<p>Valec vedra sa \u0161iroko pou\u017e\u00edva v r\u00f4znych oblastiach, ako s\u00fa stavebn\u00e9 stroje, po\u013enohospod\u00e1rske stroje, r\u00fdpadl\u00e1 a naklada\u010de.<\/p>\n<\/li>\n<\/ul>\n<h2>\u00davahy o dizajne a krit\u00e9ri\u00e1 v\u00fdberu<\/h2>\n<ul>\n<li>\n<h3>Nosnos\u0165<\/h3>\n<p>Valec vedra by mal ma\u0165 dostato\u010dn\u00fa nosnos\u0165, aby odolal tlaku a za\u0165a\u017eeniu stroja bez deform\u00e1cie alebo poruchy.<\/p>\n<\/li>\n<li>\n<h3>Tesniaci v\u00fdkon<\/h3>\n<p>Valec vedra mus\u00ed by\u0165 utesnen\u00fd, aby sa zabr\u00e1nilo \u00faniku oleja a vniknutiu prachu, \u010do m\u00f4\u017ee ovplyvni\u0165 norm\u00e1lnu prev\u00e1dzku valca a skr\u00e1ti\u0165 jeho \u017eivotnos\u0165.<\/p>\n<\/li>\n<li>\n<h3>Trvanlivos\u0165<\/h3>\n<p>Valec vedra by mal by\u0165 navrhnut\u00fd z materi\u00e1lov odoln\u00fdch vo\u010di opotrebovaniu a kor\u00f3zii, aby sa pred\u013a\u017eila jeho \u017eivotnos\u0165, najm\u00e4 v n\u00e1ro\u010dn\u00fdch pracovn\u00fdch prostrediach.<\/p>\n<\/li>\n<li>\n<h3>Bezpe\u010dnos\u0165<\/h3>\n<p>Valec s vedrom mus\u00ed by\u0165 navrhnut\u00fd s bezpe\u010dnostn\u00fdmi prvkami, ako s\u00fa pretlakov\u00e9 ventily a n\u00fadzov\u00e9 vyp\u00edna\u010de, aby sa predi\u0161lo nehod\u00e1m po\u010das prev\u00e1dzky.<\/p>\n<\/li>\n<li>\n<h3>Udr\u017eiavate\u013enos\u0165<\/h3>\n<p>Valec vedra by mal by\u0165 navrhnut\u00fd pre jednoduch\u00fa \u00fadr\u017ebu, ako s\u00fa r\u00fdchlovymenite\u013en\u00e9 tesnenia a \u013eahko dostupn\u00e9 mont\u00e1\u017ene skrutky, aby sa skr\u00e1til \u010das a n\u00e1klady na \u00fadr\u017ebu.<\/p>\n<p>    <img decoding=\"async\" src=\"https:\/\/www.hydraulic-cylinders.net\/wp-content\/uploads\/2025\/01\/songte-oil-pipes-and-spare-parts.webp\" alt=\"Obr\u00e1zok olejov\u00fdch potrub\u00ed a n\u00e1hradn\u00fdch dielov\">\n  <\/li>\n<\/ul>\n<h2>Tesnenie a mazanie<\/h2>\n<p>Valec kor\u010deka pou\u017e\u00edva r\u00f4zne tesnenia, ako s\u00fa piestne tesnenia a tesnenia ty\u010d\u00ed, vyroben\u00e9 z materi\u00e1lov odoln\u00fdch proti opotrebovaniu, ako je polyuret\u00e1n a nitrilov\u00fd kau\u010duk, na zabezpe\u010denie tesniaceho \u00fa\u010dinku. Teleso valca a povrch z\u00e1vitu s\u00fa jemne opracovan\u00e9 pre zlep\u0161enie odolnosti proti opotrebovaniu a na mazanie je potrebn\u00e9 pravidelne prid\u00e1va\u0165 vhodn\u00fd hydraulick\u00fd olej.<\/p>\n<h2>\u00dadr\u017eba a opravy<\/h2>\n<p>Pravideln\u00e1 kontrola, spr\u00e1vne mazanie, v\u00fdmena tesnenia a kalibra\u010dn\u00e9 kontroly s\u00fa be\u017en\u00fdmi \u00falohami \u00fadr\u017eby valca s ko\u0161\u00edkom. Spr\u00e1vna in\u0161tal\u00e1cia, mazanie a nastavenie s\u00fa nevyhnutn\u00e9 a po\u010das in\u0161tal\u00e1cie je potrebn\u00e9 dodr\u017eiava\u0165 pokyny na spr\u00e1vne zarovnanie. Na upevnenie valca sa odpor\u00fa\u010daj\u00fa spr\u00e1vne mont\u00e1\u017ene konzoly. Na pred\u013a\u017eenie \u017eivotnosti valca s ko\u0161\u00edkom s\u00fa uveden\u00e9 odpor\u00fa\u010dan\u00e9 postupy kontroly, opravy a v\u00fdmeny.<\/p>\n<p><img decoding=\"async\" src=\"https:\/\/www.hydraulic-cylinders.net\/wp-content\/uploads\/2025\/01\/songte-chushion-collar.webp\" alt=\"Obr\u00e1zok vank\u00fa\u0161ov\u00e9ho goliera\"><\/p>\n<h2>Bezpe\u010dnostn\u00e9 a environment\u00e1lne aspekty<\/h2>\n<p>Pri pou\u017e\u00edvan\u00ed vedrov\u00e9ho valca s\u00fa d\u00f4le\u017eit\u00e9 bezpe\u010dnostn\u00e9 opatrenia, aby sa predi\u0161lo nehod\u00e1m. Medzi environment\u00e1lne aspekty patr\u00ed pou\u017e\u00edvanie ekologick\u00fdch materi\u00e1lov a spr\u00e1vna likvid\u00e1cia odpadu.<\/p>\n<h2>Rie\u0161enie probl\u00e9mov a be\u017en\u00e9 probl\u00e9my<\/h2>\n<p>Medzi be\u017en\u00e9 probl\u00e9my s valcom vedra patr\u00ed \u00fanik oleja, nedostato\u010dn\u00fd tlak a nedostato\u010dn\u00e1 teleskopick\u00e1 sila. S\u00fa tu uveden\u00e9 tipy na rie\u0161enie probl\u00e9mov a rie\u0161enia na diagnostiku a rie\u0161enie probl\u00e9mov, ako aj prevent\u00edvne opatrenia na minimaliz\u00e1ciu potenci\u00e1lnych probl\u00e9mov.<\/p>\n<p><img decoding=\"async\" src=\"https:\/\/www.hydraulic-cylinders.net\/wp-content\/uploads\/2025\/01\/songte-bushings-with-all-kinds-of-excavator-models.webp\" alt=\"Obr\u00e1zok puzdier\"><\/p>\n<h2>O na\u0161ej spolo\u010dnosti<\/h2>\n<p>Sme v\u00fdrobcom n\u00e1hradn\u00fdch hydraulick\u00fdch valcov so \u0161irokou \u0161k\u00e1lou produktov a stali sme sa jedn\u00fdm z popredn\u00fdch v\u00fdrobcov a ve\u013ekoobchodn\u00fdch distrib\u00fatorov hydraulick\u00fdch valcov na dom\u00e1com aj medzin\u00e1rodnom trhu. Dodr\u017eiavame princ\u00edpy excelentnosti a spoliehame sa na strat\u00e9giu industrializovan\u00e9ho riadenia v\u00fdroby v r\u00e1mci jemnej v\u00fdrobnej dielne. Neust\u00e1le zlep\u0161ujeme v\u00fdrobn\u00fa platformu dielne, zlep\u0161ujeme kvalitu v\u00fdroby produktov a m\u00e1me siln\u00e9 v\u00fdrobn\u00e9 kapacity. Sp\u013a\u0148ame rozmanit\u00e9 potreby na\u0161ich z\u00e1kazn\u00edkov s princ\u00edpmi vysokej efektivity, vysokej presnosti a vysokej kvality.<\/p>\n<p>Poskytujeme profesion\u00e1lne, medzin\u00e1rodn\u00e9 certifik\u00e1cie, prisp\u00f4soben\u00e9 slu\u017eby, v\u00fdrobn\u00e9 zariadenia a popredajn\u00e9 slu\u017eby s cie\u013eom roz\u0161\u00edri\u0165 p\u00f4sobnos\u0165 na\u0161ej spolo\u010dnosti.<\/p>\n<p><img decoding=\"async\" src=\"https:\/\/hzpt.com\/wp-content\/uploads\/2024\/11\/songte-company-1.webp\" alt=\"Obr\u00e1zok spolo\u010dnosti\"><\/p>\n<h2>Autor: lyl<\/h2>","protected":false},"excerpt":{"rendered":"<p>Bucket Cylinder For World Small Excavator W2150-8 Introduction The bucket cylinder is a type of specialized hydraulic cylinder that is primarily used to control the movement of the bucket in heavy machinery such as excavators, backhoe loaders, and front loaders. Its main function is to allow the bucket to be lifted, lowered, and tilted, making [&hellip;]<\/p>","protected":false},"featured_media":14773,"comment_status":"open","ping_status":"closed","template":"","meta":{"_et_pb_use_builder":"","_et_pb_old_content":"","_et_gb_content_width":""},"product_brand":[],"product_cat":[1494],"product_tag":[1495,1496],"class_list":{"0":"post-15741","1":"product","2":"type-product","3":"status-publish","4":"has-post-thumbnail","6":"product_cat-bucket-cylinders","7":"product_tag-bucket-cylinders","8":"product_tag-hydraulic-cylinders","10":"first","11":"instock","12":"shipping-taxable","13":"product-type-simple"},"amp_enabled":true,"_links":{"self":[{"href":"https:\/\/www.hydraulic-cylinders.net\/sk\/wp-json\/wp\/v2\/product\/15741","targetHints":{"allow":["GET"]}}],"collection":[{"href":"https:\/\/www.hydraulic-cylinders.net\/sk\/wp-json\/wp\/v2\/product"}],"about":[{"href":"https:\/\/www.hydraulic-cylinders.net\/sk\/wp-json\/wp\/v2\/types\/product"}],"replies":[{"embeddable":true,"href":"https:\/\/www.hydraulic-cylinders.net\/sk\/wp-json\/wp\/v2\/comments?post=15741"}],"wp:featuredmedia":[{"embeddable":true,"href":"https:\/\/www.hydraulic-cylinders.net\/sk\/wp-json\/wp\/v2\/media\/14773"}],"wp:attachment":[{"href":"https:\/\/www.hydraulic-cylinders.net\/sk\/wp-json\/wp\/v2\/media?parent=15741"}],"wp:term":[{"taxonomy":"product_brand","embeddable":true,"href":"https:\/\/www.hydraulic-cylinders.net\/sk\/wp-json\/wp\/v2\/product_brand?post=15741"},{"taxonomy":"product_cat","embeddable":true,"href":"https:\/\/www.hydraulic-cylinders.net\/sk\/wp-json\/wp\/v2\/product_cat?post=15741"},{"taxonomy":"product_tag","embeddable":true,"href":"https:\/\/www.hydraulic-cylinders.net\/sk\/wp-json\/wp\/v2\/product_tag?post=15741"}],"curies":[{"name":"pracovn\u00fd list","href":"https:\/\/api.w.org\/{rel}","templated":true}]}}