{"id":15743,"date":"2025-01-19T14:55:09","date_gmt":"2025-01-19T14:55:09","guid":{"rendered":"https:\/\/www.hydraulic-cylinders.net\/product\/bucket-cylinder-for-world-middle-excavator-w2225lc-8\/"},"modified":"2025-01-19T14:55:14","modified_gmt":"2025-01-19T14:55:14","slug":"bucket-cylinder-for-world-middle-excavator-w2225lc-8","status":"publish","type":"product","link":"https:\/\/www.hydraulic-cylinders.net\/sk\/produkt\/bucket-cylinder-for-world-middle-excavator-w2225lc-8\/","title":{"rendered":"Valec vedra pre bager World Middle W2225LC-8"},"content":{"rendered":"<h1>Valec vedra pre bager World Middle W2225LC-8<\/h1>\n<h2>\u00davod<\/h2>\n<p>Hydraulick\u00fd valec ly\u017eice pre bagre World Middle Excavator W2225LC-8 je \u0161peci\u00e1lne navrhnut\u00fd hydraulick\u00fd valec pou\u017e\u00edvan\u00fd na ovl\u00e1danie pohybu ly\u017e\u00edc v \u0165a\u017ek\u00fdch strojoch, ako s\u00fa bagre, r\u00fdpadl\u00e1-naklada\u010de a \u010deln\u00e9 naklada\u010de. Jeho hlavnou funkciou je umo\u017eni\u0165 zdv\u00edhanie, sp\u00fa\u0161\u0165anie a nakl\u00e1\u0148anie ly\u017eice, \u010do u\u013eah\u010duje vykon\u00e1vanie r\u00f4znych \u00faloh manipul\u00e1cie s materi\u00e1lom. V hydraulickom syst\u00e9me dosahuje valec ly\u017eice presn\u00e9 ovl\u00e1danie ly\u017eice prostredn\u00edctvom zmien tlaku hydraulick\u00e9ho oleja, \u010do umo\u017e\u0148uje obsluhe efekt\u00edvne manipulova\u0165 s \u0165a\u017ek\u00fdmi bremenami a prisp\u00f4sobova\u0165 sa zlo\u017eit\u00fdm pracovn\u00fdm prostrediam a r\u00f4znorod\u00fdm po\u017eiadavk\u00e1m na pr\u00e1cu.<\/p>\n<p><img decoding=\"async\" src=\"https:\/\/www.hydraulic-cylinders.net\/wp-content\/uploads\/2025\/01\/songte-company-2.webp\"><\/p>\n<h2>Funkcie<\/h2>\n<ul>\n<li>Vysok\u00e1 pevnos\u0165 a odolnos\u0165: Zvy\u010dajne s\u00fa vyroben\u00e9 z vysokopevnostnej ocele alebo hlin\u00edka, schopn\u00e9 odol\u00e1va\u0165 vysok\u00e9mu tlaku a \u0165a\u017ek\u00fdm za\u0165a\u017eeniam a s\u00fa navrhnut\u00e9 s oh\u013eadom na odolnos\u0165 vo\u010di opotrebovaniu a kor\u00f3zii, aby sa pred\u013a\u017eila \u017eivotnos\u0165.<\/li>\n<li>Efekt\u00edvna hydraulick\u00e1 prev\u00e1dzka: Plynul\u00e9 vys\u00favanie a s\u0165ahovanie dosiahnut\u00e9 tlakom hydraulick\u00e9ho oleja, r\u00fdchla odozva na ovl\u00e1dacie povely, poskytovanie silnej tla\u010dnej a \u0165a\u017enej sily, vhodn\u00e9 na manipul\u00e1ciu s \u0165a\u017ek\u00fdmi bremenami a zlo\u017eit\u00e9 pracovn\u00e9 \u00falohy.<\/li>\n<li>R\u00f4zne typy: Jedno\u010dinn\u00e9 (hydraulika sa pou\u017e\u00edva iba v jednom smere) alebo dvoj\u010dinn\u00e9 (hydraulika sa pou\u017e\u00edva v oboch smeroch) valce je mo\u017en\u00e9 vybra\u0165 pod\u013ea potrieb, aby sa splnili r\u00f4zne prev\u00e1dzkov\u00e9 po\u017eiadavky. Niektor\u00e9 modely s\u00fa teleskopick\u00e9, \u010do umo\u017e\u0148uje v\u00e4\u010d\u0161ie vysunutie bez zv\u00e4\u010d\u0161enia vonkaj\u0161\u00edch rozmerov, vhodn\u00e9 pre aplik\u00e1cie s obmedzen\u00fdm priestorom.<\/li>\n<li>Jednoduch\u00e1 v\u00fdmena: N\u00e1\u0161 produkt dok\u00e1\u017ee dokonale nahradi\u0165 tieto hydraulick\u00e9 valce.<\/li>\n<\/ul>\n<p><img decoding=\"async\" src=\"https:\/\/www.hydraulic-cylinders.net\/wp-content\/uploads\/2025\/01\/songte-cylinder-head-with-all-kinds-excavator-models.webp\"><\/p>\n<h2>Aplik\u00e1cie<\/h2>\n<p>Valec kor\u010deka sa be\u017ene pou\u017e\u00edva v stavebn\u00fdch strojoch, ako s\u00fa bagre, r\u00fdpadl\u00e1-naklada\u010de a \u010deln\u00e9 naklada\u010de. Tu je nieko\u013eko pr\u00edkladov:<\/p>\n<h3>Stavebn\u00e9 stroje<\/h3>\n<ul>\n<li><strong>R\u00fdpadl\u00e1:<\/strong> Valce ly\u017eice pom\u00e1haj\u00fa dosiahnu\u0165 kopac\u00ed \u00fa\u010dinok t\u00fdm, \u017ee umo\u017e\u0148uj\u00fa ly\u017eici prenikn\u00fa\u0165 do p\u00f4dy.<\/li>\n<li><strong>R\u00fdpadl\u00e1-bagre:<\/strong> Valec vedra pom\u00e1ha pri kopan\u00ed aj zdv\u00edhan\u00ed.<\/li>\n<li><strong>\u010celn\u00e9 naklada\u010de:<\/strong> Valce s ko\u0161\u00edkom pom\u00e1haj\u00fa pri efekt\u00edvnom zdv\u00edhan\u00ed a vykladan\u00ed materi\u00e1lov.<\/li>\n<\/ul>\n<h3>Po\u013enohospod\u00e1rske stroje<\/h3>\n<ul>\n<li><strong>\u010celn\u00e9 naklada\u010de:<\/strong> Pou\u017e\u00edva sa na nakladanie, zdv\u00edhanie a prepravu zeminy, sena a in\u00fdch materi\u00e1lov.<\/li>\n<\/ul>\n<h2>\u00davahy o dizajne a krit\u00e9ri\u00e1 v\u00fdberu<\/h2>\n<p>The bucket cylinder&#8217;s design takes into account several factors that ensure optimal performance. Here are some essential design considerations and selection criteria:<\/p>\n<h3>Nosnos\u0165<\/h3>\n<p>Valec mus\u00ed by\u0165 schopn\u00fd odola\u0165 vysok\u00e9mu tlaku a \u0165a\u017ek\u00fdm za\u0165a\u017eeniam.<\/p>\n<h3>Tesnenie<\/h3>\n<p>Valec mus\u00ed by\u0165 navrhnut\u00fd s vysoko kvalitn\u00fdmi tesneniami, ktor\u00e9 m\u00f4\u017eu zabr\u00e1ni\u0165 \u00faniku oleja a zabezpe\u010di\u0165 plynul\u00fd chod valca.<\/p>\n<h3>Trvanlivos\u0165<\/h3>\n<p>Valec mus\u00ed by\u0165 odoln\u00fd vo\u010di opotrebovaniu a kor\u00f3zii a schopn\u00fd odol\u00e1va\u0165 n\u00e1ro\u010dn\u00fdm pracovn\u00fdm podmienkam.<\/p>\n<h3>Bezpe\u010dnos\u0165<\/h3>\n<p>F\u013ea\u0161a by mala by\u0165 navrhnut\u00e1 tak, aby sa minimalizovalo riziko neh\u00f4d v d\u00f4sledku jej poruchy.<\/p>\n<h3>\u00dadr\u017eba<\/h3>\n<p>Valec by mal by\u0165 navrhnut\u00fd tak, aby \u00fadr\u017eba a opravy boli \u010do najjednoduch\u0161ie.<\/p>\n<p><img decoding=\"async\" src=\"https:\/\/www.hydraulic-cylinders.net\/wp-content\/uploads\/2025\/01\/songte-oil-pipes-and-spare-parts.webp\"><\/p>\n<h2>Tesnenie a mazanie<\/h2>\n<p>Valec kor\u010deka pou\u017e\u00edva r\u00f4zne tesnenia, ako s\u00fa piestne tesnenia, tesnenia ty\u010d\u00ed a in\u00e9, vyroben\u00e9 z materi\u00e1lov odoln\u00fdch vo\u010di opotrebovaniu, ako je polyuret\u00e1n a nitrilov\u00fd kau\u010duk, pri\u010dom povrch valca a z\u00e1vitov\u00e9 konce s\u00fa jemne opracovan\u00e9 na zlep\u0161enie odolnosti vo\u010di opotrebovaniu. Na zabezpe\u010denie hladk\u00e9ho chodu je potrebn\u00e9 pravideln\u00e9 mazanie hydraulick\u00fdm olejom.<\/p>\n<h2>\u00dadr\u017eba a prevent\u00edvne opatrenia<\/h2>\n<p>Pravideln\u00e1 kontrola, spr\u00e1vne mazanie, v\u00fdmena tesnen\u00ed a kalibra\u010dn\u00e9 kontroly s\u00fa be\u017en\u00e9 \u00falohy \u00fadr\u017eby, ktor\u00e9 m\u00f4\u017eu pom\u00f4c\u0165 pred\u013a\u017ei\u0165 \u017eivotnos\u0165 valca. Spr\u00e1vna in\u0161tal\u00e1cia, mazanie a nastavenie s\u00fa kritick\u00e9 a po\u010das in\u0161tal\u00e1cie by sa malo zabezpe\u010di\u0165 spr\u00e1vne vedenie k zarovnaniu. Na upevnenie valca sa odpor\u00fa\u010da pou\u017eitie vhodn\u00fdch mont\u00e1\u017enych konzol a na pred\u013a\u017eenie \u017eivotnosti produktu by sa mali zavies\u0165 programy kontroly, opravy a v\u00fdmeny dielov. <\/p>\n<p><img decoding=\"async\" src=\"https:\/\/www.hydraulic-cylinders.net\/wp-content\/uploads\/2025\/01\/songte-chushion-collar.webp\"><\/p>\n<h2>Bezpe\u010dnostn\u00e9 a environment\u00e1lne aspekty<\/h2>\n<p>Valec vedra mus\u00ed by\u0165 nain\u0161talovan\u00fd a pou\u017e\u00edvan\u00fd v s\u00falade s bezpe\u010dnostn\u00fdmi predpismi, aby sa predi\u0161lo nehod\u00e1m. Hydraulick\u00fd olej a ostatn\u00e9 komponenty by sa mali spr\u00e1vne zlikvidova\u0165.<\/p>\n<h2>Rie\u0161enie probl\u00e9mov a be\u017en\u00e9 probl\u00e9my<\/h2>\n<p>Medzi be\u017en\u00e9 probl\u00e9my s valcami vedra patria netesnosti, nespr\u00e1vne zarovnanie a opotrebovan\u00e9 tesnenia. Spr\u00e1vna \u00fadr\u017eba a kontrola m\u00f4\u017ee t\u00fdmto probl\u00e9mom zabr\u00e1ni\u0165.<\/p>\n<h2>Predstavenie spolo\u010dnosti<\/h2>\n<p>We are a manufacturer of replacement hydraulic cylinders, providing a complete range of products and services and becoming one of the leading manufacturers and wholesalers of hydraulic cylinders in the domestic and international markets. We adhere to the principle of excellent quality, rely on the industry&#8217;s production management strategy of fine manufacturing workshops, constantly improve the manufacturing platform, improve product quality production lines, and have strong production capacity to meet customers&#8217; diverse needs with high efficiency, high precision, and high quality. <\/p>\n<p>Pon\u00fakame profesion\u00e1lne, medzin\u00e1rodne certifikovan\u00e9, prisp\u00f4soben\u00e9 slu\u017eby a disponujeme modern\u00fdm v\u00fdrobn\u00fdm zariaden\u00edm a profesion\u00e1lnymi testovac\u00edmi syst\u00e9mami, ako aj spo\u013eahliv\u00fdm t\u00edmom popredajn\u00fdch slu\u017eieb, aby sme zabezpe\u010dili spokojnos\u0165 z\u00e1kazn\u00edkov.<\/p>\n<p><img decoding=\"async\" src=\"https:\/\/hzpt.com\/wp-content\/uploads\/2024\/11\/songte-company-1.webp\"><\/p>\n<p>Autor: lyl.<\/p>","protected":false},"excerpt":{"rendered":"<p>Bucket Cylinder For World Middle Excavator W2225LC-8 Introduction The Bucket Cylinder for World Middle Excavator W2225LC-8 is a specially designed hydraulic cylinder used to control the movement of buckets in heavy machinery such as excavators, backhoe excavators, and front-end loaders. Its main function is to enable the bucket to lift, lower, and tilt, making it [&hellip;]<\/p>","protected":false},"featured_media":14769,"comment_status":"open","ping_status":"closed","template":"","meta":{"_et_pb_use_builder":"","_et_pb_old_content":"","_et_gb_content_width":""},"product_brand":[],"product_cat":[1494],"product_tag":[1495,1496],"class_list":{"0":"post-15743","1":"product","2":"type-product","3":"status-publish","4":"has-post-thumbnail","6":"product_cat-bucket-cylinders","7":"product_tag-bucket-cylinders","8":"product_tag-hydraulic-cylinders","10":"first","11":"instock","12":"shipping-taxable","13":"product-type-simple"},"amp_enabled":true,"_links":{"self":[{"href":"https:\/\/www.hydraulic-cylinders.net\/sk\/wp-json\/wp\/v2\/product\/15743","targetHints":{"allow":["GET"]}}],"collection":[{"href":"https:\/\/www.hydraulic-cylinders.net\/sk\/wp-json\/wp\/v2\/product"}],"about":[{"href":"https:\/\/www.hydraulic-cylinders.net\/sk\/wp-json\/wp\/v2\/types\/product"}],"replies":[{"embeddable":true,"href":"https:\/\/www.hydraulic-cylinders.net\/sk\/wp-json\/wp\/v2\/comments?post=15743"}],"wp:featuredmedia":[{"embeddable":true,"href":"https:\/\/www.hydraulic-cylinders.net\/sk\/wp-json\/wp\/v2\/media\/14769"}],"wp:attachment":[{"href":"https:\/\/www.hydraulic-cylinders.net\/sk\/wp-json\/wp\/v2\/media?parent=15743"}],"wp:term":[{"taxonomy":"product_brand","embeddable":true,"href":"https:\/\/www.hydraulic-cylinders.net\/sk\/wp-json\/wp\/v2\/product_brand?post=15743"},{"taxonomy":"product_cat","embeddable":true,"href":"https:\/\/www.hydraulic-cylinders.net\/sk\/wp-json\/wp\/v2\/product_cat?post=15743"},{"taxonomy":"product_tag","embeddable":true,"href":"https:\/\/www.hydraulic-cylinders.net\/sk\/wp-json\/wp\/v2\/product_tag?post=15743"}],"curies":[{"name":"pracovn\u00fd list","href":"https:\/\/api.w.org\/{rel}","templated":true}]}}