{"id":15748,"date":"2025-01-19T14:55:47","date_gmt":"2025-01-19T14:55:47","guid":{"rendered":"https:\/\/www.hydraulic-cylinders.net\/product\/bucket-cylinder-for-world-large-excavator-w2330lc-8\/"},"modified":"2025-01-19T14:55:49","modified_gmt":"2025-01-19T14:55:49","slug":"bucket-cylinder-for-world-large-excavator-w2330lc-8","status":"publish","type":"product","link":"https:\/\/www.hydraulic-cylinders.net\/sk\/produkt\/bucket-cylinder-for-world-large-excavator-w2330lc-8\/","title":{"rendered":"Valec vedra pre svetov\u00e9 ve\u013ek\u00e9 r\u00fdpadlo W2330LC-8"},"content":{"rendered":"<h1>Valec vedra pre svetov\u00e9 ve\u013ek\u00e9 r\u00fdpadlo W2330LC-8<\/h1>\n<h2>\u00davod<\/h2>\n<h3>Definovanie valca vedra<\/h3>\n<p>Hydraulick\u00fd valec ly\u017eice je \u0161peci\u00e1lne navrhnut\u00fd hydraulick\u00fd valec, ktor\u00fd sa pou\u017e\u00edva predov\u0161etk\u00fdm na ovl\u00e1danie pohybu ly\u017eice v \u0165a\u017ek\u00fdch strojoch, ako s\u00fa bagre, r\u00fdpadl\u00e1 a \u010deln\u00e9 naklada\u010de. Jeho hlavnou funkciou je umo\u017eni\u0165 zdv\u00edhanie, sp\u00fa\u0161\u0165anie a nakl\u00e1\u0148anie ly\u017eice, \u010do u\u013eah\u010duje vykon\u00e1vanie r\u00f4znych \u00faloh manipul\u00e1cie s materi\u00e1lom.<\/p>\n<p>V hydraulickom syst\u00e9me dosahuje valec ly\u017eice presn\u00e9 ovl\u00e1danie ly\u017eice prostredn\u00edctvom zmien tlaku hydraulick\u00e9ho oleja, \u010do umo\u017e\u0148uje obsluhe efekt\u00edvne manipulova\u0165 s \u0165a\u017ek\u00fdmi bremenami a prisp\u00f4sobova\u0165 sa zlo\u017eit\u00fdm pracovn\u00fdm prostrediam a r\u00f4znorod\u00fdm po\u017eiadavk\u00e1m na pr\u00e1cu.<\/p>\n<p><img decoding=\"async\" src=\"https:\/\/www.hydraulic-cylinders.net\/wp-content\/uploads\/2025\/01\/songte-company-2.webp\" alt=\"Obr\u00e1zok valca vedra\"><\/p>\n<h3>Vlastnosti valca vedra<\/h3>\n<ul>\n<li><strong>Vysok\u00e1 pevnos\u0165 a odolnos\u0165:<\/strong> Zvy\u010dajne je vyroben\u00fd z vysokopevnostnej ocele alebo hlin\u00edka, odol\u00e1 vysok\u00e9mu tlaku a \u0165a\u017ek\u00fdm za\u0165a\u017eeniam, prisp\u00f4sob\u00ed sa n\u00e1ro\u010dn\u00fdm pracovn\u00fdm podmienkam a je navrhnut\u00fd s oh\u013eadom na odolnos\u0165 vo\u010di opotrebovaniu a kor\u00f3zii, \u010do predl\u017euje \u017eivotnos\u0165.<\/li>\n<li><strong>Efekt\u00edvna hydraulick\u00e1 prev\u00e1dzka:<\/strong> V\u010faka vyu\u017eitiu hydraulick\u00e9ho tlaku oleja na dosiahnutie plynul\u00fdch pohybov vys\u00favania a s\u0165ahovania dok\u00e1\u017ee r\u00fdchlo reagova\u0165 na prev\u00e1dzkov\u00e9 pr\u00edkazy, poskytova\u0165 siln\u00e9 tla\u010dn\u00e9 a \u0165a\u017en\u00e9 sily a je vhodn\u00fd na manipul\u00e1ciu s \u0165a\u017ek\u00fdmi bremenami a zlo\u017eit\u00fdmi pracovn\u00fdmi \u00falohami.<\/li>\n<li><strong>R\u00f4zne typy:<\/strong> Pod\u013ea po\u017eiadaviek je mo\u017en\u00e9 vybra\u0165 jedno\u010dinn\u00e9 (hydraulick\u00fd pohon sa pou\u017e\u00edva iba v jednom smere) alebo dvoj\u010dinn\u00e9 (hydraulick\u00fd pohon sa pou\u017e\u00edva v oboch smeroch) valce a niektor\u00e9 modely s\u00fa teleskopick\u00e9, \u010do umo\u017e\u0148uje v\u00e4\u010d\u0161ie vysunutie bez zv\u00e4\u010d\u0161enia vonkaj\u0161\u00edch rozmerov, vhodn\u00e9 pre aplik\u00e1cie s obmedzen\u00fdm priestorom.<\/li>\n<li><strong>Vymenite\u013en\u00e9:<\/strong> N\u00e1\u0161 produkt dok\u00e1\u017ee dokonale nahradi\u0165 tieto hydraulick\u00e9 valce. <\/li>\n<\/ul>\n<p><img decoding=\"async\" src=\"https:\/\/www.hydraulic-cylinders.net\/wp-content\/uploads\/2025\/01\/songte-cylinder-head-with-all-kinds-excavator-models.webp\" alt=\"V\u00fdmena valca vedra\"><\/p>\n<h3>Aplik\u00e1cie vedrov\u00e9ho valca<\/h3>\n<p>Valec s ko\u0161\u00edkom sa \u0161iroko pou\u017e\u00edva v r\u00f4znych \u0165a\u017ek\u00fdch strojoch vr\u00e1tane:<\/p>\n<ul>\n<li><strong>Stavebn\u00e9 vybavenie:<\/strong> V bagroch s\u00fa nevyhnutn\u00e9 na v\u00fdkopov\u00e9 pr\u00e1ce, nakladanie a premiest\u0148ovanie zeminy alebo sutiny. V r\u00fdpadlo-naklada\u010doch pom\u00e1ha valec ly\u017eice pri kopan\u00ed aj zdv\u00edhan\u00ed. <\/li>\n<li><strong>Po\u013enohospod\u00e1rske stroje:<\/strong> Pou\u017e\u00edva sa pre \u010deln\u00e9 naklada\u010de, na zdv\u00edhanie, nakladanie a prepravu zeminy, sena a in\u00fdch materi\u00e1lov. <\/li>\n<li><strong>R\u00fdpadl\u00e1:<\/strong> Valec ly\u017eice umo\u017e\u0148uje kopanie t\u00fdm, \u017ee umo\u017e\u0148uje ly\u017eici prenikn\u00fa\u0165 do p\u00f4dy. <\/li>\n<li><strong>Naklada\u010de:<\/strong> V \u010deln\u00fdch naklada\u010doch pom\u00e1haj\u00fa efekt\u00edvne zdv\u00edha\u0165 a vykl\u00e1pa\u0165 tovar. <\/li>\n<\/ul>\n<h3>\u00davahy o dizajne a krit\u00e9ri\u00e1 v\u00fdberu<\/h3>\n<p>Pri navrhovan\u00ed valcov s ko\u0161\u00edkom je potrebn\u00e9 zv\u00e1\u017ei\u0165 nieko\u013eko faktorov, vr\u00e1tane:<\/p>\n<ul>\n<li><strong>Nosnos\u0165:<\/strong> Valec by mal by\u0165 navrhnut\u00fd tak, aby odolal za\u0165a\u017eeniu spojen\u00e9mu so zariaden\u00edm a aplik\u00e1ciou.<\/li>\n<li><strong>Tesnenie:<\/strong> Valec by mal by\u0165 utesnen\u00fd, aby sa zabr\u00e1nilo \u00faniku kvapaliny.<\/li>\n<li><strong>Trvanlivos\u0165:<\/strong> Valec by mal by\u0165 vyroben\u00fd z materi\u00e1lov, ktor\u00e9 odol\u00e1vaj\u00fa drsn\u00e9mu pracovn\u00e9mu prostrediu a s\u00fa odoln\u00e9 vo\u010di opotrebovaniu a kor\u00f3zii.<\/li>\n<li><strong>Bezpe\u010dnos\u0165:<\/strong> F\u013ea\u0161a by mala by\u0165 navrhnut\u00e1 s oh\u013eadom na bezpe\u010dnos\u0165, aby sa predi\u0161lo zraneniu person\u00e1lu alebo po\u0161kodeniu zariadenia.<\/li>\n<li><strong>Udr\u017eiavate\u013enos\u0165:<\/strong> Valec by mal by\u0165 navrhnut\u00fd pre jednoduch\u00fa \u00fadr\u017ebu a opravu.<\/li>\n<\/ul>\n<p><img decoding=\"async\" src=\"https:\/\/www.hydraulic-cylinders.net\/wp-content\/uploads\/2025\/01\/songte-oil-pipes-and-spare-parts.webp\" alt=\"Dizajn valca vedra\"><\/p>\n<h3>Tesnenie a mazanie<\/h3>\n<p>Hydraulick\u00fd valec je vybaven\u00fd r\u00f4znymi tesneniami, ako napr\u00edklad tesniacim kr\u00fa\u017ekom piestu a tesniacim kr\u00fa\u017ekom ty\u010de, vyroben\u00fdmi z materi\u00e1lov odoln\u00fdch vo\u010di opotrebovaniu, ako je polyuret\u00e1n a nitrilov\u00fd kau\u010duk. Teleso valca a z\u00e1vitov\u00fd koniec s\u00fa jemne opracovan\u00e9 pre zlep\u0161enie odolnosti vo\u010di opotrebovaniu. Na mazanie je potrebn\u00e9 pravidelne prid\u00e1va\u0165 primeran\u00e9 mno\u017estvo hydraulick\u00e9ho oleja.<\/p>\n<h3>Kontrola a prevent\u00edvna \u00fadr\u017eba<\/h3>\n<p>Pravideln\u00e9 kontroly a prevent\u00edvna \u00fadr\u017eba s\u00fa nevyhnutn\u00e9 pre zabezpe\u010denie spr\u00e1vnej prev\u00e1dzky valcov s ko\u0161\u00edkom. Nasleduj\u00fa be\u017en\u00e9 \u00falohy \u00fadr\u017eby:<\/p>\n<ul>\n<li>Pravideln\u00e9 kontroly<\/li>\n<li>Spr\u00e1vne mazanie<\/li>\n<li>V\u00fdmena tesnenia<\/li>\n<li>Kontrola kalibr\u00e1cie<\/li>\n<\/ul>\n<p><img decoding=\"async\" src=\"https:\/\/www.hydraulic-cylinders.net\/wp-content\/uploads\/2025\/01\/songte-chushion-collar.webp\" alt=\"\u00dadr\u017eba valca vedra\"><\/p>\n<h3>Bezpe\u010dnostn\u00e9 aspekty a faktory prostredia<\/h3>\n<p>Pri pou\u017e\u00edvan\u00ed vedrov\u00e9ho valca by sa mali prija\u0165 bezpe\u010dnostn\u00e9 opatrenia, aby sa predi\u0161lo zraneniu os\u00f4b alebo po\u0161kodeniu zariadenia. Je d\u00f4le\u017eit\u00e9 dodr\u017eiava\u0165 pokyny v\u00fdrobcu t\u00fdkaj\u00face sa spr\u00e1vnej in\u0161tal\u00e1cie a pou\u017e\u00edvania. Prev\u00e1dzku valca m\u00f4\u017eu ovplyvni\u0165 aj faktory prostredia, ako je teplota a vlhkos\u0165, a preto by sa mali zoh\u013eadni\u0165.<\/p>\n<h3>Rie\u0161enie probl\u00e9mov a be\u017en\u00e9 probl\u00e9my<\/h3>\n<p>Pri odstra\u0148ovan\u00ed probl\u00e9mov s valcom vedra m\u00f4\u017eu medzi be\u017en\u00e9 probl\u00e9my patri\u0165 \u00fanik kvapaliny, strata tlaku a posun valca. Nasleduj\u00fa niektor\u00e9 rie\u0161enia t\u00fdchto probl\u00e9mov:<\/p>\n<ul>\n<li>\u00danik kvapaliny: Skontrolujte tesnenia a v pr\u00edpade potreby ich vyme\u0148te.<\/li>\n<li>Strata tlaku: Skontrolujte hydraulick\u00fd syst\u00e9m a opravte v\u0161etky netesnosti.<\/li>\n<li>Posun valca: Skontrolujte ventily a tesnenia a v pr\u00edpade potreby ich opravte alebo vyme\u0148te.<\/li>\n<\/ul>\n<p><img decoding=\"async\" src=\"https:\/\/www.hydraulic-cylinders.net\/wp-content\/uploads\/2025\/01\/songte-bushings-with-all-kinds-of-excavator-models.webp\" alt=\"Rie\u0161enie probl\u00e9mov s valcom vedra\"><\/p>\n<h2>Predstavenie spolo\u010dnosti<\/h2>\n<p>Sme v\u00fdrobcom n\u00e1hradn\u00fdch dielov pre hydraulick\u00e9 valce. Pon\u00fakame kompletn\u00fd sortiment produktov a stali sme sa jedn\u00fdm z popredn\u00fdch v\u00fdrobcov a ve\u013ekoobchodn\u00fdch distrib\u00fatorov hydraulick\u00fdch valcov na dom\u00e1com aj medzin\u00e1rodnom trhu. Dodr\u017eiavame z\u00e1sady vynikaj\u00facej kvality, spoliehame sa na strat\u00e9giu riadenia priemyselnej v\u00fdroby sofistikovan\u00fdch v\u00fdrobn\u00fdch dieln\u00ed a neust\u00e1le zlep\u0161ujeme v\u00fdrobn\u00fa platformu dielne. M\u00e1me siln\u00e9 kreat\u00edvne schopnosti a dok\u00e1\u017eeme uspokoji\u0165 rozmanit\u00e9 potreby z\u00e1kazn\u00edkov s vysokou efektivitou, vysokou presnos\u0165ou a princ\u00edpmi vysokej kvality.<\/p>\n<p>Na\u0161a spolo\u010dnos\u0165 pon\u00faka profesion\u00e1lne, medzin\u00e1rodne certifikovan\u00e9, prisp\u00f4soben\u00e9 slu\u017eby a m\u00e1 modern\u00e9 v\u00fdrobn\u00e9 zariadenia a vynikaj\u00faci popredajn\u00fd servis.<\/p>\n<p><img decoding=\"async\" src=\"https:\/\/hzpt.com\/wp-content\/uploads\/2024\/11\/songte-company-1.webp\" alt=\"Obr\u00e1zok spolo\u010dnosti\"><\/p>\n<p>Na\u0161e produkty maj\u00fa \u0161irok\u00e9 uplatnenie a s\u00fa vhodn\u00e9 pre r\u00f4zne odvetvia vr\u00e1tane stavebn\u00edctva, po\u013enohospod\u00e1rstva, ban\u00edctva a \u010fal\u0161\u00edch. Zaviazali sme sa poskytova\u0165 na\u0161im z\u00e1kazn\u00edkom vysoko kvalitn\u00e9 produkty a slu\u017eby a zabezpe\u010dova\u0165 ich spokojnos\u0165.<\/p>\n<p>Autor: lyl<\/p>","protected":false},"excerpt":{"rendered":"<p>Bucket Cylinder For World Large Excavator W2330LC-8 Introduction Defining the Bucket Cylinder The Bucket Cylinder is a specially designed hydraulic cylinder that is primarily used to control the movement of the bucket in heavy machinery such as excavators, backhoes, and front loaders. Its main function is to enable the bucket to be lifted, lowered, and [&hellip;]<\/p>","protected":false},"featured_media":14788,"comment_status":"open","ping_status":"closed","template":"","meta":{"_et_pb_use_builder":"","_et_pb_old_content":"","_et_gb_content_width":""},"product_brand":[],"product_cat":[1494],"product_tag":[1495,1496],"class_list":{"0":"post-15748","1":"product","2":"type-product","3":"status-publish","4":"has-post-thumbnail","6":"product_cat-bucket-cylinders","7":"product_tag-bucket-cylinders","8":"product_tag-hydraulic-cylinders","10":"first","11":"instock","12":"shipping-taxable","13":"product-type-simple"},"amp_enabled":true,"_links":{"self":[{"href":"https:\/\/www.hydraulic-cylinders.net\/sk\/wp-json\/wp\/v2\/product\/15748","targetHints":{"allow":["GET"]}}],"collection":[{"href":"https:\/\/www.hydraulic-cylinders.net\/sk\/wp-json\/wp\/v2\/product"}],"about":[{"href":"https:\/\/www.hydraulic-cylinders.net\/sk\/wp-json\/wp\/v2\/types\/product"}],"replies":[{"embeddable":true,"href":"https:\/\/www.hydraulic-cylinders.net\/sk\/wp-json\/wp\/v2\/comments?post=15748"}],"wp:featuredmedia":[{"embeddable":true,"href":"https:\/\/www.hydraulic-cylinders.net\/sk\/wp-json\/wp\/v2\/media\/14788"}],"wp:attachment":[{"href":"https:\/\/www.hydraulic-cylinders.net\/sk\/wp-json\/wp\/v2\/media?parent=15748"}],"wp:term":[{"taxonomy":"product_brand","embeddable":true,"href":"https:\/\/www.hydraulic-cylinders.net\/sk\/wp-json\/wp\/v2\/product_brand?post=15748"},{"taxonomy":"product_cat","embeddable":true,"href":"https:\/\/www.hydraulic-cylinders.net\/sk\/wp-json\/wp\/v2\/product_cat?post=15748"},{"taxonomy":"product_tag","embeddable":true,"href":"https:\/\/www.hydraulic-cylinders.net\/sk\/wp-json\/wp\/v2\/product_tag?post=15748"}],"curies":[{"name":"pracovn\u00fd list","href":"https:\/\/api.w.org\/{rel}","templated":true}]}}