{"id":15755,"date":"2025-01-19T14:56:20","date_gmt":"2025-01-19T14:56:20","guid":{"rendered":"https:\/\/www.hydraulic-cylinders.net\/product\/bucket-cylinder-for-jingong-crawler-excavator-jcm937\/"},"modified":"2025-01-19T14:56:22","modified_gmt":"2025-01-19T14:56:22","slug":"bucket-cylinder-for-jingong-crawler-excavator-jcm937","status":"publish","type":"product","link":"https:\/\/www.hydraulic-cylinders.net\/sk\/produkt\/bucket-cylinder-for-jingong-crawler-excavator-jcm937\/","title":{"rendered":"Valec vedra pre p\u00e1sov\u00e9 r\u00fdpadlo Jingong JCM937"},"content":{"rendered":"<p><h2>Valec vedra pre p\u00e1sov\u00e9 r\u00fdpadlo Jingong JCM937<\/h2><\/p>\n<p><h3>\u00davod<\/h3><\/p>\n<p>Hydraulick\u00fd valec ly\u017eice je \u0161peci\u00e1lne navrhnut\u00fd hydraulick\u00fd valec, ktor\u00fd sa pou\u017e\u00edva predov\u0161etk\u00fdm na ovl\u00e1danie pohybu ly\u017e\u00edc v \u0165a\u017ek\u00fdch strojoch, ako s\u00fa bagre, r\u00fdpadl\u00e1-r\u00fdpadl\u00e1 a \u010deln\u00e9 naklada\u010de. Jeho hlavnou funkciou je u\u013eah\u010di\u0165 manipul\u00e1ciu s materi\u00e1lom t\u00fdm, \u017ee umo\u017e\u0148uje zdv\u00edhanie, sp\u00fa\u0161\u0165anie a nakl\u00e1\u0148anie ly\u017eice pod\u013ea potreby. V hydraulick\u00fdch syst\u00e9moch dosahuje valec ly\u017eice presn\u00e9 ovl\u00e1danie ly\u017eice prostredn\u00edctvom zmien tlaku hydraulick\u00e9ho oleja, \u010do umo\u017e\u0148uje obsluhe efekt\u00edvne manipulova\u0165 s \u0165a\u017ek\u00fdmi bremenami, prisp\u00f4sobi\u0165 sa zlo\u017eit\u00fdm pracovn\u00fdm prostrediam a r\u00f4znym prev\u00e1dzkov\u00fdm potreb\u00e1m.<\/p>\n<p><img decoding=\"async\" src=\"https:\/\/www.hydraulic-cylinders.net\/wp-content\/uploads\/2025\/01\/songte-company-2.webp\" alt=\"Valec vedra pre p\u00e1sov\u00e9 r\u00fdpadlo Jingong JCM937 Obr\u00e1zok\"><\/p>\n<p><h3>Funkcie<\/h3><\/p>\n<ul>\n<li>Vysok\u00e1 pevnos\u0165 a odolnos\u0165: Zvy\u010dajne je vyroben\u00fd z vysokopevnostnej ocele alebo hlin\u00edka, odol\u00e1 vysok\u00e9mu tlaku a \u0165a\u017ek\u00fdm za\u0165a\u017eeniam, prisp\u00f4sob\u00ed sa n\u00e1ro\u010dn\u00fdm pracovn\u00fdm podmienkam a je navrhnut\u00fd s oh\u013eadom na odolnos\u0165 vo\u010di opotrebovaniu a kor\u00f3zii, aby sa pred\u013a\u017eila jeho \u017eivotnos\u0165.<\/li>\n<li>Efekt\u00edvna hydraulick\u00e1 prev\u00e1dzka: Vyu\u017e\u00edva tlak hydraulick\u00e9ho oleja na dosiahnutie plynul\u00e9ho pohybu vys\u00favania a zas\u00favania, r\u00fdchlo reaguje na ovl\u00e1dacie povely a poskytuje siln\u00e9 sily tla\u010denia a \u0165ahania, ktor\u00e9 s\u00fa vhodn\u00e9 na manipul\u00e1ciu s \u0165a\u017ek\u00fdmi bremenami a zlo\u017eit\u00e9 prev\u00e1dzkov\u00e9 \u00falohy.<\/li>\n<li>R\u00f4zne typy: Pod\u013ea potreby je mo\u017en\u00e9 zvoli\u0165 jedno\u010dinn\u00e9 (hydraulick\u00e9 iba v jednom smere) alebo dvoj\u010dinn\u00e9 (hydraulick\u00e9 v oboch smeroch) valce, aby sa splnili r\u00f4zne prev\u00e1dzkov\u00e9 po\u017eiadavky, niektor\u00e9 modely s\u00fa teleskopick\u00e9, \u010do umo\u017e\u0148uje v\u00e4\u010d\u0161ie vysunutie bez zv\u00e4\u010d\u0161enia vonkaj\u0161\u00edch rozmerov, vhodn\u00e9 pre aplik\u00e1cie s obmedzen\u00fdm priestorom.<\/li>\n<li>Prisp\u00f4sobite\u013en\u00e9: Tento produkt vieme vyrobi\u0165 a n\u00e1\u0161 produkt dok\u00e1\u017ee dokonale nahradi\u0165 tieto hydraulick\u00e9 valce.<\/li>\n<\/ul>\n<p><img decoding=\"async\" src=\"https:\/\/www.hydraulic-cylinders.net\/wp-content\/uploads\/2025\/01\/songte-cylinder-head-with-all-kinds-excavator-models.webp\" alt=\"Valec vedra pre p\u00e1sov\u00e9 r\u00fdpadlo Jingong JCM937 Obr\u00e1zok\"><\/p>\n<p><h3>Aplik\u00e1cie<\/h3><\/p>\n<p>Valce s ko\u0161\u00edkom sa \u0161iroko pou\u017e\u00edvaj\u00fa v r\u00f4znych oblastiach vr\u00e1tane:<\/p>\n<ul>\n<li>Stavebn\u00e9 zariadenia: V bagroch s\u00fa k\u013e\u00fa\u010dov\u00e9 pre v\u00fdkopov\u00e9 pr\u00e1ce, nakladanie a premiest\u0148ovanie zeminy alebo sutiny. V r\u00fdpadlo-naklada\u010doch pom\u00e1haj\u00fa valce ko\u0161\u00edkov pri v\u00fdkopov\u00fdch pr\u00e1cach aj zdv\u00edhan\u00ed. \u010celn\u00e9 naklada\u010de pou\u017e\u00edvaj\u00fa valce ko\u0161\u00edkov na efekt\u00edvne zdv\u00edhanie a vykladanie tovaru.<\/li>\n<li>Po\u013enohospod\u00e1rske stroje: Pou\u017e\u00edvaj\u00fa sa v \u010deln\u00fdch naklada\u010doch na naberanie, zdv\u00edhanie a prepravu p\u00f4dy, sena a in\u00fdch materi\u00e1lov. V r\u00fdpadl\u00e1ch umo\u017e\u0148uj\u00fa valce ly\u017eice kopanie t\u00fdm, \u017ee umo\u017e\u0148uj\u00fa ly\u017eici prenikn\u00fa\u0165 do p\u00f4dy.<\/li>\n<\/ul>\n<p><h3>\u00davahy o dizajne a krit\u00e9ri\u00e1 v\u00fdberu<\/h3><\/p>\n<p>Z h\u013eadiska dizajnu s\u00fa k\u013e\u00fa\u010dov\u00fdmi faktormi, ktor\u00e9 treba zv\u00e1\u017ei\u0165 pri v\u00fdbere valcov s kore\u010dkami, nosnos\u0165, tesniaci v\u00fdkon, trvanlivos\u0165, bezpe\u010dnos\u0165 a opravite\u013enos\u0165. <\/p>\n<ul>\n<li>Nosnos\u0165: Valce kor\u010dekov musia by\u0165 schopn\u00e9 unies\u0165 hmotnos\u0165 a silu premiest\u0148ovan\u00fdch materi\u00e1lov.<\/li>\n<li>Tesniaci v\u00fdkon: Na zabezpe\u010denie dobr\u00e9ho tesniaceho v\u00fdkonu sa musia pou\u017ei\u0165 r\u00f4zne tesniace komponenty, ako s\u00fa tesnenia piestov, tesnenia ty\u010d\u00ed at\u010f., vyroben\u00e9 z materi\u00e1lov odoln\u00fdch vo\u010di opotrebovaniu, ako je polyuret\u00e1n, nitrilov\u00e1 guma at\u010f.<\/li>\n<li>Trvanlivos\u0165: Teleso valca a z\u00e1vitov\u00e9 koncov\u00e9 plochy musia by\u0165 prec\u00edzne opracovan\u00e9, aby sa zlep\u0161ila odolnos\u0165 vo\u010di opotrebovaniu. Na zaistenie dlhej \u017eivotnosti je potrebn\u00e9 pravideln\u00e9 mazanie dostato\u010dn\u00fdm mno\u017estvom hydraulick\u00e9ho oleja.<\/li>\n<li>Bezpe\u010dnos\u0165: Valec mus\u00ed by\u0165 spr\u00e1vne nain\u0161talovan\u00fd a navrhnut\u00fd tak, aby sa zabr\u00e1nilo ne\u00famyseln\u00e9mu pohybu alebo nehod\u00e1m.<\/li>\n<li>Opravite\u013enos\u0165: V\u00fdrobky musia by\u0165 navrhnut\u00e9 s oh\u013eadom na jednoduch\u00fa \u00fadr\u017ebu, aby sa zabezpe\u010dila ich r\u00fdchla oprava.<\/li>\n<\/ul>\n<p><img decoding=\"async\" src=\"https:\/\/www.hydraulic-cylinders.net\/wp-content\/uploads\/2025\/01\/songte-oil-pipes-and-spare-parts.webp\" alt=\"Valec vedra pre p\u00e1sov\u00e9 r\u00fdpadlo Jingong JCM937 Obr\u00e1zok\"><\/p>\n<p><h3>Tesnenie a mazanie<\/h3><\/p>\n<p>Na zabezpe\u010denie dobr\u00e9ho tesniaceho v\u00fdkonu sa musia pou\u017ei\u0165 r\u00f4zne tesniace komponenty, ako s\u00fa tesnenia piestov, tesnenia ty\u010d\u00ed at\u010f., vyroben\u00e9 z materi\u00e1lov odoln\u00fdch vo\u010di opotrebovaniu, ako je polyuret\u00e1n, nitrilov\u00fd kau\u010duk at\u010f. Teleso valca a z\u00e1vitov\u00e9 koncov\u00e9 plochy musia by\u0165 prec\u00edzne opracovan\u00e9, aby sa zlep\u0161ila odolnos\u0165 vo\u010di opotrebovaniu. Na zaistenie dlhej \u017eivotnosti je potrebn\u00e9 pravideln\u00e9 mazanie dostato\u010dn\u00fdm mno\u017estvom hydraulick\u00e9ho oleja.<\/p>\n<p><h3>\u00dadr\u017eba a opravy<\/h3><\/p>\n<p>Na \u00fadr\u017ebu valca vedra je potrebn\u00e1 pravideln\u00e1 kontrola, spr\u00e1vne mazanie, v\u00fdmena tesnen\u00ed a kalibra\u010dn\u00e9 kontroly.<\/p>\n<ul>\n<li>Kontrola: Pravideln\u00e1 kontrola telesa valca a z\u00e1vitov\u00fdch koncov je nevyhnutn\u00e1, aby sa zabezpe\u010dilo ich dobr\u00e9 funk\u010dn\u00e9 stav.<\/li>\n<li>Mazanie: Spr\u00e1vne mazanie je nevyhnutn\u00e9 na zabezpe\u010denie dlhej \u017eivotnosti valca a zabr\u00e1nenie po\u0161kodeniu v d\u00f4sledku nedostatku mazania.<\/li>\n<li>V\u00fdmena tesnenia: V\u00fdmena tesnen\u00ed je nevyhnutn\u00e1 na zabezpe\u010denie tesniacej schopnosti valca, ktor\u00e1 sa m\u00f4\u017ee \u010dasom zhor\u0161i\u0165.<\/li>\n<\/ul>\n<p><img decoding=\"async\" src=\"https:\/\/www.hydraulic-cylinders.net\/wp-content\/uploads\/2025\/01\/songte-chushion-collar.webp\" alt=\"Valec vedra pre p\u00e1sov\u00e9 r\u00fdpadlo Jingong JCM937 Obr\u00e1zok\"><\/p>\n<p><h3>Bezpe\u010dnostn\u00e9 a environment\u00e1lne aspekty<\/h3><\/p>\n<p>Pri pou\u017e\u00edvan\u00ed valcov s vedrovou kon\u0161trukciou je potrebn\u00e9 dodr\u017eiava\u0165 bezpe\u010dnostn\u00e9 opatrenia, aby sa predi\u0161lo nehod\u00e1m. Je tie\u017e nevyhnutn\u00e9 zabezpe\u010di\u0165 dodr\u017eiavanie environment\u00e1lnych predpisov pri likvid\u00e1cii odpadov\u00e9ho oleja alebo hydraulick\u00fdch kvapal\u00edn.<\/p>\n<p><h3>Rie\u0161enie probl\u00e9mov a be\u017en\u00e9 probl\u00e9my<\/h3><\/p>\n<p>Nasleduj\u00fa niektor\u00e9 be\u017en\u00e9 probl\u00e9my a rie\u0161enia pre valce s vedrami:<\/p>\n<ul>\n<li>\u00danik oleja: Skontrolujte tesniace komponenty, v pr\u00edpade potreby ich vyme\u0148te a uistite sa, \u017ee s\u00fa spr\u00e1vne nain\u0161talovan\u00e9 a utiahnut\u00e9.<\/li>\n<li>Pomal\u00e9 vys\u00favanie alebo zas\u00favanie: Skontrolujte pr\u00edvod hydraulick\u00e9ho oleja, filtre a ventily a uistite sa, \u017ee s\u00fa \u010dist\u00e9 a bez po\u0161kodenia alebo upchatia.<\/li>\n<li>Nadmern\u00fd hluk alebo vibr\u00e1cie: Skontrolujte teleso valca, ojnicu a piest, \u010di nie s\u00fa po\u0161koden\u00e9 alebo opotrebovan\u00e9, a v pr\u00edpade potreby ich vyme\u0148te.<\/li>\n<\/ul>\n<p><img decoding=\"async\" src=\"https:\/\/www.hydraulic-cylinders.net\/wp-content\/uploads\/2025\/01\/songte-bushings-with-all-kinds-of-excavator-models.webp\" alt=\"Valec vedra pre p\u00e1sov\u00e9 r\u00fdpadlo Jingong JCM937 Obr\u00e1zok\"><\/p>\n<p><h3>O na\u0161ej spolo\u010dnosti<\/h3><\/p>\n<p>Sme v\u00fdrobcom n\u00e1hradn\u00fdch hydraulick\u00fdch valcov s kompletn\u00fdm sortimentom produktov. Stali sme sa jedn\u00fdm z popredn\u00fdch v\u00fdrobcov a ve\u013ekoobchodn\u00fdch distrib\u00fatorov hydraulick\u00fdch valcov na dom\u00e1com aj medzin\u00e1rodnom trhu. Dodr\u017eiavame z\u00e1sady vynikaj\u00facej kvality a spoliehame sa na industrializovan\u00e9 strat\u00e9gie riadenia v\u00fdroby v jemn\u00fdch v\u00fdrobn\u00fdch diel\u0148ach. Vyu\u017e\u00edvan\u00edm technick\u00fdch talentov, \u0161pi\u010dkov\u00fdch digit\u00e1lnych v\u00fdrobn\u00fdch zariaden\u00ed a profesion\u00e1lnych testovac\u00edch syst\u00e9mov neust\u00e1le zlep\u0161ujeme platformu v\u00fdroby v diel\u0148ach, zdokona\u013eujeme v\u00fdrobn\u00fa cestu zameran\u00fa na kvalitu v\u00fdrobkov a m\u00e1me siln\u00e9 tvoriv\u00e9 schopnosti. Dodr\u017eiavame z\u00e1sady vysokej efektivity, vysokej presnosti a vysokej kvality, aby sme uspokojili rozmanit\u00e9 potreby na\u0161ich z\u00e1kazn\u00edkov.<\/p>\n<p><img decoding=\"async\" src=\"https:\/\/hzpt.com\/wp-content\/uploads\/2024\/11\/songte-company-1.webp\" alt=\"Valec vedra pre p\u00e1sov\u00e9 r\u00fdpadlo Jingong JCM937 Obr\u00e1zok\"><\/p>\n<p>Poskytujeme profesion\u00e1lne, medzin\u00e1rodne certifikovan\u00e9, prisp\u00f4soben\u00e9 slu\u017eby s modern\u00fdm v\u00fdrobn\u00fdm vybaven\u00edm a vynikaj\u00facim popredajn\u00fdm servisom.<\/p>\n<ul>\n<li>Profesionalita: V\u010faka dlhoro\u010dn\u00fdm sk\u00fasenostiam sme sa stali expertmi v oblasti hydraulick\u00fdch valcov.<\/li>\n<li>Medzin\u00e1rodn\u00e1 certifik\u00e1cia: Na\u0161e v\u00fdrobky pre\u0161li r\u00f4znymi medzin\u00e1rodn\u00fdmi certifik\u00e1ciami, \u010do zaru\u010duje ich najvy\u0161\u0161iu kvalitu.<\/li>\n<li>Slu\u017eby na mieru: Pon\u00fakame slu\u017eby na mieru, ktor\u00e9 sp\u013a\u0148aj\u00fa jedine\u010dn\u00e9 potreby na\u0161ich z\u00e1kazn\u00edkov.<\/li>\n<li>V\u00fdrobn\u00e9 zariadenia: Pou\u017e\u00edvame modern\u00e9 v\u00fdrobn\u00e9 zariadenia, aby sme zabezpe\u010dili najvy\u0161\u0161iu kvalitu na\u0161ich v\u00fdrobkov.<\/li>\n<li>Popredajn\u00fd servis: Poskytujeme vynikaj\u00faci popredajn\u00fd servis, aby sme zabezpe\u010dili spokojnos\u0165 na\u0161ich z\u00e1kazn\u00edkov s na\u0161imi produktmi.<\/li>\n<\/ul>\n<p><img decoding=\"async\" src=\"https:\/\/www.hydraulic-cylinders.net\/wp-content\/uploads\/2025\/01\/songte-company-3.webp\" alt=\"Valec vedra pre p\u00e1sov\u00e9 r\u00fdpadlo Jingong JCM937 Obr\u00e1zok\"><\/p>\n<p>Autor: lyl<\/p>","protected":false},"excerpt":{"rendered":"<p>Bucket Cylinder For Jingong Crawler Excavator JCM937 Introduction A bucket cylinder is a specially designed hydraulic cylinder primarily used to control the movement of buckets in heavy machinery such as excavators, backhoe excavators, and front-end loaders. Its main function is to facilitate material handling tasks by allowing the bucket to be lifted, lowered, and tilted [&hellip;]<\/p>","protected":false},"featured_media":14776,"comment_status":"open","ping_status":"closed","template":"","meta":{"_et_pb_use_builder":"","_et_pb_old_content":"","_et_gb_content_width":""},"product_brand":[],"product_cat":[1494],"product_tag":[1495,1496],"class_list":{"0":"post-15755","1":"product","2":"type-product","3":"status-publish","4":"has-post-thumbnail","6":"product_cat-bucket-cylinders","7":"product_tag-bucket-cylinders","8":"product_tag-hydraulic-cylinders","10":"first","11":"instock","12":"shipping-taxable","13":"product-type-simple"},"amp_enabled":true,"_links":{"self":[{"href":"https:\/\/www.hydraulic-cylinders.net\/sk\/wp-json\/wp\/v2\/product\/15755","targetHints":{"allow":["GET"]}}],"collection":[{"href":"https:\/\/www.hydraulic-cylinders.net\/sk\/wp-json\/wp\/v2\/product"}],"about":[{"href":"https:\/\/www.hydraulic-cylinders.net\/sk\/wp-json\/wp\/v2\/types\/product"}],"replies":[{"embeddable":true,"href":"https:\/\/www.hydraulic-cylinders.net\/sk\/wp-json\/wp\/v2\/comments?post=15755"}],"wp:featuredmedia":[{"embeddable":true,"href":"https:\/\/www.hydraulic-cylinders.net\/sk\/wp-json\/wp\/v2\/media\/14776"}],"wp:attachment":[{"href":"https:\/\/www.hydraulic-cylinders.net\/sk\/wp-json\/wp\/v2\/media?parent=15755"}],"wp:term":[{"taxonomy":"product_brand","embeddable":true,"href":"https:\/\/www.hydraulic-cylinders.net\/sk\/wp-json\/wp\/v2\/product_brand?post=15755"},{"taxonomy":"product_cat","embeddable":true,"href":"https:\/\/www.hydraulic-cylinders.net\/sk\/wp-json\/wp\/v2\/product_cat?post=15755"},{"taxonomy":"product_tag","embeddable":true,"href":"https:\/\/www.hydraulic-cylinders.net\/sk\/wp-json\/wp\/v2\/product_tag?post=15755"}],"curies":[{"name":"pracovn\u00fd list","href":"https:\/\/api.w.org\/{rel}","templated":true}]}}