{"id":15763,"date":"2025-01-19T14:56:56","date_gmt":"2025-01-19T14:56:56","guid":{"rendered":"https:\/\/www.hydraulic-cylinders.net\/product\/bucket-cylinder-for-jchi-ns55r-8\/"},"modified":"2025-01-19T14:56:58","modified_gmt":"2025-01-19T14:56:58","slug":"bucket-cylinder-for-jchi-ns55r-8","status":"publish","type":"product","link":"https:\/\/www.hydraulic-cylinders.net\/sk\/produkt\/bucket-cylinder-for-jchi-ns55r-8\/","title":{"rendered":"Valec vedra pre JCHI NS55R-8"},"content":{"rendered":"<h1>Valec vedra pre JCHI NS55R-8<\/h1>\n<h2>\u00davod<\/h2>\n<p>Hydraulick\u00fd valec ly\u017eice pre JCHI NS55R-8 je \u0161pecializovan\u00fd hydraulick\u00fd valec ur\u010den\u00fd na ovl\u00e1danie pohybu ly\u017eice v \u0165a\u017ek\u00fdch strojoch, ako s\u00fa bagre, r\u00fdpadlo-naklada\u010de a \u010deln\u00e9 naklada\u010de. Jeho hlavnou funkciou je umo\u017eni\u0165 zdv\u00edhanie, sp\u00fa\u0161\u0165anie a nakl\u00e1\u0148anie ly\u017eice, \u010do u\u013eah\u010duje vykon\u00e1vanie r\u00f4znych \u00faloh manipul\u00e1cie s materi\u00e1lom. V hydraulickom syst\u00e9me dosahuje valec ly\u017eice presn\u00e9 ovl\u00e1danie ly\u017eice vyu\u017eit\u00edm zmien tlaku v hydraulickom oleji, \u010do umo\u017e\u0148uje obsluhe efekt\u00edvne manipulova\u0165 s \u0165a\u017ek\u00fdmi bremenami a prisp\u00f4sobi\u0165 sa zlo\u017eit\u00fdm pracovn\u00fdm prostrediam a r\u00f4znorod\u00fdm po\u017eiadavk\u00e1m pr\u00e1ce.<\/p>\n<p><img decoding=\"async\" src=\"https:\/\/www.hydraulic-cylinders.net\/wp-content\/uploads\/2025\/01\/songte-company-2.webp\" alt=\"Obr\u00e1zok valca vedra\"><\/p>\n<h2>Funkcie<\/h2>\n<ul>\n<li>Vysok\u00e1 pevnos\u0165 a odolnos\u0165: Zvy\u010dajne je vyroben\u00fd z vysokopevnostnej ocele alebo hlin\u00edka, odol\u00e1 vysok\u00e9mu tlaku a \u0165a\u017ek\u00fdm za\u0165a\u017eeniam, \u010d\u00edm sa prisp\u00f4sob\u00ed n\u00e1ro\u010dn\u00fdm pracovn\u00fdm podmienkam. Kon\u0161trukcia zoh\u013ead\u0148uje odolnos\u0165 vo\u010di opotrebovaniu a kor\u00f3zii, \u010d\u00edm sa predl\u017euje \u017eivotnos\u0165.<\/li>\n<li>Efekt\u00edvna hydraulick\u00e1 prev\u00e1dzka: V\u010faka tlaku hydraulick\u00e9ho oleja dosahuje plynul\u00e9 teleskopick\u00e9 pohyby, \u010do umo\u017e\u0148uje r\u00fdchlu reakciu na ovl\u00e1dacie povely a poskytuje siln\u00e9 tla\u010dn\u00e9 a \u0165a\u017en\u00e9 sily, vhodn\u00e9 na manipul\u00e1ciu s \u0165a\u017ek\u00fdmi bremenami a zlo\u017eit\u00e9 pracovn\u00e9 \u00falohy.<\/li>\n<li>R\u00f4zne typy: Dostupn\u00e9 s jedno\u010dinn\u00fdmi (hydraulicky ovl\u00e1dan\u00e9 iba v jednom smere) alebo dvoj\u010dinn\u00fdmi (hydraulicky ovl\u00e1dan\u00e9 v oboch smeroch) valcami, aby vyhovovali r\u00f4znym prev\u00e1dzkov\u00fdm potreb\u00e1m. Niektor\u00e9 modely s\u00fa teleskopick\u00e9, \u010do umo\u017e\u0148uje v\u00e4\u010d\u0161ie vysunutie bez zv\u00e4\u010d\u0161enia vonkaj\u0161\u00edch rozmerov, vhodn\u00e9 pre aplik\u00e1cie s obmedzen\u00fdm priestorom.<\/li>\n<li>Dokonal\u00e1 n\u00e1hrada: Na\u0161e produkty dok\u00e1\u017eu dokonale nahradi\u0165 tieto hydraulick\u00e9 valce.<\/li>\n<\/ul>\n<p><img decoding=\"async\" src=\"https:\/\/www.hydraulic-cylinders.net\/wp-content\/uploads\/2025\/01\/songte-cylinder-head-with-all-kinds-excavator-models.webp\" alt=\"Obr\u00e1zok produktu\"><\/p>\n<h2>Aplik\u00e1cie<\/h2>\n<p>Kol\u00edkov\u00fd valec nach\u00e1dza uplatnenie v r\u00f4znych odvetviach:<\/p>\n<ul>\n<li>Stavebn\u00e9 zariadenia: Pre bagre s\u00fa nevyhnutn\u00e9, preto\u017ee s\u00fa nevyhnutn\u00e9 na kopanie, nakladanie a premiest\u0148ovanie zeminy alebo sutiny. V r\u00fdpadlo-naklada\u010doch pom\u00e1haj\u00fa valce ko\u0161\u00edkov pri kopan\u00ed aj zdv\u00edhan\u00ed.<\/li>\n<li>Po\u013enohospod\u00e1rske stroje: Pou\u017e\u00edvaj\u00fa sa v \u010deln\u00fdch naklada\u010doch na naberanie, zdv\u00edhanie a prepravu p\u00f4dy, sena a in\u00fdch materi\u00e1lov.<\/li>\n<li>R\u00fdpadl\u00e1: Valec ly\u017eice umo\u017e\u0148uje kopanie t\u00fdm, \u017ee umo\u017e\u0148uje ly\u017eici prenikn\u00fa\u0165 do p\u00f4dy.<\/li>\n<li>\u010celn\u00e9 naklada\u010de: \u010celn\u00e9 naklada\u010de pom\u00e1haj\u00fa pri efekt\u00edvnom zdv\u00edhan\u00ed a vykladan\u00ed n\u00e1kladu.<\/li>\n<\/ul>\n<h2>\u00davahy o dizajne a krit\u00e9ri\u00e1 v\u00fdberu<\/h2>\n<p>Pri v\u00fdbere dizajnu je potrebn\u00e9 zv\u00e1\u017ei\u0165 nieko\u013eko k\u013e\u00fa\u010dov\u00fdch faktorov:<\/p>\n<ul>\n<li>Nosnos\u0165: Valec vedra mus\u00ed by\u0165 navrhnut\u00fd tak, aby zvl\u00e1dol maxim\u00e1lne o\u010dak\u00e1van\u00e9 za\u0165a\u017eenie.<\/li>\n<li>Tesnenie: Na zabezpe\u010denie spr\u00e1vnej hydraulickej funkcie a zabr\u00e1nenie \u00faniku sa pou\u017e\u00edvaj\u00fa r\u00f4zne tesniace komponenty, ako s\u00fa tesnenia piestov a tesnenia ty\u010d\u00ed.<\/li>\n<li>Trvanlivos\u0165: Valec by mal by\u0165 vyroben\u00fd z materi\u00e1lov a n\u00e1terov, ktor\u00e9 pon\u00fakaj\u00fa odolnos\u0165 vo\u010di opotrebovaniu a kor\u00f3zii, \u010d\u00edm sa zabezpe\u010d\u00ed dlh\u00e1 \u017eivotnos\u0165.<\/li>\n<li>Bezpe\u010dnos\u0165: Do kon\u0161trukcie by mali by\u0165 za\u010dlenen\u00e9 bezpe\u010dnostn\u00e9 prvky, ako s\u00fa pretlakov\u00e9 ventily a mechanizmy n\u00fadzov\u00e9ho zastavenia, aby sa chr\u00e1nili oper\u00e1tori a zariadenia.<\/li>\n<li>\u00dadr\u017eba: F\u013ea\u0161a by mala by\u0165 navrhnut\u00e1 pre jednoduch\u00fa \u00fadr\u017ebu, s pr\u00edstupn\u00fdmi komponentmi a jasn\u00fdmi pokynmi na opravy alebo v\u00fdmeny.<\/li>\n<\/ul>\n<p><img decoding=\"async\" src=\"https:\/\/www.hydraulic-cylinders.net\/wp-content\/uploads\/2025\/01\/songte-oil-pipes-and-spare-parts.webp\" alt=\"Obr\u00e1zok s aspektmi dizajnu\"><\/p>\n<h2>Tesnenie a mazanie<\/h2>\n<p>Valec kor\u010deka vyu\u017e\u00edva r\u00f4zne tesniace komponenty, ako s\u00fa tesnenia piestov a tesnenia ty\u010d\u00ed. Tieto tesnenia s\u00fa vyroben\u00e9 z materi\u00e1lov odoln\u00fdch vo\u010di opotrebovaniu, ako je polyuret\u00e1n a nitrilov\u00fd kau\u010duk. Teleso valca a z\u00e1vitov\u00e9 konce prech\u00e1dzaj\u00fa presn\u00fdm spracovan\u00edm na zv\u00fd\u0161enie odolnosti vo\u010di opotrebovaniu. Na zabezpe\u010denie hladk\u00e9ho chodu je potrebn\u00e9 pravideln\u00e9 mazanie vhodn\u00fdm hydraulick\u00fdm olejom.<\/p>\n<h2>Kontrola a prevent\u00edvna \u00fadr\u017eba<\/h2>\n<p>Pre zabezpe\u010denie optim\u00e1lneho v\u00fdkonu a dlhej \u017eivotnosti by sa mali vykon\u00e1va\u0165 pravideln\u00e9 kontroly a prevent\u00edvna \u00fadr\u017eba. Medzi odpor\u00fa\u010dan\u00e9 opatrenia patria:<\/p>\n<ul>\n<li>Pravideln\u00e9 kontroly valca, \u010di nevykazuje zn\u00e1mky opotrebovania, \u00faniku alebo po\u0161kodenia.<\/li>\n<li>Spr\u00e1vne mazanie v\u0161etk\u00fdch pohybliv\u00fdch \u010dast\u00ed na zn\u00ed\u017eenie trenia a zabr\u00e1nenie pred\u010dasn\u00e9mu opotrebovaniu.<\/li>\n<li>Pravideln\u00e1 v\u00fdmena tesnen\u00ed pre zachovanie spr\u00e1vneho tesniaceho v\u00fdkonu.<\/li>\n<li>Kalibra\u010dn\u00e9 kontroly na overenie v\u00fdkonu a zarovnania valca.<\/li>\n<\/ul>\n<p><img decoding=\"async\" src=\"https:\/\/www.hydraulic-cylinders.net\/wp-content\/uploads\/2025\/01\/songte-chushion-collar.webp\" alt=\"Obr\u00e1zok kontroly a \u00fadr\u017eby\"><\/p>\n<h2>Bezpe\u010dnostn\u00e9 aspekty a faktory prostredia<\/h2>\n<p>Pri pou\u017e\u00edvan\u00ed valca s vedrom je nevyhnutn\u00e9 dodr\u017eiava\u0165 odpor\u00fa\u010dan\u00e9 bezpe\u010dnostn\u00e9 opatrenia, aby sa zabezpe\u010dila bezpe\u010dnos\u0165 obsluhy a okolit\u00e9ho prostredia. Bezpe\u010dnostn\u00e9 opatrenia zah\u0155\u0148aj\u00fa:<\/p>\n<ul>\n<li>Riadne \u0161kolenie obsluhy o bezpe\u010dnom pou\u017e\u00edvan\u00ed a \u00fadr\u017ebe valca.<\/li>\n<li>Dodr\u017eiavanie bezpe\u010dnostn\u00fdch pokynov a predpisov po\u010das in\u0161tal\u00e1cie, prev\u00e1dzky a \u00fadr\u017eby.<\/li>\n<li>Spr\u00e1vna likvid\u00e1cia v\u0161etk\u00fdch nebezpe\u010dn\u00fdch materi\u00e1lov spojen\u00fdch s tlakovou f\u013ea\u0161ou.<\/li>\n<\/ul>\n<h2>Diagnostika por\u00fach a rie\u0161enie probl\u00e9mov<\/h2>\n<p>V pr\u00edpade poruchy je d\u00f4le\u017eit\u00e9 probl\u00e9my okam\u017eite diagnostikova\u0165 a rie\u0161i\u0165. Medzi be\u017en\u00e9 probl\u00e9my a met\u00f3dy ich rie\u0161enia patria:<\/p>\n<ul>\n<li>\u00danik: Skontrolujte a vyme\u0148te po\u0161koden\u00e9 tesnenia alebo dotiahnite spoje.<\/li>\n<li>Pomal\u00e1 prev\u00e1dzka: Skontrolujte hladinu hydraulickej kvapaliny, vy\u010distite alebo vyme\u0148te filtre a zabezpe\u010dte spr\u00e1vne mazanie.<\/li>\n<li>Nepravideln\u00e9 pohyby: Skontrolujte spr\u00e1vne zarovnanie a v pr\u00edpade potreby ho upravte. Skontrolujte, \u010di nie s\u00fa prek\u00e1\u017eky alebo po\u0161koden\u00e9 komponenty.<\/li>\n<\/ul>\n<p><img decoding=\"async\" src=\"https:\/\/www.hydraulic-cylinders.net\/wp-content\/uploads\/2025\/01\/songte-bushings-with-all-kinds-of-excavator-models.webp\" alt=\"Obr\u00e1zok diagnostiky poruchy\"><\/p>\n<p>Dodr\u017eiavan\u00edm spr\u00e1vnych postupov in\u0161tal\u00e1cie, mazania a nastavenia je mo\u017en\u00e9 maximalizova\u0165 \u017eivotnos\u0165 a v\u00fdkon valca s vedrom. Na pred\u013a\u017eenie jeho \u017eivotnosti sa odpor\u00fa\u010da spr\u00e1vne zarovnanie po\u010das in\u0161tal\u00e1cie, pou\u017eitie vhodn\u00fdch mont\u00e1\u017enych konzol na upevnenie valca a pravideln\u00e9 kontroly, opravy a v\u00fdmeny.<\/p>\n<h2>O na\u0161ej spolo\u010dnosti<\/h2>\n<p>Sme popredn\u00fdm v\u00fdrobcom a ve\u013ekoobchodn\u00fdm distrib\u00fatorom hydraulick\u00fdch valcov na dom\u00e1com aj medzin\u00e1rodnom trhu. Pon\u00fakame \u0161irok\u00fd sortiment produktov a sme zn\u00e1mi svojou vynikaj\u00facou kvalitou. Na\u0161a spolo\u010dnos\u0165 sa riadi strat\u00e9giou riadenia v\u00fdroby, ktor\u00e1 kladie d\u00f4raz na industrializovan\u00fa v\u00fdrobu v prec\u00edzne vyladen\u00fdch diel\u0148ach. So zameran\u00edm na zamestn\u00e1vanie kvalifikovan\u00fdch pracovn\u00edkov, vyu\u017e\u00edvanie pokro\u010dil\u00fdch digit\u00e1lnych v\u00fdrobn\u00fdch zariaden\u00ed a implement\u00e1ciu profesion\u00e1lnych testovac\u00edch syst\u00e9mov neust\u00e1le vylep\u0161ujeme na\u0161u v\u00fdrobn\u00fa platformu, aby sme efekt\u00edvne a s vysokou presnos\u0165ou a kvalitou sp\u013a\u0148ali r\u00f4zne potreby z\u00e1kazn\u00edkov.<\/p>\n<p><img decoding=\"async\" src=\"https:\/\/www.hydraulic-cylinders.net\/wp-content\/uploads\/2025\/01\/songte-company-3.webp\" alt=\"Obr\u00e1zok spolo\u010dnosti\"><\/p>\n<h3>K\u013e\u00fa\u010dov\u00e9 body o na\u0161ej spolo\u010dnosti:<\/h3>\n<ul>\n<li>Profesionalita: S t\u00edmom odborn\u00edkov poskytujeme odborn\u00e9 znalosti vo v\u00fdrobe hydraulick\u00fdch valcov.<\/li>\n<li>Medzin\u00e1rodn\u00e9 certifik\u00e1cie: Na\u0161e produkty sp\u013a\u0148aj\u00fa medzin\u00e1rodn\u00e9 normy a certifik\u00e1cie.<\/li>\n<li>Slu\u017eby prisp\u00f4sobenia: Pon\u00fakame rie\u0161enia na mieru, ktor\u00e9 sp\u013a\u0148aj\u00fa \u0161pecifick\u00e9 po\u017eiadavky.<\/li>\n<li>Najmodernej\u0161ie vybavenie: Pre optim\u00e1lnu kvalitu pou\u017e\u00edvame modern\u00e9 v\u00fdrobn\u00e9 zariadenia.<\/li>\n<li>Popredajn\u00fd servis: Na\u0161a spolo\u010dnos\u0165 poskytuje komplexn\u00fa popredajn\u00fa podporu a slu\u017eby.<\/li>\n<\/ul>\n<p>Logick\u00fdm usporiadan\u00edm \u010dl\u00e1nku, pou\u017eit\u00edm podnadpisov pre jednoduch\u00fa navig\u00e1ciu, za\u010dlenen\u00edm relevantn\u00fdch obr\u00e1zkov alebo grafov pre lep\u0161ie pochopenie a zabezpe\u010den\u00edm jasn\u00e9ho a stru\u010dn\u00e9ho obsahu sa sna\u017e\u00edme vyhovie\u0165 \u010ditate\u013eom s r\u00f4znymi \u00farov\u0148ami technick\u00fdch znalost\u00ed.<\/p>\n<p><em>Autor: lyl<\/em><\/p>","protected":false},"excerpt":{"rendered":"<p>Bucket Cylinder For JCHI NS55R-8 Introduction The bucket cylinder for JCHI NS55R-8 is a specialized hydraulic cylinder designed to control the movement of the bucket in heavy machinery such as excavators, backhoe loaders, and front-end loaders. Its main function is to enable the lifting, lowering, and tilting of the bucket, making it easier to handle [&hellip;]<\/p>","protected":false},"featured_media":14788,"comment_status":"open","ping_status":"closed","template":"","meta":{"_et_pb_use_builder":"","_et_pb_old_content":"","_et_gb_content_width":""},"product_brand":[],"product_cat":[1494],"product_tag":[1495,1496],"class_list":{"0":"post-15763","1":"product","2":"type-product","3":"status-publish","4":"has-post-thumbnail","6":"product_cat-bucket-cylinders","7":"product_tag-bucket-cylinders","8":"product_tag-hydraulic-cylinders","10":"first","11":"instock","12":"shipping-taxable","13":"product-type-simple"},"amp_enabled":true,"_links":{"self":[{"href":"https:\/\/www.hydraulic-cylinders.net\/sk\/wp-json\/wp\/v2\/product\/15763","targetHints":{"allow":["GET"]}}],"collection":[{"href":"https:\/\/www.hydraulic-cylinders.net\/sk\/wp-json\/wp\/v2\/product"}],"about":[{"href":"https:\/\/www.hydraulic-cylinders.net\/sk\/wp-json\/wp\/v2\/types\/product"}],"replies":[{"embeddable":true,"href":"https:\/\/www.hydraulic-cylinders.net\/sk\/wp-json\/wp\/v2\/comments?post=15763"}],"wp:featuredmedia":[{"embeddable":true,"href":"https:\/\/www.hydraulic-cylinders.net\/sk\/wp-json\/wp\/v2\/media\/14788"}],"wp:attachment":[{"href":"https:\/\/www.hydraulic-cylinders.net\/sk\/wp-json\/wp\/v2\/media?parent=15763"}],"wp:term":[{"taxonomy":"product_brand","embeddable":true,"href":"https:\/\/www.hydraulic-cylinders.net\/sk\/wp-json\/wp\/v2\/product_brand?post=15763"},{"taxonomy":"product_cat","embeddable":true,"href":"https:\/\/www.hydraulic-cylinders.net\/sk\/wp-json\/wp\/v2\/product_cat?post=15763"},{"taxonomy":"product_tag","embeddable":true,"href":"https:\/\/www.hydraulic-cylinders.net\/sk\/wp-json\/wp\/v2\/product_tag?post=15763"}],"curies":[{"name":"pracovn\u00fd list","href":"https:\/\/api.w.org\/{rel}","templated":true}]}}