{"id":15765,"date":"2025-01-19T14:57:04","date_gmt":"2025-01-19T14:57:04","guid":{"rendered":"https:\/\/www.hydraulic-cylinders.net\/product\/bucket-cylinder-for-jchi-ns75-7\/"},"modified":"2025-01-19T14:57:06","modified_gmt":"2025-01-19T14:57:06","slug":"bucket-cylinder-for-jchi-ns75-7","status":"publish","type":"product","link":"https:\/\/www.hydraulic-cylinders.net\/sk\/produkt\/bucket-cylinder-for-jchi-ns75-7\/","title":{"rendered":"Valec vedra pre JCHI NS75-7"},"content":{"rendered":"<h2>Valec vedra pre JCHI NS75-7<\/h2>\n<h3>\u00davod<\/h3>\n<p>The Bucket Cylinder for JCHI NS75-7 is a specially designed hydraulic cylinder primarily used to control the movement of the bucket in heavy machinery such as excavators, backhoe excavators, and front-end loaders. Its main function is to enable the bucket to lift, lower, and tilt, making it convenient for various material handling tasks. In the hydraulic system, the bucket cylinder achieves precise control of the bucket&#8217;s movement through changes in hydraulic oil pressure, allowing operators to handle heavy loads efficiently and adapt to complex work environments and diverse operational requirements.<\/p>\n<p><img decoding=\"async\" src=\"https:\/\/www.hydraulic-cylinders.net\/wp-content\/uploads\/2025\/01\/songte-company-2.webp\" alt=\"Valec vedra pre JCHI NS75-7\" \/><\/p>\n<h3>Vlastnosti produktu<\/h3>\n<ul>\n<li>Vysok\u00e1 pevnos\u0165 a odolnos\u0165: Valec, zvy\u010dajne vyroben\u00fd z vysokopevnostnej ocele alebo hlin\u00edka, odol\u00e1 vysok\u00e9mu tlaku a \u0165a\u017ek\u00fdm za\u0165a\u017eeniam, \u010d\u00edm sa prisp\u00f4sob\u00ed n\u00e1ro\u010dn\u00fdm pracovn\u00fdm podmienkam. Je navrhnut\u00fd s oh\u013eadom na odolnos\u0165 vo\u010di opotrebovaniu a kor\u00f3zii, \u010d\u00edm predl\u017euje \u017eivotnos\u0165.<\/li>\n<li>Efekt\u00edvna hydraulick\u00e1 prev\u00e1dzka: V\u010faka vyu\u017eitiu tlaku hydraulick\u00e9ho oleja na dosiahnutie plynul\u00e9ho vys\u00favania a zas\u00favania dok\u00e1\u017ee valec ly\u017eice r\u00fdchlo reagova\u0165 na ovl\u00e1dacie povely a poskytova\u0165 siln\u00e9 tla\u010dn\u00e9 a \u0165a\u017en\u00e9 sily, ktor\u00e9 s\u00fa vhodn\u00e9 na manipul\u00e1ciu s \u0165a\u017ek\u00fdmi bremenami a zlo\u017eit\u00fdmi pracovn\u00fdmi \u00falohami.<\/li>\n<li>R\u00f4zne typy: Valec je mo\u017en\u00e9 vybra\u0165 pod\u013ea potrieb jedno\u010dinn\u00e9ho (hydraulicky pou\u017e\u00edvan\u00fd iba v jednom smere) alebo dvoj\u010dinn\u00e9ho (hydraulicky pou\u017e\u00edvan\u00fd v dvoch smeroch), aby sa splnili r\u00f4zne prev\u00e1dzkov\u00e9 po\u017eiadavky. Niektor\u00e9 modely s\u00fa teleskopick\u00e9, \u010do umo\u017e\u0148uje v\u00e4\u010d\u0161ie vysunutie bez zv\u00e4\u010d\u0161enia vonkaj\u0161\u00edch rozmerov, vhodn\u00e9 pre aplik\u00e1cie s obmedzen\u00fdm priestorom.<\/li>\n<\/ul>\n<p>Tento produkt vieme vyrobi\u0165 a n\u00e1\u0161 produkt dok\u00e1\u017ee dokonale nahradi\u0165 tieto hydraulick\u00e9 valce.<\/p>\n<p><img decoding=\"async\" src=\"https:\/\/www.hydraulic-cylinders.net\/wp-content\/uploads\/2025\/01\/songte-cylinder-head-with-all-kinds-excavator-models.webp\" alt=\"Valec vedra pre JCHI NS75-7\" \/><\/p>\n<h3>Aplik\u00e1cie<\/h3>\n<p>Valec s kol\u00edkom pre JCHI NS75-7 sa \u0161iroko pou\u017e\u00edva v r\u00f4znych odvetviach vr\u00e1tane:<\/p>\n<ul>\n<li>Stavebn\u00e9 zariadenia: V bagroch zohr\u00e1vaj\u00fa k\u013e\u00fa\u010dov\u00fa \u00falohu pri kopan\u00ed, nakladan\u00ed a premiest\u0148ovan\u00ed zeminy alebo sutiny. V r\u00fdpadlo-naklada\u010doch prispieva valec ly\u017eice k kopaniu aj zdv\u00edhaniu. V \u010deln\u00fdch naklada\u010doch pom\u00e1haj\u00fa efekt\u00edvne zdv\u00edha\u0165 a nakl\u00e1\u0148a\u0165 n\u00e1klad.<\/li>\n<li>Po\u013enohospod\u00e1rske stroje: Pou\u017e\u00edvaj\u00fa sa pre \u010deln\u00e9 naklada\u010de na naberanie, zdv\u00edhanie a prepravu p\u00f4dy, sena a in\u00fdch materi\u00e1lov. V r\u00fdpadl\u00e1ch umo\u017e\u0148uje valec ly\u017eice kopanie t\u00fdm, \u017ee umo\u017e\u0148uje ly\u017eici prenikn\u00fa\u0165 do p\u00f4dy.<\/li>\n<\/ul>\n<p>Let&#8217;s take a closer look at each application:<\/p>\n<h4>Stavebn\u00e9 stroje<\/h4>\n<p>R\u00fdpadl\u00e1 sa pou\u017e\u00edvaj\u00fa na kopanie, nakladanie a premiest\u0148ovanie zeminy alebo sutiny a valec ly\u017eice je pre tieto \u00falohy nevyhnutn\u00fd. Podobne aj r\u00fdpadl\u00e1-bagre pou\u017e\u00edvaj\u00fa valec ly\u017eice na kopanie a zdv\u00edhanie. V \u010deln\u00fdch naklada\u010doch sa valec pou\u017e\u00edva na zdv\u00edhanie a nakl\u00e1\u0148anie n\u00e1kladu, \u010do u\u013eah\u010duje jeho prepravu.<\/p>\n<h4>Po\u013enohospod\u00e1rske stroje<\/h4>\n<p>\u010celn\u00e9 naklada\u010de vybaven\u00e9 kore\u010dkov\u00fdmi valcami sa pou\u017e\u00edvaj\u00fa na naberanie, zdv\u00edhanie a prepravu p\u00f4dy, sena a in\u00fdch materi\u00e1lov. R\u00fdpadl\u00e1 vybaven\u00e9 kore\u010dkov\u00fdmi valcami dok\u00e1\u017eu prenikn\u00fa\u0165 do p\u00f4dy, \u010do u\u013eah\u010duje kopanie a premiest\u0148ovanie zeminy.<\/p>\n<h3>\u00davahy o dizajne a \u0161tandardy v\u00fdberu<\/h3>\n<p>Valce kor\u010dekov s\u00fa navrhnut\u00e9 tak, aby sp\u013a\u0148ali \u0161pecifick\u00e9 v\u00fdkonnostn\u00e9 po\u017eiadavky. Medzi k\u013e\u00fa\u010dov\u00e9 kon\u0161truk\u010dn\u00e9 aspekty patr\u00ed pevnos\u0165, tesnenie, odolnos\u0165, bezpe\u010dnos\u0165 a \u00fadr\u017eba, ako je uveden\u00e9 ni\u017e\u0161ie:<\/p>\n<ul>\n<li>Pevnos\u0165: Valec mus\u00ed by\u0165 schopn\u00fd odola\u0165 vysok\u00e9mu za\u0165a\u017eeniu a tlaku, preto sa v stavebn\u00edctve zvy\u010dajne pou\u017e\u00edvaj\u00fa materi\u00e1ly s vysokou pevnos\u0165ou.<\/li>\n<li>Tesnenie: Hydraulick\u00e9 valce sa spoliehaj\u00fa na tesnenia, aby sa zabr\u00e1nilo \u00faniku kvapaliny. V tesneniach sa pou\u017e\u00edvaj\u00fa \u0161peci\u00e1lne materi\u00e1ly, ako je polyuret\u00e1n a nitrilov\u00e1 guma, kv\u00f4li ich odolnosti vo\u010di opotrebovaniu.<\/li>\n<li>Trvanlivos\u0165: Valec by mal by\u0165 odoln\u00fd vo\u010di opotrebovaniu a kor\u00f3zii, \u010do m\u00f4\u017ee zn\u00ed\u017ei\u0165 jeho \u017eivotnos\u0165 a v\u00fdkon.<\/li>\n<li>Bezpe\u010dnos\u0165: S\u00fa\u010das\u0165ou kon\u0161trukcie musia by\u0165 bezpe\u010dnostn\u00e9 prvky, ako s\u00fa pretlakov\u00e9 ventily a blokovacie ventily, aby sa predi\u0161lo nehod\u00e1m.<\/li>\n<li>\u00dadr\u017eba: Kon\u0161truk\u010dn\u00e9 prvky, ako s\u00fa odn\u00edmate\u013en\u00e9 koncov\u00e9 krytky a z\u00e1vitov\u00e9 ty\u010de, u\u013eah\u010duj\u00fa \u00fadr\u017ebu a opravu hydraulick\u00fdch valcov.<\/li>\n<\/ul>\n<p><img decoding=\"async\" src=\"https:\/\/www.hydraulic-cylinders.net\/wp-content\/uploads\/2025\/01\/songte-oil-pipes-and-spare-parts.webp\" alt=\"Valec vedra pre JCHI NS75-7\" \/><\/p>\n<h3>Tesnenie a mazanie<\/h3>\n<p>Valce kor\u010dekov vy\u017eaduj\u00fa pravideln\u00e9 mazanie a \u00fadr\u017ebu, aby sa pred\u013a\u017eila ich \u017eivotnos\u0165. Na zabr\u00e1nenie \u00faniku sa pou\u017e\u00edvaj\u00fa r\u00f4zne tesnenia a polyuret\u00e1n a nitrilov\u00e1 guma s\u00fa ob\u013e\u00faben\u00fdmi materi\u00e1lmi tesnen\u00ed v\u010faka svojej odolnosti. Valec a z\u00e1vitov\u00e1 ty\u010d s\u00fa o\u0161etren\u00e9 \u0161peci\u00e1lnymi n\u00e1termi na zlep\u0161enie odolnosti proti opotrebovaniu a hydraulick\u00fd olej sa pou\u017e\u00edva na mazanie piestu a in\u00fdch pohybliv\u00fdch \u010dast\u00ed. Pravideln\u00e9 v\u00fdmeny oleja s\u00fa potrebn\u00e9 na udr\u017eanie \u010distoty hydraulickej kvapaliny a zabr\u00e1nenie kontamin\u00e1cii.<\/p>\n<h3>\u00dadr\u017eba a opravy<\/h3>\n<p>Pravideln\u00e1 \u00fadr\u017eba a opravy s\u00fa nevyhnutn\u00e9 pre optim\u00e1lny v\u00fdkon hydraulick\u00fdch valcov. Medzi be\u017en\u00e9 \u00falohy \u00fadr\u017eby patr\u00ed kontrola tesnost\u00ed, mazanie k\u013e\u00fa\u010dov\u00fdch komponentov, v\u00fdmena tesnen\u00ed a kontrola kalibr\u00e1cie. Pre zabezpe\u010denie spr\u00e1vnej in\u0161tal\u00e1cie je nevyhnutn\u00e9 spr\u00e1vne zarovna\u0165 valec a pou\u017ei\u0165 vhodn\u00e9 mont\u00e1\u017ene konzoly na jeho upevnenie. Na udr\u017eanie optim\u00e1lneho v\u00fdkonu a pred\u013a\u017eenie \u017eivotnosti valca by sa mali dodr\u017eiava\u0165 odpor\u00fa\u010dan\u00e9 postupy kontroly, opravy a v\u00fdmeny.<\/p>\n<p><img decoding=\"async\" src=\"https:\/\/www.hydraulic-cylinders.net\/wp-content\/uploads\/2025\/01\/songte-chushion-collar.webp\" alt=\"Valec vedra pre JCHI NS75-7\" \/><\/p>\n<h3>Bezpe\u010dnostn\u00e9 aspekty a faktory prostredia<\/h3>\n<p>Hydraulick\u00e9 valce m\u00f4\u017eu by\u0165 nebezpe\u010dn\u00e9, ak sa s nimi nezaobch\u00e1dza spr\u00e1vne, preto je pri ich pou\u017e\u00edvan\u00ed nevyhnutn\u00e9 dodr\u017eiava\u0165 bezpe\u010dnostn\u00e9 postupy. Obsluha by mala nosi\u0165 vhodn\u00e9 ochrann\u00e9 pom\u00f4cky a pou\u017e\u00edva\u0165 poistn\u00e9 ventily, aby zabr\u00e1nila n\u00e1hodn\u00e9mu pohybu valca. V\u00fdkon a \u017eivotnos\u0165 hydraulick\u00fdch valcov m\u00f4\u017eu ovplyvni\u0165 aj faktory prostredia, ako je teplota, vlhkos\u0165 a kontamin\u00e1cia.<\/p>\n<h3>Rie\u0161enie probl\u00e9mov a be\u017en\u00e9 probl\u00e9my<\/h3>\n<p>Medzi be\u017en\u00e9 probl\u00e9my s hydraulick\u00fdmi valcami patria netesnosti tesnen\u00ed, nedostato\u010dn\u00fd tlak a po\u0161kodenie telesa valca. Medzi met\u00f3dy rie\u0161enia probl\u00e9mov patr\u00ed kontrola netesnost\u00ed, kontrola hydraulick\u00fdch potrub\u00ed a testovanie spr\u00e1vnej prev\u00e1dzky. Rie\u0161enia m\u00f4\u017eu zah\u0155\u0148a\u0165 v\u00fdmenu tesnen\u00ed, opravu alebo v\u00fdmenu po\u0161koden\u00fdch \u010dast\u00ed a nastavenie \u00farovne tlaku.<\/p>\n<p><img decoding=\"async\" src=\"https:\/\/www.hydraulic-cylinders.net\/wp-content\/uploads\/2025\/01\/songte-bushings-with-all-kinds-of-excavator-models.webp\" alt=\"Valec vedra pre JCHI NS75-7\" \/><\/p>\n<h3>O na\u0161ej spolo\u010dnosti<\/h3>\n<p>Sme v\u00fdrobcom n\u00e1hradn\u00fdch hydraulick\u00fdch valcov s kompletn\u00fdm sortimentom produktov a st\u00e1vame sa jedn\u00fdm z popredn\u00fdch v\u00fdrobcov a ve\u013ekoobchodn\u00edkov s hydraulick\u00fdmi valcami na dom\u00e1com aj medzin\u00e1rodnom trhu. Riadime sa princ\u00edpmi vynikaj\u00facej kvality, spoliehame sa na strat\u00e9giu industrializovan\u00e9ho riadenia v\u00fdroby sofistikovanej v\u00fdrobnej dielne, neust\u00e1le zlep\u0161ujeme v\u00fdrobn\u00fa platformu dielne, zdokona\u013eujeme v\u00fdrobn\u00fa linku kvality produktov a m\u00e1me siln\u00e9 v\u00fdrobn\u00e9 schopnosti. V\u010faka vysokej \u00fa\u010dinnosti, vysokej presnosti a princ\u00edpom vysokej kvality dok\u00e1\u017eeme uspokoji\u0165 rozmanit\u00e9 potreby z\u00e1kazn\u00edkov.<\/p>\n<p>Na\u0161a spolo\u010dnos\u0165 m\u00e1 r\u00f4zne certifik\u00e1cie vr\u00e1tane ISO9001, ISO14001 a OHSAS18001, \u010do dokazuje n\u00e1\u0161 z\u00e1v\u00e4zok poskytova\u0165 na\u0161im z\u00e1kazn\u00edkom vysokokvalitn\u00e9 produkty a slu\u017eby. Pon\u00fakame tie\u017e slu\u017eby na mieru a na\u0161e v\u00fdrobn\u00e9 zariadenia s\u00fa najmodernej\u0161ie, \u010do zaru\u010duje kvalitu na\u0161ich produktov. N\u00e1\u0161 popredajn\u00fd servis je tie\u017e vynikaj\u00faci s t\u00edmom profesion\u00e1lov, ktor\u00ed sa venuj\u00fa poskytovaniu technickej podpory a \u00fadr\u017eby s cie\u013eom zabezpe\u010di\u0165 optim\u00e1lny v\u00fdkon na\u0161ich hydraulick\u00fdch valcov.<\/p>\n<p><img decoding=\"async\" src=\"https:\/\/hzpt.com\/wp-content\/uploads\/2024\/11\/songte-company-1.webp\" alt=\"Valec vedra pre JCHI NS75-7\" \/><\/p>\n<p>Autor: lyl<\/p>","protected":false},"excerpt":{"rendered":"<p>Bucket Cylinder For JCHI NS75-7 Introduction The Bucket Cylinder for JCHI NS75-7 is a specially designed hydraulic cylinder primarily used to control the movement of the bucket in heavy machinery such as excavators, backhoe excavators, and front-end loaders. Its main function is to enable the bucket to lift, lower, and tilt, making it convenient for [&hellip;]<\/p>","protected":false},"featured_media":14785,"comment_status":"open","ping_status":"closed","template":"","meta":{"_et_pb_use_builder":"","_et_pb_old_content":"","_et_gb_content_width":""},"product_brand":[],"product_cat":[1494],"product_tag":[1495,1496],"class_list":{"0":"post-15765","1":"product","2":"type-product","3":"status-publish","4":"has-post-thumbnail","6":"product_cat-bucket-cylinders","7":"product_tag-bucket-cylinders","8":"product_tag-hydraulic-cylinders","10":"first","11":"instock","12":"shipping-taxable","13":"product-type-simple"},"amp_enabled":true,"_links":{"self":[{"href":"https:\/\/www.hydraulic-cylinders.net\/sk\/wp-json\/wp\/v2\/product\/15765","targetHints":{"allow":["GET"]}}],"collection":[{"href":"https:\/\/www.hydraulic-cylinders.net\/sk\/wp-json\/wp\/v2\/product"}],"about":[{"href":"https:\/\/www.hydraulic-cylinders.net\/sk\/wp-json\/wp\/v2\/types\/product"}],"replies":[{"embeddable":true,"href":"https:\/\/www.hydraulic-cylinders.net\/sk\/wp-json\/wp\/v2\/comments?post=15765"}],"wp:featuredmedia":[{"embeddable":true,"href":"https:\/\/www.hydraulic-cylinders.net\/sk\/wp-json\/wp\/v2\/media\/14785"}],"wp:attachment":[{"href":"https:\/\/www.hydraulic-cylinders.net\/sk\/wp-json\/wp\/v2\/media?parent=15765"}],"wp:term":[{"taxonomy":"product_brand","embeddable":true,"href":"https:\/\/www.hydraulic-cylinders.net\/sk\/wp-json\/wp\/v2\/product_brand?post=15765"},{"taxonomy":"product_cat","embeddable":true,"href":"https:\/\/www.hydraulic-cylinders.net\/sk\/wp-json\/wp\/v2\/product_cat?post=15765"},{"taxonomy":"product_tag","embeddable":true,"href":"https:\/\/www.hydraulic-cylinders.net\/sk\/wp-json\/wp\/v2\/product_tag?post=15765"}],"curies":[{"name":"pracovn\u00fd list","href":"https:\/\/api.w.org\/{rel}","templated":true}]}}