{"id":15775,"date":"2025-01-19T14:57:52","date_gmt":"2025-01-19T14:57:52","guid":{"rendered":"https:\/\/www.hydraulic-cylinders.net\/product\/bucket-cylinder-for-jove-jv235lc\/"},"modified":"2025-01-19T14:57:54","modified_gmt":"2025-01-19T14:57:54","slug":"bucket-cylinder-for-jove-jv235lc","status":"publish","type":"product","link":"https:\/\/www.hydraulic-cylinders.net\/sk\/produkt\/bucket-cylinder-for-jove-jv235lc\/","title":{"rendered":"Valec vedra pre Jove JV235LC"},"content":{"rendered":"<h1>Valec vedra pre Jove JV235LC<\/h1>\n<h2>\u00davod<\/h2>\n<p>Hydraulick\u00fd valec, tie\u017e zn\u00e1my ako hydraulick\u00fd valec, je \u0161peci\u00e1lne navrhnut\u00fd hydraulick\u00fd aktu\u00e1tor, ktor\u00fd sa pou\u017e\u00edva hlavne na ovl\u00e1danie pohybu ly\u017eice v \u0165a\u017ek\u00fdch strojoch, ako s\u00fa bagre, r\u00fdpadl\u00e1 a \u010deln\u00e9 naklada\u010de. Jeho hlavnou funkciou je zdv\u00edhanie, sp\u00fa\u0161\u0165anie a nakl\u00e1\u0148anie ly\u017eice, \u010do u\u013eah\u010duje vykon\u00e1vanie r\u00f4znych \u00faloh manipul\u00e1cie s materi\u00e1lom. V hydraulickom syst\u00e9me dosahuje valec ly\u017eice presn\u00e9 ovl\u00e1danie ly\u017eice prostredn\u00edctvom zmien tlaku hydraulick\u00e9ho oleja, \u010do umo\u017e\u0148uje obsluhe efekt\u00edvne manipulova\u0165 s \u0165a\u017ek\u00fdmi bremenami, prisp\u00f4sobova\u0165 sa zlo\u017eit\u00fdm pracovn\u00fdm prostrediam a r\u00f4znorod\u00fdm po\u017eiadavk\u00e1m na pr\u00e1cu.<\/p>\n<p><img decoding=\"async\" src=\"https:\/\/www.hydraulic-cylinders.net\/wp-content\/uploads\/2025\/01\/songte-company-2.webp\"><\/p>\n<h2>Funkcie<\/h2>\n<p>N\u00e1\u0161 valec na kociky pre Jove JV235LC m\u00e1 nasleduj\u00face vlastnosti:<\/p>\n<ul>\n<li>\n<h3>Vysok\u00e1 pevnos\u0165 a odolnos\u0165<\/h3>\n<\/li>\n<p>Zvy\u010dajne vyroben\u00fd z vysokopevnostnej ocele alebo hlin\u00edka, odol\u00e1 vysok\u00e9mu tlaku a \u0165a\u017ek\u00fdm za\u0165a\u017eeniam, prisp\u00f4sob\u00ed sa n\u00e1ro\u010dn\u00fdm pracovn\u00fdm podmienkam a je navrhnut\u00fd s oh\u013eadom na odolnos\u0165 vo\u010di opotrebovaniu a kor\u00f3zii, \u010d\u00edm sa predl\u017euje jeho \u017eivotnos\u0165.<\/p>\n<li>\n<h3>Efekt\u00edvna hydraulick\u00e1 prev\u00e1dzka<\/h3>\n<\/li>\n<p>V\u010faka hydraulick\u00e9mu tlaku oleja na dosiahnutie plynul\u00e9ho vys\u00favania a s\u0165ahovania dok\u00e1\u017ee r\u00fdchlo reagova\u0165 na ovl\u00e1dacie pr\u00edkazy, poskytova\u0165 siln\u00e9 tla\u010dn\u00e9 a \u0165a\u017en\u00e9 sily a je vhodn\u00fd na manipul\u00e1ciu s \u0165a\u017ek\u00fdmi bremenami a zlo\u017eit\u00fdmi pracovn\u00fdmi \u00falohami.<\/p>\n<li>\n<h3>R\u00f4zne typy na v\u00fdber<\/h3>\n<\/li>\n<p>Pod\u013ea potrieb a prev\u00e1dzkov\u00fdch po\u017eiadaviek je mo\u017en\u00e9 vybra\u0165 jedno\u010dinn\u00e9 (hydraulicky ovl\u00e1dan\u00e9 iba v jednom smere) alebo dvoj\u010dinn\u00e9 (hydraulicky ovl\u00e1dan\u00e9 v dvoch smeroch). Niektor\u00e9 modely s\u00fa teleskopick\u00e9, \u010do umo\u017e\u0148uje v\u00e4\u010d\u0161ie vysunutie bez zv\u00e4\u010d\u0161enia vonkaj\u0161\u00edch rozmerov, vhodn\u00e9 pre aplik\u00e1cie s obmedzen\u00fdm priestorom.<\/p>\n<li>\n<h3>M\u00f4\u017ee nahradi\u0165 in\u00e9 hydraulick\u00e9 valce<\/h3>\n<\/li>\n<p>N\u00e1\u0161 produkt dok\u00e1\u017ee dokonale nahradi\u0165 in\u00e9 hydraulick\u00e9 valce, \u010do z neho rob\u00ed vynikaj\u00facu vo\u013ebu pre z\u00e1kazn\u00edkov.<\/p>\n<li>\n<h3>Oblasti pou\u017eitia<\/h3>\n<\/li>\n<p>N\u00e1\u0161 vedrov\u00fd valec sa d\u00e1 pou\u017ei\u0165 v nasleduj\u00facich oblastiach:<\/p>\n<ul>\n<li>\n<h4>Stavebn\u00e9 zariadenia:<\/h4>\n<\/li>\n<p>V bagroch s\u00fa nevyhnutn\u00e9 pre kopanie, nakladanie a premiest\u0148ovanie zeminy alebo sutiny. V r\u00fdpadlo-naklada\u010doch pom\u00e1haj\u00fa valce ko\u0161\u00edkov pri kopan\u00ed aj zdv\u00edhan\u00ed. <\/p>\n<li>\n<h4>Po\u013enohospod\u00e1rske stroje:<\/h4>\n<\/li>\n<p>Pou\u017e\u00edva sa v \u010deln\u00fdch naklada\u010doch na naberanie, zdv\u00edhanie a prepravu p\u00f4dy, sena a in\u00fdch materi\u00e1lov.<\/p>\n<li>\n<h4>R\u00fdpadl\u00e1:<\/h4>\n<\/li>\n<p>Valec ly\u017eice dosahuje kopac\u00ed \u00fa\u010dinok t\u00fdm, \u017ee umo\u017e\u0148uje ly\u017eici prenikn\u00fa\u0165 do p\u00f4dy.<\/p>\n<li>\n<h4>Naklada\u010de:<\/h4>\n<\/li>\n<p>V \u010deln\u00fdch naklada\u010doch pom\u00e1haj\u00fa efekt\u00edvne zdv\u00edha\u0165 a nakl\u00e1\u0148a\u0165 tovar.<\/p>\n<\/ul>\n<\/ul>\n<h2>\u00davahy o dizajne a krit\u00e9ri\u00e1 v\u00fdberu<\/h2>\n<p>Kon\u0161truk\u010dn\u00e9 aspekty a krit\u00e9ri\u00e1 v\u00fdberu n\u00e1\u0161ho kol\u00edkov\u00e9ho valca s\u00fa:<\/p>\n<ul>\n<li>\n<h3>Nosnos\u0165:<\/h3>\n<\/li>\n<p>Valec kor\u010deka mus\u00ed ma\u0165 dostato\u010dn\u00fa nosnos\u0165 na to, aby uniesol \u0165a\u017ek\u00e9 za\u0165a\u017eenia, s ktor\u00fdmi sa be\u017ene stret\u00e1vame v stavebn\u00edctve, ban\u00edctve a in\u00fdch oblastiach \u0165a\u017ek\u00e9ho stroj\u00e1rstva.<\/p>\n<li>\n<h3>Tesnenie:<\/h3>\n<\/li>\n<p>Valec vedra mus\u00ed ma\u0165 spo\u013eahliv\u00e9 tesnenie, aby sa zabr\u00e1nilo \u00faniku hydraulick\u00e9ho oleja a zabezpe\u010dila sa norm\u00e1lna prev\u00e1dzka.<\/p>\n<li>\n<h3>Trvanlivos\u0165:<\/h3>\n<\/li>\n<p>Valec vedra mus\u00ed by\u0165 odoln\u00fd, aby odolal n\u00e1ro\u010dn\u00fdm prev\u00e1dzkov\u00fdm podmienkam, s ktor\u00fdmi sa stret\u00e1vame v stavebn\u00edctve, ban\u00edctve a in\u00fdch oblastiach \u0165a\u017ek\u00e9ho stroj\u00e1rstva.<\/p>\n<li>\n<h3>Bezpe\u010dnos\u0165:<\/h3>\n<\/li>\n<p>Valec vedra mus\u00ed ma\u0165 bezpe\u010dnostn\u00e9 prvky, aby sa predi\u0161lo zraneniu obsluhy a okoloid\u00facich.<\/p>\n<li>\n<h3>Udr\u017eiavate\u013enos\u0165:<\/h3>\n<\/li>\n<p>Valec vedra sa mus\u00ed da\u0165 \u013eahko udr\u017eiava\u0165 a opravova\u0165, aby sa minimalizovali prestoje a zabezpe\u010dila sa jeho optim\u00e1lna prev\u00e1dzka.<\/p>\n<\/ul>\n<p><img decoding=\"async\" src=\"https:\/\/www.hydraulic-cylinders.net\/wp-content\/uploads\/2025\/01\/songte-oil-pipes-and-spare-parts.webp\"><\/p>\n<h2>Tesnenie a mazanie<\/h2>\n<p>N\u00e1\u0161 valcov\u00fd ko\u0161\u00ed\u010dek pou\u017e\u00edva r\u00f4zne tesnenia, ako s\u00fa piestne tesnenia a tesnenia ty\u010d\u00ed, vyroben\u00e9 z materi\u00e1lov odoln\u00fdch vo\u010di opotrebovaniu, ako je polyuret\u00e1n a nitrilov\u00fd kau\u010duk. Teleso valca a z\u00e1vitov\u00fd koniec s\u00fa jemne opracovan\u00e9 pre zlep\u0161enie odolnosti vo\u010di opotrebovaniu. Pravideln\u00e9 prid\u00e1vanie vhodn\u00e9ho mno\u017estva hydraulick\u00e9ho oleja je nevyhnutn\u00e9 pre zabezpe\u010denie spr\u00e1vneho mazania.<\/p>\n<h2>Kontroln\u00e9 a prevent\u00edvne \u00fadr\u017eb\u00e1rske opatrenia<\/h2>\n<p>Nasleduj\u00fa tri be\u017en\u00e9 \u00falohy \u00fadr\u017eby n\u00e1\u0161ho valca s vedrom:<\/p>\n<ol>\n<li>\n<h3>Pravideln\u00e1 kontrola:<\/h3>\n<\/li>\n<p>Pravidelne kontrolujte valec vedra, aby ste zistili ak\u00e9ko\u013evek zn\u00e1mky opotrebovania, po\u0161kodenia alebo \u00faniku.<\/p>\n<li>\n<h3>Spr\u00e1vne mazanie:<\/h3>\n<\/li>\n<p>Zabezpe\u010dte spr\u00e1vne mazanie valca vedra, aby ste predi\u0161li po\u0161kodeniu a zabezpe\u010dili plynul\u00fd chod.<\/p>\n<li>\n<h3>V\u00fdmena tesnenia a kontrola kalibr\u00e1cie:<\/h3>\n<\/li>\n<p>Vyme\u0148te opotrebovan\u00e9 tesnenia a vykonajte kalibra\u010dn\u00e9 kontroly, aby ste zabezpe\u010dili spr\u00e1vnu prev\u00e1dzku.<\/p>\n<\/ol>\n<p>Spr\u00e1vna in\u0161tal\u00e1cia, mazanie a nastavenie s\u00fa k\u013e\u00fa\u010dov\u00e9 pre \u017eivotnos\u0165 n\u00e1\u0161ho valca s vedrom. Poskytnite spr\u00e1vne pokyny na zarovnanie valca a odporu\u010dte pou\u017eitie vhodn\u00fdch mont\u00e1\u017enych konzol na jeho upevnenie. Odpor\u00fa\u010dame pravideln\u00fa kontrolu, opravu a v\u00fdmenu, aby sa pred\u013a\u017eila \u017eivotnos\u0165 n\u00e1\u0161ho produktu.<\/p>\n<p><img decoding=\"async\" src=\"https:\/\/www.hydraulic-cylinders.net\/wp-content\/uploads\/2025\/01\/songte-chushion-collar.webp\"><\/p>\n<h2>Bezpe\u010dnostn\u00e9 aspekty a faktory prostredia<\/h2>\n<p>Pri pou\u017e\u00edvan\u00ed n\u00e1\u0161ho vedrov\u00e9ho valca je nevyhnutn\u00e9 dodr\u017eiava\u0165 bezpe\u010dnostn\u00e9 opatrenia, aby sa predi\u0161lo nehod\u00e1m a zabezpe\u010dila bezpe\u010dn\u00e1 prev\u00e1dzka. V\u017edy noste vhodn\u00e9 osobn\u00e9 ochrann\u00e9 prostriedky a dodr\u017eiavajte bezpe\u010dn\u00e9 prev\u00e1dzkov\u00e9 postupy. N\u00e1\u0161 produkt je navrhnut\u00fd tak, aby sp\u013a\u0148al environment\u00e1lne normy a je vhodn\u00fd pre \u0161irok\u00fa \u0161k\u00e1lu environment\u00e1lnych podmienok.<\/p>\n<h2>Diagnostika por\u00fach a be\u017en\u00e9 probl\u00e9my<\/h2>\n<p>Nasleduj\u00fa be\u017en\u00e9 diagn\u00f3zy a probl\u00e9my s poruchami:<\/p>\n<ul>\n<li>\n<h3>\u00danik:<\/h3>\n<\/li>\n<p>\u00danik je be\u017en\u00fdm probl\u00e9mom hydraulick\u00fdch valcov. M\u00f4\u017ee by\u0165 sp\u00f4soben\u00fd po\u0161koden\u00fdmi tesneniami alebo nespr\u00e1vnou in\u0161tal\u00e1ciou. <\/p>\n<li>\n<h3>Po\u0161kodenie tesnenia:<\/h3>\n<\/li>\n<p>K po\u0161kodeniu tesnenia doch\u00e1dza v d\u00f4sledku opotrebovania. Je d\u00f4le\u017eit\u00e9 vymeni\u0165 opotrebovan\u00e9 tesnenia, aby sa predi\u0161lo \u00faniku.<\/p>\n<li>\n<h3>N\u00edzky tlak:<\/h3>\n<\/li>\n<p>N\u00edzky tlak m\u00f4\u017ee by\u0165 sp\u00f4soben\u00fd upchat\u00fdm olejov\u00fdm kan\u00e1lom, nedostato\u010dn\u00fdm mno\u017estvom hydraulick\u00e9ho oleja alebo po\u0161koden\u00fdm valcom.<\/p>\n<\/ul>\n<p>Pre efekt\u00edvnu diagnostiku a rie\u0161enie t\u00fdchto probl\u00e9mov odpor\u00fa\u010dame dodr\u017eiava\u0165 na\u0161e programy \u00fadr\u017eby a kontrol, ktor\u00e9 zah\u0155\u0148aj\u00fa pravideln\u00e9 kontroly, spr\u00e1vnu in\u0161tal\u00e1ciu a mazanie.<\/p>\n<p><img decoding=\"async\" src=\"https:\/\/www.hydraulic-cylinders.net\/wp-content\/uploads\/2025\/01\/songte-bushings-with-all-kinds-of-excavator-models.webp\"><\/p>\n<h2>O na\u0161ej spolo\u010dnosti<\/h2>\n<p>We are a leading manufacturer and wholesale distributor of hydraulic cylinders in the domestic and international markets. Our comprehensive range of products covers various types of hydraulic cylinders and is widely used in construction, mining, and other heavy machinery fields. We adhere to the principle of excellent quality and rely on the industrialized production management strategy of sophisticated manufacturing workshops. Our company continuously improves the manufacturing platform of the workshop, perfects the product quality production line, and has a strong creative ability to meet customers&#8217; diverse needs efficiently, accurately, and with high quality. <\/p>\n<p>Pon\u00fakame odborn\u00e9 znalosti, medzin\u00e1rodn\u00fa certifik\u00e1ciu, slu\u017eby na mieru, v\u00fdrobn\u00e9 zariadenia a popredajn\u00fd servis. Na\u0161e produkty maj\u00fa vysok\u00fa \u00farove\u0148 bezpe\u010dnostnej certifik\u00e1cie a sp\u013a\u0148aj\u00fa medzin\u00e1rodn\u00e9 normy. Poskytujeme rie\u0161enia hydraulick\u00fdch valcov na mieru, ktor\u00e9 sp\u013a\u0148aj\u00fa \u0161pecifick\u00e9 potreby. Na\u0161e v\u00fdrobn\u00e9 zariadenia zah\u0155\u0148aj\u00fa \u0161pi\u010dkov\u00e9 digit\u00e1lne v\u00fdrobn\u00e9 stroje a profesion\u00e1lne testovacie syst\u00e9my, aby sme zabezpe\u010dili, \u017ee na\u0161e produkty sp\u013a\u0148aj\u00fa najvy\u0161\u0161ie \u0161tandardy kvality. Cie\u013eom n\u00e1\u0161ho popredajn\u00e9ho servisu je poskytova\u0165 v\u010dasn\u00e9 a efekt\u00edvne rie\u0161enia ak\u00fdchko\u013evek probl\u00e9mov, s ktor\u00fdmi sa na\u0161i z\u00e1kazn\u00edci stretn\u00fa.<\/p>\n<p><img decoding=\"async\" src=\"https:\/\/hzpt.com\/wp-content\/uploads\/2024\/11\/songte-company-1.webp\"><\/p>\n<p>Autor: lyl<\/p>","protected":false},"excerpt":{"rendered":"<p>Bucket Cylinder For Jove JV235LC Introduction The bucket cylinder, also known as a hydraulic cylinder, is a specially designed hydraulic actuator mainly used to control the movement of the bucket in heavy machinery such as excavators, backhoes, and front-end loaders. Its main function is to lift, lower, and tilt the bucket, making it easier to [&hellip;]<\/p>","protected":false},"featured_media":14762,"comment_status":"open","ping_status":"closed","template":"","meta":{"_et_pb_use_builder":"","_et_pb_old_content":"","_et_gb_content_width":""},"product_brand":[],"product_cat":[1494],"product_tag":[1495,1496],"class_list":{"0":"post-15775","1":"product","2":"type-product","3":"status-publish","4":"has-post-thumbnail","6":"product_cat-bucket-cylinders","7":"product_tag-bucket-cylinders","8":"product_tag-hydraulic-cylinders","10":"first","11":"instock","12":"shipping-taxable","13":"product-type-simple"},"amp_enabled":true,"_links":{"self":[{"href":"https:\/\/www.hydraulic-cylinders.net\/sk\/wp-json\/wp\/v2\/product\/15775","targetHints":{"allow":["GET"]}}],"collection":[{"href":"https:\/\/www.hydraulic-cylinders.net\/sk\/wp-json\/wp\/v2\/product"}],"about":[{"href":"https:\/\/www.hydraulic-cylinders.net\/sk\/wp-json\/wp\/v2\/types\/product"}],"replies":[{"embeddable":true,"href":"https:\/\/www.hydraulic-cylinders.net\/sk\/wp-json\/wp\/v2\/comments?post=15775"}],"wp:featuredmedia":[{"embeddable":true,"href":"https:\/\/www.hydraulic-cylinders.net\/sk\/wp-json\/wp\/v2\/media\/14762"}],"wp:attachment":[{"href":"https:\/\/www.hydraulic-cylinders.net\/sk\/wp-json\/wp\/v2\/media?parent=15775"}],"wp:term":[{"taxonomy":"product_brand","embeddable":true,"href":"https:\/\/www.hydraulic-cylinders.net\/sk\/wp-json\/wp\/v2\/product_brand?post=15775"},{"taxonomy":"product_cat","embeddable":true,"href":"https:\/\/www.hydraulic-cylinders.net\/sk\/wp-json\/wp\/v2\/product_cat?post=15775"},{"taxonomy":"product_tag","embeddable":true,"href":"https:\/\/www.hydraulic-cylinders.net\/sk\/wp-json\/wp\/v2\/product_tag?post=15775"}],"curies":[{"name":"pracovn\u00fd list","href":"https:\/\/api.w.org\/{rel}","templated":true}]}}