{"id":15779,"date":"2025-01-19T14:58:09","date_gmt":"2025-01-19T14:58:09","guid":{"rendered":"https:\/\/www.hydraulic-cylinders.net\/product\/bucket-cylinder-for-tck-hd8070li-8h\/"},"modified":"2025-01-19T14:58:11","modified_gmt":"2025-01-19T14:58:11","slug":"bucket-cylinder-for-tck-hd8070li-8h","status":"publish","type":"product","link":"https:\/\/www.hydraulic-cylinders.net\/sk\/produkt\/bucket-cylinder-for-tck-hd8070li-8h\/","title":{"rendered":"Valec vedra pre TCK HD8070LI-8H"},"content":{"rendered":"<h1>Valec vedra pre TCK HD8070LI-8H<\/h1>\n<h2>\u00davod<\/h2>\n<p>Hydraulick\u00fd valec ly\u017eice je \u0161pecializovan\u00fd hydraulick\u00fd valec ur\u010den\u00fd na ovl\u00e1danie pohybu ly\u017eice v \u0165a\u017ek\u00fdch strojoch, ako s\u00fa bagre, r\u00fdpadlo-naklada\u010de a \u010deln\u00e9 naklada\u010de. Jeho hlavnou funkciou je umo\u017eni\u0165 zdv\u00edhanie, sp\u00fa\u0161\u0165anie a nakl\u00e1\u0148anie ly\u017eice, \u010do u\u013eah\u010duje vykon\u00e1vanie r\u00f4znych \u00faloh manipul\u00e1cie s materi\u00e1lom. V hydraulickom syst\u00e9me dosahuje valec ly\u017eice presn\u00e9 ovl\u00e1danie ly\u017eice vyu\u017eit\u00edm zmien tlaku hydraulick\u00e9ho oleja, \u010do umo\u017e\u0148uje obsluhe efekt\u00edvne manipulova\u0165 s \u0165a\u017ek\u00fdmi bremenami a prisp\u00f4sobi\u0165 sa zlo\u017eit\u00fdm pracovn\u00fdm prostrediam a r\u00f4znorod\u00fdm po\u017eiadavk\u00e1m na pr\u00e1cu.<\/p>\n<p><img decoding=\"async\" src=\"https:\/\/www.hydraulic-cylinders.net\/wp-content\/uploads\/2025\/01\/songte-company-2.webp\" alt=\"Obr\u00e1zok valca vedra\"><\/p>\n<h2>Funkcie<\/h2>\n<ul>\n<li>Vysok\u00e1 pevnos\u0165 a odolnos\u0165: Valec s vedro, zvy\u010dajne vyroben\u00fd z vysokopevnostnej ocele alebo hlin\u00edka, odol\u00e1 vysok\u00e9mu tlaku a \u0165a\u017ek\u00fdm za\u0165a\u017eeniam, \u010d\u00edm sa prisp\u00f4sob\u00ed n\u00e1ro\u010dn\u00fdm pracovn\u00fdm podmienkam. Jeho kon\u0161trukcia zoh\u013ead\u0148uje odolnos\u0165 vo\u010di opotrebovaniu a kor\u00f3zii, \u010d\u00edm sa predl\u017euje jeho \u017eivotnos\u0165.<\/li>\n<li>Efekt\u00edvna hydraulick\u00e1 prev\u00e1dzka: V\u010faka vyu\u017eitiu tlaku hydraulick\u00e9ho oleja dosahuje valec ly\u017eice plynul\u00e9 pohyby vys\u00favania a zas\u00favania, \u010do umo\u017e\u0148uje r\u00fdchlu reakciu na ovl\u00e1dacie povely a poskytuje siln\u00e9 tla\u010dn\u00e9 a \u0165a\u017en\u00e9 sily, vhodn\u00e9 na manipul\u00e1ciu s \u0165a\u017ek\u00fdmi bremenami a zlo\u017eit\u00fdmi pracovn\u00fdmi \u00falohami.<\/li>\n<li>R\u00f4zne typy: Valec kor\u010deka je mo\u017en\u00e9 zvoli\u0165 ako jedno\u010dinn\u00fd (hydraulick\u00fd olej pou\u017e\u00edvan\u00fd iba v jednom smere) alebo dvoj\u010dinn\u00fd (hydraulick\u00fd olej pou\u017e\u00edvan\u00fd v oboch smeroch) pod\u013ea po\u017eiadaviek, ktor\u00e9 sp\u013a\u0148aj\u00fa r\u00f4zne prev\u00e1dzkov\u00e9 potreby. Niektor\u00e9 modely s\u00fa teleskopick\u00e9, \u010do umo\u017e\u0148uje v\u00e4\u010d\u0161ie vysunutie bez zv\u00e4\u010d\u0161enia vonkaj\u0161\u00edch rozmerov, v\u010faka \u010domu s\u00fa vhodn\u00e9 pre aplik\u00e1cie s obmedzen\u00fdm priestorom.<\/li>\n<li>Dokonal\u00e1 n\u00e1hrada: N\u00e1\u0161 produkt dok\u00e1\u017ee dokonale nahradi\u0165 existuj\u00face hydraulick\u00e9 valce. <\/li>\n<\/ul>\n<p><img decoding=\"async\" src=\"https:\/\/www.hydraulic-cylinders.net\/wp-content\/uploads\/2025\/01\/songte-cylinder-head-with-all-kinds-excavator-models.webp\" alt=\"Obr\u00e1zok v\u00fdmeny valca vedra\"><\/p>\n<h2>Aplik\u00e1cie<\/h2>\n<ul>\n<li>Stavebn\u00e9 zariadenia: Nach\u00e1dzaj\u00fa sa v bagroch a s\u00fa nevyhnutn\u00e9 pre v\u00fdkopov\u00e9 pr\u00e1ce, nakladanie a premiest\u0148ovanie zeminy alebo sutiny. V r\u00fdpadlo-naklada\u010doch pom\u00e1ha valec ly\u017eice pri kopan\u00ed aj zdv\u00edhan\u00ed.<\/li>\n<li>Po\u013enohospod\u00e1rske stroje: Pou\u017e\u00edvaj\u00fa sa v \u010deln\u00fdch naklada\u010doch a pom\u00e1haj\u00fa pri naberan\u00ed, zdv\u00edhan\u00ed a preprave p\u00f4dy, sena a in\u00fdch materi\u00e1lov.<\/li>\n<li>R\u00fdpadl\u00e1: Valec ly\u017eice umo\u017e\u0148uje kopanie t\u00fdm, \u017ee umo\u017e\u0148uje ly\u017eici prenikn\u00fa\u0165 do p\u00f4dy.<\/li>\n<li>\u010celn\u00e9 naklada\u010de: V \u010deln\u00fdch naklada\u010doch pom\u00e1haj\u00fa pri efekt\u00edvnom zdv\u00edhan\u00ed a nakl\u00e1\u0148an\u00ed n\u00e1kladu.<\/li>\n<\/ul>\n<h2>\u00davahy o dizajne a krit\u00e9ri\u00e1 v\u00fdberu<\/h2>\n<p>Pokia\u013e ide o kon\u0161truk\u010dn\u00e9 aspekty, k\u013e\u00fa\u010dov\u00e9 aspekty, ako je nosnos\u0165, tesnenie, trvanlivos\u0165, bezpe\u010dnos\u0165 a \u00fadr\u017eba, s\u00fa pre valec s vedrom rozhoduj\u00face. Tu s\u00fa hlavn\u00e9 body, ktor\u00e9 treba zv\u00e1\u017ei\u0165:<\/p>\n<p><img decoding=\"async\" src=\"https:\/\/www.hydraulic-cylinders.net\/wp-content\/uploads\/2025\/01\/songte-oil-pipes-and-spare-parts.webp\" alt=\"Obr\u00e1zok n\u00e1vrhu valca vedra\"><\/p>\n<h3>Nosnos\u0165<\/h3>\n<p>Valec s ko\u0161\u00edkom by mal by\u0165 navrhnut\u00fd tak, aby odolal o\u010dak\u00e1van\u00fdm za\u0165a\u017eeniam a tlakom, s ktor\u00fdmi sa stret\u00e1vame po\u010das prev\u00e1dzky.<\/p>\n<h3>Tesnenie<\/h3>\n<p>Mali by sa pou\u017e\u00edva\u0165 r\u00f4zne tesniace komponenty, ako s\u00fa tesnenia piestov a ty\u010d\u00ed, vyroben\u00e9 z materi\u00e1lov odoln\u00fdch vo\u010di opotrebovaniu, ako je polyuret\u00e1n a nitrilov\u00fd kau\u010duk. Teleso valca a z\u00e1vitov\u00e9 konce by mali by\u0165 jemne o\u0161etren\u00e9, aby sa zv\u00fd\u0161ila odolnos\u0165 vo\u010di opotrebovaniu. Je potrebn\u00e9 pravidelne maza\u0165 vhodn\u00fdm mno\u017estvom hydraulick\u00e9ho oleja.<\/p>\n<h3>Trvanlivos\u0165<\/h3>\n<p>Valec s ko\u0161\u00edkom by mal by\u0165 schopn\u00fd odola\u0165 n\u00e1ro\u010dn\u00fdm podmienkam n\u00e1ro\u010dn\u00fdch aplik\u00e1ci\u00ed, ako je vysok\u00fd tlak, \u0165a\u017ek\u00e9 bremen\u00e1 a drsn\u00e9 prostredie.<\/p>\n<h3>Bezpe\u010dnos\u0165<\/h3>\n<p>Pri n\u00e1vrhu a v\u00fdbere valca s vedro by sa mali zoh\u013eadni\u0165 bezpe\u010dnostn\u00e9 opatrenia, aby sa zabezpe\u010dila bezpe\u010dn\u00e1 prev\u00e1dzka a minimalizovalo riziko neh\u00f4d.<\/p>\n<h3>Udr\u017eiavate\u013enos\u0165<\/h3>\n<p>Valec vedra by mal by\u0165 navrhnut\u00fd tak, aby sa dala \u013eahko udr\u017eiava\u0165 a opravova\u0165, \u010do by umo\u017e\u0148ovalo efekt\u00edvnu kontrolu, v\u00fdmenu tesnen\u00ed a kalibra\u010dn\u00e9 kontroly.<\/p>\n<h2>\u00dadr\u017eba a odstra\u0148ovanie probl\u00e9mov<\/h2>\n<p>Pravideln\u00e1 \u00fadr\u017eba a prevent\u00edvne opatrenia m\u00f4\u017eu pom\u00f4c\u0165 pred\u013a\u017ei\u0165 \u017eivotnos\u0165 valca vedra. Tu s\u00fa tri be\u017en\u00e9 \u00falohy \u00fadr\u017eby:<\/p>\n<p><img decoding=\"async\" src=\"https:\/\/www.hydraulic-cylinders.net\/wp-content\/uploads\/2025\/01\/songte-chushion-collar.webp\" alt=\"Obr\u00e1zok \u00fadr\u017eby valca vedra\"><\/p>\n<h3>Pravideln\u00e9 kontroly<\/h3>\n<p>Pravidelne kontrolujte valec vedra, \u010di nejav\u00ed zn\u00e1mky opotrebovania, \u00faniku alebo po\u0161kodenia. Venujte pozornos\u0165 stavu tesnen\u00ed, spojov a mont\u00e1\u017enych konzol.<\/p>\n<h3>Spr\u00e1vne mazanie<\/h3>\n<p>Zabezpe\u010dte spr\u00e1vne mazanie valca ly\u017eice pravideln\u00fdm nan\u00e1\u0161an\u00edm odpor\u00fa\u010dan\u00e9ho mno\u017estva hydraulick\u00e9ho oleja. To pom\u00e1ha udr\u017eiava\u0165 hladk\u00fd chod a chr\u00e1ni pred pred\u010dasn\u00fdm opotreben\u00edm.<\/p>\n<h3>V\u00fdmena tesnenia a kontroly kalibr\u00e1cie<\/h3>\n<p>V pr\u00edpade potreby vyme\u0148te opotrebovan\u00e9 alebo po\u0161koden\u00e9 tesnenia, aby ste predi\u0161li \u00fanikom a zabezpe\u010dili spr\u00e1vne fungovanie valca. Pravideln\u00e9 kalibra\u010dn\u00e9 kontroly by sa mali vykon\u00e1va\u0165 aj na overenie presnosti pohybov valca.<\/p>\n<h2>Bezpe\u010dnostn\u00e9 aspekty a faktory prostredia<\/h2>\n<p>Pri pou\u017e\u00edvan\u00ed valca s vedrom je d\u00f4le\u017eit\u00e9 dodr\u017eiava\u0165 bezpe\u010dnostn\u00e9 opatrenia, aby sa predi\u0161lo nehod\u00e1m a chr\u00e1nilo \u017eivotn\u00e9 prostredie. Spr\u00e1vne \u0161kolenie a dodr\u017eiavanie bezpe\u010dnostn\u00fdch pokynov s\u00fa k\u013e\u00fa\u010dov\u00e9.<\/p>\n<h2>Rie\u0161enie probl\u00e9mov a be\u017en\u00e9 probl\u00e9my<\/h2>\n<p>V pr\u00edpade por\u00fach alebo be\u017en\u00fdch probl\u00e9mov s valcom vedra je nevyhnutn\u00e9 r\u00fdchle rie\u0161enie probl\u00e9mov. Tu je nieko\u013eko tipov a rie\u0161en\u00ed, ktor\u00e9 pom\u00f4\u017eu diagnostikova\u0165 a rie\u0161i\u0165 probl\u00e9my:<\/p>\n<p><img decoding=\"async\" src=\"https:\/\/www.hydraulic-cylinders.net\/wp-content\/uploads\/2025\/01\/songte-bushings-with-all-kinds-of-excavator-models.webp\" alt=\"Obr\u00e1zok rie\u0161enia probl\u00e9mov s valcom vedra\"><\/p>\n<h2>O na\u0161ej spolo\u010dnosti<\/h2>\n<p>Sme popredn\u00fdm v\u00fdrobcom a ve\u013ekoobchodn\u00fdm distrib\u00fatorom hydraulick\u00fdch valcov na dom\u00e1com aj medzin\u00e1rodnom trhu. Na\u0161a spolo\u010dnos\u0165 pon\u00faka \u0161irok\u00fd sortiment produktov a je zn\u00e1ma svojou vynikaj\u00facou kvalitou a z\u00e1v\u00e4zkom k spokojnosti z\u00e1kazn\u00edkov. So zameran\u00edm na technologick\u00e9 znalosti, najmodernej\u0161ie v\u00fdrobn\u00e9 zariadenia a profesion\u00e1lne testovacie syst\u00e9my neust\u00e1le zlep\u0161ujeme na\u0161e v\u00fdrobn\u00e9 platformy a v\u00fdrobn\u00e9 postupy zameran\u00e9 na kvalitu produktov. M\u00e1me siln\u00fa inova\u010dn\u00fa kapacitu a sna\u017e\u00edme sa sp\u013a\u0148a\u0165 rozmanit\u00e9 po\u017eiadavky z\u00e1kazn\u00edkov s vysokou efektivitou, presnos\u0165ou a kvalitou.<\/p>\n<p><img decoding=\"async\" src=\"https:\/\/www.hydraulic-cylinders.net\/wp-content\/uploads\/2025\/01\/songte-company-3.webp\" alt=\"Obr\u00e1zok spolo\u010dnosti\"><\/p>\n<h3>Profesionalita<\/h3>\n<p>Sme hrd\u00ed na na\u0161u profesionalitu v tomto odvetv\u00ed a zabezpe\u010dujeme, aby na\u0161e produkty sp\u013a\u0148ali najvy\u0161\u0161ie \u0161tandardy kvality a v\u00fdkonu.<\/p>\n<h3>Medzin\u00e1rodn\u00e9 certifik\u00e1cie<\/h3>\n<p>Na\u0161e produkty s\u00fa medzin\u00e1rodne certifikovan\u00e9, \u010do dokazuje n\u00e1\u0161 z\u00e1v\u00e4zok sp\u013a\u0148a\u0165 glob\u00e1lne normy a predpisy.<\/p>\n<h3>Slu\u017eby prisp\u00f4sobenia<\/h3>\n<p>Pon\u00fakame slu\u017eby prisp\u00f4sobenia, aby sme splnili \u0161pecifick\u00e9 po\u017eiadavky z\u00e1kazn\u00edkov, a poskytujeme rie\u0161enia na mieru pre r\u00f4zne aplik\u00e1cie.<\/p>\n<h3>V\u00fdrobn\u00e9 zariadenia<\/h3>\n<p>V\u010faka modern\u00e9mu v\u00fdrobn\u00e9mu vybaveniu zabezpe\u010dujeme efekt\u00edvnu a presn\u00fa v\u00fdrobu hydraulick\u00fdch valcov.<\/p>\n<h3>Popredajn\u00fd servis<\/h3>\n<p>Poskytujeme komplexn\u00fd popredajn\u00fd servis vr\u00e1tane n\u00e1hradn\u00fdch dielov a repasovan\u00fdch slu\u017eieb, aby sme pred\u013a\u017eili \u017eivotnos\u0165 na\u0161ich produktov a podporili na\u0161ich z\u00e1kazn\u00edkov.<\/p>\n<p>Nezabudnite \u010dl\u00e1nok logicky usporiada\u0165, pre jednoduch\u0161iu navig\u00e1ciu pou\u017e\u00edva\u0165 podnadpisy, pre lep\u0161ie pochopenie zahrn\u00fa\u0165 relevantn\u00e9 obr\u00e1zky alebo grafy a zabezpe\u010di\u0165, aby bol obsah jasn\u00fd, stru\u010dn\u00fd a vhodn\u00fd pre \u010ditate\u013eov s r\u00f4znymi \u00farov\u0148ami technick\u00fdch znalost\u00ed.<\/p>\n<p>Autor: lyl<\/p>","protected":false},"excerpt":{"rendered":"<p>Bucket Cylinder For TCK HD8070LI-8H Introduction The bucket cylinder is a specialized hydraulic cylinder designed for controlling the movement of the bucket in heavy machinery such as excavators, backhoe loaders, and front loaders. Its main function is to enable the lifting, lowering, and tilting of the bucket, making it easier to handle various material handling [&hellip;]<\/p>","protected":false},"featured_media":14787,"comment_status":"open","ping_status":"closed","template":"","meta":{"_et_pb_use_builder":"","_et_pb_old_content":"","_et_gb_content_width":""},"product_brand":[],"product_cat":[1494],"product_tag":[1495,1496],"class_list":{"0":"post-15779","1":"product","2":"type-product","3":"status-publish","4":"has-post-thumbnail","6":"product_cat-bucket-cylinders","7":"product_tag-bucket-cylinders","8":"product_tag-hydraulic-cylinders","10":"first","11":"instock","12":"shipping-taxable","13":"product-type-simple"},"amp_enabled":true,"_links":{"self":[{"href":"https:\/\/www.hydraulic-cylinders.net\/sk\/wp-json\/wp\/v2\/product\/15779","targetHints":{"allow":["GET"]}}],"collection":[{"href":"https:\/\/www.hydraulic-cylinders.net\/sk\/wp-json\/wp\/v2\/product"}],"about":[{"href":"https:\/\/www.hydraulic-cylinders.net\/sk\/wp-json\/wp\/v2\/types\/product"}],"replies":[{"embeddable":true,"href":"https:\/\/www.hydraulic-cylinders.net\/sk\/wp-json\/wp\/v2\/comments?post=15779"}],"wp:featuredmedia":[{"embeddable":true,"href":"https:\/\/www.hydraulic-cylinders.net\/sk\/wp-json\/wp\/v2\/media\/14787"}],"wp:attachment":[{"href":"https:\/\/www.hydraulic-cylinders.net\/sk\/wp-json\/wp\/v2\/media?parent=15779"}],"wp:term":[{"taxonomy":"product_brand","embeddable":true,"href":"https:\/\/www.hydraulic-cylinders.net\/sk\/wp-json\/wp\/v2\/product_brand?post=15779"},{"taxonomy":"product_cat","embeddable":true,"href":"https:\/\/www.hydraulic-cylinders.net\/sk\/wp-json\/wp\/v2\/product_cat?post=15779"},{"taxonomy":"product_tag","embeddable":true,"href":"https:\/\/www.hydraulic-cylinders.net\/sk\/wp-json\/wp\/v2\/product_tag?post=15779"}],"curies":[{"name":"pracovn\u00fd list","href":"https:\/\/api.w.org\/{rel}","templated":true}]}}