{"id":15785,"date":"2025-01-19T14:58:59","date_gmt":"2025-01-19T14:58:59","guid":{"rendered":"https:\/\/www.hydraulic-cylinders.net\/product\/bucket-cylinder-for-sgzg-sd18b\/"},"modified":"2025-01-19T14:59:01","modified_gmt":"2025-01-19T14:59:01","slug":"bucket-cylinder-for-sgzg-sd18b","status":"publish","type":"product","link":"https:\/\/www.hydraulic-cylinders.net\/sk\/produkt\/bucket-cylinder-for-sgzg-sd18b\/","title":{"rendered":"Valec vedra pre SGZG SD18B"},"content":{"rendered":"<h1>Valec vedra pre SGZG SD18B<\/h1>\n<h2>\u00davod<\/h2>\n<p>Hydraulick\u00fd valec ly\u017eice je \u0161peci\u00e1lne navrhnut\u00fd hydraulick\u00fd valec, ktor\u00fd sa pou\u017e\u00edva predov\u0161etk\u00fdm na ovl\u00e1danie pohybu ly\u017eice v \u0165a\u017ek\u00fdch strojoch, ako s\u00fa bagre, r\u00fdpadlo-naklada\u010de a \u010deln\u00e9 naklada\u010de. Jeho hlavnou funkciou je umo\u017eni\u0165 zdv\u00edhanie, sp\u00fa\u0161\u0165anie a nakl\u00e1\u0148anie ly\u017eice, \u010do u\u013eah\u010duje r\u00f4zne \u00falohy manipul\u00e1cie s materi\u00e1lom. V hydraulickom syst\u00e9me dosahuje valec ly\u017eice presn\u00e9 ovl\u00e1danie pohybu ly\u017eice zmenou tlaku hydraulick\u00e9ho oleja, \u010do umo\u017e\u0148uje obsluhe efekt\u00edvne manipulova\u0165 s \u0165a\u017ek\u00fdmi bremenami, prisp\u00f4sobi\u0165 sa zlo\u017eit\u00fdm pracovn\u00fdm prostrediam a r\u00f4znorod\u00fdm po\u017eiadavk\u00e1m pr\u00e1ce.<\/p>\n<div>\n  <img decoding=\"async\" src=\"https:\/\/www.hydraulic-cylinders.net\/wp-content\/uploads\/2025\/01\/songte-company-2.webp\" alt=\"Valec vedra\">\n<\/div>\n<h2>Funkcie<\/h2>\n<ul>\n<li>\n<h3>Vysok\u00e1 pevnos\u0165 a odolnos\u0165<\/h3>\n<p>Valce s kor\u010dekom s\u00fa zvy\u010dajne vyroben\u00e9 z vysokopevnostnej ocele alebo hlin\u00edka, s\u00fa schopn\u00e9 odol\u00e1va\u0165 vysok\u00e9mu tlaku a \u0165a\u017ek\u00fdm za\u0165a\u017eeniam a prisp\u00f4sobi\u0165 sa n\u00e1ro\u010dn\u00fdm pracovn\u00fdm podmienkam. Kon\u0161trukcia zoh\u013ead\u0148uje odolnos\u0165 proti opotrebovaniu a kor\u00f3zii, aby sa pred\u013a\u017eila \u017eivotnos\u0165.<\/p>\n<\/li>\n<li>\n<h3>Efekt\u00edvna hydraulick\u00e1 prev\u00e1dzka<\/h3>\n<p>Valce kor\u010dekov vyu\u017e\u00edvaj\u00fa tlak hydraulick\u00e9ho oleja na dosiahnutie plynul\u00fdch pohybov vys\u00favania a s\u0165ahovania, r\u00fdchlo reaguj\u00fa na ovl\u00e1dacie povely, poskytuj\u00fa siln\u00fa tla\u010dn\u00fa a \u0165a\u017en\u00fa silu a s\u00fa vhodn\u00e9 na manipul\u00e1ciu s \u0165a\u017ek\u00fdmi bremenami a zlo\u017eit\u00fdmi pracovn\u00fdmi \u00falohami.<\/p>\n<\/li>\n<li>\n<h3>R\u00f4zne typy<\/h3>\n<p>Jedno\u010dinn\u00e9 (hydraulick\u00fd olej sa pou\u017e\u00edva iba v jednom smere) alebo dvoj\u010dinn\u00e9 (hydraulick\u00fd olej sa pou\u017e\u00edva v oboch smeroch) valce je mo\u017en\u00e9 vybra\u0165 pod\u013ea potrieb, aby sa splnili r\u00f4zne prev\u00e1dzkov\u00e9 po\u017eiadavky. Niektor\u00e9 modely s\u00fa teleskopick\u00e9, \u010do umo\u017e\u0148uje v\u00e4\u010d\u0161ie vysunutie bez zv\u00e4\u010d\u0161enia vonkaj\u0161\u00edch rozmerov, vhodn\u00e9 pre aplik\u00e1cie s obmedzen\u00fdm priestorom.<\/p>\n<\/li>\n<li>\n<h3>M\u00f4\u017ee nahradi\u0165 in\u00e9 hydraulick\u00e9 valce<\/h3>\n<p>N\u00e1\u0161 produkt dok\u00e1\u017ee dokonale nahradi\u0165 in\u00e9 hydraulick\u00e9 valce na rovnak\u00fd \u00fa\u010del, \u010d\u00edm zais\u0165uje kompatibilitu a pohodlie.<\/p>\n<\/li>\n<\/ul>\n<div>\n  <img decoding=\"async\" src=\"https:\/\/www.hydraulic-cylinders.net\/wp-content\/uploads\/2025\/01\/songte-cylinder-head-with-all-kinds-excavator-models.webp\" alt=\"V\u00fdmena produktu\">\n<\/div>\n<h2>Aplik\u00e1cie<\/h2>\n<h3>Stavebn\u00e9 stroje<\/h3>\n<p>V bagroch s\u00fa k\u013e\u00fa\u010dov\u00e9 pre kopanie, nakladanie a premiest\u0148ovanie zeminy alebo sutiny. V r\u00fdpadlo-naklada\u010doch prispievaj\u00fa valce ko\u0161\u00edkov k kopaniu aj zdv\u00edhaniu. Pri \u010deln\u00fdch naklada\u010doch pom\u00e1haj\u00fa pri efekt\u00edvnom zdv\u00edhan\u00ed a vykladan\u00ed tovaru.<\/p>\n<h3>Po\u013enohospod\u00e1rske stroje<\/h3>\n<p>Pou\u017e\u00edva sa v \u010deln\u00fdch naklada\u010doch na naberanie, zdv\u00edhanie a prepravu zeminy, sena a in\u00fdch materi\u00e1lov. V r\u00fdpadl\u00e1ch pom\u00e1haj\u00fa valce ko\u0161\u00edkov pri kopan\u00ed t\u00fdm, \u017ee umo\u017e\u0148uj\u00fa ko\u0161\u00edku prenikn\u00fa\u0165 do p\u00f4dy.<\/p>\n<h3>In\u00e9 aplik\u00e1cie<\/h3>\n<p>Valce s kore\u010dkami sa m\u00f4\u017eu pou\u017e\u00edva\u0165 aj v bansk\u00fdch zariadeniach, lesn\u00edckych zariadeniach a priemyseln\u00fdch strojoch.<\/p>\n<h2>\u00davahy o dizajne a krit\u00e9ri\u00e1 v\u00fdberu<\/h2>\n<h3>Nosnos\u0165<\/h3>\n<p>Valce kor\u010dekov musia ma\u0165 dostato\u010dn\u00fa nosnos\u0165, aby odolali \u0165a\u017ek\u00fdm za\u0165a\u017eeniam bez deform\u00e1cie alebo poruchy, \u010d\u00edm sa zabezpe\u010d\u00ed bezpe\u010dnos\u0165 a stabiln\u00e1 prev\u00e1dzka.<\/p>\n<h3>Tesnenie<\/h3>\n<p>R\u00f4zne tesniace prvky, ako s\u00fa tesnenia piestov a tesnenia ty\u010d\u00ed, by sa mali vybera\u0165 na z\u00e1klade pracovn\u00fdch podmienok, aby sa zabr\u00e1nilo \u00faniku oleja a kontamin\u00e1cii, \u010d\u00edm sa zabezpe\u010d\u00ed dlh\u00e1 \u017eivotnos\u0165 a plynul\u00e1 prev\u00e1dzka.<\/p>\n<h3>Trvanlivos\u0165<\/h3>\n<p>Valec vedra by mal by\u0165 vyroben\u00fd z vysoko kvalitn\u00fdch materi\u00e1lov a mal by podlieha\u0165 pr\u00edsnym v\u00fdrobn\u00fdm procesom, aby sa zabezpe\u010dila pevnos\u0165 a odolnos\u0165, zn\u00ed\u017eilo opotrebenie a odol\u00e1vala kor\u00f3zii a po\u0161kodeniu v n\u00e1ro\u010dn\u00fdch pracovn\u00fdch podmienkach.<\/p>\n<h3>Bezpe\u010dnos\u0165<\/h3>\n<p>Valce s ko\u0161\u00edkom by mali by\u0165 navrhnut\u00e9 s bezpe\u010dnostn\u00fdmi prvkami, ako je ochrana proti pre\u0165a\u017eeniu a n\u00fadzov\u00e9 zastavenie, aby sa predi\u0161lo nehod\u00e1m a chr\u00e1nili sa oper\u00e1tori a zariadenia.<\/p>\n<h3>\u00dadr\u017eba<\/h3>\n<p>Valec vedra by mal by\u0165 \u013eahko udr\u017eiavate\u013en\u00fd, s pr\u00edstupn\u00fdmi dielmi, r\u00fdchlou v\u00fdmenou a jednoduch\u00fdmi postupmi opravy. Pravideln\u00e1 kontrola, mazanie a v\u00fdmena po\u0161koden\u00fdch dielov by sa mala vykon\u00e1va\u0165, aby sa zabezpe\u010dila spr\u00e1vna prev\u00e1dzka a pred\u013a\u017eila sa jeho \u017eivotnos\u0165.<\/p>\n<div>\n  <img decoding=\"async\" src=\"https:\/\/www.hydraulic-cylinders.net\/wp-content\/uploads\/2025\/01\/songte-oil-pipes-and-spare-parts.webp\" alt=\"N\u00e1hradn\u00e9 diely pre valce vedra\">\n<\/div>\n<h2>Tesnenie a mazanie<\/h2>\n<p>Mali by sa pou\u017ei\u0165 r\u00f4zne tesniace prvky, ako s\u00fa tesnenia piestov a ty\u010d\u00ed vyroben\u00e9 z materi\u00e1lov odoln\u00fdch vo\u010di opotrebovaniu, ako je polyuret\u00e1n alebo nitrilov\u00fd kau\u010duk. Teleso valca a povrch z\u00e1vitu by mali by\u0165 jemne opracovan\u00e9, aby sa zlep\u0161ila odolnos\u0165 vo\u010di opotrebovaniu. Pravideln\u00e9 mazanie vhodn\u00fdm hydraulick\u00fdm olejom je nevyhnutn\u00e9 na zabezpe\u010denie hladk\u00e9ho chodu a zabr\u00e1nenie po\u0161kodenia tren\u00edm a teplom.<\/p>\n<h2>Kontrola a prevent\u00edvna \u00fadr\u017eba<\/h2>\n<p>Pravideln\u00e1 kontrola stavu valca, ako je \u00fanik oleja, deform\u00e1cia a po\u0161kodenie, by sa mala vykon\u00e1va\u0165, aby sa v\u010das odhalili potenci\u00e1lne probl\u00e9my a predi\u0161lo sa neo\u010dak\u00e1van\u00fdm prestojom a nehod\u00e1m. Malo by sa tie\u017e vykon\u00e1va\u0165 spr\u00e1vne mazanie a v\u00fdmena opotrebovan\u00fdch alebo po\u0161koden\u00fdch dielov. Kalibra\u010dn\u00e1 kontrola by sa mala vykon\u00e1va\u0165, aby sa zabezpe\u010dilo, \u017ee valec pracuje v stanovenom rozsahu.<\/p>\n<h2>In\u0161tala\u010dn\u00e1 pr\u00edru\u010dka<\/h2>\n<p>Spr\u00e1vna in\u0161tal\u00e1cia je nevyhnutn\u00e1 pre spr\u00e1vnu prev\u00e1dzku a bezpe\u010dnos\u0165 valca. Valec spr\u00e1vne zarovnajte, na jeho upevnenie pou\u017eite vhodn\u00e9 mont\u00e1\u017ene konzoly a dodr\u017eiavajte odpor\u00fa\u010dan\u00e9 postupy in\u0161tal\u00e1cie, opravy a v\u00fdmeny. Pou\u017e\u00edvanie na\u0161ich produktov m\u00f4\u017ee zlep\u0161i\u0165 \u00fa\u010dinnos\u0165 a zabezpe\u010di\u0165 bezpe\u010dnos\u0165.<\/p>\n<h2>Be\u017en\u00e9 \u00falohy \u00fadr\u017eby<\/h2>\n<ul>\n<li>Pravideln\u00e1 kontrola<\/li>\n<li>Spr\u00e1vne mazanie<\/li>\n<li>V\u00fdmena tesnenia<\/li>\n<li>Kontrola kalibr\u00e1cie<\/li>\n<\/ul>\n<p>Spr\u00e1vna in\u0161tal\u00e1cia, mazanie a nastavenie s\u00fa nevyhnutn\u00e9 na zabezpe\u010denie dlhej \u017eivotnosti a optim\u00e1lneho v\u00fdkonu valca. Spr\u00e1vne pokyny na zarovnanie po\u010das in\u0161tal\u00e1cie, odpor\u00fa\u010dan\u00e9 postupy kontroly, opravy a v\u00fdmeny a slu\u017eby rekon\u0161trukcie m\u00f4\u017eu pom\u00f4c\u0165 zlep\u0161i\u0165 odolnos\u0165 valca a zlep\u0161i\u0165 pou\u017e\u00edvate\u013esk\u00fa sk\u00fasenos\u0165.<\/p>\n<div>\n  <img decoding=\"async\" src=\"https:\/\/www.hydraulic-cylinders.net\/wp-content\/uploads\/2025\/01\/songte-chushion-collar.webp\" alt=\"Vank\u00fa\u0161ov\u00fd golier valca vedra\">\n<\/div>\n<h2>Bezpe\u010dnostn\u00e9 a environment\u00e1lne obavy<\/h2>\n<p>Hydraulick\u00e9 valce s kore\u010dkami by sa mali pou\u017e\u00edva\u0165 v s\u00falade s bezpe\u010dnostn\u00fdmi pokynmi s primeran\u00fdmi ochrann\u00fdmi opatreniami, ako je n\u00fadzov\u00e9 zastavenie a ochrana proti pre\u0165a\u017eeniu, aby sa predi\u0161lo nehod\u00e1m. Mal by sa zv\u00e1\u017ei\u0165 aj vplyv pou\u017e\u00edvania valca na \u017eivotn\u00e9 prostredie, ako je spr\u00e1vna likvid\u00e1cia pou\u017eit\u00e9ho hydraulick\u00e9ho oleja a in\u00fdch odpadov\u00fdch materi\u00e1lov.<\/p>\n<h2>Diagnostika por\u00fach a rie\u0161enie probl\u00e9mov<\/h2>\n<p>Medzi be\u017en\u00e9 probl\u00e9my s valcami vedier patr\u00ed \u00fanik oleja, deform\u00e1cia a po\u0161kodenie. Spr\u00e1vne rie\u0161enie probl\u00e9mov a r\u00fdchla v\u00fdmena po\u0161koden\u00fdch dielov m\u00f4\u017ee pom\u00f4c\u0165 predch\u00e1dza\u0165 \u010fal\u0161iemu po\u0161kodeniu a prestojom. Pravideln\u00e1 kontrola a prevent\u00edvna \u00fadr\u017eba m\u00f4\u017eu tie\u017e odhali\u0165 potenci\u00e1lne probl\u00e9my sk\u00f4r, ako sa stan\u00fa z\u00e1va\u017en\u00fdmi.<\/p>\n<h2>O na\u0161ej spolo\u010dnosti<\/h2>\n<p>Na\u0161a spolo\u010dnos\u0165 je v\u00fdrobcom n\u00e1hradn\u00fdch hydraulick\u00fdch valcov s kompletn\u00fdm sortimentom produktov a stala sa jedn\u00fdm z popredn\u00fdch v\u00fdrobcov a ve\u013ekoobchodn\u00fdch distrib\u00fatorov hydraulick\u00fdch valcov na dom\u00e1com aj medzin\u00e1rodnom trhu. Dodr\u017eiavame z\u00e1sadu vynikaj\u00facej kvality, spoliehame sa na strat\u00e9giu riadenia priemyselnej v\u00fdroby v prepracovanej v\u00fdrobnej dielni, neust\u00e1le zlep\u0161ujeme v\u00fdrobn\u00fa platformu a zdokona\u013eujeme proces kvality v\u00fdroby s vyu\u017eit\u00edm technick\u00fdch talentov, digit\u00e1lnych \u0161pi\u010dkov\u00fdch v\u00fdrobn\u00fdch zariaden\u00ed a profesion\u00e1lnych testovac\u00edch syst\u00e9mov.<\/p>\n<div>\n  <img decoding=\"async\" src=\"https:\/\/hzpt.com\/wp-content\/uploads\/2024\/11\/songte-company-1.webp\" alt=\"Obr\u00e1zok spolo\u010dnosti\">\n<\/div>\n<h3>Profesionalita<\/h3>\n<p>N\u00e1\u0161 t\u00edm sa sklad\u00e1 zo sk\u00fasen\u00fdch odborn\u00edkov, ktor\u00ed s\u00fa odhodlan\u00ed poskytova\u0165 vysoko kvalitn\u00e9 produkty a slu\u017eby, aby splnili rozmanit\u00e9 potreby na\u0161ich z\u00e1kazn\u00edkov.<\/p>\n<h3>Medzin\u00e1rodn\u00e1 certifik\u00e1cia<\/h3>\n<p>Na\u0161e v\u00fdrobky z\u00edskali medzin\u00e1rodn\u00e9 certifik\u00e1ty ako ISO9001 a CE, \u010do zaru\u010duje, \u017ee sp\u013a\u0148aj\u00fa vysok\u00e9 \u0161tandardy kvality a bezpe\u010dnostn\u00e9 po\u017eiadavky.<\/p>\n<h3>Slu\u017eba prisp\u00f4sobenia<\/h3>\n<p>Pon\u00fakame rie\u0161enia na mieru, ktor\u00e9 sp\u013a\u0148aj\u00fa \u0161pecifick\u00e9 potreby z\u00e1kazn\u00edkov, pri\u010dom poskytujeme personalizovan\u00e9 n\u00e1vrhy, materi\u00e1ly a v\u00fdrobn\u00e9 procesy.<\/p>\n<h3>V\u00fdrobn\u00e9 zariadenia<\/h3>\n<p>Na\u0161a v\u00fdrobn\u00e1 diel\u0148a je vybaven\u00e1 modern\u00fdm digit\u00e1lnym v\u00fdrobn\u00fdm zariaden\u00edm a \u0161pecializovan\u00fdmi testovac\u00edmi syst\u00e9mami, ktor\u00e9 zabezpe\u010duj\u00fa vysok\u00fa efektivitu, presnos\u0165 a kvalitu.<\/p>\n<h3>Popredajn\u00fd servis<\/h3>\n<p>Pon\u00fakame komplexn\u00e9 popredajn\u00e9 slu\u017eby, ako s\u00fa opravy, v\u00fdmeny a rekon\u0161trukcie, aby sme zabezpe\u010dili spokojnos\u0165 z\u00e1kazn\u00edkov a trvanlivos\u0165 produktu.<\/p>\n<h6>Autor: lyl<\/h6>","protected":false},"excerpt":{"rendered":"<p>Bucket Cylinder For SGZG SD18B Introduction A bucket cylinder is a specially designed hydraulic cylinder that is primarily used to control the movement of the bucket in heavy machinery such as excavators, backhoe loaders, and front-end loaders. Its main function is to enable the bucket to lift, lower, and tilt, making it easier for various [&hellip;]<\/p>","protected":false},"featured_media":14776,"comment_status":"open","ping_status":"closed","template":"","meta":{"_et_pb_use_builder":"","_et_pb_old_content":"","_et_gb_content_width":""},"product_brand":[],"product_cat":[1494],"product_tag":[1495,1496],"class_list":{"0":"post-15785","1":"product","2":"type-product","3":"status-publish","4":"has-post-thumbnail","6":"product_cat-bucket-cylinders","7":"product_tag-bucket-cylinders","8":"product_tag-hydraulic-cylinders","10":"first","11":"instock","12":"shipping-taxable","13":"product-type-simple"},"amp_enabled":true,"_links":{"self":[{"href":"https:\/\/www.hydraulic-cylinders.net\/sk\/wp-json\/wp\/v2\/product\/15785","targetHints":{"allow":["GET"]}}],"collection":[{"href":"https:\/\/www.hydraulic-cylinders.net\/sk\/wp-json\/wp\/v2\/product"}],"about":[{"href":"https:\/\/www.hydraulic-cylinders.net\/sk\/wp-json\/wp\/v2\/types\/product"}],"replies":[{"embeddable":true,"href":"https:\/\/www.hydraulic-cylinders.net\/sk\/wp-json\/wp\/v2\/comments?post=15785"}],"wp:featuredmedia":[{"embeddable":true,"href":"https:\/\/www.hydraulic-cylinders.net\/sk\/wp-json\/wp\/v2\/media\/14776"}],"wp:attachment":[{"href":"https:\/\/www.hydraulic-cylinders.net\/sk\/wp-json\/wp\/v2\/media?parent=15785"}],"wp:term":[{"taxonomy":"product_brand","embeddable":true,"href":"https:\/\/www.hydraulic-cylinders.net\/sk\/wp-json\/wp\/v2\/product_brand?post=15785"},{"taxonomy":"product_cat","embeddable":true,"href":"https:\/\/www.hydraulic-cylinders.net\/sk\/wp-json\/wp\/v2\/product_cat?post=15785"},{"taxonomy":"product_tag","embeddable":true,"href":"https:\/\/www.hydraulic-cylinders.net\/sk\/wp-json\/wp\/v2\/product_tag?post=15785"}],"curies":[{"name":"pracovn\u00fd list","href":"https:\/\/api.w.org\/{rel}","templated":true}]}}