{"id":15795,"date":"2025-01-19T14:59:51","date_gmt":"2025-01-19T14:59:51","guid":{"rendered":"https:\/\/www.hydraulic-cylinders.net\/product\/bucket-cylinder-for-carter-ct150-8\/"},"modified":"2025-01-19T14:59:53","modified_gmt":"2025-01-19T14:59:53","slug":"bucket-cylinder-for-carter-ct150-8","status":"publish","type":"product","link":"https:\/\/www.hydraulic-cylinders.net\/sk\/produkt\/bucket-cylinder-for-carter-ct150-8\/","title":{"rendered":"Valec vedra pre Carter CT150-8"},"content":{"rendered":"<p><!DOCTYPE html><br \/>\n<html><br \/>\n<head><br \/>\n<title>Valec vedra pre Carter CT150-8<\/title><br \/>\n<\/head><br \/>\n<body><\/p>\n<h1>Valec vedra pre Carter CT150-8<\/h1>\n<h2>\u00davod<\/h2>\n<p>Hydraulick\u00fd valec pre Carter CT150-8 je \u0161peci\u00e1lne navrhnut\u00fd hydraulick\u00fd valec pou\u017e\u00edvan\u00fd na ovl\u00e1danie pohybu ly\u017eice v \u0165a\u017ek\u00fdch strojoch, ako s\u00fa bagre, r\u00fdpadlo-naklada\u010de a \u010deln\u00e9 naklada\u010de. Jeho hlavnou funkciou je umo\u017eni\u0165 zdv\u00edhanie, sp\u00fa\u0161\u0165anie a nakl\u00e1\u0148anie ly\u017eice, \u010do u\u013eah\u010duje r\u00f4zne \u00falohy manipul\u00e1cie s materi\u00e1lom. V hydraulickom syst\u00e9me valec ly\u017eice vyu\u017e\u00edva zmenu tlaku hydraulick\u00e9ho oleja na dosiahnutie presn\u00e9ho ovl\u00e1dania ly\u017eice, \u010do umo\u017e\u0148uje obsluhe efekt\u00edvne manipulova\u0165 s \u0165a\u017ek\u00fdmi bremenami a prisp\u00f4sobi\u0165 sa zlo\u017eit\u00fdm pracovn\u00fdm prostrediam a r\u00f4znym prev\u00e1dzkov\u00fdm potreb\u00e1m.<\/p>\n<p><img decoding=\"async\" src=\"https:\/\/www.hydraulic-cylinders.net\/wp-content\/uploads\/2025\/01\/songte-company-2.webp\" alt=\"Obr\u00e1zok valca vedra\"><\/p>\n<h2>Funkcie<\/h2>\n<ul>\n<li><strong>Vysok\u00e1 pevnos\u0165 a odolnos\u0165:<\/strong> Valec s ko\u0161\u00edkom, zvy\u010dajne vyroben\u00fd z vysokopevnostnej ocele alebo hlin\u00edka, je schopn\u00fd odol\u00e1va\u0165 vysok\u00e9mu tlaku a \u0165a\u017ek\u00e9mu za\u0165a\u017eeniu, \u010d\u00edm sa prisp\u00f4sobuje n\u00e1ro\u010dn\u00fdm pracovn\u00fdm podmienkam. Jeho kon\u0161truk\u010dn\u00e9 aspekty zah\u0155\u0148aj\u00fa odolnos\u0165 vo\u010di opotrebovaniu a kor\u00f3zii, \u010do predl\u017euje jeho \u017eivotnos\u0165.<\/li>\n<li><strong>Efekt\u00edvna hydraulick\u00e1 prev\u00e1dzka:<\/strong> V\u010faka vyu\u017eitiu tlaku hydraulick\u00e9ho oleja dosahuje valec ly\u017eice plynul\u00e9 vys\u00favanie a zas\u00favanie, \u010do umo\u017e\u0148uje r\u00fdchlu reakciu na ovl\u00e1dacie povely a poskytuje siln\u00fa tla\u010dn\u00fa a \u0165a\u017en\u00fa silu, vhodn\u00fa na manipul\u00e1ciu s \u0165a\u017ek\u00fdmi bremenami a zlo\u017eit\u00e9 prev\u00e1dzkov\u00e9 \u00falohy.<\/li>\n<li><strong>R\u00f4zne typy:<\/strong> Valec kor\u010deka je mo\u017en\u00e9 zvoli\u0165 ako jedno\u010dinn\u00fd (hydraulick\u00e1 sila p\u00f4sob\u00ed iba v jednom smere) alebo dvoj\u010dinn\u00fd (hydraulick\u00e1 sila p\u00f4sob\u00ed v oboch smeroch) pod\u013ea prev\u00e1dzkov\u00fdch po\u017eiadaviek. Niektor\u00e9 modely s\u00fa teleskopick\u00e9, \u010do umo\u017e\u0148uje v\u00e4\u010d\u0161ie vysunutie bez zv\u00e4\u010d\u0161enia vonkaj\u0161\u00edch rozmerov, v\u010faka \u010domu s\u00fa vhodn\u00e9 pre aplik\u00e1cie s obmedzen\u00fdm priestorom.<\/li>\n<li><strong>Dokonal\u00e1 n\u00e1hrada:<\/strong> Na\u0161e produkty dok\u00e1\u017eu dokonale nahradi\u0165 tieto hydraulick\u00e9 valce a poskytuj\u00fa spo\u013eahliv\u00fd v\u00fdkon a kompatibilitu.<\/li>\n<\/ul>\n<p><img decoding=\"async\" src=\"https:\/\/www.hydraulic-cylinders.net\/wp-content\/uploads\/2025\/01\/songte-cylinder-head-with-all-kinds-excavator-models.webp\" alt=\"Obr\u00e1zok produktu\"><\/p>\n<h2>Aplik\u00e1cie<\/h2>\n<ul>\n<li><strong>Stavebn\u00e9 vybavenie:<\/strong> Valce ko\u0161\u00edkov s\u00fa v r\u00fdpadl\u00e1ch nevyhnutn\u00e9 na kopanie, nakladanie a premiest\u0148ovanie zeminy alebo sutiny. V r\u00fdpadlo-naklada\u010doch valec ko\u0161\u00edka pom\u00e1ha pri v\u00fdkope aj zdv\u00edhan\u00ed.<\/li>\n<li><strong>Po\u013enohospod\u00e1rske stroje:<\/strong> Pou\u017e\u00edva sa v \u010deln\u00fdch naklada\u010doch na naberanie, zdv\u00edhanie a prepravu p\u00f4dy, sena a in\u00fdch materi\u00e1lov.<\/li>\n<li><strong>R\u00fdpadl\u00e1:<\/strong> Valec ly\u017eice umo\u017e\u0148uje kopanie t\u00fdm, \u017ee umo\u017e\u0148uje ly\u017eici prenikn\u00fa\u0165 do p\u00f4dy.<\/li>\n<li><strong>\u010celn\u00e9 naklada\u010de:<\/strong> V \u010deln\u00fdch naklada\u010doch pom\u00e1haj\u00fa efekt\u00edvne zdv\u00edha\u0165 a vyklada\u0165 tovar.<\/li>\n<\/ul>\n<p>Tieto aplik\u00e1cie vy\u017eaduj\u00fa, aby valec kor\u010deka poskytoval spo\u013eahlivos\u0165 a v\u00fdkon v n\u00e1ro\u010dn\u00fdch podmienkach.<\/p>\n<h2>\u00davahy o dizajne a krit\u00e9ri\u00e1 v\u00fdberu<\/h2>\n<ul>\n<li><strong>Nosnos\u0165:<\/strong> Valec vedra je navrhnut\u00fd tak, aby odolal po\u017eadovan\u00e9mu za\u0165a\u017eeniu a zabezpe\u010dil bezpe\u010dn\u00fa prev\u00e1dzku.<\/li>\n<li><strong>Tesnenie:<\/strong> Na zabr\u00e1nenie \u00faniku a zabezpe\u010denie spr\u00e1vnej funkcie sa pou\u017e\u00edvaj\u00fa r\u00f4zne tesnenia, ako napr\u00edklad tesnenia piestov a tesnenia ty\u010d\u00ed. S\u00fa vyroben\u00e9 z materi\u00e1lov odoln\u00fdch vo\u010di opotrebovaniu, ako je polyuret\u00e1n a nitrilov\u00e1 guma.<\/li>\n<li><strong>Trvanlivos\u0165:<\/strong> Telo valca a z\u00e1vitov\u00e9 konce s\u00fa jemne opracovan\u00e9, aby sa zv\u00fd\u0161ila odolnos\u0165 proti opotrebovaniu. To zais\u0165uje dlh\u0161iu \u017eivotnos\u0165 valca vedra.<\/li>\n<li><strong>Bezpe\u010dnos\u0165:<\/strong> Do n\u00e1vrhu s\u00fa zapracovan\u00e9 bezpe\u010dnostn\u00e9 aspekty, aby sa predi\u0161lo nehod\u00e1m a zabezpe\u010dila sa pohoda obsluhy.<\/li>\n<li><strong>Udr\u017eiavate\u013enos\u0165:<\/strong> Valec vedra je navrhnut\u00fd pre jednoduch\u00fa \u00fadr\u017ebu a opravy, \u010do umo\u017e\u0148uje r\u00fdchly a efekt\u00edvny servis.<\/li>\n<\/ul>\n<p><img decoding=\"async\" src=\"https:\/\/www.hydraulic-cylinders.net\/wp-content\/uploads\/2025\/01\/songte-oil-pipes-and-spare-parts.webp\" alt=\"Obr\u00e1zok produktu\"><\/p>\n<h2>Tesnenie a mazanie<\/h2>\n<p>Valec korby vyu\u017e\u00edva r\u00f4zne tesnenia, ako s\u00fa piestne tesnenia a tesnenia ty\u010d\u00ed, vyroben\u00e9 z materi\u00e1lov odoln\u00fdch vo\u010di opotrebovaniu, ako je polyuret\u00e1n a nitrilov\u00fd kau\u010duk. Teleso valca a z\u00e1vitov\u00e9 konce s\u00fa jemne opracovan\u00e9 pre zlep\u0161enie odolnosti vo\u010di opotrebovaniu. Pravideln\u00e9 mazanie vhodn\u00fdm mno\u017estvom hydraulick\u00e9ho oleja je nevyhnutn\u00e9 pre zabezpe\u010denie hladk\u00e9ho chodu a pred\u013a\u017eenie \u017eivotnosti valca korby.<\/p>\n<h2>Pravideln\u00e1 kontrola a opatrenia prevent\u00edvnej \u00fadr\u017eby<\/h2>\n<ul>\n<li>Pravidelne kontrolujte valec vedra, \u010di nevykazuje zn\u00e1mky opotrebovania, po\u0161kodenia alebo \u00faniku.<\/li>\n<li>Zabezpe\u010dte spr\u00e1vne mazanie v\u0161etk\u00fdch pohybliv\u00fdch \u010dast\u00ed.<\/li>\n<li>Pravidelne vymie\u0148ajte tesnenia, aby sa zachovala ich \u00fa\u010dinnos\u0165.<\/li>\n<li>Vykonajte kalibra\u010dn\u00e9 kontroly, aby ste zabezpe\u010dili presn\u00fa prev\u00e1dzku.<\/li>\n<li>Dodr\u017eujte odpor\u00fa\u010dan\u00e9 postupy in\u0161tal\u00e1cie, aby ste zabezpe\u010dili spr\u00e1vne zarovnanie valca.<\/li>\n<li>Na upevnenie valca pou\u017eite vhodn\u00e9 mont\u00e1\u017ene konzoly.<\/li>\n<li>Dodr\u017eiavajte odpor\u00fa\u010dan\u00e9 postupy kontroly, opravy a v\u00fdmeny.<\/li>\n<li>Poskytujeme n\u00e1hradn\u00e9 diely a renova\u010dn\u00e9 slu\u017eby na pred\u013a\u017eenie \u017eivotnosti valca vedra.<\/li>\n<\/ul>\n<p><img decoding=\"async\" src=\"https:\/\/www.hydraulic-cylinders.net\/wp-content\/uploads\/2025\/01\/songte-chushion-collar.webp\" alt=\"Obr\u00e1zok produktu\"><\/p>\n<h2>Bezpe\u010dnostn\u00e9 aspekty a faktory prostredia<\/h2>\n<p>Pri pou\u017e\u00edvan\u00ed vedrov\u00e9ho valca je d\u00f4le\u017eit\u00e9 dodr\u017eiava\u0165 bezpe\u010dnostn\u00e9 opatrenia, aby sa predi\u0161lo nehod\u00e1m a zabezpe\u010dila sa pohoda obsluhy. Na minimaliz\u00e1ciu negat\u00edvnych vplyvov by sa mali zv\u00e1\u017ei\u0165 aj environment\u00e1lne faktory, ako je spr\u00e1vna likvid\u00e1cia odpadu a dodr\u017eiavanie environment\u00e1lnych predpisov.<\/p>\n<h2>Diagnostika por\u00fach a be\u017en\u00e9 probl\u00e9my<\/h2>\n<p>Je d\u00f4le\u017eit\u00e9 presne a efekt\u00edvne diagnostikova\u0165 poruchy. Tu je nieko\u013eko be\u017en\u00fdch probl\u00e9mov, ktor\u00e9 m\u00f4\u017eu vznikn\u00fa\u0165:<\/p>\n<ul>\n<li>\u00danik z tesnen\u00ed<\/li>\n<li>Nedostato\u010dn\u00fd hydraulick\u00fd tlak<\/li>\n<li>Abnorm\u00e1lny hluk po\u010das prev\u00e1dzky<\/li>\n<\/ul>\n<p>Pre ka\u017ed\u00fd probl\u00e9m by mali by\u0165 poskytnut\u00e9 r\u00fdchle rie\u0161enia, ktor\u00e9 pom\u00f4\u017eu \u010ditate\u013eom efekt\u00edvne diagnostikova\u0165 a vyrie\u0161i\u0165 probl\u00e9my. Okrem toho by mali by\u0165 navrhnut\u00e9 prevent\u00edvne opatrenia na minimaliz\u00e1ciu potenci\u00e1lnych probl\u00e9mov.<\/p>\n<p><img decoding=\"async\" src=\"https:\/\/www.hydraulic-cylinders.net\/wp-content\/uploads\/2025\/01\/songte-bushings-with-all-kinds-of-excavator-models.webp\" alt=\"Obr\u00e1zok produktu\"><\/p>\n<p>Nezabudnite \u010dl\u00e1nok logicky usporiada\u0165, pre jednoduch\u0161iu navig\u00e1ciu pou\u017e\u00edva\u0165 podnadpisy, pre lep\u0161ie pochopenie zahrn\u00fa\u0165 relevantn\u00e9 obr\u00e1zky alebo grafy a zabezpe\u010di\u0165, aby bol obsah jasn\u00fd, stru\u010dn\u00fd a vhodn\u00fd pre \u010ditate\u013eov s r\u00f4znymi \u00farov\u0148ami technick\u00fdch znalost\u00ed.<\/p>\n<h2>Na\u0161a spolo\u010dnos\u0165<\/h2>\n<p>Sme v\u00fdrobcom n\u00e1hradn\u00fdch hydraulick\u00fdch valcov a pon\u00fakame kompletn\u00fd sortiment produktov. Ako jeden z popredn\u00fdch v\u00fdrobcov a ve\u013ekoobchodn\u00edkov s hydraulick\u00fdmi valcami na dom\u00e1com aj medzin\u00e1rodnom trhu sa riadime z\u00e1sadami excelentnosti a v na\u0161ich prepracovan\u00fdch v\u00fdrobn\u00fdch diel\u0148ach sa spoliehame na industrializovan\u00e9 strat\u00e9gie riadenia v\u00fdroby. V\u010faka na\u0161im technick\u00fdm talentom, pokro\u010dil\u00e9mu digit\u00e1lnemu v\u00fdrobn\u00e9mu zariadeniu a profesion\u00e1lnym testovac\u00edm syst\u00e9mom neust\u00e1le zlep\u0161ujeme na\u0161e v\u00fdrobn\u00e9 platformy, optimalizujeme v\u00fdrobn\u00e9 postupy pre kvalitu produktov a disponujeme siln\u00fdmi inovat\u00edvnymi schopnos\u0165ami. Sna\u017e\u00edme sa uspokoji\u0165 rozmanit\u00e9 potreby z\u00e1kazn\u00edkov s vysokou efektivitou, presnos\u0165ou a kvalitou.<\/p>\n<p><img decoding=\"async\" src=\"https:\/\/hzpt.com\/wp-content\/uploads\/2024\/11\/songte-company-1.webp\" alt=\"Obr\u00e1zok spolo\u010dnosti\"><\/p>\n<h3>Profesionalita:<\/h3>\n<p>Sme hrd\u00ed na na\u0161u profesionalitu vo v\u00fdrobe vysoko kvalitn\u00fdch hydraulick\u00fdch valcov.<\/p>\n<h3>Medzin\u00e1rodn\u00e9 certifik\u00e1cie:<\/h3>\n<p>Z\u00edskali sme medzin\u00e1rodn\u00e9 certifik\u00e1ty, ktor\u00e9 preukazuj\u00fa kvalitu a spo\u013eahlivos\u0165 na\u0161ich produktov.<\/p>\n<h3>Slu\u017eby prisp\u00f4sobenia:<\/h3>\n<p>Poskytujeme slu\u017eby prisp\u00f4sobenia, aby sme splnili \u0161pecifick\u00e9 po\u017eiadavky z\u00e1kazn\u00edka.<\/p>\n<h3>V\u00fdrobn\u00e9 vybavenie:<\/h3>\n<p>Pou\u017e\u00edvame modern\u00e9 v\u00fdrobn\u00e9 zariadenia, aby sme zabezpe\u010dili presnos\u0165 a kvalitu na\u0161ich v\u00fdrobkov.<\/p>\n<h3>Popredajn\u00fd servis:<\/h3>\n<p>Pon\u00fakame komplexn\u00e9 popredajn\u00e9 slu\u017eby na rie\u0161enie ak\u00fdchko\u013evek ob\u00e1v alebo probl\u00e9mov z\u00e1kazn\u00edkov.<\/p>\n<p><img decoding=\"async\" src=\"https:\/\/www.hydraulic-cylinders.net\/wp-content\/uploads\/2025\/01\/songte-company-3.webp\" alt=\"Obr\u00e1zok spolo\u010dnosti\"><\/p>\n<p>Autor: lyl<\/p>\n<p><\/body><br \/>\n<\/html><\/p>","protected":false},"excerpt":{"rendered":"<p>Bucket Cylinder For Carter CT150-8 Bucket Cylinder For Carter CT150-8 Introduction The Bucket Cylinder for Carter CT150-8 is a specially designed hydraulic cylinder used to control the movement of the bucket in heavy machinery such as excavators, backhoe loaders, and front-end loaders. Its main function is to enable the lifting, lowering, and tilting of the [&hellip;]<\/p>","protected":false},"featured_media":14785,"comment_status":"open","ping_status":"closed","template":"","meta":{"_et_pb_use_builder":"","_et_pb_old_content":"","_et_gb_content_width":""},"product_brand":[],"product_cat":[1494],"product_tag":[1495,1496],"class_list":{"0":"post-15795","1":"product","2":"type-product","3":"status-publish","4":"has-post-thumbnail","6":"product_cat-bucket-cylinders","7":"product_tag-bucket-cylinders","8":"product_tag-hydraulic-cylinders","10":"first","11":"instock","12":"shipping-taxable","13":"product-type-simple"},"amp_enabled":true,"_links":{"self":[{"href":"https:\/\/www.hydraulic-cylinders.net\/sk\/wp-json\/wp\/v2\/product\/15795","targetHints":{"allow":["GET"]}}],"collection":[{"href":"https:\/\/www.hydraulic-cylinders.net\/sk\/wp-json\/wp\/v2\/product"}],"about":[{"href":"https:\/\/www.hydraulic-cylinders.net\/sk\/wp-json\/wp\/v2\/types\/product"}],"replies":[{"embeddable":true,"href":"https:\/\/www.hydraulic-cylinders.net\/sk\/wp-json\/wp\/v2\/comments?post=15795"}],"wp:featuredmedia":[{"embeddable":true,"href":"https:\/\/www.hydraulic-cylinders.net\/sk\/wp-json\/wp\/v2\/media\/14785"}],"wp:attachment":[{"href":"https:\/\/www.hydraulic-cylinders.net\/sk\/wp-json\/wp\/v2\/media?parent=15795"}],"wp:term":[{"taxonomy":"product_brand","embeddable":true,"href":"https:\/\/www.hydraulic-cylinders.net\/sk\/wp-json\/wp\/v2\/product_brand?post=15795"},{"taxonomy":"product_cat","embeddable":true,"href":"https:\/\/www.hydraulic-cylinders.net\/sk\/wp-json\/wp\/v2\/product_cat?post=15795"},{"taxonomy":"product_tag","embeddable":true,"href":"https:\/\/www.hydraulic-cylinders.net\/sk\/wp-json\/wp\/v2\/product_tag?post=15795"}],"curies":[{"name":"pracovn\u00fd list","href":"https:\/\/api.w.org\/{rel}","templated":true}]}}