{"id":15799,"date":"2025-01-19T15:00:10","date_gmt":"2025-01-19T15:00:10","guid":{"rendered":"https:\/\/www.hydraulic-cylinders.net\/product\/bucket-cylinder-for-carter-ct85-8a-8b\/"},"modified":"2025-01-19T15:00:13","modified_gmt":"2025-01-19T15:00:13","slug":"bucket-cylinder-for-carter-ct85-8a-8b","status":"publish","type":"product","link":"https:\/\/www.hydraulic-cylinders.net\/sk\/produkt\/bucket-cylinder-for-carter-ct85-8a-8b\/","title":{"rendered":"Valec vedra pre Carter CT85-8A-8B"},"content":{"rendered":"<h1>Valec vedra pre Carter CT85-8A-8B<\/h1>\n<h2>\u00davod<\/h2>\n<p>Hydraulick\u00fd valec ly\u017eice pre Carter CT85-8A-8B je \u0161pecializovan\u00fd hydraulick\u00fd valec ur\u010den\u00fd na ovl\u00e1danie pohybu ly\u017eice v \u0165a\u017ek\u00fdch strojoch, ako s\u00fa bagre, r\u00fdpadlo-naklada\u010de a \u010deln\u00e9 naklada\u010de. Jeho hlavnou funkciou je umo\u017eni\u0165 zdv\u00edhanie, sp\u00fa\u0161\u0165anie a nakl\u00e1\u0148anie ly\u017eice, \u010do u\u013eah\u010duje vykon\u00e1vanie r\u00f4znych \u00faloh manipul\u00e1cie s materi\u00e1lom. V hydraulickom syst\u00e9me valec ly\u017eice presne riadi pohyby ly\u017eice zmenou tlaku hydraulick\u00e9ho oleja, \u010do umo\u017e\u0148uje obsluhe efekt\u00edvne manipulova\u0165 s \u0165a\u017ek\u00fdmi bremenami a prisp\u00f4sobi\u0165 sa zlo\u017eit\u00fdm pracovn\u00fdm prostrediam a r\u00f4znorod\u00fdm po\u017eiadavk\u00e1m na pr\u00e1cu.<\/p>\n<p><img decoding=\"async\" src=\"https:\/\/www.hydraulic-cylinders.net\/wp-content\/uploads\/2025\/01\/songte-company-2.webp\"><\/p>\n<h2>Funkcie<\/h2>\n<ul>\n<li>Vysok\u00e1 pevnos\u0165 a odolnos\u0165: Zvy\u010dajne vyroben\u00fd z vysokopevnostnej ocele alebo hlin\u00edka, odol\u00e1 vysok\u00e9mu tlaku a \u0165a\u017ek\u00fdm za\u0165a\u017eeniam, prisp\u00f4sob\u00ed sa n\u00e1ro\u010dn\u00fdm pracovn\u00fdm podmienkam a je navrhnut\u00fd s oh\u013eadom na odolnos\u0165 vo\u010di opotrebovaniu a kor\u00f3zii, \u010d\u00edm sa predl\u017euje jeho \u017eivotnos\u0165.<\/li>\n<li>Efekt\u00edvna hydraulick\u00e1 prev\u00e1dzka: Vyu\u017e\u00edva tlak hydraulick\u00e9ho oleja na dosiahnutie plynul\u00e9ho vys\u00favania a s\u0165ahovania, r\u00fdchlu reakciu na ovl\u00e1dacie povely, poskytovanie siln\u00fdch tla\u010dn\u00fdch a \u0165a\u017en\u00fdch s\u00edl a je vhodn\u00e1 na manipul\u00e1ciu s \u0165a\u017ek\u00fdmi bremenami a zlo\u017eit\u00fdmi pracovn\u00fdmi \u00falohami.<\/li>\n<li>R\u00f4zne typy: Jedno\u010dinn\u00e9 (hydraulicky ovl\u00e1dan\u00e9 iba v jednom smere) alebo dvoj\u010dinn\u00e9 (hydraulicky ovl\u00e1dan\u00e9 v dvoch smeroch) valce je mo\u017en\u00e9 vybra\u0165 pod\u013ea po\u017eiadaviek, aby sa splnili r\u00f4zne prev\u00e1dzkov\u00e9 potreby. Niektor\u00e9 modely s\u00fa teleskopick\u00e9, \u010do umo\u017e\u0148uje v\u00e4\u010d\u0161ie vysunutie bez zv\u00e4\u010d\u0161enia vonkaj\u0161\u00edch rozmerov, vhodn\u00e9 pre aplik\u00e1cie s obmedzen\u00fdm priestorom.<\/li>\n<li>Jednoduch\u00e1 v\u00fdmena: Na\u0161e produkty dok\u00e1\u017eu dokonale nahradi\u0165 tieto hydraulick\u00e9 valce a pon\u00fakame n\u00e1hradn\u00e9 diely a renova\u010dn\u00e9 slu\u017eby na pred\u013a\u017eenie \u017eivotnosti valcov.<\/li>\n<li>Prisp\u00f4sobite\u013en\u00e9: Mo\u017eno prisp\u00f4sobi\u0165 pod\u013ea po\u017eiadaviek z\u00e1kazn\u00edka, aby sp\u013a\u0148ali \u0161pecifick\u00e9 prev\u00e1dzkov\u00e9 potreby.<\/li>\n<\/ul>\n<p><img decoding=\"async\" src=\"https:\/\/www.hydraulic-cylinders.net\/wp-content\/uploads\/2025\/01\/songte-cylinder-head-with-all-kinds-excavator-models.webp\"><\/p>\n<h2>Aplik\u00e1cie<\/h2>\n<p>Valec vedra pre Carter CT85-8A-8B sa be\u017ene pou\u017e\u00edva v r\u00f4znych \u0165a\u017ek\u00fdch strojoch vr\u00e1tane:<\/p>\n<ul>\n<li>Stavebn\u00e9 zariadenia: V bagroch s\u00fa k\u013e\u00fa\u010dov\u00e9 pre v\u00fdkopov\u00e9 pr\u00e1ce, nakladanie a premiest\u0148ovanie zeminy alebo sutiny. V r\u00fdpadlo-naklada\u010doch pom\u00e1haj\u00fa valce ko\u0161\u00edkov pri v\u00fdkopov\u00fdch pr\u00e1cach aj zdv\u00edhan\u00ed. <\/li>\n<li>Po\u013enohospod\u00e1rske stroje: Pou\u017e\u00edvaj\u00fa sa v \u010deln\u00fdch naklada\u010doch na naberanie, zdv\u00edhanie a prepravu p\u00f4dy, sena a in\u00fdch materi\u00e1lov. <\/li>\n<li>R\u00fdpadl\u00e1: Valec ly\u017eice umo\u017e\u0148uje v\u00fdkop t\u00fdm, \u017ee umo\u017e\u0148uje ly\u017eici prenikn\u00fa\u0165 do p\u00f4dy. <\/li>\n<li>\u010celn\u00e9 naklada\u010de: V \u010deln\u00fdch naklada\u010doch pom\u00e1haj\u00fa efekt\u00edvne zdv\u00edha\u0165 a nakl\u00e1\u0148a\u0165 bremena.<\/li>\n<\/ul>\n<p>Ka\u017ed\u00e1 aplik\u00e1cia je podrobne pop\u00edsan\u00e1 ni\u017e\u0161ie:<\/p>\n<h3>Stavebn\u00e9 stroje<\/h3>\n<p>Hydraulick\u00e9 valce ly\u017eice s\u00fa nevyhnutn\u00e9 v r\u00fdpadl\u00e1ch a r\u00fdpadlo-naklada\u010doch na v\u00fdkopov\u00e9 pr\u00e1ce, nakladanie a premiest\u0148ovanie zeminy alebo sutiny. Hydraulick\u00fd tlak valca ly\u017eice umo\u017e\u0148uje ly\u017eici vykon\u00e1va\u0165 po\u017eadovan\u00e9 pohyby plynule a presne, \u010do poskytuje obsluhe potrebn\u00fa kontrolu a stabilitu pre pr\u00e1cu v n\u00e1ro\u010dn\u00fdch podmienkach. Pevnos\u0165 a odolnos\u0165 valca ly\u017eice zabezpe\u010duj\u00fa, \u017ee vydr\u017e\u00ed vysok\u00e9 za\u0165a\u017eenie a tlaky potrebn\u00e9 pri v\u00fdkopov\u00fdch a nakladac\u00edch \u00faloh\u00e1ch.<\/p>\n<h3>Po\u013enohospod\u00e1rske stroje<\/h3>\n<p>Valec ly\u017eice sa pou\u017e\u00edva v \u010deln\u00fdch naklada\u010doch na r\u00f4zne \u00falohy vr\u00e1tane naberania, zdv\u00edhania a prepravy p\u00f4dy, sena a in\u00fdch materi\u00e1lov. Hydraulick\u00fd tlak valca ly\u017eice umo\u017e\u0148uje zdv\u00edhanie a nakl\u00e1\u0148anie ly\u017eice, \u010do u\u013eah\u010duje manipul\u00e1ciu s objemn\u00fdmi a \u0165a\u017ek\u00fdmi materi\u00e1lmi. Pevnos\u0165 a odolnos\u0165 valca ly\u017eice zabezpe\u010duj\u00fa, \u017ee vydr\u017e\u00ed vysok\u00e9 za\u0165a\u017eenie a tlaky spojen\u00e9 s po\u013enohospod\u00e1rskymi pr\u00e1cami, v\u010faka \u010domu je nevyhnutnou s\u00fa\u010das\u0165ou \u010deln\u00fdch naklada\u010dov.<\/p>\n<h3>R\u00fdpadl\u00e1<\/h3>\n<p>Valec ly\u017eice umo\u017e\u0148uje v\u00fdkopov\u00e9 pr\u00e1ce t\u00fdm, \u017ee umo\u017e\u0148uje ly\u017eici prenikn\u00fa\u0165 do p\u00f4dy. Hydraulick\u00fd tlak valca ly\u017eice umo\u017e\u0148uje ly\u017eici \u013eahko vykon\u00e1va\u0165 po\u017eadovan\u00e9 pohyby, \u010do obsluhe umo\u017e\u0148uje pracova\u0165 r\u00fdchlo a efekt\u00edvne. Pevnos\u0165 a odolnos\u0165 valca ly\u017eice zabezpe\u010duj\u00fa, \u017ee vydr\u017e\u00ed vysok\u00e9 za\u0165a\u017eenie a tlaky spojen\u00e9 s v\u00fdkopov\u00fdmi pr\u00e1cami.<\/p>\n<h3>\u010celn\u00e9 naklada\u010de<\/h3>\n<p>V \u010deln\u00fdch naklada\u010doch pom\u00e1ha valec ly\u017eice pri zdv\u00edhan\u00ed a nakl\u00e1\u0148an\u00ed bremien, \u010d\u00edm poskytuje potrebn\u00fa kontrolu a stabilitu pre pr\u00e1cu v n\u00e1ro\u010dn\u00fdch podmienkach. Hydraulick\u00fd tlak valca ly\u017eice umo\u017e\u0148uje ly\u017eici vykon\u00e1va\u0165 po\u017eadovan\u00e9 pohyby plynule a presne, \u010do u\u013eah\u010duje manipul\u00e1ciu s objemn\u00fdmi a \u0165a\u017ek\u00fdmi bremenami. Pevnos\u0165 a odolnos\u0165 valca ly\u017eice zabezpe\u010duj\u00fa, \u017ee vydr\u017e\u00ed vysok\u00e9 za\u0165a\u017eenie a tlaky spojen\u00e9 s nakladan\u00edm a zdv\u00edhan\u00edm.<\/p>\n<p><img decoding=\"async\" src=\"https:\/\/www.hydraulic-cylinders.net\/wp-content\/uploads\/2025\/01\/songte-oil-pipes-and-spare-parts.webp\"><\/p>\n<h2>\u00davahy o dizajne a krit\u00e9ri\u00e1 v\u00fdberu<\/h2>\n<p>Valec s ko\u0161\u00edkom pre Carter CT85-8A-8B je navrhnut\u00fd s oh\u013eadom na nieko\u013eko faktorov, vr\u00e1tane:<\/p>\n<ul>\n<li>Nosnos\u0165: Valec mus\u00ed by\u0165 schopn\u00fd odola\u0165 vysok\u00e9mu za\u0165a\u017eeniu a tlaku spojen\u00e9mu s \u0165a\u017ek\u00fdmi strojmi.<\/li>\n<li>Tesnenie: Valec mus\u00ed by\u0165 navrhnut\u00fd s vysoko kvalitn\u00fdmi tesneniami, aby sa zabr\u00e1nilo \u00faniku oleja a zabezpe\u010dila sa spr\u00e1vna prev\u00e1dzka. Tesnenie piesta a tesnenie ty\u010de s\u00fa zvy\u010dajne vyroben\u00e9 z polyuret\u00e1nu alebo nitrilovej gumy, \u010do s\u00fa materi\u00e1ly odoln\u00e9 vo\u010di opotrebovaniu.<\/li>\n<li>Trvanlivos\u0165: Valec mus\u00ed by\u0165 vyroben\u00fd z vysokopevnostn\u00fdch materi\u00e1lov a navrhnut\u00fd s oh\u013eadom na odolnos\u0165 vo\u010di opotrebovaniu a kor\u00f3zii, aby sa pred\u013a\u017eila jeho \u017eivotnos\u0165.<\/li>\n<li>Bezpe\u010dnos\u0165: F\u013ea\u0161a mus\u00ed sp\u013a\u0148a\u0165 bezpe\u010dnostn\u00e9 normy, aby sa predi\u0161lo nehod\u00e1m a zraneniam.<\/li>\n<li>\u00dadr\u017eba: Valec mus\u00ed by\u0165 navrhnut\u00fd pre jednoduch\u00fa \u00fadr\u017ebu a opravu s \u013eahko dostupn\u00fdmi n\u00e1hradn\u00fdmi dielmi.<\/li>\n<\/ul>\n<p><img decoding=\"async\" src=\"https:\/\/www.hydraulic-cylinders.net\/wp-content\/uploads\/2025\/01\/songte-chushion-collar.webp\"><\/p>\n<h2>Tesnenie a mazanie<\/h2>\n<p>Hydraulick\u00fd valec pre Carter CT85-8A-8B pou\u017e\u00edva r\u00f4zne tesniace komponenty, aby sa zabr\u00e1nilo \u00faniku oleja a zabezpe\u010dila sa spr\u00e1vna prev\u00e1dzka. Tesnenie piestu a tesnenie ty\u010de valca s\u00fa zvy\u010dajne vyroben\u00e9 z polyuret\u00e1nu alebo nitrilovej gumy, \u010do s\u00fa materi\u00e1ly odoln\u00e9 vo\u010di opotrebovaniu. Teleso valca a povrch z\u00e1vitov\u00e9ho konca s\u00fa jemne opracovan\u00e9, aby sa zlep\u0161ila odolnos\u0165 vo\u010di opotrebovaniu. Na udr\u017eanie optim\u00e1lneho v\u00fdkonu valca je potrebn\u00e9 pravideln\u00e9 mazanie hydraulick\u00fdm olejom.<\/p>\n<h2>Kontrola a prevent\u00edvna \u00fadr\u017eba<\/h2>\n<p>Pravideln\u00e1 kontrola a prevent\u00edvna \u00fadr\u017eba s\u00fa nevyhnutn\u00e9 na zabezpe\u010denie optim\u00e1lneho v\u00fdkonu a dlhej \u017eivotnosti valca s ko\u0161\u00edkom pre Carter CT85-8A-8B. Medzi be\u017en\u00e9 \u00falohy patr\u00ed:<\/p>\n<ul>\n<li>Pravideln\u00e1 kontrola valca a jeho komponentov<\/li>\n<li>Pravideln\u00e9 mazanie<\/li>\n<li>V\u00fdmena opotrebovan\u00fdch tesnen\u00ed<\/li>\n<li>Kalibra\u010dn\u00e9 kontroly<\/li>\n<\/ul>\n<p>Spr\u00e1vna in\u0161tal\u00e1cia je tie\u017e d\u00f4le\u017eit\u00e1 pre zabezpe\u010denie optim\u00e1lneho v\u00fdkonu. Valec mus\u00ed by\u0165 spr\u00e1vne zarovnan\u00fd a na jeho upevnenie je potrebn\u00e9 pou\u017ei\u0165 vhodn\u00e9 mont\u00e1\u017ene konzoly. Odpor\u00fa\u010dame dodr\u017eiava\u0165 na\u0161e odpor\u00fa\u010dan\u00e9 postupy kontroly, opravy a v\u00fdmeny, aby ste zabezpe\u010dili optim\u00e1lny v\u00fdkon a dlh\u00fa \u017eivotnos\u0165 valca.<\/p>\n<p><img decoding=\"async\" src=\"https:\/\/www.hydraulic-cylinders.net\/wp-content\/uploads\/2025\/01\/songte-bushings-with-all-kinds-of-excavator-models.webp\"><\/p>\n<h2>Bezpe\u010dnostn\u00e9 aspekty a faktory prostredia<\/h2>\n<p>Pri pou\u017e\u00edvan\u00ed valca s vedrom pre Carter CT85-8A-8B je potrebn\u00e9 prija\u0165 bezpe\u010dnostn\u00e9 opatrenia, aby sa predi\u0161lo nehod\u00e1m a zraneniam. Pri obsluhe \u0165a\u017ek\u00fdch strojov je nevyhnutn\u00e9 dodr\u017eiava\u0165 bezpe\u010dnostn\u00e9 postupy a pokyny vr\u00e1tane nosenia ochrann\u00fdch prostriedkov, ako s\u00fa prilby, rukavice a ochrann\u00e9 okuliare.<\/p>\n<p>Valec s ko\u0161\u00edkom pre Carter CT85-8A-8B je navrhnut\u00fd s oh\u013eadom na \u017eivotn\u00e9 prostredie. Je vyroben\u00fd z odoln\u00fdch, vysokopevnostn\u00fdch materi\u00e1lov, ktor\u00e9 s\u00fa odoln\u00e9 vo\u010di opotrebovaniu a kor\u00f3zii, \u010d\u00edm sa zni\u017euje potreba \u010dastej v\u00fdmeny. Pravideln\u00e1 \u00fadr\u017eba a kontrola m\u00f4\u017eu \u010falej zn\u00ed\u017ei\u0165 vplyv produktu na \u017eivotn\u00e9 prostredie pred\u013a\u017een\u00edm jeho \u017eivotnosti.<\/p>\n<h2>Rie\u0161enie probl\u00e9mov a be\u017en\u00e9 probl\u00e9my<\/h2>\n<p>Valec ko\u0161\u00edka pre Carter CT85-8A-8B sa m\u00f4\u017ee po\u010das prev\u00e1dzky stretn\u00fa\u0165 s r\u00f4znymi probl\u00e9mami. Medzi be\u017en\u00e9 probl\u00e9my patria \u00faniky oleja, po\u0161koden\u00e9 tesnenia a zn\u00ed\u017een\u00fd v\u00fdkon. Spr\u00e1vna \u00fadr\u017eba a kontrola m\u00f4\u017eu pom\u00f4c\u0165 odhali\u0165 a predch\u00e1dza\u0165 t\u00fdmto probl\u00e9mom. Ak sa probl\u00e9my vyskytn\u00fa, k dispoz\u00edcii s\u00fa tipy na rie\u0161enie probl\u00e9mov a rie\u0161enia, ktor\u00e9 ich diagnostikuj\u00fa a vyrie\u0161ia.<\/p>\n<p><img decoding=\"async\" src=\"https:\/\/hzpt.com\/wp-content\/uploads\/2024\/11\/songte-company-1.webp\"><\/p>\n<h2>O n\u00e1s<\/h2>\n<p>Sme popredn\u00fdm v\u00fdrobcom a ve\u013ekoobchodn\u00fdm distrib\u00fatorom hydraulick\u00fdch valcov a pon\u00fakame kompletn\u00fd sortiment produktov pre dom\u00e1ci aj medzin\u00e1rodn\u00fd trh. N\u00e1\u0161 z\u00e1v\u00e4zok k excelentnosti vo v\u00fdrobe, strat\u00e9gie industrializovan\u00e9ho riadenia v\u00fdroby a invest\u00edcie do najmodernej\u0161\u00edch technol\u00f3gi\u00ed a profesion\u00e1lnych testovac\u00edch syst\u00e9mov zabezpe\u010duj\u00fa kvalitu a spo\u013eahlivos\u0165 na\u0161ich produktov. Pon\u00fakame prisp\u00f4soben\u00e9 slu\u017eby, medzin\u00e1rodn\u00fa certifik\u00e1ciu a popredajn\u00fa podporu, \u010d\u00edm na\u0161im z\u00e1kazn\u00edkom poskytujeme kompletn\u00e9 rie\u0161enie pre ich potreby v oblasti hydraulick\u00fdch valcov.<\/p>\n<p>Dopl\u0148uj\u00face inform\u00e1cie o na\u0161ej spolo\u010dnosti:<\/p>\n<ul>\n<li>Profesionalita: N\u00e1\u0161 t\u00edm sa sklad\u00e1 z vysoko kvalifikovan\u00fdch a sk\u00fasen\u00fdch odborn\u00edkov s hlbok\u00fdmi znalos\u0165ami hydraulick\u00fdch valcov a s\u00favisiacich produktov.<\/li>\n<li>Medzin\u00e1rodn\u00e1 certifik\u00e1cia: Na\u0161e produkty s\u00fa nez\u00e1visle certifikovan\u00e9 medzin\u00e1rodn\u00fdmi organiz\u00e1ciami, \u010do zaru\u010duje ich kvalitu a spo\u013eahlivos\u0165.<\/li>\n<li>Prisp\u00f4sobenie: Pon\u00fakame prisp\u00f4soben\u00e9 slu\u017eby, ktor\u00e9 sp\u013a\u0148aj\u00fa jedine\u010dn\u00e9 prev\u00e1dzkov\u00e9 po\u017eiadavky z\u00e1kazn\u00edkov.<\/li>\n<li>V\u00fdrobn\u00e9 zariadenia: Investujeme do najmodernej\u0161\u00edch technol\u00f3gi\u00ed a zariaden\u00ed, aby sme zabezpe\u010dili kvalitu a spo\u013eahlivos\u0165 na\u0161ich produktov.<\/li>\n<li>Popredajn\u00e1 podpora: Poskytujeme komplexn\u00fa popredajn\u00fa podporu vr\u00e1tane n\u00e1hradn\u00fdch dielov a repasn\u00fdch slu\u017eieb, aby sme zabezpe\u010dili spokojnos\u0165 na\u0161ich z\u00e1kazn\u00edkov.<\/li>\n<\/ul>\n<p>Autor: lyl<\/p>","protected":false},"excerpt":{"rendered":"<p>Bucket Cylinder For Carter CT85-8A-8B Introduction The Bucket Cylinder for Carter CT85-8A-8B is a specialized hydraulic cylinder designed for controlling the movement of the bucket in heavy machinery such as excavators, backhoe loaders, and front loaders. Its primary function is to enable the bucket to lift, lower, and tilt, making it easier to handle various [&hellip;]<\/p>","protected":false},"featured_media":14778,"comment_status":"open","ping_status":"closed","template":"","meta":{"_et_pb_use_builder":"","_et_pb_old_content":"","_et_gb_content_width":""},"product_brand":[],"product_cat":[1494],"product_tag":[1495,1496],"class_list":{"0":"post-15799","1":"product","2":"type-product","3":"status-publish","4":"has-post-thumbnail","6":"product_cat-bucket-cylinders","7":"product_tag-bucket-cylinders","8":"product_tag-hydraulic-cylinders","10":"first","11":"instock","12":"shipping-taxable","13":"product-type-simple"},"amp_enabled":true,"_links":{"self":[{"href":"https:\/\/www.hydraulic-cylinders.net\/sk\/wp-json\/wp\/v2\/product\/15799","targetHints":{"allow":["GET"]}}],"collection":[{"href":"https:\/\/www.hydraulic-cylinders.net\/sk\/wp-json\/wp\/v2\/product"}],"about":[{"href":"https:\/\/www.hydraulic-cylinders.net\/sk\/wp-json\/wp\/v2\/types\/product"}],"replies":[{"embeddable":true,"href":"https:\/\/www.hydraulic-cylinders.net\/sk\/wp-json\/wp\/v2\/comments?post=15799"}],"wp:featuredmedia":[{"embeddable":true,"href":"https:\/\/www.hydraulic-cylinders.net\/sk\/wp-json\/wp\/v2\/media\/14778"}],"wp:attachment":[{"href":"https:\/\/www.hydraulic-cylinders.net\/sk\/wp-json\/wp\/v2\/media?parent=15799"}],"wp:term":[{"taxonomy":"product_brand","embeddable":true,"href":"https:\/\/www.hydraulic-cylinders.net\/sk\/wp-json\/wp\/v2\/product_brand?post=15799"},{"taxonomy":"product_cat","embeddable":true,"href":"https:\/\/www.hydraulic-cylinders.net\/sk\/wp-json\/wp\/v2\/product_cat?post=15799"},{"taxonomy":"product_tag","embeddable":true,"href":"https:\/\/www.hydraulic-cylinders.net\/sk\/wp-json\/wp\/v2\/product_tag?post=15799"}],"curies":[{"name":"pracovn\u00fd list","href":"https:\/\/api.w.org\/{rel}","templated":true}]}}