{"id":15801,"date":"2025-01-19T15:00:19","date_gmt":"2025-01-19T15:00:19","guid":{"rendered":"https:\/\/www.hydraulic-cylinders.net\/product\/bucket-cylinder-for-carter-ct330-8c\/"},"modified":"2025-01-19T15:00:21","modified_gmt":"2025-01-19T15:00:21","slug":"bucket-cylinder-for-carter-ct330-8c","status":"publish","type":"product","link":"https:\/\/www.hydraulic-cylinders.net\/sk\/produkt\/bucket-cylinder-for-carter-ct330-8c\/","title":{"rendered":"Valec vedra pre Carter CT330-8C"},"content":{"rendered":"<h1>Valec vedra pre Carter CT330-8C<\/h1>\n<h2>\u00davod<\/h2>\n<p>The Bucket Cylinder for Carter CT330-8C is a type of specialized hydraulic cylinder designed specifically to control the movement of the bucket in heavy machinery, such as excavators, backhoes, and front loaders. Its primary function is to enable the bucket to be lifted, lowered, and tilted, thereby facilitating various material handling tasks. In hydraulic systems, the bucket cylinder achieves precise control of the bucket&#8217;s movement through changes in hydraulic oil pressure, enabling operators to handle heavy loads efficiently and adapt to complex working environments and diverse job requirements.<\/p>\n<p><img decoding=\"async\" src=\"https:\/\/www.hydraulic-cylinders.net\/wp-content\/uploads\/2025\/01\/songte-company-2.webp\"><\/p>\n<h2>Funkcie<\/h2>\n<ul>\n<li>\n<h3>Vysok\u00e1 pevnos\u0165 a odolnos\u0165<\/h3>\n<p>Valce s kor\u010dekom s\u00fa zvy\u010dajne vyroben\u00e9 z vysokopevnostnej ocele alebo hlin\u00edka, \u010do im umo\u017e\u0148uje odol\u00e1va\u0165 vysok\u00e9mu tlaku a \u0165a\u017ek\u00fdm za\u0165a\u017eeniam a prisp\u00f4sobi\u0165 sa n\u00e1ro\u010dn\u00fdm pracovn\u00fdm podmienkam. Ich kon\u0161trukcia zoh\u013ead\u0148uje odolnos\u0165 proti opotrebovaniu a kor\u00f3zii, aby sa pred\u013a\u017eila ich \u017eivotnos\u0165.<\/p>\n<\/li>\n<li>\n<h3>Efekt\u00edvna hydraulick\u00e1 prev\u00e1dzka<\/h3>\n<p>Valce kor\u010dekov vyu\u017e\u00edvaj\u00fa hydraulick\u00fd tlak oleja na dosiahnutie plynul\u00e9ho vys\u00favania a zas\u00favania, r\u00fdchlo reaguj\u00fa na ovl\u00e1dacie povely, poskytuj\u00fa siln\u00e9 tla\u010dn\u00e9 a \u0165a\u017en\u00e9 sily a s\u00fa vhodn\u00e9 na manipul\u00e1ciu s \u0165a\u017ek\u00fdmi bremenami a zlo\u017eit\u00e9 prev\u00e1dzkov\u00e9 \u00falohy.<\/p>\n<\/li>\n<li>\n<h3>Viacer\u00e9 typy<\/h3>\n<p>Valce kor\u010deka m\u00f4\u017eu by\u0165 jedno\u010dinn\u00e9 (hydraulicky ovl\u00e1dan\u00e9 iba v jednom smere) alebo dvoj\u010dinn\u00e9 (hydraulicky ovl\u00e1dan\u00e9 v oboch smeroch) v z\u00e1vislosti od prev\u00e1dzkov\u00fdch potrieb. Niektor\u00e9 modely s\u00fa teleskopick\u00e9, \u010do umo\u017e\u0148uje v\u00e4\u010d\u0161ie vysunutie bez zv\u00e4\u010d\u0161enia vonkaj\u0161\u00edch rozmerov a s\u00fa vhodn\u00e9 pre aplik\u00e1cie s obmedzen\u00fdm priestorom.<\/p>\n<\/li>\n<li>\n<h3>Kompatibilita<\/h3>\n<p>N\u00e1\u0161 produkt dok\u00e1\u017ee dokonale nahradi\u0165 tieto hydraulick\u00e9 valce a pon\u00fakame \u0161irok\u00fa \u0161k\u00e1lu mo\u017enost\u00ed pre r\u00f4zne modely zariaden\u00ed.<\/p>\n<\/li>\n<li>\n<h3>Prisp\u00f4sobenie<\/h3>\n<p>Pon\u00fakame prisp\u00f4sobovacie slu\u017eby, ktor\u00e9 sp\u013a\u0148aj\u00fa \u0161pecifick\u00e9 po\u017eiadavky z\u00e1kazn\u00edkov, \u010d\u00edm zabezpe\u010dujeme kompatibilitu a optimalizovan\u00fd v\u00fdkon.<\/p>\n<\/li>\n<\/ul>\n<p><img decoding=\"async\" src=\"https:\/\/www.hydraulic-cylinders.net\/wp-content\/uploads\/2025\/01\/songte-cylinder-head-with-all-kinds-excavator-models.webp\"><\/p>\n<h2>Aplik\u00e1cie<\/h2>\n<p>Valce s ko\u0161\u00edkom sa pou\u017e\u00edvaj\u00fa v r\u00f4znych odvetviach a stroj\u00e1rstve, ako napr\u00edklad:<\/p>\n<ul>\n<li>Stavebn\u00e9 zariadenia: V bagroch s\u00fa nevyhnutn\u00e9 na kopanie, nakladanie a premiest\u0148ovanie zeminy alebo sutiny. V r\u00fdpadlo-naklada\u010doch pom\u00e1haj\u00fa valce ko\u0161\u00edkov pri kopan\u00ed aj zdv\u00edhan\u00ed. <\/li>\n<li>Po\u013enohospod\u00e1rske stroje: Pou\u017e\u00edvaj\u00fa sa v \u010deln\u00fdch naklada\u010doch na naberanie, zdv\u00edhanie a prepravu p\u00f4dy, sena a in\u00fdch materi\u00e1lov. <\/li>\n<li>R\u00fdpadl\u00e1: Valce vedra umo\u017e\u0148uj\u00fa vedru prenikn\u00fa\u0165 do zeme a vykon\u00e1va\u0165 kopacie \u010dinnosti. <\/li>\n<li>Naklada\u010de: \u010celn\u00e9 naklada\u010de pom\u00e1haj\u00fa efekt\u00edvne zdv\u00edha\u0165 a vyklada\u0165 n\u00e1klad.<\/li>\n<\/ul>\n<p>Ka\u017ed\u00e1 aplik\u00e1cia je vysvetlen\u00e1 ni\u017e\u0161ie:<\/p>\n<h3>Stavebn\u00e9 stroje<\/h3>\n<p>Valce ko\u0161\u00edkov hraj\u00fa v r\u00fdpadl\u00e1ch d\u00f4le\u017eit\u00fa \u00falohu, preto\u017ee pom\u00e1haj\u00fa pri kopan\u00ed, nakladan\u00ed a premiest\u0148ovan\u00ed zeminy alebo sutiny. V r\u00fdpadlov\u00fdch naklada\u010doch valce ko\u0161\u00edkov nielen pom\u00e1haj\u00fa pri kopan\u00ed, ale aj pri zdv\u00edhan\u00ed vedra. Tieto stroje sa \u0161iroko pou\u017e\u00edvaj\u00fa na stavenisk\u00e1ch, pri pr\u00e1cach na cest\u00e1ch a v bansk\u00fdch prev\u00e1dzkach. Valce ko\u0161\u00edkov s\u00fa nevyhnutn\u00e9 pre spr\u00e1vne fungovanie t\u00fdchto strojov a zabezpe\u010duj\u00fa, aby sa pr\u00e1ca vykon\u00e1vala efekt\u00edvne a \u00fa\u010dinne.<\/p>\n<h3>Po\u013enohospod\u00e1rske stroje<\/h3>\n<p>Valce kor\u010dekov sa pou\u017e\u00edvaj\u00fa v \u010deln\u00fdch naklada\u010doch na naberanie, zdv\u00edhanie a prepravu p\u00f4dy, sena a in\u00fdch materi\u00e1lov. Tieto stroje sa \u0161iroko pou\u017e\u00edvaj\u00fa v po\u013enohospod\u00e1rstve, lesn\u00edctve a ter\u00e9nnych \u00faprav\u00e1ch. Valce kor\u010dekov s\u00fa nevyhnutn\u00e9 pre spr\u00e1vne fungovanie t\u00fdchto strojov a zabezpe\u010duj\u00fa efekt\u00edvne a \u00fa\u010dinn\u00e9 vykon\u00e1vanie pr\u00e1ce.<\/p>\n<h3>R\u00fdpadl\u00e1<\/h3>\n<p>Valce ly\u017e\u00edc umo\u017e\u0148uj\u00fa ly\u017eici prenikn\u00fa\u0165 do zeme a vykon\u00e1va\u0165 kopacie \u010dinnosti. Tieto stroje sa \u0161iroko pou\u017e\u00edvaj\u00fa na stavenisk\u00e1ch, pri cestn\u00fdch pr\u00e1cach a v bansk\u00fdch prev\u00e1dzkach. Valce ly\u017e\u00edc s\u00fa nevyhnutn\u00e9 pre spr\u00e1vne fungovanie t\u00fdchto strojov a zabezpe\u010duj\u00fa efekt\u00edvne a \u00fa\u010dinn\u00e9 vykon\u00e1vanie pr\u00e1ce.<\/p>\n<h3>Naklada\u010de<\/h3>\n<p>V \u010deln\u00fdch naklada\u010doch pom\u00e1haj\u00fa valce ko\u0161\u00edkov pri efekt\u00edvnom zdv\u00edhan\u00ed a vykladan\u00ed n\u00e1kladu. Tieto stroje sa \u0161iroko pou\u017e\u00edvaj\u00fa na stavenisk\u00e1ch, pri cestn\u00fdch pr\u00e1cach a v bansk\u00fdch prev\u00e1dzkach. Valce ko\u0161\u00edkov s\u00fa nevyhnutn\u00e9 pre spr\u00e1vne fungovanie t\u00fdchto strojov a zabezpe\u010duj\u00fa efekt\u00edvne a \u00fa\u010dinn\u00e9 vykon\u00e1vanie pr\u00e1ce.<\/p>\n<p><img decoding=\"async\" src=\"https:\/\/www.hydraulic-cylinders.net\/wp-content\/uploads\/2025\/01\/songte-bushings-with-all-kinds-of-excavator-models.webp\"><\/p>\n<h2>\u00davahy o dizajne a krit\u00e9ri\u00e1 v\u00fdberu<\/h2>\n<p>Pri v\u00fdbere valca s vedrom je potrebn\u00e9 zoh\u013eadni\u0165 nieko\u013eko kon\u0161truk\u010dn\u00fdch aspektov a krit\u00e9ri\u00ed v\u00fdberu:<\/p>\n<ul>\n<li>\n<h3>Nosnos\u0165<\/h3>\n<p>Valec kor\u010deka mus\u00ed by\u0165 schopn\u00fd unies\u0165 za\u0165a\u017eenie, ktor\u00e9mu bude vystaven\u00fd.<\/p>\n<\/li>\n<li>\n<h3>Tesnenie<\/h3>\n<p>Valec mus\u00ed by\u0165 dobre utesnen\u00fd, aby sa zabezpe\u010dilo, \u017ee hydraulick\u00fd olej neunikne, \u010do m\u00f4\u017ee sp\u00f4sobi\u0165 poruchy alebo po\u0161kodenie valca.<\/p>\n<\/li>\n<li>\n<h3>Trvanlivos\u0165<\/h3>\n<p>Valec mus\u00ed by\u0165 dostato\u010dne odoln\u00fd, aby odolal n\u00e1ro\u010dn\u00fdm podmienkam svojho zam\u00fd\u0161\u013ean\u00e9ho pou\u017eitia.<\/p>\n<\/li>\n<li>\n<h3>Bezpe\u010dnos\u0165<\/h3>\n<p>F\u013ea\u0161a mus\u00ed by\u0165 navrhnut\u00e1 s oh\u013eadom na bezpe\u010dnos\u0165 a mus\u00ed sp\u013a\u0148a\u0165 v\u0161etky pr\u00edslu\u0161n\u00e9 bezpe\u010dnostn\u00e9 normy.<\/p>\n<\/li>\n<li>\n<h3>Udr\u017eiavate\u013enos\u0165<\/h3>\n<p>Valec mus\u00ed by\u0165 navrhnut\u00fd pre jednoduch\u00fa \u00fadr\u017ebu, s vymenite\u013en\u00fdmi dielmi a jednoduch\u00fdmi postupmi opravy.<\/p>\n<\/li>\n<\/ul>\n<p><img decoding=\"async\" src=\"https:\/\/www.hydraulic-cylinders.net\/wp-content\/uploads\/2025\/01\/songte-oil-pipes-and-spare-parts.webp\"><\/p>\n<h2>Tesnenie a mazanie<\/h2>\n<p>Valce kor\u010dekov pou\u017e\u00edvaj\u00fa r\u00f4zne tesniace komponenty, ako s\u00fa tesnenia piestov, tesnenia ty\u010d\u00ed a stiera\u010de, aby sa zabr\u00e1nilo \u00faniku hydraulick\u00e9ho oleja. Tieto tesnenia s\u00fa vyroben\u00e9 z materi\u00e1lov odoln\u00fdch vo\u010di opotrebovaniu, ako je polyuret\u00e1n a nitrilov\u00fd kau\u010duk. Teleso valca a povrch z\u00e1vitov\u00e9ho konca pre\u0161li starostliv\u00fdm spracovan\u00edm, aby sa zlep\u0161ila ich odolnos\u0165 vo\u010di opotrebovaniu a zn\u00ed\u017eila frekvencia v\u00fdmen. Pravideln\u00e9 mazanie hydraulick\u00fdm olejom je nevyhnutn\u00e9 na udr\u017eanie \u00fa\u010dinnosti a v\u00fdkonu valcov kor\u010dekov.<\/p>\n<h2>Kontrola a prevent\u00edvna \u00fadr\u017eba<\/h2>\n<p>Pravideln\u00e1 kontrola a prevent\u00edvna \u00fadr\u017eba valcov s ko\u0161\u00edkom s\u00fa nevyhnutn\u00e9 na zabezpe\u010denie ich spr\u00e1vnej funkcie a maximaliz\u00e1ciu ich \u017eivotnosti. Medzi tieto \u00falohy patr\u00ed:<\/p>\n<ul>\n<li>\n<h3>Pravideln\u00e1 kontrola<\/h3>\n<p>Pravideln\u00e1 kontrola valca a jeho komponentov s cie\u013eom skontrolova\u0165 opotrebovanie, po\u0161kodenie alebo in\u00e9 probl\u00e9my, ktor\u00e9 by mohli ovplyvni\u0165 jeho v\u00fdkon.<\/p>\n<\/li>\n<li>\n<h3>Mazanie<\/h3>\n<p>Pravideln\u00e9 mazanie hydraulick\u00fdm olejom zabezpe\u010duje plynul\u00fd a efekt\u00edvny chod valca.<\/p>\n<\/li>\n<li>\n<h3>V\u00fdmena tesnenia<\/h3>\n<p>Regular replacement of seals and other wear parts to prevent hydraulic oil leakage and ensure the cylinder&#8217;s proper functioning.<\/p>\n<\/li>\n<li>\n<h3>Kontrola kalibr\u00e1cie<\/h3>\n<p>Pravideln\u00e1 kontrola kalibr\u00e1cie, aby sa zabezpe\u010dilo, \u017ee valec pracuje v r\u00e1mci po\u017eadovan\u00fdch parametrov.<\/p>\n<\/li>\n<\/ul>\n<p>Spr\u00e1vna in\u0161tal\u00e1cia je k\u013e\u00fa\u010dov\u00e1 pre spr\u00e1vne fungovanie valcov s ko\u0161\u00edkom. Odpor\u00fa\u010da sa spr\u00e1vne zarovnanie a pou\u017eitie vhodn\u00fdch mont\u00e1\u017enych konzol. V pr\u00edpade probl\u00e9mov m\u00f4\u017ee presn\u00e1 diagnostika a r\u00fdchla oprava zabr\u00e1ni\u0165 \u010fal\u0161iemu po\u0161kodeniu a pred\u013a\u017ei\u0165 \u017eivotnos\u0165 valca.<\/p>\n<p><img decoding=\"async\" src=\"https:\/\/www.hydraulic-cylinders.net\/wp-content\/uploads\/2025\/01\/songte-chushion-collar.webp\"><\/p>\n<h2>Bezpe\u010dnostn\u00e9 aspekty a faktory prostredia<\/h2>\n<p>Bezpe\u010dnos\u0165 valcov vedra a environment\u00e1lne aspekty s\u00fa k\u013e\u00fa\u010dov\u00e9 pre spr\u00e1vne fungovanie stroja. Bezpe\u010dnostn\u00e9 opatrenia, ako je spr\u00e1vna in\u0161tal\u00e1cia a pravideln\u00e1 kontrola, m\u00f4\u017eu predch\u00e1dza\u0165 nehod\u00e1m. Spr\u00e1vna likvid\u00e1cia hydraulick\u00e9ho oleja a in\u00fdch odpadov\u00fdch materi\u00e1lov m\u00f4\u017ee zabr\u00e1ni\u0165 kontamin\u00e1cii \u017eivotn\u00e9ho prostredia.<\/p>\n<h2>Rie\u0161enie probl\u00e9mov a be\u017en\u00e9 probl\u00e9my<\/h2>\n<p>Medzi be\u017en\u00e9 probl\u00e9my s valcom vedra patr\u00ed \u00fanik oleja, ohnutie piestnej ty\u010de, po\u0161kodenie tesnenia a nedostato\u010dn\u00fd tlak. R\u00fdchla diagnostika a rie\u0161enie probl\u00e9mov s\u00fa k\u013e\u00fa\u010dom k prevencii \u010fal\u0161ieho po\u0161kodenia a zabezpe\u010deniu spr\u00e1vneho fungovania valca. Pravideln\u00e1 kontrola a prevent\u00edvna \u00fadr\u017eba m\u00f4\u017eu pom\u00f4c\u0165 predch\u00e1dza\u0165 t\u00fdmto probl\u00e9mom.<\/p>\n<p><img decoding=\"async\" src=\"https:\/\/hzpt.com\/wp-content\/uploads\/2024\/11\/songte-company-1.webp\"><\/p>\n<h2>O n\u00e1s<\/h2>\n<p>Sme v\u00fdrobca hydraulick\u00fdch valcov, ktor\u00fd sa \u0161pecializuje na v\u00fdmenu hydraulick\u00fdch valcov. Pon\u00fakame \u0161irok\u00fd sortiment produktov a stali sme sa jedn\u00fdm z popredn\u00fdch v\u00fdrobcov a ve\u013ekoobchodn\u00fdch distrib\u00fatorov hydraulick\u00fdch valcov na dom\u00e1com aj medzin\u00e1rodnom trhu. Zaviazali sme sa poskytova\u0165 vynikaj\u00facu kvalitu, pri\u010dom sa spoliehame na strat\u00e9gie riadenia priemyselnej v\u00fdroby v prec\u00edzne spracovan\u00fdch v\u00fdrobn\u00fdch diel\u0148ach. Neust\u00e1le vylep\u0161ujeme na\u0161e v\u00fdrobn\u00e9 platformy od technologick\u00fdch talentov, cez digit\u00e1lne \u0161pi\u010dkov\u00e9 v\u00fdrobn\u00e9 zariadenia a\u017e po profesion\u00e1lne testovacie syst\u00e9my. Disponujeme silnou kreativitou, aby sme uspokojili rozmanit\u00e9 potreby z\u00e1kazn\u00edkov s vysokou \u00fa\u010dinnos\u0165ou, vysokou presnos\u0165ou a princ\u00edpmi vysokej kvality.<\/p>\n<h3>Odbornos\u0165<\/h3>\n<p>M\u00e1me rozsiahle odborn\u00e9 znalosti v oblasti v\u00fdroby hydraulick\u00fdch valcov so zameran\u00edm na kvalitu a optimaliz\u00e1ciu v\u00fdkonu.<\/p>\n<h3>Medzin\u00e1rodn\u00e1 certifik\u00e1cia<\/h3>\n<p>Z\u00edskali sme medzin\u00e1rodn\u00e9 certifik\u00e1ty kvality ako ISO9001, CE a SGS, ktor\u00e9 dokazuj\u00fa n\u00e1\u0161 z\u00e1v\u00e4zok ku kvalite a excelentnosti.<\/p>\n<h3>Slu\u017eby prisp\u00f4sobenia<\/h3>\n<p>Pon\u00fakame prisp\u00f4sobovacie slu\u017eby, ktor\u00e9 sp\u013a\u0148aj\u00fa \u0161pecifick\u00e9 po\u017eiadavky z\u00e1kazn\u00edkov, \u010d\u00edm zabezpe\u010dujeme kompatibilitu a optimalizovan\u00fd v\u00fdkon.<\/p>\n<h3>V\u00fdrobn\u00e9 zariadenia<\/h3>\n<p>Pou\u017e\u00edvame modern\u00e9 v\u00fdrobn\u00e9 zariadenia, ako s\u00fa CNC stroje a automatizovan\u00e9 testovacie syst\u00e9my, aby sme zabezpe\u010dili kvalitu a efekt\u00edvnos\u0165 v\u00fdrobkov.<\/p>\n<h3>Popredajn\u00fd servis<\/h3>\n<p>Zaviazali sme sa poskytova\u0165 vynikaj\u00faci popredajn\u00fd servis a podporu vr\u00e1tane \u00fadr\u017eby, opr\u00e1v a v\u00fdmeny dielov.<\/p>\n<p><img decoding=\"async\" src=\"https:\/\/www.hydraulic-cylinders.net\/wp-content\/uploads\/2025\/01\/songte-company-3.webp\"><\/p>\n<p>Autor: lyl<\/p>","protected":false},"excerpt":{"rendered":"<p>Bucket Cylinder For Carter CT330-8C Introduction The Bucket Cylinder for Carter CT330-8C is a type of specialized hydraulic cylinder designed specifically to control the movement of the bucket in heavy machinery, such as excavators, backhoes, and front loaders. Its primary function is to enable the bucket to be lifted, lowered, and tilted, thereby facilitating various [&hellip;]<\/p>","protected":false},"featured_media":14773,"comment_status":"open","ping_status":"closed","template":"","meta":{"_et_pb_use_builder":"","_et_pb_old_content":"","_et_gb_content_width":""},"product_brand":[],"product_cat":[1494],"product_tag":[1495,1496],"class_list":{"0":"post-15801","1":"product","2":"type-product","3":"status-publish","4":"has-post-thumbnail","6":"product_cat-bucket-cylinders","7":"product_tag-bucket-cylinders","8":"product_tag-hydraulic-cylinders","10":"first","11":"instock","12":"shipping-taxable","13":"product-type-simple"},"amp_enabled":true,"_links":{"self":[{"href":"https:\/\/www.hydraulic-cylinders.net\/sk\/wp-json\/wp\/v2\/product\/15801","targetHints":{"allow":["GET"]}}],"collection":[{"href":"https:\/\/www.hydraulic-cylinders.net\/sk\/wp-json\/wp\/v2\/product"}],"about":[{"href":"https:\/\/www.hydraulic-cylinders.net\/sk\/wp-json\/wp\/v2\/types\/product"}],"replies":[{"embeddable":true,"href":"https:\/\/www.hydraulic-cylinders.net\/sk\/wp-json\/wp\/v2\/comments?post=15801"}],"wp:featuredmedia":[{"embeddable":true,"href":"https:\/\/www.hydraulic-cylinders.net\/sk\/wp-json\/wp\/v2\/media\/14773"}],"wp:attachment":[{"href":"https:\/\/www.hydraulic-cylinders.net\/sk\/wp-json\/wp\/v2\/media?parent=15801"}],"wp:term":[{"taxonomy":"product_brand","embeddable":true,"href":"https:\/\/www.hydraulic-cylinders.net\/sk\/wp-json\/wp\/v2\/product_brand?post=15801"},{"taxonomy":"product_cat","embeddable":true,"href":"https:\/\/www.hydraulic-cylinders.net\/sk\/wp-json\/wp\/v2\/product_cat?post=15801"},{"taxonomy":"product_tag","embeddable":true,"href":"https:\/\/www.hydraulic-cylinders.net\/sk\/wp-json\/wp\/v2\/product_tag?post=15801"}],"curies":[{"name":"pracovn\u00fd list","href":"https:\/\/api.w.org\/{rel}","templated":true}]}}