{"id":15813,"date":"2025-01-19T15:01:18","date_gmt":"2025-01-19T15:01:18","guid":{"rendered":"https:\/\/www.hydraulic-cylinders.net\/product\/bucket-cylinder-for-pengpu-sw210e\/"},"modified":"2025-01-19T15:01:20","modified_gmt":"2025-01-19T15:01:20","slug":"bucket-cylinder-for-pengpu-sw210e","status":"publish","type":"product","link":"https:\/\/www.hydraulic-cylinders.net\/sk\/produkt\/bucket-cylinder-for-pengpu-sw210e\/","title":{"rendered":"Valec s vedrom pre Pengpu SW210E"},"content":{"rendered":"<h1>Valec s vedrom pre Pengpu SW210E<\/h1>\n<h2>\u00davod<\/h2>\n<p>Hydraulick\u00fd valec ly\u017eice je typ hydraulick\u00e9ho valca \u0161peci\u00e1lne navrhnut\u00e9ho na ovl\u00e1danie pohybu ly\u017e\u00edc v \u0165a\u017ek\u00fdch strojoch, ako s\u00fa bagre, r\u00fdpadl\u00e1 a \u010deln\u00e9 naklada\u010de. Jeho hlavnou funkciou je umo\u017eni\u0165 ly\u017eici zdv\u00edha\u0165, sp\u00fa\u0161\u0165a\u0165 a nakl\u00e1\u0148a\u0165 ju pri r\u00f4znych \u00faloh\u00e1ch manipul\u00e1cie s materi\u00e1lom. V hydraulick\u00fdch syst\u00e9moch dosahuje valec ly\u017eice presn\u00e9 ovl\u00e1danie ly\u017eice prostredn\u00edctvom zmien tlaku hydraulick\u00e9ho oleja, \u010do umo\u017e\u0148uje obsluhe efekt\u00edvne manipulova\u0165 s \u0165a\u017ek\u00fdmi bremenami a prisp\u00f4sobova\u0165 sa zlo\u017eit\u00fdm pracovn\u00fdm prostrediam a r\u00f4znym prev\u00e1dzkov\u00fdm po\u017eiadavk\u00e1m.<\/p>\n<p><img decoding=\"async\" src=\"https:\/\/www.hydraulic-cylinders.net\/wp-content\/uploads\/2025\/01\/songte-company-2.webp\" alt=\"Obr\u00e1zok valca vedra\"><\/p>\n<h2>Funkcie<\/h2>\n<ul>\n<li>\n<h3>Vysok\u00e1 pevnos\u0165 a odolnos\u0165<\/h3>\n<p>Valec vedra je zvy\u010dajne vyroben\u00fd z vysokopevnostnej ocele alebo hlin\u00edka, ktor\u00e9 odol\u00e1vaj\u00fa vysok\u00e9mu tlaku a \u0165a\u017ek\u00fdm za\u0165a\u017eeniam, a prisp\u00f4sobuj\u00fa sa tak n\u00e1ro\u010dn\u00fdm pracovn\u00fdm podmienkam. Je navrhnut\u00fd s oh\u013eadom na odolnos\u0165 vo\u010di opotrebovaniu a kor\u00f3zii, \u010d\u00edm sa predl\u017euje jeho \u017eivotnos\u0165.<\/p>\n<\/li>\n<li>\n<h3>Efekt\u00edvna hydraulick\u00e1 prev\u00e1dzka<\/h3>\n<p>Valec kor\u010deka sa plynulo vys\u00fava a s\u0165ahuje vplyvom tlaku hydraulick\u00e9ho oleja, r\u00fdchlo reaguje na ovl\u00e1dacie povely a poskytuje siln\u00e9 tla\u010dn\u00e9 a \u0165a\u017en\u00e9 sily, vhodn\u00e9 na manipul\u00e1ciu s \u0165a\u017ek\u00fdmi bremenami a zlo\u017eit\u00e9 prev\u00e1dzkov\u00e9 \u00falohy.<\/p>\n<\/li>\n<li>\n<h3>R\u00f4zne typy<\/h3>\n<p>Valec kor\u010deka m\u00f4\u017ee by\u0165 jedno\u010dinn\u00fd (hydraulick\u00fd pohon pou\u017e\u00edvan\u00fd iba v jednom smere) alebo dvoj\u010dinn\u00fd (hydraulick\u00fd pohon pou\u017e\u00edvan\u00fd v oboch smeroch) a m\u00f4\u017ee by\u0165 vybran\u00fd pod\u013ea prev\u00e1dzkov\u00fdch po\u017eiadaviek. Niektor\u00e9 modely s\u00fa teleskopick\u00e9, \u010do umo\u017e\u0148uje v\u00e4\u010d\u0161ie vysunutie bez zv\u00e4\u010d\u0161enia vonkaj\u0161\u00edch rozmerov, vhodn\u00e9 pre aplik\u00e1cie v obmedzenom priestore.<\/p>\n<\/li>\n<li>\n<h3>Dobr\u00e1 kompatibilita<\/h3>\n<p>N\u00e1\u0161 produkt dok\u00e1\u017ee dokonale nahradi\u0165 tieto hydraulick\u00e9 valce.<\/p>\n<\/li>\n<li>\n<h3>Prisp\u00f4sobite\u013en\u00e9<\/h3>\n<p>Tento produkt vieme vyrobi\u0165 pod\u013ea po\u017eiadaviek z\u00e1kazn\u00edka.<\/p>\n<\/li>\n<\/ul>\n<p><img decoding=\"async\" src=\"https:\/\/www.hydraulic-cylinders.net\/wp-content\/uploads\/2025\/01\/songte-cylinder-head-with-all-kinds-excavator-models.webp\" alt=\"Obr\u00e1zok valca vedra\"><\/p>\n<h2>Aplik\u00e1cie<\/h2>\n<p>Valec s ko\u0161\u00edkom sa \u0161iroko pou\u017e\u00edva v r\u00f4znych aplik\u00e1ci\u00e1ch \u0165a\u017ek\u00fdch strojov, ako napr\u00edklad:<\/p>\n<ul>\n<li>\n<h3>Stavebn\u00e9 stroje<\/h3>\n<p>V bagroch s\u00fa nevyhnutn\u00e9 na v\u00fdkopov\u00e9 pr\u00e1ce, nakladanie a premiest\u0148ovanie zeminy alebo sutiny. V r\u00fdpadlo-naklada\u010doch pom\u00e1ha valec ly\u017eice pri v\u00fdkopov\u00fdch pr\u00e1cach aj zdv\u00edhan\u00ed. <\/p>\n<\/li>\n<li>\n<h3>Po\u013enohospod\u00e1rske stroje<\/h3>\n<p>Pou\u017e\u00edva sa v \u010deln\u00fdch naklada\u010doch na kopanie, zdv\u00edhanie a prepravu p\u00f4dy, sena a in\u00fdch materi\u00e1lov. <\/p>\n<\/li>\n<li>\n<h3>R\u00fdpadl\u00e1<\/h3>\n<p>Valec ly\u017eice dosahuje kopac\u00ed \u00fa\u010dinok t\u00fdm, \u017ee umo\u017e\u0148uje ly\u017eici prenikn\u00fa\u0165 do p\u00f4dy. <\/p>\n<\/li>\n<li>\n<h3>Naklada\u010de<\/h3>\n<p>V \u010deln\u00fdch naklada\u010doch pom\u00e1haj\u00fa s efekt\u00edvnym zdv\u00edhan\u00edm a nakl\u00e1\u0148an\u00edm n\u00e1kladu. <\/p>\n<\/li>\n<\/ul>\n<h2>\u00davahy o dizajne a krit\u00e9ri\u00e1 v\u00fdberu<\/h2>\n<ul>\n<li>\n<h3>Nosnos\u0165<\/h3>\n<p>Valec vedra je navrhnut\u00fd tak, aby odolal \u0165a\u017ek\u00fdm za\u0165a\u017eeniam a nosnos\u0165 by mala sp\u013a\u0148a\u0165 prev\u00e1dzkov\u00e9 po\u017eiadavky. <\/p>\n<\/li>\n<li>\n<h3>Tesnenie<\/h3>\n<p>Pou\u017eitie r\u00f4znych tesnen\u00ed, ako s\u00fa tesnenia piestov a tesnenia ty\u010d\u00ed, vyroben\u00fdch z materi\u00e1lov odoln\u00fdch vo\u010di opotrebovaniu, ako je polyuret\u00e1n a nitrilov\u00fd kau\u010duk, zais\u0165uje dobr\u00fd tesniaci v\u00fdkon. Teleso valca a z\u00e1vitov\u00e9 konce s\u00fa jemne o\u0161etren\u00e9 pre zv\u00fd\u0161enie odolnosti vo\u010di opotrebovaniu a na mazanie by sa mal pravidelne prid\u00e1va\u0165 vhodn\u00fd hydraulick\u00fd olej. <\/p>\n<\/li>\n<li>\n<h3>Trvanlivos\u0165<\/h3>\n<p>Valec vedra je vyroben\u00fd z vysokopevnostn\u00fdch materi\u00e1lov a je navrhnut\u00fd tak, aby odol\u00e1val opotrebovaniu a kor\u00f3zii, \u010d\u00edm sa predl\u017euje jeho \u017eivotnos\u0165. <\/p>\n<\/li>\n<li>\n<h3>Bezpe\u010dnos\u0165<\/h3>\n<p>Spr\u00e1vna in\u0161tal\u00e1cia, pravideln\u00e1 kontrola a \u00fadr\u017eba a pou\u017e\u00edvanie vhodn\u00e9ho pr\u00edslu\u0161enstva a zariaden\u00ed s\u00fa nevyhnutn\u00e9 pre zaistenie bezpe\u010dnej prev\u00e1dzky. <\/p>\n<\/li>\n<li>\n<h3>Udr\u017eiavate\u013enos\u0165<\/h3>\n<p>Valec vedra by sa mal da\u0165 \u013eahko opravi\u0165 a udr\u017eiava\u0165 a mala by by\u0165 k dispoz\u00edcii v\u00fdmena dielov a \u010fal\u0161ie slu\u017eby pre rekon\u0161trukciu. <\/p>\n<\/li>\n<\/ul>\n<p><img decoding=\"async\" src=\"https:\/\/www.hydraulic-cylinders.net\/wp-content\/uploads\/2025\/01\/songte-oil-pipes-and-spare-parts.webp\" alt=\"Obr\u00e1zok valca vedra\"><\/p>\n<h2>In\u0161tala\u010dn\u00e1 pr\u00edru\u010dka<\/h2>\n<p>Na zabezpe\u010denie spr\u00e1vnej in\u0161tal\u00e1cie a prev\u00e1dzky valca s vedro je potrebn\u00e9 vykona\u0165 nasleduj\u00face kroky:<\/p>\n<ul>\n<li>\n<h3>Spr\u00e1vne zarovnajte valec<\/h3>\n<p>Valec by mal by\u0165 spr\u00e1vne zarovnan\u00fd, aby sa predi\u0161lo bo\u010dn\u00e9mu za\u0165a\u017eeniu, ktor\u00e9 by mohlo sp\u00f4sobi\u0165 po\u0161kodenie valca.<\/p>\n<\/li>\n<li>\n<h3>Pou\u017eite vhodn\u00e9 mont\u00e1\u017ene konzoly<\/h3>\n<p>Na zaistenie stability a bezpe\u010dnosti valca je potrebn\u00e9 pou\u017ei\u0165 vhodn\u00e9 mont\u00e1\u017ene konzoly alebo mont\u00e1\u017ene pr\u00edslu\u0161enstvo. <\/p>\n<\/li>\n<li>\n<h3>Pravideln\u00e1 kontrola a mazanie<\/h3>\n<p>Pravideln\u00e1 kontrola, spr\u00e1vne mazanie a kalibra\u010dn\u00e9 kontroly po in\u0161tal\u00e1cii s\u00fa nevyhnutn\u00e9 pre zabezpe\u010denie spr\u00e1vnej prev\u00e1dzky a pred\u013a\u017eenie \u017eivotnosti valca. <\/p>\n<\/li>\n<\/ul>\n<p><img decoding=\"async\" src=\"https:\/\/www.hydraulic-cylinders.net\/wp-content\/uploads\/2025\/01\/songte-chushion-collar.webp\" alt=\"Obr\u00e1zok valca vedra\"><\/p>\n<h2>\u00dalohy \u00fadr\u017eby<\/h2>\n<p>Pravideln\u00e9 \u00fadr\u017eb\u00e1rske pr\u00e1ce pre valec vedra zah\u0155\u0148aj\u00fa:<\/p>\n<ul>\n<li>\n<h3>In\u0161pekcia<\/h3>\n<p>Pravideln\u00e1 kontrola telesa valca, piestnice a tesnen\u00ed je nevyhnutn\u00e1 na zabezpe\u010denie spr\u00e1vnej prev\u00e1dzky a zistenie ak\u00e9hoko\u013evek po\u0161kodenia alebo opotrebenia. <\/p>\n<\/li>\n<li>\n<h3>Mazanie<\/h3>\n<p>Valec vedra by sa mal pravidelne maza\u0165, aby sa zabezpe\u010dila hladk\u00e1 prev\u00e1dzka a pred\u013a\u017eila sa jeho \u017eivotnos\u0165. <\/p>\n<\/li>\n<li>\n<h3>V\u00fdmena tesnenia<\/h3>\n<p>Tesnenia by sa mali vymeni\u0165 pri zisten\u00ed ak\u00e9hoko\u013evek po\u0161kodenia alebo opotrebenia, aby sa zabezpe\u010dila spr\u00e1vna tesniaca funkcia. <\/p>\n<\/li>\n<li>\n<h3>Kalibra\u010dn\u00e9 kontroly<\/h3>\n<p>Pravideln\u00e9 kalibra\u010dn\u00e9 kontroly s\u00fa potrebn\u00e9 na zabezpe\u010denie spr\u00e1vnej prev\u00e1dzky a zistenie ak\u00fdchko\u013evek probl\u00e9mov s nespr\u00e1vnym zarovnan\u00edm.<\/p>\n<\/li>\n<\/ul>\n<h2>Bezpe\u010dnostn\u00e9 a environment\u00e1lne aspekty<\/h2>\n<p>Pou\u017e\u00edvanie vhodn\u00fdch bezpe\u010dnostn\u00fdch opatren\u00ed a ochrann\u00fdch prostriedkov pri obsluhe valca vedra je nevyhnutn\u00e9 na zabezpe\u010denie bezpe\u010dnej prev\u00e1dzky a predch\u00e1dzanie nehod\u00e1m. Je d\u00f4le\u017eit\u00e9 zabezpe\u010di\u0165 bezpe\u010dnos\u0165 \u017eivotn\u00e9ho prostredia vhodn\u00fdm sp\u00f4sobom likvid\u00e1cie hydraulick\u00e9ho oleja a in\u00fdch materi\u00e1lov.<\/p>\n<p><img decoding=\"async\" src=\"https:\/\/www.hydraulic-cylinders.net\/wp-content\/uploads\/2025\/01\/songte-bushings-with-all-kinds-of-excavator-models.webp\" alt=\"Obr\u00e1zok valca vedra\"><\/p>\n<h2>Diagnostika a rie\u0161enie be\u017en\u00fdch por\u00fach<\/h2>\n<p>Medzi be\u017en\u00e9 poruchy, ktor\u00e9 sa m\u00f4\u017eu vyskytn\u00fa\u0165 s valcom vedra, patria:<\/p>\n<ul>\n<li>\n<h3>Netesn\u00e9 tesnenia<\/h3>\n<p>Ak s\u00fa tesnenia opotrebovan\u00e9 alebo po\u0161koden\u00e9, hydraulick\u00e1 kvapalina m\u00f4\u017ee unika\u0165 z valca, \u010do m\u00e1 za n\u00e1sledok zn\u00ed\u017een\u00fd v\u00fdkon a zv\u00fd\u0161en\u00e9 opotrebenie. <\/p>\n<\/li>\n<li>\n<h3>Z\u00e1chvat<\/h3>\n<p>Ak nie je valec spr\u00e1vne mazan\u00fd, piest sa m\u00f4\u017ee zasekn\u00fa\u0165, \u010do m\u00e1 za n\u00e1sledok zn\u00ed\u017een\u00fd v\u00fdkon a zv\u00fd\u0161en\u00e9 opotrebovanie. <\/p>\n<\/li>\n<li>\n<h3>Nespr\u00e1vne zarovnanie<\/h3>\n<p>Ak valec nie je spr\u00e1vne zarovnan\u00fd, m\u00f4\u017ee to sp\u00f4sobi\u0165 bo\u010dn\u00e9 za\u0165a\u017eenie valca, \u010do m\u00e1 za n\u00e1sledok po\u0161kodenie a slab\u00fd v\u00fdkon. <\/p>\n<\/li>\n<\/ul>\n<p>Medzi vhodn\u00e9 met\u00f3dy rie\u0161enia probl\u00e9mov patr\u00ed v\u00fdmena tesnenia, spr\u00e1vne mazanie a kontroly kalibr\u00e1cie.<\/p>\n<p><img decoding=\"async\" src=\"https:\/\/hzpt.com\/wp-content\/uploads\/2024\/11\/songte-company-1.webp\" alt=\"Obr\u00e1zok valca vedra\"><\/p>\n<h2>O na\u0161ej spolo\u010dnosti<\/h2>\n<p>Sme popredn\u00fdm v\u00fdrobcom a ve\u013ekoobchodn\u00edkom hydraulick\u00fdch valcov na dom\u00e1com aj medzin\u00e1rodnom trhu a poskytujeme kompletn\u00fd sortiment produktov. Riadime sa princ\u00edpmi vysokej \u00fa\u010dinnosti, vysokej presnosti a vysokej kvality, aby sme uspokojili rozmanit\u00e9 potreby z\u00e1kazn\u00edkov. Na\u0161a spolo\u010dnos\u0165 neust\u00e1le zlep\u0161uje v\u00fdrobn\u00fa platformu, zdokona\u013euje postup zabezpe\u010dovania kvality v\u00fdroby a m\u00e1 siln\u00e9 tvoriv\u00e9 schopnosti.<\/p>\n<ul>\n<li>\n<h3>Profesionalita<\/h3>\n<p>Na\u0161a spolo\u010dnos\u0165 m\u00e1 t\u00edm odborn\u00edkov s bohat\u00fdmi sk\u00fasenos\u0165ami v hydraulickom priemysle, aby z\u00e1kazn\u00edkom poskytovala vysoko kvalitn\u00e9 produkty a slu\u017eby. <\/p>\n<\/li>\n<li>\n<h3>Medzin\u00e1rodn\u00e1 certifik\u00e1cia<\/h3>\n<p>Na\u0161e produkty z\u00edskali medzin\u00e1rodn\u00e9 certifik\u00e1ty, ktor\u00e9 zaru\u010duj\u00fa ich vysok\u00fa kvalitu a spo\u013eahlivos\u0165. <\/p>\n<\/li>\n<li>\n<h3>Slu\u017eby prisp\u00f4sobenia<\/h3>\n<p>Poskytujeme slu\u017eby prisp\u00f4sobenia, aby sme splnili \u0161pecifick\u00e9 potreby na\u0161ich z\u00e1kazn\u00edkov. <\/p>\n<\/li>\n<li>\n<h3>Pokro\u010dil\u00e9 v\u00fdrobn\u00e9 zariadenia<\/h3>\n<p>Na\u0161a spolo\u010dnos\u0165 pou\u017e\u00edva modern\u00e9 v\u00fdrobn\u00e9 zariadenia a technol\u00f3gie na zabezpe\u010denie presnosti a kvality v\u00fdrobkov. <\/p>\n<\/li>\n<li>\n<h3>Popredajn\u00fd servis<\/h3>\n<p>Poskytujeme komplexn\u00fd popredajn\u00fd servis, aby sme zabezpe\u010dili spokojnos\u0165 na\u0161ich z\u00e1kazn\u00edkov. <\/p>\n<\/li>\n<\/ul>\n<p><img decoding=\"async\" src=\"https:\/\/www.hydraulic-cylinders.net\/wp-content\/uploads\/2025\/01\/songte-company-3.webp\" alt=\"Obr\u00e1zok valca vedra\"><\/p>\n<p>Autor: lyl<\/p>","protected":false},"excerpt":{"rendered":"<p>Bucket Cylinder For Pengpu SW210E Introduction The bucket cylinder is a type of hydraulic cylinder specifically designed for controlling the movement of buckets in heavy machinery such as excavators, backhoes, and front loaders. Its main function is to enable the bucket to lift, lower, and tilt for various material handling tasks. In hydraulic systems, the [&hellip;]<\/p>","protected":false},"featured_media":14780,"comment_status":"open","ping_status":"closed","template":"","meta":{"_et_pb_use_builder":"","_et_pb_old_content":"","_et_gb_content_width":""},"product_brand":[],"product_cat":[1494],"product_tag":[1495,1496],"class_list":{"0":"post-15813","1":"product","2":"type-product","3":"status-publish","4":"has-post-thumbnail","6":"product_cat-bucket-cylinders","7":"product_tag-bucket-cylinders","8":"product_tag-hydraulic-cylinders","10":"first","11":"instock","12":"shipping-taxable","13":"product-type-simple"},"amp_enabled":true,"_links":{"self":[{"href":"https:\/\/www.hydraulic-cylinders.net\/sk\/wp-json\/wp\/v2\/product\/15813","targetHints":{"allow":["GET"]}}],"collection":[{"href":"https:\/\/www.hydraulic-cylinders.net\/sk\/wp-json\/wp\/v2\/product"}],"about":[{"href":"https:\/\/www.hydraulic-cylinders.net\/sk\/wp-json\/wp\/v2\/types\/product"}],"replies":[{"embeddable":true,"href":"https:\/\/www.hydraulic-cylinders.net\/sk\/wp-json\/wp\/v2\/comments?post=15813"}],"wp:featuredmedia":[{"embeddable":true,"href":"https:\/\/www.hydraulic-cylinders.net\/sk\/wp-json\/wp\/v2\/media\/14780"}],"wp:attachment":[{"href":"https:\/\/www.hydraulic-cylinders.net\/sk\/wp-json\/wp\/v2\/media?parent=15813"}],"wp:term":[{"taxonomy":"product_brand","embeddable":true,"href":"https:\/\/www.hydraulic-cylinders.net\/sk\/wp-json\/wp\/v2\/product_brand?post=15813"},{"taxonomy":"product_cat","embeddable":true,"href":"https:\/\/www.hydraulic-cylinders.net\/sk\/wp-json\/wp\/v2\/product_cat?post=15813"},{"taxonomy":"product_tag","embeddable":true,"href":"https:\/\/www.hydraulic-cylinders.net\/sk\/wp-json\/wp\/v2\/product_tag?post=15813"}],"curies":[{"name":"pracovn\u00fd list","href":"https:\/\/api.w.org\/{rel}","templated":true}]}}