{"id":15820,"date":"2025-01-19T15:01:50","date_gmt":"2025-01-19T15:01:50","guid":{"rendered":"https:\/\/www.hydraulic-cylinders.net\/product\/bucket-cylinder-for-pushhm-pz165-8\/"},"modified":"2025-01-19T15:01:56","modified_gmt":"2025-01-19T15:01:56","slug":"bucket-cylinder-for-pushhm-pz165-8","status":"publish","type":"product","link":"https:\/\/www.hydraulic-cylinders.net\/sk\/produkt\/bucket-cylinder-for-pushhm-pz165-8\/","title":{"rendered":"Valec vedra pre Pushhm PZ165-8"},"content":{"rendered":"<h1>Valec vedra pre Pushhm PZ165-8<\/h1>\n<h2>\u00davod<\/h2>\n<h3>Defin\u00edcia valca vedra<\/h3>\n<p>Hydraulick\u00fd valec ly\u017eice je typ hydraulick\u00e9ho valca, ktor\u00fd je \u0161peci\u00e1lne navrhnut\u00fd na ovl\u00e1danie pohybu ly\u017eice v \u0165a\u017ek\u00fdch strojoch, ako s\u00fa bagre, r\u00fdpadl\u00e1 a \u010deln\u00e9 naklada\u010de. Jeho hlavnou funkciou je umo\u017eni\u0165 zdv\u00edhanie, sp\u00fa\u0161\u0165anie a nakl\u00e1\u0148anie ly\u017eice pre efekt\u00edvnu manipul\u00e1ciu s materi\u00e1lom. V hydraulickom syst\u00e9me valec ly\u017eice vyu\u017e\u00edva zmeny tlaku hydraulick\u00e9ho oleja na zabezpe\u010denie presn\u00e9ho ovl\u00e1dania ly\u017eice, \u010do umo\u017e\u0148uje obsluhe efekt\u00edvne manipulova\u0165 s \u0165a\u017ek\u00fdmi bremenami a prisp\u00f4sobi\u0165 sa zlo\u017eit\u00fdm pracovn\u00fdm prostrediam a r\u00f4znorod\u00fdm prev\u00e1dzkov\u00fdm potreb\u00e1m.<\/p>\n<p><img decoding=\"async\" src=\"https:\/\/www.hydraulic-cylinders.net\/wp-content\/uploads\/2025\/01\/songte-company-2.webp\"><\/p>\n<h3>Vlastnosti vedrov\u00e9ho valca<\/h3>\n<ul>\n<li><strong>Vysok\u00e1 pevnos\u0165 a odolnos\u0165:<\/strong> Zvy\u010dajne sa vyr\u00e1ba z vysokopevnostnej ocele alebo hlin\u00edka, ktor\u00e9 odol\u00e1vaj\u00fa vysok\u00e9mu tlaku a \u0165a\u017ek\u00fdm za\u0165a\u017eeniam, prisp\u00f4sobia sa n\u00e1ro\u010dn\u00fdm pracovn\u00fdm podmienkam a s\u00fa navrhnut\u00e9 s odolnos\u0165ou proti opotrebovaniu a kor\u00f3zii, aby sa pred\u013a\u017eila ich \u017eivotnos\u0165.<\/li>\n<li><strong>Efekt\u00edvna hydraulick\u00e1 prev\u00e1dzka:<\/strong> Dosahuje plynul\u00e9 pohyby vys\u00favania a zas\u00favania pomocou hydraulick\u00e9ho tlaku oleja, r\u00fdchlo reaguje na ovl\u00e1dacie povely, poskytuje siln\u00e9 tla\u010dn\u00e9 a \u0165a\u017en\u00e9 sily a je vhodn\u00fd na manipul\u00e1ciu s \u0165a\u017ek\u00fdmi bremenami a zlo\u017eit\u00fdmi \u00falohami.<\/li>\n<li><strong>R\u00f4zne typy:<\/strong> Pod\u013ea potreby a prev\u00e1dzkov\u00fdch po\u017eiadaviek je mo\u017en\u00e9 zvoli\u0165 jedno\u010dinn\u00fd (hydraulick\u00fd pohon pou\u017e\u00edvan\u00fd iba v jednom smere) alebo dvoj\u010dinn\u00fd (hydraulick\u00fd pohon pou\u017e\u00edvan\u00fd v oboch smeroch) valec. Niektor\u00e9 modely s\u00fa teleskopick\u00e9, \u010do umo\u017e\u0148uje v\u00e4\u010d\u0161ie roz\u0161\u00edrenie bez zv\u00e4\u010d\u0161enia vonkaj\u0161\u00edch rozmerov a s\u00fa vhodn\u00e9 pre aplik\u00e1cie v obmedzenom priestore.<\/li>\n<li><strong>M\u00f4\u017ee nahradi\u0165 in\u00e9 hydraulick\u00e9 valce:<\/strong> N\u00e1\u0161 produkt dok\u00e1\u017ee dokonale nahradi\u0165 tieto hydraulick\u00e9 valce.<\/li>\n<\/ul>\n<p><img decoding=\"async\" src=\"https:\/\/www.hydraulic-cylinders.net\/wp-content\/uploads\/2025\/01\/songte-cylinder-head-with-all-kinds-excavator-models.webp\"><\/p>\n<h2>Pou\u017eitie vedrov\u00e9ho valca<\/h2>\n<p>Valec s ko\u0161\u00edkom sa be\u017ene pou\u017e\u00edva v stavebn\u00fdch zariadeniach, ako napr\u00edklad:<\/p>\n<ul>\n<li><strong>R\u00fdpadl\u00e1:<\/strong> Valec ly\u017eice umo\u017e\u0148uje kopanie t\u00fdm, \u017ee umo\u017e\u0148uje ly\u017eici prenikn\u00fa\u0165 do p\u00f4dy.<\/li>\n<li><strong>R\u00fdpadlo-naklada\u010de:<\/strong> Valec vedra pom\u00e1ha pri kopan\u00ed aj zdv\u00edhan\u00ed.<\/li>\n<li><strong>\u010celn\u00e9 naklada\u010de:<\/strong> Pom\u00e1haj\u00fa pri efekt\u00edvnom zdv\u00edhan\u00ed a nakl\u00e1\u0148an\u00ed n\u00e1kladu.<\/li>\n<\/ul>\n<p>Pou\u017e\u00edva sa aj v po\u013enohospod\u00e1rskych strojoch pre \u010deln\u00e9 naklada\u010de na zdv\u00edhanie, zber a prepravu p\u00f4dy, sena a in\u00fdch materi\u00e1lov.<\/p>\n<p>Nasleduj\u00fa aplik\u00e1cie valca vedra:<\/p>\n<h3>Stavebn\u00e9 stroje<\/h3>\n<p>V bagroch, r\u00fdpadlo-naklada\u010doch a \u010deln\u00fdch naklada\u010doch s\u00fa valce ko\u0161\u00edkov k\u013e\u00fa\u010dov\u00e9 pri kopan\u00ed, nakladan\u00ed a premiest\u0148ovan\u00ed zeminy alebo sutiny. V r\u00fdpadlo-naklada\u010doch pom\u00e1haj\u00fa valce ko\u0161\u00edkov pri kopan\u00ed aj zdv\u00edhan\u00ed. Valec ko\u0161\u00edka umo\u017e\u0148uje \u010deln\u00fdm naklada\u010dom efekt\u00edvne zdv\u00edha\u0165 a nakl\u00e1\u0148a\u0165 bremen\u00e1.<\/p>\n<h3>Po\u013enohospod\u00e1rske stroje<\/h3>\n<p>Valec korby sa pou\u017e\u00edva na zber, zdv\u00edhanie a prepravu p\u00f4dy, sena a in\u00fdch materi\u00e1lov v po\u013enohospod\u00e1rskych strojoch. \u010celn\u00e9 naklada\u010de sa tie\u017e pou\u017e\u00edvaj\u00fa na prepravu a premiest\u0148ovanie r\u00f4znych materi\u00e1lov.<\/p>\n<h2>\u00davahy o dizajne a krit\u00e9ri\u00e1 v\u00fdberu<\/h2>\n<h3>Nosnos\u0165<\/h3>\n<p>Valec vedra mus\u00ed by\u0165 navrhnut\u00fd tak, aby odolal vysok\u00e9mu za\u0165a\u017eeniu a tlaku, \u010do rob\u00ed jeho nosnos\u0165 kritick\u00fdm faktorom. Kon\u0161trukcia by mala zoh\u013ead\u0148ova\u0165 hmotnos\u0165 stroja a zdv\u00edhan\u00e9ho materi\u00e1lu.<\/p>\n<h3>Tesnenie a trvanlivos\u0165<\/h3>\n<p>Valec s vedrom mus\u00ed by\u0165 odoln\u00fd, tesniaci a odoln\u00fd vo\u010di prostrediu, v ktorom pracuje. Valec mus\u00ed by\u0165 vyroben\u00fd z materi\u00e1lov odoln\u00fdch vo\u010di opotrebovaniu a kor\u00f3zii, aby sa pred\u013a\u017eila jeho \u017eivotnos\u0165.<\/p>\n<h3>Bezpe\u010dnostn\u00e9 aspekty<\/h3>\n<p>Valec ly\u017eice mus\u00ed by\u0165 navrhnut\u00fd s oh\u013eadom na bezpe\u010dnos\u0165. Hydraulick\u00fd syst\u00e9m mus\u00ed by\u0165 navrhnut\u00fd s bezpe\u010dnostn\u00fdmi prvkami, aby sa predi\u0161lo nehod\u00e1m a zaistila sa bezpe\u010dnos\u0165 obsluhy.<\/p>\n<p><img decoding=\"async\" src=\"https:\/\/www.hydraulic-cylinders.net\/wp-content\/uploads\/2025\/01\/songte-oil-pipes-and-spare-parts.webp\"><\/p>\n<h3>Mazanie a tesnenie<\/h3>\n<p>Valec vedra sa mus\u00ed pravidelne maza\u0165, aby sa zn\u00ed\u017eilo opotrebovanie a zabr\u00e1nilo sa po\u0161kodeniu syst\u00e9mu. Pou\u017eitie vhodn\u00fdch tesnen\u00ed a materi\u00e1lov m\u00f4\u017ee zlep\u0161i\u0165 v\u00fdkon a \u00fa\u010dinnos\u0165 valca.<\/p>\n<h2>Pokyny na \u00fadr\u017ebu a in\u0161tal\u00e1ciu<\/h2>\n<h3>Pokyny na in\u0161tal\u00e1ciu<\/h3>\n<p>Valec s vedrom by mal by\u0165 spr\u00e1vne nain\u0161talovan\u00fd, aby sa zabezpe\u010dila jeho bezpe\u010dn\u00e1 a efekt\u00edvna prev\u00e1dzka. Odpor\u00fa\u010da sa pou\u017ei\u0165 vhodn\u00e9 mont\u00e1\u017ene konzoly na upevnenie valca na mieste a valec by mal by\u0165 spr\u00e1vne zarovnan\u00fd.<\/p>\n<h3>\u00dalohy \u00fadr\u017eby<\/h3>\n<p>Nasleduj\u00fa be\u017en\u00e9 \u00falohy \u00fadr\u017eby:<\/p>\n<ul>\n<li><strong>Pravideln\u00e9 kontroly:<\/strong> Pravideln\u00e9 kontroly m\u00f4\u017eu pom\u00f4c\u0165 predch\u00e1dza\u0165 probl\u00e9mom a zabezpe\u010di\u0165 v\u00fdkon valca.<\/li>\n<li><strong>Mazanie:<\/strong> Mazanie m\u00f4\u017ee pom\u00f4c\u0165 zn\u00ed\u017ei\u0165 opotrebovanie a pred\u013a\u017ei\u0165 \u017eivotnos\u0165 valca.<\/li>\n<li><strong>V\u00fdmena tesnenia:<\/strong> V\u00fdmena tesnen\u00ed m\u00f4\u017ee zlep\u0161i\u0165 v\u00fdkon a \u00fa\u010dinnos\u0165 valca.<\/li>\n<li><strong>Kontrola kalibr\u00e1cie:<\/strong> Pravideln\u00e9 kalibra\u010dn\u00e9 kontroly m\u00f4\u017eu zabezpe\u010di\u0165 spr\u00e1vne fungovanie valca.<\/li>\n<\/ul>\n<h3>D\u00f4le\u017eitos\u0165 spr\u00e1vnej in\u0161tal\u00e1cie a \u00fadr\u017eby<\/h3>\n<p>Spr\u00e1vna in\u0161tal\u00e1cia a \u00fadr\u017eba s\u00fa k\u013e\u00fa\u010dov\u00e9 pre bezpe\u010dn\u00fa a efekt\u00edvnu prev\u00e1dzku valca s vedro. Spr\u00e1vna in\u0161tal\u00e1cia m\u00f4\u017ee predch\u00e1dza\u0165 nehod\u00e1m, zatia\u013e \u010do \u00fadr\u017eb\u00e1rske pr\u00e1ce m\u00f4\u017eu pred\u013a\u017ei\u0165 \u017eivotnos\u0165 valca a zlep\u0161i\u0165 jeho v\u00fdkon.<\/p>\n<p><img decoding=\"async\" src=\"https:\/\/www.hydraulic-cylinders.net\/wp-content\/uploads\/2025\/01\/songte-chushion-collar.webp\"><\/p>\n<h2>Bezpe\u010dnostn\u00e9 aspekty a faktory prostredia<\/h2>\n<p>Pri pou\u017e\u00edvan\u00ed valca s vedrom s\u00fa bezpe\u010dnostn\u00e9 aspekty nevyhnutn\u00e9. Hydraulick\u00fd syst\u00e9m mus\u00ed by\u0165 navrhnut\u00fd s bezpe\u010dnostn\u00fdmi prvkami, aby sa predi\u0161lo nehod\u00e1m a zaistila sa bezpe\u010dnos\u0165 obsluhy. Valec mus\u00ed by\u0165 tie\u017e navrhnut\u00fd s oh\u013eadom na faktory prostredia, aby sa zabezpe\u010dila jeho prev\u00e1dzka v prostred\u00ed, pre ktor\u00e9 je ur\u010den\u00fd.<\/p>\n<h2>Rie\u0161enie probl\u00e9mov a be\u017en\u00e9 probl\u00e9my<\/h2>\n<p>Nasleduj\u00fa be\u017en\u00e9 probl\u00e9my, ktor\u00e9 sa m\u00f4\u017eu vyskytn\u00fa\u0165:<\/p>\n<ul>\n<li><strong>\u00danik:<\/strong> \u00danik m\u00f4\u017ee po\u0161kodi\u0165 hydraulick\u00fd syst\u00e9m a zn\u00ed\u017ei\u0165 v\u00fdkon valca.<\/li>\n<li><strong>Pomal\u00e1 prev\u00e1dzka:<\/strong> Pomal\u00e1 prev\u00e1dzka m\u00f4\u017ee nazna\u010dova\u0165 n\u00edzky hydraulick\u00fd tlak alebo poruchu hydraulick\u00e9ho syst\u00e9mu.<\/li>\n<li><strong>Preru\u0161ovan\u00e1 prev\u00e1dzka:<\/strong> Preru\u0161ovan\u00e1 prev\u00e1dzka m\u00f4\u017ee nazna\u010dova\u0165 poruchu ventilu alebo upchat\u00fd filter.<\/li>\n<\/ul>\n<h3>Tipy na rie\u0161enie probl\u00e9mov<\/h3>\n<p>Aby sa t\u00fdmto probl\u00e9mom predi\u0161lo alebo ich vyrie\u0161ilo, odpor\u00fa\u010da sa pravidelne kontrolova\u0165 hydraulick\u00fd syst\u00e9m, zabezpe\u010di\u0165 spr\u00e1vne mazanie, skontrolova\u0165 tesnenia a pravidelne kalibrova\u0165 valec.<\/p>\n<p><img decoding=\"async\" src=\"https:\/\/www.hydraulic-cylinders.net\/wp-content\/uploads\/2025\/01\/songte-bushings-with-all-kinds-of-excavator-models.webp\"><\/p>\n<h2>O na\u0161ej spolo\u010dnosti<\/h2>\n<p>Sme v\u00fdrobcom hydraulick\u00fdch valcov, ktor\u00e9 m\u00f4\u017eu nahradi\u0165 in\u00e9 hydraulick\u00e9 valce. Na\u0161a spolo\u010dnos\u0165 m\u00e1 kompletn\u00fd sortiment produktov a stala sa jedn\u00fdm z popredn\u00fdch v\u00fdrobcov a ve\u013ekoobchodn\u00fdch distrib\u00fatorov hydraulick\u00fdch valcov na dom\u00e1com aj medzin\u00e1rodnom trhu. Riadime sa princ\u00edpom excelentnosti a spoliehame sa na strat\u00e9gie riadenia priemyselnej v\u00fdroby v jemn\u00fdch v\u00fdrobn\u00fdch diel\u0148ach. Na\u0161a spolo\u010dnos\u0165 neust\u00e1le vylep\u0161uje v\u00fdrobn\u00fa platformu dielne od technick\u00fdch talentov, cez digit\u00e1lne \u0161pi\u010dkov\u00e9 v\u00fdrobn\u00e9 zariadenia a\u017e po profesion\u00e1lne testovacie syst\u00e9my, a m\u00e1 siln\u00fa tvoriv\u00fa schopnos\u0165 uspokoji\u0165 rozmanit\u00e9 potreby z\u00e1kazn\u00edkov s princ\u00edpmi vysokej efektivity, vysokej presnosti a vysokej kvality.<\/p>\n<p>Pon\u00fakame profesion\u00e1lne slu\u017eby, medzin\u00e1rodn\u00fa certifik\u00e1ciu, slu\u017eby na mieru, v\u00fdrobn\u00e9 zariadenia a popredajn\u00fd servis.<\/p>\n<p><img decoding=\"async\" src=\"https:\/\/www.hydraulic-cylinders.net\/wp-content\/uploads\/2025\/01\/songte-company-3.webp\"><\/p>\n<p>Od lyl.<\/p>","protected":false},"excerpt":{"rendered":"<p>Bucket Cylinder For Pushhm PZ165-8 Introduction Definition of Bucket Cylinder A bucket cylinder is a type of hydraulic cylinder that is specifically designed to control the movement of the bucket in heavy machinery such as excavators, backhoes, and front-end loaders. Its main function is to allow the bucket to be lifted, lowered, and tilted for [&hellip;]<\/p>","protected":false},"featured_media":14762,"comment_status":"open","ping_status":"closed","template":"","meta":{"_et_pb_use_builder":"","_et_pb_old_content":"","_et_gb_content_width":""},"product_brand":[],"product_cat":[1494],"product_tag":[1495,1496],"class_list":{"0":"post-15820","1":"product","2":"type-product","3":"status-publish","4":"has-post-thumbnail","6":"product_cat-bucket-cylinders","7":"product_tag-bucket-cylinders","8":"product_tag-hydraulic-cylinders","10":"first","11":"instock","12":"shipping-taxable","13":"product-type-simple"},"amp_enabled":true,"_links":{"self":[{"href":"https:\/\/www.hydraulic-cylinders.net\/sk\/wp-json\/wp\/v2\/product\/15820","targetHints":{"allow":["GET"]}}],"collection":[{"href":"https:\/\/www.hydraulic-cylinders.net\/sk\/wp-json\/wp\/v2\/product"}],"about":[{"href":"https:\/\/www.hydraulic-cylinders.net\/sk\/wp-json\/wp\/v2\/types\/product"}],"replies":[{"embeddable":true,"href":"https:\/\/www.hydraulic-cylinders.net\/sk\/wp-json\/wp\/v2\/comments?post=15820"}],"wp:featuredmedia":[{"embeddable":true,"href":"https:\/\/www.hydraulic-cylinders.net\/sk\/wp-json\/wp\/v2\/media\/14762"}],"wp:attachment":[{"href":"https:\/\/www.hydraulic-cylinders.net\/sk\/wp-json\/wp\/v2\/media?parent=15820"}],"wp:term":[{"taxonomy":"product_brand","embeddable":true,"href":"https:\/\/www.hydraulic-cylinders.net\/sk\/wp-json\/wp\/v2\/product_brand?post=15820"},{"taxonomy":"product_cat","embeddable":true,"href":"https:\/\/www.hydraulic-cylinders.net\/sk\/wp-json\/wp\/v2\/product_cat?post=15820"},{"taxonomy":"product_tag","embeddable":true,"href":"https:\/\/www.hydraulic-cylinders.net\/sk\/wp-json\/wp\/v2\/product_tag?post=15820"}],"curies":[{"name":"pracovn\u00fd list","href":"https:\/\/api.w.org\/{rel}","templated":true}]}}