{"id":15826,"date":"2025-01-19T15:02:19","date_gmt":"2025-01-19T15:02:19","guid":{"rendered":"https:\/\/www.hydraulic-cylinders.net\/product\/bucket-cylinder-for-nante-nt20\/"},"modified":"2025-01-19T15:02:21","modified_gmt":"2025-01-19T15:02:21","slug":"bucket-cylinder-for-nante-nt20","status":"publish","type":"product","link":"https:\/\/www.hydraulic-cylinders.net\/sk\/produkt\/bucket-cylinder-for-nante-nt20\/","title":{"rendered":"Valec vedra pre Nante NT20"},"content":{"rendered":"<h1>Valec vedra pre Nante NT20<\/h1>\n<h2>\u00davod<\/h2>\n<p>Hydraulick\u00fd valec ly\u017eice pre Nante NT20 je \u0161peci\u00e1lne navrhnut\u00fd hydraulick\u00fd valec, ktor\u00fd sa prim\u00e1rne pou\u017e\u00edva na ovl\u00e1danie pohybu ly\u017eice v \u0165a\u017ek\u00fdch strojoch, ako s\u00fa r\u00fdpadl\u00e1, r\u00fdpadl\u00e1-naklada\u010de a \u010deln\u00e9 naklada\u010de. Jeho hlavnou funkciou je umo\u017eni\u0165 zdv\u00edhanie, sp\u00fa\u0161\u0165anie a nakl\u00e1\u0148anie ly\u017eice, \u010do u\u013eah\u010duje vykon\u00e1vanie r\u00f4znych \u00faloh manipul\u00e1cie s materi\u00e1lom. V hydraulickom syst\u00e9me valec ly\u017eice riadi presn\u00fd pohyb ly\u017eice prostredn\u00edctvom zmien tlaku hydraulick\u00e9ho oleja, \u010do umo\u017e\u0148uje obsluhe efekt\u00edvne manipulova\u0165 s \u0165a\u017ek\u00fdmi predmetmi a prisp\u00f4sobova\u0165 sa zlo\u017eit\u00fdm pracovn\u00fdm prostrediam a r\u00f4znorod\u00fdm po\u017eiadavk\u00e1m na pr\u00e1cu.<\/p>\n<p><img decoding=\"async\" src=\"https:\/\/www.hydraulic-cylinders.net\/wp-content\/uploads\/2025\/01\/songte-company-2.webp\" alt=\"Valec vedra pre Nante NT20\"><\/p>\n<h2>Funkcie<\/h2>\n<ul>\n<li>\n<h3>Vysok\u00e1 pevnos\u0165 a odolnos\u0165:<\/h3>\n<p> Zvy\u010dajne je vyroben\u00fd z vysokopevnostnej ocele alebo hlin\u00edka, odol\u00e1 vysok\u00e9mu tlaku a \u0165a\u017ek\u00fdm za\u0165a\u017eeniam, \u010d\u00edm sa prisp\u00f4sob\u00ed n\u00e1ro\u010dn\u00fdm pracovn\u00fdm podmienkam. Kon\u0161trukcia zoh\u013ead\u0148uje odolnos\u0165 vo\u010di opotrebovaniu a kor\u00f3zii, \u010d\u00edm sa predl\u017euje \u017eivotnos\u0165.<\/li>\n<li>\n<h3>Efekt\u00edvna hydraulick\u00e1 prev\u00e1dzka:<\/h3>\n<p> V\u010faka hydraulick\u00e9mu tlaku oleja na dosiahnutie plynul\u00e9ho vys\u00favania a zas\u00favania dok\u00e1\u017ee r\u00fdchlo reagova\u0165 na ovl\u00e1dacie povely a poskytuje siln\u00fa tla\u010dn\u00fa a \u0165a\u017en\u00fa silu, vhodn\u00fa na manipul\u00e1ciu s \u0165a\u017ek\u00fdmi predmetmi a zlo\u017eit\u00e9 \u00falohy.<\/li>\n<li>\n<h3>R\u00f4zne typy:<\/h3>\n<p> Pod\u013ea r\u00f4znych prev\u00e1dzkov\u00fdch po\u017eiadaviek je mo\u017en\u00e9 zvoli\u0165 jedno\u010dinn\u00e9 (hydraulika sa pou\u017e\u00edva iba v jednom smere) alebo dvoj\u010dinn\u00e9 (hydraulika sa pou\u017e\u00edva v oboch smeroch) valce. Niektor\u00e9 modely s\u00fa teleskopick\u00e9, \u010do umo\u017e\u0148uje v\u00e4\u010d\u0161ie vysunutie bez zv\u00e4\u010d\u0161enia vonkaj\u0161\u00edch rozmerov, vhodn\u00e9 pre aplik\u00e1cie s obmedzen\u00fdm priestorom.<\/li>\n<li>\n<h3>Dokonal\u00e1 n\u00e1hrada:<\/h3>\n<p> N\u00e1\u0161 produkt dok\u00e1\u017ee dokonale nahradi\u0165 tieto hydraulick\u00e9 valce.<\/li>\n<\/ul>\n<p><img decoding=\"async\" src=\"https:\/\/www.hydraulic-cylinders.net\/wp-content\/uploads\/2025\/01\/songte-cylinder-head-with-all-kinds-excavator-models.webp\" alt=\"Valec vedra pre Nante NT20\"><\/p>\n<h2>Aplik\u00e1cie<\/h2>\n<p>Valec s vedrom sa \u0161iroko pou\u017e\u00edva v r\u00f4znych \u0165a\u017ek\u00fdch strojoch, vr\u00e1tane, ale nie v\u00fdlu\u010dne:<\/p>\n<ul>\n<li>\n<h3>Stavebn\u00e9 vybavenie:<\/h3>\n<p> V r\u00fdpadl\u00e1ch s\u00fa nevyhnutn\u00e9 na kopanie, nakladanie a premiest\u0148ovanie zeminy alebo sutiny. V r\u00fdpadlov\u00fdch r\u00fdpadl\u00e1ch pom\u00e1ha valec ly\u017eice pri kopan\u00ed aj zdv\u00edhan\u00ed. <\/li>\n<li>\n<h3>Po\u013enohospod\u00e1rske stroje:<\/h3>\n<p> Valec ly\u017eice, ktor\u00fd sa pou\u017e\u00edva v \u010deln\u00fdch naklada\u010doch na naberanie, zdv\u00edhanie a prepravu p\u00f4dy, sena a in\u00fdch materi\u00e1lov, dosahuje kopac\u00ed \u00fa\u010dinok t\u00fdm, \u017ee umo\u017e\u0148uje ly\u017eici prenikn\u00fa\u0165 do p\u00f4dy. <\/li>\n<li>\n<h3>Naklada\u010d:<\/h3>\n<p> V \u010deln\u00fdch naklada\u010doch pom\u00e1haj\u00fa efekt\u00edvne zdv\u00edha\u0165 a vyklada\u0165 n\u00e1klad.<\/li>\n<\/ul>\n<h2>\u00davahy o dizajne a krit\u00e9ri\u00e1 v\u00fdberu<\/h2>\n<p>Valec vedra je navrhnut\u00fd tak, aby zoh\u013ead\u0148oval nasleduj\u00face faktory:<\/p>\n<ul>\n<li>\n<h3>Nosnos\u0165:<\/h3>\n<p> Je nevyhnutn\u00e9 zabezpe\u010di\u0165, aby bol valec dostato\u010dne pevn\u00fd na to, aby uniesol za\u0165a\u017eenie, ktor\u00e9 je potrebn\u00e9 premiestni\u0165.<\/li>\n<li>\n<h3>Tesnenie:<\/h3>\n<p> Na zabr\u00e1nenie \u00faniku oleja a udr\u017eanie stability sa pou\u017e\u00edvaj\u00fa r\u00f4zne tesniace komponenty, ako s\u00fa tesnenia piestov, tesnenia ty\u010d\u00ed at\u010f. <\/li>\n<li>\n<h3>Trvanlivos\u0165:<\/h3>\n<p> Valec mus\u00ed by\u0165 dostato\u010dne odoln\u00fd, aby odolal n\u00e1ro\u010dn\u00e9mu a drsn\u00e9mu prostrediu a poveternostn\u00fdm podmienkam. <\/li>\n<li>\n<h3>Bezpe\u010dnos\u0165:<\/h3>\n<p> Valec s vedrom mus\u00ed by\u0165 bezpe\u010dn\u00fd na pou\u017e\u00edvanie a pri jeho navrhovan\u00ed by sa mali zoh\u013eadni\u0165 v\u0161etky bezpe\u010dnostn\u00e9 opatrenia. <\/li>\n<li>\n<h3>Jednoduch\u00e1 \u00fadr\u017eba:<\/h3>\n<p> Pravideln\u00e1 \u00fadr\u017eba je nevyhnutn\u00e1 pre jeho dlhodob\u00e9 pou\u017e\u00edvanie a kon\u0161trukcia valca vedra by mala zoh\u013ead\u0148ova\u0165 jednoduch\u00fa \u00fadr\u017ebu.<\/li>\n<\/ul>\n<p><img decoding=\"async\" src=\"https:\/\/www.hydraulic-cylinders.net\/wp-content\/uploads\/2025\/01\/songte-oil-pipes-and-spare-parts.webp\" alt=\"Valec vedra pre Nante NT20\"><\/p>\n<h2>Tesnenie a mazanie<\/h2>\n<p>Hydraulick\u00fd valec s lopatou pou\u017e\u00edva r\u00f4zne tesniace komponenty na zabr\u00e1nenie \u00faniku oleja a udr\u017eanie stability. Tieto komponenty pozost\u00e1vaj\u00fa z tesnen\u00ed piestov, tesnen\u00ed ty\u010d\u00ed at\u010f. Tieto tesniace komponenty s\u00fa vyroben\u00e9 z materi\u00e1lov odoln\u00fdch vo\u010di opotrebovaniu, ako je polyuret\u00e1n, nitrilov\u00e1 guma at\u010f. Teleso valca a povrchy z\u00e1vitov\u00fdch koncov s\u00fa jemne opracovan\u00e9, aby sa zlep\u0161ila odolnos\u0165 vo\u010di opotrebovaniu. Hydraulick\u00fd valec vy\u017eaduje pravideln\u00e9 mazanie vhodn\u00fdm hydraulick\u00fdm olejom, aby sa zabezpe\u010dila hladk\u00e1 prev\u00e1dzka.<\/p>\n<h2>Kontroln\u00e9 a prevent\u00edvne \u00fadr\u017eb\u00e1rske opatrenia<\/h2>\n<ul>\n<li>\n<h3>In\u0161pekcia:<\/h3>\n<p> Pravideln\u00e1 kontrola je nevyhnutn\u00e1 na zistenie ak\u00e9hoko\u013evek opotrebenia, po\u0161kodenia alebo \u00faniku, ktor\u00e9 si vy\u017eaduj\u00fa okam\u017eit\u00fa opravu alebo v\u00fdmenu. <\/li>\n<li>\n<h3>Mazanie:<\/h3>\n<p> Pre zabezpe\u010denie hladk\u00e9ho chodu je nevyhnutn\u00e9 spr\u00e1vne mazanie valca spr\u00e1vnym hydraulick\u00fdm olejom.<\/li>\n<li>\n<h3>V\u00fdmena tesnenia a kontrola kalibr\u00e1cie:<\/h3>\n<p> Tesniace komponenty je potrebn\u00e9 po ur\u010ditom \u010dase vymeni\u0165 a na zaistenie stability by sa mali vykona\u0165 kalibra\u010dn\u00e9 kontroly.<\/li>\n<\/ul>\n<p>Spr\u00e1vna in\u0161tal\u00e1cia je k\u013e\u00fa\u010dom k efekt\u00edvnemu pou\u017e\u00edvaniu valca s vedrom a spr\u00e1vne zarovnanie valca je nevyhnutn\u00e9. Na upevnenie valca by sa mali pou\u017ei\u0165 odpor\u00fa\u010dan\u00e9 mont\u00e1\u017ene konzoly. Na pred\u013a\u017eenie \u017eivotnosti valca sa odpor\u00fa\u010daj\u00fa pravideln\u00e9 kontroly, opravy a v\u00fdmeny.<\/p>\n<p><img decoding=\"async\" src=\"https:\/\/www.hydraulic-cylinders.net\/wp-content\/uploads\/2025\/01\/songte-chushion-collar.webp\" alt=\"Valec vedra pre Nante NT20\"><\/p>\n<h2>Bezpe\u010dnostn\u00e9 aspekty a faktory prostredia<\/h2>\n<p>Pri manipul\u00e1cii s valcom je nevyhnutn\u00e9 dodr\u017eiava\u0165 bezpe\u010dnostn\u00e9 opatrenia, ako je pou\u017e\u00edvanie ochrann\u00fdch prostriedkov, zabezpe\u010denie spr\u00e1vnej in\u0161tal\u00e1cie a vyh\u00fdbanie sa pre\u0165a\u017eeniu. Valec by sa mal spr\u00e1vne zlikvidova\u0165, aby sa predi\u0161lo zne\u010disteniu \u017eivotn\u00e9ho prostredia.<\/p>\n<h2>Be\u017en\u00e9 probl\u00e9my a ich rie\u0161enie<\/h2>\n<ul>\n<li>\n<h3>\u00danik oleja:<\/h3>\n<p> Skontrolujte tesniace komponenty a v pr\u00edpade potreby ich vyme\u0148te. <\/li>\n<li>\n<h3>Trhav\u00fd pohyb:<\/h3>\n<p> Zabezpe\u010dte spr\u00e1vne mazanie a skontrolujte, \u010di nie je valec alebo tesniace komponenty po\u0161koden\u00e9. <\/li>\n<li>\n<h3>Pomal\u00e1 prev\u00e1dzka:<\/h3>\n<p> Skontrolujte tlak hydraulick\u00e9ho oleja a uistite sa, \u017ee hydraulick\u00fd syst\u00e9m funguje spr\u00e1vne.<\/li>\n<\/ul>\n<p>Prevent\u00edvne opatrenia, ako je pravideln\u00e1 kontrola a \u00fadr\u017eba, m\u00f4\u017eu pom\u00f4c\u0165 pred\u00eds\u0165 t\u00fdmto probl\u00e9mom.<\/p>\n<p><img decoding=\"async\" src=\"https:\/\/www.hydraulic-cylinders.net\/wp-content\/uploads\/2025\/01\/songte-bushings-with-all-kinds-of-excavator-models.webp\" alt=\"Valec vedra pre Nante NT20\"><\/p>\n<h2>O na\u0161ej spolo\u010dnosti<\/h2>\n<p>Sme v\u00fdrobcom hydraulick\u00fdch valcov a popredn\u00fdm v\u00fdrobcom a ve\u013ekoobchodn\u00fdm distrib\u00fatorom hydraulick\u00fdch valcov na dom\u00e1com aj medzin\u00e1rodnom trhu. Riadime sa strat\u00e9giou vynikaj\u00facej kvality, opieraj\u00fac sa o industrializovan\u00e9 riadenie v\u00fdroby v prec\u00edznych v\u00fdrobn\u00fdch diel\u0148ach. Na\u0161a spolo\u010dnos\u0165 neust\u00e1le zlep\u0161uje v\u00fdrobn\u00fa platformu dieln\u00ed aplik\u00e1ciou technologick\u00fdch talentov, \u0161pi\u010dkov\u00fdch digit\u00e1lnych v\u00fdrobn\u00fdch zariaden\u00ed a profesion\u00e1lnych testovac\u00edch syst\u00e9mov, zdokona\u013eujeme v\u00fdrobn\u00fa linku kvality produktov a m\u00e1me siln\u00e9 kreat\u00edvne schopnosti. Poskytujeme z\u00e1kazn\u00edkom r\u00f4zne po\u017eiadavky s vysokou efektivitou, presnos\u0165ou a princ\u00edpmi vysokej kvality.<\/p>\n<p><img decoding=\"async\" src=\"https:\/\/hzpt.com\/wp-content\/uploads\/2024\/11\/songte-company-1.webp\" alt=\"Valec vedra pre Nante NT20\"><\/p>\n<h3>Profesionalita:<\/h3>\n<p>Na\u0161a spolo\u010dnos\u0165 m\u00e1 profesion\u00e1lne technick\u00e9 kapacity a zameriava sa na poskytovanie najlep\u0161\u00edch rie\u0161en\u00ed z\u00e1kazn\u00edkom.<\/p>\n<h3>Medzin\u00e1rodn\u00e1 certifik\u00e1cia:<\/h3>\n<p>Na\u0161e produkty z\u00edskali medzin\u00e1rodn\u00e9 certifik\u00e1ty, ktor\u00e9 zaru\u010duj\u00fa vynikaj\u00facu kvalitu a spo\u013eahlivos\u0165.<\/p>\n<h3>Prisp\u00f4soben\u00e1 slu\u017eba:<\/h3>\n<p>Poskytujeme slu\u017eby na mieru pod\u013ea po\u017eiadaviek z\u00e1kazn\u00edka, \u010d\u00edm zabezpe\u010dujeme jeho spokojnos\u0165.<\/p>\n<h3>V\u00fdrobn\u00e9 vybavenie:<\/h3>\n<p>Na\u0161a spolo\u010dnos\u0165 pou\u017e\u00edva modern\u00e9 vybavenie a technol\u00f3gie, \u010do zaru\u010duje vynikaj\u00facu kvalitu a spo\u013eahlivos\u0165.<\/p>\n<h3>Popredajn\u00fd servis:<\/h3>\n<p>Poskytujeme popredajn\u00fd servis vr\u00e1tane v\u00fdmeny a rekon\u0161trukcie, \u010d\u00edm zabezpe\u010dujeme dlh\u0161iu \u017eivotnos\u0165 produktu a spokojnos\u0165 z\u00e1kazn\u00edkov. <\/p>\n<p>Autor: lyl.<\/p>","protected":false},"excerpt":{"rendered":"<p>Bucket Cylinder For Nante NT20 Introduction The bucket cylinder for Nante NT20 is a specially designed hydraulic cylinder primarily used for controlling the movement of the bucket in heavy machinery such as excavators, backhoe excavators, and front loaders. Its main function is to allow the bucket to lift, lower, and tilt, making it easier to [&hellip;]<\/p>","protected":false},"featured_media":14784,"comment_status":"open","ping_status":"closed","template":"","meta":{"_et_pb_use_builder":"","_et_pb_old_content":"","_et_gb_content_width":""},"product_brand":[],"product_cat":[1494],"product_tag":[1495,1496],"class_list":{"0":"post-15826","1":"product","2":"type-product","3":"status-publish","4":"has-post-thumbnail","6":"product_cat-bucket-cylinders","7":"product_tag-bucket-cylinders","8":"product_tag-hydraulic-cylinders","10":"first","11":"instock","12":"shipping-taxable","13":"product-type-simple"},"amp_enabled":true,"_links":{"self":[{"href":"https:\/\/www.hydraulic-cylinders.net\/sk\/wp-json\/wp\/v2\/product\/15826","targetHints":{"allow":["GET"]}}],"collection":[{"href":"https:\/\/www.hydraulic-cylinders.net\/sk\/wp-json\/wp\/v2\/product"}],"about":[{"href":"https:\/\/www.hydraulic-cylinders.net\/sk\/wp-json\/wp\/v2\/types\/product"}],"replies":[{"embeddable":true,"href":"https:\/\/www.hydraulic-cylinders.net\/sk\/wp-json\/wp\/v2\/comments?post=15826"}],"wp:featuredmedia":[{"embeddable":true,"href":"https:\/\/www.hydraulic-cylinders.net\/sk\/wp-json\/wp\/v2\/media\/14784"}],"wp:attachment":[{"href":"https:\/\/www.hydraulic-cylinders.net\/sk\/wp-json\/wp\/v2\/media?parent=15826"}],"wp:term":[{"taxonomy":"product_brand","embeddable":true,"href":"https:\/\/www.hydraulic-cylinders.net\/sk\/wp-json\/wp\/v2\/product_brand?post=15826"},{"taxonomy":"product_cat","embeddable":true,"href":"https:\/\/www.hydraulic-cylinders.net\/sk\/wp-json\/wp\/v2\/product_cat?post=15826"},{"taxonomy":"product_tag","embeddable":true,"href":"https:\/\/www.hydraulic-cylinders.net\/sk\/wp-json\/wp\/v2\/product_tag?post=15826"}],"curies":[{"name":"pracovn\u00fd list","href":"https:\/\/api.w.org\/{rel}","templated":true}]}}