{"id":1583,"date":"2023-10-07T06:13:12","date_gmt":"2023-10-07T06:13:12","guid":{"rendered":"https:\/\/hydraulic-cylinders.net\/?post_type=product&#038;p=1583"},"modified":"2025-04-11T03:39:26","modified_gmt":"2025-04-11T03:39:26","slug":"rotary-drilling-mast-cylinder","status":"publish","type":"product","link":"https:\/\/www.hydraulic-cylinders.net\/sk\/produkt\/rotary-drilling-mast-cylinder\/","title":{"rendered":"Rota\u010dn\u00fd v\u0155tac\u00ed sto\u017eiarov\u00fd valec"},"content":{"rendered":"<h1 style=\"text-align: center;\"><strong>Rota\u010dn\u00fd v\u0155tac\u00ed sto\u017eiarov\u00fd valec<\/strong><\/h1>\n<p><img loading=\"lazy\" decoding=\"async\" class=\"wp-image-1584 aligncenter\" src=\"https:\/\/hydraulic-cylinders.net\/wp-content\/uploads\/2023\/10\/mast-cylinder-1-300x300.webp\" alt=\"\" width=\"400\" height=\"400\" \/><\/p>\n<p>Hydraulick\u00fd valec rota\u010dn\u00e9ho v\u0155tacieho sto\u017eiara je k\u013e\u00fa\u010dovou s\u00fa\u010das\u0165ou rota\u010dn\u00fdch v\u0155tac\u00edch zariaden\u00ed navrhnut\u00fdch na optimaliz\u00e1ciu v\u00fdkonu a presnosti v\u0155tac\u00edch oper\u00e1ci\u00ed. Tento hydraulick\u00fd valec zohr\u00e1va k\u013e\u00fa\u010dov\u00fa \u00falohu pri riaden\u00ed vertik\u00e1lneho pohybu v\u0155tacieho sto\u017eiara, \u010d\u00edm zabezpe\u010duje presn\u00e9 polohovanie a efekt\u00edvne v\u0155tanie.<\/p>\n<p>Rota\u010dn\u00fd hydraulick\u00fd valec v\u0155tacieho sto\u017eiara je nevyhnutnou s\u00fa\u010das\u0165ou pre zv\u00fd\u0161enie efektivity v\u0155tania. V\u010faka svojej robustnej kon\u0161trukcii, hydraulick\u00e9mu v\u00fdkonu a ovl\u00e1daniu, nastavite\u013enej d\u013a\u017eke zdvihu a plynul\u00fdm pohybom tento hydraulick\u00fd valec umo\u017e\u0148uje presn\u00e9 polohovanie v\u0155tacieho sto\u017eiara a zlep\u0161uje celkov\u00fd v\u00fdkon v\u0155tania. Dodr\u017eiavan\u00edm spr\u00e1vnych met\u00f3d pou\u017e\u00edvania a odpor\u00fa\u010dan\u00fdch postupov \u00fadr\u017eby m\u00f4\u017eu oper\u00e1tori maximalizova\u0165 \u017eivotnos\u0165 a spo\u013eahlivos\u0165 valca rota\u010dn\u00e9ho v\u0155tacieho sto\u017eiara, \u010do vedie k bezpe\u010dn\u00fdm a efekt\u00edvnym v\u0155tac\u00edm oper\u00e1ci\u00e1m. Vyberte si tento spo\u013eahliv\u00fd hydraulick\u00fd komponent na optimaliz\u00e1ciu v\u00e1\u0161ho v\u0155tacieho zariadenia a dosiahnutie vynikaj\u00facich v\u00fdsledkov.<\/p>\n<p>K\u013e\u00fa\u010dov\u00e9 charakteristiky valca rota\u010dn\u00e9ho v\u0155tacieho sto\u017eiara:<\/p>\n<ol>\n<li>Robustn\u00e1 kon\u0161trukcia a odolnos\u0165:<\/li>\n<\/ol>\n<ul>\n<li>Rota\u010dn\u00fd v\u0155tac\u00ed valec je vyroben\u00fd z vysoko kvalitn\u00fdch materi\u00e1lov, \u010do zaru\u010duje v\u00fdnimo\u010dn\u00fa pevnos\u0165 a odolnos\u0165.<\/li>\n<li>Dok\u00e1\u017ee odola\u0165 n\u00e1ro\u010dn\u00fdm podmienkam, s ktor\u00fdmi sa stret\u00e1vame pri v\u0155tan\u00ed, vr\u00e1tane \u0165a\u017ek\u00fdch za\u0165a\u017een\u00ed, vibr\u00e1ci\u00ed a drsn\u00e9ho prostredia.<\/li>\n<\/ul>\n<ol start=\"2\">\n<li>Hydraulick\u00fd v\u00fdkon a ovl\u00e1danie:<\/li>\n<\/ol>\n<ul>\n<li>Tento valec pracuje prostredn\u00edctvom hydraulick\u00e9ho riadiaceho syst\u00e9mu, ktor\u00fd vyu\u017e\u00edva hydraulick\u00fa energiu na pohon mechanizmu na vykl\u00e1panie.<\/li>\n<li>Hydraulick\u00e9 ovl\u00e1danie zais\u0165uje presn\u00fd a citliv\u00fd pohyb v\u0155tacieho sto\u017eiara alebo v\u00fdlo\u017en\u00edka, \u010do umo\u017e\u0148uje presn\u00e9 polohovanie a ovl\u00e1danie.<\/li>\n<\/ul>\n<ol start=\"3\">\n<li>Nastavite\u013en\u00fd rozsah vych\u00fdlenia:<\/li>\n<\/ol>\n<ul>\n<li>Rota\u010dn\u00fd v\u0155tac\u00ed valec s mo\u017enos\u0165ou vykl\u00e1pania poskytuje nastavite\u013en\u00fd rozsah, ktor\u00fd umo\u017e\u0148uje obsluhe umiestni\u0165 v\u0155tacie zariadenie do po\u017eadovan\u00e9ho uhla alebo v\u00fd\u0161ky.<\/li>\n<li>T\u00e1to flexibilita umo\u017e\u0148uje v\u0161estrann\u00e9 v\u0155tacie oper\u00e1cie, ktor\u00e9 sa prisp\u00f4sobuj\u00fa r\u00f4znym ter\u00e9nnym podmienkam a po\u017eiadavk\u00e1m.<\/li>\n<\/ul>\n<ol start=\"4\">\n<li>Plynul\u00e9 a kontrolovan\u00e9 pohyby:<\/li>\n<\/ol>\n<ul>\n<li>Kon\u0161trukcia valca a hydraulick\u00fd riadiaci syst\u00e9m zabezpe\u010duj\u00fa plynul\u00e9 a kontrolovan\u00e9 pohyby po\u010das vychy\u013eovania.<\/li>\n<li>Toto presn\u00e9 ovl\u00e1danie umo\u017e\u0148uje oper\u00e1torom udr\u017eiava\u0165 stabilitu a presnos\u0165 pri polohovan\u00ed v\u0155tacieho sto\u017eiara alebo v\u00fdlo\u017en\u00edka.<\/li>\n<\/ul>\n<h2><strong>Parameter valca rota\u010dn\u00e9ho v\u0155tacieho sto\u017eiara:<\/strong><\/h2>\n<table border=\"1\" cellspacing=\"0\" cellpadding=\"0\">\n<tbody>\n<tr>\n<td>N\u00e1zov produktu<\/td>\n<td>Rota\u010dn\u00fd v\u0155tac\u00ed sto\u017eiarov\u00fd valec<\/td>\n<\/tr>\n<tr>\n<td>Vlastnosti:<\/td>\n<td>Ovl\u00e1dajte sto\u017eiar, nastavte uhol sto\u017eiara a zeme<\/td>\n<\/tr>\n<tr>\n<td>Priemer otvoru:<\/td>\n<td>140 mm\uff5e350 mm<\/td>\n<\/tr>\n<tr>\n<td>Priemer ty\u010de:<\/td>\n<td>90 mm\uff5e230 mm<br \/>\nZdvih \u2264 5550 mm<\/td>\n<\/tr>\n<tr>\n<td>Tlak\uff1a<\/td>\n<td>a\u017e 32 MPa<\/td>\n<\/tr>\n<tr>\n<td>Aplik\u00e1cie valcov sto\u017eiara:<\/td>\n<td>Rota\u010dn\u00e9 v\u0155tanie<\/td>\n<\/tr>\n<\/tbody>\n<\/table>\n<h2><strong>Sch\u00e9ma identifik\u00e1cie valca rota\u010dn\u00e9ho v\u0155tacieho sto\u017eiara:<\/strong><\/h2>\n<p><img loading=\"lazy\" decoding=\"async\" class=\"alignnone wp-image-1586 size-full\" src=\"https:\/\/hydraulic-cylinders.net\/wp-content\/uploads\/2023\/10\/mast-cylinder-2.webp\" alt=\"\" width=\"1418\" height=\"946\" srcset=\"https:\/\/hydraulic-cylinders.net\/wp-content\/uploads\/2023\/10\/mast-cylinder-2.webp 1418w, https:\/\/hydraulic-cylinders.net\/wp-content\/uploads\/2023\/10\/mast-cylinder-2-1280x854.webp 1280w, https:\/\/hydraulic-cylinders.net\/wp-content\/uploads\/2023\/10\/mast-cylinder-2-980x654.webp 980w, https:\/\/hydraulic-cylinders.net\/wp-content\/uploads\/2023\/10\/mast-cylinder-2-480x320.webp 480w\" sizes=\"(min-width: 0px) and (max-width: 480px) 480px, (min-width: 481px) and (max-width: 980px) 980px, (min-width: 981px) and (max-width: 1280px) 1280px, (min-width: 1281px) 1418px, 100vw\" \/><\/p>\n<h2><strong>Met\u00f3da pou\u017eitia rota\u010dn\u00e9ho v\u0155tacieho sto\u017eiarov\u00e9ho valca<\/strong><strong>:<\/strong><\/h2>\n<ol>\n<li><strong>Obozn\u00e1mte sa s ovl\u00e1dac\u00edmi prvkami a bezpe\u010dnostn\u00fdmi pokynmi:<\/strong><\/li>\n<\/ol>\n<ul>\n<li>Pred obsluhou rota\u010dn\u00e9ho v\u0155tacieho zariadenia by sa oper\u00e1tori mali d\u00f4kladne obozn\u00e1mi\u0165 s ovl\u00e1dac\u00edmi prvkami a bezpe\u010dnostn\u00fdmi pokynmi poskytnut\u00fdmi v\u00fdrobcom zariadenia.<\/li>\n<li>Dodr\u017eiavajte v\u0161etky bezpe\u010dnostn\u00e9 postupy a opatrenia, aby ste zabezpe\u010dili bezpe\u010dn\u00e9 a efekt\u00edvne v\u0155tanie.<\/li>\n<\/ul>\n<ol start=\"2\">\n<li><strong>Nastavenie v\u00fd\u0161ky:<\/strong><\/li>\n<\/ol>\n<ul>\n<li>Na aktiv\u00e1ciu rota\u010dn\u00e9ho v\u0155tacieho valca pou\u017eite ovl\u00e1dac\u00ed mechanizmus, ako napr\u00edklad joystick alebo ovl\u00e1dac\u00ed panel.<\/li>\n<li>Pomocou pr\u00edslu\u0161n\u00e9ho ovl\u00e1dacieho vstupu zdvihnite alebo spustite v\u0155tac\u00ed sto\u017eiar do po\u017eadovanej v\u00fd\u0161ky.<\/li>\n<li>Valec premen\u00ed hydraulick\u00fd v\u00fdkon na potrebn\u00fa silu na presn\u00e9 umiestnenie v\u0155tacieho sto\u017eiara.<\/li>\n<\/ul>\n<ol start=\"3\">\n<li><strong>Polohovanie a stabilita:<\/strong><\/li>\n<\/ol>\n<ul>\n<li>D\u013a\u017eku zdvihu rota\u010dn\u00e9ho v\u0155tacieho valca upravte pod\u013ea \u0161pecifick\u00fdch po\u017eiadaviek na v\u0155tanie a podmienok ter\u00e9nu.<\/li>\n<li>Po\u010das v\u0155tania zabezpe\u010dte stabilitu v\u0155tacieho sto\u017eiara, aby sa zachovala presnos\u0165 a bezpe\u010dnos\u0165.<\/li>\n<li>Pravidelne sledujte polohu sto\u017eiara a pod\u013ea potreby ju upravte, aby ste udr\u017eali po\u017eadovan\u00fa v\u00fd\u0161ku v\u0155tania.<\/li>\n<\/ul>\n<h2><strong>Ako odstr\u00e1ni\u0165 vodu z hydraulick\u00e9ho syst\u00e9mu traktora?<\/strong><\/h2>\n<p>Odstr\u00e1nenie vody z hydraulick\u00e9ho syst\u00e9mu traktora je k\u013e\u00fa\u010dov\u00e9 pre udr\u017eanie v\u00fdkonu syst\u00e9mu a prevenciu mo\u017en\u00e9ho po\u0161kodenia. Tu je podrobn\u00fd n\u00e1vod, ako odstr\u00e1ni\u0165 vodu z hydraulick\u00e9ho syst\u00e9mu traktora:<\/p>\n<ol>\n<li><strong>Identifik\u00e1cia kontamin\u00e1cie vody:<\/strong>\n<ul>\n<li>H\u013eadajte zn\u00e1mky kontamin\u00e1cie vodou v hydraulickom syst\u00e9me, ako napr\u00edklad mlie\u010dny alebo zakalen\u00fd vzh\u013ead hydraulickej kvapaliny.<\/li>\n<li>Voda sa m\u00f4\u017ee do syst\u00e9mu dosta\u0165 kondenz\u00e1ciou, nespr\u00e1vnym tesnen\u00edm alebo vonkaj\u0161\u00edmi zdrojmi.<\/li>\n<\/ul>\n<\/li>\n<li><strong>Vypustite hydraulick\u00fa kvapalinu:<\/strong>\n<ul>\n<li>Traktor bezpe\u010dne zaparkujte na rovnom povrchu a zabezpe\u010dte v\u0161etky bezpe\u010dnostn\u00e9 opatrenia.<\/li>\n<li>N\u00e1jdite vyp\u00fa\u0161\u0165aciu z\u00e1tku alebo ventil na hydraulickej n\u00e1dr\u017ei a umiestnite vhodn\u00fa n\u00e1dobu na zachytenie kvapaliny.<\/li>\n<\/ul>\n<\/li>\n<li><strong>Otvorte vyp\u00fa\u0161\u0165aciu z\u00e1tku alebo ventil:<\/strong>\n<ul>\n<li>Pomocou vhodn\u00e9ho n\u00e1radia opatrne otvorte vyp\u00fa\u0161\u0165aciu z\u00e1tku alebo ventil, aby mohla hydraulick\u00e1 kvapalina vytiec\u0165.<\/li>\n<li>Uistite sa, \u017ee n\u00e1doba je spr\u00e1vne umiestnen\u00e1 na zachyt\u00e1vanie tekutiny.<\/li>\n<\/ul>\n<\/li>\n<li><strong>Prepl\u00e1chnite syst\u00e9m:<\/strong>\n<ul>\n<li>Ke\u010f vyte\u010die v\u00e4\u010d\u0161ina hydraulickej kvapaliny, napl\u0148te syst\u00e9m novou hydraulickou kvapalinou.<\/li>\n<li>Nechajte hydraulick\u00fd syst\u00e9m traktora kr\u00e1tko be\u017ea\u0165 bez z\u00e1\u0165a\u017ee alebo pr\u00edslu\u0161enstva, aby cirkulovala \u010derstv\u00e1 kvapalina.<\/li>\n<\/ul>\n<\/li>\n<li><strong>Zopakujte postup vyp\u00fa\u0161\u0165ania kvapaliny:<\/strong>\n<ul>\n<li>Po spusten\u00ed syst\u00e9mu zopakujte proces vyp\u00fa\u0161\u0165ania kvapaliny.<\/li>\n<li>Tento krok pom\u00e1ha vypl\u00e1chnu\u0165 v\u0161etku zvy\u0161n\u00fa vodu a ne\u010distoty, ktor\u00e9 sa mohli po\u010das cirkul\u00e1cie rozv\u00edri\u0165.<\/li>\n<\/ul>\n<\/li>\n<li><strong>Skontrolujte kvapalinu:<\/strong>\n<ul>\n<li>Sledujte vypusten\u00fa hydraulick\u00fa kvapalinu, \u010di neobsahuje zn\u00e1mky kontamin\u00e1cie vodou.<\/li>\n<li>Ak je voda st\u00e1le pr\u00edtomn\u00e1, zopakujte proces dop\u013a\u0148ania, spustenia syst\u00e9mu a vyp\u00fa\u0161\u0165ania, k\u00fdm kvapalina nebude vyzera\u0165 \u010dist\u00e1 a bez vody.<\/li>\n<\/ul>\n<\/li>\n<li><strong>V\u00fdmena filtrov:<\/strong>\n<ul>\n<li>Zne\u010distenie vodou m\u00f4\u017ee ovplyvni\u0165 aj hydraulick\u00e9 filtre. Preto je d\u00f4le\u017eit\u00e9 vymeni\u0165 filtre po odstr\u00e1nen\u00ed vody zo syst\u00e9mu.<\/li>\n<li>Skontrolujte pokyny v\u00fdrobcu t\u00fdkaj\u00face sa odpor\u00fa\u010dan\u00fdch intervalov v\u00fdmeny filtra a ria\u010fte sa ich pokynmi.<\/li>\n<\/ul>\n<\/li>\n<li><strong>Doplnenie \u010distej hydraulickej kvapaliny:<\/strong>\n<ul>\n<li>Po \u00fa\u010dinnom odstr\u00e1nen\u00ed vody zo syst\u00e9mu dopl\u0148te hydraulick\u00fa n\u00e1dr\u017e \u010derstvou, \u010distou hydraulickou kvapalinou.<\/li>\n<li>Pou\u017e\u00edvajte odpor\u00fa\u010dan\u00fd typ a druh kvapaliny stanoven\u00fd v\u00fdrobcom traktora.<\/li>\n<\/ul>\n<\/li>\n<li><strong>Otestujte syst\u00e9m:<\/strong>\n<ul>\n<li>Po doplnen\u00ed hydraulickej kvapaliny na\u0161tartujte traktor a aktivujte hydraulick\u00fd syst\u00e9m, aby ste zabezpe\u010dili jeho spr\u00e1vnu funkciu.<\/li>\n<li>Skontrolujte, \u010di nevych\u00e1dzaj\u00fa abnorm\u00e1lne zvuky, netesnosti kvapal\u00edn alebo in\u00e9 probl\u00e9my, ktor\u00e9 si vy\u017eaduj\u00fa \u010fal\u0161iu pozornos\u0165.<\/li>\n<\/ul>\n<\/li>\n<\/ol>\n<h2><strong>Schopnos\u0165 a kapacita tov\u00e1rne:<\/strong><\/h2>\n<h3>(1) Mont\u00e1\u017e<\/h3>\n<p>Disponujeme prvotriednou nez\u00e1vislou v\u00fdskumnou a v\u00fdvojovou mont\u00e1\u017enou platformou. Diel\u0148a na v\u00fdrobu hydraulick\u00fdch valcov m\u00e1 \u0161tyri poloautomatick\u00e9 mont\u00e1\u017ene linky zdv\u00edhac\u00edch valcov a jednu automatick\u00fa mont\u00e1\u017enu linku nakl\u00e1pac\u00edch valcov s projektovanou ro\u010dnou v\u00fdrobnou kapacitou 1 mili\u00f3n kusov. Diel\u0148a na v\u00fdrobu \u0161peci\u00e1lnych valcov je vybaven\u00e1 r\u00f4znymi \u0161pecifik\u00e1ciami poloautomatick\u00e9ho syst\u00e9mu \u010distenia a mont\u00e1\u017ee s projektovanou ro\u010dnou v\u00fdrobnou kapacitou 200 000 kusov a je vybaven\u00e1 zn\u00e1mym CNC obr\u00e1bac\u00edm zariaden\u00edm, obr\u00e1bac\u00edm centrom, \u0161peci\u00e1lnym zariaden\u00edm na vysoko presn\u00e9 spracovanie valcov, robotick\u00fdm zv\u00e1rac\u00edm strojom, automatick\u00fdm \u010distiacim strojom, automatick\u00fdm mont\u00e1\u017enym strojom valcov a automatickou lakovacou v\u00fdrobnou linkou. Existuj\u00face kritick\u00e9 zariadenia maj\u00fa viac ako 300 s\u00faprav (s\u00e1d). Optim\u00e1lne alokovanie a efekt\u00edvne vyu\u017e\u00edvanie zdrojov zariaden\u00ed zabezpe\u010duje po\u017eiadavky na presnos\u0165 v\u00fdrobkov a sp\u013a\u0148a po\u017eiadavky na vysok\u00fa kvalitu v\u00fdrobkov.<\/p>\n<p><img loading=\"lazy\" decoding=\"async\" class=\"alignnone wp-image-626\" src=\"https:\/\/hydraulic-cylinders.net\/wp-content\/uploads\/2023\/08\/hydraulic-cylinder-product-1-300x158.webp\" alt=\"\" width=\"495\" height=\"260\" srcset=\"https:\/\/hydraulic-cylinders.net\/wp-content\/uploads\/2023\/08\/hydraulic-cylinder-product-1-300x158.webp 495w, https:\/\/hydraulic-cylinders.net\/wp-content\/uploads\/2023\/08\/hydraulic-cylinder-product-1-480x252.webp 480w\" sizes=\"(min-width: 0px) and (max-width: 480px) 480px, (min-width: 481px) 495px, 100vw\" \/> <img loading=\"lazy\" decoding=\"async\" class=\"alignnone wp-image-627\" src=\"https:\/\/hydraulic-cylinders.net\/wp-content\/uploads\/2023\/08\/hydraulic-cylinder-product-2-300x189.webp\" alt=\"\" width=\"413\" height=\"260\" \/><\/p>\n<h3>(2) Obr\u00e1banie<\/h3>\n<p>Obr\u00e1bacia diel\u0148a je vybaven\u00e1 prisp\u00f4soben\u00fdm s\u00fastru\u017en\u00edckym centrom na \u0161ikm\u00e9 ko\u013eajnice, obr\u00e1bac\u00edm centrom, vysokor\u00fdchlostn\u00fdm honovac\u00edm strojom, zv\u00e1rac\u00edm robotom a \u010fal\u0161\u00edm s\u00favisiacim zariaden\u00edm, ktor\u00e9 dok\u00e1\u017ee spracova\u0165 valcov\u00e9 r\u00fary s maxim\u00e1lnym vn\u00fatorn\u00fdm priemerom 400 mm a maxim\u00e1lnou d\u013a\u017ekou 6 metrov.<\/p>\n<p><img loading=\"lazy\" decoding=\"async\" class=\"alignnone wp-image-628 size-large\" src=\"https:\/\/hydraulic-cylinders.net\/wp-content\/uploads\/2023\/08\/hydraulic-cylinder-product-3-1024x391.webp\" alt=\"\" width=\"1024\" height=\"391\" srcset=\"https:\/\/hydraulic-cylinders.net\/wp-content\/uploads\/2023\/08\/hydraulic-cylinder-product-3-980x374.webp 980w, https:\/\/hydraulic-cylinders.net\/wp-content\/uploads\/2023\/08\/hydraulic-cylinder-product-3-480x183.webp 480w\" sizes=\"(min-width: 0px) and (max-width: 480px) 480px, (min-width: 481px) and (max-width: 980px) 980px, (min-width: 981px) 1024px, 100vw\" \/><\/p>\n<h3>(3) Zv\u00e1ranie<\/h3>\n<p><img loading=\"lazy\" decoding=\"async\" class=\"alignnone wp-image-629 size-large\" src=\"https:\/\/hydraulic-cylinders.net\/wp-content\/uploads\/2023\/08\/hydraulic-cylinder-product-4-1024x510.webp\" alt=\"\" width=\"1024\" height=\"510\" srcset=\"https:\/\/hydraulic-cylinders.net\/wp-content\/uploads\/2023\/08\/hydraulic-cylinder-product-4-980x488.webp 980w, https:\/\/hydraulic-cylinders.net\/wp-content\/uploads\/2023\/08\/hydraulic-cylinder-product-4-480x239.webp 480w\" sizes=\"(min-width: 0px) and (max-width: 480px) 480px, (min-width: 481px) and (max-width: 980px) 980px, (min-width: 981px) 1024px, 100vw\" \/><\/p>\n<h3>(4) Ma\u013eovanie a natieranie<\/h3>\n<p>S mal\u00fdmi a stredne ve\u013ek\u00fdmi valcov\u00fdmi automatick\u00fdmi linkami na nan\u00e1\u0161anie farieb na vodnej b\u00e1ze, na dosiahnutie automatick\u00e9ho nakladania a vykladania robotmi a automatick\u00e9ho striekania, je projektovan\u00e1 kapacita 4000 kusov za smenu;<br \/>\nM\u00e1me tie\u017e poloautomatick\u00fa linku na v\u00fdrobu farieb pre ve\u013ek\u00e9 valce poh\u00e1\u0148an\u00e9 re\u0165azou s projektovanou kapacitou 60 kusov za smenu.<\/p>\n<p><img loading=\"lazy\" decoding=\"async\" class=\"alignnone wp-image-630\" src=\"https:\/\/hydraulic-cylinders.net\/wp-content\/uploads\/2023\/08\/hydraulic-cylinder-product-5-300x213.webp\" alt=\"\" width=\"366\" height=\"260\" \/> <img loading=\"lazy\" decoding=\"async\" class=\"alignnone wp-image-631\" src=\"https:\/\/hydraulic-cylinders.net\/wp-content\/uploads\/2023\/08\/hydraulic-cylinder-product-6-300x225.webp\" alt=\"\" width=\"347\" height=\"260\" \/><\/p>\n<h3>(5) Testovanie<\/h3>\n<p>Disponujeme prvotriednymi kontroln\u00fdmi zariadeniami a sk\u00fa\u0161obn\u00fdmi zariadeniami, ktor\u00e9 zabezpe\u010duj\u00fa, \u017ee v\u00fdkonnos\u0165 valca sp\u013a\u0148a po\u017eiadavky.<\/p>\n<p><img loading=\"lazy\" decoding=\"async\" class=\"alignnone wp-image-632\" src=\"https:\/\/hydraulic-cylinders.net\/wp-content\/uploads\/2023\/08\/hydraulic-cylinder-product-8-300x200.webp\" alt=\"\" width=\"389\" height=\"260\" \/><\/p>\n<p>&nbsp;<\/p>\n<p>&nbsp;<\/p>\n<p>Sme jedn\u00fdm z najlep\u0161\u00edch v\u00fdrobcov hydraulick\u00fdch valcov. Pon\u00fakame komplexn\u00e9 hydraulick\u00e9 valce. Poskytujeme aj zodpovedaj\u00face <a href=\"https:\/\/hzpt.com\/agricultural-pto-gearbox\/\" target=\"_blank\" rel=\"noopener\">po\u013enohospod\u00e1rske prevodovky<\/a>Na\u0161e produkty sme vyv\u00e1\u017eali klientom po celom svete a v\u010faka vynikaj\u00facej kvalite produktov a popredajn\u00e9mu servisu sme si z\u00edskali dobr\u00fa reput\u00e1ciu. V\u00edtame z\u00e1kazn\u00edkov doma aj v zahrani\u010d\u00ed, ktor\u00ed n\u00e1s kontaktuj\u00fa za \u00fa\u010delom rokovania o obchodn\u00fdch z\u00e1le\u017eitostiach, v\u00fdmeny inform\u00e1ci\u00ed a <a href=\"https:\/\/www.hydraulic-cylinders.net\/sk\/contact-us\/\">spolupracova\u0165 s nami<\/a>!<\/p>","protected":false},"excerpt":{"rendered":"<p>Rotary Drilling Mast Cylinder The rotary drilling mast cylinder is a critical component in rotary drilling equipment designed to optimize the performance and precision of drilling operations. This hydraulic cylinder plays a crucial role in controlling the vertical movement of the drilling mast, ensuring accurate positioning and efficient drilling. The rotary drilling mast cylinder is [&hellip;]<\/p>","protected":false},"featured_media":1585,"comment_status":"open","ping_status":"closed","template":"","meta":{"_et_pb_use_builder":"","_et_pb_old_content":"","_et_gb_content_width":""},"product_brand":[],"product_cat":[1550,1518,1376],"product_tag":[1380],"class_list":{"0":"post-1583","1":"product","2":"type-product","3":"status-publish","4":"has-post-thumbnail","6":"product_cat-double-acting-hydraulic-cylinder","7":"product_cat-rotary-drilling-rig-hydraulic-cylinders","8":"product_cat-hydraulic-cylinder","9":"product_tag-hydraulic-cylinder","11":"first","12":"instock","13":"shipping-taxable","14":"product-type-simple"},"amp_enabled":true,"_links":{"self":[{"href":"https:\/\/www.hydraulic-cylinders.net\/sk\/wp-json\/wp\/v2\/product\/1583","targetHints":{"allow":["GET"]}}],"collection":[{"href":"https:\/\/www.hydraulic-cylinders.net\/sk\/wp-json\/wp\/v2\/product"}],"about":[{"href":"https:\/\/www.hydraulic-cylinders.net\/sk\/wp-json\/wp\/v2\/types\/product"}],"replies":[{"embeddable":true,"href":"https:\/\/www.hydraulic-cylinders.net\/sk\/wp-json\/wp\/v2\/comments?post=1583"}],"wp:featuredmedia":[{"embeddable":true,"href":"https:\/\/www.hydraulic-cylinders.net\/sk\/wp-json\/wp\/v2\/media\/1585"}],"wp:attachment":[{"href":"https:\/\/www.hydraulic-cylinders.net\/sk\/wp-json\/wp\/v2\/media?parent=1583"}],"wp:term":[{"taxonomy":"product_brand","embeddable":true,"href":"https:\/\/www.hydraulic-cylinders.net\/sk\/wp-json\/wp\/v2\/product_brand?post=1583"},{"taxonomy":"product_cat","embeddable":true,"href":"https:\/\/www.hydraulic-cylinders.net\/sk\/wp-json\/wp\/v2\/product_cat?post=1583"},{"taxonomy":"product_tag","embeddable":true,"href":"https:\/\/www.hydraulic-cylinders.net\/sk\/wp-json\/wp\/v2\/product_tag?post=1583"}],"curies":[{"name":"pracovn\u00fd list","href":"https:\/\/api.w.org\/{rel}","templated":true}]}}