{"id":15830,"date":"2025-01-19T15:02:37","date_gmt":"2025-01-19T15:02:37","guid":{"rendered":"https:\/\/www.hydraulic-cylinders.net\/product\/bucket-cylinder-for-nante-nt130uu\/"},"modified":"2025-01-19T15:02:39","modified_gmt":"2025-01-19T15:02:39","slug":"bucket-cylinder-for-nante-nt130uu","status":"publish","type":"product","link":"https:\/\/www.hydraulic-cylinders.net\/sk\/produkt\/bucket-cylinder-for-nante-nt130uu\/","title":{"rendered":"Valec vedra pre Nante NT130UU"},"content":{"rendered":"<h1>Valec vedra pre Nante NT130UU<\/h1>\n<h2>\u00davod<\/h2>\n<p>Hydraulick\u00fd valec ly\u017eice pre Nante NT130UU je \u0161pecializovan\u00fd hydraulick\u00fd valec ur\u010den\u00fd na ovl\u00e1danie pohybu ly\u017eice v \u0165a\u017ek\u00fdch strojoch, ako s\u00fa r\u00fdpadl\u00e1, r\u00fdpadl\u00e1-naklada\u010de a \u010deln\u00e9 naklada\u010de. Jeho hlavnou funkciou je umo\u017eni\u0165 zdv\u00edhanie, sp\u00fa\u0161\u0165anie a nakl\u00e1\u0148anie ly\u017eice, \u010do u\u013eah\u010duje vykon\u00e1vanie r\u00f4znych \u00faloh manipul\u00e1cie s materi\u00e1lom. V hydraulickom syst\u00e9me valec ly\u017eice vyu\u017e\u00edva zmeny tlaku hydraulick\u00e9ho oleja na presn\u00e9 ovl\u00e1danie ly\u017eice, \u010do umo\u017e\u0148uje obsluhe efekt\u00edvne manipulova\u0165 s \u0165a\u017ek\u00fdmi bremenami a prisp\u00f4sobi\u0165 sa zlo\u017eit\u00fdm pracovn\u00fdm prostrediam a r\u00f4znorod\u00fdm po\u017eiadavk\u00e1m na pr\u00e1cu.<\/p>\n<p><img decoding=\"async\" src=\"https:\/\/www.hydraulic-cylinders.net\/wp-content\/uploads\/2025\/01\/songte-company-2.webp\" alt=\"Obr\u00e1zok valca vedra\"><\/p>\n<h2>Funkcie<\/h2>\n<ul>\n<li>\n<h3>Vysok\u00e1 pevnos\u0165 a odolnos\u0165:<\/h3>\n<p> Zvy\u010dajne je vyroben\u00fd z vysokopevnostnej ocele alebo hlin\u00edka, odol\u00e1 vysok\u00e9mu tlaku a \u0165a\u017ek\u00fdm za\u0165a\u017eeniam, prisp\u00f4sob\u00ed sa n\u00e1ro\u010dn\u00fdm pracovn\u00fdm podmienkam a je navrhnut\u00fd s oh\u013eadom na odolnos\u0165 vo\u010di opotrebovaniu a kor\u00f3zii, aby sa pred\u013a\u017eila jeho \u017eivotnos\u0165.<\/li>\n<li>\n<h3>Efekt\u00edvna hydraulick\u00e1 prev\u00e1dzka:<\/h3>\n<p> V\u010faka hydraulick\u00e9mu tlaku oleja na dosiahnutie plynul\u00e9ho vys\u00favania a zas\u00favania dok\u00e1\u017ee r\u00fdchlo reagova\u0165 na ovl\u00e1dacie pr\u00edkazy, poskytova\u0165 siln\u00e9 tla\u010dn\u00e9 a \u0165a\u017en\u00e9 sily a je vhodn\u00fd na manipul\u00e1ciu s \u0165a\u017ek\u00fdmi bremenami a zlo\u017eit\u00fdmi pracovn\u00fdmi \u00falohami.<\/li>\n<li>\n<h3>R\u00f4zne typy:<\/h3>\n<p> Pod\u013ea potreby je mo\u017en\u00e9 zvoli\u0165 jedno\u010dinn\u00e9 (hydraulicky ovl\u00e1dan\u00e9 iba v jednom smere) alebo dvoj\u010dinn\u00e9 (hydraulicky ovl\u00e1dan\u00e9 v oboch smeroch) valce, aby sa splnili r\u00f4zne prev\u00e1dzkov\u00e9 po\u017eiadavky. Niektor\u00e9 modely s\u00fa teleskopick\u00e9, \u010do umo\u017e\u0148uje v\u00e4\u010d\u0161ie vysunutie bez zv\u00e4\u010d\u0161enia vonkaj\u0161\u00edch rozmerov a s\u00fa vhodn\u00e9 pre aplik\u00e1cie s obmedzen\u00fdm priestorom.<\/li>\n<li>\n<h3>V\u00fdmena produktu:<\/h3>\n<p> N\u00e1\u0161 produkt dok\u00e1\u017ee dokonale nahradi\u0165 tieto hydraulick\u00e9 valce.<\/li>\n<\/ul>\n<p><img decoding=\"async\" src=\"https:\/\/www.hydraulic-cylinders.net\/wp-content\/uploads\/2025\/01\/songte-cylinder-head-with-all-kinds-excavator-models.webp\" alt=\"Obr\u00e1zok n\u00e1hradn\u00e9ho produktu\"><\/p>\n<h2>Aplik\u00e1cie<\/h2>\n<p>Valec s ko\u0161\u00edkom pre Nante NT130UU sa \u0161iroko pou\u017e\u00edva v mnoh\u00fdch odvetviach vr\u00e1tane:<\/p>\n<ul>\n<li>\n<h3>Stavebn\u00e9 vybavenie:<\/h3>\n<p> V r\u00fdpadl\u00e1ch s\u00fa nevyhnutn\u00e9 na kopanie, nakladanie a premiest\u0148ovanie zeminy alebo sutiny. V r\u00fdpadlov\u00fdch bagroch pom\u00e1haj\u00fa valce ko\u0161\u00edkov pri kopan\u00ed aj zdv\u00edhan\u00ed. <\/li>\n<li>\n<h3>Po\u013enohospod\u00e1rske stroje:<\/h3>\n<p> Pou\u017e\u00edva sa v \u010deln\u00fdch naklada\u010doch na naberanie, zdv\u00edhanie a prepravu p\u00f4dy, sena a in\u00fdch materi\u00e1lov. <\/li>\n<li>\n<h3>R\u00fdpadl\u00e1:<\/h3>\n<p> Valec ly\u017eice dosahuje kopac\u00ed \u00fa\u010dinok t\u00fdm, \u017ee umo\u017e\u0148uje ly\u017eici prenikn\u00fa\u0165 do p\u00f4dy. <\/li>\n<li>\n<h3>Naklada\u010de:<\/h3>\n<p> V \u010deln\u00fdch naklada\u010doch \u00fa\u010dinne pom\u00e1haj\u00fa pri zdv\u00edhan\u00ed a nakl\u00e1\u0148an\u00ed bremien.<\/li>\n<\/ul>\n<h2>\u00davahy o dizajne a krit\u00e9ri\u00e1 v\u00fdberu<\/h2>\n<p>Valec kor\u010deka je navrhnut\u00fd tak, aby niesol \u0165a\u017ek\u00e9 bremen\u00e1 a odolal n\u00e1ro\u010dn\u00fdm prev\u00e1dzkov\u00fdm podmienkam, pri\u010dom si zachov\u00e1va bezpe\u010dnos\u0165, odolnos\u0165 a jednoduch\u00fa \u00fadr\u017ebu. Medzi k\u013e\u00fa\u010dov\u00e9 kon\u0161truk\u010dn\u00e9 aspekty patria:<\/p>\n<ul>\n<li>\n<h3>Nosnos\u0165:<\/h3>\n<p> Valec mus\u00ed by\u0165 schopn\u00fd unies\u0165 hmotnos\u0165 n\u00e1kladu a z\u00e1rove\u0148 zachova\u0165 stabilitu a bezpe\u010dnos\u0165.<\/li>\n<li>\n<h3>Tesnenie:<\/h3>\n<p> Pou\u017e\u00edvaj\u00fa sa r\u00f4zne tesniace komponenty, ako s\u00fa tesnenia piestov, tesnenia ty\u010d\u00ed at\u010f., a tesniace materi\u00e1ly, ako je polyuret\u00e1n, nitrilov\u00e1 guma a in\u00e9 materi\u00e1ly odoln\u00e9 vo\u010di opotrebeniu, sa vyberaj\u00fa tak, aby sa zabezpe\u010dil vysok\u00fd stupe\u0148 utesnenia.<\/li>\n<li>\n<h3>Trvanlivos\u0165:<\/h3>\n<p> Teleso valca a povrchy z\u00e1vitov\u00fdch koncov s\u00fa jemne opracovan\u00e9, aby sa zlep\u0161ila odolnos\u0165 proti opotrebovaniu. <\/li>\n<li>\n<h3>Bezpe\u010dnos\u0165:<\/h3>\n<p> Valec mus\u00ed sp\u013a\u0148a\u0165 medzin\u00e1rodn\u00e9 bezpe\u010dnostn\u00e9 certifika\u010dn\u00e9 normy, aby sa zabezpe\u010dila bezpe\u010dnos\u0165 obsluhy po\u010das prev\u00e1dzky.<\/li>\n<li>\n<h3>\u00dadr\u017eba:<\/h3>\n<p> Na udr\u017eanie valca v dobrom stave je potrebn\u00e1 pravideln\u00e1 \u00fadr\u017eba a opravy.<\/li>\n<\/ul>\n<p><img decoding=\"async\" src=\"https:\/\/www.hydraulic-cylinders.net\/wp-content\/uploads\/2025\/01\/songte-oil-pipes-and-spare-parts.webp\" alt=\"Obr\u00e1zok s aspektmi dizajnu\"><\/p>\n<h2>Tesnenie a mazanie<\/h2>\n<p>Valec pou\u017e\u00edva r\u00f4zne tesniace komponenty, ako s\u00fa tesnenia piestov a tesnenia ty\u010d\u00ed. Tesniace materi\u00e1ly, ako je polyuret\u00e1n, nitrilov\u00e1 guma a \u010fal\u0161ie materi\u00e1ly odoln\u00e9 vo\u010di opotrebovaniu, s\u00fa vybran\u00e9 tak, aby zabezpe\u010dili vysok\u00fd tesniaci v\u00fdkon. Okrem toho s\u00fa teleso valca a povrchy z\u00e1vitov\u00fdch koncov jemne opracovan\u00e9, aby sa zlep\u0161ila odolnos\u0165 vo\u010di opotrebovaniu. Pravideln\u00e9 prid\u00e1vanie vhodn\u00e9ho mno\u017estva hydraulick\u00e9ho oleja na mazanie valca m\u00f4\u017ee pom\u00f4c\u0165 pred\u013a\u017ei\u0165 jeho \u017eivotnos\u0165.<\/p>\n<h2>\u00dadr\u017eba a opravy<\/h2>\n<p>Pravideln\u00e1 \u00fadr\u017eba a opravy s\u00fa k\u013e\u00fa\u010dov\u00e9 pre udr\u017eanie v\u00fdkonu valca vedra. Medzi be\u017en\u00e9 \u00falohy \u00fadr\u017eby patria:<\/p>\n<ul>\n<li>\n<h3>Pravideln\u00e1 kontrola:<\/h3>\n<p> Pravidelne kontrolujte valec, aby ste sa uistili, \u017ee je v dobrom prev\u00e1dzkovom stave, a \u010do najsk\u00f4r opravte ak\u00e9ko\u013evek po\u0161kodenia alebo chyby.<\/li>\n<li>\n<h3>Mazanie:<\/h3>\n<p> Pridajte primeran\u00e9 mno\u017estvo hydraulick\u00e9ho oleja na mazanie valca, aby ste zn\u00ed\u017eili opotrebovanie.<\/li>\n<li>\n<h3>V\u00fdmena tesnenia:<\/h3>\n<p> Pod\u013ea potreby vyme\u0148te tesnenia valca, aby ste zabezpe\u010dili spr\u00e1vny tesniaci v\u00fdkon.<\/li>\n<li>\n<h3>Kalibra\u010dn\u00e1 kontrola:<\/h3>\n<p> Pravidelne kontrolujte kalibr\u00e1ciu valca, aby ste sa uistili, \u017ee funguje spr\u00e1vne.<\/li>\n<\/ul>\n<p><img decoding=\"async\" src=\"https:\/\/www.hydraulic-cylinders.net\/wp-content\/uploads\/2025\/01\/songte-chushion-collar.webp\" alt=\"Obr\u00e1zok \u00fadr\u017eby a opr\u00e1v\"><\/p>\n<h2>Bezpe\u010dnostn\u00e9 a environment\u00e1lne aspekty<\/h2>\n<p>Pri pou\u017e\u00edvan\u00ed valca s vedrom je nevyhnutn\u00e9 dodr\u017eiava\u0165 bezpe\u010dnostn\u00e9 pokyny, aby sa zabezpe\u010dila bezpe\u010dnos\u0165 obsluhy a zabr\u00e1nilo sa zne\u010disteniu \u017eivotn\u00e9ho prostredia. Pravideln\u00e1 kontrola a \u00fadr\u017eba m\u00f4\u017eu pom\u00f4c\u0165 predch\u00e1dza\u0165 potenci\u00e1lnym nebezpe\u010denstv\u00e1m a zn\u00ed\u017ei\u0165 vplyv na \u017eivotn\u00e9 prostredie.<\/p>\n<h2>Rie\u0161enie probl\u00e9mov a be\u017en\u00e9 probl\u00e9my<\/h2>\n<p>Probl\u00e9my s valcom vedra sa m\u00f4\u017eu vyskytn\u00fa\u0165 z r\u00f4znych d\u00f4vodov vr\u00e1tane opotrebenia, po\u0161kodenia a nespr\u00e1vnej in\u0161tal\u00e1cie. Medzi be\u017en\u00e9 probl\u00e9my patr\u00ed netesnos\u0165 valca, nedostato\u010dn\u00e1 zdv\u00edhacia alebo nakl\u00e1\u0148acia sila a \u0165a\u017ekosti s prev\u00e1dzkou. Tipy na rie\u0161enie probl\u00e9mov zah\u0155\u0148aj\u00fa kontrolu valca, \u010di nie je po\u0161koden\u00fd, kontrolu tesnen\u00ed a mazania a zabezpe\u010denie spr\u00e1vnej in\u0161tal\u00e1cie a kalibr\u00e1cie.<\/p>\n<p><img decoding=\"async\" src=\"https:\/\/www.hydraulic-cylinders.net\/wp-content\/uploads\/2025\/01\/songte-bushings-with-all-kinds-of-excavator-models.webp\" alt=\"Obr\u00e1zok rie\u0161enia probl\u00e9mov\"><\/p>\n<h2>O na\u0161ej spolo\u010dnosti<\/h2>\n<p>Sme popredn\u00fdm v\u00fdrobcom a ve\u013ekoobchodn\u00fdm distrib\u00fatorom hydraulick\u00fdch valcov na dom\u00e1com aj medzin\u00e1rodnom trhu a \u0161pecializujeme sa na v\u00fdrobu hydraulick\u00fdch valcov, ktor\u00e9 m\u00f4\u017eu nahradi\u0165 tradi\u010dn\u00e9 valce. Riadime sa filozofiou vynikaj\u00facej kvality a spoliehame sa na industrializovan\u00fa strat\u00e9giu riadenia v\u00fdroby prec\u00edzne spracovanej v\u00fdrobnej dielne. Na\u0161a spolo\u010dnos\u0165 neust\u00e1le zlep\u0161uje v\u00fdrobn\u00fa platformu dielne, zdokona\u013euje proces kvality v\u00fdroby produktu a m\u00e1 siln\u00e9 kreat\u00edvne schopnosti na uspokojenie rozmanit\u00fdch potrieb z\u00e1kazn\u00edkov s vysokou efektivitou, presnos\u0165ou a kvalitou. Na\u0161a spolo\u010dnos\u0165 poskytuje prisp\u00f4sobenie, v\u00fdrobn\u00e9 zariadenia a profesion\u00e1lne testovacie syst\u00e9my a z\u00edskali sme mnoho medzin\u00e1rodn\u00fdch certifik\u00e1tov.<\/p>\n<p><img decoding=\"async\" src=\"https:\/\/hzpt.com\/wp-content\/uploads\/2024\/11\/songte-company-1.webp\" alt=\"Obr\u00e1zok spolo\u010dnosti\"><\/p>\n<p>Na\u0161a spolo\u010dnos\u0165 poskytuje profesion\u00e1lne, prisp\u00f4soben\u00e9 slu\u017eby a v\u00fdrobn\u00e9 zariadenia a m\u00e1me siln\u00fd popredajn\u00fd servis. Sna\u017e\u00edme sa poskytova\u0165 z\u00e1kazn\u00edkom vysoko kvalitn\u00e9 produkty a slu\u017eby a zabezpe\u010di\u0165, aby na\u0161e produkty sp\u013a\u0148ali medzin\u00e1rodn\u00e9 \u0161tandardy. N\u00e1\u0161 sk\u00fasen\u00fd t\u00edm profesion\u00e1lov sa venuje poskytovaniu najlep\u0161\u00edch produktov a slu\u017eieb z\u00e1kazn\u00edkom na celom svete.<\/p>\n<p>Autor: lyl.<\/p>","protected":false},"excerpt":{"rendered":"<p>Bucket Cylinder For Nante NT130UU Introduction The bucket cylinder for Nante NT130UU is a specialized hydraulic cylinder designed to control the movement of the bucket in heavy machinery such as excavators, backhoe excavators, and front-end loaders. Its main function is to enable the bucket to lift, lower, and tilt, making it easier to handle various [&hellip;]<\/p>","protected":false},"featured_media":14776,"comment_status":"open","ping_status":"closed","template":"","meta":{"_et_pb_use_builder":"","_et_pb_old_content":"","_et_gb_content_width":""},"product_brand":[],"product_cat":[1494],"product_tag":[1495,1496],"class_list":{"0":"post-15830","1":"product","2":"type-product","3":"status-publish","4":"has-post-thumbnail","6":"product_cat-bucket-cylinders","7":"product_tag-bucket-cylinders","8":"product_tag-hydraulic-cylinders","10":"first","11":"instock","12":"shipping-taxable","13":"product-type-simple"},"amp_enabled":true,"_links":{"self":[{"href":"https:\/\/www.hydraulic-cylinders.net\/sk\/wp-json\/wp\/v2\/product\/15830","targetHints":{"allow":["GET"]}}],"collection":[{"href":"https:\/\/www.hydraulic-cylinders.net\/sk\/wp-json\/wp\/v2\/product"}],"about":[{"href":"https:\/\/www.hydraulic-cylinders.net\/sk\/wp-json\/wp\/v2\/types\/product"}],"replies":[{"embeddable":true,"href":"https:\/\/www.hydraulic-cylinders.net\/sk\/wp-json\/wp\/v2\/comments?post=15830"}],"wp:featuredmedia":[{"embeddable":true,"href":"https:\/\/www.hydraulic-cylinders.net\/sk\/wp-json\/wp\/v2\/media\/14776"}],"wp:attachment":[{"href":"https:\/\/www.hydraulic-cylinders.net\/sk\/wp-json\/wp\/v2\/media?parent=15830"}],"wp:term":[{"taxonomy":"product_brand","embeddable":true,"href":"https:\/\/www.hydraulic-cylinders.net\/sk\/wp-json\/wp\/v2\/product_brand?post=15830"},{"taxonomy":"product_cat","embeddable":true,"href":"https:\/\/www.hydraulic-cylinders.net\/sk\/wp-json\/wp\/v2\/product_cat?post=15830"},{"taxonomy":"product_tag","embeddable":true,"href":"https:\/\/www.hydraulic-cylinders.net\/sk\/wp-json\/wp\/v2\/product_tag?post=15830"}],"curies":[{"name":"pracovn\u00fd list","href":"https:\/\/api.w.org\/{rel}","templated":true}]}}