{"id":15833,"date":"2025-01-19T15:02:51","date_gmt":"2025-01-19T15:02:51","guid":{"rendered":"https:\/\/www.hydraulic-cylinders.net\/product\/bucket-cylinder-for-yanmar-vi030-6b\/"},"modified":"2025-01-19T15:02:57","modified_gmt":"2025-01-19T15:02:57","slug":"bucket-cylinder-for-yanmar-vi030-6b","status":"publish","type":"product","link":"https:\/\/www.hydraulic-cylinders.net\/sk\/produkt\/bucket-cylinder-for-yanmar-vi030-6b\/","title":{"rendered":"Valec vedra pre Yanmar VI030-6B"},"content":{"rendered":"<h1>Valec vedra pre Yanmar VI030-6B<\/h1>\n<h2>\u00davod<\/h2>\n<p>Hydraulick\u00fd valec ly\u017eice je \u0161peci\u00e1lne navrhnut\u00fd hydraulick\u00fd valec pou\u017e\u00edvan\u00fd predov\u0161etk\u00fdm na ovl\u00e1danie pohybu ly\u017eice v \u0165a\u017ek\u00fdch strojoch, ako s\u00fa r\u00fdpadl\u00e1, r\u00fdpadl\u00e1-naklada\u010de a \u010deln\u00e9 naklada\u010de. Jeho hlavnou funkciou je umo\u017eni\u0165 zdv\u00edhanie, sp\u00fa\u0161\u0165anie a nakl\u00e1\u0148anie ly\u017eice, \u010do u\u013eah\u010duje r\u00f4zne \u00falohy manipul\u00e1cie s materi\u00e1lom. V hydraulickom syst\u00e9me valec ly\u017eice riadi presn\u00fd pohyb ly\u017eice prostredn\u00edctvom zmien tlaku hydraulick\u00e9ho oleja, \u010do umo\u017e\u0148uje obsluhe efekt\u00edvne manipulova\u0165 s \u0165a\u017ek\u00fdmi predmetmi a prisp\u00f4sobova\u0165 sa zlo\u017eit\u00fdm pracovn\u00fdm prostrediam a r\u00f4znym prev\u00e1dzkov\u00fdm po\u017eiadavk\u00e1m.<\/p>\n<p><img decoding=\"async\" src=\"https:\/\/www.hydraulic-cylinders.net\/wp-content\/uploads\/2025\/01\/songte-company-2.webp\" \/><\/p>\n<h2>Funkcie<\/h2>\n<ul>\n<li>Vysok\u00e1 pevnos\u0165 a odolnos\u0165: Zvy\u010dajne je vyroben\u00fd z vysokopevnostnej ocele alebo hlin\u00edka, odol\u00e1 vysok\u00e9mu tlaku a \u0165a\u017ek\u00fdm za\u0165a\u017eeniam, prisp\u00f4sob\u00ed sa n\u00e1ro\u010dn\u00fdm pracovn\u00fdm podmienkam a je navrhnut\u00fd s odolnos\u0165ou vo\u010di opotrebovaniu a kor\u00f3zii pre dlh\u0161iu \u017eivotnos\u0165.<\/li>\n<li>Efekt\u00edvna hydraulick\u00e1 prev\u00e1dzka: Plynul\u00e9 pohyby vys\u00favania a zas\u00favania dosiahnut\u00e9 v\u010faka tlaku hydraulick\u00e9ho oleja, r\u00fdchlej reakcii na prev\u00e1dzkov\u00e9 povely a siln\u00fdm tla\u010dn\u00fdm a \u0165a\u017en\u00fdm sil\u00e1m, vhodn\u00e9 na manipul\u00e1ciu s \u0165a\u017ek\u00fdmi bremenami a zlo\u017eit\u00e9 prev\u00e1dzkov\u00e9 \u00falohy.<\/li>\n<li>R\u00f4zne typy: Pod\u013ea prev\u00e1dzkov\u00fdch po\u017eiadaviek je mo\u017en\u00e9 vybra\u0165 jedno\u010dinn\u00e9 (hydraulicky ovl\u00e1dan\u00e9 iba v jednom smere) alebo dvoj\u010dinn\u00e9 (hydraulicky ovl\u00e1dan\u00e9 v oboch smeroch) valce. Niektor\u00e9 modely s\u00fa teleskopick\u00e9, \u010do umo\u017e\u0148uje v\u00e4\u010d\u0161ie vysunutie bez zv\u00e4\u010d\u0161enia vonkaj\u0161\u00edch rozmerov, vhodn\u00e9 pre aplik\u00e1cie s obmedzen\u00fdm priestorom.<\/li>\n<li>Priama n\u00e1hrada: Na\u0161e produkty dok\u00e1\u017eu dokonale nahradi\u0165 tieto hydraulick\u00e9 valce.<\/li>\n<\/ul>\n<p><img decoding=\"async\" src=\"https:\/\/www.hydraulic-cylinders.net\/wp-content\/uploads\/2025\/01\/songte-cylinder-head-with-all-kinds-excavator-models.webp\" \/><\/p>\n<h2>Aplik\u00e1cie<\/h2>\n<p>Valec s ko\u0161\u00edkom sa be\u017ene pou\u017e\u00edva v r\u00f4znych \u0165a\u017ek\u00fdch strojoch vr\u00e1tane:<\/p>\n<h3>Stavebn\u00e9 stroje<\/h3>\n<ul>\n<li>R\u00fdpadl\u00e1: Valce vedra dosahuj\u00fa kopac\u00ed \u00fa\u010dinok t\u00fdm, \u017ee umo\u017e\u0148uj\u00fa vedru prenikn\u00fa\u0165 do p\u00f4dy.<\/li>\n<li>R\u00fdpadl\u00e1-bagre: Valec lopaty je u\u017eito\u010dn\u00fd na kopanie aj zdv\u00edhanie.<\/li>\n<li>Naklada\u010d: V \u010deln\u00fdch naklada\u010doch pom\u00e1haj\u00fa efekt\u00edvne zdv\u00edha\u0165 a vyklada\u0165 n\u00e1klad.<\/li>\n<\/ul>\n<h3>Po\u013enohospod\u00e1rske stroje<\/h3>\n<ul>\n<li>\u010celn\u00e9 naklada\u010de: Pou\u017e\u00edvaj\u00fa sa na naberanie, zdv\u00edhanie a prepravu p\u00f4dy, sena a in\u00fdch materi\u00e1lov.<\/li>\n<\/ul>\n<p>Ka\u017ed\u00e1 aplik\u00e1cia je podrobne pop\u00edsan\u00e1 ni\u017e\u0161ie:<\/p>\n<h3>Stavebn\u00e9 stroje<\/h3>\n<p><strong>R\u00fdpadl\u00e1:<\/strong> Valce ly\u017eice umo\u017e\u0148uj\u00fa r\u00fdpadl\u00e1m kopa\u0165 a premiest\u0148ova\u0165 zeminu alebo sutiny. Valec ly\u017eice je zvy\u010dajne namontovan\u00fd na v\u00fdlo\u017en\u00edku a ovl\u00e1da pohyb ly\u017eice.<\/p>\n<p><strong>R\u00fdpadl\u00e1-bagre:<\/strong> Valec ly\u017eice pom\u00e1ha pri kopan\u00ed a zdv\u00edhan\u00ed. Je namontovan\u00fd na v\u00fdlo\u017en\u00edku a ovl\u00e1da pohyb ly\u017eice.<\/p>\n<p><strong>Naklada\u010d:<\/strong> V \u010deln\u00fdch naklada\u010doch pom\u00e1haj\u00fa valce ly\u017eice efekt\u00edvne zdv\u00edha\u0165 a vyklada\u0165 n\u00e1klad. Valce s\u00fa namontovan\u00e9 na ramene naklada\u010da a ovl\u00e1daj\u00fa pohyb ly\u017eice.<\/p>\n<h3>Po\u013enohospod\u00e1rske stroje<\/h3>\n<p><strong>\u010celn\u00e9 naklada\u010de:<\/strong> Valce ly\u017eice sa pou\u017e\u00edvaj\u00fa na naberanie, zdv\u00edhanie a prepravu p\u00f4dy, sena a in\u00fdch materi\u00e1lov. S\u00fa namontovan\u00e9 na ramene naklada\u010da a ovl\u00e1daj\u00fa pohyb ly\u017eice.<\/p>\n<h2>\u00davahy o dizajne a \u0161tandardy v\u00fdberu<\/h2>\n<p>Pri navrhovan\u00ed valca vedra je potrebn\u00e9 zv\u00e1\u017ei\u0165 nasleduj\u00face k\u013e\u00fa\u010dov\u00e9 faktory:<\/p>\n<ul>\n<li>\u00danosnos\u0165<\/li>\n<li>Tesniaci v\u00fdkon<\/li>\n<li>Trvanlivos\u0165<\/li>\n<li>Bezpe\u010dnos\u0165<\/li>\n<li>Udr\u017eiavate\u013enos\u0165<\/li>\n<\/ul>\n<p><img decoding=\"async\" src=\"https:\/\/www.hydraulic-cylinders.net\/wp-content\/uploads\/2025\/01\/songte-oil-pipes-and-spare-parts.webp\" \/><\/p>\n<p>V\u00fdberov\u00e9 \u0161tandardy s\u00fa:<\/p>\n<ul>\n<li>Priemer otvoru<\/li>\n<li>D\u013a\u017eka zdvihu<\/li>\n<li>Prev\u00e1dzkov\u00fd tlak<\/li>\n<li>Typ mont\u00e1\u017ee<\/li>\n<li>Tlmenie<\/li>\n<\/ul>\n<p>Nosnos\u0165 valca sa vz\u0165ahuje na maxim\u00e1lnu silu, ktor\u00fa dok\u00e1\u017ee odola\u0165 bez deform\u00e1cie alebo po\u0161kodenia. Tesniaci v\u00fdkon je kritick\u00fd. Valec mus\u00ed udr\u017eiava\u0165 stabiln\u00fd hydraulick\u00fd tlak a z\u00e1rove\u0148 umo\u017e\u0148ova\u0165 plynul\u00fd a r\u00fdchly pohyb.<\/p>\n<p>Valec mus\u00ed by\u0165 tie\u017e odoln\u00fd, schopn\u00fd odol\u00e1va\u0165 nam\u00e1haniu, kor\u00f3zii, opotrebovaniu a \u00fanave po dlh\u0161iu dobu. Bezpe\u010dnos\u0165 je d\u00f4le\u017eit\u00fdm faktorom, ktor\u00fd zabezpe\u010duje, aby sa valec nestal nebezpe\u010dn\u00fdm alebo aby nesp\u00f4sobil \u0161kodu obsluhe alebo okolit\u00e9mu prostrediu. Nakoniec je d\u00f4le\u017eit\u00e1 \u00fadr\u017eba, ktor\u00e1 zabezpe\u010duje, \u017ee valec sa d\u00e1 \u013eahko a r\u00fdchlo rozobra\u0165, opravi\u0165 a udr\u017eiava\u0165.<\/p>\n<h2>Tesnenie a mazanie<\/h2>\n<p>Valec kor\u010deka pou\u017e\u00edva r\u00f4zne tesniace komponenty, ako s\u00fa tesnenia piestov a tesnenia ty\u010d\u00ed, vyroben\u00e9 z materi\u00e1lov odoln\u00fdch vo\u010di opotrebovaniu, ako je polyuret\u00e1n a nitrilov\u00fd kau\u010duk. Teleso valca a z\u00e1vitov\u00e9 koncov\u00e9 plochy s\u00fa jemne opracovan\u00e9 pre zlep\u0161enie odolnosti vo\u010di opotrebovaniu. Na udr\u017eanie spr\u00e1vneho mazania je potrebn\u00e9 pravidelne prid\u00e1va\u0165 primeran\u00e9 mno\u017estvo hydraulick\u00e9ho oleja.<\/p>\n<h2>\u00dadr\u017eba a opravy<\/h2>\n<p>Pravideln\u00e1 \u00fadr\u017eba a opravy s\u00fa nevyhnutn\u00e9 na zabezpe\u010denie spr\u00e1vneho fungovania valca s vedrom. Medzi be\u017en\u00e9 \u00falohy \u00fadr\u017eby patr\u00ed pravideln\u00e1 kontrola, vhodn\u00e9 mazanie, v\u00fdmena tesnen\u00ed a kontroly kalibr\u00e1cie. Spr\u00e1vna in\u0161tal\u00e1cia, mazanie a nastavenie s\u00fa nevyhnutn\u00e9 na zabezpe\u010denie dlhej \u017eivotnosti valca. Po\u010das in\u0161tal\u00e1cie by sa malo zabezpe\u010di\u0165 spr\u00e1vne zarovnanie a pou\u017eitie vhodn\u00fdch mont\u00e1\u017enych konzol. Odpor\u00fa\u010dan\u00e9 postupy kontroly, opravy a v\u00fdmeny, ako aj v\u00fdmena dielov a slu\u017eby rekon\u0161trukcie s\u00fa nevyhnutn\u00e9 na pred\u013a\u017eenie \u017eivotnosti valca.<\/p>\n<p><img decoding=\"async\" src=\"https:\/\/www.hydraulic-cylinders.net\/wp-content\/uploads\/2025\/01\/songte-chushion-collar.webp\" \/><\/p>\n<h2>Bezpe\u010dnostn\u00e9 a environment\u00e1lne aspekty<\/h2>\n<p>Pri pou\u017e\u00edvan\u00ed valca s vedrom by sa mali prija\u0165 bezpe\u010dnostn\u00e9 opatrenia, aby sa zabezpe\u010dilo bezpe\u010dn\u00e9 a efekt\u00edvne pou\u017e\u00edvanie zariadenia. Valec by sa mal pou\u017e\u00edva\u0165 iba v r\u00e1mci jeho \u0161pecifikovan\u00fdch limitov kapacity a mali by sa dodr\u017eiava\u0165 v\u0161etky bezpe\u010dnostn\u00e9 pokyny. Spr\u00e1vna likvid\u00e1cia hydraulickej kvapaliny a in\u00fdch materi\u00e1lov je nevyhnutn\u00e1 na ochranu \u017eivotn\u00e9ho prostredia. Malo by sa predch\u00e1dza\u0165 \u00fanikom a rozliatiu a mali by sa dodr\u017eiava\u0165 spr\u00e1vne postupy \u010distenia.<\/p>\n<h2>Rie\u0161enie probl\u00e9mov a be\u017en\u00e9 probl\u00e9my<\/h2>\n<p>Medzi be\u017en\u00e9 probl\u00e9my s valcami na vedr\u00e1ch patr\u00ed zlyhanie tesnenia, netesnos\u0165 a po\u0161kodenie valca. Tipy na rie\u0161enie probl\u00e9mov a ich rie\u0161enia s\u00fa k\u013e\u00fa\u010dov\u00e9 pre \u010ditate\u013eov, aby pomohli efekt\u00edvne diagnostikova\u0165 a rie\u0161i\u0165 probl\u00e9my. Na minimaliz\u00e1ciu potenci\u00e1lnych probl\u00e9mov by sa mali zavies\u0165 prevent\u00edvne opatrenia.<\/p>\n<p><img decoding=\"async\" src=\"https:\/\/www.hydraulic-cylinders.net\/wp-content\/uploads\/2025\/01\/songte-bushings-with-all-kinds-of-excavator-models.webp\" \/><\/p>\n<h2>O na\u0161ej spolo\u010dnosti<\/h2>\n<p>Sme v\u00fdrobcom n\u00e1hradn\u00fdch hydraulick\u00fdch valcov, pon\u00fakame kompletn\u00fd sortiment produktov a st\u00e1vame sa jedn\u00fdm z popredn\u00fdch v\u00fdrobcov a ve\u013ekoobchodn\u00fdch distrib\u00fatorov hydraulick\u00fdch valcov na dom\u00e1com aj medzin\u00e1rodnom trhu. Riadime sa princ\u00edpmi excelentnosti a spoliehame sa na industrializovan\u00fa strat\u00e9giu riadenia v\u00fdroby v prec\u00edznych v\u00fdrobn\u00fdch diel\u0148ach. Spolo\u010dnos\u0165 neust\u00e1le zlep\u0161uje v\u00fdrobn\u00fa platformu dielne, zdokona\u013euje v\u00fdrobn\u00fd postup zameran\u00fd na kvalitu v\u00fdrobkov a m\u00e1 siln\u00fa v\u00fdrobn\u00fa kapacitu, aby sp\u013a\u0148ala rozmanit\u00e9 potreby z\u00e1kazn\u00edkov s vysokou efektivitou, vysokou presnos\u0165ou a princ\u00edpmi vysokej kvality.<\/p>\n<p>Pon\u00fakame vysok\u00fd stupe\u0148 profesionality, medzin\u00e1rodn\u00fa certifik\u00e1ciu, slu\u017eby na mieru, v\u00fdrobn\u00e9 zariadenia a popredajn\u00e9 slu\u017eby. Na\u0161a spolo\u010dnos\u0165 m\u00e1 tie\u017e komplexn\u00fd syst\u00e9m zabezpe\u010denia kvality, profesion\u00e1lny technick\u00fd t\u00edm, digit\u00e1lne \u0161pi\u010dkov\u00e9 v\u00fdrobn\u00e9 zariadenia a \u0161pecializovan\u00fd syst\u00e9m kontroly.<\/p>\n<p><img decoding=\"async\" src=\"https:\/\/hzpt.com\/wp-content\/uploads\/2024\/11\/songte-company-1.webp\" \/><\/p>\n<p>Autor: lyl<\/p>","protected":false},"excerpt":{"rendered":"<p>Bucket Cylinder For Yanmar VI030-6B Introduction The bucket cylinder is a specially designed hydraulic cylinder used primarily to control the movement of the bucket in heavy machinery such as excavators, backhoe excavators, and front-end loaders. Its main function is to enable the bucket to lift, lower, and tilt, facilitating various material handling tasks. In the [&hellip;]<\/p>","protected":false},"featured_media":14769,"comment_status":"open","ping_status":"closed","template":"","meta":{"_et_pb_use_builder":"","_et_pb_old_content":"","_et_gb_content_width":""},"product_brand":[],"product_cat":[1494],"product_tag":[1495,1496],"class_list":{"0":"post-15833","1":"product","2":"type-product","3":"status-publish","4":"has-post-thumbnail","6":"product_cat-bucket-cylinders","7":"product_tag-bucket-cylinders","8":"product_tag-hydraulic-cylinders","10":"first","11":"instock","12":"shipping-taxable","13":"product-type-simple"},"amp_enabled":true,"_links":{"self":[{"href":"https:\/\/www.hydraulic-cylinders.net\/sk\/wp-json\/wp\/v2\/product\/15833","targetHints":{"allow":["GET"]}}],"collection":[{"href":"https:\/\/www.hydraulic-cylinders.net\/sk\/wp-json\/wp\/v2\/product"}],"about":[{"href":"https:\/\/www.hydraulic-cylinders.net\/sk\/wp-json\/wp\/v2\/types\/product"}],"replies":[{"embeddable":true,"href":"https:\/\/www.hydraulic-cylinders.net\/sk\/wp-json\/wp\/v2\/comments?post=15833"}],"wp:featuredmedia":[{"embeddable":true,"href":"https:\/\/www.hydraulic-cylinders.net\/sk\/wp-json\/wp\/v2\/media\/14769"}],"wp:attachment":[{"href":"https:\/\/www.hydraulic-cylinders.net\/sk\/wp-json\/wp\/v2\/media?parent=15833"}],"wp:term":[{"taxonomy":"product_brand","embeddable":true,"href":"https:\/\/www.hydraulic-cylinders.net\/sk\/wp-json\/wp\/v2\/product_brand?post=15833"},{"taxonomy":"product_cat","embeddable":true,"href":"https:\/\/www.hydraulic-cylinders.net\/sk\/wp-json\/wp\/v2\/product_cat?post=15833"},{"taxonomy":"product_tag","embeddable":true,"href":"https:\/\/www.hydraulic-cylinders.net\/sk\/wp-json\/wp\/v2\/product_tag?post=15833"}],"curies":[{"name":"pracovn\u00fd list","href":"https:\/\/api.w.org\/{rel}","templated":true}]}}