{"id":15834,"date":"2025-01-19T15:02:59","date_gmt":"2025-01-19T15:02:59","guid":{"rendered":"https:\/\/www.hydraulic-cylinders.net\/product\/bucket-cylinder-for-yanmar-vi35-6b\/"},"modified":"2025-01-19T15:03:01","modified_gmt":"2025-01-19T15:03:01","slug":"bucket-cylinder-for-yanmar-vi35-6b","status":"publish","type":"product","link":"https:\/\/www.hydraulic-cylinders.net\/sk\/produkt\/bucket-cylinder-for-yanmar-vi35-6b\/","title":{"rendered":"Valec vedra pre Yanmar VI35-6B"},"content":{"rendered":"<h1>Valec vedra pre Yanmar VI35-6B<\/h1>\n<h2>\u00davod<\/h2>\n<p>Hydraulick\u00fd valec ly\u017eice pre Yanmar VI35-6B je \u0161pecializovan\u00fd hydraulick\u00fd valec, ktor\u00fd sa prim\u00e1rne pou\u017e\u00edva na ovl\u00e1danie pohybu ly\u017eice v \u0165a\u017ek\u00fdch strojoch, ako s\u00fa r\u00fdpadl\u00e1, r\u00fdpadl\u00e1-naklada\u010de a \u010deln\u00e9 naklada\u010de. Jeho hlavnou funkciou je umo\u017eni\u0165 zdv\u00edhanie, sp\u00fa\u0161\u0165anie a nakl\u00e1\u0148anie ly\u017eice, \u010do u\u013eah\u010duje vykon\u00e1vanie r\u00f4znych \u00faloh manipul\u00e1cie s materi\u00e1lom. V hydraulickom syst\u00e9me dosahuje valec ly\u017eice presn\u00e9 ovl\u00e1danie pohybu ly\u017eice zmenami tlaku hydraulick\u00e9ho oleja, \u010do umo\u017e\u0148uje obsluhe efekt\u00edvne manipulova\u0165 s \u0165a\u017ek\u00fdmi predmetmi a prisp\u00f4sobova\u0165 sa zlo\u017eit\u00fdm pracovn\u00fdm prostrediam a r\u00f4znorod\u00fdm prev\u00e1dzkov\u00fdm potreb\u00e1m.<\/p>\n<p><img decoding=\"async\" src=\"https:\/\/www.hydraulic-cylinders.net\/wp-content\/uploads\/2025\/01\/songte-company-2.webp\" alt=\"Valec vedra\"><\/p>\n<h2>Funkcie<\/h2>\n<ul>\n<li>\n<h3>Vysok\u00e1 pevnos\u0165 a odolnos\u0165<\/h3>\n<p>Zvy\u010dajne je vyroben\u00fd z vysokopevnostnej ocele alebo hlin\u00edka, odol\u00e1 vysok\u00e9mu tlaku a \u0165a\u017ek\u00fdm za\u0165a\u017eeniam, prisp\u00f4sob\u00ed sa n\u00e1ro\u010dn\u00fdm pracovn\u00fdm podmienkam a je navrhnut\u00fd s oh\u013eadom na odolnos\u0165 vo\u010di opotrebovaniu a kor\u00f3zii, \u010d\u00edm sa predl\u017euje jeho \u017eivotnos\u0165.<\/p>\n<\/li>\n<li>\n<h3>Efekt\u00edvna hydraulick\u00e1 prev\u00e1dzka<\/h3>\n<p>V\u010faka hydraulick\u00e9mu tlaku oleja na dosiahnutie plynul\u00e9ho vys\u00favania a s\u0165ahovania dok\u00e1\u017ee r\u00fdchlo reagova\u0165 na prev\u00e1dzkov\u00e9 pr\u00edkazy a poskytova\u0165 siln\u00e9 tla\u010dn\u00e9 a \u0165a\u017en\u00e9 sily, vhodn\u00e9 na manipul\u00e1ciu s \u0165a\u017ek\u00fdmi predmetmi a zlo\u017eit\u00e9 prev\u00e1dzkov\u00e9 \u00falohy.<\/p>\n<\/li>\n<li>\n<h3>R\u00f4zne typy<\/h3>\n<p>Pod\u013ea prev\u00e1dzkov\u00fdch potrieb je mo\u017en\u00e9 vybra\u0165 jedno\u010dinn\u00e9 (hydraulicky ovl\u00e1dan\u00e9 iba v jednom smere) alebo dvoj\u010dinn\u00e9 (hydraulicky ovl\u00e1dan\u00e9 v dvoch smeroch) valce. Niektor\u00e9 modely s\u00fa teleskopick\u00e9, \u010do umo\u017e\u0148uje v\u00e4\u010d\u0161ie vysunutie bez zv\u00e4\u010d\u0161enia vonkaj\u0161\u00edch rozmerov, vhodn\u00e9 pre aplik\u00e1cie v obmedzenom priestore.<\/p>\n<\/li>\n<li>\n<h3>Dokonal\u00e1 n\u00e1hrada<\/h3>\n<p>N\u00e1\u0161 produkt je perfektnou n\u00e1hradou za tieto hydraulick\u00e9 valce a vieme ich efekt\u00edvne vyrobi\u0165.<\/p>\n<\/li>\n<li>\n<h3>Aplik\u00e1cia<\/h3>\n<p>Valec vedra sa \u0161iroko pou\u017e\u00edva v r\u00f4znych strojoch, ako s\u00fa stavebn\u00e9 stroje, po\u013enohospod\u00e1rske stroje, r\u00fdpadl\u00e1 a naklada\u010de. <\/p>\n<\/li>\n<\/ul>\n<h2>Aplik\u00e1cie<\/h2>\n<h3>Stavebn\u00e9 stroje<\/h3>\n<p>V r\u00fdpadl\u00e1ch je valec ly\u017eice nevyhnutn\u00fd na kopanie, nakladanie a premiest\u0148ovanie zeminy alebo sutiny. V r\u00fdpadlov\u00fdch r\u00fdpadl\u00e1ch pom\u00e1ha valec ly\u017eice pri v\u00fdkopov\u00fdch pr\u00e1cach a zdv\u00edhan\u00ed. V \u010deln\u00fdch naklada\u010doch pom\u00e1ha pri efekt\u00edvnom zdv\u00edhan\u00ed a nakl\u00e1\u0148an\u00ed tovaru.<\/p>\n<h3>Po\u013enohospod\u00e1rske stroje<\/h3>\n<p>Valec ly\u017eice sa pou\u017e\u00edva pre \u010deln\u00e9 naklada\u010de, valec ly\u017eice sa pou\u017e\u00edva na naberanie, zdv\u00edhanie a prepravu p\u00f4dy, sena a in\u00fdch materi\u00e1lov.<\/p>\n<h3>R\u00fdpadl\u00e1<\/h3>\n<p>Valec vedra umo\u017e\u0148uje vedru prenikn\u00fa\u0165 do p\u00f4dy a vykon\u00e1va\u0165 v\u00fdkopov\u00e9 pr\u00e1ce.<\/p>\n<h3>Naklada\u010de<\/h3>\n<p>V \u010deln\u00fdch naklada\u010doch pom\u00e1ha valec ly\u017eice pri efekt\u00edvnom zdv\u00edhan\u00ed a nakl\u00e1\u0148an\u00ed tovaru.<\/p>\n<h2>\u00davahy o dizajne a krit\u00e9ri\u00e1 v\u00fdberu<\/h2>\n<ul>\n<li>\n<h3>Nosnos\u0165<\/h3>\n<p>Valec s vedrom by mal by\u0165 schopn\u00fd odola\u0165 vysok\u00e9mu tlaku a \u0165a\u017ek\u00fdm za\u0165a\u017eeniam, aby sa zabezpe\u010dila jeho plynul\u00e1 a bezpe\u010dn\u00e1 prev\u00e1dzka.<\/p>\n<\/li>\n<li>\n<h3>Tesniace vlastnosti<\/h3>\n<p>Valec vedra mus\u00ed ma\u0165 vynikaj\u00face tesniace vlastnosti, aby sa zabr\u00e1nilo \u00faniku oleja a zabezpe\u010dila sa jeho spr\u00e1vna prev\u00e1dzka.<\/p>\n<\/li>\n<li>\n<h3>Trvanlivos\u0165<\/h3>\n<p>Valec vedra by mal by\u0165 odoln\u00fd a odoln\u00fd vo\u010di opotrebovaniu a kor\u00f3zii, aby sa zabezpe\u010dila jeho dlh\u00e1 \u017eivotnos\u0165.<\/p>\n<\/li>\n<li>\n<h3>Bezpe\u010dnostn\u00e9 prvky<\/h3>\n<p>Valec vedra by mal by\u0165 vybaven\u00fd bezpe\u010dnostn\u00fdmi prvkami, aby sa zabezpe\u010dila bezpe\u010dnos\u0165 obsluhy a zariadenia.<\/p>\n<\/li>\n<li>\n<h3>\u00dadr\u017eba<\/h3>\n<p>Valec vedra by mal by\u0165 \u013eahko udr\u017eiavate\u013en\u00fd, s jednoduch\u00fdmi postupmi demont\u00e1\u017ee a mont\u00e1\u017ee a \u013eahk\u00fdm pr\u00edstupom k opravn\u00fdm dielom.<\/p>\n<\/li>\n<\/ul>\n<p><img decoding=\"async\" src=\"https:\/\/www.hydraulic-cylinders.net\/wp-content\/uploads\/2025\/01\/songte-oil-pipes-and-spare-parts.webp\" alt=\"N\u00e1hradn\u00e9 diely pre valce vedra\"><\/p>\n<h2>Tesnenie a mazanie<\/h2>\n<p>Valec s kor\u010dekom pou\u017e\u00edva r\u00f4zne tesniace komponenty, ako s\u00fa tesnenia piestov a tesnenia ty\u010d\u00ed, vyroben\u00e9 z materi\u00e1lov odoln\u00fdch proti opotrebovaniu, ako je polyuret\u00e1n a nitrilov\u00fd kau\u010duk. Teleso valca a z\u00e1vitov\u00e9 koncov\u00e9 plochy s\u00fa jemne opracovan\u00e9 pre zlep\u0161enie odolnosti proti opotrebovaniu. Na zabezpe\u010denie spr\u00e1vnej funkcie valca je tie\u017e potrebn\u00e9 pravideln\u00e9 mazanie.<\/p>\n<h2>\u00dadr\u017eba a opravy<\/h2>\n<p>Valec vedra vy\u017eaduje pravideln\u00fa kontrolu a prevent\u00edvnu \u00fadr\u017ebu, ktor\u00e1 zah\u0155\u0148a:<\/p>\n<ul>\n<li>Pravideln\u00e9 kontroly tesnosti alebo po\u0161kodenia telesa valca alebo piestnej ty\u010de<\/li>\n<li>Spr\u00e1vne mazanie v\u0161etk\u00fdch pohybliv\u00fdch \u010dast\u00ed<\/li>\n<li>V\u00fdmena opotrebovan\u00fdch alebo po\u0161koden\u00fdch tesnen\u00ed<\/li>\n<li>Kalibra\u010dn\u00e9 kontroly na zabezpe\u010denie spr\u00e1vnej prev\u00e1dzky<\/li>\n<\/ul>\n<p><img decoding=\"async\" src=\"https:\/\/www.hydraulic-cylinders.net\/wp-content\/uploads\/2025\/01\/songte-chushion-collar.webp\" alt=\"\u010casti valca vedra\"><\/p>\n<h2>Bezpe\u010dnostn\u00e9 aspekty a faktory prostredia<\/h2>\n<p>Pri pou\u017e\u00edvan\u00ed valca s vedrom je nevyhnutn\u00e9 dodr\u017eiava\u0165 v\u0161etky bezpe\u010dnostn\u00e9 opatrenia na zaistenie bezpe\u010dnosti obsluhy a zariadenia. Spr\u00e1vna likvid\u00e1cia hydraulick\u00e9ho oleja je tie\u017e potrebn\u00e1 na zabr\u00e1nenie zne\u010distenia \u017eivotn\u00e9ho prostredia.<\/p>\n<h2>Be\u017en\u00e9 probl\u00e9my a ich rie\u0161enie<\/h2>\n<p>Medzi be\u017en\u00e9 probl\u00e9my s valcom vedra patr\u00ed \u00fanik oleja, nedostato\u010dn\u00e1 sila a abnorm\u00e1lne zvuky. Rie\u0161enie probl\u00e9mov zah\u0155\u0148a identifik\u00e1ciu zdroja probl\u00e9mu a ur\u010denie vhodn\u00fdch postupov opravy alebo v\u00fdmeny.<\/p>\n<h2>O na\u0161ej spolo\u010dnosti<\/h2>\n<p>Sme v\u00fdrobcom n\u00e1hradn\u00fdch hydraulick\u00fdch valcov s kompletn\u00fdm sortimentom produktov a stali sme sa jedn\u00fdm z popredn\u00fdch v\u00fdrobcov a ve\u013ekoobchodn\u00edkov s hydraulick\u00fdmi valcami na dom\u00e1com aj medzin\u00e1rodnom trhu. Dodr\u017eiavame z\u00e1sadu vynikaj\u00facej kvality a spoliehame sa na industrializovan\u00fa strat\u00e9giu riadenia v\u00fdroby v jemn\u00fdch v\u00fdrobn\u00fdch diel\u0148ach. Neust\u00e1le zlep\u0161ujeme v\u00fdrobn\u00fa platformu dielne, zdokona\u013eujeme v\u00fdrobn\u00fa cestu zameran\u00fa na kvalitu v\u00fdrobkov a m\u00e1me siln\u00fa tvoriv\u00fa schopnos\u0165 uspokojova\u0165 rozmanit\u00e9 potreby z\u00e1kazn\u00edkov s vysokou efektivitou, vysokou presnos\u0165ou a princ\u00edpmi vysokej kvality.<\/p>\n<h3>Na\u0161e siln\u00e9 str\u00e1nky<\/h3>\n<ul>\n<li>\n<h4>Profesionalita<\/h4>\n<p>M\u00e1me t\u00edm odborn\u00edkov so sk\u00fasenos\u0165ami s v\u00fdrobou a predajom hydraulick\u00fdch valcov.<\/p>\n<\/li>\n<li>\n<h4>Medzin\u00e1rodn\u00e1 certifik\u00e1cia<\/h4>\n<p>Na\u0161e v\u00fdrobky pre\u0161li medzin\u00e1rodn\u00fdmi certifik\u00e1ciami ako ISO9001, CE a ROHS.<\/p>\n<\/li>\n<li>\n<h4>Slu\u017eby prisp\u00f4sobenia<\/h4>\n<p>Poskytujeme slu\u017eby na mieru, aby sme splnili \u0161pecifick\u00e9 potreby na\u0161ich z\u00e1kazn\u00edkov.<\/p>\n<\/li>\n<li>\n<h4>V\u00fdrobn\u00e9 zariadenia<\/h4>\n<p>Pou\u017e\u00edvame modern\u00e9 v\u00fdrobn\u00e9 zariadenia, aby sme zabezpe\u010dili vysok\u00fa kvalitu na\u0161ich produktov.<\/p>\n<\/li>\n<li>\n<h4>Popredajn\u00e9 slu\u017eby<\/h4>\n<p>Poskytujeme komplexn\u00e9 popredajn\u00e9 slu\u017eby vr\u00e1tane \u00fadr\u017eby, opravy a v\u00fdmeny produktov.<\/p>\n<\/li>\n<\/ul>\n<p><img decoding=\"async\" src=\"https:\/\/hzpt.com\/wp-content\/uploads\/2024\/11\/songte-company-1.webp\" alt=\"Spolo\u010dnos\u0165\"><\/p>\n<p>Autor: lyl<\/p>","protected":false},"excerpt":{"rendered":"<p>Bucket Cylinder For Yanmar VI35-6B Introduction The bucket cylinder for Yanmar VI35-6B is a specialized hydraulic cylinder primarily used to control the movement of the bucket in heavy machinery such as excavators, backhoe excavators, and front-end loaders. Its main function is to enable the bucket to lift, lower, and tilt, making it easier to handle [&hellip;]<\/p>","protected":false},"featured_media":14765,"comment_status":"open","ping_status":"closed","template":"","meta":{"_et_pb_use_builder":"","_et_pb_old_content":"","_et_gb_content_width":""},"product_brand":[],"product_cat":[1494],"product_tag":[1495,1496],"class_list":{"0":"post-15834","1":"product","2":"type-product","3":"status-publish","4":"has-post-thumbnail","6":"product_cat-bucket-cylinders","7":"product_tag-bucket-cylinders","8":"product_tag-hydraulic-cylinders","10":"first","11":"instock","12":"shipping-taxable","13":"product-type-simple"},"amp_enabled":true,"_links":{"self":[{"href":"https:\/\/www.hydraulic-cylinders.net\/sk\/wp-json\/wp\/v2\/product\/15834","targetHints":{"allow":["GET"]}}],"collection":[{"href":"https:\/\/www.hydraulic-cylinders.net\/sk\/wp-json\/wp\/v2\/product"}],"about":[{"href":"https:\/\/www.hydraulic-cylinders.net\/sk\/wp-json\/wp\/v2\/types\/product"}],"replies":[{"embeddable":true,"href":"https:\/\/www.hydraulic-cylinders.net\/sk\/wp-json\/wp\/v2\/comments?post=15834"}],"wp:featuredmedia":[{"embeddable":true,"href":"https:\/\/www.hydraulic-cylinders.net\/sk\/wp-json\/wp\/v2\/media\/14765"}],"wp:attachment":[{"href":"https:\/\/www.hydraulic-cylinders.net\/sk\/wp-json\/wp\/v2\/media?parent=15834"}],"wp:term":[{"taxonomy":"product_brand","embeddable":true,"href":"https:\/\/www.hydraulic-cylinders.net\/sk\/wp-json\/wp\/v2\/product_brand?post=15834"},{"taxonomy":"product_cat","embeddable":true,"href":"https:\/\/www.hydraulic-cylinders.net\/sk\/wp-json\/wp\/v2\/product_cat?post=15834"},{"taxonomy":"product_tag","embeddable":true,"href":"https:\/\/www.hydraulic-cylinders.net\/sk\/wp-json\/wp\/v2\/product_tag?post=15834"}],"curies":[{"name":"pracovn\u00fd list","href":"https:\/\/api.w.org\/{rel}","templated":true}]}}