{"id":15835,"date":"2025-01-19T15:03:04","date_gmt":"2025-01-19T15:03:04","guid":{"rendered":"https:\/\/www.hydraulic-cylinders.net\/product\/bucket-cylinder-for-yanmar-vi55-5b\/"},"modified":"2025-01-19T15:03:06","modified_gmt":"2025-01-19T15:03:06","slug":"bucket-cylinder-for-yanmar-vi55-5b","status":"publish","type":"product","link":"https:\/\/www.hydraulic-cylinders.net\/sk\/produkt\/bucket-cylinder-for-yanmar-vi55-5b\/","title":{"rendered":"Valec vedra pre Yanmar VI55-5B"},"content":{"rendered":"<p><!-- Bucket Cylinder For Yanmar VI55-5B --><\/p>\n<h1>Valec vedra pre Yanmar VI55-5B<\/h1>\n<p><!-- Introduction --><\/p>\n<h2>\u00davod<\/h2>\n<p>Hydraulick\u00fd valec ly\u017eice pre Yanmar VI55-5B je \u0161peci\u00e1lne navrhnut\u00fd hydraulick\u00fd valec pou\u017e\u00edvan\u00fd na ovl\u00e1danie pohybu ly\u017eice v \u0165a\u017ek\u00fdch strojoch, ako s\u00fa bagre, r\u00fdpadlo-naklada\u010de a \u010deln\u00e9 naklada\u010de. Jeho hlavnou funkciou je umo\u017eni\u0165 zdv\u00edhanie, sp\u00fa\u0161\u0165anie a nakl\u00e1\u0148anie ly\u017eice, \u010do u\u013eah\u010duje vykon\u00e1vanie r\u00f4znych \u00faloh manipul\u00e1cie s materi\u00e1lom. V hydraulickom syst\u00e9me dosahuje valec ly\u017eice presn\u00e9 ovl\u00e1danie pohybu ly\u017eice prostredn\u00edctvom zmien tlaku hydraulick\u00e9ho oleja, \u010do umo\u017e\u0148uje obsluhe efekt\u00edvne manipulova\u0165 s \u0165a\u017ek\u00fdmi bremenami a prisp\u00f4sobi\u0165 sa zlo\u017eit\u00fdm pracovn\u00fdm prostrediam a r\u00f4znorod\u00fdm po\u017eiadavk\u00e1m na pr\u00e1cu.<\/p>\n<p><!-- Product Image --><br \/>\n<img decoding=\"async\" src=\"https:\/\/www.hydraulic-cylinders.net\/wp-content\/uploads\/2025\/01\/songte-company-2.webp\" alt=\"Obr\u00e1zok valca vedra pre Yanmar VI55-5B\"><\/p>\n<p><!-- Key Features --><\/p>\n<h2>K\u013e\u00fa\u010dov\u00e9 vlastnosti<\/h2>\n<ul>\n<li>Vysok\u00e1 pevnos\u0165 a odolnos\u0165: Zvy\u010dajne s\u00fa vyroben\u00e9 z vysokopevnostnej ocele alebo hlin\u00edka, schopn\u00e9 odol\u00e1va\u0165 vysok\u00e9mu tlaku a \u0165a\u017ek\u00e9mu za\u0165a\u017eeniu, prisp\u00f4sobi\u0165 sa n\u00e1ro\u010dn\u00fdm pracovn\u00fdm podmienkam a s\u00fa navrhnut\u00e9 s oh\u013eadom na odolnos\u0165 proti opotrebovaniu a kor\u00f3zii, \u010d\u00edm sa predl\u017euje ich \u017eivotnos\u0165.<\/li>\n<li>Efekt\u00edvna hydraulick\u00e1 prev\u00e1dzka: Plynul\u00fd pohyb vys\u00favania a s\u0165ahovania sa dosahuje vyu\u017eit\u00edm tlaku hydraulick\u00e9ho oleja, \u010do umo\u017e\u0148uje r\u00fdchlu reakciu na ovl\u00e1dacie povely a poskytuje siln\u00fa tla\u010dn\u00fa a \u0165a\u017en\u00fa silu, vhodn\u00fa na manipul\u00e1ciu s \u0165a\u017ek\u00fdmi bremenami a zlo\u017eit\u00e9 pracovn\u00e9 \u00falohy.<\/li>\n<li>R\u00f4zne typy: Jedno\u010dinn\u00e9 (hydraulicky ovl\u00e1dan\u00e9 iba v jednom smere) alebo dvoj\u010dinn\u00e9 (hydraulicky ovl\u00e1dan\u00e9 v oboch smeroch) valce je mo\u017en\u00e9 vybra\u0165 pod\u013ea potrieb, aby sa splnili r\u00f4zne prev\u00e1dzkov\u00e9 po\u017eiadavky. Niektor\u00e9 modely s\u00fa teleskopick\u00e9, \u010do umo\u017e\u0148uje v\u00e4\u010d\u0161ie vysunutie bez zv\u00e4\u010d\u0161enia vonkaj\u0161\u00edch rozmerov, vhodn\u00e9 pre aplik\u00e1cie s obmedzen\u00fdm priestorom.<\/li>\n<li>Dokonal\u00e1 n\u00e1hrada: N\u00e1\u0161 produkt dok\u00e1\u017ee dokonale nahradi\u0165 tieto hydraulick\u00e9 valce. <\/li>\n<\/ul>\n<p><!-- Product Replacement Image --><br \/>\n<img decoding=\"async\" src=\"https:\/\/www.hydraulic-cylinders.net\/wp-content\/uploads\/2025\/01\/songte-cylinder-head-with-all-kinds-excavator-models.webp\" alt=\"Obr\u00e1zok v\u00fdmeny valca vedra\"><\/p>\n<p><!-- Applications --><\/p>\n<h2>Aplik\u00e1cie<\/h2>\n<p>Valec kor\u010deka pre Yanmar VI55-5B sa \u0161iroko pou\u017e\u00edva v r\u00f4znych \u0165a\u017ek\u00fdch strojoch, ako napr\u00edklad:<\/p>\n<ul>\n<li>Stavebn\u00e9 zariadenia: V bagroch s\u00fa nevyhnutn\u00e9 na kopanie, nakladanie a premiest\u0148ovanie zeminy alebo sutiny. V r\u00fdpadlo-naklada\u010doch pom\u00e1ha valec ly\u017eice pri kopan\u00ed aj zdv\u00edhan\u00ed. <\/li>\n<li>Po\u013enohospod\u00e1rske stroje: Pou\u017e\u00edvaj\u00fa sa na \u010deln\u00e9 naklada\u010de, zdv\u00edhanie a prepravu p\u00f4dy, sena a in\u00fdch materi\u00e1lov. <\/li>\n<li>R\u00fdpadl\u00e1: Valec ly\u017eice dosahuje kopac\u00ed \u00fa\u010dinok t\u00fdm, \u017ee umo\u017e\u0148uje ly\u017eici prenikn\u00fa\u0165 do p\u00f4dy. <\/li>\n<li>Naklada\u010de: V \u010deln\u00fdch naklada\u010doch pom\u00e1haj\u00fa efekt\u00edvne zdv\u00edha\u0165 a nakl\u00e1\u0148a\u0165 n\u00e1klad.<\/li>\n<\/ul>\n<p><!-- Design Considerations and Selection Criteria --><\/p>\n<h2>\u00davahy o dizajne a krit\u00e9ri\u00e1 v\u00fdberu<\/h2>\n<p>Pri navrhovan\u00ed a v\u00fdbere valcov s ko\u0161\u00edkom je potrebn\u00e9 zv\u00e1\u017ei\u0165 nieko\u013eko k\u013e\u00fa\u010dov\u00fdch faktorov, vr\u00e1tane:<\/p>\n<ul>\n<li>Nosnos\u0165: Valec mus\u00ed by\u0165 schopn\u00fd zvl\u00e1dnu\u0165 maxim\u00e1lne za\u0165a\u017eenie bez zlyhania.<\/li>\n<li>Tesnenie: Na zabr\u00e1nenie \u00faniku kvapaliny a pred\u013a\u017eenie \u017eivotnosti valca sa pou\u017e\u00edvaj\u00fa r\u00f4zne tesniace komponenty, ako s\u00fa tesniace kr\u00fa\u017eky piestu a tesniace kr\u00fa\u017eky ty\u010de. <\/li>\n<li>Trvanlivos\u0165: Valec mus\u00ed by\u0165 schopn\u00fd odola\u0165 \u010dast\u00e9mu pou\u017e\u00edvaniu a n\u00e1ro\u010dn\u00fdm prev\u00e1dzkov\u00fdm podmienkam bez poruchy.<\/li>\n<li>Bezpe\u010dnos\u0165: F\u013ea\u0161a mus\u00ed by\u0165 navrhnut\u00e1 s oh\u013eadom na bezpe\u010dnos\u0165, aby sa zabezpe\u010dila jej bezpe\u010dn\u00e1 a spo\u013eahliv\u00e1 prev\u00e1dzka bez toho, aby predstavovala riziko pre \u013eud\u00ed alebo zariadenia.<\/li>\n<li>\u00dadr\u017eba: F\u013ea\u0161a mus\u00ed by\u0165 \u013eahko udr\u017eiavate\u013en\u00e1 a opravovate\u013en\u00e1, aby sa minimalizovali prestoje. <\/li>\n<\/ul>\n<p><!-- Product Parts Image --><br \/>\n<img decoding=\"async\" src=\"https:\/\/www.hydraulic-cylinders.net\/wp-content\/uploads\/2025\/01\/songte-oil-pipes-and-spare-parts.webp\" alt=\"Obr\u00e1zok \u010dast\u00ed valca vedra\"><\/p>\n<p><!-- Seal and Lubrication --><\/p>\n<h2>Tesnenie a mazanie<\/h2>\n<p>Na zabr\u00e1nenie \u00faniku kvapaliny a pred\u013a\u017eenie \u017eivotnosti valca sa pou\u017e\u00edvaj\u00fa r\u00f4zne tesniace komponenty, ako s\u00fa tesniace kr\u00fa\u017eky piestu a tesniace kr\u00fa\u017eky ty\u010de. Tesniace komponenty s\u00fa vyroben\u00e9 z materi\u00e1lov odoln\u00fdch vo\u010di opotrebovaniu, ako je polyuret\u00e1n a nitrilov\u00fd kau\u010duk. Teleso valca a z\u00e1vitov\u00fd koniec s\u00fa jemne opracovan\u00e9, aby sa zlep\u0161ila odolnos\u0165 vo\u010di opotrebovaniu. Pravideln\u00e9 mazanie vhodn\u00fdm hydraulick\u00fdm olejom je nevyhnutn\u00e9 na zabezpe\u010denie hladk\u00e9ho chodu valca a pred\u013a\u017eenie \u017eivotnosti.<\/p>\n<p><!-- Maintenance --><\/p>\n<h2>\u00dadr\u017eba<\/h2>\n<p>Pravideln\u00e1 kontrola a prevent\u00edvna \u00fadr\u017eba s\u00fa nevyhnutn\u00e9 pre \u00fadr\u017ebu valca vedra a predch\u00e1dzanie potenci\u00e1lnym probl\u00e9mom. Medzi be\u017en\u00e9 \u00falohy \u00fadr\u017eby patria:<\/p>\n<ul>\n<li>Pravideln\u00e1 kontrola: Skontrolujte teleso valca, piestnu ty\u010d a tesnenia, \u010di nejavia zn\u00e1mky opotrebovania alebo po\u0161kodenia. <\/li>\n<li>Spr\u00e1vne mazanie: Valec pravidelne nama\u017ete hydraulick\u00fdm olejom, aby ste zabezpe\u010dili jeho plynul\u00fd chod. <\/li>\n<li>V\u00fdmena tesnenia: Vyme\u0148te opotrebovan\u00e9 alebo po\u0161koden\u00e9 tesnenia, aby ste predi\u0161li \u00faniku kvapaliny. <\/li>\n<li>Kontrola kalibr\u00e1cie: Pravidelne kontrolujte spr\u00e1vnu kalibr\u00e1ciu valca. <\/li>\n<\/ul>\n<p><!-- Safety and Environment --><\/p>\n<h2>Bezpe\u010dnos\u0165 a \u017eivotn\u00e9 prostredie<\/h2>\n<p>Pri pou\u017e\u00edvan\u00ed valca s vedrom je d\u00f4le\u017eit\u00e9 dodr\u017eiava\u0165 bezpe\u010dnostn\u00e9 opatrenia, aby sa predi\u0161lo nehod\u00e1m a zabezpe\u010dila bezpe\u010dn\u00e1 prev\u00e1dzka. Je tie\u017e d\u00f4le\u017eit\u00e9 zv\u00e1\u017ei\u0165 faktory prostredia a prija\u0165 opatrenia na minimaliz\u00e1ciu vplyvu na \u017eivotn\u00e9 prostredie.<\/p>\n<p><!-- Troubleshooting --><\/p>\n<h2>Rie\u0161enie probl\u00e9mov a be\u017en\u00e9 probl\u00e9my<\/h2>\n<p>Medzi be\u017en\u00e9 probl\u00e9my, ktor\u00e9 sa m\u00f4\u017eu vyskytn\u00fa\u0165 s valcom vedra, patr\u00ed \u00fanik kvapaliny, posun valca a slab\u00fd v\u00fdkon. Tipy na rie\u0161enie probl\u00e9mov a ich rie\u0161enia zah\u0155\u0148aj\u00fa:<\/p>\n<ul>\n<li>\u00danik kvapaliny: Skontrolujte tesnenia a vyme\u0148te ich, ak s\u00fa opotrebovan\u00e9 alebo po\u0161koden\u00e9. <\/li>\n<li>Posun valca: Skontrolujte kalibr\u00e1ciu a v pr\u00edpade potreby ju upravte. <\/li>\n<li>Slab\u00fd v\u00fdkon: Skontrolujte hydraulick\u00fd syst\u00e9m, \u010di nie je zablokovan\u00fd alebo netesn\u00fd, a v pr\u00edpade potreby ho opravte. <\/li>\n<\/ul>\n<p><!-- Product Bushings Image --><br \/>\n<img decoding=\"async\" src=\"https:\/\/www.hydraulic-cylinders.net\/wp-content\/uploads\/2025\/01\/songte-bushings-with-all-kinds-of-excavator-models.webp\" alt=\"Obr\u00e1zok puzdier valca vedra\"><\/p>\n<p><!-- Company Introduction --><\/p>\n<h2>Predstavenie spolo\u010dnosti<\/h2>\n<p>Sme popredn\u00fdm v\u00fdrobcom a ve\u013ekoobchodn\u00fdm distrib\u00fatorom hydraulick\u00fdch valcov na dom\u00e1com aj medzin\u00e1rodnom trhu s kompletn\u00fdm sortimentom produktov. Dodr\u017eiavame princ\u00edp excelentnosti v kvalite a spoliehame sa na industrializovan\u00e9 strat\u00e9gie riadenia v\u00fdroby zo sofistikovan\u00fdch v\u00fdrobn\u00fdch dieln\u00ed, neust\u00e1le zlep\u0161ujeme v\u00fdrobn\u00fa platformu dielne, zlep\u0161ujeme v\u00fdrobn\u00fa linku kvality produktov a m\u00e1me siln\u00e9 kreat\u00edvne schopnosti. Sp\u013a\u0148ame rozmanit\u00e9 potreby z\u00e1kazn\u00edkov s vysokou efektivitou, vysokou presnos\u0165ou a vysokou kvalitou a stali sme sa jedn\u00fdm z popredn\u00fdch v\u00fdrobcov a ve\u013ekoobchodn\u00fdch distrib\u00fatorov hydraulick\u00fdch valcov na dom\u00e1com aj medzin\u00e1rodnom trhu. <\/p>\n<p><!-- Company Image --><br \/>\n<img decoding=\"async\" src=\"https:\/\/hzpt.com\/wp-content\/uploads\/2024\/11\/songte-company-1.webp\" alt=\"Obr\u00e1zok spolo\u010dnosti\"><\/p>\n<p><!-- Company Features --><\/p>\n<h2>Funkcie spolo\u010dnosti<\/h2>\n<ul>\n<li>Profesionalita: M\u00e1me t\u00edm profesion\u00e1lnych in\u017einierov a technikov, ktor\u00ed sa zaviazali poskytova\u0165 z\u00e1kazn\u00edkom vysoko kvalitn\u00e9 produkty a slu\u017eby. <\/li>\n<li>Medzin\u00e1rodn\u00e1 certifik\u00e1cia: Na\u0161e v\u00fdrobky pre\u0161li medzin\u00e1rodn\u00fdmi certifik\u00e1ciami ako ISO9001 a CE, \u010do zaru\u010duje ich kvalitu a spo\u013eahlivos\u0165. <\/li>\n<li>Slu\u017eba prisp\u00f4sobenia: Poskytujeme slu\u017eby na mieru pod\u013ea po\u017eiadaviek z\u00e1kazn\u00edka a sp\u013a\u0148ame ich \u0161pecifick\u00e9 potreby. <\/li>\n<li>V\u00fdrobn\u00e9 zariadenia: Pou\u017e\u00edvame modern\u00e9 v\u00fdrobn\u00e9 zariadenia, ako s\u00fa CNC obr\u00e1bacie centr\u00e1 a zv\u00e1racie roboty, aby sme zabezpe\u010dili vysok\u00fa presnos\u0165 a kvalitu. <\/li>\n<li>Popredajn\u00fd servis: Poskytujeme komplexn\u00fd popredajn\u00fd servis vr\u00e1tane opravy, v\u00fdmeny a rekon\u0161trukcie produktov, aby sme zabezpe\u010dili spokojnos\u0165 z\u00e1kazn\u00edkov.<\/li>\n<\/ul>\n<p><!-- Company Image --><br \/>\n<img decoding=\"async\" src=\"https:\/\/www.hydraulic-cylinders.net\/wp-content\/uploads\/2025\/01\/songte-company-3.webp\" alt=\"Obr\u00e1zok spolo\u010dnosti\"><\/p>\n<p>Z\u00e1verom mo\u017eno poveda\u0165, \u017ee valec ly\u017eice pre Yanmar VI55-5B je z\u00e1kladnou s\u00fa\u010das\u0165ou \u0165a\u017ek\u00fdch strojov, ktor\u00e1 pom\u00e1ha ovl\u00e1da\u0165 pohyb ly\u017eice, \u010d\u00edm u\u013eah\u010duje vykon\u00e1vanie r\u00f4znych \u00faloh manipul\u00e1cie s materi\u00e1lom. Spr\u00e1vny n\u00e1vrh a v\u00fdber, pravideln\u00e1 \u00fadr\u017eba a dodr\u017eiavanie bezpe\u010dnostn\u00fdch opatren\u00ed s\u00fa nevyhnutn\u00e9 pre zabezpe\u010denie optim\u00e1lneho v\u00fdkonu a pred\u013a\u017eenie \u017eivotnosti. Sme popredn\u00fdm v\u00fdrobcom a ve\u013ekoobchodn\u00fdm distrib\u00fatorom hydraulick\u00fdch valcov a poskytujeme vysokokvalitn\u00e9 produkty a slu\u017eby z\u00e1kazn\u00edkom na celom svete. <\/p>\n<p>Autor: lyl<\/p>","protected":false},"excerpt":{"rendered":"<p>Bucket Cylinder For Yanmar VI55-5B Introduction The bucket cylinder for Yanmar VI55-5B is a specifically designed hydraulic cylinder used to control the movement of the bucket in heavy machinery such as excavators, backhoe loaders, and front-end loaders. Its primary function is to enable the bucket to lift, lower, and tilt, making it easier to handle [&hellip;]<\/p>","protected":false},"featured_media":14762,"comment_status":"open","ping_status":"closed","template":"","meta":{"_et_pb_use_builder":"","_et_pb_old_content":"","_et_gb_content_width":""},"product_brand":[],"product_cat":[1494],"product_tag":[1495,1496],"class_list":{"0":"post-15835","1":"product","2":"type-product","3":"status-publish","4":"has-post-thumbnail","6":"product_cat-bucket-cylinders","7":"product_tag-bucket-cylinders","8":"product_tag-hydraulic-cylinders","10":"first","11":"instock","12":"shipping-taxable","13":"product-type-simple"},"amp_enabled":true,"_links":{"self":[{"href":"https:\/\/www.hydraulic-cylinders.net\/sk\/wp-json\/wp\/v2\/product\/15835","targetHints":{"allow":["GET"]}}],"collection":[{"href":"https:\/\/www.hydraulic-cylinders.net\/sk\/wp-json\/wp\/v2\/product"}],"about":[{"href":"https:\/\/www.hydraulic-cylinders.net\/sk\/wp-json\/wp\/v2\/types\/product"}],"replies":[{"embeddable":true,"href":"https:\/\/www.hydraulic-cylinders.net\/sk\/wp-json\/wp\/v2\/comments?post=15835"}],"wp:featuredmedia":[{"embeddable":true,"href":"https:\/\/www.hydraulic-cylinders.net\/sk\/wp-json\/wp\/v2\/media\/14762"}],"wp:attachment":[{"href":"https:\/\/www.hydraulic-cylinders.net\/sk\/wp-json\/wp\/v2\/media?parent=15835"}],"wp:term":[{"taxonomy":"product_brand","embeddable":true,"href":"https:\/\/www.hydraulic-cylinders.net\/sk\/wp-json\/wp\/v2\/product_brand?post=15835"},{"taxonomy":"product_cat","embeddable":true,"href":"https:\/\/www.hydraulic-cylinders.net\/sk\/wp-json\/wp\/v2\/product_cat?post=15835"},{"taxonomy":"product_tag","embeddable":true,"href":"https:\/\/www.hydraulic-cylinders.net\/sk\/wp-json\/wp\/v2\/product_tag?post=15835"}],"curies":[{"name":"pracovn\u00fd list","href":"https:\/\/api.w.org\/{rel}","templated":true}]}}