{"id":15836,"date":"2025-01-19T15:03:08","date_gmt":"2025-01-19T15:03:08","guid":{"rendered":"https:\/\/www.hydraulic-cylinders.net\/product\/bucket-cylinder-for-yanmar-sv025-6\/"},"modified":"2025-01-19T15:03:10","modified_gmt":"2025-01-19T15:03:10","slug":"bucket-cylinder-for-yanmar-sv025-6","status":"publish","type":"product","link":"https:\/\/www.hydraulic-cylinders.net\/sk\/produkt\/bucket-cylinder-for-yanmar-sv025-6\/","title":{"rendered":"Valec vedra pre Yanmar SV025-6"},"content":{"rendered":"<h1>Valec vedra pre Yanmar SV025-6<\/h1>\n<h2>\u00davod<\/h2>\n<p>Hydraulick\u00fd valec ly\u017eice pre Yanmar SV025-6 je \u0161peci\u00e1lne navrhnut\u00fd hydraulick\u00fd valec pou\u017e\u00edvan\u00fd na ovl\u00e1danie pohybu ly\u017eice v \u0165a\u017ek\u00fdch strojoch, ako s\u00fa bagre, r\u00fdpadl\u00e1-naklada\u010de a \u010deln\u00e9 naklada\u010de. Jeho hlavnou funkciou je umo\u017eni\u0165 zdv\u00edhanie, sp\u00fa\u0161\u0165anie a nakl\u00e1\u0148anie ly\u017eice, \u010do u\u013eah\u010duje vykon\u00e1vanie r\u00f4znych \u00faloh manipul\u00e1cie s materi\u00e1lom. V hydraulickom syst\u00e9me dosahuje valec ly\u017eice presn\u00e9 ovl\u00e1danie ly\u017eice prostredn\u00edctvom zmien tlaku hydraulick\u00e9ho oleja, \u010do umo\u017e\u0148uje obsluhe efekt\u00edvne manipulova\u0165 s \u0165a\u017ek\u00fdmi bremenami a prisp\u00f4sobi\u0165 sa zlo\u017eit\u00fdm pracovn\u00fdm prostrediam a r\u00f4znym prev\u00e1dzkov\u00fdm po\u017eiadavk\u00e1m.<\/p>\n<p><img decoding=\"async\" src=\"https:\/\/www.hydraulic-cylinders.net\/wp-content\/uploads\/2025\/01\/songte-company-2.webp\"><\/p>\n<h2>Vlastnosti produktu<\/h2>\n<ul>\n<li>\n<h3>Vysok\u00e1 pevnos\u0165 a odolnos\u0165<\/h3>\n<p>Valec vedra je zvy\u010dajne vyroben\u00fd z vysokopevnostnej ocele alebo hlin\u00edka, ktor\u00e9 odol\u00e1vaj\u00fa vysok\u00e9mu tlaku a \u0165a\u017ek\u00fdm za\u0165a\u017eeniam. Je navrhnut\u00fd s oh\u013eadom na odolnos\u0165 vo\u010di opotrebovaniu a kor\u00f3zii, \u010do m\u00f4\u017ee pred\u013a\u017ei\u0165 jeho \u017eivotnos\u0165.<\/p>\n<\/li>\n<li>\n<h3>Efekt\u00edvna hydraulick\u00e1 prev\u00e1dzka<\/h3>\n<p>Valec kor\u010deka vyu\u017e\u00edva hydraulick\u00fd tlak oleja na dosiahnutie plynul\u00e9ho roz\u0165ahovania a s\u0165ahovania, dok\u00e1\u017ee r\u00fdchlo reagova\u0165 na ovl\u00e1dacie povely a poskytuje siln\u00e9 tla\u010dn\u00e9 a \u0165a\u017en\u00e9 sily, vhodn\u00e9 na manipul\u00e1ciu s \u0165a\u017ek\u00fdmi bremenami a zlo\u017eit\u00e9 prev\u00e1dzkov\u00e9 \u00falohy.<\/p>\n<\/li>\n<li>\n<h3>R\u00f4zne typy<\/h3>\n<p>Valec kor\u010deka je mo\u017en\u00e9 zvoli\u0165 ako jedno\u010dinn\u00fd (hydraulick\u00fd pohon sa pou\u017e\u00edva iba v jednom smere) alebo dvoj\u010dinn\u00fd (hydraulick\u00fd pohon sa pou\u017e\u00edva v oboch smeroch) pod\u013ea potrieb a po\u017eiadaviek na splnenie r\u00f4znych prev\u00e1dzkov\u00fdch po\u017eiadaviek. Niektor\u00e9 modely s\u00fa teleskopick\u00e9, \u010do umo\u017e\u0148uje v\u00e4\u010d\u0161ie vysunutie bez zv\u00e4\u010d\u0161enia vonkaj\u0161\u00edch rozmerov, vhodn\u00e9 pre aplik\u00e1cie v obmedzenom priestore.<\/p>\n<\/li>\n<li>\n<h3>Dokonal\u00e1 n\u00e1hrada<\/h3>\n<p>N\u00e1\u0161 produkt dok\u00e1\u017ee dokonale nahradi\u0165 tieto hydraulick\u00e9 valce. <\/p>\n<\/li>\n<\/ul>\n<p><img decoding=\"async\" src=\"https:\/\/www.hydraulic-cylinders.net\/wp-content\/uploads\/2025\/01\/songte-cylinder-head-with-all-kinds-excavator-models.webp\"><\/p>\n<h2>Aplik\u00e1cia<\/h2>\n<p>Valec s ko\u0161\u00edkom sa \u0161iroko pou\u017e\u00edva v r\u00f4znych \u0165a\u017ek\u00fdch strojoch, ako napr\u00edklad:<\/p>\n<ul>\n<li>\n<h3>Stavebn\u00e9 stroje<\/h3>\n<p>V bagroch s\u00fa nevyhnutn\u00e9 na kopanie, nakladanie a premiest\u0148ovanie zeminy alebo sutiny. V r\u00fdpadlo-naklada\u010doch pom\u00e1ha valec ly\u017eice pri kopan\u00ed aj zdv\u00edhan\u00ed. <\/p>\n<\/li>\n<li>\n<h3>Po\u013enohospod\u00e1rske stroje<\/h3>\n<p>Pou\u017e\u00edva sa v \u010deln\u00fdch naklada\u010doch na naberanie, zdv\u00edhanie a prepravu zeminy, sena a in\u00fdch materi\u00e1lov. V r\u00fdpadl\u00e1ch dosahuje valec ly\u017eice kopac\u00ed \u00fa\u010dinok t\u00fdm, \u017ee umo\u017e\u0148uje ly\u017eici prenikn\u00fa\u0165 do p\u00f4dy. V \u010deln\u00fdch naklada\u010doch pom\u00e1haj\u00fa efekt\u00edvne zdv\u00edha\u0165 a nakl\u00e1\u0148a\u0165 tovar.<\/p>\n<\/li>\n<\/ul>\n<h2>\u00davahy o dizajne a krit\u00e9ri\u00e1 v\u00fdberu<\/h2>\n<p>Pri v\u00fdbere valca s vedrom by sa mali zoh\u013eadni\u0165 nasleduj\u00face kon\u0161truk\u010dn\u00e9 aspekty a krit\u00e9ri\u00e1 v\u00fdberu:<\/p>\n<ul>\n<li>\n<h3>Nosnos\u0165<\/h3>\n<p>Valec vedra mus\u00ed by\u0165 schopn\u00fd odola\u0165 hmotnosti manipulovan\u00e9ho materi\u00e1lu a tlaku hydraulick\u00e9ho syst\u00e9mu.<\/p>\n<\/li>\n<li>\n<h3>Tesnenie a trvanlivos\u0165<\/h3>\n<p>Valec vedra mus\u00ed by\u0165 pevne utesnen\u00fd, aby sa zabr\u00e1nilo \u00faniku hydraulickej kvapaliny. Povrch telesa valca, piestu a ty\u010de by mal by\u0165 jemne opracovan\u00fd, aby sa zlep\u0161ila odolnos\u0165 proti opotrebovaniu. <\/p>\n<\/li>\n<li>\n<h3>Bezpe\u010dnos\u0165 a \u00fadr\u017eba<\/h3>\n<p>Valec vedra mus\u00ed by\u0165 spr\u00e1vne nain\u0161talovan\u00fd, aby sa zabezpe\u010dila jeho bezpe\u010dn\u00e1 a efekt\u00edvna prev\u00e1dzka. Pravideln\u00e1 \u00fadr\u017eba by sa mala vykon\u00e1va\u0165, aby sa udr\u017eal v dobrom stave, a v\u0161etky opotrebovan\u00e9 alebo po\u0161koden\u00e9 diely je potrebn\u00e9 v\u010das vymeni\u0165.<\/p>\n<\/li>\n<\/ul>\n<p><img decoding=\"async\" src=\"https:\/\/www.hydraulic-cylinders.net\/wp-content\/uploads\/2025\/01\/songte-oil-pipes-and-spare-parts.webp\"><\/p>\n<h2>Tesnenie a mazanie<\/h2>\n<p>Valec kor\u010deka pou\u017e\u00edva r\u00f4zne tesnenia, ako s\u00fa tesnenia piestov, tesnenia ty\u010d\u00ed at\u010f., vyroben\u00e9 z materi\u00e1lov odoln\u00fdch vo\u010di opotrebovaniu, ako je polyuret\u00e1n a nitrilov\u00fd kau\u010duk, aby sa zabezpe\u010dilo tesn\u00e9 utesnenie. Teleso valca a povrch ty\u010de s\u00fa jemne opracovan\u00e9 pre zlep\u0161enie odolnosti vo\u010di opotrebovaniu. Pravideln\u00e9 mazanie vhodn\u00fdm mno\u017estvom hydraulick\u00e9ho oleja pom\u00e1ha udr\u017eiava\u0165 v\u00fdkon valca kor\u010deka.<\/p>\n<h2>Kontrola a prevent\u00edvna \u00fadr\u017eba<\/h2>\n<p>Pravideln\u00e1 kontrola a prevent\u00edvna \u00fadr\u017eba m\u00f4\u017eu pom\u00f4c\u0165 pred\u013a\u017ei\u0165 \u017eivotnos\u0165 valca vedra. Nasleduj\u00fa be\u017en\u00e9 \u00falohy \u00fadr\u017eby:<\/p>\n<ul>\n<li>\n<h3>Pravideln\u00e1 kontrola<\/h3>\n<p>Kontrola telesa valca, piesta a ty\u010de, \u010di nie s\u00fa opotrebovan\u00e9 alebo po\u0161koden\u00e9.<\/p>\n<\/li>\n<li>\n<h3>Mazanie<\/h3>\n<p>Pridanie pr\u00edslu\u0161n\u00e9ho mno\u017estva hydraulick\u00e9ho oleja na mazanie valca.<\/p>\n<\/li>\n<li>\n<h3>V\u00fdmena tesnenia<\/h3>\n<p>V\u00fdmena opotrebovan\u00fdch alebo po\u0161koden\u00fdch tesnen\u00ed pre zabezpe\u010denie tesnosti.<\/p>\n<\/li>\n<li>\n<h3>Kontrola kalibr\u00e1cie<\/h3>\n<p>Kontrola kalibr\u00e1cie tlaku pre zabezpe\u010denie presnej regul\u00e1cie tlaku.<\/p>\n<\/li>\n<\/ul>\n<p>Spr\u00e1vna in\u0161tal\u00e1cia, mazanie a nastavenie s\u00fa k\u013e\u00fa\u010dov\u00e9 pre v\u00fdkon valca s lopatou. Po\u010das in\u0161tal\u00e1cie dbajte na spr\u00e1vne zarovnanie valca a na jeho upevnenie pou\u017eite vhodn\u00e9 mont\u00e1\u017ene konzoly. Odpor\u00fa\u010dame skontrolova\u0165, opravi\u0165 a vymeni\u0165 diely a zabezpe\u010di\u0165 repasa\u010dn\u00e9 slu\u017eby, aby sa pred\u013a\u017eila \u017eivotnos\u0165 valca s lopatou.<\/p>\n<p><img decoding=\"async\" src=\"https:\/\/www.hydraulic-cylinders.net\/wp-content\/uploads\/2025\/01\/songte-chushion-collar.webp\"><\/p>\n<h2>Bezpe\u010dnostn\u00e9 a environment\u00e1lne aspekty<\/h2>\n<p>Pri pou\u017e\u00edvan\u00ed valca s vedrom musia by\u0165 prijat\u00e9 vhodn\u00e9 bezpe\u010dnostn\u00e9 opatrenia, aby sa predi\u0161lo zraneniu os\u00f4b alebo po\u0161kodeniu zariadenia. Spr\u00e1vna likvid\u00e1cia hydraulick\u00fdch kvapal\u00edn a in\u00fdch materi\u00e1lov je nevyhnutn\u00e1 na ochranu \u017eivotn\u00e9ho prostredia.<\/p>\n<h2>Diagnostika a rie\u0161enia be\u017en\u00fdch por\u00fach<\/h2>\n<p>Medzi be\u017en\u00e9 poruchy valca vedra patr\u00ed \u00fanik hydraulickej kvapaliny, nedostato\u010dn\u00fd v\u00fdkon a nestabiln\u00e1 prev\u00e1dzka. Nasleduje nieko\u013eko tipov a rie\u0161en\u00ed:<\/p>\n<ul>\n<li>\n<h3>\u00danik hydraulickej kvapaliny<\/h3>\n<p>Skontrolujte tesnenie a v pr\u00edpade potreby ho vyme\u0148te. Skontrolujte, \u010di teleso valca alebo piest a ty\u010d nie s\u00fa po\u0161kriaban\u00e9 alebo inak po\u0161koden\u00e9. V pr\u00edpade potreby upravte kalibr\u00e1ciu. <\/p>\n<\/li>\n<li>\n<h3>Nedostato\u010dn\u00fd v\u00fdstup sily<\/h3>\n<p>Skontrolujte, \u010di je tlak v hydraulickom syst\u00e9me spr\u00e1vny. Skontrolujte nosnos\u0165 valca a v pr\u00edpade potreby ho upravte alebo vyme\u0148te. <\/p>\n<\/li>\n<li>\n<h3>Nestabiln\u00e1 prev\u00e1dzka<\/h3>\n<p>Skontrolujte kalibr\u00e1ciu a v pr\u00edpade potreby ju upravte. Skontrolujte tlak v hydraulickom syst\u00e9me a v pr\u00edpade potreby ho upravte.<\/p>\n<\/li>\n<\/ul>\n<p>Prevent\u00edvne opatrenia, ako napr\u00edklad pravideln\u00e1 kontrola, m\u00f4\u017eu pom\u00f4c\u0165 pred\u00eds\u0165 t\u00fdmto probl\u00e9mom a zabezpe\u010di\u0165 spo\u013eahliv\u00fa prev\u00e1dzku valca vedra.<\/p>\n<p><img decoding=\"async\" src=\"https:\/\/www.hydraulic-cylinders.net\/wp-content\/uploads\/2025\/01\/songte-bushings-with-all-kinds-of-excavator-models.webp\"><\/p>\n<h2>O na\u0161ej spolo\u010dnosti<\/h2>\n<p>Sme v\u00fdrobcom n\u00e1hradn\u00fdch dielov pre hydraulick\u00e9 valce s kompletn\u00fdm sortimentom produktov a stali sme sa jedn\u00fdm z popredn\u00fdch v\u00fdrobcov a ve\u013ekoobchodn\u00fdch distrib\u00fatorov hydraulick\u00fdch valcov na dom\u00e1com aj zahrani\u010dnom trhu. Dodr\u017eiavame princ\u00edp excelentnosti v kvalite a spoliehame sa na industrializovan\u00e9 strat\u00e9gie riadenia v\u00fdroby v prepracovan\u00fdch v\u00fdrobn\u00fdch diel\u0148ach. Na\u0161a spolo\u010dnos\u0165 neust\u00e1le zlep\u0161uje v\u00fdrobn\u00fa platformu, zdokona\u013euje proces kvality v\u00fdroby a m\u00e1 siln\u00fa kreat\u00edvnu schopnos\u0165 uspokojova\u0165 rozmanit\u00e9 potreby z\u00e1kazn\u00edkov s vysokou efektivitou, vysokou presnos\u0165ou a vysokou kvalitou.<\/p>\n<h3>Profesionalita<\/h3>\n<p>N\u00e1\u0161 t\u00edm sa sklad\u00e1 zo sk\u00fasen\u00fdch odborn\u00edkov v odvetv\u00ed hydraulick\u00fdch valcov, od n\u00e1vrhu cez v\u00fdrobu a\u017e po testovanie a popredajn\u00fd servis. M\u00e1me hlbok\u00e9 znalosti o v\u00fdkone hydraulick\u00fdch valcov a z\u00e1kazn\u00edkom poskytujeme profesion\u00e1lne a efekt\u00edvne slu\u017eby.<\/p>\n<h3>Medzin\u00e1rodn\u00e1 certifik\u00e1cia<\/h3>\n<p>Na\u0161e v\u00fdrobky pre\u0161li medzin\u00e1rodnou certifik\u00e1ciou kvality vr\u00e1tane ISO 9001 a CE, \u010do zaru\u010duje, \u017ee kvalita na\u0161ich v\u00fdrobkov sp\u013a\u0148a medzin\u00e1rodn\u00e9 \u0161tandardy.<\/p>\n<h3>Slu\u017eby na mieru<\/h3>\n<p>Poskytujeme slu\u017eby na mieru pod\u013ea \u0161pecifick\u00fdch potrieb z\u00e1kazn\u00edkov, ako s\u00fa napr\u00edklad prisp\u00f4soben\u00e9 typy a ve\u013ekosti valcov, aby sme splnili ich jedine\u010dn\u00e9 po\u017eiadavky.<\/p>\n<h3>Pokro\u010dil\u00e9 v\u00fdrobn\u00e9 zariadenia<\/h3>\n<p>Na\u0161a spolo\u010dnos\u0165 m\u00e1 modern\u00e9 v\u00fdrobn\u00e9 zariadenia vr\u00e1tane CNC obr\u00e1bacieho centra, CNC s\u00fastruhu a \u010fal\u0161\u00edch digit\u00e1lnych \u0161pi\u010dkov\u00fdch v\u00fdrobn\u00fdch zariaden\u00ed, ktor\u00e9 zabezpe\u010duj\u00fa presnos\u0165 a prec\u00edznos\u0165 ka\u017ed\u00e9ho hydraulick\u00e9ho valca.<\/p>\n<h3>Popredajn\u00fd servis<\/h3>\n<p>Poskytujeme komplexn\u00fd popredajn\u00fd servis vr\u00e1tane in\u0161tal\u00e1cie produktov, technickej podpory a \u00fadr\u017eby, \u010d\u00edm zabezpe\u010dujeme, aby na\u0161e hydraulick\u00e9 valce fungovali efekt\u00edvne a spo\u013eahlivo \u010do najdlh\u0161ie.<\/p>\n<p><img decoding=\"async\" src=\"https:\/\/hzpt.com\/wp-content\/uploads\/2024\/11\/songte-company-1.webp\"><\/p>\n<p>Autor: lyl<\/p>","protected":false},"excerpt":{"rendered":"<p>Bucket Cylinder For Yanmar SV025-6 Introduction The bucket cylinder for Yanmar SV025-6 is a specially designed hydraulic cylinder used to control the movement of the bucket in heavy machinery such as excavators, backhoe excavators, and front-end loaders. Its main function is to allow the bucket to lift, lower, and tilt, making it easier to handle [&hellip;]<\/p>","protected":false},"featured_media":14761,"comment_status":"open","ping_status":"closed","template":"","meta":{"_et_pb_use_builder":"","_et_pb_old_content":"","_et_gb_content_width":""},"product_brand":[],"product_cat":[1494],"product_tag":[1495,1496],"class_list":{"0":"post-15836","1":"product","2":"type-product","3":"status-publish","4":"has-post-thumbnail","6":"product_cat-bucket-cylinders","7":"product_tag-bucket-cylinders","8":"product_tag-hydraulic-cylinders","10":"first","11":"instock","12":"shipping-taxable","13":"product-type-simple"},"amp_enabled":true,"_links":{"self":[{"href":"https:\/\/www.hydraulic-cylinders.net\/sk\/wp-json\/wp\/v2\/product\/15836","targetHints":{"allow":["GET"]}}],"collection":[{"href":"https:\/\/www.hydraulic-cylinders.net\/sk\/wp-json\/wp\/v2\/product"}],"about":[{"href":"https:\/\/www.hydraulic-cylinders.net\/sk\/wp-json\/wp\/v2\/types\/product"}],"replies":[{"embeddable":true,"href":"https:\/\/www.hydraulic-cylinders.net\/sk\/wp-json\/wp\/v2\/comments?post=15836"}],"wp:featuredmedia":[{"embeddable":true,"href":"https:\/\/www.hydraulic-cylinders.net\/sk\/wp-json\/wp\/v2\/media\/14761"}],"wp:attachment":[{"href":"https:\/\/www.hydraulic-cylinders.net\/sk\/wp-json\/wp\/v2\/media?parent=15836"}],"wp:term":[{"taxonomy":"product_brand","embeddable":true,"href":"https:\/\/www.hydraulic-cylinders.net\/sk\/wp-json\/wp\/v2\/product_brand?post=15836"},{"taxonomy":"product_cat","embeddable":true,"href":"https:\/\/www.hydraulic-cylinders.net\/sk\/wp-json\/wp\/v2\/product_cat?post=15836"},{"taxonomy":"product_tag","embeddable":true,"href":"https:\/\/www.hydraulic-cylinders.net\/sk\/wp-json\/wp\/v2\/product_tag?post=15836"}],"curies":[{"name":"pracovn\u00fd list","href":"https:\/\/api.w.org\/{rel}","templated":true}]}}