{"id":15850,"date":"2025-01-19T15:04:26","date_gmt":"2025-01-19T15:04:26","guid":{"rendered":"https:\/\/www.hydraulic-cylinders.net\/product\/bucket-cylinder-for-john-deere-e300lc\/"},"modified":"2025-01-19T15:04:28","modified_gmt":"2025-01-19T15:04:28","slug":"bucket-cylinder-for-john-deere-e300lc","status":"publish","type":"product","link":"https:\/\/www.hydraulic-cylinders.net\/sk\/produkt\/bucket-cylinder-for-john-deere-e300lc\/","title":{"rendered":"Valec vedra pre John Deere E300LC"},"content":{"rendered":"<h2>Valec vedra pre John Deere E300LC<\/h2>\n<h3>\u00davod<\/h3>\n<p>Hydraulick\u00fd valec ly\u017eice je \u0161peci\u00e1lne navrhnut\u00fd hydraulick\u00fd valec, ktor\u00fd sa pou\u017e\u00edva predov\u0161etk\u00fdm na ovl\u00e1danie pohybu ly\u017eice v \u0165a\u017ek\u00fdch strojoch, ako s\u00fa bagre, r\u00fdpadlo-naklada\u010de a \u010deln\u00e9 naklada\u010de. Jeho hlavnou funkciou je umo\u017eni\u0165 zdv\u00edhanie, sp\u00fa\u0161\u0165anie a nakl\u00e1\u0148anie ly\u017eice pre jednoduch\u0161iu manipul\u00e1ciu s materi\u00e1lom. V hydraulickom syst\u00e9me dosahuje valec ly\u017eice presn\u00e9 ovl\u00e1danie ly\u017eice prostredn\u00edctvom zmien tlaku hydraulick\u00e9ho oleja, \u010do umo\u017e\u0148uje obsluhe efekt\u00edvne manipulova\u0165 s \u0165a\u017ek\u00fdmi bremenami a prisp\u00f4sobova\u0165 sa zlo\u017eit\u00fdm pracovn\u00fdm prostrediam a po\u017eiadavk\u00e1m pr\u00e1ce.<\/p>\n<p><img decoding=\"async\" src=\"https:\/\/www.hydraulic-cylinders.net\/wp-content\/uploads\/2025\/01\/songte-company-2.webp\"><\/p>\n<h3>Funkcie<\/h3>\n<ul>\n<li><strong>Vysok\u00e1 pevnos\u0165 a odolnos\u0165:<\/strong> Zvy\u010dajne je vyroben\u00fd z vysokopevnostnej ocele alebo hlin\u00edka, odol\u00e1 vysok\u00e9mu tlaku a \u0165a\u017ek\u00fdm za\u0165a\u017eeniam, prisp\u00f4sob\u00ed sa n\u00e1ro\u010dn\u00fdm pracovn\u00fdm podmienkam a je navrhnut\u00fd s odolnos\u0165ou vo\u010di opotrebovaniu a kor\u00f3zii, aby sa pred\u013a\u017eila jeho \u017eivotnos\u0165.<\/li>\n<li><strong>Efekt\u00edvna hydraulick\u00e1 prev\u00e1dzka:<\/strong> V\u010faka hydraulick\u00e9mu tlaku oleja na dosiahnutie plynul\u00fdch pohybov vys\u00favania a s\u0165ahovania dok\u00e1\u017ee r\u00fdchlo reagova\u0165 na ovl\u00e1dacie povely a poskytova\u0165 siln\u00e9 tla\u010dn\u00e9 a \u0165a\u017en\u00e9 sily, v\u010faka \u010domu je vhodn\u00fd na manipul\u00e1ciu s \u0165a\u017ek\u00fdmi bremenami a zlo\u017eit\u00e9 pracovn\u00e9 \u00falohy.<\/li>\n<li><strong>R\u00f4zne typy:<\/strong> Pod\u013ea prev\u00e1dzkov\u00fdch potrieb je mo\u017en\u00e9 zvoli\u0165 jedno\u010dinn\u00e9 (hydraulika sa pou\u017e\u00edva iba v jednom smere) alebo dvoj\u010dinn\u00e9 (hydraulika sa pou\u017e\u00edva v oboch smeroch) valce. Niektor\u00e9 modely s\u00fa teleskopick\u00e9, \u010do umo\u017e\u0148uje v\u00e4\u010d\u0161ie vysunutie bez zv\u00e4\u010d\u0161enia vonkaj\u0161\u00edch rozmerov, v\u010faka \u010domu s\u00fa vhodn\u00e9 pre aplik\u00e1cie s obmedzen\u00fdm priestorom.<\/li>\n<li><strong>M\u00f4\u017ee by\u0165 vyroben\u00e9 u n\u00e1s:<\/strong> N\u00e1\u0161 produkt dok\u00e1\u017ee dokonale nahradi\u0165 tieto hydraulick\u00e9 valce.<\/li>\n<\/ul>\n<p><img decoding=\"async\" src=\"https:\/\/www.hydraulic-cylinders.net\/wp-content\/uploads\/2025\/01\/songte-cylinder-head-with-all-kinds-excavator-models.webp\"><\/p>\n<h3>Aplik\u00e1cie<\/h3>\n<p>Valec s vedrom sa \u0161iroko pou\u017e\u00edva v r\u00f4znych odvetviach, vr\u00e1tane:<\/p>\n<ul>\n<li><strong>Stavebn\u00e9 vybavenie:<\/strong> V r\u00fdpadl\u00e1ch s\u00fa k\u013e\u00fa\u010dov\u00e9 pre kopanie, nakladanie a premiest\u0148ovanie zeminy alebo sutiny. V r\u00fdpadlo-naklada\u010doch prispievaj\u00fa valce ly\u017eice k kopaniu aj zdv\u00edhaniu. <\/li>\n<li><strong>Po\u013enohospod\u00e1rske stroje:<\/strong> Pou\u017e\u00edva sa pre \u010deln\u00e9 naklada\u010de, zdv\u00edhanie a prepravu zeminy, sena a in\u00fdch materi\u00e1lov. <\/li>\n<li><strong>R\u00fdpadl\u00e1:<\/strong> Valec ly\u017eice realizuje kopac\u00ed pohyb t\u00fdm, \u017ee umo\u017e\u0148uje ly\u017eici prenikn\u00fa\u0165 do p\u00f4dy. <\/li>\n<li><strong>Naklada\u010de:<\/strong> V \u010deln\u00fdch naklada\u010doch pom\u00e1haj\u00fa pri efekt\u00edvnom zdv\u00edhan\u00ed a nakl\u00e1\u0148an\u00ed tovaru. <\/li>\n<\/ul>\n<h3>\u00davahy o dizajne a krit\u00e9ri\u00e1 v\u00fdberu<\/h3>\n<p>Z kon\u0161truk\u010dn\u00fdch h\u013ead\u00edsk, ako je nosnos\u0165, tesnenie, trvanlivos\u0165, bezpe\u010dnos\u0165 a \u00fadr\u017eba, by sa mal valec s ko\u0161\u00edkom vybera\u0165 na z\u00e1klade \u0161pecifick\u00fdch prev\u00e1dzkov\u00fdch potrieb. <\/p>\n<ul>\n<li><strong>Nosnos\u0165:<\/strong> Valec by mal by\u0165 schopn\u00fd unies\u0165 o\u010dak\u00e1van\u00e9 za\u0165a\u017eenie. Vzh\u013eadom na pracovn\u00e9 prostredie by mal sp\u013a\u0148a\u0165 kon\u0161truk\u010dn\u00e9 normy, ktor\u00e9 zabezpe\u010duj\u00fa, \u017ee je schopn\u00fd zvl\u00e1dnu\u0165 za\u0165a\u017eenie a nam\u00e1hanie, ktor\u00fdm bude vystaven\u00fd. <\/li>\n<li><strong>Tesnenie:<\/strong> Valec by mal ma\u0165 kvalitn\u00e9 tesnenia, aby sa zabr\u00e1nilo \u00faniku, ktor\u00fd by mohol sp\u00f4sobi\u0165 po\u0161kodenie valca a okolit\u00e9ho zariadenia. <\/li>\n<li><strong>Trvanlivos\u0165:<\/strong> Valec by mal by\u0165 vyroben\u00fd z vysoko kvalitn\u00fdch materi\u00e1lov, ktor\u00e9 s\u00fa odoln\u00e9 vo\u010di opotrebovaniu a kor\u00f3zii, \u010do m\u00f4\u017ee pred\u013a\u017ei\u0165 jeho \u017eivotnos\u0165 a zn\u00ed\u017ei\u0165 n\u00e1klady na \u00fadr\u017ebu. <\/li>\n<li><strong>Bezpe\u010dnos\u0165:<\/strong> Valec by mal by\u0165 navrhnut\u00fd s oh\u013eadom na bezpe\u010dnos\u0165, aby sa predi\u0161lo nehod\u00e1m a minimalizovalo riziko, napr\u00edklad by sa malo zabr\u00e1ni\u0165 n\u00e1hlym pohybom a zabezpe\u010di\u0165 spr\u00e1vna mont\u00e1\u017e. <\/li>\n<li><strong>Udr\u017eiavate\u013enos\u0165:<\/strong> F\u013ea\u0161a by mala by\u0165 \u013eahko udr\u017eiavate\u013en\u00e1 a opravovate\u013en\u00e1, s \u013eahko dostupn\u00fdmi dielmi a mala by ma\u0165 jasn\u00e9 a stru\u010dn\u00e9 pokyny na \u00fadr\u017ebu.<\/li>\n<\/ul>\n<p><img decoding=\"async\" src=\"https:\/\/www.hydraulic-cylinders.net\/wp-content\/uploads\/2025\/01\/songte-oil-pipes-and-spare-parts.webp\"><\/p>\n<h3>Tesnenie a mazanie<\/h3>\n<p>Valec kor\u010deka pou\u017e\u00edva r\u00f4zne tesnenia, ako s\u00fa tesnenia piestov, tesnenia ty\u010d\u00ed at\u010f., vyroben\u00e9 z materi\u00e1lov odoln\u00fdch proti opotrebovaniu, ako je polyuret\u00e1n a nitrilov\u00fd kau\u010duk, ktor\u00e9 \u00fa\u010dinne zabra\u0148uj\u00fa \u00faniku oleja. Teleso valca a z\u00e1vitov\u00fd koniec s\u00fa prec\u00edzne opracovan\u00e9, aby sa zlep\u0161ila odolnos\u0165 proti opotrebovaniu a \u017eivotnos\u0165. Valec vy\u017eaduje pravideln\u00e9 mazanie vhodn\u00fdm hydraulick\u00fdm olejom, aby sa zabezpe\u010dila hladk\u00e1 prev\u00e1dzka. <\/p>\n<h3>\u00dadr\u017eba a opravy<\/h3>\n<p>Pravideln\u00e1 \u00fadr\u017eba a prevent\u00edvne opatrenia m\u00f4\u017eu pom\u00f4c\u0165 pred\u013a\u017ei\u0165 \u017eivotnos\u0165 valca vedra, vr\u00e1tane:<\/p>\n<ul>\n<li>Pravideln\u00e1 kontrola <\/li>\n<li>Vhodn\u00e9 mazanie <\/li>\n<li>V\u00fdmena tesnenia a kontrola kalibr\u00e1cie <\/li>\n<\/ul>\n<p>Je d\u00f4le\u017eit\u00e9 spr\u00e1vne zarovna\u0165 a nain\u0161talova\u0165 f\u013ea\u0161u, pou\u017ei\u0165 vhodn\u00e9 mont\u00e1\u017ene konzoly na upevnenie f\u013ea\u0161e a dodr\u017eiava\u0165 odpor\u00fa\u010dan\u00e9 postupy kontroly, opravy a v\u00fdmeny. K dispoz\u00edcii s\u00fa aj n\u00e1hradn\u00e9 diely a slu\u017eby rekon\u0161trukcie na pred\u013a\u017eenie \u017eivotnosti f\u013ea\u0161e.<\/p>\n<p><img decoding=\"async\" src=\"https:\/\/www.hydraulic-cylinders.net\/wp-content\/uploads\/2025\/01\/songte-chushion-collar.webp\"><\/p>\n<h3>Bezpe\u010dnostn\u00e9 aspekty a faktory prostredia<\/h3>\n<p>Pri pou\u017e\u00edvan\u00ed vedrovej f\u013ea\u0161e je nevyhnutn\u00e9 dodr\u017eiava\u0165 bezpe\u010dnostn\u00e9 opatrenia, aby sa predi\u0161lo nehod\u00e1m a po\u0161kodeniu. Pri v\u00fdbere vhodnej f\u013ea\u0161e by sa mali zoh\u013eadni\u0165 aj faktory prostredia, ako je teplota a vlhkos\u0165.<\/p>\n<h3>Rie\u0161enie probl\u00e9mov a be\u017en\u00e9 probl\u00e9my<\/h3>\n<p>Medzi be\u017en\u00e9 probl\u00e9my s valcom vedra patr\u00ed netesnos\u0165, po\u0161kodenie tesnenia a pomal\u00fd alebo nerovnomern\u00fd pohyb. Rie\u0161enie probl\u00e9mov m\u00f4\u017ee identifikova\u0165 probl\u00e9m a ur\u010di\u0165 vhodn\u00e9 rie\u0161enie. Prevent\u00edvne opatrenia, ako napr\u00edklad pravideln\u00e1 kontrola a \u00fadr\u017eba, m\u00f4\u017eu pom\u00f4c\u0165 minimalizova\u0165 potenci\u00e1lne probl\u00e9my.<\/p>\n<p><img decoding=\"async\" src=\"https:\/\/www.hydraulic-cylinders.net\/wp-content\/uploads\/2025\/01\/songte-bushings-with-all-kinds-of-excavator-models.webp\"><\/p>\n<h3>O n\u00e1s<\/h3>\n<p>Sme popredn\u00fdm v\u00fdrobcom a ve\u013ekoobchodn\u00fdm distrib\u00fatorom hydraulick\u00fdch valcov na dom\u00e1com aj medzin\u00e1rodnom trhu. Pon\u00fakame kompletn\u00fd sortiment produktov a dodr\u017eiavame vynikaj\u00face \u0161tandardy kvality. Spoliehame sa na industrializovan\u00e9 strat\u00e9gie riadenia v\u00fdroby prostredn\u00edctvom na\u0161ich prec\u00edznych v\u00fdrobn\u00fdch dieln\u00ed, ktor\u00e9 neust\u00e1le zlep\u0161uj\u00fa v\u00fdrobn\u00e9 platformy, zdokona\u013euj\u00fa v\u00fdrobn\u00e9 linky zameran\u00e9 na kvalitu produktov a maj\u00fa siln\u00e9 kreat\u00edvne schopnosti na efekt\u00edvne, presn\u00e9 a vysoko kvalitn\u00e9 uspokojovanie potrieb z\u00e1kazn\u00edkov. <\/p>\n<p>Zaviazali sme sa poskytova\u0165 profesion\u00e1lne, medzin\u00e1rodne certifikovan\u00e9 a prisp\u00f4soben\u00e9 slu\u017eby a okrem in\u00fdch siln\u00fdch str\u00e1nok disponujeme modern\u00fdm v\u00fdrobn\u00fdm vybaven\u00edm a profesion\u00e1lnym popredajn\u00fdm servisom, ktor\u00e9 n\u00e1m pom\u00e1haj\u00fa vynikn\u00fa\u0165 na trhu.<\/p>\n<p><img decoding=\"async\" src=\"https:\/\/hzpt.com\/wp-content\/uploads\/2024\/11\/songte-company-1.webp\"><\/p>\n<p>Autor: lyl<\/p>","protected":false},"excerpt":{"rendered":"<p>Bucket Cylinder For John Deere E300LC Introduction A bucket cylinder is a specifically designed hydraulic cylinder primarily used to control the movement of a bucket in heavy machinery such as excavators, backhoe loaders, and front-end loaders. Its main function is to enable the bucket to lift, lower, and tilt for ease of material handling tasks. [&hellip;]<\/p>","protected":false},"featured_media":14762,"comment_status":"open","ping_status":"closed","template":"","meta":{"_et_pb_use_builder":"","_et_pb_old_content":"","_et_gb_content_width":""},"product_brand":[],"product_cat":[1494],"product_tag":[1495,1496],"class_list":{"0":"post-15850","1":"product","2":"type-product","3":"status-publish","4":"has-post-thumbnail","6":"product_cat-bucket-cylinders","7":"product_tag-bucket-cylinders","8":"product_tag-hydraulic-cylinders","10":"first","11":"instock","12":"shipping-taxable","13":"product-type-simple"},"amp_enabled":true,"_links":{"self":[{"href":"https:\/\/www.hydraulic-cylinders.net\/sk\/wp-json\/wp\/v2\/product\/15850","targetHints":{"allow":["GET"]}}],"collection":[{"href":"https:\/\/www.hydraulic-cylinders.net\/sk\/wp-json\/wp\/v2\/product"}],"about":[{"href":"https:\/\/www.hydraulic-cylinders.net\/sk\/wp-json\/wp\/v2\/types\/product"}],"replies":[{"embeddable":true,"href":"https:\/\/www.hydraulic-cylinders.net\/sk\/wp-json\/wp\/v2\/comments?post=15850"}],"wp:featuredmedia":[{"embeddable":true,"href":"https:\/\/www.hydraulic-cylinders.net\/sk\/wp-json\/wp\/v2\/media\/14762"}],"wp:attachment":[{"href":"https:\/\/www.hydraulic-cylinders.net\/sk\/wp-json\/wp\/v2\/media?parent=15850"}],"wp:term":[{"taxonomy":"product_brand","embeddable":true,"href":"https:\/\/www.hydraulic-cylinders.net\/sk\/wp-json\/wp\/v2\/product_brand?post=15850"},{"taxonomy":"product_cat","embeddable":true,"href":"https:\/\/www.hydraulic-cylinders.net\/sk\/wp-json\/wp\/v2\/product_cat?post=15850"},{"taxonomy":"product_tag","embeddable":true,"href":"https:\/\/www.hydraulic-cylinders.net\/sk\/wp-json\/wp\/v2\/product_tag?post=15850"}],"curies":[{"name":"pracovn\u00fd list","href":"https:\/\/api.w.org\/{rel}","templated":true}]}}