{"id":15851,"date":"2025-01-19T15:04:30","date_gmt":"2025-01-19T15:04:30","guid":{"rendered":"https:\/\/www.hydraulic-cylinders.net\/product\/bucket-cylinder-for-john-deere-e360lc\/"},"modified":"2025-01-19T15:04:32","modified_gmt":"2025-01-19T15:04:32","slug":"bucket-cylinder-for-john-deere-e360lc","status":"publish","type":"product","link":"https:\/\/www.hydraulic-cylinders.net\/sk\/produkt\/bucket-cylinder-for-john-deere-e360lc\/","title":{"rendered":"Valec vedra pre John Deere E360LC"},"content":{"rendered":"<h1>Valec vedra pre John Deere E360LC<\/h1>\n<h2>\u00davod<\/h2>\n<p>Hydraulick\u00fd valec ly\u017eice pre John Deere E360LC je \u0161pecializovan\u00fd hydraulick\u00fd valec ur\u010den\u00fd na ovl\u00e1danie pohybu ly\u017eice v \u0165a\u017ek\u00fdch strojoch, ako s\u00fa bagre, r\u00fdpadlo-naklada\u010de a \u010deln\u00e9 naklada\u010de. Jeho hlavnou funkciou je umo\u017eni\u0165 zdv\u00edhanie, sp\u00fa\u0161\u0165anie a nakl\u00e1\u0148anie ly\u017eice, \u010do u\u013eah\u010duje r\u00f4zne \u00falohy manipul\u00e1cie s materi\u00e1lom. V hydraulick\u00fdch syst\u00e9moch dosahuje valec ly\u017eice presn\u00e9 ovl\u00e1danie ly\u017eice prostredn\u00edctvom zmien tlaku hydraulick\u00e9ho oleja, \u010do umo\u017e\u0148uje obsluhe efekt\u00edvne manipulova\u0165 s \u0165a\u017ek\u00fdmi bremenami a prisp\u00f4sobova\u0165 sa zlo\u017eit\u00fdm pracovn\u00fdm prostrediam a r\u00f4znorod\u00fdm po\u017eiadavk\u00e1m na pr\u00e1cu.<\/p>\n<p><img decoding=\"async\" src=\"https:\/\/www.hydraulic-cylinders.net\/wp-content\/uploads\/2025\/01\/songte-company-2.webp\" alt=\"Obr\u00e1zok valca vedra\"><\/p>\n<h2>Funkcie<\/h2>\n<ul>\n<li>\n<h3>Vysok\u00e1 pevnos\u0165 a odolnos\u0165<\/h3>\n<p>Valec s kor\u010dekom, ktor\u00fd je zvy\u010dajne vyroben\u00fd z vysokopevnostnej ocele alebo hlin\u00edka, odol\u00e1 vysok\u00e9mu tlaku a \u0165a\u017ek\u00fdm za\u0165a\u017eeniam, \u010d\u00edm sa prisp\u00f4sob\u00ed n\u00e1ro\u010dn\u00fdm pracovn\u00fdm podmienkam. Kon\u0161trukcia zoh\u013ead\u0148uje odolnos\u0165 vo\u010di opotrebovaniu a kor\u00f3zii, aby sa pred\u013a\u017eila jeho \u017eivotnos\u0165.<\/p>\n<\/li>\n<li>\n<h3>Efekt\u00edvna hydraulick\u00e1 prev\u00e1dzka<\/h3>\n<p>V\u010faka vyu\u017eitiu hydraulick\u00e9ho tlaku oleja dosahuje valec ly\u017eice plynul\u00fd pohyb vys\u00favania a s\u0165ahovania, \u010do umo\u017e\u0148uje r\u00fdchlu reakciu na ovl\u00e1dacie povely a poskytuje siln\u00e9 tla\u010dn\u00e9 a \u0165a\u017en\u00e9 sily vhodn\u00e9 na manipul\u00e1ciu s \u0165a\u017ek\u00fdmi bremenami a zlo\u017eit\u00e9 oper\u00e1cie.<\/p>\n<\/li>\n<li>\n<h3>R\u00f4zne typy<\/h3>\n<p>Valec kor\u010deka m\u00f4\u017ee by\u0165 jedno\u010dinn\u00fd (s hydraulick\u00fdm pohonom iba v jednom smere) alebo dvoj\u010dinn\u00fd (s hydraulick\u00fdm pohonom v oboch smeroch) v z\u00e1vislosti od po\u017eiadaviek a niektor\u00e9 modely s\u00fa teleskopick\u00e9, \u010do umo\u017e\u0148uje v\u00e4\u010d\u0161ie vysunutie bez zv\u00e4\u010d\u0161enia vonkaj\u0161\u00edch rozmerov, vhodn\u00e9 pre aplik\u00e1cie s obmedzen\u00fdm priestorom.<\/p>\n<\/li>\n<li>\n<h3>Dokonal\u00e1 n\u00e1hrada<\/h3>\n<p>N\u00e1\u0161 produkt je perfektnou n\u00e1hradou za tieto hydraulick\u00e9 valce. <\/p>\n<\/li>\n<\/ul>\n<p><img decoding=\"async\" src=\"https:\/\/www.hydraulic-cylinders.net\/wp-content\/uploads\/2025\/01\/songte-cylinder-head-with-all-kinds-excavator-models.webp\" alt=\"Obr\u00e1zok v\u00fdmeny valca vedra\"><\/p>\n<h2>Aplik\u00e1cie<\/h2>\n<p>Valec s kol\u00edkom nach\u00e1dza uplatnenie v r\u00f4znych \u0165a\u017ek\u00fdch strojoch, ako napr\u00edklad:<\/p>\n<ul>\n<li>\n<h3>Stavebn\u00e9 stroje<\/h3>\n<p>Stavebn\u00e9 stroje sa spoliehaj\u00fa na valce ko\u0161\u00edkov na kopanie, nakladanie a premiest\u0148ovanie zeminy alebo sutiny. V r\u00fdpadlo-naklada\u010doch valec ko\u0161\u00edkov pom\u00e1ha pri kopan\u00ed aj zdv\u00edhan\u00ed. <\/p>\n<\/li>\n<li>\n<h3>Po\u013enohospod\u00e1rske stroje<\/h3>\n<p>Valec ly\u017eice sa pou\u017e\u00edva v \u010deln\u00fdch naklada\u010doch na naberanie, zdv\u00edhanie a prepravu zeminy, sena a in\u00fdch materi\u00e1lov. V r\u00fdpadl\u00e1ch valec ly\u017eice dosahuje kopac\u00ed \u00fa\u010dinok t\u00fdm, \u017ee umo\u017e\u0148uje ly\u017eici prenikn\u00fa\u0165 do p\u00f4dy. V \u010deln\u00fdch naklada\u010doch pom\u00e1ha pri efekt\u00edvnom zdv\u00edhan\u00ed a nakl\u00e1\u0148an\u00ed tovaru.<\/p>\n<\/li>\n<\/ul>\n<h2>\u00davahy o dizajne a \u0161tandardy v\u00fdberu<\/h2>\n<p>Valec kor\u010deka m\u00e1 nieko\u013eko kon\u0161truk\u010dn\u00fdch aspektov, vr\u00e1tane nosnosti, tesnenia, trvanlivosti, bezpe\u010dnosti a \u00fadr\u017eby.<\/p>\n<ul>\n<li>\n<h3>Nosnos\u0165<\/h3>\n<p>Valec s vedrom mus\u00ed by\u0165 schopn\u00fd odola\u0165 za\u0165a\u017eeniu, ktor\u00e9 m\u00e1 nies\u0165. Materi\u00e1l pou\u017eit\u00fd na v\u00fdrobu valca mus\u00ed by\u0165 zvolen\u00fd zodpovedaj\u00facim sp\u00f4sobom. <\/p>\n<\/li>\n<li>\n<h3>Tesnenie<\/h3>\n<p>Tesniaci syst\u00e9m valca vedra vr\u00e1tane tesnen\u00ed piestov, tesnen\u00ed ty\u010d\u00ed at\u010f. by mal by\u0165 vyroben\u00fd z materi\u00e1lov odoln\u00fdch vo\u010di opotrebovaniu, ako je polyuret\u00e1n, nitrilov\u00e1 guma at\u010f., aby sa dosiahla dlh\u00e1 \u017eivotnos\u0165.<\/p>\n<\/li>\n<li>\n<h3>Trvanlivos\u0165<\/h3>\n<p>Povrchy valca a z\u00e1vitov\u00fdch koncov valca vedra by mali by\u0165 jemne o\u0161etren\u00e9, aby sa zlep\u0161ila odolnos\u0165 proti opotrebovaniu. <\/p>\n<\/li>\n<li>\n<h3>Bezpe\u010dnos\u0165<\/h3>\n<p>Valec vedra mus\u00ed by\u0165 navrhnut\u00fd s oh\u013eadom na bezpe\u010dnos\u0165, aby sa predi\u0161lo nehod\u00e1m. <\/p>\n<\/li>\n<li>\n<h3>Udr\u017eiavate\u013enos\u0165<\/h3>\n<p>Valec vedra sa mus\u00ed da\u0165 \u013eahko udr\u017eiava\u0165, aby sa skr\u00e1tili prestoje. <\/p>\n<\/li>\n<\/ul>\n<p><img decoding=\"async\" src=\"https:\/\/www.hydraulic-cylinders.net\/wp-content\/uploads\/2025\/01\/songte-oil-pipes-and-spare-parts.webp\" alt=\"Obr\u00e1zok n\u00e1hradn\u00fdch dielov valca vedra\"><\/p>\n<h2>Tesnenie a mazanie<\/h2>\n<p>Valec kor\u010deka pou\u017e\u00edva r\u00f4zne tesniace komponenty, ako s\u00fa tesnenia piestov, tesnenia ty\u010d\u00ed at\u010f. Tesniace komponenty s\u00fa vyroben\u00e9 z materi\u00e1lov odoln\u00fdch vo\u010di opotrebovaniu, ako je polyuret\u00e1n, nitrilov\u00e1 guma at\u010f., aby sa zabezpe\u010dila dlh\u00e1 \u017eivotnos\u0165. Koncov\u00e9 plochy valca a z\u00e1vitu valca kor\u010deka s\u00fa tie\u017e jemne upraven\u00e9, aby sa zlep\u0161ila odolnos\u0165 vo\u010di opotrebovaniu. Valec kor\u010deka vy\u017eaduje pravideln\u00e9 mazanie hydraulick\u00fdm olejom, aby sa dosiahol hladk\u00fd chod.<\/p>\n<h2>Kontroln\u00e9 a prevent\u00edvne \u00fadr\u017eb\u00e1rske opatrenia<\/h2>\n<p>Valec vedra si vy\u017eaduje pravideln\u00fa kontrolu a prevent\u00edvnu \u00fadr\u017ebu, aby sa zabezpe\u010dila dlh\u00e1 \u017eivotnos\u0165. Medzi tri be\u017en\u00e9 \u00falohy \u00fadr\u017eby patria:<\/p>\n<ul>\n<li>\n<h3>Pravideln\u00e1 kontrola<\/h3>\n<p>Pravideln\u00e9 kontroly pom\u00e1haj\u00fa odhali\u0165 ak\u00e9ko\u013evek potenci\u00e1lne probl\u00e9my sk\u00f4r, ako sa stan\u00fa z\u00e1va\u017en\u00fdmi. <\/p>\n<\/li>\n<li>\n<h3>Mazanie<\/h3>\n<p>Spr\u00e1vne mazanie pom\u00e1ha udr\u017eiava\u0165 hladk\u00fd chod valca vedra.<\/p>\n<\/li>\n<li>\n<h3>V\u00fdmena tesnenia a kontroly kalibr\u00e1cie<\/h3>\n<p>V\u00fdmena tesnen\u00ed a vykonanie kalibra\u010dn\u00fdch kontrol zabezpe\u010duje spr\u00e1vnu funkciu valca vedra. <\/p>\n<\/li>\n<\/ul>\n<p>Spr\u00e1vna in\u0161tal\u00e1cia, mazanie a nastavenie s\u00fa k\u013e\u00fa\u010dov\u00e9 pre v\u00fdkon valca s lopatou. Spr\u00e1vne vedenie valca pri in\u0161tal\u00e1cii je nevyhnutn\u00e9. Na upevnenie valca odpor\u00fa\u010dame pou\u017ei\u0165 vhodn\u00e9 mont\u00e1\u017ene konzoly. Na pred\u013a\u017eenie \u017eivotnosti valca s lopatou odpor\u00fa\u010dame dodr\u017eiava\u0165 odpor\u00fa\u010dan\u00e9 postupy kontroly, opravy a v\u00fdmeny.<\/p>\n<p><img decoding=\"async\" src=\"https:\/\/www.hydraulic-cylinders.net\/wp-content\/uploads\/2025\/01\/songte-chushion-collar.webp\" alt=\"Obr\u00e1zok \u00fadr\u017eby valca vedra\"><\/p>\n<h2>Bezpe\u010dnostn\u00e9 a environment\u00e1lne aspekty<\/h2>\n<p>Hydraulick\u00fd valec sa mus\u00ed pou\u017e\u00edva\u0165 s riadnymi bezpe\u010dnostn\u00fdmi opatreniami vr\u00e1tane postupov uzamknutia\/ozna\u010denia, bezpe\u010dnostn\u00fdch \u0161t\u00edtov a v\u00fdstra\u017en\u00fdch \u0161t\u00edtkov. Spr\u00e1vna likvid\u00e1cia pou\u017eit\u00e9ho hydraulick\u00e9ho oleja je nevyhnutn\u00e1 pre minimaliz\u00e1ciu vplyvu na \u017eivotn\u00e9 prostredie.<\/p>\n<h2>Diagn\u00f3za a be\u017en\u00e9 probl\u00e9my<\/h2>\n<p>Medzi be\u017en\u00e9 probl\u00e9my, ktor\u00e9 sa m\u00f4\u017eu vyskytn\u00fa\u0165 s valcami s ko\u0161\u00edkom, patr\u00ed netesnos\u0165 a po\u0161kodenie telesa valca alebo piestnej ty\u010de. Netesnos\u0165 m\u00f4\u017ee by\u0165 sp\u00f4soben\u00e1 po\u0161koden\u00fdmi tesneniami alebo opotrebovan\u00fdmi komponentmi. Po\u0161kodenie telesa valca alebo piestnej ty\u010de m\u00f4\u017ee nasta\u0165 v d\u00f4sledku vystavenia nadmern\u00e9mu za\u0165a\u017eeniu alebo koroz\u00edvnym materi\u00e1lom. Pravideln\u00e1 kontrola a prevent\u00edvna \u00fadr\u017eba m\u00f4\u017eu pom\u00f4c\u0165 v\u010das odhali\u0165 tieto probl\u00e9my a pred\u00eds\u0165 tak z\u00e1va\u017en\u00fdm probl\u00e9mom.<\/p>\n<p>Ak sa vyskytn\u00fa probl\u00e9my, rie\u0161enie probl\u00e9mov m\u00f4\u017ee pom\u00f4c\u0165 diagnostikova\u0165 a opravi\u0165 probl\u00e9m. Be\u017en\u00e9 rie\u0161enia m\u00f4\u017eu zah\u0155\u0148a\u0165 v\u00fdmenu po\u0161koden\u00fdch komponentov alebo tesnen\u00ed a op\u00e4tovn\u00e9 nastavenie valca. Prevent\u00edvne opatrenia zah\u0155\u0148aj\u00fa pravideln\u00fa \u00fadr\u017ebu a kontrolu, aby sa predi\u0161lo potenci\u00e1lnym probl\u00e9mom.<\/p>\n<p><img decoding=\"async\" src=\"https:\/\/www.hydraulic-cylinders.net\/wp-content\/uploads\/2025\/01\/songte-bushings-with-all-kinds-of-excavator-models.webp\" alt=\"Obr\u00e1zok rie\u0161enia probl\u00e9mov s valcom vedra\"><\/p>\n<h2>O na\u0161ej spolo\u010dnosti<\/h2>\n<p>Sme v\u00fdrobcom hydraulick\u00fdch valcov, ktor\u00e9 sl\u00fa\u017eia ako perfektn\u00e1 n\u00e1hrada za hydraulick\u00e9 valce. Pon\u00fakame kompletn\u00fd sortiment produktov a stali sme sa jedn\u00fdm z popredn\u00fdch v\u00fdrobcov a ve\u013ekoobchodn\u00edkov s hydraulick\u00fdmi valcami na dom\u00e1com aj medzin\u00e1rodnom trhu. Riadime sa strat\u00e9giou vynikaj\u00facej kvality, spoliehame sa na industrializovan\u00e9 riadenie v\u00fdroby v jemn\u00fdch v\u00fdrobn\u00fdch diel\u0148ach, neust\u00e1le zlep\u0161ujeme v\u00fdrobn\u00fa platformu dielne, zlep\u0161ujeme kvalitu v\u00fdroby produktov a m\u00e1me siln\u00e9 tvoriv\u00e9 schopnosti. Na\u0161e princ\u00edpy vysokej efektivity, vysokej presnosti a vysokej kvality uspokojuj\u00fa rozmanit\u00e9 potreby z\u00e1kazn\u00edkov.<\/p>\n<p><img decoding=\"async\" src=\"https:\/\/hzpt.com\/wp-content\/uploads\/2024\/11\/songte-company-1.webp\" alt=\"O na\u0161ej spolo\u010dnosti\"><\/p>\n<h2>Profesionalita, medzin\u00e1rodn\u00e9 certifik\u00e1cie, slu\u017eby prisp\u00f4sobenia, v\u00fdrobn\u00e9 zariadenia a popredajn\u00e9 slu\u017eby<\/h2>\n<p>Sme hrd\u00ed na na\u0161u profesionalitu a v\u0161etky na\u0161e produkty maj\u00fa medzin\u00e1rodn\u00e9 certifik\u00e1cie. Na\u0161a spolo\u010dnos\u0165 poskytuje slu\u017eby na mieru, aby splnila r\u00f4zne potreby z\u00e1kazn\u00edkov. Disponujeme modern\u00fdm v\u00fdrobn\u00fdm zariaden\u00edm a profesion\u00e1lnym in\u0161pek\u010dn\u00fdm t\u00edmom, ktor\u00fd zabezpe\u010duje kvalitu produktov. N\u00e1\u0161 t\u00edm popredajn\u00fdch slu\u017eieb poskytuje v\u010dasn\u00e9 a efekt\u00edvne slu\u017eby, \u010d\u00edm zabezpe\u010duje spokojnos\u0165 z\u00e1kazn\u00edkov s na\u0161imi produktmi.<\/p>\n<p><img decoding=\"async\" src=\"https:\/\/www.hydraulic-cylinders.net\/wp-content\/uploads\/2025\/01\/songte-company-3.webp\" alt=\"Certifik\u00e1cie a slu\u017eby na\u0161ej spolo\u010dnosti\"><\/p>\n<p>Autor: lyl<\/p>","protected":false},"excerpt":{"rendered":"<p>Bucket Cylinder For John Deere E360LC Introduction The Bucket Cylinder for John Deere E360LC is a specialized hydraulic cylinder designed to control the movement of the bucket in heavy-duty machinery such as excavators, backhoe loaders, and front-end loaders. Its main function is to enable the bucket to lift, lower, and tilt to facilitate various material [&hellip;]<\/p>","protected":false},"featured_media":14761,"comment_status":"open","ping_status":"closed","template":"","meta":{"_et_pb_use_builder":"","_et_pb_old_content":"","_et_gb_content_width":""},"product_brand":[],"product_cat":[1494],"product_tag":[1495,1496],"class_list":{"0":"post-15851","1":"product","2":"type-product","3":"status-publish","4":"has-post-thumbnail","6":"product_cat-bucket-cylinders","7":"product_tag-bucket-cylinders","8":"product_tag-hydraulic-cylinders","10":"first","11":"instock","12":"shipping-taxable","13":"product-type-simple"},"amp_enabled":true,"_links":{"self":[{"href":"https:\/\/www.hydraulic-cylinders.net\/sk\/wp-json\/wp\/v2\/product\/15851","targetHints":{"allow":["GET"]}}],"collection":[{"href":"https:\/\/www.hydraulic-cylinders.net\/sk\/wp-json\/wp\/v2\/product"}],"about":[{"href":"https:\/\/www.hydraulic-cylinders.net\/sk\/wp-json\/wp\/v2\/types\/product"}],"replies":[{"embeddable":true,"href":"https:\/\/www.hydraulic-cylinders.net\/sk\/wp-json\/wp\/v2\/comments?post=15851"}],"wp:featuredmedia":[{"embeddable":true,"href":"https:\/\/www.hydraulic-cylinders.net\/sk\/wp-json\/wp\/v2\/media\/14761"}],"wp:attachment":[{"href":"https:\/\/www.hydraulic-cylinders.net\/sk\/wp-json\/wp\/v2\/media?parent=15851"}],"wp:term":[{"taxonomy":"product_brand","embeddable":true,"href":"https:\/\/www.hydraulic-cylinders.net\/sk\/wp-json\/wp\/v2\/product_brand?post=15851"},{"taxonomy":"product_cat","embeddable":true,"href":"https:\/\/www.hydraulic-cylinders.net\/sk\/wp-json\/wp\/v2\/product_cat?post=15851"},{"taxonomy":"product_tag","embeddable":true,"href":"https:\/\/www.hydraulic-cylinders.net\/sk\/wp-json\/wp\/v2\/product_tag?post=15851"}],"curies":[{"name":"pracovn\u00fd list","href":"https:\/\/api.w.org\/{rel}","templated":true}]}}