{"id":15853,"date":"2025-01-19T15:04:38","date_gmt":"2025-01-19T15:04:38","guid":{"rendered":"https:\/\/www.hydraulic-cylinders.net\/product\/bucket-cylinder-for-yuchai-yc18sr\/"},"modified":"2025-01-19T15:04:43","modified_gmt":"2025-01-19T15:04:43","slug":"bucket-cylinder-for-yuchai-yc18sr","status":"publish","type":"product","link":"https:\/\/www.hydraulic-cylinders.net\/sk\/produkt\/bucket-cylinder-for-yuchai-yc18sr\/","title":{"rendered":"Valec vedra pre Yuchai YC18SR"},"content":{"rendered":"<h2>Valec vedra pre Yuchai YC18SR<\/h2>\n<h3>\u00davod<\/h3>\n<p>Hydraulick\u00fd valec ly\u017eice je \u0161peci\u00e1lne navrhnut\u00fd hydraulick\u00fd valec, ktor\u00fd sa pou\u017e\u00edva predov\u0161etk\u00fdm na ovl\u00e1danie pohybu ly\u017eice v \u0165a\u017ek\u00fdch strojoch, ako s\u00fa bagre, r\u00fdpadl\u00e1-naklada\u010de a \u010deln\u00e9 naklada\u010de. Jeho hlavnou funkciou je umo\u017eni\u0165 zdv\u00edhanie, sp\u00fa\u0161\u0165anie a nakl\u00e1\u0148anie ly\u017eice, \u010do u\u013eah\u010duje vykon\u00e1vanie r\u00f4znych \u00faloh manipul\u00e1cie s materi\u00e1lom. V hydraulickom syst\u00e9me dosahuje valec ly\u017eice presn\u00e9 ovl\u00e1danie ly\u017eice zmenou tlaku hydraulick\u00e9ho oleja, \u010do umo\u017e\u0148uje obsluhe efekt\u00edvne manipulova\u0165 s \u0165a\u017ek\u00fdmi materi\u00e1lmi, prisp\u00f4sobi\u0165 sa zlo\u017eit\u00fdm pracovn\u00fdm prostrediam a r\u00f4znym prev\u00e1dzkov\u00fdm po\u017eiadavk\u00e1m.<\/p>\n<p><img decoding=\"async\" src=\"https:\/\/www.hydraulic-cylinders.net\/wp-content\/uploads\/2025\/01\/songte-company-2.webp\" \/><\/p>\n<h3>Funkcie<\/h3>\n<ul>\n<li><strong>Vysok\u00e1 pevnos\u0165 a odolnos\u0165:<\/strong> Zvy\u010dajne je vyroben\u00fd z vysokopevnostnej ocele alebo hlin\u00edka, odol\u00e1 vysok\u00e9mu tlaku a \u0165a\u017ek\u00fdm za\u0165a\u017eeniam, prisp\u00f4sob\u00ed sa n\u00e1ro\u010dn\u00fdm pracovn\u00fdm podmienkam a je navrhnut\u00fd s oh\u013eadom na odolnos\u0165 vo\u010di opotrebovaniu a kor\u00f3zii, \u010d\u00edm sa predl\u017euje jeho \u017eivotnos\u0165.<\/li>\n<li><strong>Efekt\u00edvna hydraulick\u00e1 prev\u00e1dzka:<\/strong> Vyu\u017e\u00edva tlak hydraulick\u00e9ho oleja na dosiahnutie plynul\u00e9ho vys\u00favania a zas\u00favania, dok\u00e1\u017ee r\u00fdchlo reagova\u0165 na ovl\u00e1dacie povely, poskytuje siln\u00e9 tla\u010dn\u00e9 a \u0165a\u017en\u00e9 sily a je vhodn\u00fd na manipul\u00e1ciu s \u0165a\u017ek\u00fdmi materi\u00e1lmi a zlo\u017eit\u00e9 prev\u00e1dzkov\u00e9 \u00falohy.<\/li>\n<li><strong>R\u00f4zne typy:<\/strong> Pod\u013ea prev\u00e1dzkov\u00fdch po\u017eiadaviek je mo\u017en\u00e9 vybra\u0165 jedno\u010dinn\u00e9 (hydraulick\u00e9 iba v jednom smere) alebo dvoj\u010dinn\u00e9 (hydraulick\u00e9 v oboch smeroch) valce a niektor\u00e9 modely s\u00fa teleskopick\u00e9, \u010do umo\u017e\u0148uje v\u00e4\u010d\u0161ie vysunutie bez zv\u00e4\u010d\u0161enia vonkaj\u0161\u00edch rozmerov, v\u010faka \u010domu s\u00fa vhodn\u00e9 pre aplik\u00e1cie s obmedzen\u00fdm priestorom.<\/li>\n<li><strong>Kompatibilita:<\/strong> N\u00e1\u0161 produkt dok\u00e1\u017ee dokonale nahradi\u0165 tieto hydraulick\u00e9 valce a my ho vieme vyrobi\u0165.<\/li>\n<\/ul>\n<p><img decoding=\"async\" src=\"https:\/\/www.hydraulic-cylinders.net\/wp-content\/uploads\/2025\/01\/songte-cylinder-head-with-all-kinds-excavator-models.webp\" \/><\/p>\n<h3>Aplik\u00e1cie<\/h3>\n<p>Valce s ko\u0161\u00edkom sa \u0161iroko pou\u017e\u00edvaj\u00fa v r\u00f4znych odvetviach, vr\u00e1tane:<\/p>\n<ul>\n<li><strong>Stavebn\u00e9 vybavenie:<\/strong> V r\u00fdpadl\u00e1ch s\u00fa k\u013e\u00fa\u010dov\u00e9 pre kopanie, nakladanie a premiest\u0148ovanie zeminy alebo sutiny. V r\u00fdpadlov\u00fdch r\u00fdpadl\u00e1ch pom\u00e1ha valec ly\u017eice pri kopan\u00ed aj zdv\u00edhan\u00ed. <\/li>\n<li><strong>Po\u013enohospod\u00e1rske stroje:<\/strong> Pou\u017e\u00edva sa v \u010deln\u00fdch naklada\u010doch na naberanie, zdv\u00edhanie a prepravu p\u00f4dy, sena a in\u00fdch materi\u00e1lov. <\/li>\n<li><strong>R\u00fdpadl\u00e1:<\/strong> Valec ly\u017eice dosahuje kopac\u00ed \u00fa\u010dinok t\u00fdm, \u017ee umo\u017e\u0148uje ly\u017eici prenikn\u00fa\u0165 do p\u00f4dy. <\/li>\n<li><strong>Naklada\u010de:<\/strong> V \u010deln\u00fdch naklada\u010doch pom\u00e1haj\u00fa pri efekt\u00edvnom zdv\u00edhan\u00ed a nakl\u00e1\u0148an\u00ed tovaru. <\/li>\n<\/ul>\n<h3>Krit\u00e9ri\u00e1 n\u00e1vrhu a v\u00fdberu<\/h3>\n<p>Pri navrhovan\u00ed valcov s kol\u00edkmi je potrebn\u00e9 zv\u00e1\u017ei\u0165 nieko\u013eko faktorov, ako napr\u00edklad:<\/p>\n<ul>\n<li><strong>Nosnos\u0165:<\/strong> Valec by mal by\u0165 schopn\u00fd odola\u0165 hmotnosti zdv\u00edhan\u00e9ho materi\u00e1lu bez deform\u00e1cie alebo po\u0161kodenia.<\/li>\n<li><strong>Tesnenie:<\/strong> Na zabr\u00e1nenie \u00faniku a udr\u017eanie tlaku by sa mali pou\u017e\u00edva\u0165 r\u00f4zne tesniace komponenty, ako s\u00fa tesnenia piestov a tesnenia ty\u010d\u00ed.<\/li>\n<li><strong>Trvanlivos\u0165:<\/strong> Materi\u00e1l valca by mal by\u0165 odoln\u00fd vo\u010di opotrebovaniu, kor\u00f3zii a \u00fanave a povrch by mal by\u0165 jemne o\u0161etren\u00fd, aby sa zv\u00fd\u0161ila odolnos\u0165 vo\u010di opotrebovaniu.<\/li>\n<li><strong>Bezpe\u010dnos\u0165:<\/strong> Valec by mal by\u0165 navrhnut\u00fd tak, aby sa predi\u0161lo nehod\u00e1m, ako je \u00fanik, pre\u0165a\u017eenie a n\u00e1hle zlyhanie.<\/li>\n<li><strong>\u00dadr\u017eba:<\/strong> Valec by mal by\u0165 \u013eahko rozoberate\u013en\u00fd a opravovate\u013en\u00fd s \u013eahko dostupn\u00fdmi vhodn\u00fdmi n\u00e1hradn\u00fdmi dielmi.<\/li>\n<\/ul>\n<p><img decoding=\"async\" src=\"https:\/\/www.hydraulic-cylinders.net\/wp-content\/uploads\/2025\/01\/songte-oil-pipes-and-spare-parts.webp\" \/><\/p>\n<h3>Tesnenie a mazanie<\/h3>\n<p>Valce s kor\u010dekom pou\u017e\u00edvaj\u00fa r\u00f4zne tesniace komponenty, ako s\u00fa tesnenia piestov a tesnenia ty\u010d\u00ed, vyroben\u00e9 z materi\u00e1lov odoln\u00fdch vo\u010di opotrebovaniu, ako je polyuret\u00e1n a nitrilov\u00fd kau\u010duk. Teleso valca a povrchy z\u00e1vitov\u00fdch koncov s\u00fa jemne o\u0161etren\u00e9, aby sa zv\u00fd\u0161ila odolnos\u0165 vo\u010di opotrebovaniu. Pravideln\u00e9 mazanie hydraulick\u00fdm olejom je nevyhnutn\u00e9 na zabezpe\u010denie plynul\u00e9ho pohybu a zn\u00ed\u017eenie opotrebenia.<\/p>\n<h3>\u00dadr\u017eba a opravy<\/h3>\n<p>Na zabezpe\u010denie dlhej \u017eivotnosti a spo\u013eahlivej prev\u00e1dzky valcov s vedro by sa mali vykon\u00e1va\u0165 pravideln\u00e9 kontroly a prevent\u00edvne \u00fadr\u017eb\u00e1rske opatrenia. Medzi be\u017en\u00e9 \u00falohy \u00fadr\u017eby patria:<\/p>\n<ul>\n<li><strong>Pravideln\u00e1 kontrola:<\/strong> Skontrolujte netesnosti, uvo\u013enen\u00e9 spoje a zn\u00e1mky opotrebovania.<\/li>\n<li><strong>Mazanie:<\/strong> Valec udr\u017eiavajte dobre namazan\u00fd hydraulick\u00fdm olejom pod\u013ea odpor\u00fa\u010dan\u00ed v\u00fdrobcu.<\/li>\n<li><strong>V\u00fdmena tesnenia:<\/strong> Opotrebovan\u00e9 alebo po\u0161koden\u00e9 tesnenia \u010do najsk\u00f4r vyme\u0148te, aby ste predi\u0161li \u00fanikom a strate tlaku.<\/li>\n<li><strong>Kontrola zarovnania:<\/strong> Po\u010das in\u0161tal\u00e1cie valec spr\u00e1vne zarovnajte, aby ste predi\u0161li po\u0161kodeniu a zabezpe\u010dili plynul\u00fd chod.<\/li>\n<li><strong>Oprava a v\u00fdmena:<\/strong> Dodr\u017eiavajte odpor\u00fa\u010dan\u00e9 postupy na opravu alebo v\u00fdmenu po\u0161koden\u00fdch komponentov a zv\u00e1\u017ete rekon\u0161truk\u010dn\u00e9 slu\u017eby, aby ste pred\u013a\u017eili \u017eivotnos\u0165 valca.<\/li>\n<\/ul>\n<p><img decoding=\"async\" src=\"https:\/\/www.hydraulic-cylinders.net\/wp-content\/uploads\/2025\/01\/songte-chushion-collar.webp\" \/><\/p>\n<h3>Bezpe\u010dnostn\u00e9 a environment\u00e1lne aspekty<\/h3>\n<p>Pri pou\u017e\u00edvan\u00ed valcov s ko\u0161\u00edkom by sa mali prija\u0165 bezpe\u010dnostn\u00e9 opatrenia, aby sa predi\u0161lo nehod\u00e1m, ako je pre\u0165a\u017eenie, n\u00e1hle zlyhanie a \u00fanik. Spr\u00e1vna likvid\u00e1cia star\u00fdch alebo po\u0161koden\u00fdch valcov a hydraulick\u00e9ho oleja je nevyhnutn\u00e1 na zabr\u00e1nenie zne\u010distenia a po\u0161kodenia \u017eivotn\u00e9ho prostredia.<\/p>\n<h3>Diagnostika por\u00fach a rie\u0161enie probl\u00e9mov<\/h3>\n<p>Medzi be\u017en\u00e9 probl\u00e9my s valcami vedra patria netesnosti, nedostato\u010dn\u00fd tlak a abnorm\u00e1lny hluk. Rie\u0161enie probl\u00e9mov by sa malo vykona\u0165 r\u00fdchlo kontrolou uvo\u013enen\u00fdch spojov, po\u0161koden\u00fdch tesnen\u00ed a in\u00fdch mo\u017en\u00fdch pr\u00ed\u010din. Pravideln\u00e1 kontrola a \u00fadr\u017eba m\u00f4\u017eu pom\u00f4c\u0165 predch\u00e1dza\u0165 mnoh\u00fdm probl\u00e9mom.<\/p>\n<p><img decoding=\"async\" src=\"https:\/\/www.hydraulic-cylinders.net\/wp-content\/uploads\/2025\/01\/songte-bushings-with-all-kinds-of-excavator-models.webp\" \/><\/p>\n<h2>Na\u0161a spolo\u010dnos\u0165<\/h2>\n<p>Sme v\u00fdrobcom n\u00e1hradn\u00fdch hydraulick\u00fdch valcov so \u0161irokou \u0161k\u00e1lou typov produktov. Sme jedn\u00fdm z popredn\u00fdch v\u00fdrobcov a ve\u013ekoobchodn\u00fdch distrib\u00fatorov hydraulick\u00fdch valcov na dom\u00e1com aj medzin\u00e1rodnom trhu. Dodr\u017eiavame vynikaj\u00facu kvalitu a spoliehame sa na strat\u00e9gie riadenia priemyselnej v\u00fdroby v prec\u00edzne spracovan\u00fdch v\u00fdrobn\u00fdch diel\u0148ach. Spolo\u010dnos\u0165 neust\u00e1le zlep\u0161uje v\u00fdrobn\u00fa platformu dielne vyu\u017e\u00edvan\u00edm technick\u00fdch talentov, digit\u00e1lnych \u0161pi\u010dkov\u00fdch v\u00fdrobn\u00fdch zariaden\u00ed a profesion\u00e1lnych testovac\u00edch syst\u00e9mov, \u010d\u00edm zlep\u0161uje kvalitu v\u00fdrobnej linky a zdokona\u013euje v\u00fdrobn\u00fa cestu. Spolo\u010dnos\u0165 m\u00e1 siln\u00e9 tvoriv\u00e9 schopnosti a dodr\u017eiava princ\u00edp vysokej efektivity, vysokej presnosti a vysokej kvality, aby uspokojila rozmanit\u00e9 potreby z\u00e1kazn\u00edkov.<\/p>\n<p><img decoding=\"async\" src=\"https:\/\/hzpt.com\/wp-content\/uploads\/2024\/11\/songte-company-1.webp\" \/><\/p>\n<h3>Profesionalita<\/h3>\n<p>N\u00e1\u0161 t\u00edm sa sklad\u00e1 z vysoko kvalifikovan\u00fdch odborn\u00edkov s rozsiahlymi sk\u00fasenos\u0165ami v oblasti n\u00e1vrhu a v\u00fdroby hydraulick\u00fdch valcov. Pou\u017e\u00edvame pokro\u010dil\u00e9 kon\u0161truk\u010dn\u00e9 a v\u00fdrobn\u00e9 procesy, aby sme zabezpe\u010dili, \u017ee na\u0161e produkty sp\u013a\u0148aj\u00fa najvy\u0161\u0161ie priemyseln\u00e9 \u0161tandardy.<\/p>\n<h3>Medzin\u00e1rodn\u00e1 certifik\u00e1cia<\/h3>\n<p>Na\u0161e produkty s\u00fa certifikovan\u00e9 medzin\u00e1rodn\u00fdmi normaliza\u010dn\u00fdmi organiz\u00e1ciami vr\u00e1tane ISO 9001 a CE. To dokazuje n\u00e1\u0161 z\u00e1v\u00e4zok ku kvalite a na\u0161u schopnos\u0165 dod\u00e1va\u0165 produkty, ktor\u00e9 sp\u013a\u0148aj\u00fa aj tie najn\u00e1ro\u010dnej\u0161ie po\u017eiadavky z\u00e1kazn\u00edkov.<\/p>\n<h3>Slu\u017eby prisp\u00f4sobenia<\/h3>\n<p>Pon\u00fakame slu\u017eby prisp\u00f4sobenia, aby sme splnili \u0161pecifick\u00e9 potreby na\u0161ich z\u00e1kazn\u00edkov. N\u00e1\u0161 t\u00edm odborn\u00edkov m\u00f4\u017ee spolupracova\u0165 so z\u00e1kazn\u00edkmi na n\u00e1vrhu a v\u00fdrobe hydraulick\u00fdch valcov na mieru, ktor\u00e9 sp\u013a\u0148aj\u00fa ich jedine\u010dn\u00e9 po\u017eiadavky.<\/p>\n<h3>V\u00fdrobn\u00e9 zariadenia<\/h3>\n<p>Pou\u017e\u00edvame najmodernej\u0161ie v\u00fdrobn\u00e9 zariadenia, aby sme zabezpe\u010dili najvy\u0161\u0161iu kvalitu na\u0161ich v\u00fdrobkov. Na\u0161e v\u00fdrobn\u00e9 vybavenie zah\u0155\u0148a CNC obr\u00e1bacie centr\u00e1, hydraulick\u00e9 testovacie zariadenia a \u010fal\u0161ie high-tech stroje.<\/p>\n<h3>Popredajn\u00fd servis<\/h3>\n<p>Poskytujeme vynikaj\u00faci popredajn\u00fd servis, aby sme zabezpe\u010dili spokojnos\u0165 na\u0161ich z\u00e1kazn\u00edkov s ich n\u00e1kupmi. N\u00e1\u0161 t\u00edm odborn\u00edkov je k dispoz\u00edcii, aby zodpovedal v\u0161etky ot\u00e1zky a poskytol podporu po\u010das cel\u00e9ho \u017eivotn\u00e9ho cyklu produktu.<\/p>\n<h4>Autor: lyl<\/h4>","protected":false},"excerpt":{"rendered":"<p>Bucket Cylinder for Yuchai YC18SR Introduction A bucket cylinder is a specially designed hydraulic cylinder that is primarily used to control the movement of the bucket in heavy machinery such as excavators, backhoe excavators, and front loaders. Its main function is to allow the bucket to lift, lower, and tilt, making it easier to carry [&hellip;]<\/p>","protected":false},"featured_media":14788,"comment_status":"open","ping_status":"closed","template":"","meta":{"_et_pb_use_builder":"","_et_pb_old_content":"","_et_gb_content_width":""},"product_brand":[],"product_cat":[1494],"product_tag":[1495,1496],"class_list":{"0":"post-15853","1":"product","2":"type-product","3":"status-publish","4":"has-post-thumbnail","6":"product_cat-bucket-cylinders","7":"product_tag-bucket-cylinders","8":"product_tag-hydraulic-cylinders","10":"first","11":"instock","12":"shipping-taxable","13":"product-type-simple"},"amp_enabled":true,"_links":{"self":[{"href":"https:\/\/www.hydraulic-cylinders.net\/sk\/wp-json\/wp\/v2\/product\/15853","targetHints":{"allow":["GET"]}}],"collection":[{"href":"https:\/\/www.hydraulic-cylinders.net\/sk\/wp-json\/wp\/v2\/product"}],"about":[{"href":"https:\/\/www.hydraulic-cylinders.net\/sk\/wp-json\/wp\/v2\/types\/product"}],"replies":[{"embeddable":true,"href":"https:\/\/www.hydraulic-cylinders.net\/sk\/wp-json\/wp\/v2\/comments?post=15853"}],"wp:featuredmedia":[{"embeddable":true,"href":"https:\/\/www.hydraulic-cylinders.net\/sk\/wp-json\/wp\/v2\/media\/14788"}],"wp:attachment":[{"href":"https:\/\/www.hydraulic-cylinders.net\/sk\/wp-json\/wp\/v2\/media?parent=15853"}],"wp:term":[{"taxonomy":"product_brand","embeddable":true,"href":"https:\/\/www.hydraulic-cylinders.net\/sk\/wp-json\/wp\/v2\/product_brand?post=15853"},{"taxonomy":"product_cat","embeddable":true,"href":"https:\/\/www.hydraulic-cylinders.net\/sk\/wp-json\/wp\/v2\/product_cat?post=15853"},{"taxonomy":"product_tag","embeddable":true,"href":"https:\/\/www.hydraulic-cylinders.net\/sk\/wp-json\/wp\/v2\/product_tag?post=15853"}],"curies":[{"name":"pracovn\u00fd list","href":"https:\/\/api.w.org\/{rel}","templated":true}]}}