{"id":15855,"date":"2025-01-19T15:04:49","date_gmt":"2025-01-19T15:04:49","guid":{"rendered":"https:\/\/www.hydraulic-cylinders.net\/product\/bucket-cylinder-for-yuchai-yc35-8-2\/"},"modified":"2025-01-19T15:04:51","modified_gmt":"2025-01-19T15:04:51","slug":"bucket-cylinder-for-yuchai-yc35-8-2","status":"publish","type":"product","link":"https:\/\/www.hydraulic-cylinders.net\/sk\/produkt\/bucket-cylinder-for-yuchai-yc35-8-2\/","title":{"rendered":"Valec vedra pre Yuchai YC35-8"},"content":{"rendered":"<p><!DOCTYPE html><br \/>\n<html><br \/>\n<head><br \/>\n<title>Valec vedra pre Yuchai YC35-8<\/title><br \/>\n<\/head><br \/>\n<body><\/p>\n<h1>Valec vedra pre Yuchai YC35-8<\/h1>\n<h2>\u00davod<\/h2>\n<p>Hydraulick\u00fd valec ly\u017eice pre Yuchai YC35-8 je \u0161peci\u00e1lne navrhnut\u00fd hydraulick\u00fd valec pou\u017e\u00edvan\u00fd na ovl\u00e1danie pohybu ly\u017eice v \u0165a\u017ek\u00fdch strojoch, ako s\u00fa bagre, r\u00fdpadlo-naklada\u010de a \u010deln\u00e9 naklada\u010de. Jeho hlavnou funkciou je umo\u017eni\u0165 zdv\u00edhanie, sp\u00fa\u0161\u0165anie a nakl\u00e1\u0148anie ly\u017eice, \u010do u\u013eah\u010duje r\u00f4zne \u00falohy manipul\u00e1cie s materi\u00e1lom. V hydraulickom syst\u00e9me dosahuje valec ly\u017eice presn\u00e9 ovl\u00e1danie ly\u017eice zmenami tlaku hydraulick\u00e9ho oleja, \u010do umo\u017e\u0148uje obsluhe efekt\u00edvne manipulova\u0165 s \u0165a\u017ek\u00fdmi bremenami a prisp\u00f4sobova\u0165 sa zlo\u017eit\u00fdm pracovn\u00fdm prostrediam a r\u00f4znorod\u00fdm po\u017eiadavk\u00e1m pr\u00e1ce.<\/p>\n<p><img decoding=\"async\" src=\"https:\/\/www.hydraulic-cylinders.net\/wp-content\/uploads\/2025\/01\/songte-company-2.webp\" alt=\"Obr\u00e1zok valca vedra\"><\/p>\n<h2>Funkcie<\/h2>\n<ul>\n<li><strong>Vysok\u00e1 pevnos\u0165 a odolnos\u0165:<\/strong> Zvy\u010dajne je vyroben\u00fd z vysokopevnostnej ocele alebo hlin\u00edka, tak\u017ee odol\u00e1 vysok\u00e9mu tlaku a \u0165a\u017ek\u00fdm za\u0165a\u017eeniam, \u010d\u00edm sa prisp\u00f4sob\u00ed n\u00e1ro\u010dn\u00fdm pracovn\u00fdm podmienkam. Kon\u0161trukcia zoh\u013ead\u0148uje odolnos\u0165 vo\u010di opotrebovaniu a kor\u00f3zii, \u010d\u00edm sa predl\u017euje \u017eivotnos\u0165.<\/li>\n<li><strong>Efekt\u00edvna hydraulick\u00e1 prev\u00e1dzka:<\/strong> V\u010faka tlaku hydraulick\u00e9ho oleja na dosiahnutie plynul\u00e9ho vys\u00favania a zas\u00favania dok\u00e1\u017ee r\u00fdchlo reagova\u0165 na ovl\u00e1dacie povely a poskytova\u0165 siln\u00e9 tla\u010dn\u00e9 a \u0165a\u017en\u00e9 sily na manipul\u00e1ciu s \u0165a\u017ek\u00fdmi bremenami a zlo\u017eit\u00fdmi \u00falohami.<\/li>\n<li><strong>R\u00f4zne typy:<\/strong> K dispoz\u00edcii s\u00fa s jedno\u010dinn\u00fdmi (hydraulick\u00fd tlak pou\u017e\u00edvan\u00fd v jednom smere) alebo dvoj\u010dinn\u00fdmi (hydraulick\u00fd tlak pou\u017e\u00edvan\u00fd v oboch smeroch) valcami pre splnenie r\u00f4znych prev\u00e1dzkov\u00fdch potrieb. Niektor\u00e9 modely s\u00fa teleskopick\u00e9, \u010do umo\u017e\u0148uje v\u00e4\u010d\u0161ie vysunutie bez zv\u00e4\u010d\u0161enia vonkaj\u0161\u00edch rozmerov, vhodn\u00e9 pre aplik\u00e1cie s obmedzen\u00fdm priestorom.<\/li>\n<li><strong>Dokonal\u00e1 n\u00e1hrada:<\/strong> Na\u0161e produkty dok\u00e1\u017eu dokonale nahradi\u0165 tieto hydraulick\u00e9 valce.<\/li>\n<\/ul>\n<p><img decoding=\"async\" src=\"https:\/\/www.hydraulic-cylinders.net\/wp-content\/uploads\/2025\/01\/songte-cylinder-head-with-all-kinds-excavator-models.webp\" alt=\"Obr\u00e1zok n\u00e1hradn\u00e9ho valca\"><\/p>\n<h2>Aplik\u00e1cie<\/h2>\n<p>Valec s ko\u0161\u00edkom pre Yuchai YC35-8 nach\u00e1dza uplatnenie v r\u00f4znych zariadeniach:<\/p>\n<ul>\n<li><strong>Stavebn\u00e9 vybavenie:<\/strong> Nach\u00e1dzaj\u00fa sa v bagroch a s\u00fa k\u013e\u00fa\u010dov\u00e9 pre v\u00fdkopov\u00e9 pr\u00e1ce, nakladanie a premiest\u0148ovanie zeminy alebo sutiny. V r\u00fdpadlo-naklada\u010doch valec ly\u017eice pom\u00e1ha pri kopan\u00ed aj zdv\u00edhan\u00ed.<\/li>\n<li><strong>Po\u013enohospod\u00e1rske stroje:<\/strong> Pou\u017e\u00edva sa v \u010deln\u00fdch naklada\u010doch na naberanie, zdv\u00edhanie a prepravu p\u00f4dy, sena a in\u00fdch materi\u00e1lov.<\/li>\n<li><strong>R\u00fdpadl\u00e1:<\/strong> Valec ly\u017eice umo\u017e\u0148uje v\u00fdkop t\u00fdm, \u017ee umo\u017e\u0148uje ly\u017eici prenikn\u00fa\u0165 do p\u00f4dy.<\/li>\n<li><strong>Naklada\u010de:<\/strong> V \u010deln\u00fdch naklada\u010doch pom\u00e1haj\u00fa pri zdv\u00edhan\u00ed a nakl\u00e1\u0148an\u00ed, aby sa n\u00e1klad efekt\u00edvne vysypal.<\/li>\n<\/ul>\n<h2>\u00davahy o dizajne a krit\u00e9ri\u00e1 v\u00fdberu<\/h2>\n<p>Pokia\u013e ide o kon\u0161truk\u010dn\u00e9 aspekty a krit\u00e9ri\u00e1 v\u00fdberu valca s vedro, treba zv\u00e1\u017ei\u0165 nieko\u013eko faktorov:<\/p>\n<ul>\n<li><strong>Nosnos\u0165:<\/strong> Valec mus\u00ed by\u0165 schopn\u00fd odola\u0165 o\u010dak\u00e1van\u00e9mu za\u0165a\u017eeniu a tlaku.<\/li>\n<li><strong>Tesnenie:<\/strong> Spr\u00e1vne utesnenie je k\u013e\u00fa\u010dov\u00e9 pre zabr\u00e1nenie \u00faniku a udr\u017eanie optim\u00e1lneho v\u00fdkonu. Pou\u017e\u00edvaj\u00fa sa r\u00f4zne tesniace komponenty, ako s\u00fa tesnenia piestov a ty\u010d\u00ed, vyroben\u00e9 z materi\u00e1lov odoln\u00fdch vo\u010di opotrebovaniu, ako je polyuret\u00e1n a nitrilov\u00e1 guma.<\/li>\n<li><strong>Trvanlivos\u0165:<\/strong> Kon\u0161trukcia valca by mala by\u0165 odoln\u00e1, aby vydr\u017eala n\u00e1ro\u010dn\u00e9 pracovn\u00e9 podmienky a zabezpe\u010dila dlh\u00fa \u017eivotnos\u0165.<\/li>\n<li><strong>Bezpe\u010dnos\u0165:<\/strong> Mali by by\u0165 zabudovan\u00e9 bezpe\u010dnostn\u00e9 prvky, aby sa predi\u0161lo nehod\u00e1m a zabezpe\u010dila sa pohoda obsluhy a okolit\u00e9ho person\u00e1lu.<\/li>\n<li><strong>Udr\u017eiavate\u013enos\u0165:<\/strong> Jednoduch\u00fd pr\u00edstup pre \u00fadr\u017ebu a opravy je nevyhnutn\u00fd pre minimaliz\u00e1ciu prestojov a udr\u017eanie valca v optim\u00e1lnom prev\u00e1dzkovom stave.<\/li>\n<\/ul>\n<p><img decoding=\"async\" src=\"https:\/\/www.hydraulic-cylinders.net\/wp-content\/uploads\/2025\/01\/songte-oil-pipes-and-spare-parts.webp\" alt=\"Obr\u00e1zok \u010dast\u00ed hydraulick\u00e9ho valca\"><\/p>\n<h2>Tesnenie a mazanie<\/h2>\n<p>Valec kor\u010deka vyu\u017e\u00edva r\u00f4zne tesniace komponenty, ako s\u00fa tesnenia piestov a tesnenia ty\u010d\u00ed, ktor\u00e9 s\u00fa vyroben\u00e9 z materi\u00e1lov odoln\u00fdch vo\u010di opotrebovaniu, ako je polyuret\u00e1n a nitrilov\u00fd kau\u010duk. Teleso valca a z\u00e1vitov\u00e9 koncov\u00e9 plochy s\u00fa jemne opracovan\u00e9 pre zv\u00fd\u0161enie odolnosti vo\u010di opotrebovaniu. Pre zabezpe\u010denie hladk\u00e9ho chodu je potrebn\u00e9 pravideln\u00e9 mazanie vhodn\u00fdm hydraulick\u00fdm olejom.<\/p>\n<h2>Pravideln\u00e1 kontrola a prevent\u00edvna \u00fadr\u017eba<\/h2>\n<p>Pre zabezpe\u010denie optim\u00e1lneho v\u00fdkonu a dlhej \u017eivotnosti valca vedra by sa mala vykon\u00e1va\u0165 pravideln\u00e1 kontrola a prevent\u00edvna \u00fadr\u017eba:<\/p>\n<ul>\n<li>Skontrolujte, \u010di nejav\u00ed zn\u00e1mky opotrebovania, po\u0161kodenia alebo \u00faniku.<\/li>\n<li>D\u00f4kladne nama\u017ete v\u0161etky pohybliv\u00e9 \u010dasti.<\/li>\n<li>V pr\u00edpade potreby vyme\u0148te tesnenia.<\/li>\n<li>Vykonajte kalibra\u010dn\u00e9 kontroly, aby ste zabezpe\u010dili presn\u00fa prev\u00e1dzku.<\/li>\n<\/ul>\n<p><img decoding=\"async\" src=\"https:\/\/www.hydraulic-cylinders.net\/wp-content\/uploads\/2025\/01\/songte-chushion-collar.webp\" alt=\"Obr\u00e1zok vank\u00fa\u0161ov\u00e9ho goliera\"><\/p>\n<h2>Bezpe\u010dnostn\u00e9 aspekty a faktory prostredia<\/h2>\n<p>Pri pou\u017e\u00edvan\u00ed vedrov\u00e9ho valca je nevyhnutn\u00e9 dodr\u017eiava\u0165 bezpe\u010dnostn\u00e9 opatrenia, aby sa predi\u0161lo nehod\u00e1m a zabezpe\u010dilo bezpe\u010dn\u00e9 pracovn\u00e9 prostredie. Pri pou\u017e\u00edvan\u00ed valca by sa mali prija\u0165 bezpe\u010dnostn\u00e9 opatrenia.<\/p>\n<h2>Diagnostika por\u00fach a be\u017en\u00e9 probl\u00e9my<\/h2>\n<p>V pr\u00edpade ak\u00fdchko\u013evek por\u00fach je d\u00f4le\u017eit\u00e9 ich okam\u017eite diagnostikova\u0165 a rie\u0161i\u0165. Medzi be\u017en\u00e9 probl\u00e9my, ktor\u00e9 sa m\u00f4\u017eu vyskytn\u00fa\u0165 s valcom vedra, patria:<\/p>\n<ul>\n<li>\u00danik hydraulick\u00e9ho oleja<\/li>\n<li>Strata nap\u00e1jania alebo pomal\u00e1 prev\u00e1dzka<\/li>\n<li>Nezvy\u010dajn\u00fd hluk alebo vibr\u00e1cie<\/li>\n<\/ul>\n<p><img decoding=\"async\" src=\"https:\/\/www.hydraulic-cylinders.net\/wp-content\/uploads\/2025\/01\/songte-bushings-with-all-kinds-of-excavator-models.webp\" alt=\"Obr\u00e1zok puzdier\"><\/p>\n<h2>Tipy na rie\u0161enie probl\u00e9mov a \u00fadr\u017ebu<\/h2>\n<p>Pre efekt\u00edvne rie\u0161enie probl\u00e9mov a ich rie\u0161enie m\u00f4\u017eu by\u0165 u\u017eito\u010dn\u00e9 nasleduj\u00face tipy:<\/p>\n<ul>\n<li>Poskytnite pokyny pre spr\u00e1vne zarovnanie valca po\u010das in\u0161tal\u00e1cie.<\/li>\n<li>Na upevnenie valca odpor\u00fa\u010dame pou\u017eitie vhodn\u00fdch mont\u00e1\u017enych konzol.<\/li>\n<li>Pora\u010fte s odpor\u00fa\u010dan\u00fdmi postupmi kontroly, opravy a v\u00fdmeny.<\/li>\n<li>Poskytnite tipy na pred\u013a\u017eenie \u017eivotnosti valca vedra.<\/li>\n<\/ul>\n<h2>Na\u0161a spolo\u010dnos\u0165<\/h2>\n<p>Sme v\u00fdrobcom n\u00e1hradn\u00fdch hydraulick\u00fdch valcov a jedn\u00fdm z popredn\u00fdch v\u00fdrobcov a ve\u013ekoobchodn\u00fdch distrib\u00fatorov na dom\u00e1com aj medzin\u00e1rodnom trhu. Dodr\u017eiavame z\u00e1sady vynikaj\u00facej kvality a spoliehame sa na strat\u00e9gie riadenia priemyselnej v\u00fdroby v na\u0161ich sofistikovan\u00fdch v\u00fdrobn\u00fdch diel\u0148ach. V\u010faka na\u0161im technick\u00fdm talentom, pokro\u010dil\u00e9mu digit\u00e1lnemu v\u00fdrobn\u00e9mu zariadeniu a profesion\u00e1lnym testovac\u00edm syst\u00e9mom neust\u00e1le zlep\u0161ujeme na\u0161u v\u00fdrobn\u00fa platformu a zdokona\u013eujeme v\u00fdrobn\u00fd postup pre dosiahnutie kvality produktov. M\u00e1me siln\u00e9 kreat\u00edvne schopnosti a sna\u017e\u00edme sa uspokoji\u0165 rozmanit\u00e9 potreby z\u00e1kazn\u00edkov s vysokou efektivitou, presnos\u0165ou a kvalitou.<\/p>\n<p><img decoding=\"async\" src=\"https:\/\/www.hydraulic-cylinders.net\/wp-content\/uploads\/2025\/01\/songte-company-3.webp\" alt=\"Obr\u00e1zok spolo\u010dnosti\"><\/p>\n<p>Na\u0161a spolo\u010dnos\u0165 je zn\u00e1ma pre:<\/p>\n<ul>\n<li>Profesionalita<\/li>\n<li>Medzin\u00e1rodn\u00e9 certifik\u00e1cie<\/li>\n<li>Slu\u017eby prisp\u00f4sobenia<\/li>\n<li>Pokro\u010dil\u00e9 v\u00fdrobn\u00e9 zariadenia<\/li>\n<li>Popredajn\u00e9 slu\u017eby<\/li>\n<\/ul>\n<p>Autor: lyl<\/p>\n<p><\/body><br \/>\n<\/html><\/p>","protected":false},"excerpt":{"rendered":"<p>Bucket Cylinder For Yuchai YC35-8 Bucket Cylinder For Yuchai YC35-8 Introduction The bucket cylinder for Yuchai YC35-8 is a specially designed hydraulic cylinder used to control the movement of the bucket in heavy machinery such as excavators, backhoe loaders, and front-end loaders. Its main function is to enable the bucket to lift, lower, and tilt, [&hellip;]<\/p>","protected":false},"featured_media":14785,"comment_status":"open","ping_status":"closed","template":"","meta":{"_et_pb_use_builder":"","_et_pb_old_content":"","_et_gb_content_width":""},"product_brand":[],"product_cat":[1494],"product_tag":[1495,1496],"class_list":{"0":"post-15855","1":"product","2":"type-product","3":"status-publish","4":"has-post-thumbnail","6":"product_cat-bucket-cylinders","7":"product_tag-bucket-cylinders","8":"product_tag-hydraulic-cylinders","10":"first","11":"instock","12":"shipping-taxable","13":"product-type-simple"},"amp_enabled":true,"_links":{"self":[{"href":"https:\/\/www.hydraulic-cylinders.net\/sk\/wp-json\/wp\/v2\/product\/15855","targetHints":{"allow":["GET"]}}],"collection":[{"href":"https:\/\/www.hydraulic-cylinders.net\/sk\/wp-json\/wp\/v2\/product"}],"about":[{"href":"https:\/\/www.hydraulic-cylinders.net\/sk\/wp-json\/wp\/v2\/types\/product"}],"replies":[{"embeddable":true,"href":"https:\/\/www.hydraulic-cylinders.net\/sk\/wp-json\/wp\/v2\/comments?post=15855"}],"wp:featuredmedia":[{"embeddable":true,"href":"https:\/\/www.hydraulic-cylinders.net\/sk\/wp-json\/wp\/v2\/media\/14785"}],"wp:attachment":[{"href":"https:\/\/www.hydraulic-cylinders.net\/sk\/wp-json\/wp\/v2\/media?parent=15855"}],"wp:term":[{"taxonomy":"product_brand","embeddable":true,"href":"https:\/\/www.hydraulic-cylinders.net\/sk\/wp-json\/wp\/v2\/product_brand?post=15855"},{"taxonomy":"product_cat","embeddable":true,"href":"https:\/\/www.hydraulic-cylinders.net\/sk\/wp-json\/wp\/v2\/product_cat?post=15855"},{"taxonomy":"product_tag","embeddable":true,"href":"https:\/\/www.hydraulic-cylinders.net\/sk\/wp-json\/wp\/v2\/product_tag?post=15855"}],"curies":[{"name":"pracovn\u00fd list","href":"https:\/\/api.w.org\/{rel}","templated":true}]}}