{"id":15873,"date":"2025-01-19T15:06:18","date_gmt":"2025-01-19T15:06:18","guid":{"rendered":"https:\/\/www.hydraulic-cylinders.net\/product\/bucket-cylinder-for-xinyuan-crawler-excavator-xy90\/"},"modified":"2025-01-19T15:06:20","modified_gmt":"2025-01-19T15:06:20","slug":"bucket-cylinder-for-xinyuan-crawler-excavator-xy90","status":"publish","type":"product","link":"https:\/\/www.hydraulic-cylinders.net\/sk\/produkt\/bucket-cylinder-for-xinyuan-crawler-excavator-xy90\/","title":{"rendered":"Valec vedra pre p\u00e1sov\u00e9 r\u00fdpadlo Xinyuan XY90"},"content":{"rendered":"<p><!DOCTYPE html><br \/>\n<html><br \/>\n<head><br \/>\n<title>Valec vedra pre p\u00e1sov\u00e9 r\u00fdpadlo Xinyuan XY90<\/title><br \/>\n<\/head><br \/>\n<body><\/p>\n<h1>Valec vedra pre p\u00e1sov\u00e9 r\u00fdpadlo Xinyuan XY90<\/h1>\n<h2>\u00davod<\/h2>\n<p>Hydraulick\u00fd valec ly\u017eice je \u0161peci\u00e1lne navrhnut\u00fd hydraulick\u00fd valec pou\u017e\u00edvan\u00fd na ovl\u00e1danie pohybu ly\u017eice v \u0165a\u017ek\u00fdch strojoch, ako s\u00fa bagre, r\u00fdpadlo-naklada\u010de a \u010deln\u00e9 naklada\u010de. Jeho hlavnou funkciou je umo\u017eni\u0165 zdv\u00edhanie, sp\u00fa\u0161\u0165anie a nakl\u00e1\u0148anie ly\u017eice, \u010do ju rob\u00ed vhodnou pre r\u00f4zne \u00falohy manipul\u00e1cie s materi\u00e1lom. V hydraulickom syst\u00e9me dosahuje valec ly\u017eice presn\u00e9 ovl\u00e1danie ly\u017eice zmenami tlaku hydraulick\u00e9ho oleja, \u010do umo\u017e\u0148uje obsluhe efekt\u00edvne manipulova\u0165 s \u0165a\u017ek\u00fdmi bremenami a prisp\u00f4sobova\u0165 sa zlo\u017eit\u00fdm pracovn\u00fdm prostrediam a r\u00f4znym prev\u00e1dzkov\u00fdm potreb\u00e1m.<\/p>\n<p><img decoding=\"async\" src=\"https:\/\/www.hydraulic-cylinders.net\/wp-content\/uploads\/2025\/01\/songte-company-2.webp\" alt=\"Obr\u00e1zok valca vedra\"><\/p>\n<h2>Funkcie<\/h2>\n<ul>\n<li>Vysok\u00e1 pevnos\u0165 a odolnos\u0165: Valec s vedro, zvy\u010dajne vyroben\u00fd z vysokopevnostnej ocele alebo hlin\u00edka, odol\u00e1 vysok\u00e9mu tlaku a \u0165a\u017ek\u00fdm za\u0165a\u017eeniam, \u010d\u00edm sa prisp\u00f4sob\u00ed n\u00e1ro\u010dn\u00fdm pracovn\u00fdm podmienkam. Jeho kon\u0161trukcia zoh\u013ead\u0148uje odolnos\u0165 vo\u010di opotrebovaniu a kor\u00f3zii, \u010d\u00edm sa predl\u017euje jeho \u017eivotnos\u0165.<\/li>\n<li>Efekt\u00edvna hydraulick\u00e1 prev\u00e1dzka: V\u010faka tlaku hydraulick\u00e9ho oleja dosahuje valec ly\u017eice plynul\u00e9 vys\u00favanie a zas\u00favanie, \u010do umo\u017e\u0148uje r\u00fdchlu reakciu na ovl\u00e1dacie povely a poskytuje siln\u00e9 tla\u010dn\u00e9 a \u0165a\u017en\u00e9 sily vhodn\u00e9 na manipul\u00e1ciu s \u0165a\u017ek\u00fdmi bremenami a zlo\u017eit\u00fdmi pracovn\u00fdmi \u00falohami.<\/li>\n<li>R\u00f4zne typy: Valec kor\u010deka je mo\u017en\u00e9 zvoli\u0165 ako jedno\u010dinn\u00fd (hydraulick\u00fd pohon sa pou\u017e\u00edva iba v jednom smere) alebo dvoj\u010dinn\u00fd (hydraulick\u00fd pohon sa pou\u017e\u00edva v oboch smeroch), aby sp\u013a\u0148al r\u00f4zne prev\u00e1dzkov\u00e9 potreby. Niektor\u00e9 modely s\u00fa teleskopick\u00e9, \u010do umo\u017e\u0148uje v\u00e4\u010d\u0161ie vysunutie bez zv\u00e4\u010d\u0161enia vonkaj\u0161\u00edch rozmerov, v\u010faka \u010domu s\u00fa vhodn\u00e9 pre aplik\u00e1cie s obmedzen\u00fdm priestorom.<\/li>\n<li>Dokonal\u00e1 n\u00e1hrada: Na\u0161e produkty dok\u00e1\u017eu dokonale nahradi\u0165 tieto hydraulick\u00e9 valce a poskytuj\u00fa spo\u013eahliv\u00fd v\u00fdkon a kompatibilitu.<\/li>\n<\/ul>\n<p><img decoding=\"async\" src=\"https:\/\/www.hydraulic-cylinders.net\/wp-content\/uploads\/2025\/01\/songte-cylinder-head-with-all-kinds-excavator-models.webp\" alt=\"Mo\u017enosti v\u00fdmeny\"><\/p>\n<h2>Aplik\u00e1cie<\/h2>\n<h3>Stavebn\u00e9 vybavenie:<\/h3>\n<p>V bagroch s\u00fa nevyhnutn\u00e9 na kopanie, nakladanie a premiest\u0148ovanie zeminy alebo sutiny. V r\u00fdpadlo-naklada\u010doch pom\u00e1ha valec ly\u017eice pri v\u00fdkopov\u00fdch pr\u00e1cach aj zdv\u00edhan\u00ed.<\/p>\n<h3>Po\u013enohospod\u00e1rske stroje:<\/h3>\n<p>Pou\u017e\u00edva sa v \u010deln\u00fdch naklada\u010doch na naberanie, zdv\u00edhanie a prepravu p\u00f4dy, sena a in\u00fdch materi\u00e1lov.<\/p>\n<h3>R\u00fdpadl\u00e1:<\/h3>\n<p>Valec ly\u017eice umo\u017e\u0148uje kopanie t\u00fdm, \u017ee umo\u017e\u0148uje ly\u017eici prenikn\u00fa\u0165 do p\u00f4dy.<\/p>\n<h3>Naklada\u010de:<\/h3>\n<p>V \u010deln\u00fdch naklada\u010doch pom\u00e1haj\u00fa pri efekt\u00edvnom zdv\u00edhan\u00ed a vykladan\u00ed tovaru.<\/p>\n<h2>\u00davahy o dizajne a krit\u00e9ri\u00e1 v\u00fdberu<\/h2>\n<ul>\n<li>Bearing Capacity: Discussing the cylinder&#8217;s ability to bear the specified loads.<\/li>\n<li>Tesnenie: Presk\u00famanie r\u00f4znych tesniacich prvkov, ako s\u00fa tesnenia piestov a tesnenia ty\u010d\u00ed vyroben\u00e9 z materi\u00e1lov odoln\u00fdch vo\u010di opotrebovaniu, ako je polyuret\u00e1n a nitrilov\u00e1 guma.<\/li>\n<li>Durability: Discussing the cylinder&#8217;s durability, considering factors such as fine surface treatment of the cylinder body and threaded ends to improve wear resistance.<\/li>\n<li>Bezpe\u010dnos\u0165: Diskusia o bezpe\u010dnostn\u00fdch aspektoch pri kon\u0161trukcii a prev\u00e1dzke valca s vedro.<\/li>\n<li>\u00dadr\u017eba: Presk\u00famanie postupov \u00fadr\u017eby, ako s\u00fa pravideln\u00e9 kontroly, mazanie, v\u00fdmena tesnen\u00ed a kalibra\u010dn\u00e9 kontroly.<\/li>\n<\/ul>\n<p><img decoding=\"async\" src=\"https:\/\/www.hydraulic-cylinders.net\/wp-content\/uploads\/2025\/01\/songte-oil-pipes-and-spare-parts.webp\" alt=\"Tesnenia a n\u00e1hradn\u00e9 diely\"><\/p>\n<h2>Tesnenie a mazanie<\/h2>\n<p>Valec kor\u010deka vyu\u017e\u00edva r\u00f4zne tesniace komponenty, ako s\u00fa tesnenia piestov a tesnenia ty\u010d\u00ed, vyroben\u00e9 z materi\u00e1lov odoln\u00fdch vo\u010di opotrebovaniu, ako je polyuret\u00e1n a nitrilov\u00fd kau\u010duk. Teleso valca a z\u00e1vitov\u00e9 konce s\u00fa jemne o\u0161etren\u00e9 pre zlep\u0161enie odolnosti vo\u010di opotrebovaniu. Pravideln\u00e9 mazanie vhodn\u00fdm hydraulick\u00fdm olejom je nevyhnutn\u00e9 pre zabezpe\u010denie hladkej prev\u00e1dzky a dlhej \u017eivotnosti.<\/p>\n<h2>Kontrola a prevent\u00edvna \u00fadr\u017eba<\/h2>\n<ul>\n<li>Pravideln\u00e9 kontroly: Skontrolujte valec, \u010di nevykazuje zn\u00e1mky po\u0161kodenia alebo opotrebovania.<\/li>\n<li>Spr\u00e1vne mazanie: Zabezpe\u010dte dostato\u010dn\u00e9 mazanie komponentov valca.<\/li>\n<li>V\u00fdmena tesnen\u00ed a kontrola kalibr\u00e1cie: Vyme\u0148te opotrebovan\u00e9 tesnenia a pravidelne kontrolujte kalibr\u00e1ciu hydraulick\u00e9ho syst\u00e9mu.<\/li>\n<\/ul>\n<p><img decoding=\"async\" src=\"https:\/\/www.hydraulic-cylinders.net\/wp-content\/uploads\/2025\/01\/songte-chushion-collar.webp\" alt=\"Tipy na \u00fadr\u017ebu\"><\/p>\n<h2>Bezpe\u010dnostn\u00e9 aspekty a faktory prostredia<\/h2>\n<p>Pri pou\u017e\u00edvan\u00ed vedrov\u00e9ho valca je d\u00f4le\u017eit\u00e9 dodr\u017eiava\u0165 bezpe\u010dnostn\u00e9 opatrenia, aby sa zabezpe\u010dila bezpe\u010dnos\u0165 obsluhy a predi\u0161lo sa nehod\u00e1m. Pre zabezpe\u010denie optim\u00e1lneho v\u00fdkonu a dlhej \u017eivotnosti valca by sa mali zoh\u013eadni\u0165 aj faktory prostredia, ako je teplota a vlhkos\u0165.<\/p>\n<h2>Rie\u0161enie probl\u00e9mov a be\u017en\u00e9 probl\u00e9my<\/h2>\n<p>Rie\u0161enie potenci\u00e1lnych probl\u00e9mov a poskytovanie tipov a rie\u0161en\u00ed probl\u00e9mov, ktor\u00e9 \u010ditate\u013eom pom\u00f4\u017eu efekt\u00edvne diagnostikova\u0165 a rie\u0161i\u0165 probl\u00e9my. Odpor\u00fa\u010daj\u00fa sa aj prevent\u00edvne opatrenia na minimaliz\u00e1ciu potenci\u00e1lnych probl\u00e9mov.<\/p>\n<p><img decoding=\"async\" src=\"https:\/\/www.hydraulic-cylinders.net\/wp-content\/uploads\/2025\/01\/songte-bushings-with-all-kinds-of-excavator-models.webp\" alt=\"Tipy na rie\u0161enie probl\u00e9mov\"><\/p>\n<h2>O na\u0161ej spolo\u010dnosti<\/h2>\n<p>Sme v\u00fdrobcom n\u00e1hradn\u00fdch hydraulick\u00fdch valcov a jedn\u00fdm z popredn\u00fdch v\u00fdrobcov a ve\u013ekoobchodn\u00fdch distrib\u00fatorov hydraulick\u00fdch valcov na dom\u00e1com aj medzin\u00e1rodnom trhu. Dodr\u017eiavame z\u00e1sady vynikaj\u00facej kvality a spoliehame sa na industrializovan\u00e9 strat\u00e9gie riadenia v\u00fdroby v na\u0161ej sofistikovanej v\u00fdrobnej dielni. V\u010faka na\u0161im technick\u00fdm talentom, pokro\u010dil\u00e9mu digit\u00e1lnemu v\u00fdrobn\u00e9mu zariadeniu a profesion\u00e1lnym testovac\u00edm syst\u00e9mom neust\u00e1le zlep\u0161ujeme na\u0161u v\u00fdrobn\u00fa platformu a v\u00fdrobn\u00e9 postupy zameran\u00e9 na kvalitu v\u00fdrobkov. Na\u0161a spolo\u010dnos\u0165 m\u00e1 siln\u00fa inovat\u00edvnu schopnos\u0165 s cie\u013eom uspokoji\u0165 rozmanit\u00e9 potreby z\u00e1kazn\u00edkov s vysokou \u00fa\u010dinnos\u0165ou, vysokou presnos\u0165ou a vysoko kvalitn\u00fdmi v\u00fdrobkami.<\/p>\n<p><img decoding=\"async\" src=\"https:\/\/www.hydraulic-cylinders.net\/wp-content\/uploads\/2025\/01\/songte-company-3.webp\" alt=\"Preh\u013ead spolo\u010dnosti\"><\/p>\n<h3>Profesionalita:<\/h3>\n<p>Kladieme d\u00f4raz na profesionalitu v ka\u017edom aspekte na\u0161ej \u010dinnosti, od n\u00e1vrhu produktu a\u017e po z\u00e1kazn\u00edcky servis.<\/p>\n<h3>Medzin\u00e1rodn\u00e9 certifik\u00e1cie:<\/h3>\n<p>Vlastn\u00edme medzin\u00e1rodn\u00e9 certifik\u00e1ty, ktor\u00e9 potvrdzuj\u00fa kvalitu a spo\u013eahlivos\u0165 na\u0161ich produktov.<\/p>\n<h3>Slu\u017eby prisp\u00f4sobenia:<\/h3>\n<p>Pon\u00fakame slu\u017eby prisp\u00f4sobenia, aby sme splnili \u0161pecifick\u00e9 po\u017eiadavky z\u00e1kazn\u00edka.<\/p>\n<h3>V\u00fdrobn\u00e9 vybavenie:<\/h3>\n<p>Pou\u017e\u00edvame modern\u00e9 v\u00fdrobn\u00e9 zariadenia, aby sme zabezpe\u010dili presnos\u0165 a konzistentnos\u0165 na\u0161ich hydraulick\u00fdch valcov.<\/p>\n<h3>Popredajn\u00fd servis:<\/h3>\n<p>Poskytujeme komplexn\u00fd popredajn\u00fd servis vr\u00e1tane v\u00fdmeny dielov a repase, aby sme pred\u013a\u017eili \u017eivotnos\u0165 na\u0161ich hydraulick\u00fdch valcov.<\/p>\n<p>Autor: lyl<\/p>\n<p><img decoding=\"async\" src=\"https:\/\/hzpt.com\/wp-content\/uploads\/2024\/11\/songte-company-1.webp\" alt=\"Obr\u00e1zok spolo\u010dnosti\"><\/p>\n<p><\/body><br \/>\n<\/html><\/p>","protected":false},"excerpt":{"rendered":"<p>Bucket Cylinder For Xinyuan Crawler Excavator XY90 Bucket Cylinder For Xinyuan Crawler Excavator XY90 Introduction The bucket cylinder is a specially designed hydraulic cylinder used to control the movement of the bucket in heavy machinery such as excavators, backhoe loaders, and front-end loaders. Its main function is to enable the bucket to lift, lower, and [&hellip;]<\/p>","protected":false},"featured_media":14780,"comment_status":"open","ping_status":"closed","template":"","meta":{"_et_pb_use_builder":"","_et_pb_old_content":"","_et_gb_content_width":""},"product_brand":[],"product_cat":[1494],"product_tag":[1495,1496],"class_list":{"0":"post-15873","1":"product","2":"type-product","3":"status-publish","4":"has-post-thumbnail","6":"product_cat-bucket-cylinders","7":"product_tag-bucket-cylinders","8":"product_tag-hydraulic-cylinders","10":"first","11":"instock","12":"shipping-taxable","13":"product-type-simple"},"amp_enabled":true,"_links":{"self":[{"href":"https:\/\/www.hydraulic-cylinders.net\/sk\/wp-json\/wp\/v2\/product\/15873","targetHints":{"allow":["GET"]}}],"collection":[{"href":"https:\/\/www.hydraulic-cylinders.net\/sk\/wp-json\/wp\/v2\/product"}],"about":[{"href":"https:\/\/www.hydraulic-cylinders.net\/sk\/wp-json\/wp\/v2\/types\/product"}],"replies":[{"embeddable":true,"href":"https:\/\/www.hydraulic-cylinders.net\/sk\/wp-json\/wp\/v2\/comments?post=15873"}],"wp:featuredmedia":[{"embeddable":true,"href":"https:\/\/www.hydraulic-cylinders.net\/sk\/wp-json\/wp\/v2\/media\/14780"}],"wp:attachment":[{"href":"https:\/\/www.hydraulic-cylinders.net\/sk\/wp-json\/wp\/v2\/media?parent=15873"}],"wp:term":[{"taxonomy":"product_brand","embeddable":true,"href":"https:\/\/www.hydraulic-cylinders.net\/sk\/wp-json\/wp\/v2\/product_brand?post=15873"},{"taxonomy":"product_cat","embeddable":true,"href":"https:\/\/www.hydraulic-cylinders.net\/sk\/wp-json\/wp\/v2\/product_cat?post=15873"},{"taxonomy":"product_tag","embeddable":true,"href":"https:\/\/www.hydraulic-cylinders.net\/sk\/wp-json\/wp\/v2\/product_tag?post=15873"}],"curies":[{"name":"pracovn\u00fd list","href":"https:\/\/api.w.org\/{rel}","templated":true}]}}