{"id":15874,"date":"2025-01-19T15:06:22","date_gmt":"2025-01-19T15:06:22","guid":{"rendered":"https:\/\/www.hydraulic-cylinders.net\/product\/bucket-cylinder-for-xinyuan-wheel-excavator-xy65w-7-8\/"},"modified":"2025-01-19T15:06:24","modified_gmt":"2025-01-19T15:06:24","slug":"bucket-cylinder-for-xinyuan-wheel-excavator-xy65w-7-8","status":"publish","type":"product","link":"https:\/\/www.hydraulic-cylinders.net\/sk\/produkt\/bucket-cylinder-for-xinyuan-wheel-excavator-xy65w-7-8\/","title":{"rendered":"Valec vedra pre kolesov\u00e9 r\u00fdpadlo Xinyuan XY65W-7-8"},"content":{"rendered":"<h1>Valec vedra pre kolesov\u00e9 r\u00fdpadlo Xinyuan XY65W-7-8<\/h1>\n<h2>\u00davod<\/h2>\n<p>A bucket cylinder is a specially designed hydraulic cylinder used primarily in heavy machinery such as excavators, backhoes, and front loaders to control the movement of the bucket. Its main function is to allow the bucket to lift, lower, and tilt, making it easier to handle various materials. In hydraulic systems, the bucket cylinder controls the bucket&#8217;s precise movement through changes in hydraulic oil pressure, enabling operators to efficiently handle heavy loads and adapt to complex work environments and diverse job requirements.<\/p>\n<p><img decoding=\"async\" src=\"https:\/\/www.hydraulic-cylinders.net\/wp-content\/uploads\/2025\/01\/songte-company-2.webp\" alt=\"Obr\u00e1zok valca vedra\" \/><\/p>\n<h2>Vlastnosti produktu<\/h2>\n<ul>\n<li><strong>Vysok\u00e1 pevnos\u0165 a odolnos\u0165:<\/strong> Valce s ko\u0161\u00edkom, ktor\u00e9 sa zvy\u010dajne vyr\u00e1baj\u00fa z vysokopevnostnej ocele alebo hlin\u00edka, odol\u00e1vaj\u00fa vysok\u00e9mu tlaku a \u0165a\u017ek\u00e9mu za\u0165a\u017eeniu a s\u00fa navrhnut\u00e9 s oh\u013eadom na odolnos\u0165 vo\u010di opotrebovaniu a kor\u00f3zii, aby sa pred\u013a\u017eila ich \u017eivotnos\u0165.<\/li>\n<li><strong>Efekt\u00edvna hydraulick\u00e1 prev\u00e1dzka:<\/strong> Valce kor\u010deka vyu\u017e\u00edvaj\u00fa hydraulick\u00fd tlak oleja na dosiahnutie plynul\u00e9ho vys\u00favania a zas\u00favania, \u010do umo\u017e\u0148uje r\u00fdchlu reakciu na ovl\u00e1dacie pr\u00edkazy, poskytuje siln\u00e9 tla\u010dn\u00e9 a \u0165a\u017en\u00e9 sily a je vhodn\u00e9 na manipul\u00e1ciu s \u0165a\u017ek\u00fdmi bremenami a zlo\u017eit\u00fdmi pracovn\u00fdmi \u00falohami.<\/li>\n<li><strong>R\u00f4zne typy:<\/strong> Valce kor\u010dekov m\u00f4\u017eu by\u0165 jedno\u010dinn\u00e9 (hydraulick\u00fd tlak pou\u017e\u00edvan\u00fd iba v jednom smere) alebo dvoj\u010dinn\u00e9 (hydraulick\u00fd tlak pou\u017e\u00edvan\u00fd v oboch smeroch) a mo\u017eno ich vybra\u0165 pod\u013ea \u0161pecifick\u00fdch prev\u00e1dzkov\u00fdch po\u017eiadaviek. Niektor\u00e9 modely s\u00fa teleskopick\u00e9, \u010do umo\u017e\u0148uje v\u00e4\u010d\u0161ie vysunutie bez zv\u00e4\u010d\u0161enia vonkaj\u0161\u00edch rozmerov a s\u00fa vhodn\u00e9 pre aplik\u00e1cie s obmedzen\u00fdm priestorom.<\/li>\n<li><strong>V\u00fdmena existuj\u00facich hydraulick\u00fdch valcov:<\/strong> N\u00e1\u0161 produkt dok\u00e1\u017ee dokonale nahradi\u0165 existuj\u00face hydraulick\u00e9 valce.<\/li>\n<li><strong>Dostupn\u00e9 pre r\u00f4zne modely r\u00fdpadiel:<\/strong> N\u00e1\u0161 produkt je kompatibiln\u00fd s r\u00f4znymi modelmi r\u00fdpadiel.<\/li>\n<\/ul>\n<p><img decoding=\"async\" src=\"https:\/\/www.hydraulic-cylinders.net\/wp-content\/uploads\/2025\/01\/songte-cylinder-head-with-all-kinds-excavator-models.webp\" alt=\"Obr\u00e1zok modelov bagrov\" \/><\/p>\n<h2>Aplik\u00e1cie<\/h2>\n<h3>Stavebn\u00e9 stroje<\/h3>\n<p>Valce ko\u0161\u00edkov s\u00fa nevyhnutn\u00e9 pre r\u00fdpadl\u00e1, ktor\u00e9 sa pou\u017e\u00edvaj\u00fa na kopanie, nakladanie a premiest\u0148ovanie zeminy alebo sutiny. V r\u00fdpadlo-naklada\u010doch pom\u00e1haj\u00fa valce ko\u0161\u00edkov pri v\u00fdkopov\u00fdch pr\u00e1cach a zdv\u00edhan\u00ed. V \u010deln\u00fdch naklada\u010doch pom\u00e1haj\u00fa pri efekt\u00edvnom zdv\u00edhan\u00ed a vykladan\u00ed tovaru.<\/p>\n<h3>Po\u013enohospod\u00e1rske stroje<\/h3>\n<p>Valce ko\u0161\u00edkov sa pou\u017e\u00edvaj\u00fa v \u010deln\u00fdch naklada\u010doch na naberanie, zdv\u00edhanie a prepravu zeminy, sena a in\u00fdch materi\u00e1lov. V r\u00fdpadl\u00e1ch umo\u017e\u0148uj\u00fa valce ko\u0161\u00edkov kopanie t\u00fdm, \u017ee umo\u017e\u0148uj\u00fa ko\u0161\u00edku prenikn\u00fa\u0165 do p\u00f4dy.<\/p>\n<h2>\u00davahy o dizajne a krit\u00e9ri\u00e1 v\u00fdberu<\/h2>\n<ul>\n<li><strong>Nosnos\u0165:<\/strong> Hydraulick\u00fd valec mus\u00ed by\u0165 schopn\u00fd odola\u0165 r\u00f4znym za\u0165a\u017eeniam a tlakom.<\/li>\n<li><strong>Tesnenie:<\/strong> Na pred\u013a\u017eenie \u017eivotnosti valca je mo\u017en\u00e9 pou\u017ei\u0165 r\u00f4zne tesniace komponenty, ako s\u00fa tesnenia piestov a tesnenia ty\u010d\u00ed.<\/li>\n<li><strong>Trvanlivos\u0165:<\/strong> Hydraulick\u00fd valec by mal by\u0165 navrhnut\u00fd tak, aby odol\u00e1val opotrebovaniu.<\/li>\n<li><strong>Bezpe\u010dnos\u0165:<\/strong> Hydraulick\u00fd valec by mal by\u0165 navrhnut\u00fd tak, aby nepredstavoval \u017eiadne bezpe\u010dnostn\u00e9 riziko.<\/li>\n<li><strong>Udr\u017eiavate\u013enos\u0165:<\/strong> Hydraulick\u00fd valec by mal by\u0165 \u013eahko udr\u017eiavate\u013en\u00fd a opravovate\u013en\u00fd.<\/li>\n<\/ul>\n<p><img decoding=\"async\" src=\"https:\/\/www.hydraulic-cylinders.net\/wp-content\/uploads\/2025\/01\/songte-oil-pipes-and-spare-parts.webp\" alt=\"Obr\u00e1zok olejov\u00fdch potrub\u00ed a n\u00e1hradn\u00fdch dielov\" \/><\/p>\n<h2>Tesnenie a mazanie<\/h2>\n<p>Na pred\u013a\u017eenie \u017eivotnosti hydraulick\u00e9ho valca je mo\u017en\u00e9 pou\u017ei\u0165 r\u00f4zne tesniace komponenty, ako s\u00fa tesnenia piestov a tesnenia ty\u010d\u00ed. Tesnenia m\u00f4\u017eu by\u0165 vyroben\u00e9 z materi\u00e1lov odoln\u00fdch vo\u010di opotrebovaniu, ako je polyuret\u00e1n a nitrilov\u00fd kau\u010duk. Okrem toho s\u00fa teleso valca a z\u00e1vitov\u00e9 konce jemne opracovan\u00e9, aby sa zlep\u0161ila odolnos\u0165 vo\u010di opotrebovaniu. Na mazanie je potrebn\u00e9 pravidelne prid\u00e1va\u0165 vhodn\u00e9 mno\u017estvo hydraulick\u00e9ho oleja.<\/p>\n<h2>\u00dadr\u017eba a opravy<\/h2>\n<p>Pravideln\u00e1 kontrola, spr\u00e1vne mazanie, v\u00fdmena tesnen\u00ed a kalibra\u010dn\u00e9 kontroly s\u00fa be\u017en\u00fdmi \u00falohami \u00fadr\u017eby. Spr\u00e1vna in\u0161tal\u00e1cia, mazanie a nastavenie s\u00fa rozhoduj\u00face pre \u017eivotnos\u0165 a v\u00fdkon valca. Po\u010das in\u0161tal\u00e1cie sa odpor\u00fa\u010da spr\u00e1vne zarovna\u0165 valec a pou\u017ei\u0165 vhodn\u00e9 mont\u00e1\u017ene konzoly na jeho upevnenie. Odpor\u00fa\u010dan\u00e9 postupy kontroly, opravy a v\u00fdmeny pred\u013a\u017eia \u017eivotnos\u0165 valca.<\/p>\n<p><img decoding=\"async\" src=\"https:\/\/www.hydraulic-cylinders.net\/wp-content\/uploads\/2025\/01\/songte-chushion-collar.webp\" alt=\"Obr\u00e1zok obojku Chushion\" \/><\/p>\n<h2>Bezpe\u010dnostn\u00e9 a environment\u00e1lne aspekty<\/h2>\n<p>Pri pou\u017e\u00edvan\u00ed hydraulick\u00fdch valcov s\u00fa bezpe\u010dnostn\u00e9 opatrenia mimoriadne d\u00f4le\u017eit\u00e9. Spr\u00e1vne pou\u017e\u00edvanie a \u00fadr\u017eba hydraulick\u00fdch valcov m\u00f4\u017ee zn\u00ed\u017ei\u0165 riziko neh\u00f4d a na zn\u00ed\u017eenie zne\u010distenia by sa mala pou\u017e\u00edva\u0165 ekologick\u00e1 hydraulick\u00e1 kvapalina.<\/p>\n<h2>Diagnostika por\u00fach a rie\u0161enie probl\u00e9mov<\/h2>\n<p>Medzi be\u017en\u00e9 probl\u00e9my, ktor\u00e9 sa m\u00f4\u017eu vyskytn\u00fa\u0165 s hydraulick\u00fdmi valcami, patr\u00ed \u00fanik oleja, oh\u00fdbanie ojnice valca a nedostato\u010dn\u00e1 sila. Tieto probl\u00e9my je mo\u017en\u00e9 diagnostikova\u0165 a vyrie\u0161i\u0165 pomocou spr\u00e1vnych techn\u00edk odstra\u0148ovania probl\u00e9mov a dodr\u017eiavan\u00edm odpor\u00fa\u010dan\u00fdch prevent\u00edvnych opatren\u00ed.<\/p>\n<p><img decoding=\"async\" src=\"https:\/\/www.hydraulic-cylinders.net\/wp-content\/uploads\/2025\/01\/songte-bushings-with-all-kinds-of-excavator-models.webp\" alt=\"Obr\u00e1zok puzdier\" \/><\/p>\n<h2>O n\u00e1s<\/h2>\n<p>Sme v\u00fdrobca hydraulick\u00fdch valcov a dod\u00e1vame \u0161irok\u00fa \u0161k\u00e1lu produktov v tejto oblasti. Na\u0161a spolo\u010dnos\u0165 je jedn\u00fdm z popredn\u00fdch v\u00fdrobcov a ve\u013ekoobchodn\u00fdch distrib\u00fatorov hydraulick\u00fdch valcov na dom\u00e1com aj medzin\u00e1rodnom trhu. V na\u0161ich sofistikovan\u00fdch v\u00fdrobn\u00fdch diel\u0148ach sa riadime z\u00e1sadami vynikaj\u00facej kvality a spoliehame sa na industrializovan\u00e9 strat\u00e9gie riadenia v\u00fdroby. Neust\u00e1le zlep\u0161ujeme na\u0161u v\u00fdrobn\u00fa platformu v diel\u0148ach, zdokona\u013eujeme v\u00fdrobn\u00e9 linky na zabezpe\u010dovanie kvality v\u00fdrobkov a disponujeme siln\u00fdmi tvoriv\u00fdmi schopnos\u0165ami. V\u010faka z\u00e1sad\u00e1m vysokej efektivity, vysokej presnosti a vysokej kvality sme schopn\u00ed uspokoji\u0165 rozmanit\u00e9 potreby na\u0161ich z\u00e1kazn\u00edkov.<\/p>\n<ul>\n<li><strong>Profesionalita:<\/strong> \u0160pecializujeme sa na v\u00fdrobu hydraulick\u00fdch valcov.<\/li>\n<li><strong>Medzin\u00e1rodn\u00e1 certifik\u00e1cia:<\/strong> Na\u0161e produkty z\u00edskali medzin\u00e1rodn\u00e9 certifik\u00e1ty ako ISO9001, CE a TUV.<\/li>\n<li><strong>Slu\u017eby prisp\u00f4sobenia:<\/strong> Pon\u00fakame slu\u017eby na mieru, ktor\u00e9 sp\u013a\u0148aj\u00fa \u0161pecifick\u00e9 potreby z\u00e1kazn\u00edkov.<\/li>\n<li><strong>Pokro\u010dil\u00e9 v\u00fdrobn\u00e9 zariadenia:<\/strong> Disponujeme modern\u00fdm v\u00fdrobn\u00fdm vybaven\u00edm vr\u00e1tane CNC strojov a robotick\u00fdch zv\u00e1ra\u010diek.<\/li>\n<li><strong>Popredajn\u00fd servis:<\/strong> Poskytujeme vynikaj\u00faci popredajn\u00fd servis, aby sme zabezpe\u010dili spokojnos\u0165 z\u00e1kazn\u00edkov.<\/li>\n<\/ul>\n<p><img decoding=\"async\" src=\"https:\/\/hzpt.com\/wp-content\/uploads\/2024\/11\/songte-company-1.webp\" alt=\"Obr\u00e1zok spolo\u010dnosti\" \/><\/p>\n<p>Autor: lyl<\/p>","protected":false},"excerpt":{"rendered":"<p>Bucket Cylinder For Xinyuan Wheel Excavator XY65W-7-8 Introduction A bucket cylinder is a specially designed hydraulic cylinder used primarily in heavy machinery such as excavators, backhoes, and front loaders to control the movement of the bucket. Its main function is to allow the bucket to lift, lower, and tilt, making it easier to handle various [&hellip;]<\/p>","protected":false},"featured_media":14778,"comment_status":"open","ping_status":"closed","template":"","meta":{"_et_pb_use_builder":"","_et_pb_old_content":"","_et_gb_content_width":""},"product_brand":[],"product_cat":[1494],"product_tag":[1495,1496],"class_list":{"0":"post-15874","1":"product","2":"type-product","3":"status-publish","4":"has-post-thumbnail","6":"product_cat-bucket-cylinders","7":"product_tag-bucket-cylinders","8":"product_tag-hydraulic-cylinders","10":"first","11":"instock","12":"shipping-taxable","13":"product-type-simple"},"amp_enabled":true,"_links":{"self":[{"href":"https:\/\/www.hydraulic-cylinders.net\/sk\/wp-json\/wp\/v2\/product\/15874","targetHints":{"allow":["GET"]}}],"collection":[{"href":"https:\/\/www.hydraulic-cylinders.net\/sk\/wp-json\/wp\/v2\/product"}],"about":[{"href":"https:\/\/www.hydraulic-cylinders.net\/sk\/wp-json\/wp\/v2\/types\/product"}],"replies":[{"embeddable":true,"href":"https:\/\/www.hydraulic-cylinders.net\/sk\/wp-json\/wp\/v2\/comments?post=15874"}],"wp:featuredmedia":[{"embeddable":true,"href":"https:\/\/www.hydraulic-cylinders.net\/sk\/wp-json\/wp\/v2\/media\/14778"}],"wp:attachment":[{"href":"https:\/\/www.hydraulic-cylinders.net\/sk\/wp-json\/wp\/v2\/media?parent=15874"}],"wp:term":[{"taxonomy":"product_brand","embeddable":true,"href":"https:\/\/www.hydraulic-cylinders.net\/sk\/wp-json\/wp\/v2\/product_brand?post=15874"},{"taxonomy":"product_cat","embeddable":true,"href":"https:\/\/www.hydraulic-cylinders.net\/sk\/wp-json\/wp\/v2\/product_cat?post=15874"},{"taxonomy":"product_tag","embeddable":true,"href":"https:\/\/www.hydraulic-cylinders.net\/sk\/wp-json\/wp\/v2\/product_tag?post=15874"}],"curies":[{"name":"pracovn\u00fd list","href":"https:\/\/api.w.org\/{rel}","templated":true}]}}