{"id":15882,"date":"2025-01-19T15:06:59","date_gmt":"2025-01-19T15:06:59","guid":{"rendered":"https:\/\/www.hydraulic-cylinders.net\/product\/bucket-cylinder-for-volwa-small-excavator-dls130-9\/"},"modified":"2025-01-19T15:07:05","modified_gmt":"2025-01-19T15:07:05","slug":"bucket-cylinder-for-volwa-small-excavator-dls130-9","status":"publish","type":"product","link":"https:\/\/www.hydraulic-cylinders.net\/sk\/produkt\/bucket-cylinder-for-volwa-small-excavator-dls130-9\/","title":{"rendered":"Valec vedra pre mal\u00e9 r\u00fdpadlo Volwa DLS130-9"},"content":{"rendered":"<h1>Valec vedra pre mal\u00e9 r\u00fdpadlo Volwa DLS130-9<\/h1>\n<h2>\u00davod<\/h2>\n<p>Hydraulick\u00fd valec ly\u017eice je \u0161peci\u00e1lne navrhnut\u00fd hydraulick\u00fd valec, ktor\u00fd sa pou\u017e\u00edva predov\u0161etk\u00fdm na ovl\u00e1danie pohybu ly\u017eice v \u0165a\u017ek\u00fdch strojoch, ako s\u00fa r\u00fdpadl\u00e1, r\u00fdpadl\u00e1-naklada\u010de a \u010deln\u00e9 naklada\u010de. Jeho hlavnou funkciou je umo\u017eni\u0165 zdv\u00edhanie, sp\u00fa\u0161\u0165anie a nakl\u00e1\u0148anie ly\u017eice, \u010do u\u013eah\u010duje vykon\u00e1vanie r\u00f4znych \u00faloh manipul\u00e1cie s materi\u00e1lom. V hydraulickom syst\u00e9me riadia valce ly\u017eice presn\u00e9 pohyby ly\u017eice zmenami tlaku hydraulick\u00e9ho oleja, \u010do umo\u017e\u0148uje obsluhe efekt\u00edvne manipulova\u0165 s \u0165a\u017ek\u00fdmi bremenami, prisp\u00f4sobova\u0165 sa zlo\u017eit\u00fdm pracovn\u00fdm prostrediam a r\u00f4znym prev\u00e1dzkov\u00fdm po\u017eiadavk\u00e1m.<\/p>\n<p><img decoding=\"async\" src=\"https:\/\/www.hydraulic-cylinders.net\/wp-content\/uploads\/2025\/01\/songte-company-2.webp\"><\/p>\n<h2>Funkcie<\/h2>\n<ul>\n<li>Vysok\u00e1 pevnos\u0165 a odolnos\u0165: Zvy\u010dajne je vyroben\u00fd z vysokopevnostnej ocele alebo hlin\u00edka, odol\u00e1 vysok\u00e9mu tlaku a \u0165a\u017ek\u00fdm za\u0165a\u017eeniam a je navrhnut\u00fd tak, aby odol\u00e1val opotrebovaniu a kor\u00f3zii, \u010d\u00edm sa predl\u017euje jeho \u017eivotnos\u0165.<\/li>\n<li>Efekt\u00edvna hydraulick\u00e1 prev\u00e1dzka: V\u010faka tlaku hydraulick\u00e9ho oleja na dosiahnutie plynul\u00e9ho roz\u0165ahovania a s\u0165ahovania dok\u00e1\u017ee r\u00fdchlo reagova\u0165 na prev\u00e1dzkov\u00e9 pr\u00edkazy, poskytova\u0165 siln\u00e9 tla\u010dn\u00e9 a \u0165a\u017en\u00e9 sily a je vhodn\u00e1 na manipul\u00e1ciu s \u0165a\u017ek\u00fdmi bremenami a zlo\u017eit\u00fdmi prev\u00e1dzkov\u00fdmi \u00falohami.<\/li>\n<li>R\u00f4zne typy: Pod\u013ea prev\u00e1dzkov\u00fdch potrieb je mo\u017en\u00e9 vybra\u0165 jedno\u010dinn\u00e9 (hydraulick\u00fd pohon sa pou\u017e\u00edva iba v jednom smere) alebo dvoj\u010dinn\u00e9 (hydraulick\u00fd pohon sa pou\u017e\u00edva v oboch smeroch) valce. Niektor\u00e9 modely s\u00fa teleskopick\u00e9, \u010do umo\u017e\u0148uje v\u00e4\u010d\u0161ie vysunutie bez zv\u00e4\u010d\u0161enia vonkaj\u0161\u00edch rozmerov, vhodn\u00e9 pre aplik\u00e1cie v obmedzenom priestore.<\/li>\n<li>Prisp\u00f4sobite\u013en\u00e9: Tento produkt vieme vyrobi\u0165 a n\u00e1\u0161 produkt dok\u00e1\u017ee dokonale nahradi\u0165 tieto hydraulick\u00e9 valce.<\/li>\n<\/ul>\n<p><img decoding=\"async\" src=\"https:\/\/www.hydraulic-cylinders.net\/wp-content\/uploads\/2025\/01\/songte-cylinder-head-with-all-kinds-excavator-models.webp\"><\/p>\n<h2>Aplik\u00e1cie<\/h2>\n<p>Valce s ko\u0161\u00edkom sa \u0161iroko pou\u017e\u00edvaj\u00fa v r\u00f4znych \u0165a\u017ek\u00fdch zariadeniach vr\u00e1tane:<\/p>\n<ul>\n<li>Stavebn\u00e9 zariadenia: V bagroch s\u00fa nevyhnutn\u00e9 pre v\u00fdkopov\u00e9 pr\u00e1ce, nakladanie a premiest\u0148ovanie zeminy alebo sutiny. V r\u00fdpadlov\u00fdch bagroch pom\u00e1haj\u00fa kore\u010dkov\u00e9 valce pri v\u00fdkopov\u00fdch pr\u00e1cach a zdv\u00edhan\u00ed. <\/li>\n<li>Po\u013enohospod\u00e1rske stroje: Pou\u017e\u00edvaj\u00fa sa v \u010deln\u00fdch naklada\u010doch na naberanie, zdv\u00edhanie a prepravu p\u00f4dy, sena a in\u00fdch materi\u00e1lov.<\/li>\n<li>R\u00fdpadl\u00e1: Valce vedra umo\u017e\u0148uj\u00fa v\u00fdkopov\u00fa \u010dinnos\u0165 t\u00fdm, \u017ee umo\u017e\u0148uj\u00fa vedru prenikn\u00fa\u0165 do p\u00f4dy.<\/li>\n<li>Naklada\u010de: \u010celn\u00e9 naklada\u010de pom\u00e1haj\u00fa efekt\u00edvne zdv\u00edha\u0165 a vyklada\u0165 n\u00e1klad.<\/li>\n<\/ul>\n<p>Ka\u017ed\u00fa aplik\u00e1ciu je mo\u017en\u00e9 roz\u0161\u00edri\u0165 a podrobnej\u0161ie op\u00edsa\u0165 s popisom k\u013e\u00fa\u010dov\u00fdch slov v d\u013a\u017eke najmenej 200 slov.<\/p>\n<h2>\u00davahy o dizajne<\/h2>\n<p>Pri navrhovan\u00ed valcov s ko\u0161\u00edkom by sa mali zoh\u013eadni\u0165 nasleduj\u00face aspekty:<\/p>\n<ul>\n<li>\u00danosnos\u0165: Znesie valec o\u010dak\u00e1van\u00e9 za\u0165a\u017eenie?<\/li>\n<li>Tesnenie: Spr\u00e1vne tesnenia zabra\u0148uj\u00fa \u00fanikom a kontamin\u00e1cii hydraulick\u00fdch kvapal\u00edn.<\/li>\n<li>Trvanlivos\u0165: Valec by mal by\u0165 navrhnut\u00fd tak, aby odolal opotrebovaniu a kor\u00f3zii.<\/li>\n<li>Bezpe\u010dnos\u0165: Na ochranu obsluhy a zariaden\u00ed musia by\u0165 prijat\u00e9 vhodn\u00e9 bezpe\u010dnostn\u00e9 opatrenia.<\/li>\n<li>\u00dadr\u017eba: Valec by mal by\u0165 \u013eahko udr\u017eiavate\u013en\u00fd a opravite\u013en\u00fd.<\/li>\n<\/ul>\n<p><img decoding=\"async\" src=\"https:\/\/www.hydraulic-cylinders.net\/wp-content\/uploads\/2025\/01\/songte-oil-pipes-and-spare-parts.webp\"><\/p>\n<h2>Tesnenie a mazanie<\/h2>\n<p>Valce s kor\u010dekom pou\u017e\u00edvaj\u00fa r\u00f4zne tesnenia, ako s\u00fa piestne tesnenia, tesnenia ty\u010d\u00ed at\u010f. Tesnenia s\u00fa vyroben\u00e9 z materi\u00e1lov odoln\u00fdch vo\u010di opotrebovaniu, ako je polyuret\u00e1n a nitrilov\u00fd kau\u010duk, a teleso valca a z\u00e1vitov\u00e9 koncov\u00e9 plochy s\u00fa zu\u0161\u013eachten\u00e9, aby sa zlep\u0161ila odolnos\u0165 proti opotrebovaniu. Na zabezpe\u010denie hladk\u00e9ho chodu valca je potrebn\u00e9 pravideln\u00e9 mazanie hydraulick\u00fdm olejom.<\/p>\n<h2>Kontrola a \u00fadr\u017eba<\/h2>\n<p>Na zabezpe\u010denie dlhej \u017eivotnosti valcov s vedrov\u00fdm motorom by sa mali vykon\u00e1va\u0165 pravideln\u00e9 kontroly a prevent\u00edvne \u00fadr\u017eb\u00e1rske opatrenia. \u00dalohy \u00fadr\u017eby zah\u0155\u0148aj\u00fa:<\/p>\n<ul>\n<li>Pravideln\u00e1 kontrola<\/li>\n<li>Spr\u00e1vne mazanie<\/li>\n<li>V\u00fdmena tesnenia<\/li>\n<li>Kontrola kalibr\u00e1cie<\/li>\n<\/ul>\n<p>Po\u010das in\u0161tal\u00e1cie by sa mala zd\u00f4razni\u0165 d\u00f4le\u017eitos\u0165 spr\u00e1vnej in\u0161tal\u00e1cie, mazania a nastavenia. Odpor\u00fa\u010da sa spr\u00e1vne vedenie zarovnania a pou\u017eitie vhodn\u00fdch mont\u00e1\u017enych konzol na upevnenie valca. Mali by sa poskytn\u00fa\u0165 odpor\u00fa\u010dan\u00e9 postupy kontroly, opravy a v\u00fdmeny spolu s tipmi na pred\u013a\u017eenie \u017eivotnosti valcov s vedro.<\/p>\n<p><img decoding=\"async\" src=\"https:\/\/www.hydraulic-cylinders.net\/wp-content\/uploads\/2025\/01\/songte-chushion-collar.webp\"><\/p>\n<h2>Bezpe\u010dnostn\u00e9 a environment\u00e1lne aspekty<\/h2>\n<p>Pri pou\u017e\u00edvan\u00ed vedrov\u00fdch valcov by sa mali prija\u0165 bezpe\u010dnostn\u00e9 opatrenia a zoh\u013eadni\u0165 faktory prostredia. Po\u010das prev\u00e1dzky by sa mali nosi\u0165 vhodn\u00e9 bezpe\u010dnostn\u00e9 prostriedky, ako napr\u00edklad ochrann\u00fd odev a prilby. Odpadov\u00e9 materi\u00e1ly by sa mali likvidova\u0165 vhodn\u00fdm sp\u00f4sobom a v s\u00falade s environment\u00e1lnymi predpismi.<\/p>\n<h2>Be\u017en\u00e9 probl\u00e9my a ich rie\u0161enie<\/h2>\n<p>Medzi be\u017en\u00e9 probl\u00e9my, ktor\u00e9 sa m\u00f4\u017eu vyskytn\u00fa\u0165 s valcami vedra, patr\u00ed netesnos\u0165, zn\u00ed\u017een\u00fd v\u00fdkon a po\u0161koden\u00e9 tesnenia. Na vyrie\u0161enie t\u00fdchto probl\u00e9mov by sa mali prija\u0165 vhodn\u00e9 opatrenia na rie\u0161enie probl\u00e9mov vr\u00e1tane kontroly netesnost\u00ed, overenia spr\u00e1vneho mazania a kontroly tesnen\u00ed. Prevent\u00edvne opatrenia, ako je spr\u00e1vne mazanie a v\u00fdmena tesnen\u00ed, m\u00f4\u017eu pom\u00f4c\u0165 minimalizova\u0165 potenci\u00e1lne probl\u00e9my.<\/p>\n<p><img decoding=\"async\" src=\"https:\/\/www.hydraulic-cylinders.net\/wp-content\/uploads\/2025\/01\/songte-bushings-with-all-kinds-of-excavator-models.webp\"><\/p>\n<h2>O na\u0161ej spolo\u010dnosti<\/h2>\n<p>Sme v\u00fdrobcom hydraulick\u00fdch valcov a popredn\u00fdm v\u00fdrobcom a ve\u013ekoobchodn\u00edkom hydraulick\u00fdch valcov na dom\u00e1com aj zahrani\u010dnom trhu. Riadime sa princ\u00edpom vynikaj\u00facej kvality a spoliehame sa na strat\u00e9giu industrializovan\u00e9ho riadenia v\u00fdroby sofistikovanej v\u00fdrobnej dielne. Neust\u00e1le zlep\u0161ujeme v\u00fdrobn\u00fa platformu dielne, zlep\u0161ujeme kvalitu v\u00fdrobnej cesty produktu a m\u00e1me siln\u00e9 tvoriv\u00e9 schopnosti. Sp\u013a\u0148ame rozmanit\u00e9 potreby z\u00e1kazn\u00edkov princ\u00edpmi vysokej efektivity, vysokej presnosti a vysokej kvality.<\/p>\n<p>Poskytujeme profesion\u00e1lne, medzin\u00e1rodne certifikovan\u00e9, prisp\u00f4soben\u00e9 slu\u017eby a na\u0161e v\u00fdrobn\u00e9 zariadenia s\u00fa najmodernej\u0161ie. Pon\u00fakame popredajn\u00e9 slu\u017eby, n\u00e1hradn\u00e9 diely a repasn\u00e9 slu\u017eby, aby sme pred\u013a\u017eili \u017eivotnos\u0165 na\u0161ich produktov.<\/p>\n<p><img decoding=\"async\" src=\"https:\/\/hzpt.com\/wp-content\/uploads\/2024\/11\/songte-company-1.webp\"><\/p>\n<p>Autor lyl<\/p>","protected":false},"excerpt":{"rendered":"<p>Bucket Cylinder For Volwa Small Excavator DLS130-9 Introduction A bucket cylinder is a specifically designed hydraulic cylinder primarily used to control the movement of the bucket in heavy machinery such as excavators, backhoe excavators, and front-end loaders. Its main function is to enable the bucket to lift, lower and tilt, making it easier to handle [&hellip;]<\/p>","protected":false},"featured_media":14789,"comment_status":"open","ping_status":"closed","template":"","meta":{"_et_pb_use_builder":"","_et_pb_old_content":"","_et_gb_content_width":""},"product_brand":[],"product_cat":[1494],"product_tag":[1495,1496],"class_list":{"0":"post-15882","1":"product","2":"type-product","3":"status-publish","4":"has-post-thumbnail","6":"product_cat-bucket-cylinders","7":"product_tag-bucket-cylinders","8":"product_tag-hydraulic-cylinders","10":"first","11":"instock","12":"shipping-taxable","13":"product-type-simple"},"amp_enabled":true,"_links":{"self":[{"href":"https:\/\/www.hydraulic-cylinders.net\/sk\/wp-json\/wp\/v2\/product\/15882","targetHints":{"allow":["GET"]}}],"collection":[{"href":"https:\/\/www.hydraulic-cylinders.net\/sk\/wp-json\/wp\/v2\/product"}],"about":[{"href":"https:\/\/www.hydraulic-cylinders.net\/sk\/wp-json\/wp\/v2\/types\/product"}],"replies":[{"embeddable":true,"href":"https:\/\/www.hydraulic-cylinders.net\/sk\/wp-json\/wp\/v2\/comments?post=15882"}],"wp:featuredmedia":[{"embeddable":true,"href":"https:\/\/www.hydraulic-cylinders.net\/sk\/wp-json\/wp\/v2\/media\/14789"}],"wp:attachment":[{"href":"https:\/\/www.hydraulic-cylinders.net\/sk\/wp-json\/wp\/v2\/media?parent=15882"}],"wp:term":[{"taxonomy":"product_brand","embeddable":true,"href":"https:\/\/www.hydraulic-cylinders.net\/sk\/wp-json\/wp\/v2\/product_brand?post=15882"},{"taxonomy":"product_cat","embeddable":true,"href":"https:\/\/www.hydraulic-cylinders.net\/sk\/wp-json\/wp\/v2\/product_cat?post=15882"},{"taxonomy":"product_tag","embeddable":true,"href":"https:\/\/www.hydraulic-cylinders.net\/sk\/wp-json\/wp\/v2\/product_tag?post=15882"}],"curies":[{"name":"pracovn\u00fd list","href":"https:\/\/api.w.org\/{rel}","templated":true}]}}