{"id":15883,"date":"2025-01-19T15:07:07","date_gmt":"2025-01-19T15:07:07","guid":{"rendered":"https:\/\/www.hydraulic-cylinders.net\/product\/bucket-cylinder-for-volwa-small-excavator-dls815-9\/"},"modified":"2025-01-19T15:07:09","modified_gmt":"2025-01-19T15:07:09","slug":"bucket-cylinder-for-volwa-small-excavator-dls815-9","status":"publish","type":"product","link":"https:\/\/www.hydraulic-cylinders.net\/sk\/produkt\/bucket-cylinder-for-volwa-small-excavator-dls815-9\/","title":{"rendered":"Valec vedra pre mal\u00e9 r\u00fdpadlo Volwa DLS815-9"},"content":{"rendered":"<h1>Valec vedra pre mal\u00e9 r\u00fdpadlo Volwa DLS815-9<\/h1>\n<h2>\u00davod<\/h2>\n<h3>Defin\u00edcia valca vedra<\/h3>\n<p>Hydraulick\u00fd valec ly\u017eice je \u0161peci\u00e1lne navrhnut\u00fd hydraulick\u00fd valec pou\u017e\u00edvan\u00fd na ovl\u00e1danie pohybu ly\u017eice v \u0165a\u017ek\u00fdch strojoch, ako s\u00fa bagre, r\u00fdpadlo-naklada\u010de a \u010deln\u00e9 naklada\u010de. Jeho hlavnou funkciou je umo\u017eni\u0165 zdv\u00edhanie, sp\u00fa\u0161\u0165anie a nakl\u00e1\u0148anie ly\u017eice, \u010do u\u013eah\u010duje vykon\u00e1vanie r\u00f4znych \u00faloh manipul\u00e1cie s materi\u00e1lom. V hydraulickom syst\u00e9me dosahuje valec ly\u017eice presn\u00e9 ovl\u00e1danie ly\u017eice zmenou tlaku hydraulick\u00e9ho oleja, \u010do umo\u017e\u0148uje obsluhe efekt\u00edvne manipulova\u0165 s \u0165a\u017ek\u00fdmi bremenami, prisp\u00f4sobi\u0165 sa zlo\u017eit\u00fdm pracovn\u00fdm prostrediam a r\u00f4znym prev\u00e1dzkov\u00fdm po\u017eiadavk\u00e1m.<\/p>\n<p><img decoding=\"async\" src=\"https:\/\/www.hydraulic-cylinders.net\/wp-content\/uploads\/2025\/01\/songte-company-2.webp\"\/><\/p>\n<h3>Funkcie<\/h3>\n<ul>\n<li><strong>Vysok\u00e1 pevnos\u0165 a odolnos\u0165:<\/strong> Zvy\u010dajne je vyroben\u00fd z vysokopevnostnej ocele alebo hlin\u00edka, odol\u00e1 vysok\u00e9mu tlaku a \u0165a\u017ek\u00fdm za\u0165a\u017eeniam, prisp\u00f4sob\u00ed sa n\u00e1ro\u010dn\u00fdm pracovn\u00fdm podmienkam a je navrhnut\u00fd s oh\u013eadom na odolnos\u0165 vo\u010di opotrebovaniu a kor\u00f3zii, aby sa pred\u013a\u017eila jeho \u017eivotnos\u0165.<\/li>\n<li><strong>Efekt\u00edvna hydraulick\u00e1 prev\u00e1dzka:<\/strong> V\u010faka tlaku hydraulick\u00e9ho oleja na dosiahnutie plynul\u00e9ho vys\u00favania a zas\u00favania dok\u00e1\u017ee r\u00fdchlo reagova\u0165 na ovl\u00e1dacie povely, poskytova\u0165 siln\u00e9 tla\u010dn\u00e9 a \u0165a\u017en\u00e9 sily a je vhodn\u00fd na manipul\u00e1ciu s \u0165a\u017ek\u00fdmi bremenami a zlo\u017eit\u00e9 prev\u00e1dzkov\u00e9 \u00falohy.<\/li>\n<li><strong>R\u00f4zne typy:<\/strong> Pod\u013ea potrieb je mo\u017en\u00e9 vybra\u0165 jedno\u010dinn\u00e9 (hydraulicky ovl\u00e1dan\u00e9 iba v jednom smere) alebo dvoj\u010dinn\u00e9 (hydraulicky ovl\u00e1dan\u00e9 v oboch smeroch) valce, aby sa splnili r\u00f4zne prev\u00e1dzkov\u00e9 po\u017eiadavky. Niektor\u00e9 modely s\u00fa teleskopick\u00e9, \u010do umo\u017e\u0148uje v\u00e4\u010d\u0161ie vysunutie bez zv\u00e4\u010d\u0161enia vonkaj\u0161\u00edch rozmerov a s\u00fa vhodn\u00e9 pre aplik\u00e1cie s obmedzen\u00fdm priestorom.<\/li>\n<li><strong>Dokonal\u00e1 n\u00e1hrada:<\/strong> Na\u0161e produkty dok\u00e1\u017eu dokonale nahradi\u0165 tieto hydraulick\u00e9 valce.<\/li>\n<\/ul>\n<p><img decoding=\"async\" src=\"https:\/\/www.hydraulic-cylinders.net\/wp-content\/uploads\/2025\/01\/songte-cylinder-head-with-all-kinds-excavator-models.webp\"\/><\/p>\n<h2>Aplik\u00e1cie<\/h2>\n<p>Valce kor\u010dekov sa \u0161iroko pou\u017e\u00edvaj\u00fa v r\u00f4znych strojoch vr\u00e1tane:<\/p>\n<ul>\n<li><strong>Stavebn\u00e9 vybavenie:<\/strong> V bagroch s\u00fa k\u013e\u00fa\u010dov\u00e9 pre kopanie, nakladanie a premiest\u0148ovanie zeminy alebo sutiny. V r\u00fdpadlo-naklada\u010doch pom\u00e1haj\u00fa valce ko\u0161\u00edkov pri kopan\u00ed aj zdv\u00edhan\u00ed. <\/li>\n<li><strong>Po\u013enohospod\u00e1rske stroje:<\/strong> Valce ko\u0161\u00edkov v r\u00fdpadl\u00e1ch, ktor\u00e9 sa pou\u017e\u00edvaj\u00fa v \u010deln\u00fdch naklada\u010doch na naberanie, zdv\u00edhanie a prepravu p\u00f4dy, sena a in\u00fdch materi\u00e1lov, umo\u017e\u0148uj\u00fa kopanie t\u00fdm, \u017ee umo\u017e\u0148uj\u00fa ko\u0161\u00edku prenikn\u00fa\u0165 do p\u00f4dy. <\/li>\n<li><strong>Naklada\u010de:<\/strong> V \u010deln\u00fdch naklada\u010doch pom\u00e1haj\u00fa efekt\u00edvne zdv\u00edha\u0165 a vyklada\u0165 tovar.<\/li>\n<\/ul>\n<h2>\u00davahy o dizajne a krit\u00e9ri\u00e1 v\u00fdberu<\/h2>\n<h3>K\u013e\u00fa\u010dov\u00e9 aspekty dizajnu<\/h3>\n<ul>\n<li><strong>Nosnos\u0165:<\/strong> Valec mus\u00ed by\u0165 schopn\u00fd odola\u0165 o\u010dak\u00e1van\u00e9mu za\u0165a\u017eeniu v aplik\u00e1cii. <\/li>\n<li><strong>Tesnenie:<\/strong> Valec mus\u00ed by\u0165 schopn\u00fd udr\u017eiava\u0165 tlak a zabr\u00e1ni\u0165 \u00fanikom. <\/li>\n<li><strong>Trvanlivos\u0165:<\/strong> Valec mus\u00ed by\u0165 schopn\u00fd odola\u0165 o\u010dak\u00e1vanej \u017eivotnosti a podmienkam prostredia. <\/li>\n<li><strong>Bezpe\u010dnos\u0165:<\/strong> Valec mus\u00ed by\u0165 navrhnut\u00fd s bezpe\u010dnostn\u00fdmi prvkami, ktor\u00e9 zabra\u0148uj\u00fa nehod\u00e1m. <\/li>\n<li><strong>Udr\u017eiavate\u013enos\u0165:<\/strong> Valec mus\u00ed by\u0165 navrhnut\u00fd pre jednoduch\u00fa \u00fadr\u017ebu a opravu.<\/li>\n<\/ul>\n<p><img decoding=\"async\" src=\"https:\/\/www.hydraulic-cylinders.net\/wp-content\/uploads\/2025\/01\/songte-oil-pipes-and-spare-parts.webp\"\/><\/p>\n<h3>Tesnenie a mazanie<\/h3>\n<p>V kor\u010dekov\u00fdch valcoch sa pou\u017e\u00edvaj\u00fa r\u00f4zne typy tesniacich komponentov, ako s\u00fa piestne tesnenia a tesnenia ty\u010d\u00ed. Tieto tesnenia s\u00fa vyroben\u00e9 z materi\u00e1lov odoln\u00fdch vo\u010di opotrebovaniu, ako je polyuret\u00e1n a nitrilov\u00fd kau\u010duk, a teleso valca a z\u00e1vitov\u00e9 koncov\u00e9 plochy s\u00fa jemne opracovan\u00e9 na zlep\u0161enie odolnosti vo\u010di opotrebovaniu. Pravidelne je tie\u017e potrebn\u00e9 prid\u00e1va\u0165 primeran\u00e9 mno\u017estvo hydraulick\u00e9ho oleja na mazanie.<\/p>\n<h3>Opatrenia prevent\u00edvnej \u00fadr\u017eby<\/h3>\n<ul>\n<li><strong>Pravideln\u00e1 kontrola:<\/strong> Pravidelne kontrolujte valec a hydraulick\u00fd syst\u00e9m, \u010di nevykazuj\u00fa zn\u00e1mky opotrebovania alebo po\u0161kodenia. <\/li>\n<li><strong>Spr\u00e1vne mazanie:<\/strong> Uistite sa, \u017ee valec a jeho komponenty s\u00fa spr\u00e1vne namazan\u00e9. <\/li>\n<li><strong>V\u00fdmena tesnenia:<\/strong> Opotrebovan\u00e9 alebo po\u0161koden\u00e9 tesnenia okam\u017eite vyme\u0148te, aby ste predi\u0161li \u00fanikom. <\/li>\n<li><strong>Kontrola kalibr\u00e1cie:<\/strong> Skontrolujte kalibr\u00e1ciu valca, aby ste zabezpe\u010dili jeho spr\u00e1vnu prev\u00e1dzku. <\/li>\n<\/ul>\n<p><img decoding=\"async\" src=\"https:\/\/www.hydraulic-cylinders.net\/wp-content\/uploads\/2025\/01\/songte-chushion-collar.webp\"\/><\/p>\n<h2>Bezpe\u010dnostn\u00e9 aspekty a faktory prostredia<\/h2>\n<p>Pri pou\u017e\u00edvan\u00ed vedrov\u00fdch valcov by sa mali dodr\u017eiava\u0165 vhodn\u00e9 bezpe\u010dnostn\u00e9 opatrenia, aby sa predi\u0161lo nehod\u00e1m. Okrem toho by sa mali zv\u00e1\u017ei\u0165 faktory prostredia a mali by sa prija\u0165 vhodn\u00e9 opatrenia na minimaliz\u00e1ciu vplyvu na \u017eivotn\u00e9 prostredie.<\/p>\n<h2>Rie\u0161enie probl\u00e9mov a be\u017en\u00e9 probl\u00e9my<\/h2>\n<ul>\n<li><strong>\u00danik:<\/strong> Skontrolujte tesnenia a v pr\u00edpade potreby ich vyme\u0148te.<\/li>\n<li><strong>Pomal\u00e1 prev\u00e1dzka:<\/strong> Skontrolujte hladinu hydraulickej kvapaliny a uistite sa, \u017ee syst\u00e9m je spr\u00e1vne namazan\u00fd.<\/li>\n<li><strong>Abnorm\u00e1lny hluk:<\/strong> Skontrolujte, \u010di nie s\u00fa uvo\u013enen\u00e9 alebo po\u0161koden\u00e9 komponenty.<\/li>\n<\/ul>\n<p>Pravideln\u00e1 \u00fadr\u017eba a kontrola m\u00f4\u017eu pom\u00f4c\u0165 predch\u00e1dza\u0165 t\u00fdmto probl\u00e9mom.<\/p>\n<p><img decoding=\"async\" src=\"https:\/\/www.hydraulic-cylinders.net\/wp-content\/uploads\/2025\/01\/songte-bushings-with-all-kinds-of-excavator-models.webp\"\/><\/p>\n<h2>O n\u00e1s<\/h2>\n<p>Sme v\u00fdrobcom hydraulick\u00fdch valcov, ktor\u00e9 dok\u00e1\u017eu nahradi\u0165 p\u00f4vodn\u00e9. Na\u0161a spolo\u010dnos\u0165 pon\u00faka kompletn\u00fd sortiment produktov a stala sa jedn\u00fdm z popredn\u00fdch v\u00fdrobcov a ve\u013ekoobchodn\u00fdch distrib\u00fatorov hydraulick\u00fdch valcov na dom\u00e1com aj medzin\u00e1rodnom trhu. Dodr\u017eiavame z\u00e1sadu vynikaj\u00facej kvality, spoliehame sa na strat\u00e9giu riadenia priemyselnej v\u00fdroby v jemn\u00fdch v\u00fdrobn\u00fdch diel\u0148ach, neust\u00e1le zlep\u0161ujeme v\u00fdrobn\u00fa platformu dielne, zlep\u0161ujeme kvalitu v\u00fdrobnej linky a m\u00e1me siln\u00e9 tvoriv\u00e9 schopnosti. Sna\u017e\u00edme sa \u010do najlep\u0161ie uspokoji\u0165 rozmanit\u00e9 potreby z\u00e1kazn\u00edkov so z\u00e1sadou vysokej efektivity, vysokej presnosti a vysokej kvality.<\/p>\n<ul>\n<li><strong>Profesionalita:<\/strong> M\u00e1me t\u00edm odborn\u00edkov s bohat\u00fdmi sk\u00fasenos\u0165ami a znalos\u0165ami v odvetv\u00ed hydraulick\u00fdch valcov. <\/li>\n<li><strong>Medzin\u00e1rodn\u00e1 certifik\u00e1cia:<\/strong> Na\u0161e v\u00fdrobky pre\u0161li medzin\u00e1rodn\u00fdmi certifik\u00e1ciami, ako s\u00fa ISO9001 a CE. <\/li>\n<li><strong>Slu\u017eba prisp\u00f4sobenia:<\/strong> Vieme poskytn\u00fa\u0165 slu\u017eby na mieru, ktor\u00e9 sp\u013a\u0148aj\u00fa \u0161pecifick\u00e9 potreby z\u00e1kazn\u00edkov. <\/li>\n<li><strong>V\u00fdrobn\u00e9 vybavenie:<\/strong> M\u00e1me modern\u00e9 v\u00fdrobn\u00e9 zariadenia, aby sme zabezpe\u010dili kvalitu na\u0161ich v\u00fdrobkov. <\/li>\n<li><strong>Popredajn\u00fd servis:<\/strong> Poskytujeme vynikaj\u00faci popredajn\u00fd servis, aby sme zabezpe\u010dili spokojnos\u0165 z\u00e1kazn\u00edkov.<\/li>\n<\/ul>\n<p><img decoding=\"async\" src=\"https:\/\/hzpt.com\/wp-content\/uploads\/2024\/11\/songte-company-1.webp\"\/><\/p>\n<p><em>Autor: lyl<\/em><\/p>","protected":false},"excerpt":{"rendered":"<p>Bucket Cylinder For Volwa Small Excavator DLS815-9 Introduction Definition of Bucket Cylinder A bucket cylinder is a specially designed hydraulic cylinder used to control the movement of the bucket in heavy machinery such as excavators, backhoe loaders, and front loaders. Its main function is to enable the bucket to lift, lower and tilt, making it [&hellip;]<\/p>","protected":false},"featured_media":14788,"comment_status":"open","ping_status":"closed","template":"","meta":{"_et_pb_use_builder":"","_et_pb_old_content":"","_et_gb_content_width":""},"product_brand":[],"product_cat":[1494],"product_tag":[1495,1496],"class_list":{"0":"post-15883","1":"product","2":"type-product","3":"status-publish","4":"has-post-thumbnail","6":"product_cat-bucket-cylinders","7":"product_tag-bucket-cylinders","8":"product_tag-hydraulic-cylinders","10":"first","11":"instock","12":"shipping-taxable","13":"product-type-simple"},"amp_enabled":true,"_links":{"self":[{"href":"https:\/\/www.hydraulic-cylinders.net\/sk\/wp-json\/wp\/v2\/product\/15883","targetHints":{"allow":["GET"]}}],"collection":[{"href":"https:\/\/www.hydraulic-cylinders.net\/sk\/wp-json\/wp\/v2\/product"}],"about":[{"href":"https:\/\/www.hydraulic-cylinders.net\/sk\/wp-json\/wp\/v2\/types\/product"}],"replies":[{"embeddable":true,"href":"https:\/\/www.hydraulic-cylinders.net\/sk\/wp-json\/wp\/v2\/comments?post=15883"}],"wp:featuredmedia":[{"embeddable":true,"href":"https:\/\/www.hydraulic-cylinders.net\/sk\/wp-json\/wp\/v2\/media\/14788"}],"wp:attachment":[{"href":"https:\/\/www.hydraulic-cylinders.net\/sk\/wp-json\/wp\/v2\/media?parent=15883"}],"wp:term":[{"taxonomy":"product_brand","embeddable":true,"href":"https:\/\/www.hydraulic-cylinders.net\/sk\/wp-json\/wp\/v2\/product_brand?post=15883"},{"taxonomy":"product_cat","embeddable":true,"href":"https:\/\/www.hydraulic-cylinders.net\/sk\/wp-json\/wp\/v2\/product_cat?post=15883"},{"taxonomy":"product_tag","embeddable":true,"href":"https:\/\/www.hydraulic-cylinders.net\/sk\/wp-json\/wp\/v2\/product_tag?post=15883"}],"curies":[{"name":"pracovn\u00fd list","href":"https:\/\/api.w.org\/{rel}","templated":true}]}}