{"id":15892,"date":"2025-01-19T15:07:44","date_gmt":"2025-01-19T15:07:44","guid":{"rendered":"https:\/\/www.hydraulic-cylinders.net\/product\/bucket-cylinder-for-volwa-large-excavator-dls330-8b\/"},"modified":"2025-01-19T15:07:48","modified_gmt":"2025-01-19T15:07:48","slug":"bucket-cylinder-for-volwa-large-excavator-dls330-8b","status":"publish","type":"product","link":"https:\/\/www.hydraulic-cylinders.net\/sk\/produkt\/bucket-cylinder-for-volwa-large-excavator-dls330-8b\/","title":{"rendered":"Valec vedra pre ve\u013ek\u00e9 r\u00fdpadlo Volwa DLS330-8B"},"content":{"rendered":"<h1>Valec vedra pre ve\u013ek\u00e9 r\u00fdpadlo Volwa DLS330-8B<\/h1>\n<h2>\u00davod<\/h2>\n<p>Hydraulick\u00fd valec ly\u017eice je \u0161peci\u00e1lne navrhnut\u00fd hydraulick\u00fd valec, ktor\u00fd sa pou\u017e\u00edva predov\u0161etk\u00fdm na ovl\u00e1danie pohybu ly\u017e\u00edc v \u0165a\u017ek\u00fdch strojoch, ako s\u00fa bagre, r\u00fdpadlo-naklada\u010de a \u010deln\u00e9 naklada\u010de. Jeho hlavnou funkciou je umo\u017eni\u0165 ly\u017eici zdv\u00edha\u0165, sp\u00fa\u0161\u0165a\u0165 a nakl\u00e1\u0148a\u0165, \u010do u\u013eah\u010duje vykon\u00e1vanie r\u00f4znych \u00faloh manipul\u00e1cie s materi\u00e1lom. V hydraulickom syst\u00e9me dosahuje valec ly\u017eice presn\u00e9 ovl\u00e1danie ly\u017eice zmenou tlaku hydraulick\u00e9ho oleja, \u010do umo\u017e\u0148uje obsluhe efekt\u00edvne manipulova\u0165 s \u0165a\u017ek\u00fdmi bremenami a prisp\u00f4sobova\u0165 sa zlo\u017eit\u00fdm pracovn\u00fdm prostrediam a r\u00f4znorod\u00fdm po\u017eiadavk\u00e1m pr\u00e1ce.<\/p>\n<p><img decoding=\"async\" src=\"https:\/\/www.hydraulic-cylinders.net\/wp-content\/uploads\/2025\/01\/songte-company-2.webp\" alt=\"Valec vedra\"><\/p>\n<h2>Funkcie<\/h2>\n<ul>\n<li>Vysok\u00e1 pevnos\u0165 a odolnos\u0165: Zvy\u010dajne je vyroben\u00fd z vysokopevnostnej ocele alebo hlin\u00edka, odol\u00e1 vysok\u00e9mu tlaku a \u0165a\u017ek\u00fdm za\u0165a\u017eeniam, prisp\u00f4sob\u00ed sa n\u00e1ro\u010dn\u00fdm pracovn\u00fdm podmienkam a kon\u0161trukcia zoh\u013ead\u0148uje odolnos\u0165 proti opotrebovaniu a kor\u00f3zii, \u010d\u00edm sa predl\u017euje \u017eivotnos\u0165.<\/li>\n<li>Efekt\u00edvna hydraulick\u00e1 prev\u00e1dzka: Plynul\u00e9 vys\u00favanie a s\u0165ahovanie sa dosahuje vyu\u017eit\u00edm tlaku hydraulick\u00e9ho oleja a dok\u00e1\u017ee r\u00fdchlo reagova\u0165 na ovl\u00e1dacie povely, \u010d\u00edm poskytuje siln\u00fa tla\u010dn\u00fa a \u0165a\u017en\u00fa silu vhodn\u00fa na manipul\u00e1ciu s \u0165a\u017ek\u00fdmi bremenami a zlo\u017eit\u00fdmi pracovn\u00fdmi \u00falohami.<\/li>\n<li>R\u00f4zne typy: Jedno\u010dinn\u00e9 (hydraulika pou\u017e\u00edvan\u00e1 iba v jednom smere) alebo dvoj\u010dinn\u00e9 (hydraulika pou\u017e\u00edvan\u00e1 v dvoch smeroch) valce je mo\u017en\u00e9 vybra\u0165 pod\u013ea po\u017eiadaviek, aby sa splnili r\u00f4zne prev\u00e1dzkov\u00e9 potreby. Niektor\u00e9 modely s\u00fa teleskopick\u00e9, \u010do umo\u017e\u0148uje v\u00e4\u010d\u0161ie vysunutie bez zv\u00e4\u010d\u0161enia vonkaj\u0161\u00edch rozmerov, \u010do je vhodn\u00e9 pre aplik\u00e1cie s obmedzen\u00fdm priestorom.<\/li>\n<li>Z\u00e1kazkov\u00e1 v\u00fdroba: Na\u0161e produkty dok\u00e1\u017eu dokonale nahradi\u0165 tieto hydraulick\u00e9 valce.<\/li>\n<\/ul>\n<p><img decoding=\"async\" src=\"https:\/\/www.hydraulic-cylinders.net\/wp-content\/uploads\/2025\/01\/songte-cylinder-head-with-all-kinds-excavator-models.webp\" alt=\"Z\u00e1kazkov\u00e1 v\u00fdroba\"><\/p>\n<h2>Aplik\u00e1cie<\/h2>\n<p>Valce s ko\u0161\u00edkom sa \u0161iroko pou\u017e\u00edvaj\u00fa v r\u00f4znych \u0165a\u017ek\u00fdch strojoch vr\u00e1tane:<\/p>\n<ul>\n<li>Stavebn\u00e9 zariadenia: V bagroch s\u00fa nevyhnutn\u00e9 pre v\u00fdkopov\u00e9 pr\u00e1ce, nakladanie a premiest\u0148ovanie zeminy alebo sutiny. V r\u00fdpadlo-naklada\u010doch pom\u00e1haj\u00fa valce ko\u0161\u00edkov pri v\u00fdkopov\u00fdch pr\u00e1cach aj zdv\u00edhan\u00ed. <\/li>\n<li>Po\u013enohospod\u00e1rske stroje: Pou\u017e\u00edvaj\u00fa sa v \u010deln\u00fdch naklada\u010doch na naberanie, zdv\u00edhanie a prepravu p\u00f4dy, sena a in\u00fdch materi\u00e1lov. <\/li>\n<li>R\u00fdpadl\u00e1: Valce vedra dosahuj\u00fa kopac\u00ed \u00fa\u010dinok t\u00fdm, \u017ee umo\u017e\u0148uj\u00fa vedru prenikn\u00fa\u0165 do p\u00f4dy.<\/li>\n<li>\u010celn\u00e9 naklada\u010de: \u010celn\u00e9 naklada\u010de pom\u00e1haj\u00fa pri efekt\u00edvnom zdv\u00edhan\u00ed a vykladan\u00ed tovaru.<\/li>\n<\/ul>\n<h2>\u00davahy o dizajne a \u0161tandardy v\u00fdberu<\/h2>\n<p>Z h\u013eadiska kon\u0161trukcie berieme do \u00favahy nosnos\u0165 valca, tesnos\u0165, trvanlivos\u0165, bezpe\u010dnos\u0165 a \u00fadr\u017ebu. K\u013e\u00fa\u010dov\u00e9 body s\u00fa nasledovn\u00e9:<\/p>\n<ul>\n<li>Nosnos\u0165: Valec by mal by\u0165 schopn\u00fd odola\u0165 maxim\u00e1lnemu za\u0165a\u017eeniu potrebn\u00e9mu pre dan\u00fa \u00falohu.<\/li>\n<li>Tesnenie: Na zabr\u00e1nenie \u00faniku hydraulick\u00e9ho oleja a zabezpe\u010denie efekt\u00edvnej prev\u00e1dzky sa pou\u017e\u00edvaj\u00fa r\u00f4zne tesniace komponenty, ako s\u00fa tesnenia piestov a tesnenia ty\u010d\u00ed.<\/li>\n<li>Trvanlivos\u0165: Valec by mal by\u0165 navrhnut\u00fd s oh\u013eadom na odolnos\u0165 vo\u010di opotrebovaniu a kor\u00f3zii, aby sa pred\u013a\u017eila jeho \u017eivotnos\u0165.<\/li>\n<li>Bezpe\u010dnos\u0165: Spr\u00e1vna in\u0161tal\u00e1cia a pravideln\u00e1 \u00fadr\u017eba zais\u0165uj\u00fa bezpe\u010dn\u00fa prev\u00e1dzku.<\/li>\n<li>\u00dadr\u017eba: Valec by mal by\u0165 navrhnut\u00fd s vymenite\u013en\u00fdmi komponentmi, aby bola \u00fadr\u017eba a opravy dostupnej\u0161ie.<\/li>\n<\/ul>\n<p><img decoding=\"async\" src=\"https:\/\/www.hydraulic-cylinders.net\/wp-content\/uploads\/2025\/01\/songte-oil-pipes-and-spare-parts.webp\" alt=\"\u00davahy o dizajne\"><\/p>\n<h2>Tesnenie a mazanie<\/h2>\n<p>Na zabezpe\u010denie spr\u00e1vneho utesnenia a mazania sa pou\u017e\u00edvaj\u00fa r\u00f4zne tesniace komponenty, ako s\u00fa tesnenia piestov a tesnenia ty\u010d\u00ed, ktor\u00e9 s\u00fa vyroben\u00e9 z materi\u00e1lov odoln\u00fdch vo\u010di opotrebovaniu, ako je polyuret\u00e1n a nitrilov\u00fd kau\u010duk. Teleso valca a z\u00e1vitov\u00e9 koncov\u00e9 plochy s\u00fa jemne opracovan\u00e9, aby sa zlep\u0161ila odolnos\u0165 vo\u010di opotrebovaniu. Na zabezpe\u010denie spr\u00e1vneho mazania je potrebn\u00e9 pravideln\u00e9 prid\u00e1vanie hydraulick\u00e9ho oleja.<\/p>\n<h2>\u00dadr\u017eba a opravy<\/h2>\n<p>Pravideln\u00e1 kontrola a prevent\u00edvna \u00fadr\u017eba s\u00fa nevyhnutn\u00e9 na zabezpe\u010denie dlhodobej prev\u00e1dzky valca. Nasleduj\u00fa be\u017en\u00e9 \u00falohy \u00fadr\u017eby:<\/p>\n<ul>\n<li>Pravideln\u00e1 kontrola<\/li>\n<li>Spr\u00e1vne mazanie<\/li>\n<li>V\u00fdmena tesnenia<\/li>\n<li>Kontrola kalibr\u00e1cie<\/li>\n<\/ul>\n<p>Spr\u00e1vna in\u0161tal\u00e1cia, mazanie a nastavenie s\u00fa rozhoduj\u00face pre v\u00fdkon valca. Po\u010das in\u0161tal\u00e1cie by sa malo zabezpe\u010di\u0165 spr\u00e1vne vedenie pre zarovnanie a na upevnenie valca by sa mali pou\u017ei\u0165 vhodn\u00e9 mont\u00e1\u017ene konzoly. Poskytuj\u00fa sa odpor\u00fa\u010dan\u00e9 postupy kontroly, opravy a v\u00fdmeny vr\u00e1tane n\u00e1hradn\u00fdch dielov a slu\u017eieb repase na pred\u013a\u017eenie \u017eivotnosti valca.<\/p>\n<p><img decoding=\"async\" src=\"https:\/\/www.hydraulic-cylinders.net\/wp-content\/uploads\/2025\/01\/songte-chushion-collar.webp\" alt=\"\u00dadr\u017eba a opravy\"><\/p>\n<h2>Bezpe\u010dnostn\u00e9 aspekty a faktory prostredia<\/h2>\n<p>Pri pou\u017e\u00edvan\u00ed valcov s vedrovou kon\u0161trukciou by sa mali prija\u0165 vhodn\u00e9 bezpe\u010dnostn\u00e9 opatrenia. Pred pou\u017eit\u00edm sa uistite, \u017ee zariadenie je spr\u00e1vne nain\u0161talovan\u00e9 a \u017ee valec je v dobrom stave. Spr\u00e1vna likvid\u00e1cia hydraulick\u00e9ho oleja a in\u00fdch nebezpe\u010dn\u00fdch materi\u00e1lov je nevyhnutn\u00e1 na minimaliz\u00e1ciu vplyvu na \u017eivotn\u00e9 prostredie.<\/p>\n<h2>Rie\u0161enie probl\u00e9mov a be\u017en\u00e9 probl\u00e9my<\/h2>\n<p>Medzi be\u017en\u00e9 probl\u00e9my patria \u00faniky hydraulick\u00e9ho oleja, porucha valcov a zn\u00ed\u017een\u00fd v\u00fdkon. Spr\u00e1vna diagnostika a rie\u0161enia s\u00fa k\u013e\u00fa\u010dov\u00e9 pre vyrie\u0161enie t\u00fdchto probl\u00e9mov. Pravideln\u00e1 kontrola a prevent\u00edvna \u00fadr\u017eba m\u00f4\u017eu tie\u017e pom\u00f4c\u0165 minimalizova\u0165 tieto probl\u00e9my.<\/p>\n<p><img decoding=\"async\" src=\"https:\/\/www.hydraulic-cylinders.net\/wp-content\/uploads\/2025\/01\/songte-bushings-with-all-kinds-of-excavator-models.webp\" alt=\"Rie\u0161enie probl\u00e9mov\"><\/p>\n<h2>O na\u0161ej spolo\u010dnosti<\/h2>\n<p>Sme v\u00fdrobcom n\u00e1hradn\u00fdch hydraulick\u00fdch valcov s kompletn\u00fdm sortimentom produktov. Stali sme sa jedn\u00fdm z popredn\u00fdch v\u00fdrobcov a ve\u013ekoobchodn\u00fdch distrib\u00fatorov hydraulick\u00fdch valcov na dom\u00e1com aj medzin\u00e1rodnom trhu. Riadime sa princ\u00edpom vynikaj\u00facej kvality a spoliehame sa na strat\u00e9giu industrializ\u00e1cie v\u00fdroby v diel\u0148ach zaoberaj\u00facich sa presnou v\u00fdrobou. Na\u0161a spolo\u010dnos\u0165 neust\u00e1le zlep\u0161uje v\u00fdrobn\u00fa platformu dielne, zdokona\u013euje v\u00fdrobn\u00fa cestu zameran\u00fa na kvalitu v\u00fdrobkov a m\u00e1 siln\u00fa v\u00fdrobn\u00fa kapacitu. Sp\u013a\u0148ame rozmanit\u00e9 potreby z\u00e1kazn\u00edkov s vysokou \u00fa\u010dinnos\u0165ou, vysokou presnos\u0165ou a vysoko kvalitn\u00fdmi produktmi.<\/p>\n<p>Na\u0161a spolo\u010dnos\u0165 poskytuje profesion\u00e1lnu medzin\u00e1rodn\u00fa certifik\u00e1ciu, slu\u017eby na mieru, v\u00fdrobn\u00e9 zariadenia a popredajn\u00fd servis. <\/p>\n<p><img decoding=\"async\" src=\"https:\/\/hzpt.com\/wp-content\/uploads\/2024\/11\/songte-company-1.webp\" alt=\"O na\u0161ej spolo\u010dnosti\"><\/p>\n<h3>Autor: lyl<\/h3>","protected":false},"excerpt":{"rendered":"<p>Bucket Cylinder For Volwa Large Excavator DLS330-8B Introduction A bucket cylinder is a specially designed hydraulic cylinder primarily used to control the movement of buckets in heavy machinery such as excavators, backhoe loaders, and front-end loaders. Its main function is to enable the bucket to lift, lower, and tilt, making it easier to handle various [&hellip;]<\/p>","protected":false},"featured_media":14771,"comment_status":"open","ping_status":"closed","template":"","meta":{"_et_pb_use_builder":"","_et_pb_old_content":"","_et_gb_content_width":""},"product_brand":[],"product_cat":[1494],"product_tag":[1495,1496],"class_list":{"0":"post-15892","1":"product","2":"type-product","3":"status-publish","4":"has-post-thumbnail","6":"product_cat-bucket-cylinders","7":"product_tag-bucket-cylinders","8":"product_tag-hydraulic-cylinders","10":"first","11":"instock","12":"shipping-taxable","13":"product-type-simple"},"amp_enabled":true,"_links":{"self":[{"href":"https:\/\/www.hydraulic-cylinders.net\/sk\/wp-json\/wp\/v2\/product\/15892","targetHints":{"allow":["GET"]}}],"collection":[{"href":"https:\/\/www.hydraulic-cylinders.net\/sk\/wp-json\/wp\/v2\/product"}],"about":[{"href":"https:\/\/www.hydraulic-cylinders.net\/sk\/wp-json\/wp\/v2\/types\/product"}],"replies":[{"embeddable":true,"href":"https:\/\/www.hydraulic-cylinders.net\/sk\/wp-json\/wp\/v2\/comments?post=15892"}],"wp:featuredmedia":[{"embeddable":true,"href":"https:\/\/www.hydraulic-cylinders.net\/sk\/wp-json\/wp\/v2\/media\/14771"}],"wp:attachment":[{"href":"https:\/\/www.hydraulic-cylinders.net\/sk\/wp-json\/wp\/v2\/media?parent=15892"}],"wp:term":[{"taxonomy":"product_brand","embeddable":true,"href":"https:\/\/www.hydraulic-cylinders.net\/sk\/wp-json\/wp\/v2\/product_brand?post=15892"},{"taxonomy":"product_cat","embeddable":true,"href":"https:\/\/www.hydraulic-cylinders.net\/sk\/wp-json\/wp\/v2\/product_cat?post=15892"},{"taxonomy":"product_tag","embeddable":true,"href":"https:\/\/www.hydraulic-cylinders.net\/sk\/wp-json\/wp\/v2\/product_tag?post=15892"}],"curies":[{"name":"pracovn\u00fd list","href":"https:\/\/api.w.org\/{rel}","templated":true}]}}