{"id":15906,"date":"2025-01-19T15:08:48","date_gmt":"2025-01-19T15:08:48","guid":{"rendered":"https:\/\/www.hydraulic-cylinders.net\/product\/bucket-cylinder-for-wacker-e6003\/"},"modified":"2025-01-19T15:08:53","modified_gmt":"2025-01-19T15:08:53","slug":"bucket-cylinder-for-wacker-e6003","status":"publish","type":"product","link":"https:\/\/www.hydraulic-cylinders.net\/sk\/produkt\/bucket-cylinder-for-wacker-e6003\/","title":{"rendered":"Valec vedra pre Wacker E6003"},"content":{"rendered":"<h2>Valec vedra pre Wacker E6003<\/h2>\n<h3>\u00davod<\/h3>\n<p>Hydraulick\u00fd valec ly\u017eice pre Wacker E6003 je \u0161peci\u00e1lne navrhnut\u00fd hydraulick\u00fd valec pou\u017e\u00edvan\u00fd predov\u0161etk\u00fdm na ovl\u00e1danie pohybu ly\u017eice v \u0165a\u017ek\u00fdch strojoch, ako s\u00fa bagre, r\u00fdpadlo-naklada\u010de a \u010deln\u00e9 naklada\u010de. Jeho hlavnou funkciou je umo\u017eni\u0165 ly\u017eici pohyb hore, dole a nakl\u00e1\u0148anie, \u010do u\u013eah\u010duje prepravu r\u00f4znych materi\u00e1lov. V hydraulickom syst\u00e9me dosahuje valec ly\u017eice presn\u00e9 ovl\u00e1danie ly\u017eice prostredn\u00edctvom zmien tlaku hydraulick\u00e9ho oleja, \u010do umo\u017e\u0148uje obsluhe efekt\u00edvne manipulova\u0165 s \u0165a\u017ek\u00fdmi bremenami, prisp\u00f4sobi\u0165 sa zlo\u017eit\u00fdm pracovn\u00fdm prostrediam a r\u00f4znym prev\u00e1dzkov\u00fdm po\u017eiadavk\u00e1m.<\/p>\n<div>\n  <img decoding=\"async\" src=\"https:\/\/www.hydraulic-cylinders.net\/wp-content\/uploads\/2025\/01\/songte-company-2.webp\" alt=\"Valec vedra pre Wacker E6003\">\n<\/div>\n<h3>Funkcie<\/h3>\n<ul>\n<li><strong>Vysok\u00e1 pevnos\u0165 a odolnos\u0165:<\/strong> Valec s vedrom, zvy\u010dajne vyroben\u00fd z vysokopevnostnej ocele alebo hlin\u00edka, odol\u00e1 vysok\u00e9mu tlaku a \u0165a\u017ek\u00fdm za\u0165a\u017eeniam a z\u00e1rove\u0148 je navrhnut\u00fd s oh\u013eadom na odolnos\u0165 vo\u010di opotrebovaniu a kor\u00f3zii, \u010d\u00edm sa predl\u017euje jeho \u017eivotnos\u0165.<\/li>\n<li><strong>Efekt\u00edvna hydraulick\u00e1 prev\u00e1dzka:<\/strong> V\u010faka hydraulick\u00e9mu tlaku oleja na dosiahnutie plynul\u00e9ho vys\u00favania a zas\u00favania valec ly\u017eice r\u00fdchlo reaguje na ovl\u00e1dacie povely a poskytuje siln\u00fa tla\u010dn\u00fa a \u0165a\u017en\u00fa silu, vhodn\u00fa na manipul\u00e1ciu s \u0165a\u017ek\u00fdmi predmetmi a zlo\u017eit\u00e9 \u00falohy.<\/li>\n<li><strong>R\u00f4zne typy:<\/strong> Valce kor\u010dekov je mo\u017en\u00e9 vybra\u0165 pod\u013ea jedno\u010dinn\u00e9ho (hydraulika pou\u017e\u00edvan\u00e1 iba v jednom smere) alebo dvoj\u010dinn\u00e9ho (hydraulika pou\u017e\u00edvan\u00e1 v oboch smeroch), ako aj niektor\u00e9 modely, ktor\u00e9 s\u00fa teleskopick\u00e9, \u010do umo\u017e\u0148uje v\u00e4\u010d\u0161ie vysunutie bez zv\u00e4\u010d\u0161enia vonkaj\u0161\u00edch rozmerov, vhodn\u00e9 pre aplik\u00e1cie s obmedzen\u00fdm priestorom.<\/li>\n<li><strong>Vymenite\u013en\u00e9:<\/strong> Na\u0161e valce s ko\u0161\u00edkom dok\u00e1\u017eu tieto hydraulick\u00e9 valce dokonale nahradi\u0165.<\/li>\n<li><strong>Prisp\u00f4sobite\u013en\u00e9:<\/strong> Na\u0161a spolo\u010dnos\u0165 vie vyrobi\u0165 r\u00f4zne ve\u013ekosti a typy valcov na ko\u0161\u00edky pod\u013ea po\u017eiadaviek z\u00e1kazn\u00edka.<\/li>\n<\/ul>\n<div>\n  <img decoding=\"async\" src=\"https:\/\/www.hydraulic-cylinders.net\/wp-content\/uploads\/2025\/01\/songte-cylinder-head-with-all-kinds-excavator-models.webp\" alt=\"Valec vedra pre Wacker E6003\">\n<\/div>\n<h3>Aplik\u00e1cie<\/h3>\n<p>Valec s vedrom sa \u0161iroko pou\u017e\u00edva v r\u00f4znych odvetviach a stroj\u00e1rstve, ako napr\u00edklad:<\/p>\n<ul>\n<li><strong>Stavebn\u00e9 vybavenie:<\/strong> V bagroch s\u00fa k\u013e\u00fa\u010dov\u00e9 pre kopanie, nakladanie a premiest\u0148ovanie zeminy alebo sutiny. V r\u00fdpadlo-naklada\u010doch pom\u00e1ha valec ly\u017eice pri kopan\u00ed a zdv\u00edhan\u00ed.<\/li>\n<li><strong>Po\u013enohospod\u00e1rske stroje:<\/strong> Pou\u017e\u00edva sa v \u010deln\u00fdch naklada\u010doch na naberanie, zdv\u00edhanie a prepravu p\u00f4dy, sena a in\u00fdch materi\u00e1lov.<\/li>\n<li><strong>R\u00fdpadl\u00e1:<\/strong> Valec ly\u017eice umo\u017e\u0148uje kopanie t\u00fdm, \u017ee umo\u017e\u0148uje ly\u017eici prenikn\u00fa\u0165 do p\u00f4dy.<\/li>\n<li><strong>Naklada\u010de:<\/strong> V \u010deln\u00fdch naklada\u010doch pom\u00e1haj\u00fa efekt\u00edvne zdv\u00edha\u0165 a vykl\u00e1pa\u0165 bremena.<\/li>\n<\/ul>\n<h3>\u00davahy o dizajne a krit\u00e9ri\u00e1 v\u00fdberu<\/h3>\n<p>Valce kor\u010dekov s\u00fa navrhnut\u00e9 s oh\u013eadom na r\u00f4zne faktory, ako napr\u00edklad:<\/p>\n<ul>\n<li><strong>Nosnos\u0165:<\/strong> Valec by mal by\u0165 schopn\u00fd unies\u0165 hmotnos\u0165 n\u00e1kladu.<\/li>\n<li><strong>Tesnenie:<\/strong> Tesnenie je nevyhnutn\u00e9 na zabr\u00e1nenie \u00faniku hydraulick\u00e9ho oleja a tie\u017e na ochranu valca pred kontamin\u00e1ciou.<\/li>\n<li><strong>Trvanlivos\u0165:<\/strong> Valec by mal by\u0165 vyroben\u00fd z vysoko kvalitn\u00fdch materi\u00e1lov, ktor\u00e9 odol\u00e1vaj\u00fa n\u00e1ro\u010dn\u00fdm podmienkam a maj\u00fa dlh\u00fa \u017eivotnos\u0165.<\/li>\n<li><strong>Bezpe\u010dnos\u0165:<\/strong> S\u00fa\u010das\u0165ou n\u00e1vrhu by mali by\u0165 bezpe\u010dnostn\u00e9 prvky, aby sa predi\u0161lo nehod\u00e1m a zraneniam.<\/li>\n<li><strong>\u00dadr\u017eba:<\/strong> Valec by mal by\u0165 \u013eahko udr\u017eiavate\u013en\u00fd a opravovate\u013en\u00fd, aby sa minimalizovali prestoje.<\/li>\n<\/ul>\n<div>\n  <img decoding=\"async\" src=\"https:\/\/www.hydraulic-cylinders.net\/wp-content\/uploads\/2025\/01\/songte-oil-pipes-and-spare-parts.webp\" alt=\"Valec vedra pre Wacker E6003\">\n<\/div>\n<h3>Tesnenie a mazanie<\/h3>\n<p>Valce s kor\u010dekom pou\u017e\u00edvaj\u00fa r\u00f4zne tesnenia, ako s\u00fa piestne tesnenia, ty\u010dov\u00e9 tesnenia a stieracie tesnenia, vyroben\u00e9 z materi\u00e1lov odoln\u00fdch vo\u010di opotrebovaniu, ako je polyuret\u00e1n a nitrilov\u00fd kau\u010duk. Teleso valca a povrch z\u00e1vitov\u00e9ho konca s\u00fa jemne opracovan\u00e9, aby sa zlep\u0161ila odolnos\u0165 vo\u010di opotrebovaniu. Pravideln\u00e1 \u00fadr\u017eba a spr\u00e1vne mazanie s\u00fa nevyhnutn\u00e9 na zabezpe\u010denie dlhej \u017eivotnosti a v\u00fdkonu valca.<\/p>\n<h3>\u00dadr\u017eba a opravy<\/h3>\n<p>Pravideln\u00e1 kontrola, spr\u00e1vne mazanie, v\u00fdmena tesnen\u00ed a kalibra\u010dn\u00e9 kontroly s\u00fa be\u017en\u00fdmi \u00falohami \u00fadr\u017eby valcov s ko\u0161\u00edkom. Spr\u00e1vna in\u0161tal\u00e1cia a zarovnanie valca s\u00fa k\u013e\u00fa\u010dov\u00e9 a na upevnenie valca by sa mali pou\u017ei\u0165 vhodn\u00e9 mont\u00e1\u017ene konzoly. Pre optim\u00e1lne pou\u017e\u00edvanie a dlh\u00fa \u017eivotnos\u0165 valca s ko\u0161\u00edkom by sa mali dodr\u017eiava\u0165 odpor\u00fa\u010dan\u00e9 postupy kontroly, opravy a v\u00fdmeny.<\/p>\n<div>\n  <img decoding=\"async\" src=\"https:\/\/www.hydraulic-cylinders.net\/wp-content\/uploads\/2025\/01\/songte-chushion-collar.webp\" alt=\"Valec vedra pre Wacker E6003\">\n<\/div>\n<h3>Bezpe\u010dnostn\u00e9 a environment\u00e1lne aspekty<\/h3>\n<p>Pri pou\u017e\u00edvan\u00ed hydraulick\u00fdch valcov s vedro s\u00fa bezpe\u010dnostn\u00e9 opatrenia k\u013e\u00fa\u010dov\u00e9. Obsluha by mala dodr\u017eiava\u0165 pr\u00edslu\u0161n\u00e9 bezpe\u010dnostn\u00e9 pokyny a pou\u017e\u00edva\u0165 vhodn\u00e9 osobn\u00e9 ochrann\u00e9 prostriedky. Mali by sa zoh\u013eadni\u0165 aj environment\u00e1lne aspekty, ako je pou\u017e\u00edvanie ekologick\u00e9ho hydraulick\u00e9ho oleja a spr\u00e1vna likvid\u00e1cia pou\u017eit\u00e9ho oleja.<\/p>\n<h3>Diagnostika por\u00fach a rie\u0161enie probl\u00e9mov<\/h3>\n<p>Medzi be\u017en\u00e9 probl\u00e9my s vedrov\u00fdmi valcami patria netesnosti, slab\u00fd v\u00fdkon a po\u0161kodenie valca. Mali by sa poskytn\u00fa\u0165 tipy na rie\u0161enie probl\u00e9mov a rie\u0161enia, ktor\u00e9 \u010ditate\u013eom pom\u00f4\u017eu efekt\u00edvne diagnostikova\u0165 a rie\u0161i\u0165 probl\u00e9my. Mali by sa tie\u017e navrhn\u00fa\u0165 prevent\u00edvne opatrenia na minimaliz\u00e1ciu potenci\u00e1lnych probl\u00e9mov.<\/p>\n<div>\n  <img decoding=\"async\" src=\"https:\/\/www.hydraulic-cylinders.net\/wp-content\/uploads\/2025\/01\/songte-bushings-with-all-kinds-of-excavator-models.webp\" alt=\"Valec vedra pre Wacker E6003\">\n<\/div>\n<h3>O na\u0161ej spolo\u010dnosti<\/h3>\n<p>Sme v\u00fdrobcom n\u00e1hradn\u00fdch hydraulick\u00fdch valcov s kompletn\u00fdm sortimentom produktov a st\u00e1vame sa jedn\u00fdm z popredn\u00fdch v\u00fdrobcov a ve\u013ekoobchodn\u00fdch distrib\u00fatorov hydraulick\u00fdch valcov na dom\u00e1com aj zahrani\u010dnom trhu. Riadime sa princ\u00edpom vynikaj\u00facej kvality a spoliehame sa na strat\u00e9giu riadenia priemyselnej v\u00fdroby v r\u00e1mci jemnej v\u00fdrobnej dielne. Na\u0161a spolo\u010dnos\u0165 neust\u00e1le zlep\u0161uje v\u00fdrobn\u00fa platformu dielne, zdokona\u013euje v\u00fdrobn\u00fd postup zameran\u00fd na kvalitu produktov a m\u00e1 siln\u00e9 kreat\u00edvne schopnosti uspokojova\u0165 rozmanit\u00e9 potreby z\u00e1kazn\u00edkov s vysokou efektivitou, vysokou presnos\u0165ou a vysokou kvalitou. <\/p>\n<p>Na\u0161a spolo\u010dnos\u0165 pon\u00faka profesion\u00e1lne slu\u017eby od medzin\u00e1rodn\u00fdch certifik\u00e1ci\u00ed a\u017e po z\u00e1kazkov\u00e9 slu\u017eby, modern\u00e9 v\u00fdrobn\u00e9 zariadenia a popredajn\u00fd servis.<\/p>\n<div>\n  <img decoding=\"async\" src=\"https:\/\/hzpt.com\/wp-content\/uploads\/2024\/11\/songte-company-1.webp\" alt=\"Valec vedra pre Wacker E6003\">\n<\/div>\n<p>Autor: lyl.<\/p>","protected":false},"excerpt":{"rendered":"<p>Bucket Cylinder For Wacker E6003 Introduction A bucket cylinder for Wacker E6003 is a specially designed hydraulic cylinder used primarily to control the movement of the bucket in heavy machinery such as excavators, backhoe loaders, and front loaders. Its main function is to allow the bucket to move up, down, and tilt, making it easy [&hellip;]<\/p>","protected":false},"featured_media":14773,"comment_status":"open","ping_status":"closed","template":"","meta":{"_et_pb_use_builder":"","_et_pb_old_content":"","_et_gb_content_width":""},"product_brand":[],"product_cat":[1494],"product_tag":[1495,1496],"class_list":{"0":"post-15906","1":"product","2":"type-product","3":"status-publish","4":"has-post-thumbnail","6":"product_cat-bucket-cylinders","7":"product_tag-bucket-cylinders","8":"product_tag-hydraulic-cylinders","10":"first","11":"instock","12":"shipping-taxable","13":"product-type-simple"},"amp_enabled":true,"_links":{"self":[{"href":"https:\/\/www.hydraulic-cylinders.net\/sk\/wp-json\/wp\/v2\/product\/15906","targetHints":{"allow":["GET"]}}],"collection":[{"href":"https:\/\/www.hydraulic-cylinders.net\/sk\/wp-json\/wp\/v2\/product"}],"about":[{"href":"https:\/\/www.hydraulic-cylinders.net\/sk\/wp-json\/wp\/v2\/types\/product"}],"replies":[{"embeddable":true,"href":"https:\/\/www.hydraulic-cylinders.net\/sk\/wp-json\/wp\/v2\/comments?post=15906"}],"wp:featuredmedia":[{"embeddable":true,"href":"https:\/\/www.hydraulic-cylinders.net\/sk\/wp-json\/wp\/v2\/media\/14773"}],"wp:attachment":[{"href":"https:\/\/www.hydraulic-cylinders.net\/sk\/wp-json\/wp\/v2\/media?parent=15906"}],"wp:term":[{"taxonomy":"product_brand","embeddable":true,"href":"https:\/\/www.hydraulic-cylinders.net\/sk\/wp-json\/wp\/v2\/product_brand?post=15906"},{"taxonomy":"product_cat","embeddable":true,"href":"https:\/\/www.hydraulic-cylinders.net\/sk\/wp-json\/wp\/v2\/product_cat?post=15906"},{"taxonomy":"product_tag","embeddable":true,"href":"https:\/\/www.hydraulic-cylinders.net\/sk\/wp-json\/wp\/v2\/product_tag?post=15906"}],"curies":[{"name":"pracovn\u00fd list","href":"https:\/\/api.w.org\/{rel}","templated":true}]}}