{"id":15911,"date":"2025-01-19T15:09:18","date_gmt":"2025-01-19T15:09:18","guid":{"rendered":"https:\/\/www.hydraulic-cylinders.net\/product\/bucket-cylinder-for-aotai-at80e-9\/"},"modified":"2025-01-19T15:09:20","modified_gmt":"2025-01-19T15:09:20","slug":"bucket-cylinder-for-aotai-at80e-9","status":"publish","type":"product","link":"https:\/\/www.hydraulic-cylinders.net\/sk\/produkt\/bucket-cylinder-for-aotai-at80e-9\/","title":{"rendered":"Valec vedra pre Aotai AT80E-9"},"content":{"rendered":"<h1>Valec vedra pre Aotai AT80E-9<\/h1>\n<h2>\u00davod<\/h2>\n<p>Hydraulick\u00fd valec ly\u017eice je \u0161peci\u00e1lne navrhnut\u00fd hydraulick\u00fd valec pou\u017e\u00edvan\u00fd na ovl\u00e1danie pohybu ly\u017eice v \u0165a\u017ek\u00fdch strojoch, ako s\u00fa bagre, r\u00fdpadlo-naklada\u010de a \u010deln\u00e9 naklada\u010de. Jeho hlavnou funkciou je zdv\u00edhanie, sp\u00fa\u0161\u0165anie a nakl\u00e1\u0148anie ly\u017eice pre efekt\u00edvnu manipul\u00e1ciu s materi\u00e1lom. V hydraulickom syst\u00e9me riadi valec ly\u017eice presn\u00fd pohyb ly\u017eice prostredn\u00edctvom zmien tlaku hydraulick\u00e9ho oleja, \u010do umo\u017e\u0148uje obsluhe efekt\u00edvne manipulova\u0165 s \u0165a\u017ek\u00fdmi bremenami a prisp\u00f4sobova\u0165 sa zlo\u017eit\u00fdm pracovn\u00fdm prostrediam a r\u00f4znorod\u00fdm po\u017eiadavk\u00e1m pr\u00e1ce.<\/p>\n<p><img decoding=\"async\" src=\"https:\/\/www.hydraulic-cylinders.net\/wp-content\/uploads\/2025\/01\/songte-company-2.webp\"><\/p>\n<h2>Funkcie<\/h2>\n<ul>\n<li>\n<h3>Vysok\u00e1 pevnos\u0165 a odolnos\u0165<\/h3>\n<p>Valce s kor\u010dekom s\u00fa zvy\u010dajne vyroben\u00e9 z vysokopevnostnej ocele alebo hlin\u00edka, s\u00fa schopn\u00e9 odol\u00e1va\u0165 vysok\u00e9mu tlaku a \u0165a\u017ek\u00fdm za\u0165a\u017eeniam a s\u00fa navrhnut\u00e9 s oh\u013eadom na odolnos\u0165 vo\u010di opotrebovaniu a kor\u00f3zii, \u010d\u00edm sa predl\u017euje ich \u017eivotnos\u0165.<\/p>\n<\/li>\n<li>\n<h3>Efekt\u00edvna hydraulick\u00e1 prev\u00e1dzka<\/h3>\n<p>Valce kor\u010dekov vyu\u017e\u00edvaj\u00fa tlak hydraulick\u00e9ho oleja na dosiahnutie plynul\u00fdch pohybov roz\u0165ahovania a s\u0165ahovania, dok\u00e1\u017eu r\u00fdchlo reagova\u0165 na ovl\u00e1dacie povely, poskytuj\u00fa siln\u00fa tla\u010dn\u00fa a \u0165a\u017en\u00fa silu a s\u00fa vhodn\u00e9 na manipul\u00e1ciu s \u0165a\u017ek\u00fdmi bremenami a zlo\u017eit\u00fdmi pracovn\u00fdmi \u00falohami.<\/p>\n<\/li>\n<li>\n<h3>R\u00f4zne typy<\/h3>\n<p>Valce kor\u010dekov je mo\u017en\u00e9 zvoli\u0165 ako jedno\u010dinn\u00e9 (hydraulick\u00e1 kvapalina sa pou\u017e\u00edva v jednom smere) alebo dvoj\u010dinn\u00e9 (hydraulick\u00e1 kvapalina sa pou\u017e\u00edva v oboch smeroch) pod\u013ea prev\u00e1dzkov\u00fdch po\u017eiadaviek. Niektor\u00e9 modely s\u00fa teleskopick\u00e9, \u010do umo\u017e\u0148uje v\u00e4\u010d\u0161ie vysunutie bez zv\u00e4\u010d\u0161enia vonkaj\u0161\u00edch rozmerov, vhodn\u00e9 pre aplik\u00e1cie s obmedzen\u00fdm priestorom.<\/p>\n<\/li>\n<li>\n<h3>Perfektn\u00e1 n\u00e1hrada za hydraulick\u00e9 valce<\/h3>\n<p>Na\u0161e produkty dok\u00e1\u017eu dokonale nahradi\u0165 tieto hydraulick\u00e9 valce.<\/p>\n<p>  <img decoding=\"async\" src=\"https:\/\/www.hydraulic-cylinders.net\/wp-content\/uploads\/2025\/01\/songte-cylinder-head-with-all-kinds-excavator-models.webp\"><\/li>\n<\/ul>\n<h2>Aplik\u00e1cie<\/h2>\n<p>Valce kor\u010dekov s\u00fa nevyhnutn\u00e9 pre r\u00f4zne typy \u0165a\u017ek\u00fdch strojov vr\u00e1tane:<\/p>\n<ul>\n<li>\n<h3>Stavebn\u00e9 stroje<\/h3>\n<p>V r\u00fdpadl\u00e1ch s\u00fa valce ko\u0161\u00edkov k\u013e\u00fa\u010dov\u00e9 pre kopanie, nakladanie a premiest\u0148ovanie zeminy alebo sutiny. V r\u00fdpadlo-naklada\u010doch pom\u00e1haj\u00fa valce ko\u0161\u00edkov pri kopan\u00ed aj zdv\u00edhan\u00ed. <\/p>\n<\/li>\n<li>\n<h3>Po\u013enohospod\u00e1rske stroje<\/h3>\n<p>Pou\u017e\u00edvaj\u00fa sa v \u010deln\u00fdch naklada\u010doch na naberanie, zdv\u00edhanie a prepravu zeminy, sena a in\u00fdch materi\u00e1lov. V r\u00fdpadl\u00e1ch dosahuj\u00fa valce ko\u0161\u00edka kopac\u00ed \u00fa\u010dinok t\u00fdm, \u017ee umo\u017e\u0148uj\u00fa ko\u0161\u00edku prenikn\u00fa\u0165 do p\u00f4dy. V \u010deln\u00fdch naklada\u010doch pom\u00e1haj\u00fa pri efekt\u00edvnom zdv\u00edhan\u00ed a vykladan\u00ed tovaru.<\/p>\n<\/li>\n<\/ul>\n<h2>\u00davahy o dizajne<\/h2>\n<p>Valce kor\u010dekov s\u00fa navrhnut\u00e9 s oh\u013eadom na mnoho aspektov, aby sa zabezpe\u010dil ich optim\u00e1lny v\u00fdkon:<\/p>\n<ul>\n<li>\n<h3>Nosnos\u0165<\/h3>\n<p>Valce kor\u010dekov s\u00fa navrhnut\u00e9 tak, aby odolali vysok\u00e9mu za\u0165a\u017eeniu a tlaku, \u010d\u00edm sa zabezpe\u010d\u00ed ich nosnos\u0165.<\/p>\n<\/li>\n<li>\n<h3>Tesnenie<\/h3>\n<p>V valcoch s vedrov\u00fdm motorom sa pou\u017e\u00edvaj\u00fa r\u00f4zne tesnenia, ako s\u00fa piestne tesnenia a ty\u010dov\u00e9 tesnenia, vyroben\u00e9 z materi\u00e1lov odoln\u00fdch vo\u010di opotrebovaniu, ako je polyuret\u00e1n a nitrilov\u00fd kau\u010duk, \u010do zais\u0165uje ich trvanlivos\u0165 a tesniaci v\u00fdkon.<\/p>\n<\/li>\n<li>\n<h3>Bezpe\u010dnos\u0165<\/h3>\n<p>Valce s kore\u010dkami s\u00fa navrhnut\u00e9 s oh\u013eadom na bezpe\u010dnos\u0165, aby sa zabezpe\u010dila bezpe\u010dnos\u0165 obsluhy a \u017eivotn\u00e9ho prostredia. Spr\u00e1vna in\u0161tal\u00e1cia a \u00fadr\u017eba s\u00fa k\u013e\u00fa\u010dov\u00e9 pre zaistenie ich bezpe\u010dnej prev\u00e1dzky.<\/p>\n<\/li>\n<li>\n<h3>\u00dadr\u017eba<\/h3>\n<p>Valce kor\u010dekov vy\u017eaduj\u00fa pravideln\u00fa \u00fadr\u017ebu, aby sa zabezpe\u010dil ich optim\u00e1lny v\u00fdkon, vr\u00e1tane mazania, v\u00fdmeny tesnen\u00ed a kalibra\u010dn\u00fdch kontrol.<\/p>\n<\/li>\n<\/ul>\n<p><img decoding=\"async\" src=\"https:\/\/www.hydraulic-cylinders.net\/wp-content\/uploads\/2025\/01\/songte-oil-pipes-and-spare-parts.webp\"><\/p>\n<h2>In\u0161tal\u00e1cia a \u00fadr\u017eba<\/h2>\n<p>Pre zabezpe\u010denie optim\u00e1lneho v\u00fdkonu a dlhej \u017eivotnosti valca s vedro je d\u00f4le\u017eit\u00e9 dodr\u017eiava\u0165 spr\u00e1vne postupy in\u0161tal\u00e1cie a \u00fadr\u017eby. Medzi be\u017en\u00e9 \u00falohy \u00fadr\u017eby patria:<\/p>\n<ul>\n<li>\n<h3>Pravideln\u00e1 kontrola<\/h3>\n<p>Pravidelne by sa mala vykon\u00e1va\u0165 kontrola tesnosti, \u0161krabancov alebo in\u00fdch zn\u00e1mok po\u0161kodenia, aby sa zabezpe\u010dilo, \u017ee f\u013ea\u0161a je v dobrom stave.<\/p>\n<\/li>\n<li>\n<h3>Mazanie<\/h3>\n<p>Spr\u00e1vne mazanie umo\u017e\u0148uje plynul\u00fd pohyb valca vedra a pom\u00e1ha predch\u00e1dza\u0165 po\u0161kodeniu sp\u00f4soben\u00e9mu tren\u00edm.<\/p>\n<\/li>\n<li>\n<h3>V\u00fdmena tesnenia<\/h3>\n<p>V\u00fdmena opotrebovan\u00fdch tesnen\u00ed je nevyhnutn\u00e1 na zabr\u00e1nenie \u00fanikom a zabezpe\u010denie optim\u00e1lneho v\u00fdkonu valca.<\/p>\n<\/li>\n<li>\n<h3>Kontrola zarovnania<\/h3>\n<p>Kontrola zarovnania valca vedra je d\u00f4le\u017eit\u00e1 pre zabezpe\u010denie jeho spr\u00e1vnej funkcie.<\/p>\n<\/li>\n<\/ul>\n<p><img decoding=\"async\" src=\"https:\/\/www.hydraulic-cylinders.net\/wp-content\/uploads\/2025\/01\/songte-chushion-collar.webp\"><\/p>\n<h2>Bezpe\u010dnostn\u00e9 a environment\u00e1lne aspekty<\/h2>\n<p>Pri pou\u017e\u00edvan\u00ed vedrov\u00e9ho valca je bezpe\u010dnos\u0165 mimoriadne d\u00f4le\u017eit\u00e1. Na zaistenie bezpe\u010dnosti obsluhy a \u017eivotn\u00e9ho prostredia by sa mali dodr\u017eiava\u0165 spr\u00e1vne postupy in\u0161tal\u00e1cie, \u00fadr\u017eby a prev\u00e1dzky.<\/p>\n<p><img decoding=\"async\" src=\"https:\/\/hzpt.com\/wp-content\/uploads\/2024\/11\/songte-company-1.webp\"><\/p>\n<h2>O n\u00e1s<\/h2>\n<p>Na\u0161a spolo\u010dnos\u0165 je v\u00fdrobcom n\u00e1hradn\u00fdch hydraulick\u00fdch valcov s kompletn\u00fdm sortimentom produktov. Stali sme sa jedn\u00fdm z popredn\u00fdch v\u00fdrobcov a ve\u013ekoobchodn\u00fdch distrib\u00fatorov hydraulick\u00fdch valcov na dom\u00e1com aj medzin\u00e1rodnom trhu. Na\u0161a v\u00fdrobn\u00e1 diel\u0148a sa dr\u017e\u00ed strat\u00e9gie riadenia priemyselnej v\u00fdroby, ktor\u00e1 sa opiera o vynikaj\u00facu kvalitu, technologick\u00e9 talenty, digit\u00e1lne \u0161pi\u010dkov\u00e9 v\u00fdrobn\u00e9 zariadenia a profesion\u00e1lne testovacie syst\u00e9my. Neust\u00e1le zlep\u0161ujeme v\u00fdrobn\u00fa platformu dielne, zlep\u0161ujeme kvalitu v\u00fdrobnej linky a m\u00e1me siln\u00e9 tvoriv\u00e9 schopnosti, pri\u010dom dodr\u017eiavame z\u00e1sady vysokej efektivity, vysokej presnosti a vysokej kvality, aby sme uspokojili rozmanit\u00e9 potreby z\u00e1kazn\u00edkov.<\/p>\n<p>Medzi vynikaj\u00face vlastnosti na\u0161ej spolo\u010dnosti patria:<\/p>\n<ul>\n<li>\n<h3>Profesionalita<\/h3>\n<p>N\u00e1\u0161 t\u00edm sa sklad\u00e1 z vysoko kvalifikovan\u00fdch a sk\u00fasen\u00fdch odborn\u00edkov v oblasti hydraulick\u00fdch valcov, \u010do zabezpe\u010duje, \u017ee na\u0161e produkty sp\u013a\u0148aj\u00fa najvy\u0161\u0161ie \u0161tandardy.<\/p>\n<\/li>\n<li>\n<h3>Medzin\u00e1rodn\u00e9 certifik\u00e1cie<\/h3>\n<p>Na\u0161e v\u00fdrobky pre\u0161li r\u00f4znymi medzin\u00e1rodn\u00fdmi certifik\u00e1ciami, ktor\u00e9 zaru\u010duj\u00fa ich kvalitu a bezpe\u010dnos\u0165.<\/p>\n<\/li>\n<li>\n<h3>Slu\u017eby prisp\u00f4sobenia<\/h3>\n<p>Poskytujeme slu\u017eby na mieru, ktor\u00e9 sp\u013a\u0148aj\u00fa \u0161pecifick\u00e9 potreby a po\u017eiadavky z\u00e1kazn\u00edkov.<\/p>\n<\/li>\n<li>\n<h3>V\u00fdrobn\u00e9 zariadenia<\/h3>\n<p>Na\u0161a spolo\u010dnos\u0165 vyu\u017e\u00edva modern\u00e9 a \u0161pi\u010dkov\u00e9 v\u00fdrobn\u00e9 zariadenia na zabezpe\u010denie kvality na\u0161ich v\u00fdrobkov.<\/p>\n<\/li>\n<li>\n<h3>Popredajn\u00fd servis<\/h3>\n<p>Poskytujeme vynikaj\u00faci popredajn\u00fd servis a podporu, aby sme zabezpe\u010dili spokojnos\u0165 na\u0161ich z\u00e1kazn\u00edkov so svojimi n\u00e1kupmi.<\/p>\n<\/li>\n<\/ul>\n<p><img decoding=\"async\" src=\"https:\/\/www.hydraulic-cylinders.net\/wp-content\/uploads\/2025\/01\/songte-company-3.webp\"><\/p>\n<p>Autor: lyl<\/p>","protected":false},"excerpt":{"rendered":"<p>Bucket Cylinder For Aotai AT80E-9 Introduction A bucket cylinder is a specially designed hydraulic cylinder used to control the movement of the bucket in heavy machinery such as excavators, backhoe loaders, and front loaders. Its main function is to raise, lower, and tilt the bucket for efficient material handling tasks. In the hydraulic system, the [&hellip;]<\/p>","protected":false},"featured_media":14761,"comment_status":"open","ping_status":"closed","template":"","meta":{"_et_pb_use_builder":"","_et_pb_old_content":"","_et_gb_content_width":""},"product_brand":[],"product_cat":[1494],"product_tag":[1495,1496],"class_list":{"0":"post-15911","1":"product","2":"type-product","3":"status-publish","4":"has-post-thumbnail","6":"product_cat-bucket-cylinders","7":"product_tag-bucket-cylinders","8":"product_tag-hydraulic-cylinders","10":"first","11":"instock","12":"shipping-taxable","13":"product-type-simple"},"amp_enabled":true,"_links":{"self":[{"href":"https:\/\/www.hydraulic-cylinders.net\/sk\/wp-json\/wp\/v2\/product\/15911","targetHints":{"allow":["GET"]}}],"collection":[{"href":"https:\/\/www.hydraulic-cylinders.net\/sk\/wp-json\/wp\/v2\/product"}],"about":[{"href":"https:\/\/www.hydraulic-cylinders.net\/sk\/wp-json\/wp\/v2\/types\/product"}],"replies":[{"embeddable":true,"href":"https:\/\/www.hydraulic-cylinders.net\/sk\/wp-json\/wp\/v2\/comments?post=15911"}],"wp:featuredmedia":[{"embeddable":true,"href":"https:\/\/www.hydraulic-cylinders.net\/sk\/wp-json\/wp\/v2\/media\/14761"}],"wp:attachment":[{"href":"https:\/\/www.hydraulic-cylinders.net\/sk\/wp-json\/wp\/v2\/media?parent=15911"}],"wp:term":[{"taxonomy":"product_brand","embeddable":true,"href":"https:\/\/www.hydraulic-cylinders.net\/sk\/wp-json\/wp\/v2\/product_brand?post=15911"},{"taxonomy":"product_cat","embeddable":true,"href":"https:\/\/www.hydraulic-cylinders.net\/sk\/wp-json\/wp\/v2\/product_cat?post=15911"},{"taxonomy":"product_tag","embeddable":true,"href":"https:\/\/www.hydraulic-cylinders.net\/sk\/wp-json\/wp\/v2\/product_tag?post=15911"}],"curies":[{"name":"pracovn\u00fd list","href":"https:\/\/api.w.org\/{rel}","templated":true}]}}