{"id":15912,"date":"2025-01-19T15:09:22","date_gmt":"2025-01-19T15:09:22","guid":{"rendered":"https:\/\/www.hydraulic-cylinders.net\/product\/bucket-cylinder-for-aotai-at60e-9\/"},"modified":"2025-01-19T15:09:24","modified_gmt":"2025-01-19T15:09:24","slug":"bucket-cylinder-for-aotai-at60e-9","status":"publish","type":"product","link":"https:\/\/www.hydraulic-cylinders.net\/sk\/produkt\/bucket-cylinder-for-aotai-at60e-9\/","title":{"rendered":"Valec vedra pre Aotai AT60E-9"},"content":{"rendered":"<h1>Valec vedra pre Aotai AT60E-9<\/h1>\n<h2>\u00davod<\/h2>\n<p>A bucket cylinder is a specialized hydraulic cylinder designed for controlling the motion of the bucket in heavy machinery such as excavators, backhoe loaders, and front-end loaders. Its main function is to enable the bucket to lift, lower, and tilt, making it easier to carry out various material handling tasks. The bucket cylinder achieves precise control of the bucket&#8217;s movements by using changes in hydraulic oil pressure in the hydraulic system, enabling operators to handle heavy loads efficiently and adapt to complex working environments and diverse job requirements.<\/p>\n<p><img decoding=\"async\" src=\"https:\/\/www.hydraulic-cylinders.net\/wp-content\/uploads\/2025\/01\/songte-company-2.webp\" alt=\"Obr\u00e1zok valca vedra pre Aotai AT60E-9\"><\/p>\n<h2>Funkcie<\/h2>\n<ul>\n<li>\n<h3>Vysok\u00e1 pevnos\u0165 a odolnos\u0165<\/h3>\n<p>Valec s ko\u0161\u00edkom, ktor\u00fd je zvy\u010dajne vyroben\u00fd z vysokopevnostnej ocele alebo hlin\u00edka, odol\u00e1 vysok\u00e9mu tlaku a \u0165a\u017ek\u00fdm za\u0165a\u017eeniam, \u010d\u00edm sa prisp\u00f4sob\u00ed n\u00e1ro\u010dn\u00fdm pracovn\u00fdm podmienkam. Jeho kon\u0161trukcia zoh\u013ead\u0148uje odolnos\u0165 vo\u010di opotrebovaniu a kor\u00f3zii, \u010d\u00edm sa predl\u017euje jeho \u017eivotnos\u0165.<\/p>\n<\/li>\n<li>\n<h3>Efekt\u00edvna hydraulick\u00e1 prev\u00e1dzka<\/h3>\n<p>V\u010faka hydraulick\u00e9mu tlaku oleja na dosiahnutie plynul\u00e9ho vys\u00favania a s\u0165ahovania dok\u00e1\u017ee valec ly\u017eice r\u00fdchlo reagova\u0165 na prev\u00e1dzkov\u00e9 povely a poskytova\u0165 siln\u00e9 tla\u010dn\u00e9 a \u0165a\u017en\u00e9 sily vhodn\u00e9 na manipul\u00e1ciu s \u0165a\u017ek\u00fdmi bremenami a zlo\u017eit\u00fdmi pracovn\u00fdmi \u00falohami.<\/p>\n<\/li>\n<li>\n<h3>R\u00f4zne typy<\/h3>\n<p>Valec kor\u010deka m\u00f4\u017ee by\u0165 jedno\u010dinn\u00fd (s hydraulick\u00fdm pohonom iba v jednom smere) alebo dvoj\u010dinn\u00fd (s hydraulick\u00fdm pohonom v oboch smeroch) v z\u00e1vislosti od prev\u00e1dzkov\u00fdch po\u017eiadaviek. Niektor\u00e9 modely s\u00fa teleskopick\u00e9, \u010do umo\u017e\u0148uje v\u00e4\u010d\u0161ie vysunutie bez zv\u00e4\u010d\u0161enia vonkaj\u0161\u00edch rozmerov, v\u010faka \u010domu s\u00fa vhodn\u00e9 pre aplik\u00e1cie s obmedzen\u00fdm priestorom.<\/p>\n<\/li>\n<li>\n<h3>M\u00f4\u017ee by\u0165 vyroben\u00e9 na\u0161ou spolo\u010dnos\u0165ou<\/h3>\n<p>N\u00e1\u0161 produkt dok\u00e1\u017ee dokonale nahradi\u0165 tieto hydraulick\u00e9 valce.<\/p>\n<\/li>\n<\/ul>\n<p><img decoding=\"async\" src=\"https:\/\/www.hydraulic-cylinders.net\/wp-content\/uploads\/2025\/01\/songte-cylinder-head-with-all-kinds-excavator-models.webp\" alt=\"Aotai AT60E-9\"><\/p>\n<h2>Aplik\u00e1cie<\/h2>\n<p>Valec s ko\u0161\u00edkom nach\u00e1dza r\u00f4zne uplatnenie, ako napr\u00edklad:<\/p>\n<ul>\n<li>\n<h3>Stavebn\u00e9 stroje<\/h3>\n<p>V bagroch s\u00fa nevyhnutn\u00e9 na kopanie, nakladanie a premiest\u0148ovanie zeminy alebo sutiny. V r\u00fdpadlo-naklada\u010doch pom\u00e1ha valec ly\u017eice pri kopan\u00ed aj zdv\u00edhan\u00ed. <\/p>\n<\/li>\n<li>\n<h3>Po\u013enohospod\u00e1rske stroje<\/h3>\n<p>Pou\u017e\u00edvaj\u00fa sa v \u010deln\u00fdch naklada\u010doch na naberanie, zdv\u00edhanie a prepravu zeminy, sena a in\u00fdch materi\u00e1lov. V r\u00fdpadl\u00e1ch umo\u017e\u0148uje valec ly\u017eice zakop\u00e1vanie do p\u00f4dy. V \u010deln\u00fdch naklada\u010doch pom\u00e1haj\u00fa pri efekt\u00edvnom zdv\u00edhan\u00ed a vykladan\u00ed n\u00e1kladu.<\/p>\n<\/li>\n<\/ul>\n<h2>\u00davahy o dizajne a krit\u00e9ri\u00e1 v\u00fdberu<\/h2>\n<p>Medzi k\u013e\u00fa\u010dov\u00e9 body diskusie patria: Kon\u0161trukcia valcov vedra zah\u0155\u0148a nosnos\u0165, tesnenie, trvanlivos\u0165, bezpe\u010dnos\u0165 a \u00fadr\u017ebu.<\/p>\n<ul>\n<li>\n<h3>Nosnos\u0165<\/h3>\n<p>Valec vedra mus\u00ed by\u0165 schopn\u00fd odola\u0165 hmotnosti manipulovan\u00e9ho materi\u00e1lu a sil\u00e1m vznikaj\u00facim po\u010das jeho prev\u00e1dzky.<\/p>\n<\/li>\n<li>\n<h3>Tesnenie<\/h3>\n<p>Na zabr\u00e1nenie \u00faniku hydraulickej kvapaliny sa pou\u017e\u00edvaj\u00fa r\u00f4zne typy tesnen\u00ed, ako s\u00fa tesnenia piestov a tesnenia ty\u010d\u00ed, a musia odol\u00e1va\u0165 vysokej teplote a tlaku.<\/p>\n<\/li>\n<li>\n<h3>Trvanlivos\u0165<\/h3>\n<p>Valec vedra mus\u00ed by\u0165 navrhnut\u00fd tak, aby odolal n\u00e1ro\u010dn\u00fdm pracovn\u00fdm podmienkam a opotrebovaniu v priebehu \u010dasu.<\/p>\n<\/li>\n<li>\n<h3>Bezpe\u010dnos\u0165<\/h3>\n<p>Valec s vedrom mus\u00ed by\u0165 navrhnut\u00fd a nain\u0161talovan\u00fd tak, aby sa minimalizovalo riziko neh\u00f4d, ako s\u00fa \u00faniky alebo porucha valca.<\/p>\n<\/li>\n<li>\n<h3>Udr\u017eiavate\u013enos\u0165<\/h3>\n<p>The bucket cylinder must be designed to facilitate maintenance and repair, including ease of access to seals and the cylinder&#8217;s interior.<\/p>\n<\/li>\n<\/ul>\n<p><img decoding=\"async\" src=\"https:\/\/www.hydraulic-cylinders.net\/wp-content\/uploads\/2025\/01\/songte-oil-pipes-and-spare-parts.webp\" alt=\"N\u00e1hradn\u00e9 diely Aotai AT60E-9\"><\/p>\n<h2>Tesnenie a mazanie pre valec vedra<\/h2>\n<p>Tesnenie a mazanie valca vedra s\u00fa nevyhnutn\u00e9 pre zabezpe\u010denie jeho dlhej \u017eivotnosti. Odpor\u00fa\u010daj\u00fa sa nasleduj\u00face postupy:<\/p>\n<ul>\n<li>\n<h3>Pou\u017eitie odoln\u00fdch tesnen\u00ed<\/h3>\n<p>Tesnenia, ako s\u00fa tesnenia piestov a tesnenia ty\u010d\u00ed, by mali by\u0165 vyroben\u00e9 z materi\u00e1lov odoln\u00fdch vo\u010di opotrebovaniu, ako je polyuret\u00e1n a nitrilov\u00e1 guma.<\/p>\n<\/li>\n<li>\n<h3>Jemn\u00e1 povrchov\u00e1 \u00faprava<\/h3>\n<p>Povrch valca a z\u00e1vitu by mal by\u0165 jemne opracovan\u00fd, aby sa zlep\u0161ila odolnos\u0165 proti opotrebovaniu.<\/p>\n<\/li>\n<li>\n<h3>Pravideln\u00e9 mazanie<\/h3>\n<p>Valec ly\u017eice by sa mal pravidelne maza\u0165 primeran\u00fdm mno\u017estvom hydraulick\u00e9ho oleja.<\/p>\n<\/li>\n<\/ul>\n<h2>\u00dadr\u017eba a opravy<\/h2>\n<p>Regular inspection and preventive maintenance measures are essential for maintaining the bucket cylinder&#8217;s reliability and prolonging its service life. Common maintenance tasks include:<\/p>\n<ul>\n<li>\n<h3>Pravideln\u00e9 kontroly<\/h3>\n<p>Periodic checks should be performed to assess the bucket cylinder&#8217;s condition and detect any signs of damage or wear.<\/p>\n<\/li>\n<li>\n<h3>Spr\u00e1vne mazanie<\/h3>\n<p>Valec vedra by mal by\u0165 primerane mazan\u00fd, aby sa zabezpe\u010dila jeho hladk\u00e1 prev\u00e1dzka.<\/p>\n<\/li>\n<li>\n<h3>V\u00fdmena tesnenia<\/h3>\n<p>Opotrebovan\u00e9 tesnenia by sa mali \u010do najsk\u00f4r vymeni\u0165, aby sa zabr\u00e1nilo \u00faniku hydraulickej kvapaliny a zabezpe\u010dila sa spr\u00e1vna prev\u00e1dzka.<\/p>\n<\/li>\n<li>\n<h3>Kontrola zarovnania<\/h3>\n<p>Spr\u00e1vne zarovnanie valca je nevyhnutn\u00e9 pre jeho efekt\u00edvnu prev\u00e1dzku. Na upevnenie valca sa odpor\u00fa\u010da pou\u017ei\u0165 vhodn\u00e9 mont\u00e1\u017ene podpery.<\/p>\n<\/li>\n<li>\n<h3>Slu\u017eby v\u00fdmeny a renov\u00e1cie dielov<\/h3>\n<p>Replacement parts and rebuilding services are available to enhance the bucket cylinder&#8217;s longevity and performance.<\/p>\n<\/li>\n<\/ul>\n<p><img decoding=\"async\" src=\"https:\/\/www.hydraulic-cylinders.net\/wp-content\/uploads\/2025\/01\/songte-chushion-collar.webp\" alt=\"Valec vedra pre vank\u00fa\u0161ov\u00fd golier Aotai AT60E-9\"><\/p>\n<h2>Bezpe\u010dnostn\u00e9 aspekty a faktory prostredia<\/h2>\n<p>Safety measures are crucial when working with hydraulic cylinders to prevent accidents and ensure the safety of operators and bystanders. Environmental factors such as high temperatures, humidity, and corrosion can also affect the bucket cylinder&#8217;s performance and life span.<\/p>\n<h2>Rie\u0161enie probl\u00e9mov a be\u017en\u00e9 probl\u00e9my<\/h2>\n<p>Nasleduj\u00fa niektor\u00e9 be\u017en\u00e9 probl\u00e9my s valcom vedra a mo\u017en\u00e9 rie\u0161enia:<\/p>\n<ul>\n<li>\n<h3>\u00danik<\/h3>\n<p>\u00danik hydraulickej kvapaliny je be\u017en\u00fdm probl\u00e9mom s valcami vedier a m\u00f4\u017ee by\u0165 sp\u00f4soben\u00fd po\u0161koden\u00fdmi tesneniami, nespr\u00e1vne zarovnan\u00fdmi komponentmi alebo opotrebovan\u00fdmi dielmi. Rie\u0161en\u00edm je okam\u017eit\u00e1 v\u00fdmena chybn\u00fdch komponentov.<\/p>\n<\/li>\n<li>\n<h3>Nedostatok energie<\/h3>\n<p>Ak valec ly\u017eice neposkytuje dostato\u010dn\u00fd v\u00fdkon, m\u00f4\u017ee to by\u0165 sp\u00f4soben\u00e9 n\u00edzkym tlakom hydraulickej kvapaliny alebo poruchou hydraulick\u00e9ho \u010derpadla. Rie\u0161en\u00edm je skontrolova\u0165 a nastavi\u0165 hydraulick\u00fd tlak a v pr\u00edpade potreby vymeni\u0165 hydraulick\u00e9 \u010derpadlo.<\/p>\n<\/li>\n<li>\n<h3>Zaseknut\u00fd valec<\/h3>\n<p>Ak je valec vedra zaseknut\u00fd v jednej polohe, m\u00f4\u017ee to by\u0165 sp\u00f4soben\u00e9 po\u0161koden\u00fdm piestom alebo ty\u010dou alebo nespr\u00e1vne zarovnan\u00fdm komponentom. Rie\u0161en\u00edm je vymeni\u0165 chybn\u00e9 komponenty a spr\u00e1vne zarovna\u0165 valec.<\/p>\n<\/li>\n<\/ul>\n<p><img decoding=\"async\" src=\"https:\/\/www.hydraulic-cylinders.net\/wp-content\/uploads\/2025\/01\/songte-bushings-with-all-kinds-of-excavator-models.webp\" alt=\"Valec vedra pre puzdr\u00e1 Aotai AT60E-9\"><\/p>\n<h2>O na\u0161ej spolo\u010dnosti<\/h2>\n<p>Sme v\u00fdrobcom n\u00e1hradn\u00fdch hydraulick\u00fdch valcov s kompletn\u00fdm sortimentom produktov a st\u00e1vame sa jedn\u00fdm z popredn\u00fdch v\u00fdrobcov a ve\u013ekoobchodn\u00fdch distrib\u00fatorov hydraulick\u00fdch valcov na dom\u00e1com aj medzin\u00e1rodnom trhu. Riadime sa princ\u00edpom vynikaj\u00facej kvality a spoliehame sa na industrializovan\u00e9 strat\u00e9gie riadenia v\u00fdroby v prec\u00edzne spracovan\u00fdch v\u00fdrobn\u00fdch diel\u0148ach. Vyu\u017e\u00edvame technologick\u00e9 talenty, digit\u00e1lne \u0161pi\u010dkov\u00e9 v\u00fdrobn\u00e9 zariadenia a profesion\u00e1lne testovacie syst\u00e9my, \u010d\u00edm neust\u00e1le zlep\u0161ujeme v\u00fdrobn\u00fa platformu pre dielne, zlep\u0161ujeme v\u00fdrobn\u00e9 postupy zameran\u00e9 na kvalitu v\u00fdrobkov a m\u00e1me siln\u00fa tvoriv\u00fa schopnos\u0165 uspokojova\u0165 po\u017eiadavky z\u00e1kazn\u00edkov s vysokou efektivitou, presnos\u0165ou a kvalitou.<\/p>\n<ul>\n<li>\n<h3>Profesionalita<\/h3>\n<p>Na\u0161a spolo\u010dnos\u0165 m\u00e1 siln\u00fd technick\u00fd t\u00edm, modern\u00e9 v\u00fdrobn\u00e9 zariadenia a profesion\u00e1lne testovacie syst\u00e9my, aby zabezpe\u010dila kvalitu na\u0161ich produktov.<\/p>\n<\/li>\n<li>\n<h3>Medzin\u00e1rodn\u00e1 certifik\u00e1cia<\/h3>\n<p>Na\u0161e v\u00fdrobky pre\u0161li r\u00f4znymi medzin\u00e1rodn\u00fdmi certifik\u00e1ciami, ako napr\u00edklad ISO9001:2015, SGS a CE.<\/p>\n<\/li>\n<li>\n<h3>Slu\u017eby prisp\u00f4sobenia<\/h3>\n<p>Poskytujeme slu\u017eby \u0161it\u00e9 na mieru pod\u013ea po\u017eiadaviek z\u00e1kazn\u00edkov, aby sme splnili ich rozmanit\u00e9 potreby.<\/p>\n<\/li>\n<li>\n<h3>V\u00fdrobn\u00e9 zariadenia<\/h3>\n<p>Na zlep\u0161enie kvality v\u00fdrobkov a efektivity v\u00fdroby pou\u017e\u00edvame modern\u00e9 v\u00fdrobn\u00e9 zariadenia, ako s\u00fa automatick\u00e9 zv\u00e1racie stroje, CNC obr\u00e1bacie centr\u00e1 a presn\u00e9 br\u00fasky.<\/p>\n<\/li>\n<li>\n<h3>Popredajn\u00e9 slu\u017eby<\/h3>\n<p>Poskytujeme komplexn\u00fd popredajn\u00fd servis vr\u00e1tane technickej podpory, z\u00e1ruky a opr\u00e1v, aby sme zaistili spokojnos\u0165 z\u00e1kazn\u00edkov.<\/p>\n<\/li>\n<\/ul>\n<p><img decoding=\"async\" src=\"https:\/\/hzpt.com\/wp-content\/uploads\/2024\/11\/songte-company-1.webp\" alt=\"Valec vedra pre spolo\u010dnos\u0165 Aotai AT60E-9\"><\/p>\n<p>Autor: lyl.<\/p>","protected":false},"excerpt":{"rendered":"<p>Bucket Cylinder for Aotai AT60E-9 Introduction A bucket cylinder is a specialized hydraulic cylinder designed for controlling the motion of the bucket in heavy machinery such as excavators, backhoe loaders, and front-end loaders. Its main function is to enable the bucket to lift, lower, and tilt, making it easier to carry out various material handling [&hellip;]<\/p>","protected":false},"featured_media":14789,"comment_status":"open","ping_status":"closed","template":"","meta":{"_et_pb_use_builder":"","_et_pb_old_content":"","_et_gb_content_width":""},"product_brand":[],"product_cat":[1494],"product_tag":[1495,1496],"class_list":{"0":"post-15912","1":"product","2":"type-product","3":"status-publish","4":"has-post-thumbnail","6":"product_cat-bucket-cylinders","7":"product_tag-bucket-cylinders","8":"product_tag-hydraulic-cylinders","10":"first","11":"instock","12":"shipping-taxable","13":"product-type-simple"},"amp_enabled":true,"_links":{"self":[{"href":"https:\/\/www.hydraulic-cylinders.net\/sk\/wp-json\/wp\/v2\/product\/15912","targetHints":{"allow":["GET"]}}],"collection":[{"href":"https:\/\/www.hydraulic-cylinders.net\/sk\/wp-json\/wp\/v2\/product"}],"about":[{"href":"https:\/\/www.hydraulic-cylinders.net\/sk\/wp-json\/wp\/v2\/types\/product"}],"replies":[{"embeddable":true,"href":"https:\/\/www.hydraulic-cylinders.net\/sk\/wp-json\/wp\/v2\/comments?post=15912"}],"wp:featuredmedia":[{"embeddable":true,"href":"https:\/\/www.hydraulic-cylinders.net\/sk\/wp-json\/wp\/v2\/media\/14789"}],"wp:attachment":[{"href":"https:\/\/www.hydraulic-cylinders.net\/sk\/wp-json\/wp\/v2\/media?parent=15912"}],"wp:term":[{"taxonomy":"product_brand","embeddable":true,"href":"https:\/\/www.hydraulic-cylinders.net\/sk\/wp-json\/wp\/v2\/product_brand?post=15912"},{"taxonomy":"product_cat","embeddable":true,"href":"https:\/\/www.hydraulic-cylinders.net\/sk\/wp-json\/wp\/v2\/product_cat?post=15912"},{"taxonomy":"product_tag","embeddable":true,"href":"https:\/\/www.hydraulic-cylinders.net\/sk\/wp-json\/wp\/v2\/product_tag?post=15912"}],"curies":[{"name":"pracovn\u00fd list","href":"https:\/\/api.w.org\/{rel}","templated":true}]}}