{"id":15923,"date":"2025-01-19T15:10:21","date_gmt":"2025-01-19T15:10:21","guid":{"rendered":"https:\/\/www.hydraulic-cylinders.net\/product\/bucket-cylinder-for-bonny-ced1000-7\/"},"modified":"2025-01-19T15:10:23","modified_gmt":"2025-01-19T15:10:23","slug":"bucket-cylinder-for-bonny-ced1000-7","status":"publish","type":"product","link":"https:\/\/www.hydraulic-cylinders.net\/sk\/produkt\/bucket-cylinder-for-bonny-ced1000-7\/","title":{"rendered":"Valec vedra pre Bonny CED1000-7"},"content":{"rendered":"<h1>Valec vedra pre Bonny CED1000-7<\/h1>\n<h2>\u00davod<\/h2>\n<p>Hydraulick\u00fd valec ly\u017eice je \u0161peci\u00e1lne navrhnut\u00fd hydraulick\u00fd valec pou\u017e\u00edvan\u00fd na ovl\u00e1danie pohybu ly\u017eice v \u0165a\u017ek\u00fdch strojoch, ako s\u00fa bagre, r\u00fdpadl\u00e1-r\u00fdpadl\u00e1 a \u010deln\u00e9 naklada\u010de. Jeho hlavnou funkciou je umo\u017eni\u0165 zdv\u00edhanie, sp\u00fa\u0161\u0165anie a nakl\u00e1\u0148anie ly\u017eice, \u010do u\u013eah\u010duje vykon\u00e1vanie r\u00f4znych \u00faloh manipul\u00e1cie s materi\u00e1lom. V hydraulickom syst\u00e9me valec ly\u017eice vyu\u017e\u00edva zmenu tlaku hydraulick\u00e9ho oleja na dosiahnutie presn\u00e9ho ovl\u00e1dania ly\u017eice, \u010do umo\u017e\u0148uje obsluhe efekt\u00edvne manipulova\u0165 s \u0165a\u017ek\u00fdmi predmetmi a prisp\u00f4sobi\u0165 sa zlo\u017eit\u00fdm pracovn\u00fdm prostrediam a r\u00f4znorod\u00fdm po\u017eiadavk\u00e1m pr\u00e1ce.<\/p>\n<p><img loading=\"lazy\" decoding=\"async\" src=\"https:\/\/www.hydraulic-cylinders.net\/wp-content\/uploads\/2025\/01\/songte-company-2.webp\" alt=\"Valec s vedrom pre Bonny CED1000-7\" width=\"500\" height=\"300\"><\/p>\n<h2>Funkcie<\/h2>\n<ol>\n<li>\n<h3>Vysok\u00e1 pevnos\u0165 a odolnos\u0165<\/h3>\n<p>Valce s kor\u010dekom s\u00fa zvy\u010dajne vyroben\u00e9 z vysokopevnostnej ocele alebo hlin\u00edka, ktor\u00e9 odol\u00e1vaj\u00fa vysok\u00e9mu tlaku a \u0165a\u017ek\u00fdm za\u0165a\u017eeniam, a prisp\u00f4sobuj\u00fa sa tak n\u00e1ro\u010dn\u00fdm pracovn\u00fdm podmienkam. Kon\u0161trukcia zoh\u013ead\u0148uje odolnos\u0165 proti opotrebovaniu a kor\u00f3zii, \u010d\u00edm sa predl\u017euje \u017eivotnos\u0165.<\/p>\n<\/li>\n<li>\n<h3>Efekt\u00edvna hydraulick\u00e1 prev\u00e1dzka<\/h3>\n<p>Valce kor\u010dekov vyu\u017e\u00edvaj\u00fa hydraulick\u00fd tlak oleja na dosiahnutie plynul\u00e9ho vys\u00favania a zas\u00favania, \u010do umo\u017e\u0148uje r\u00fdchlu reakciu na ovl\u00e1dacie povely a poskytuje siln\u00e9 tla\u010dn\u00e9 a \u0165a\u017en\u00e9 sily vhodn\u00e9 na manipul\u00e1ciu s \u0165a\u017ek\u00fdmi predmetmi a zlo\u017eit\u00e9 pracovn\u00e9 \u00falohy.<\/p>\n<\/li>\n<li>\n<h3>R\u00f4zne typy<\/h3>\n<p>Valce kor\u010dekov je mo\u017en\u00e9 zvoli\u0165 ako jedno\u010dinn\u00e9 (hydraulick\u00fd pohon sa pou\u017e\u00edva iba v jednom smere) alebo dvoj\u010dinn\u00e9 (hydraulick\u00fd pohon sa pou\u017e\u00edva v oboch smeroch) pod\u013ea prev\u00e1dzkov\u00fdch potrieb. Niektor\u00e9 modely s\u00fa teleskopick\u00e9, \u010do umo\u017e\u0148uje v\u00e4\u010d\u0161ie vysunutie bez zv\u00e4\u010d\u0161enia vonkaj\u0161\u00edch rozmerov, vhodn\u00e9 pre aplik\u00e1cie s obmedzen\u00fdm priestorom.<\/p>\n<\/li>\n<li>\n<h3>Vymenite\u013en\u00e9<\/h3>\n<p>N\u00e1\u0161 produkt dok\u00e1\u017ee dokonale nahradi\u0165 tieto hydraulick\u00e9 valce.<\/p>\n<\/li>\n<li>\n<h3>Aplik\u00e1cia<\/h3>\n<p>Valce kor\u010dekov sa pou\u017e\u00edvaj\u00fa v r\u00f4znych stavebn\u00fdch strojoch, po\u013enohospod\u00e1rskych strojoch, bagroch a \u010deln\u00fdch naklada\u010doch. S\u00fa nevyhnutn\u00e9 na v\u00fdkopov\u00e9 pr\u00e1ce, nakladanie a premiest\u0148ovanie zeminy alebo sutiny. Valce kor\u010dekov pom\u00e1haj\u00fa pri v\u00fdkopov\u00fdch pr\u00e1cach, zdv\u00edhan\u00ed a vykladan\u00ed zeminy v r\u00fdpadlo-naklada\u010doch. Pri \u010deln\u00fdch naklada\u010doch pom\u00e1haj\u00fa pri efekt\u00edvnom zdv\u00edhan\u00ed a nakl\u00e1\u0148an\u00ed n\u00e1kladu.<\/p>\n<\/li>\n<\/ol>\n<h2>\u00davahy o dizajne a \u0161tandardy v\u00fdberu<\/h2>\n<p><img loading=\"lazy\" decoding=\"async\" src=\"https:\/\/www.hydraulic-cylinders.net\/wp-content\/uploads\/2025\/01\/songte-oil-pipes-and-spare-parts.webp\" alt=\"Dizajn valca vedra\" width=\"500\" height=\"300\"><\/p>\n<p>Valce kor\u010dekov s\u00fa k\u013e\u00fa\u010dov\u00fdmi s\u00fa\u010das\u0165ami \u0165a\u017ek\u00fdch strojov a musia by\u0165 navrhnut\u00e9 a vybran\u00e9 s oh\u013eadom na nieko\u013eko faktorov:<\/p>\n<ol>\n<li>\n<h3>Nosnos\u0165<\/h3>\n<p>Valce kor\u010dekov by mali by\u0165 navrhnut\u00e9 tak, aby odolali maxim\u00e1lnym sil\u00e1m a nam\u00e1haniam, s ktor\u00fdmi sa m\u00f4\u017eu v ter\u00e9ne stretn\u00fa\u0165. Kon\u0161trukcia by mala zoh\u013ead\u0148ova\u0165 aj maxim\u00e1lne pracovn\u00e9 za\u0165a\u017eenie.<\/p>\n<\/li>\n<li>\n<h3>Tesnenie<\/h3>\n<p>Valce kor\u010dekov pou\u017e\u00edvaj\u00fa r\u00f4zne tesniace komponenty, ako s\u00fa tesnenia piestov, tesnenia ty\u010d\u00ed at\u010f. Musia by\u0165 vyroben\u00e9 z materi\u00e1lov odoln\u00fdch vo\u010di opotrebovaniu, ako je polyuret\u00e1n a nitrilov\u00fd kau\u010duk. Teleso valca a povrch z\u00e1vitu prech\u00e1dzaj\u00fa jemn\u00fdm opracovan\u00edm, aby sa zlep\u0161ila odolnos\u0165 vo\u010di opotrebovaniu. Pravideln\u00e9 mazanie je nevyhnutn\u00e9, aby sa predi\u0161lo po\u0161kodeniu v d\u00f4sledku nedostato\u010dn\u00e9ho mazania.<\/p>\n<\/li>\n<li>\n<h3>Trvanlivos\u0165 a bezpe\u010dnos\u0165<\/h3>\n<p>Valce s ko\u0161\u00edkom musia by\u0165 vyroben\u00e9 tak, aby odolali \u0165a\u017ek\u00fdm za\u0165a\u017eeniam a nepriazniv\u00fdm pracovn\u00fdm podmienkam. Musia by\u0165 dostato\u010dne odoln\u00e9, aby vydr\u017eali dlho a zabezpe\u010dili bezpe\u010dnos\u0165.<\/p>\n<\/li>\n<li>\n<h3>\u00dadr\u017eba<\/h3>\n<p>Valce kor\u010dekov vy\u017eaduj\u00fa pravideln\u00fa \u00fadr\u017ebu a opravy, aby sa pred\u013a\u017eila ich \u017eivotnos\u0165. Kontrola, v\u00fdmena a kalibr\u00e1cia dielov, ako s\u00fa tesnenia a tesniace kr\u00fa\u017eky, s\u00fa nevyhnutn\u00e9 na predch\u00e1dzanie poruch\u00e1m a minimaliz\u00e1ciu prestojov.<\/p>\n<\/li>\n<\/ol>\n<h2>In\u0161tala\u010dn\u00e1 pr\u00edru\u010dka<\/h2>\n<p><img loading=\"lazy\" decoding=\"async\" src=\"https:\/\/www.hydraulic-cylinders.net\/wp-content\/uploads\/2025\/01\/songte-chushion-collar.webp\" alt=\"N\u00e1vod na in\u0161tal\u00e1ciu valca s vedrom\" width=\"500\" height=\"300\"><\/p>\n<p>Spr\u00e1vna in\u0161tal\u00e1cia je rozhoduj\u00faca pre optim\u00e1lny v\u00fdkon a \u017eivotnos\u0165 valca s vedro. Nasleduj\u00fa odpor\u00fa\u010dan\u00e9 postupy in\u0161tal\u00e1cie:<\/p>\n<ol>\n<li>Valec spr\u00e1vne zarovnajte a na jeho upevnenie pou\u017eite vhodn\u00e9 mont\u00e1\u017ene konzoly.<\/li>\n<li>Uistite sa, \u017ee v\u0161etky hydraulick\u00e9 pripojenia s\u00fa na svojom mieste a bezpe\u010dne upevnen\u00e9.<\/li>\n<li>Skontrolujte hladinu hydraulick\u00e9ho oleja a v pr\u00edpade potreby ho dopl\u0148te.<\/li>\n<li>Spustite stroj a otestujte \u010dinnos\u0165 valca, aby ste sa uistili, \u017ee funguje spr\u00e1vne.<\/li>\n<\/ol>\n<h2>\u00dalohy \u00fadr\u017eby<\/h2>\n<p><img loading=\"lazy\" decoding=\"async\" src=\"https:\/\/www.hydraulic-cylinders.net\/wp-content\/uploads\/2025\/01\/songte-bushings-with-all-kinds-of-excavator-models.webp\" alt=\"\u00dalohy \u00fadr\u017eby\" width=\"500\" height=\"300\"><\/p>\n<p>Pravideln\u00e1 \u00fadr\u017eba je nevyhnutn\u00e1 na pred\u013a\u017eenie \u017eivotnosti valca vedra. Nasleduj\u00fa be\u017en\u00e9 \u00falohy \u00fadr\u017eby:<\/p>\n<ol>\n<li>Pravideln\u00e1 kontrola valca, \u010di nejav\u00ed zn\u00e1mky opotrebovania a po\u0161kodenia.<\/li>\n<li>Pravideln\u00e9 mazanie valca, aby sa predi\u0161lo po\u0161kodeniu v d\u00f4sledku nedostato\u010dn\u00e9ho mazania.<\/li>\n<li>V\u00fdmena opotrebovan\u00fdch alebo po\u0161koden\u00fdch tesnen\u00ed a tesnen\u00ed.<\/li>\n<li>Kalibra\u010dn\u00e9 kontroly na zabezpe\u010denie spr\u00e1vnej prev\u00e1dzky valca.<\/li>\n<\/ol>\n<h2>Bezpe\u010dnostn\u00e9 aspekty a faktory prostredia<\/h2>\n<p>Pri pou\u017e\u00edvan\u00ed valcov s vedro je bezpe\u010dnos\u0165 najvy\u0161\u0161ou prioritou. Obsluha by mala by\u0165 primerane vy\u0161kolen\u00e1 a dodr\u017eiava\u0165 v\u0161etky bezpe\u010dnostn\u00e9 pokyny, aby sa predi\u0161lo nehod\u00e1m. Okrem toho, v\u00fdkon a \u017eivotnos\u0165 valca s vedro m\u00f4\u017eu ovplyvni\u0165 aj faktory prostredia, ako je teplota a vlhkos\u0165. Spr\u00e1vne skladovanie a \u00fadr\u017eba m\u00f4\u017eu tieto \u00fa\u010dinky minimalizova\u0165.<\/p>\n<h2>Rie\u0161enie probl\u00e9mov a be\u017en\u00e9 probl\u00e9my<\/h2>\n<p><img loading=\"lazy\" decoding=\"async\" src=\"https:\/\/hzpt.com\/wp-content\/uploads\/2024\/11\/songte-company-1.webp\" alt=\"Rie\u0161enie probl\u00e9mov a be\u017en\u00e9 probl\u00e9my\" width=\"500\" height=\"300\"><\/p>\n<p>Valce vedra m\u00f4\u017eu ma\u0165 nieko\u013eko probl\u00e9mov, ktor\u00e9 m\u00f4\u017eu ovplyvni\u0165 ich v\u00fdkon. Nasleduj\u00fa be\u017en\u00e9 probl\u00e9my:<\/p>\n<ol>\n<li>Unikaj\u00faci olej<\/li>\n<li>Pomal\u00e1 prev\u00e1dzka<\/li>\n<li>Zn\u00ed\u017een\u00fd v\u00fdstupn\u00fd v\u00fdkon<\/li>\n<li>Nadmern\u00fd hluk alebo vibr\u00e1cie<\/li>\n<\/ol>\n<p>Spr\u00e1vna diagnostika a r\u00fdchly z\u00e1sah m\u00f4\u017eu pom\u00f4c\u0165 vyrie\u0161i\u0165 tieto probl\u00e9my a zabr\u00e1ni\u0165 \u010fal\u0161iemu po\u0161kodeniu valca vedra.<\/p>\n<h2>O na\u0161ej spolo\u010dnosti<\/h2>\n<p><img loading=\"lazy\" decoding=\"async\" src=\"https:\/\/www.hydraulic-cylinders.net\/wp-content\/uploads\/2025\/01\/songte-company-3.webp\" alt=\"O na\u0161ej spolo\u010dnosti\" width=\"500\" height=\"300\"><\/p>\n<p>Sme popredn\u00fdm v\u00fdrobcom a ve\u013ekoobchodn\u00edkom hydraulick\u00fdch valcov na dom\u00e1com aj medzin\u00e1rodnom trhu. Na\u0161a spolo\u010dnos\u0165 vyr\u00e1ba kompletn\u00fd sortiment produktov a dodr\u017eiava vynikaj\u00facu kvalitu pomocou \u0161tandardn\u00fdch strat\u00e9gi\u00ed riadenia v\u00fdroby. Spoliehame sa na t\u00edm technick\u00fdch talentov, pokro\u010dil\u00e9 digit\u00e1lne v\u00fdrobn\u00e9 zariadenia a profesion\u00e1lne testovacie syst\u00e9my, aby sme neust\u00e1le zlep\u0161ovali na\u0161u v\u00fdrobn\u00fa platformu a v\u00fdrobn\u00e9 postupy zameran\u00e9 na kvalitu produktov. Na\u0161e produkty s\u00fa vhodn\u00e9 pre rozmanit\u00e9 potreby z\u00e1kazn\u00edkov a riadia sa princ\u00edpmi vysokej \u00fa\u010dinnosti, vysokej presnosti a vysokej kvality.<\/p>\n<p>Na\u0161im z\u00e1kazn\u00edkom poskytujeme z\u00e1kazkov\u00e9 slu\u017eby, v\u00fdrobn\u00e9 zariadenia a popredajn\u00fd servis. Na\u0161\u00edm cie\u013eom je poskytova\u0165 vysoko kvalitn\u00e9 produkty, ktor\u00e9 sp\u013a\u0148aj\u00fa potreby a o\u010dak\u00e1vania na\u0161ich z\u00e1kazn\u00edkov.<\/p>\n<p>Tento \u010dl\u00e1nok nap\u00edsal\/a lyl.<\/p>","protected":false},"excerpt":{"rendered":"<p>Bucket Cylinder For Bonny CED1000-7 Introduction A bucket cylinder is a specially designed hydraulic cylinder used to control the movement of the bucket in heavy machinery such as excavators, backhoe excavators, and front-end loaders. Its main function is to enable the bucket to lift, lower, and tilt, making it easy to handle various material handling [&hellip;]<\/p>","protected":false},"featured_media":14769,"comment_status":"open","ping_status":"closed","template":"","meta":{"_et_pb_use_builder":"","_et_pb_old_content":"","_et_gb_content_width":""},"product_brand":[],"product_cat":[1494],"product_tag":[1495,1496],"class_list":{"0":"post-15923","1":"product","2":"type-product","3":"status-publish","4":"has-post-thumbnail","6":"product_cat-bucket-cylinders","7":"product_tag-bucket-cylinders","8":"product_tag-hydraulic-cylinders","10":"first","11":"instock","12":"shipping-taxable","13":"product-type-simple"},"amp_enabled":true,"_links":{"self":[{"href":"https:\/\/www.hydraulic-cylinders.net\/sk\/wp-json\/wp\/v2\/product\/15923","targetHints":{"allow":["GET"]}}],"collection":[{"href":"https:\/\/www.hydraulic-cylinders.net\/sk\/wp-json\/wp\/v2\/product"}],"about":[{"href":"https:\/\/www.hydraulic-cylinders.net\/sk\/wp-json\/wp\/v2\/types\/product"}],"replies":[{"embeddable":true,"href":"https:\/\/www.hydraulic-cylinders.net\/sk\/wp-json\/wp\/v2\/comments?post=15923"}],"wp:featuredmedia":[{"embeddable":true,"href":"https:\/\/www.hydraulic-cylinders.net\/sk\/wp-json\/wp\/v2\/media\/14769"}],"wp:attachment":[{"href":"https:\/\/www.hydraulic-cylinders.net\/sk\/wp-json\/wp\/v2\/media?parent=15923"}],"wp:term":[{"taxonomy":"product_brand","embeddable":true,"href":"https:\/\/www.hydraulic-cylinders.net\/sk\/wp-json\/wp\/v2\/product_brand?post=15923"},{"taxonomy":"product_cat","embeddable":true,"href":"https:\/\/www.hydraulic-cylinders.net\/sk\/wp-json\/wp\/v2\/product_cat?post=15923"},{"taxonomy":"product_tag","embeddable":true,"href":"https:\/\/www.hydraulic-cylinders.net\/sk\/wp-json\/wp\/v2\/product_tag?post=15923"}],"curies":[{"name":"pracovn\u00fd list","href":"https:\/\/api.w.org\/{rel}","templated":true}]}}