{"id":15927,"date":"2025-01-19T15:10:37","date_gmt":"2025-01-19T15:10:37","guid":{"rendered":"https:\/\/www.hydraulic-cylinders.net\/product\/bucket-cylinder-for-bonny-ce1000-7\/"},"modified":"2025-01-19T15:10:39","modified_gmt":"2025-01-19T15:10:39","slug":"bucket-cylinder-for-bonny-ce1000-7","status":"publish","type":"product","link":"https:\/\/www.hydraulic-cylinders.net\/sk\/produkt\/bucket-cylinder-for-bonny-ce1000-7\/","title":{"rendered":"Valec vedra pre Bonny CE1000-7"},"content":{"rendered":"<h2>Valec vedra pre Bonny CE1000-7<\/h2>\n<p>Hydraulick\u00fd valec ly\u017eice je \u0161peci\u00e1lne navrhnut\u00fd hydraulick\u00fd valec, ktor\u00fd sa pou\u017e\u00edva predov\u0161etk\u00fdm na ovl\u00e1danie pohybu ly\u017eice v \u0165a\u017ek\u00fdch strojoch, ako s\u00fa bagre, r\u00fdpadlo-naklada\u010de a \u010deln\u00e9 naklada\u010de. Jeho hlavnou funkciou je umo\u017eni\u0165 zdv\u00edhanie, sp\u00fa\u0161\u0165anie a nakl\u00e1\u0148anie ly\u017eice, \u010do ju rob\u00ed pohodlnou pri r\u00f4znych \u00faloh\u00e1ch manipul\u00e1cie s materi\u00e1lom. V hydraulickom syst\u00e9me dosahuje valec ly\u017eice presn\u00e9 ovl\u00e1danie ly\u017eice prostredn\u00edctvom zmien tlaku hydraulick\u00e9ho oleja, \u010do umo\u017e\u0148uje obsluhe efekt\u00edvne manipulova\u0165 s \u0165a\u017ek\u00fdmi bremenami a prisp\u00f4sobova\u0165 sa zlo\u017eit\u00fdm pracovn\u00fdm prostrediam a r\u00f4znorod\u00fdm po\u017eiadavk\u00e1m na pr\u00e1cu.<\/p>\n<p><img decoding=\"async\" src=\"https:\/\/www.hydraulic-cylinders.net\/wp-content\/uploads\/2025\/01\/songte-company-2.webp\" alt=\"Obr\u00e1zok valca vedra\"><\/p>\n<h3>Vlastnosti valca vedra pre Bonny CE1000-7:<\/h3>\n<ol>\n<li>Vysok\u00e1 pevnos\u0165 a odolnos\u0165: Zvy\u010dajne vyroben\u00e9 z vysokopevnostnej ocele alebo hlin\u00edka, schopn\u00e9 odol\u00e1va\u0165 vysok\u00e9mu tlaku a \u0165a\u017ek\u00fdm za\u0165a\u017eeniam, vhodn\u00e9 do n\u00e1ro\u010dn\u00fdch pracovn\u00fdch prostred\u00ed. Navrhnut\u00e9 s oh\u013eadom na odolnos\u0165 vo\u010di opotrebovaniu a kor\u00f3zii pre pred\u013a\u017eenie \u017eivotnosti.<\/li>\n<li>Efekt\u00edvna hydraulick\u00e1 prev\u00e1dzka: Vyu\u017e\u00edva tlak hydraulick\u00e9ho oleja na dosiahnutie plynul\u00e9ho teleskopick\u00e9ho pohybu, schopn\u00fd r\u00fdchlo reagova\u0165 na ovl\u00e1dacie povely a poskytova\u0165 siln\u00e9 tla\u010dn\u00e9 a \u0165a\u017en\u00e9 sily, vhodn\u00e9 na manipul\u00e1ciu s \u0165a\u017ek\u00fdmi bremenami a zlo\u017eit\u00fdmi pracovn\u00fdmi \u00falohami.<\/li>\n<li>R\u00f4zne typy: Na z\u00e1klade po\u017eiadaviek na splnenie r\u00f4znych prev\u00e1dzkov\u00fdch potrieb si m\u00f4\u017eete vybra\u0165 medzi jedno\u010dinn\u00fdmi (hydraulicky ovl\u00e1dan\u00e9 iba v jednom smere) alebo dvoj\u010dinn\u00fdmi (hydraulicky ovl\u00e1dan\u00e9 v oboch smeroch) valcami. Niektor\u00e9 modely s\u00fa teleskopick\u00e9, \u010do umo\u017e\u0148uje v\u00e4\u010d\u0161ie vysunutie bez zv\u00e4\u010d\u0161enia vonkaj\u0161\u00edch rozmerov, vhodn\u00e9 pre aplik\u00e1cie s obmedzen\u00fdm priestorom.<\/li>\n<li>Dokonal\u00e1 n\u00e1hrada: N\u00e1\u0161 produkt dok\u00e1\u017ee dokonale nahradi\u0165 tieto hydraulick\u00e9 valce.<\/li>\n<\/ol>\n<p><img decoding=\"async\" src=\"https:\/\/www.hydraulic-cylinders.net\/wp-content\/uploads\/2025\/01\/songte-cylinder-head-with-all-kinds-excavator-models.webp\" alt=\"Obr\u00e1zok produktu\"><\/p>\n<h3>Pou\u017eitie vedrov\u00e9ho valca:<\/h3>\n<p>Valcov\u00fd kol\u00edk nach\u00e1dza uplatnenie v r\u00f4znych typoch zariaden\u00ed:<\/p>\n<ul>\n<li>Stavebn\u00e9 zariadenia: Nach\u00e1dzaj\u00fa sa v bagroch a s\u00fa nevyhnutn\u00e9 na kopanie, nakladanie a premiest\u0148ovanie zeminy alebo sutiny. V r\u00fdpadlo-naklada\u010doch pom\u00e1ha valec ly\u017eice pri v\u00fdkopov\u00fdch pr\u00e1cach aj zdv\u00edhan\u00ed.<\/li>\n<li>Po\u013enohospod\u00e1rske stroje: Pou\u017e\u00edvaj\u00fa sa v \u010deln\u00fdch naklada\u010doch na naberanie, zdv\u00edhanie a prepravu p\u00f4dy, sena a in\u00fdch materi\u00e1lov.<\/li>\n<li>R\u00fdpadl\u00e1: Valec ly\u017eice umo\u017e\u0148uje kopanie t\u00fdm, \u017ee umo\u017e\u0148uje ly\u017eici prenikn\u00fa\u0165 do p\u00f4dy.<\/li>\n<li>\u010celn\u00e9 naklada\u010de: V \u010deln\u00fdch naklada\u010doch pom\u00e1haj\u00fa pri efekt\u00edvnom zdv\u00edhan\u00ed a vykladan\u00ed tovaru.<\/li>\n<\/ul>\n<h3>\u00davahy o dizajne a krit\u00e9ri\u00e1 v\u00fdberu:<\/h3>\n<p>Pokia\u013e ide o kon\u0161truk\u010dn\u00e9 aspekty a krit\u00e9ri\u00e1 v\u00fdberu pre kore\u010dkov\u00fd valec, je potrebn\u00e9 prediskutova\u0165 nieko\u013eko faktorov:<\/p>\n<ul>\n<li>Nosnos\u0165: Valec mus\u00ed by\u0165 navrhnut\u00fd tak, aby zvl\u00e1dol maxim\u00e1lne o\u010dak\u00e1van\u00e9 za\u0165a\u017eenie bez poruchy.<\/li>\n<li>Tesnenie: Na zabezpe\u010denie spr\u00e1vneho utesnenia a zabr\u00e1nenie \u00faniku hydraulickej kvapaliny sa pou\u017e\u00edvaj\u00fa r\u00f4zne tesnenia, ako napr\u00edklad tesnenia piestov a tesnenia ty\u010d\u00ed.<\/li>\n<li>Trvanlivos\u0165: Valec by mal by\u0165 vyroben\u00fd tak, aby odolal opotrebovaniu pri be\u017enom pou\u017e\u00edvan\u00ed a n\u00e1ro\u010dn\u00fdm prev\u00e1dzkov\u00fdm podmienkam.<\/li>\n<li>Bezpe\u010dnos\u0165: Na zaistenie bezpe\u010dnej prev\u00e1dzky valca by mali by\u0165 zabudovan\u00e9 kon\u0161truk\u010dn\u00e9 prvky.<\/li>\n<li>\u00dadr\u017eba: U\u017e po\u010das f\u00e1zy n\u00e1vrhu by sa mala zv\u00e1\u017ei\u0165 jednoduchos\u0165 \u00fadr\u017eby a opravy.<\/li>\n<\/ul>\n<p><img decoding=\"async\" src=\"https:\/\/www.hydraulic-cylinders.net\/wp-content\/uploads\/2025\/01\/songte-oil-pipes-and-spare-parts.webp\" alt=\"Obr\u00e1zok s\u00fa\u010dast\u00ed produktu\"><\/p>\n<h3>Tesnenie a mazanie valca:<\/h3>\n<p>Valec s ko\u0161\u00edkom vyu\u017e\u00edva r\u00f4zne tesniace komponenty, ako s\u00fa tesnenia piestov a tesnenia ty\u010d\u00ed, ktor\u00e9 s\u00fa vyroben\u00e9 z materi\u00e1lov odoln\u00fdch vo\u010di opotrebovaniu, ako je polyuret\u00e1n a nitrilov\u00fd kau\u010duk. Teleso valca a z\u00e1vitov\u00e9 konce s\u00fa jemne o\u0161etren\u00e9 pre zlep\u0161enie odolnosti vo\u010di opotrebovaniu. Na zabezpe\u010denie hladk\u00e9ho chodu je potrebn\u00e9 pravideln\u00e9 mazanie vhodn\u00fdm mno\u017estvom hydraulick\u00e9ho oleja.<\/p>\n<h3>Pravideln\u00e1 kontrola a opatrenia prevent\u00edvnej \u00fadr\u017eby:<\/h3>\n<p>Pre zaistenie dlhej \u017eivotnosti a optim\u00e1lneho v\u00fdkonu valca s vedrom je nevyhnutn\u00e1 pravideln\u00e1 kontrola a prevent\u00edvna \u00fadr\u017eba. Mali by sa zavies\u0165 nasleduj\u00face opatrenia:<\/p>\n<ul>\n<li>Pravideln\u00e9 kontroly na zistenie ak\u00fdchko\u013evek zn\u00e1mok opotrebovania, po\u0161kodenia alebo \u00faniku.<\/li>\n<li>Spr\u00e1vne mazanie, aby sa zabr\u00e1nilo nadmern\u00e9mu treniu a zabezpe\u010dila sa plynul\u00e1 prev\u00e1dzka.<\/li>\n<li>V\u00fdmena tesnenia pri zisten\u00ed zn\u00e1mok opotrebovania alebo netesnosti.<\/li>\n<li>Kalibra\u010dn\u00e9 kontroly na udr\u017eanie presnej prev\u00e1dzky.<\/li>\n<\/ul>\n<p><img decoding=\"async\" src=\"https:\/\/www.hydraulic-cylinders.net\/wp-content\/uploads\/2025\/01\/songte-chushion-collar.webp\" alt=\"Obr\u00e1zok \u00fadr\u017eby\"><\/p>\n<h3>Bezpe\u010dnostn\u00e9 aspekty a faktory prostredia:<\/h3>\n<p>Pri pr\u00e1ci s vedrom na valce je d\u00f4le\u017eit\u00e9 dodr\u017eiava\u0165 bezpe\u010dnostn\u00e9 opatrenia, aby sa predi\u0161lo nehod\u00e1m, a zoh\u013eadni\u0165 faktory prostredia. Bezpe\u010dnostn\u00e9 opatrenia zah\u0155\u0148aj\u00fa:<\/p>\n<ul>\n<li>Riadne \u0161kolenie a certifik\u00e1cia oper\u00e1torov.<\/li>\n<li>Dodr\u017eiavanie bezpe\u010dnostn\u00fdch pokynov a opatren\u00ed stanoven\u00fdch v\u00fdrobcom.<\/li>\n<li>Pou\u017e\u00edvanie vhodn\u00fdch osobn\u00fdch ochrann\u00fdch prostriedkov.<\/li>\n<li>Zoh\u013eadnenie environment\u00e1lnych predpisov a minimaliz\u00e1cia vplyvu na \u017eivotn\u00e9 prostredie.<\/li>\n<\/ul>\n<h3>Diagnostika por\u00fach a be\u017en\u00e9 probl\u00e9my:<\/h3>\n<p>Pri poruch\u00e1ch alebo probl\u00e9moch s valcom vedra sa m\u00f4\u017eu vyskytn\u00fa\u0165 nasleduj\u00face be\u017en\u00e9 probl\u00e9my:<\/p>\n<ul>\n<li>\u00danik hydraulickej kvapaliny.<\/li>\n<li>Strata v\u00fdkonu alebo nedostato\u010dn\u00e1 sila.<\/li>\n<li>Nadmern\u00fd hluk alebo vibr\u00e1cie.<\/li>\n<li>Pomal\u00e1 alebo nereaguj\u00faca prev\u00e1dzka.<\/li>\n<\/ul>\n<p>Na rie\u0161enie t\u00fdchto probl\u00e9mov by sa mali prija\u0165 okam\u017eit\u00e9 opatrenia a mali by sa zavies\u0165 prevent\u00edvne opatrenia na minimaliz\u00e1ciu potenci\u00e1lnych probl\u00e9mov.<\/p>\n<p><img decoding=\"async\" src=\"https:\/\/www.hydraulic-cylinders.net\/wp-content\/uploads\/2025\/01\/songte-bushings-with-all-kinds-of-excavator-models.webp\" alt=\"Obr\u00e1zok por\u00fach\"><\/p>\n<p>Nezabudnite \u010dl\u00e1nok logicky usporiada\u0165, pre jednoduch\u0161iu navig\u00e1ciu pou\u017e\u00edva\u0165 podnadpisy, pre lep\u0161ie pochopenie zahrn\u00fa\u0165 relevantn\u00e9 obr\u00e1zky alebo grafy a zabezpe\u010di\u0165, aby bol obsah jasn\u00fd, stru\u010dn\u00fd a vhodn\u00fd pre \u010ditate\u013eov s r\u00f4znymi \u00farov\u0148ami technick\u00fdch znalost\u00ed.<\/p>\n<h2>O na\u0161ej spolo\u010dnosti<\/h2>\n<p>Na\u0161a spolo\u010dnos\u0165 je v\u00fdrobcom n\u00e1hradn\u00fdch hydraulick\u00fdch valcov. Pon\u00fakame \u0161irok\u00fd sortiment produktov a stali sme sa jedn\u00fdm z popredn\u00fdch v\u00fdrobcov a ve\u013ekoobchodn\u00fdch distrib\u00fatorov hydraulick\u00fdch valcov na dom\u00e1com aj medzin\u00e1rodnom trhu. Dodr\u017eiavame z\u00e1sady vynikaj\u00facej kvality a spoliehame sa na strat\u00e9giu riadenia priemyselnej v\u00fdroby zalo\u017een\u00fa na prepracovan\u00fdch v\u00fdrobn\u00fdch diel\u0148ach. V\u010faka na\u0161im technick\u00fdm znalostiam, modern\u00e9mu v\u00fdrobn\u00e9mu vybaveniu a profesion\u00e1lnym testovac\u00edm syst\u00e9mom neust\u00e1le zlep\u0161ujeme na\u0161u v\u00fdrobn\u00fa platformu a v\u00fdrobn\u00e9 postupy zameran\u00e9 na kvalitu v\u00fdrobkov. M\u00e1me siln\u00fa inova\u010dn\u00fa kapacitu a sna\u017e\u00edme sa uspokoji\u0165 rozmanit\u00e9 potreby z\u00e1kazn\u00edkov s vysokou efektivitou, presnos\u0165ou a kvalitou.<\/p>\n<p><img decoding=\"async\" src=\"https:\/\/www.hydraulic-cylinders.net\/wp-content\/uploads\/2025\/01\/songte-company-3.webp\" alt=\"Obr\u00e1zok spolo\u010dnosti\"><\/p>\n<h3>Hlavn\u00e9 body na\u0161ej spolo\u010dnosti:<\/h3>\n<ul>\n<li>Profesionalita a odbornos\u0165<\/li>\n<li>Medzin\u00e1rodn\u00e9 certifik\u00e1cie<\/li>\n<li>Slu\u017eby prisp\u00f4sobenia<\/li>\n<li>Pokro\u010dil\u00e9 v\u00fdrobn\u00e9 zariadenia<\/li>\n<li>Popredajn\u00fd servis<\/li>\n<\/ul>\n<p>Autor: lyl<\/p>","protected":false},"excerpt":{"rendered":"<p>Bucket Cylinder For Bonny CE1000-7 Bucket Cylinder is a specially designed hydraulic cylinder that is primarily used to control the movement of the bucket in heavy machinery such as excavators, backhoe loaders, and front-end loaders. Its main function is to enable the lifting, lowering, and tilting of the bucket, making it convenient for various material [&hellip;]<\/p>","protected":false},"featured_media":14789,"comment_status":"open","ping_status":"closed","template":"","meta":{"_et_pb_use_builder":"","_et_pb_old_content":"","_et_gb_content_width":""},"product_brand":[],"product_cat":[1494],"product_tag":[1495,1496],"class_list":{"0":"post-15927","1":"product","2":"type-product","3":"status-publish","4":"has-post-thumbnail","6":"product_cat-bucket-cylinders","7":"product_tag-bucket-cylinders","8":"product_tag-hydraulic-cylinders","10":"first","11":"instock","12":"shipping-taxable","13":"product-type-simple"},"amp_enabled":true,"_links":{"self":[{"href":"https:\/\/www.hydraulic-cylinders.net\/sk\/wp-json\/wp\/v2\/product\/15927","targetHints":{"allow":["GET"]}}],"collection":[{"href":"https:\/\/www.hydraulic-cylinders.net\/sk\/wp-json\/wp\/v2\/product"}],"about":[{"href":"https:\/\/www.hydraulic-cylinders.net\/sk\/wp-json\/wp\/v2\/types\/product"}],"replies":[{"embeddable":true,"href":"https:\/\/www.hydraulic-cylinders.net\/sk\/wp-json\/wp\/v2\/comments?post=15927"}],"wp:featuredmedia":[{"embeddable":true,"href":"https:\/\/www.hydraulic-cylinders.net\/sk\/wp-json\/wp\/v2\/media\/14789"}],"wp:attachment":[{"href":"https:\/\/www.hydraulic-cylinders.net\/sk\/wp-json\/wp\/v2\/media?parent=15927"}],"wp:term":[{"taxonomy":"product_brand","embeddable":true,"href":"https:\/\/www.hydraulic-cylinders.net\/sk\/wp-json\/wp\/v2\/product_brand?post=15927"},{"taxonomy":"product_cat","embeddable":true,"href":"https:\/\/www.hydraulic-cylinders.net\/sk\/wp-json\/wp\/v2\/product_cat?post=15927"},{"taxonomy":"product_tag","embeddable":true,"href":"https:\/\/www.hydraulic-cylinders.net\/sk\/wp-json\/wp\/v2\/product_tag?post=15927"}],"curies":[{"name":"pracovn\u00fd list","href":"https:\/\/api.w.org\/{rel}","templated":true}]}}