{"id":15930,"date":"2025-01-19T15:10:49","date_gmt":"2025-01-19T15:10:49","guid":{"rendered":"https:\/\/www.hydraulic-cylinders.net\/product\/bucket-cylinder-for-bonny-ced750-8\/"},"modified":"2025-01-19T15:10:51","modified_gmt":"2025-01-19T15:10:51","slug":"bucket-cylinder-for-bonny-ced750-8","status":"publish","type":"product","link":"https:\/\/www.hydraulic-cylinders.net\/sk\/produkt\/bucket-cylinder-for-bonny-ced750-8\/","title":{"rendered":"Valec vedra pre Bonny CED750-8"},"content":{"rendered":"<p><!DOCTYPE html><br \/>\n<html><br \/>\n<head><br \/>\n<title>Valec vedra pre Bonny CED750-8<\/title><br \/>\n<\/head><br \/>\n<body><\/p>\n<h1>Valec vedra pre Bonny CED750-8<\/h1>\n<h2>\u00davod<\/h2>\n<p>Hydraulick\u00fd valec ly\u017eice pre Bonny CED750-8 je \u0161peci\u00e1lne navrhnut\u00fd hydraulick\u00fd valec pou\u017e\u00edvan\u00fd na ovl\u00e1danie pohybu ly\u017eice v \u0165a\u017ek\u00fdch strojoch, ako s\u00fa bagre, r\u00fdpadlo-naklada\u010de a \u010deln\u00e9 naklada\u010de. Jeho hlavnou funkciou je umo\u017eni\u0165 zdv\u00edhanie, sp\u00fa\u0161\u0165anie a nakl\u00e1\u0148anie ly\u017eice, \u010do ju rob\u00ed pohodlnou pri r\u00f4znych \u00faloh\u00e1ch manipul\u00e1cie s materi\u00e1lom. V hydraulickom syst\u00e9me dosahuje valec ly\u017eice presn\u00e9 ovl\u00e1danie ly\u017eice vyu\u017eit\u00edm zmien tlaku hydraulick\u00e9ho oleja, \u010do umo\u017e\u0148uje obsluhe efekt\u00edvne manipulova\u0165 s \u0165a\u017ek\u00fdmi bremenami a prisp\u00f4sobi\u0165 sa zlo\u017eit\u00fdm pracovn\u00fdm prostrediam a r\u00f4znorod\u00fdm po\u017eiadavk\u00e1m pr\u00e1ce.<\/p>\n<p><img decoding=\"async\" src=\"https:\/\/www.hydraulic-cylinders.net\/wp-content\/uploads\/2025\/01\/songte-company-2.webp\" alt=\"Obr\u00e1zok valca vedra\"><\/p>\n<h2>Funkcie<\/h2>\n<ul>\n<li><strong>Vysok\u00e1 pevnos\u0165 a odolnos\u0165:<\/strong> Valec vedra je zvy\u010dajne vyroben\u00fd z vysokopevnostnej ocele alebo hlin\u00edka, schopn\u00e9ho odol\u00e1va\u0165 vysok\u00e9mu tlaku a \u0165a\u017ek\u00e9mu za\u0165a\u017eeniu, a prisp\u00f4sobi\u0165 sa n\u00e1ro\u010dn\u00fdm pracovn\u00fdm podmienkam. Kon\u0161trukcia zoh\u013ead\u0148uje odolnos\u0165 proti opotrebovaniu a kor\u00f3zii, aby sa pred\u013a\u017eila \u017eivotnos\u0165.<\/li>\n<li><strong>Efekt\u00edvna hydraulick\u00e1 prev\u00e1dzka:<\/strong> V\u010faka vyu\u017eitiu tlaku hydraulick\u00e9ho oleja dosahuje valec ly\u017eice plynul\u00e9 vys\u00favanie a zas\u00favanie, \u010do umo\u017e\u0148uje r\u00fdchlu odozvu na ovl\u00e1dacie povely a pon\u00faka siln\u00e9 tla\u010dn\u00e9 a \u0165a\u017en\u00e9 sily, vhodn\u00e9 na manipul\u00e1ciu s \u0165a\u017ek\u00fdmi bremenami a zlo\u017eit\u00e9 pracovn\u00e9 \u00falohy.<\/li>\n<li><strong>R\u00f4zne typy:<\/strong> Valec kor\u010deka je mo\u017en\u00e9 zvoli\u0165 ako jedno\u010dinn\u00fd (hydraulicky ovl\u00e1dan\u00fd iba v jednom smere) alebo dvoj\u010dinn\u00fd (hydraulicky ovl\u00e1dan\u00fd v oboch smeroch) pod\u013ea \u0161pecifick\u00fdch prev\u00e1dzkov\u00fdch po\u017eiadaviek. Niektor\u00e9 modely s\u00fa teleskopick\u00e9, \u010do umo\u017e\u0148uje v\u00e4\u010d\u0161ie vysunutie bez zv\u00e4\u010d\u0161enia vonkaj\u0161\u00edch rozmerov, v\u010faka \u010domu s\u00fa vhodn\u00e9 pre aplik\u00e1cie s obmedzen\u00fdm priestorom.<\/li>\n<li><strong>Dokonal\u00e1 n\u00e1hrada:<\/strong> Na\u0161e produkty dok\u00e1\u017eu dokonale nahradi\u0165 existuj\u00face hydraulick\u00e9 valce. Pon\u00fakame \u0161irok\u00fa \u0161k\u00e1lu modelov valcov, ktor\u00e9 sp\u013a\u0148aj\u00fa r\u00f4zne potreby.<\/li>\n<\/ul>\n<p><img decoding=\"async\" src=\"https:\/\/www.hydraulic-cylinders.net\/wp-content\/uploads\/2025\/01\/songte-cylinder-head-with-all-kinds-excavator-models.webp\" alt=\"V\u00fdmena valca vedra\"><\/p>\n<h2>Aplik\u00e1cie<\/h2>\n<ul>\n<li><strong>Stavebn\u00e9 vybavenie:<\/strong> Valce ko\u0161\u00edkov s\u00fa v r\u00fdpadl\u00e1ch nevyhnutn\u00e9 na kopanie, nakladanie a premiest\u0148ovanie zeminy alebo sutiny. V r\u00fdpadlo-naklada\u010doch valec ko\u0161\u00edka pom\u00e1ha pri kopan\u00ed aj zdv\u00edhan\u00ed.<\/li>\n<li><strong>Po\u013enohospod\u00e1rske stroje:<\/strong> Pou\u017e\u00edva sa v \u010deln\u00fdch naklada\u010doch na naberanie, zdv\u00edhanie a prepravu p\u00f4dy, sena a in\u00fdch materi\u00e1lov.<\/li>\n<li><strong>R\u00fdpadl\u00e1:<\/strong> Valec ly\u017eice umo\u017e\u0148uje kopanie t\u00fdm, \u017ee umo\u017e\u0148uje ly\u017eici prenikn\u00fa\u0165 do p\u00f4dy.<\/li>\n<li><strong>Naklada\u010de:<\/strong> V \u010deln\u00fdch naklada\u010doch valce ko\u0161\u00edkov \u00fa\u010dinne pom\u00e1haj\u00fa pri zdv\u00edhan\u00ed a nakl\u00e1\u0148an\u00ed tovaru.<\/li>\n<\/ul>\n<h2>\u00davahy o dizajne a krit\u00e9ri\u00e1 v\u00fdberu<\/h2>\n<ul>\n<li><strong>Nosnos\u0165:<\/strong> Valec vedra je navrhnut\u00fd tak, aby odolal stanovenej nosnosti, \u010d\u00edm sa zabezpe\u010d\u00ed bezpe\u010dn\u00e1 a efekt\u00edvna prev\u00e1dzka.<\/li>\n<li><strong>Tesnenie:<\/strong> Na zabezpe\u010denie spr\u00e1vneho utesnenia a zabr\u00e1nenie hydraulick\u00fdm \u00fanikom sa pou\u017e\u00edvaj\u00fa r\u00f4zne tesniace komponenty, ako s\u00fa tesnenia piestov a tesnenia ty\u010d\u00ed.<\/li>\n<li><strong>Trvanlivos\u0165:<\/strong> Kon\u0161trukcia a materi\u00e1ly valca s\u00fa zvolen\u00e9 tak, aby odolali n\u00e1ro\u010dn\u00fdm aplik\u00e1ci\u00e1m s vysokou z\u00e1\u0165a\u017eou a poskytovali dlhotrvaj\u00faci v\u00fdkon.<\/li>\n<li><strong>Bezpe\u010dnos\u0165:<\/strong> Bezpe\u010dnostn\u00e9 prvky, ako napr\u00edklad pretlakov\u00e9 ventily, s\u00fa implementovan\u00e9 na zabr\u00e1nenie pre\u0165a\u017eeniu a zaistenie bezpe\u010dnosti obsluhy.<\/li>\n<li><strong>\u00dadr\u017eba:<\/strong> Dizajn umo\u017e\u0148uje jednoduch\u00fa \u00fadr\u017ebu a opravy s pr\u00edstupn\u00fdmi komponentmi a jasn\u00fdmi pokynmi uveden\u00fdmi v n\u00e1vode na pou\u017eitie.<\/li>\n<\/ul>\n<p><img decoding=\"async\" src=\"https:\/\/www.hydraulic-cylinders.net\/wp-content\/uploads\/2025\/01\/songte-oil-pipes-and-spare-parts.webp\" alt=\"Komponenty hydraulick\u00e9ho valca\"><\/p>\n<h2>Tesnenie a mazanie<\/h2>\n<p>Valec kor\u010deka vyu\u017e\u00edva r\u00f4zne tesniace komponenty, ako s\u00fa tesnenia piestov a tesnenia ty\u010d\u00ed, vyroben\u00e9 z materi\u00e1lov odoln\u00fdch vo\u010di opotrebovaniu, ako je polyuret\u00e1n a nitrilov\u00fd kau\u010duk. Teleso valca a z\u00e1vitov\u00e9 koncov\u00e9 povrchy s\u00fa jemne o\u0161etren\u00e9 pre zv\u00fd\u0161enie odolnosti vo\u010di opotrebovaniu. Na zabezpe\u010denie hladk\u00e9ho chodu a dlhej \u017eivotnosti valca je potrebn\u00e9 pravideln\u00e9 mazanie vhodn\u00fdm mno\u017estvom hydraulick\u00e9ho oleja.<\/p>\n<h2>Pravideln\u00e1 kontrola a prevent\u00edvna \u00fadr\u017eba<\/h2>\n<ul>\n<li>Pravidelne kontrolujte valec, \u010di nevykazuje zn\u00e1mky opotrebovania, netesnost\u00ed alebo po\u0161kodenia.<\/li>\n<li>Zabezpe\u010dte spr\u00e1vne mazanie v\u0161etk\u00fdch pohybliv\u00fdch \u010dast\u00ed.<\/li>\n<li>Pod\u013ea potreby vyme\u0148te tesnenia a in\u00e9 opotrebovan\u00e9 komponenty.<\/li>\n<\/ul>\n<h2>Spr\u00e1vna in\u0161tal\u00e1cia produktu<\/h2>\n<p>Spr\u00e1vna in\u0161tal\u00e1cia je k\u013e\u00fa\u010dov\u00e1 pre optim\u00e1lny v\u00fdkon valca s vedro. Dodr\u017eujte tieto pokyny:<\/p>\n<ul>\n<li>Po\u010das in\u0161tal\u00e1cie spr\u00e1vne zarovnajte valec.<\/li>\n<li>Na upevnenie valca pou\u017eite vhodn\u00e9 mont\u00e1\u017ene konzoly.<\/li>\n<\/ul>\n<h2>\u00dalohy \u00fadr\u017eby<\/h2>\n<p>Medzi be\u017en\u00e9 \u00falohy \u00fadr\u017eby patria pravideln\u00e9 kontroly, spr\u00e1vne mazanie, v\u00fdmena tesnen\u00ed a kontroly kalibr\u00e1cie. Zd\u00f4raz\u0148uje sa d\u00f4le\u017eitos\u0165 spr\u00e1vnej in\u0161tal\u00e1cie, mazania a nastavenia. Poskytnite pokyny na zarovnanie valca po\u010das in\u0161tal\u00e1cie a odporu\u010dte pou\u017eitie vhodn\u00fdch mont\u00e1\u017enych konzol pre bezpe\u010dn\u00e9 upevnenie. Odporu\u010dte postupy kontroly, opravy a v\u00fdmeny, ako aj tipy na pred\u013a\u017eenie \u017eivotnosti valca s vedro.<\/p>\n<p><img decoding=\"async\" src=\"https:\/\/www.hydraulic-cylinders.net\/wp-content\/uploads\/2025\/01\/songte-chushion-collar.webp\" alt=\"\u00dadr\u017eba valca vedra\"><\/p>\n<h2>Bezpe\u010dnostn\u00e9 aspekty a faktory prostredia<\/h2>\n<p>Zd\u00f4raznite d\u00f4le\u017eitos\u0165 bezpe\u010dnostn\u00fdch opatren\u00ed pri pou\u017e\u00edvan\u00ed valca s vedro a rie\u0161te v\u0161etky potenci\u00e1lne environment\u00e1lne probl\u00e9my s\u00favisiace s jeho prev\u00e1dzkou.<\/p>\n<h2>Rie\u0161enie probl\u00e9mov a be\u017en\u00e9 probl\u00e9my<\/h2>\n<p>Identifikujte mo\u017en\u00e9 poruchy a be\u017en\u00e9 probl\u00e9my spojen\u00e9 s valcom vedra. Poskytnite tipy na rie\u0161enie probl\u00e9mov a rie\u0161enia, ktor\u00e9 pom\u00f4\u017eu \u010ditate\u013eom efekt\u00edvne diagnostikova\u0165 a rie\u0161i\u0165 probl\u00e9my. Pon\u00faknite prevent\u00edvne opatrenia na minimaliz\u00e1ciu potenci\u00e1lnych probl\u00e9mov.<\/p>\n<p><img decoding=\"async\" src=\"https:\/\/www.hydraulic-cylinders.net\/wp-content\/uploads\/2025\/01\/songte-bushings-with-all-kinds-of-excavator-models.webp\" alt=\"Rie\u0161enie probl\u00e9mov s valcom vedra\"><\/p>\n<h2>O na\u0161ej spolo\u010dnosti<\/h2>\n<p>Sme popredn\u00fdm v\u00fdrobcom a ve\u013ekoobchodn\u00fdm distrib\u00fatorom hydraulick\u00fdch valcov na dom\u00e1com aj medzin\u00e1rodnom trhu. N\u00e1\u0161 sortiment je komplexn\u00fd a sna\u017e\u00edme sa by\u0165 v popred\u00ed vo v\u00fdrobe hydraulick\u00fdch valcov. So zameran\u00edm na excelentnos\u0165 a spoliehan\u00edm sa na industrializovan\u00e9 strat\u00e9gie riadenia v\u00fdroby v na\u0161ej prepracovanej v\u00fdrobnej dielni neust\u00e1le zlep\u0161ujeme na\u0161u v\u00fdrobn\u00fa platformu, zdokona\u013eujeme v\u00fdrobn\u00e9 postupy zameran\u00e9 na kvalitu produktov a disponujeme siln\u00fdmi inovat\u00edvnymi schopnos\u0165ami. Na\u0161imi z\u00e1sadami s\u00fa efekt\u00edvnos\u0165, presnos\u0165 a vysok\u00e1 kvalita, ktor\u00e9 uspokojuj\u00fa rozmanit\u00e9 potreby z\u00e1kazn\u00edkov.<\/p>\n<p><img decoding=\"async\" src=\"https:\/\/hzpt.com\/wp-content\/uploads\/2024\/11\/songte-company-1.webp\" alt=\"Preh\u013ead spolo\u010dnosti\"><\/p>\n<h3>K\u013e\u00fa\u010dov\u00e9 body o na\u0161ej spolo\u010dnosti:<\/h3>\n<ul>\n<li>Profesionalita a odbornos\u0165<\/li>\n<li>Medzin\u00e1rodn\u00e9 certifik\u00e1cie<\/li>\n<li>Slu\u017eby na mieru<\/li>\n<li>Najmodernej\u0161ie v\u00fdrobn\u00e9 zariadenia<\/li>\n<li>Popredajn\u00e9 slu\u017eby<\/li>\n<\/ul>\n<p><img decoding=\"async\" src=\"https:\/\/www.hydraulic-cylinders.net\/wp-content\/uploads\/2025\/01\/songte-company-3.webp\" alt=\"Hlavn\u00e9 inform\u00e1cie o spolo\u010dnosti\"><\/p>\n<p>Autor: lyl<\/p>\n<p><\/body><br \/>\n<\/html><\/p>","protected":false},"excerpt":{"rendered":"<p>Bucket Cylinder For Bonny CED750-8 Bucket Cylinder For Bonny CED750-8 Introduction The bucket cylinder for Bonny CED750-8 is a specially designed hydraulic cylinder used to control the movement of the bucket in heavy machinery such as excavators, backhoe loaders, and front-end loaders. Its main function is to enable the bucket to lift, lower, and tilt, [&hellip;]<\/p>","protected":false},"featured_media":14785,"comment_status":"open","ping_status":"closed","template":"","meta":{"_et_pb_use_builder":"","_et_pb_old_content":"","_et_gb_content_width":""},"product_brand":[],"product_cat":[1494],"product_tag":[1495,1496],"class_list":{"0":"post-15930","1":"product","2":"type-product","3":"status-publish","4":"has-post-thumbnail","6":"product_cat-bucket-cylinders","7":"product_tag-bucket-cylinders","8":"product_tag-hydraulic-cylinders","10":"first","11":"instock","12":"shipping-taxable","13":"product-type-simple"},"amp_enabled":true,"_links":{"self":[{"href":"https:\/\/www.hydraulic-cylinders.net\/sk\/wp-json\/wp\/v2\/product\/15930","targetHints":{"allow":["GET"]}}],"collection":[{"href":"https:\/\/www.hydraulic-cylinders.net\/sk\/wp-json\/wp\/v2\/product"}],"about":[{"href":"https:\/\/www.hydraulic-cylinders.net\/sk\/wp-json\/wp\/v2\/types\/product"}],"replies":[{"embeddable":true,"href":"https:\/\/www.hydraulic-cylinders.net\/sk\/wp-json\/wp\/v2\/comments?post=15930"}],"wp:featuredmedia":[{"embeddable":true,"href":"https:\/\/www.hydraulic-cylinders.net\/sk\/wp-json\/wp\/v2\/media\/14785"}],"wp:attachment":[{"href":"https:\/\/www.hydraulic-cylinders.net\/sk\/wp-json\/wp\/v2\/media?parent=15930"}],"wp:term":[{"taxonomy":"product_brand","embeddable":true,"href":"https:\/\/www.hydraulic-cylinders.net\/sk\/wp-json\/wp\/v2\/product_brand?post=15930"},{"taxonomy":"product_cat","embeddable":true,"href":"https:\/\/www.hydraulic-cylinders.net\/sk\/wp-json\/wp\/v2\/product_cat?post=15930"},{"taxonomy":"product_tag","embeddable":true,"href":"https:\/\/www.hydraulic-cylinders.net\/sk\/wp-json\/wp\/v2\/product_tag?post=15930"}],"curies":[{"name":"pracovn\u00fd list","href":"https:\/\/api.w.org\/{rel}","templated":true}]}}