{"id":15933,"date":"2025-01-19T15:11:05","date_gmt":"2025-01-19T15:11:05","guid":{"rendered":"https:\/\/www.hydraulic-cylinders.net\/product\/bucket-cylinder-for-bonny-cee2200-7\/"},"modified":"2025-01-19T15:11:07","modified_gmt":"2025-01-19T15:11:07","slug":"bucket-cylinder-for-bonny-cee2200-7","status":"publish","type":"product","link":"https:\/\/www.hydraulic-cylinders.net\/sk\/produkt\/bucket-cylinder-for-bonny-cee2200-7\/","title":{"rendered":"Valec vedra pre Bonny CEE2200-7"},"content":{"rendered":"<h1>Valec vedra pre Bonny CEE2200-7<\/h1>\n<h2>\u00davod<\/h2>\n<p>Hydraulick\u00fd valec ly\u017eice je \u0161peci\u00e1lne navrhnut\u00fd hydraulick\u00fd valec pou\u017e\u00edvan\u00fd na ovl\u00e1danie pohybu ly\u017eice v \u0165a\u017ek\u00fdch strojoch, ako s\u00fa bagre, r\u00fdpadlo-naklada\u010de a \u010deln\u00e9 naklada\u010de. Jeho hlavnou funkciou je umo\u017eni\u0165 zdv\u00edhanie, sp\u00fa\u0161\u0165anie a nakl\u00e1\u0148anie ly\u017eice, \u010do u\u013eah\u010duje vykon\u00e1vanie r\u00f4znych \u00faloh manipul\u00e1cie s materi\u00e1lom. V hydraulick\u00fdch syst\u00e9moch dosahuje valec ly\u017eice presn\u00e9 ovl\u00e1danie ly\u017eice zmenou tlaku hydraulick\u00e9ho oleja, \u010do umo\u017e\u0148uje obsluhe efekt\u00edvne manipulova\u0165 s \u0165a\u017ek\u00fdmi bremenami a prisp\u00f4sobi\u0165 sa zlo\u017eit\u00fdm pracovn\u00fdm prostrediam a r\u00f4znorod\u00fdm po\u017eiadavk\u00e1m na pr\u00e1cu.<\/p>\n<p><img decoding=\"async\" src=\"https:\/\/www.hydraulic-cylinders.net\/wp-content\/uploads\/2025\/01\/songte-company-2.webp\" alt=\"Obr\u00e1zok valca vedra\"><\/p>\n<h2>Vlastnosti valca vedra<\/h2>\n<ol>\n<li><strong>Vysok\u00e1 pevnos\u0165 a odolnos\u0165:<\/strong> Valec s vedrom, zvy\u010dajne vyroben\u00fd z vysokopevnostnej ocele alebo hlin\u00edka, odol\u00e1 vysok\u00e9mu tlaku a \u0165a\u017ek\u00fdm za\u0165a\u017eeniam, \u010d\u00edm sa prisp\u00f4sob\u00ed n\u00e1ro\u010dn\u00fdm pracovn\u00fdm podmienkam. Kon\u0161trukcia zoh\u013ead\u0148uje odolnos\u0165 vo\u010di opotrebovaniu a kor\u00f3zii, \u010d\u00edm sa predl\u017euje jeho \u017eivotnos\u0165.<\/li>\n<li><strong>Efekt\u00edvna hydraulick\u00e1 prev\u00e1dzka:<\/strong> V\u010faka vyu\u017eitiu tlaku hydraulick\u00e9ho oleja dosahuje valec ly\u017eice plynul\u00e9 teleskopick\u00e9 pohyby, \u010do umo\u017e\u0148uje r\u00fdchlu reakciu na ovl\u00e1dacie povely a poskytuje siln\u00e9 tla\u010dn\u00e9 a \u0165a\u017en\u00e9 sily, v\u010faka \u010domu je vhodn\u00fd na manipul\u00e1ciu s \u0165a\u017ek\u00fdmi bremenami a zlo\u017eit\u00fdmi pracovn\u00fdmi \u00falohami.<\/li>\n<li><strong>R\u00f4zne typy:<\/strong> Valec kor\u010deka je mo\u017en\u00e9 zvoli\u0165 ako jedno\u010dinn\u00fd (hydraulick\u00fd tlak pou\u017e\u00edvan\u00fd iba v jednom smere) alebo dvoj\u010dinn\u00fd (hydraulick\u00fd tlak pou\u017e\u00edvan\u00fd v oboch smeroch) valec v z\u00e1vislosti od prev\u00e1dzkov\u00fdch po\u017eiadaviek. Niektor\u00e9 modely s\u00fa teleskopick\u00e9, \u010do umo\u017e\u0148uje v\u00e4\u010d\u0161ie vysunutie bez zv\u00e4\u010d\u0161enia vonkaj\u0161\u00edch rozmerov, v\u010faka \u010domu s\u00fa vhodn\u00e9 pre aplik\u00e1cie s obmedzen\u00fdm priestorom.<\/li>\n<li><strong>Dokonal\u00e1 n\u00e1hrada:<\/strong> Na\u0161e produkty dok\u00e1\u017eu dokonale nahradi\u0165 tieto hydraulick\u00e9 valce a poskytuj\u00fa spo\u013eahliv\u00fd v\u00fdkon a kompatibilitu.<\/li>\n<\/ol>\n<p><img decoding=\"async\" src=\"https:\/\/www.hydraulic-cylinders.net\/wp-content\/uploads\/2025\/01\/songte-cylinder-head-with-all-kinds-excavator-models.webp\" alt=\"Obr\u00e1zok aplik\u00e1cie valca vedra\"><\/p>\n<h2>Aplik\u00e1cie vedrov\u00e9ho valca<\/h2>\n<p>Kol\u00edkov\u00fd valec nach\u00e1dza uplatnenie v r\u00f4znych odvetviach:<\/p>\n<ul>\n<li>Stavebn\u00e9 zariadenia: Nach\u00e1dzaj\u00fa sa v bagroch a s\u00fa nevyhnutn\u00e9 na kopanie, nakladanie a premiest\u0148ovanie zeminy alebo sutiny. V r\u00fdpadlo-naklada\u010doch pom\u00e1ha valec ly\u017eice pri v\u00fdkopov\u00fdch pr\u00e1cach aj zdv\u00edhan\u00ed.<\/li>\n<li>Po\u013enohospod\u00e1rske stroje: Pou\u017e\u00edvaj\u00fa sa v \u010deln\u00fdch naklada\u010doch na naberanie, zdv\u00edhanie a prepravu p\u00f4dy, sena a in\u00fdch materi\u00e1lov.<\/li>\n<li>R\u00fdpadl\u00e1: Valec ly\u017eice umo\u017e\u0148uje kopanie t\u00fdm, \u017ee umo\u017e\u0148uje ly\u017eici prenikn\u00fa\u0165 do p\u00f4dy.<\/li>\n<li>\u010celn\u00e9 naklada\u010de: V \u010deln\u00fdch naklada\u010doch pom\u00e1haj\u00fa pri efekt\u00edvnom zdv\u00edhan\u00ed a vykladan\u00ed tovaru.<\/li>\n<\/ul>\n<h2>\u00davahy o dizajne a krit\u00e9ri\u00e1 v\u00fdberu<\/h2>\n<p>Pri navrhovan\u00ed valcov s ko\u0161\u00edkom sa berie do \u00favahy nieko\u013eko faktorov:<\/p>\n<ol>\n<li><strong>Nosnos\u0165:<\/strong> Valec kor\u010deka je navrhnut\u00fd tak, aby odolal vysok\u00e9mu za\u0165a\u017eeniu a tlaku, \u010do zais\u0165uje jeho bezpe\u010dn\u00fa prev\u00e1dzku.<\/li>\n<li><strong>Tesnenie:<\/strong> Pou\u017e\u00edvaj\u00fa sa r\u00f4zne tesniace prvky, ako s\u00fa tesnenia piestov a tesnenia ty\u010d\u00ed, vyroben\u00e9 z materi\u00e1lov odoln\u00fdch vo\u010di opotrebovaniu, ako je polyuret\u00e1n a nitrilov\u00fd kau\u010duk. Teleso valca a z\u00e1vitov\u00e9 koncov\u00e9 plochy sa jemne oprac\u00favaj\u00fa na zv\u00fd\u0161enie odolnosti vo\u010di opotrebovaniu.<\/li>\n<li><strong>Trvanlivos\u0165:<\/strong> Valec vedra je vyroben\u00fd tak, aby odolal n\u00e1ro\u010dn\u00fdm pracovn\u00fdm podmienkam a poskytoval dlhotrvaj\u00faci v\u00fdkon.<\/li>\n<li><strong>Bezpe\u010dnos\u0165:<\/strong> Bezpe\u010dnostn\u00e9 prvky s\u00fa zabudovan\u00e9 na zaistenie bezpe\u010dnej prev\u00e1dzky valca vedra.<\/li>\n<li><strong>Udr\u017eiavate\u013enos\u0165:<\/strong> Zoh\u013eadnia sa opatrenia na u\u013eah\u010denie \u00fadr\u017eby a opravy valca vedra.<\/li>\n<\/ol>\n<p><img decoding=\"async\" src=\"https:\/\/www.hydraulic-cylinders.net\/wp-content\/uploads\/2025\/01\/songte-oil-pipes-and-spare-parts.webp\" alt=\"Obr\u00e1zok tesnenia a mazania valca vedra\"><\/p>\n<h2>Tesnenie a mazanie<\/h2>\n<p>Valec kor\u010deka vyu\u017e\u00edva r\u00f4zne tesniace komponenty, ako s\u00fa tesnenia piestov a tesnenia ty\u010d\u00ed, ktor\u00e9 s\u00fa vyroben\u00e9 z materi\u00e1lov odoln\u00fdch vo\u010di opotrebovaniu, ako je polyuret\u00e1n a nitrilov\u00fd kau\u010duk. Teleso valca a z\u00e1vitov\u00e9 koncov\u00e9 plochy s\u00fa jemne opracovan\u00e9, aby sa zlep\u0161ila odolnos\u0165 vo\u010di opotrebovaniu. Na zabezpe\u010denie hladk\u00e9ho chodu je potrebn\u00e9 pravideln\u00e9 mazanie vhodn\u00fdm mno\u017estvom hydraulick\u00e9ho oleja.<\/p>\n<h2>Pravideln\u00e1 kontrola a prevent\u00edvna \u00fadr\u017eba<\/h2>\n<p>Na zabezpe\u010denie optim\u00e1lneho v\u00fdkonu a dlhej \u017eivotnosti valca vedra s\u00fa potrebn\u00e9 pravideln\u00e9 kontroly a prevent\u00edvne \u00fadr\u017eb\u00e1rske opatrenia:<\/p>\n<ul>\n<li>Pravidelne kontrolujte, \u010di nejav\u00ed zn\u00e1mky po\u0161kodenia, opotrebovania alebo \u00faniku.<\/li>\n<li>Zabezpe\u010dte spr\u00e1vne mazanie v\u0161etk\u00fdch pohybliv\u00fdch \u010dast\u00ed.<\/li>\n<li>Pod\u013ea potreby vyme\u0148te tesnenia a tesniace kr\u00fa\u017eky.<\/li>\n<li>Vykonajte kalibra\u010dn\u00e9 kontroly, aby ste zaistili presn\u00fa prev\u00e1dzku.<\/li>\n<\/ul>\n<p><img decoding=\"async\" src=\"https:\/\/www.hydraulic-cylinders.net\/wp-content\/uploads\/2025\/01\/songte-chushion-collar.webp\" alt=\"Obr\u00e1zok \u00fadr\u017eby valca vedra\"><\/p>\n<h2>Bezpe\u010dnostn\u00e9 aspekty a faktory prostredia<\/h2>\n<p>Pri pou\u017e\u00edvan\u00ed valca s vedrom je nevyhnutn\u00e9 uprednostni\u0165 bezpe\u010dnostn\u00e9 opatrenia, aby sa predi\u0161lo nehod\u00e1m a zabezpe\u010dilo bezpe\u010dn\u00e9 pracovn\u00e9 prostredie. Nevyhnutn\u00e9 je riadne \u0161kolenie, dodr\u017eiavanie bezpe\u010dnostn\u00fdch pokynov a pou\u017e\u00edvanie vhodn\u00fdch osobn\u00fdch ochrann\u00fdch prostriedkov.<\/p>\n<h2>Rie\u0161enie probl\u00e9mov a be\u017en\u00e9 probl\u00e9my<\/h2>\n<p>Ak sa vyskytn\u00fa probl\u00e9my s valcom vedra, nasleduj\u00face tipy a rie\u0161enia probl\u00e9mov v\u00e1m m\u00f4\u017eu pom\u00f4c\u0165 diagnostikova\u0165 a efekt\u00edvne vyrie\u0161i\u0165 probl\u00e9my:<\/p>\n<ul>\n<li>Tip 1: Skontrolujte, \u010di hydraulick\u00fd syst\u00e9m nevykazuje nejak\u00e9 zn\u00e1mky netesnost\u00ed alebo po\u0161kodenia.<\/li>\n<li>Tip 2: Zabezpe\u010dte spr\u00e1vnu hladinu a kvalitu hydraulickej kvapaliny.<\/li>\n<li>Tip 3: Skontrolujte v\u0161etky spoje a armat\u00fary, \u010di s\u00fa tesn\u00e9 a neporu\u0161en\u00e9.<\/li>\n<\/ul>\n<p><img decoding=\"async\" src=\"https:\/\/www.hydraulic-cylinders.net\/wp-content\/uploads\/2025\/01\/songte-bushings-with-all-kinds-of-excavator-models.webp\" alt=\"Obr\u00e1zok rie\u0161enia probl\u00e9mov s valcom vedra\"><\/p>\n<h2>Z\u00e1ver<\/h2>\n<p>Z\u00e1verom mo\u017eno poveda\u0165, \u017ee valec ko\u0161\u00edka zohr\u00e1va k\u013e\u00fa\u010dov\u00fa \u00falohu v \u0165a\u017ek\u00fdch strojoch pre efekt\u00edvnu manipul\u00e1ciu s materi\u00e1lom. Na\u0161a spolo\u010dnos\u0165 je popredn\u00fdm v\u00fdrobcom a ve\u013ekoobchodn\u00fdm distrib\u00fatorom hydraulick\u00fdch valcov a poskytuje \u0161irok\u00fa \u0161k\u00e1lu produktov, ktor\u00e9 sp\u013a\u0148aj\u00fa najvy\u0161\u0161ie \u0161tandardy kvality a spo\u013eahlivosti. So zameran\u00edm na excelentnos\u0165 neust\u00e1le zlep\u0161ujeme na\u0161e v\u00fdrobn\u00e9 procesy, kvalitu produktov a spokojnos\u0165 z\u00e1kazn\u00edkov. Pon\u00fakame odborn\u00e9 znalosti, medzin\u00e1rodn\u00e9 certifik\u00e1cie, prisp\u00f4soben\u00e9 slu\u017eby, najmodernej\u0161ie v\u00fdrobn\u00e9 zariadenia a spo\u013eahliv\u00fa popredajn\u00fa podporu.<\/p>\n<p><img decoding=\"async\" src=\"https:\/\/www.hydraulic-cylinders.net\/wp-content\/uploads\/2025\/01\/songte-company-3.webp\" alt=\"Obr\u00e1zok spolo\u010dnosti\"><\/p>\n<p>Autor: lyl<\/p>","protected":false},"excerpt":{"rendered":"<p>Bucket Cylinder For Bonny CEE2200-7 Introduction The bucket cylinder is a specially designed hydraulic cylinder used to control the movement of the bucket in heavy machinery such as excavators, backhoe loaders, and front loaders. Its main function is to enable the lifting, lowering, and tilting of the bucket, making it easier to handle various material [&hellip;]<\/p>","protected":false},"featured_media":14780,"comment_status":"open","ping_status":"closed","template":"","meta":{"_et_pb_use_builder":"","_et_pb_old_content":"","_et_gb_content_width":""},"product_brand":[],"product_cat":[1494],"product_tag":[1495,1496],"class_list":{"0":"post-15933","1":"product","2":"type-product","3":"status-publish","4":"has-post-thumbnail","6":"product_cat-bucket-cylinders","7":"product_tag-bucket-cylinders","8":"product_tag-hydraulic-cylinders","10":"first","11":"instock","12":"shipping-taxable","13":"product-type-simple"},"amp_enabled":true,"_links":{"self":[{"href":"https:\/\/www.hydraulic-cylinders.net\/sk\/wp-json\/wp\/v2\/product\/15933","targetHints":{"allow":["GET"]}}],"collection":[{"href":"https:\/\/www.hydraulic-cylinders.net\/sk\/wp-json\/wp\/v2\/product"}],"about":[{"href":"https:\/\/www.hydraulic-cylinders.net\/sk\/wp-json\/wp\/v2\/types\/product"}],"replies":[{"embeddable":true,"href":"https:\/\/www.hydraulic-cylinders.net\/sk\/wp-json\/wp\/v2\/comments?post=15933"}],"wp:featuredmedia":[{"embeddable":true,"href":"https:\/\/www.hydraulic-cylinders.net\/sk\/wp-json\/wp\/v2\/media\/14780"}],"wp:attachment":[{"href":"https:\/\/www.hydraulic-cylinders.net\/sk\/wp-json\/wp\/v2\/media?parent=15933"}],"wp:term":[{"taxonomy":"product_brand","embeddable":true,"href":"https:\/\/www.hydraulic-cylinders.net\/sk\/wp-json\/wp\/v2\/product_brand?post=15933"},{"taxonomy":"product_cat","embeddable":true,"href":"https:\/\/www.hydraulic-cylinders.net\/sk\/wp-json\/wp\/v2\/product_cat?post=15933"},{"taxonomy":"product_tag","embeddable":true,"href":"https:\/\/www.hydraulic-cylinders.net\/sk\/wp-json\/wp\/v2\/product_tag?post=15933"}],"curies":[{"name":"pracovn\u00fd list","href":"https:\/\/api.w.org\/{rel}","templated":true}]}}