{"id":15934,"date":"2025-01-19T15:11:09","date_gmt":"2025-01-19T15:11:09","guid":{"rendered":"https:\/\/www.hydraulic-cylinders.net\/product\/bucket-cylinder-for-bonny-ced1250-7\/"},"modified":"2025-01-19T15:11:15","modified_gmt":"2025-01-19T15:11:15","slug":"bucket-cylinder-for-bonny-ced1250-7","status":"publish","type":"product","link":"https:\/\/www.hydraulic-cylinders.net\/sk\/produkt\/bucket-cylinder-for-bonny-ced1250-7\/","title":{"rendered":"Valec vedra pre Bonny CED1250-7"},"content":{"rendered":"<h2>Valec vedra pre Bonny CED1250-7<\/h2>\n<p>Hydraulick\u00fd valec ly\u017eice pre Bonny CED1250-7 je \u0161pecializovan\u00fd hydraulick\u00fd valec ur\u010den\u00fd na ovl\u00e1danie pohybu ly\u017eice v \u0165a\u017ek\u00fdch strojoch, ako s\u00fa bagre, r\u00fdpadlo-naklada\u010de a \u010deln\u00e9 naklada\u010de. Jeho hlavnou funkciou je umo\u017eni\u0165 zdv\u00edhanie, sp\u00fa\u0161\u0165anie a nakl\u00e1\u0148anie ly\u017eice, \u010do u\u013eah\u010duje r\u00f4zne \u00falohy manipul\u00e1cie s materi\u00e1lom. V hydraulickom syst\u00e9me dosahuje valec ly\u017eice presn\u00e9 ovl\u00e1danie ly\u017eice prostredn\u00edctvom zmien tlaku hydraulick\u00e9ho oleja, \u010do umo\u017e\u0148uje obsluhe efekt\u00edvne manipulova\u0165 s \u0165a\u017ek\u00fdmi bremenami a prisp\u00f4sobi\u0165 sa zlo\u017eit\u00fdm pracovn\u00fdm prostrediam a r\u00f4znorod\u00fdm po\u017eiadavk\u00e1m na pr\u00e1cu.<\/p>\n<p><img decoding=\"async\" src=\"https:\/\/www.hydraulic-cylinders.net\/wp-content\/uploads\/2025\/01\/songte-company-2.webp\"><\/p>\n<h3>Vlastnosti valca vedra:<\/h3>\n<ol>\n<li><strong>Vysok\u00e1 pevnos\u0165 a odolnos\u0165:<\/strong> Zvy\u010dajne je vyroben\u00fd z vysokopevnostnej ocele alebo hlin\u00edka, odol\u00e1 vysok\u00e9mu tlaku a \u0165a\u017ek\u00fdm za\u0165a\u017eeniam, \u010d\u00edm sa prisp\u00f4sob\u00ed n\u00e1ro\u010dn\u00fdm pracovn\u00fdm podmienkam. Kon\u0161trukcia zoh\u013ead\u0148uje odolnos\u0165 vo\u010di opotrebovaniu a kor\u00f3zii, \u010d\u00edm sa predl\u017euje \u017eivotnos\u0165.<\/li>\n<li><strong>Efekt\u00edvna hydraulick\u00e1 prev\u00e1dzka:<\/strong> V\u010faka tlaku hydraulick\u00e9ho oleja dosahuje plynul\u00e9 pohyby vys\u00favania a s\u0165ahovania, \u010d\u00edm poskytuje r\u00fdchlu odozvu na ovl\u00e1dacie povely a dod\u00e1va siln\u00e9 tla\u010dn\u00e9 a \u0165a\u017en\u00e9 sily, vhodn\u00e9 na manipul\u00e1ciu s \u0165a\u017ek\u00fdmi bremenami a zlo\u017eit\u00e9 pracovn\u00e9 \u00falohy.<\/li>\n<li><strong>R\u00f4zne typy:<\/strong> K dispoz\u00edcii s jedno\u010dinn\u00fdmi (hydraulicky ovl\u00e1dan\u00e9 iba v jednom smere) alebo dvoj\u010dinn\u00fdmi (hydraulicky ovl\u00e1dan\u00e9 v oboch smeroch) valcami, aby sp\u013a\u0148ali r\u00f4zne prev\u00e1dzkov\u00e9 po\u017eiadavky. Niektor\u00e9 modely s\u00fa teleskopick\u00e9, \u010do umo\u017e\u0148uje v\u00e4\u010d\u0161ie vysunutie bez zv\u00e4\u010d\u0161enia vonkaj\u0161\u00edch rozmerov, vhodn\u00e9 pre aplik\u00e1cie s obmedzen\u00fdm priestorom.<\/li>\n<li><strong>Dokonal\u00e1 n\u00e1hrada:<\/strong> N\u00e1\u0161 produkt dok\u00e1\u017ee dokonale nahradi\u0165 tieto hydraulick\u00e9 valce. <\/li>\n<\/ol>\n<p><img decoding=\"async\" src=\"https:\/\/www.hydraulic-cylinders.net\/wp-content\/uploads\/2025\/01\/songte-cylinder-head-with-all-kinds-excavator-models.webp\"><\/p>\n<h3>Pou\u017eitie valca s vedrom:<\/h3>\n<p>Valec s ko\u0161\u00edkom nach\u00e1dza uplatnenie v r\u00f4znych zariadeniach vr\u00e1tane:<\/p>\n<ol>\n<li><strong>Stavebn\u00e9 vybavenie:<\/strong> Nach\u00e1dzaj\u00fa sa v bagroch a s\u00fa k\u013e\u00fa\u010dov\u00e9 pre v\u00fdkopov\u00e9 pr\u00e1ce, nakladanie a premiest\u0148ovanie zeminy alebo sutiny. V r\u00fdpadlo-naklada\u010doch pom\u00e1ha valec ly\u017eice pri kopan\u00ed aj zdv\u00edhan\u00ed.<\/li>\n<li><strong>Po\u013enohospod\u00e1rske stroje:<\/strong> Pou\u017e\u00edva sa v \u010deln\u00fdch naklada\u010doch na naberanie, zdv\u00edhanie a prepravu p\u00f4dy, sena a in\u00fdch materi\u00e1lov.<\/li>\n<li><strong>R\u00fdpadl\u00e1:<\/strong> Valec ly\u017eice umo\u017e\u0148uje v\u00fdkopov\u00e9 pr\u00e1ce t\u00fdm, \u017ee umo\u017e\u0148uje ly\u017eici prenikn\u00fa\u0165 do p\u00f4dy.<\/li>\n<li><strong>\u010celn\u00e9 naklada\u010de:<\/strong> V \u010deln\u00fdch naklada\u010doch pom\u00e1haj\u00fa pri efekt\u00edvnom zdv\u00edhan\u00ed a nakl\u00e1\u0148an\u00ed tovaru.<\/li>\n<\/ol>\n<h3>\u00davahy o dizajne a krit\u00e9ri\u00e1 v\u00fdberu:<\/h3>\n<p>Pri navrhovan\u00ed valca s vedrom sa berie do \u00favahy nieko\u013eko faktorov a krit\u00e9ri\u00ed v\u00fdberu:<\/p>\n<ol>\n<li><strong>Nosnos\u0165:<\/strong> Valec je navrhnut\u00fd tak, aby odolal zam\u00fd\u0161\u013ean\u00e9mu za\u0165a\u017eeniu a prev\u00e1dzkov\u00fdm podmienkam.<\/li>\n<li><strong>Tesnenie:<\/strong> Na zabezpe\u010denie spr\u00e1vneho utesnenia a zabr\u00e1nenie \u00faniku oleja sa pou\u017e\u00edvaj\u00fa r\u00f4zne tesniace komponenty, ako s\u00fa tesnenia piestov a tesnenia ty\u010d\u00ed.<\/li>\n<li><strong>Trvanlivos\u0165:<\/strong> Valec je skon\u0161truovan\u00fd tak, aby odolal o\u010dak\u00e1van\u00e9mu opotrebovaniu po\u010das prev\u00e1dzky.<\/li>\n<li><strong>Bezpe\u010dnos\u0165:<\/strong> Bezpe\u010dnostn\u00e9 prvky s\u00fa zabudovan\u00e9 na predch\u00e1dzanie nehod\u00e1m a zaistenie ochrany obsluhy.<\/li>\n<li><strong>Udr\u017eiavate\u013enos\u0165:<\/strong> Kon\u0161trukcia valca umo\u017e\u0148uje jednoduch\u00fa \u00fadr\u017ebu a opravy, \u010d\u00edm sa minimalizuj\u00fa prestoje.<\/li>\n<\/ol>\n<p><img decoding=\"async\" src=\"https:\/\/www.hydraulic-cylinders.net\/wp-content\/uploads\/2025\/01\/songte-oil-pipes-and-spare-parts.webp\"><\/p>\n<h3>Tesnenie a mazanie:<\/h3>\n<p>Hydraulick\u00fd valec obsahuje r\u00f4zne tesniace komponenty, ako s\u00fa tesnenia piestov a tesnenia ty\u010d\u00ed, vyroben\u00e9 z materi\u00e1lov odoln\u00fdch vo\u010di opotrebovaniu, ako je polyuret\u00e1n a nitrilov\u00fd kau\u010duk. Teleso valca a z\u00e1vitov\u00e9 konce s\u00fa prec\u00edzne o\u0161etren\u00e9 na zv\u00fd\u0161enie odolnosti vo\u010di opotrebovaniu. Na zabezpe\u010denie hladk\u00e9ho chodu je potrebn\u00e9 pravideln\u00e9 mazanie vhodn\u00fdm mno\u017estvom hydraulick\u00e9ho oleja.<\/p>\n<h3>Pravideln\u00e1 kontrola a prevent\u00edvna \u00fadr\u017eba:<\/h3>\n<p>Pre zaistenie dlhej \u017eivotnosti a v\u00fdkonu valca s vedrom sa odpor\u00fa\u010da pravideln\u00e1 kontrola a prevent\u00edvna \u00fadr\u017eba. Patria sem:<\/p>\n<ol>\n<li>Pravidelne kontrolujte, \u010di nejav\u00ed zn\u00e1mky po\u0161kodenia alebo opotrebovania.<\/li>\n<li>Aplik\u00e1cia vhodn\u00e9ho mazania.<\/li>\n<li>V\u00fdmena tesnen\u00ed v pr\u00edpade potreby.<\/li>\n<li>Vykon\u00e1vanie kalibra\u010dn\u00fdch kontrol.<\/li>\n<\/ol>\n<h3>Spr\u00e1vny n\u00e1vod na in\u0161tal\u00e1ciu:<\/h3>\n<p>Pre spr\u00e1vnu in\u0161tal\u00e1ciu valca s vedrom postupujte pod\u013ea t\u00fdchto krokov:<\/p>\n<ol>\n<li>Po\u010das in\u0161tal\u00e1cie spr\u00e1vne zarovnajte valec.<\/li>\n<li>Na upevnenie valca pou\u017eite vhodn\u00e9 mont\u00e1\u017ene konzoly.<\/li>\n<\/ol>\n<p><img decoding=\"async\" src=\"https:\/\/www.hydraulic-cylinders.net\/wp-content\/uploads\/2025\/01\/songte-chushion-collar.webp\"><\/p>\n<h3>Bezpe\u010dnostn\u00e9 aspekty a faktory prostredia:<\/h3>\n<p>Pri pou\u017e\u00edvan\u00ed valca s vedrom je d\u00f4le\u017eit\u00e9 dodr\u017eiava\u0165 bezpe\u010dnostn\u00e9 opatrenia, aby sa predi\u0161lo nehod\u00e1m a zabezpe\u010dilo bezpe\u010dn\u00e9 pracovn\u00e9 prostredie.<\/p>\n<h3>Diagnostika por\u00fach a be\u017en\u00e9 probl\u00e9my:<\/h3>\n<p>Medzi be\u017en\u00e9 poruchy a probl\u00e9my, ktor\u00e9 sa m\u00f4\u017eu vyskytn\u00fa\u0165 s valcom vedra, patria:<\/p>\n<ol>\n<li>\u00danik hydraulick\u00e9ho oleja.<\/li>\n<li>Zn\u00ed\u017een\u00fd v\u00fdkon alebo nedostato\u010dn\u00e1 odozva.<\/li>\n<li>Abnorm\u00e1lny hluk po\u010das prev\u00e1dzky.<\/li>\n<\/ol>\n<p>Pri rie\u0161en\u00ed t\u00fdchto probl\u00e9mov a ich rie\u0161en\u00ed si pozrite nasleduj\u00face tipy a rie\u0161enia:<\/p>\n<h3>\u00dalohy \u00fadr\u017eby:<\/h3>\n<p>Medzi be\u017en\u00e9 \u00falohy \u00fadr\u017eby valca s vedrom patr\u00ed pravideln\u00e1 kontrola, spr\u00e1vne mazanie, v\u00fdmena tesnenia a kontroly kalibr\u00e1cie. Zd\u00f4raznite d\u00f4le\u017eitos\u0165 spr\u00e1vnej in\u0161tal\u00e1cie, mazania a nastavenia. Poskytnite pokyny na zarovnanie valca po\u010das in\u0161tal\u00e1cie a odporu\u010dte pou\u017eitie vhodn\u00fdch mont\u00e1\u017enych konzol na upevnenie valca. Navrhnite odpor\u00fa\u010dan\u00e9 postupy kontroly, opravy a v\u00fdmeny spolu s tipmi na pred\u013a\u017eenie \u017eivotnosti valca s vedrom.<\/p>\n<p><img decoding=\"async\" src=\"https:\/\/www.hydraulic-cylinders.net\/wp-content\/uploads\/2025\/01\/songte-bushings-with-all-kinds-of-excavator-models.webp\"><\/p>\n<p>Nezabudnite \u010dl\u00e1nok logicky usporiada\u0165, pre jednoduch\u0161iu navig\u00e1ciu pou\u017e\u00edva\u0165 podnadpisy, pre lep\u0161ie pochopenie zahrn\u00fa\u0165 relevantn\u00e9 obr\u00e1zky alebo grafy a zabezpe\u010di\u0165, aby bol obsah jasn\u00fd, stru\u010dn\u00fd a vhodn\u00fd pre \u010ditate\u013eov s r\u00f4znymi \u00farov\u0148ami technick\u00fdch znalost\u00ed.<\/p>\n<h2>O na\u0161ej spolo\u010dnosti<\/h2>\n<p>Sme v\u00fdrobcom n\u00e1hradn\u00fdch hydraulick\u00fdch valcov a jedn\u00fdm z popredn\u00fdch v\u00fdrobcov a ve\u013ekoobchodn\u00fdch distrib\u00fatorov na dom\u00e1com aj medzin\u00e1rodnom trhu. Na\u0161a spolo\u010dnos\u0165 dodr\u017eiava z\u00e1sady vynikaj\u00facej kvality a spolieha sa na strat\u00e9gie riadenia priemyselnej v\u00fdroby v prec\u00edzne vybaven\u00fdch v\u00fdrobn\u00fdch diel\u0148ach. V\u010faka technick\u00fdm talentom, \u0161pi\u010dkov\u00e9mu digit\u00e1lnemu v\u00fdrobn\u00e9mu zariadeniu a profesion\u00e1lnym testovac\u00edm syst\u00e9mom neust\u00e1le zlep\u0161ujeme na\u0161u v\u00fdrobn\u00fa platformu a zdokona\u013eujeme v\u00fdrobn\u00fa cestu pre kvalitu v\u00fdrobkov. M\u00e1me siln\u00e9 kreat\u00edvne schopnosti a sna\u017e\u00edme sa uspokoji\u0165 rozmanit\u00e9 potreby z\u00e1kazn\u00edkov s vysokou efektivitou, vysokou presnos\u0165ou a princ\u00edpmi vysokej kvality.<\/p>\n<p><img decoding=\"async\" src=\"https:\/\/hzpt.com\/wp-content\/uploads\/2024\/11\/songte-company-1.webp\"><\/p>\n<h3>Hlavn\u00e9 body na\u0161ej spolo\u010dnosti:<\/h3>\n<ol>\n<li>Profesionalita<\/li>\n<li>Medzin\u00e1rodn\u00e9 certifik\u00e1cie<\/li>\n<li>Slu\u017eby prisp\u00f4sobenia<\/li>\n<li>Pokro\u010dil\u00e9 v\u00fdrobn\u00e9 zariadenia<\/li>\n<li>Popredajn\u00e9 slu\u017eby<\/li>\n<\/ol>\n<p><img decoding=\"async\" src=\"https:\/\/www.hydraulic-cylinders.net\/wp-content\/uploads\/2025\/01\/songte-company-3.webp\"><\/p>\n<p>Autor: lyl<\/p>","protected":false},"excerpt":{"rendered":"<p>Bucket Cylinder For Bonny CED1250-7 The Bucket Cylinder for Bonny CED1250-7 is a specialized hydraulic cylinder designed for controlling the movement of the bucket in heavy machinery such as excavators, backhoe loaders, and front-end loaders. Its main function is to enable the lifting, lowering, and tilting of the bucket, facilitating various material handling tasks. In [&hellip;]<\/p>","protected":false},"featured_media":14778,"comment_status":"open","ping_status":"closed","template":"","meta":{"_et_pb_use_builder":"","_et_pb_old_content":"","_et_gb_content_width":""},"product_brand":[],"product_cat":[1494],"product_tag":[1495,1496],"class_list":{"0":"post-15934","1":"product","2":"type-product","3":"status-publish","4":"has-post-thumbnail","6":"product_cat-bucket-cylinders","7":"product_tag-bucket-cylinders","8":"product_tag-hydraulic-cylinders","10":"first","11":"instock","12":"shipping-taxable","13":"product-type-simple"},"amp_enabled":true,"_links":{"self":[{"href":"https:\/\/www.hydraulic-cylinders.net\/sk\/wp-json\/wp\/v2\/product\/15934","targetHints":{"allow":["GET"]}}],"collection":[{"href":"https:\/\/www.hydraulic-cylinders.net\/sk\/wp-json\/wp\/v2\/product"}],"about":[{"href":"https:\/\/www.hydraulic-cylinders.net\/sk\/wp-json\/wp\/v2\/types\/product"}],"replies":[{"embeddable":true,"href":"https:\/\/www.hydraulic-cylinders.net\/sk\/wp-json\/wp\/v2\/comments?post=15934"}],"wp:featuredmedia":[{"embeddable":true,"href":"https:\/\/www.hydraulic-cylinders.net\/sk\/wp-json\/wp\/v2\/media\/14778"}],"wp:attachment":[{"href":"https:\/\/www.hydraulic-cylinders.net\/sk\/wp-json\/wp\/v2\/media?parent=15934"}],"wp:term":[{"taxonomy":"product_brand","embeddable":true,"href":"https:\/\/www.hydraulic-cylinders.net\/sk\/wp-json\/wp\/v2\/product_brand?post=15934"},{"taxonomy":"product_cat","embeddable":true,"href":"https:\/\/www.hydraulic-cylinders.net\/sk\/wp-json\/wp\/v2\/product_cat?post=15934"},{"taxonomy":"product_tag","embeddable":true,"href":"https:\/\/www.hydraulic-cylinders.net\/sk\/wp-json\/wp\/v2\/product_tag?post=15934"}],"curies":[{"name":"pracovn\u00fd list","href":"https:\/\/api.w.org\/{rel}","templated":true}]}}