{"id":15940,"date":"2025-01-19T15:11:38","date_gmt":"2025-01-19T15:11:38","guid":{"rendered":"https:\/\/www.hydraulic-cylinders.net\/product\/bucket-cylinder-for-bonny-waydq50-5\/"},"modified":"2025-01-19T15:11:41","modified_gmt":"2025-01-19T15:11:41","slug":"bucket-cylinder-for-bonny-waydq50-5","status":"publish","type":"product","link":"https:\/\/www.hydraulic-cylinders.net\/sk\/produkt\/bucket-cylinder-for-bonny-waydq50-5\/","title":{"rendered":"Valec vedra pre Bonny WAYDQ50-5"},"content":{"rendered":"<h1>Valec vedra pre Bonny WAYDQ50-5<\/h1>\n<h2>\u00davod<\/h2>\n<p>Hydraulick\u00fd valec ly\u017eice pre Bonny WAYDQ50-5 je \u0161peci\u00e1lne navrhnut\u00fd hydraulick\u00fd valec, ktor\u00fd sa pou\u017e\u00edva predov\u0161etk\u00fdm na ovl\u00e1danie pohybu ly\u017eice v \u0165a\u017ek\u00fdch strojoch, ako s\u00fa r\u00fdpadl\u00e1, r\u00fdpadl\u00e1-naklada\u010de a \u010deln\u00e9 naklada\u010de. Jeho hlavnou funkciou je umo\u017eni\u0165 zdv\u00edhanie, sp\u00fa\u0161\u0165anie a nakl\u00e1\u0148anie ly\u017eice, \u010do u\u013eah\u010duje prepravu r\u00f4znych materi\u00e1lov. V hydraulickom syst\u00e9me valec ly\u017eice riadi presn\u00fd pohyb ly\u017eice zmenou tlaku hydraulick\u00e9ho oleja, \u010do umo\u017e\u0148uje obsluhe efekt\u00edvne manipulova\u0165 s \u0165a\u017ek\u00fdmi predmetmi a prisp\u00f4sobi\u0165 sa zlo\u017eit\u00fdm pracovn\u00fdm prostrediam a r\u00f4znym prev\u00e1dzkov\u00fdm po\u017eiadavk\u00e1m.<\/p>\n<p><img decoding=\"async\" src=\"https:\/\/www.hydraulic-cylinders.net\/wp-content\/uploads\/2025\/01\/songte-company-2.webp\" alt=\"Valec vedra pre Bonny WAYDQ50-5\"><\/p>\n<h2>Funkcie<\/h2>\n<ul>\n<li>Vysok\u00e1 pevnos\u0165 a odolnos\u0165: Zvy\u010dajne je vyroben\u00fd z vysokopevnostnej ocele alebo hlin\u00edka, odol\u00e1 vysok\u00e9mu tlaku a \u0165a\u017ek\u00fdm za\u0165a\u017eeniam, \u010d\u00edm sa prisp\u00f4sob\u00ed n\u00e1ro\u010dn\u00fdm pracovn\u00fdm podmienkam. Je navrhnut\u00fd s oh\u013eadom na odolnos\u0165 vo\u010di opotrebovaniu a kor\u00f3zii, \u010d\u00edm predl\u017euje \u017eivotnos\u0165.<\/li>\n<li>Efekt\u00edvna hydraulick\u00e1 prev\u00e1dzka: Plynul\u00e9 vys\u00favanie a zas\u00favanie sa dosahuje vyu\u017eit\u00edm tlaku hydraulick\u00e9ho oleja, ktor\u00fd poskytuje siln\u00fa tla\u010dn\u00fa a \u0165a\u017en\u00fa silu, vhodn\u00fa na manipul\u00e1ciu s \u0165a\u017ek\u00fdmi predmetmi a zlo\u017eit\u00e9 prev\u00e1dzkov\u00e9 \u00falohy.<\/li>\n<li>R\u00f4zne typy: Jedno\u010dinn\u00e9 (hydraulicky ovl\u00e1dan\u00e9 iba v jednom smere) alebo dvoj\u010dinn\u00e9 (hydraulicky ovl\u00e1dan\u00e9 v oboch smeroch) valce je mo\u017en\u00e9 vybra\u0165 pod\u013ea po\u017eiadaviek, aby sa splnili r\u00f4zne prev\u00e1dzkov\u00e9 potreby. Niektor\u00e9 modely s\u00fa teleskopick\u00e9, \u010do umo\u017e\u0148uje v\u00e4\u010d\u0161ie vysunutie bez zv\u00e4\u010d\u0161enia vonkaj\u0161\u00edch rozmerov, vhodn\u00e9 pre aplik\u00e1cie s obmedzen\u00fdm priestorom.<\/li>\n<li>Dokonal\u00e1 n\u00e1hrada: Na\u0161e produkty dok\u00e1\u017eu dokonale nahradi\u0165 tieto hydraulick\u00e9 valce.<\/li>\n<\/ul>\n<p><img decoding=\"async\" src=\"https:\/\/www.hydraulic-cylinders.net\/wp-content\/uploads\/2025\/01\/songte-cylinder-head-with-all-kinds-excavator-models.webp\" alt=\"Valec vedra pre Bonny WAYDQ50-5\"><\/p>\n<h2>Aplik\u00e1cie<\/h2>\n<p>Valec s ko\u0161\u00edkom pre Bonny WAYDQ50-5 sa d\u00e1 pou\u017ei\u0165 v r\u00f4znych odvetviach a stroj\u00e1rstve, okrem in\u00e9ho vr\u00e1tane:<\/p>\n<ul>\n<li>Stavebn\u00e9 zariadenia: S\u00fa nevyhnutn\u00e9 v bagroch na kopanie, nakladanie a premiest\u0148ovanie zeminy alebo sutiny. V r\u00fdpadlo-naklada\u010doch pom\u00e1haj\u00fa valce ko\u0161\u00edkov pri kopan\u00ed a zdv\u00edhan\u00ed. V \u010deln\u00fdch naklada\u010doch pom\u00e1haj\u00fa pri efekt\u00edvnom zdv\u00edhan\u00ed a vykladan\u00ed n\u00e1kladu.<\/li>\n<li>Po\u013enohospod\u00e1rske stroje: Pou\u017e\u00edvaj\u00fa sa v \u010deln\u00fdch naklada\u010doch na naberanie, zdv\u00edhanie a prepravu p\u00f4dy, sena a in\u00fdch materi\u00e1lov. V r\u00fdpadl\u00e1ch umo\u017e\u0148uje valec ly\u017eice kopanie t\u00fdm, \u017ee umo\u017e\u0148uje ly\u017eici prenikn\u00fa\u0165 do zeme.<\/li>\n<\/ul>\n<h2>Krit\u00e9ri\u00e1 n\u00e1vrhu a v\u00fdberu<\/h2>\n<p>Pri v\u00fdbere a navrhovan\u00ed valca vedra pre Bonny WAYDQ50-5 je potrebn\u00e9 zv\u00e1\u017ei\u0165 nieko\u013eko faktorov vr\u00e1tane:<\/p>\n<ul>\n<li>Nosnos\u0165: Odol\u00e1va vysok\u00e9mu tlaku a \u0165a\u017ek\u00fdm za\u0165a\u017eeniam.<\/li>\n<li>Tesnenie: Pou\u017e\u00edvajte r\u00f4zne tesnenia, ako s\u00fa tesnenia piestov, tesnenia ty\u010d\u00ed at\u010f. Tesnenia s\u00fa vyroben\u00e9 z materi\u00e1lov odoln\u00fdch vo\u010di opotrebovaniu, ako je polyuret\u00e1n a guma NBR; telo valca a povrch z\u00e1vitov\u00e9ho konca s\u00fa jemne opracovan\u00e9 pre zlep\u0161enie odolnosti vo\u010di opotrebovaniu.<\/li>\n<li>Trvanlivos\u0165: Pre pred\u013a\u017eenie \u017eivotnosti zv\u00e1\u017ete faktory, ako je odolnos\u0165 vo\u010di opotrebovaniu a odolnos\u0165 vo\u010di kor\u00f3zii.<\/li>\n<li>Bezpe\u010dnos\u0165: Zabezpe\u010dte, aby valec vedra mohol bezpe\u010dne fungova\u0165 v r\u00f4znych prostrediach a podmienkach.<\/li>\n<li>\u00dadr\u017eba: Zabezpe\u010di\u0165, aby sa \u00fadr\u017eba a opravy dali vykon\u00e1va\u0165 \u013eahko a efekt\u00edvne.<\/li>\n<\/ul>\n<p><img decoding=\"async\" src=\"https:\/\/www.hydraulic-cylinders.net\/wp-content\/uploads\/2025\/01\/songte-oil-pipes-and-spare-parts.webp\" alt=\"Valec vedra pre Bonny WAYDQ50-5\"><\/p>\n<h2>Tesnenie a mazanie<\/h2>\n<p>V valci vedra pre Bonny WAYDQ50-5 sa pou\u017e\u00edvaj\u00fa r\u00f4zne tesnenia, ako napr\u00edklad tesnenia piestov, tesnenia ty\u010d\u00ed at\u010f. Tesnenia s\u00fa vyroben\u00e9 z materi\u00e1lov odoln\u00fdch proti opotrebovaniu, ako je polyuret\u00e1n a guma NBR. Teleso valca a povrch z\u00e1vitu s\u00fa jemne opracovan\u00e9 pre zlep\u0161enie odolnosti proti opotrebovaniu. Pre plynul\u00fd chod je potrebn\u00e9 pravidelne prid\u00e1va\u0165 primeran\u00e9 mno\u017estvo hydraulick\u00e9ho oleja.<\/p>\n<h2>Kontrola a prevent\u00edvna \u00fadr\u017eba<\/h2>\n<p>Pravideln\u00e9 kontroly a prevent\u00edvna \u00fadr\u017eba s\u00fa nevyhnutn\u00e9 na zabezpe\u010denie spr\u00e1vnej funkcie a dlhej \u017eivotnosti valca vedra. \u00dalohy \u00fadr\u017eby m\u00f4\u017eu zah\u0155\u0148a\u0165:<\/p>\n<ul>\n<li>Pravideln\u00e9 kontroly<\/li>\n<li>Spr\u00e1vne mazanie<\/li>\n<li>V\u00fdmena tesnenia<\/li>\n<li>Kalibra\u010dn\u00e9 kontroly<\/li>\n<\/ul>\n<h2>Pokyny na in\u0161tal\u00e1ciu<\/h2>\n<p>Spr\u00e1vna in\u0161tal\u00e1cia je k\u013e\u00fa\u010dov\u00e1 pre zabezpe\u010denie spr\u00e1vnej prev\u00e1dzky a dlhej \u017eivotnosti valca. Na upevnenie valca sa odpor\u00fa\u010da pou\u017ei\u0165 vhodn\u00e9 mont\u00e1\u017ene konzoly. Je potrebn\u00e9 zd\u00f4razni\u0165 d\u00f4le\u017eitos\u0165 spr\u00e1vneho zarovnania valca. Na zabezpe\u010denie spr\u00e1vnej \u00fadr\u017eby zariadenia by sa mali dodr\u017eiava\u0165 odpor\u00fa\u010dan\u00e9 postupy kontroly, opravy a v\u00fdmeny. Na pred\u013a\u017eenie \u017eivotnosti s\u00fa k dispoz\u00edcii aj rekon\u0161truk\u010dn\u00e9 slu\u017eby a n\u00e1hradn\u00e9 diely.<\/p>\n<p><img decoding=\"async\" src=\"https:\/\/www.hydraulic-cylinders.net\/wp-content\/uploads\/2025\/01\/songte-chushion-collar.webp\" alt=\"Valec vedra pre Bonny WAYDQ50-5\"><\/p>\n<h2>Bezpe\u010dnostn\u00e9 aspekty a faktory prostredia<\/h2>\n<p>Pri pou\u017e\u00edvan\u00ed valca s vedrom pre Bonny WAYDQ50-5 je d\u00f4le\u017eit\u00e9 dodr\u017eiava\u0165 v\u0161etky bezpe\u010dnostn\u00e9 opatrenia, aby sa predi\u0161lo nehod\u00e1m. Pre zabezpe\u010denie spr\u00e1vnej funkcie a dlhej \u017eivotnosti zariadenia by sa mali zoh\u013eadni\u0165 aj faktory prostredia.<\/p>\n<h2>Rie\u0161enie probl\u00e9mov a be\u017en\u00e9 probl\u00e9my<\/h2>\n<p>Medzi be\u017en\u00e9 probl\u00e9my, ktor\u00e9 sa m\u00f4\u017eu vyskytn\u00fa\u0165 s valcom vedra, patria netesnosti, nedostato\u010dn\u00e1 sila a nespr\u00e1vne zarovnanie. Rie\u0161enie probl\u00e9mov je mo\u017en\u00e9 vykona\u0165 kontrolou valca, \u010di nie je vidite\u013en\u00fd, kontrolou tesnen\u00ed a zabezpe\u010den\u00edm spr\u00e1vneho mazania. Spr\u00e1vne prevent\u00edvne opatrenia m\u00f4\u017eu zn\u00ed\u017ei\u0165 pravdepodobnos\u0165 v\u00fdskytu t\u00fdchto probl\u00e9mov.<\/p>\n<p><img decoding=\"async\" src=\"https:\/\/www.hydraulic-cylinders.net\/wp-content\/uploads\/2025\/01\/songte-bushings-with-all-kinds-of-excavator-models.webp\" alt=\"Valec vedra pre Bonny WAYDQ50-5\"><\/p>\n<h2>O na\u0161ej spolo\u010dnosti<\/h2>\n<p>Sme popredn\u00fdm v\u00fdrobcom a ve\u013ekoobchodn\u00fdm distrib\u00fatorom hydraulick\u00fdch valcov na dom\u00e1com aj medzin\u00e1rodnom trhu. Riadime sa princ\u00edpom vynikaj\u00facej kvality a spoliehame sa na strat\u00e9giu industrializovan\u00e9ho riadenia v\u00fdroby sofistikovan\u00fdch v\u00fdrobn\u00fdch dieln\u00ed. Na\u0161a spolo\u010dnos\u0165 neust\u00e1le zlep\u0161uje v\u00fdrobn\u00fa platformu dielne od aplik\u00e1cie technick\u00fdch talentov, digit\u00e1lnych \u0161pi\u010dkov\u00fdch v\u00fdrobn\u00fdch zariaden\u00ed a\u017e po profesion\u00e1lne testovacie syst\u00e9my, a\u017e po zdokonalenie v\u00fdrobnej cesty zameranej na kvalitu v\u00fdrobkov a m\u00e1 siln\u00fa schopnos\u0165 vytv\u00e1ra\u0165 efekt\u00edvne, vysoko presn\u00e9 a vysoko kvalitn\u00e9 produkty, ktor\u00e9 sp\u013a\u0148aj\u00fa rozmanit\u00e9 potreby z\u00e1kazn\u00edkov.<\/p>\n<p><img decoding=\"async\" src=\"https:\/\/hzpt.com\/wp-content\/uploads\/2024\/11\/songte-company-1.webp\" alt=\"O na\u0161ej spolo\u010dnosti\"><\/p>\n<h3>Profesionalita<\/h3>\n<p>M\u00e1me t\u00edm sk\u00fasen\u00fdch in\u017einierov a technikov, ktor\u00ed sa venuj\u00fa poskytovaniu profesion\u00e1lnych slu\u017eieb a rie\u0161en\u00ed na\u0161im z\u00e1kazn\u00edkom.<\/p>\n<h3>Medzin\u00e1rodn\u00e9 certifik\u00e1cie<\/h3>\n<p>Na\u0161e v\u00fdrobky pre\u0161li certifik\u00e1ciami ISO9001, CE a \u010fal\u0161\u00edmi medzin\u00e1rodn\u00fdmi certifik\u00e1tmi, \u010do zaru\u010duje ich kvalitu a spo\u013eahlivos\u0165.<\/p>\n<h3>Slu\u017eby prisp\u00f4sobenia<\/h3>\n<p>Pon\u00fakame slu\u017eby prisp\u00f4sobenia, aby sme splnili \u0161pecifick\u00e9 po\u017eiadavky z\u00e1kazn\u00edkov, od n\u00e1vrhu a\u017e po v\u00fdrobu.<\/p>\n<h3>V\u00fdrobn\u00e9 zariadenia<\/h3>\n<p>Disponujeme najmodernej\u0161\u00edm v\u00fdrobn\u00fdm zariaden\u00edm, ktor\u00e9 zabezpe\u010duje kvalitu a presnos\u0165 na\u0161ich v\u00fdrobkov.<\/p>\n<h3>Popredajn\u00fd servis<\/h3>\n<p>Poskytujeme popredajn\u00fd servis, aby na\u0161i z\u00e1kazn\u00edci mohli na\u0161e produkty pou\u017e\u00edva\u0165 s istotou a d\u00f4verou.<\/p>\n<p>Autor: lyl<\/p>","protected":false},"excerpt":{"rendered":"<p>Bucket Cylinder for Bonny WAYDQ50-5 Introduction The bucket cylinder for Bonny WAYDQ50-5 is a specially designed hydraulic cylinder that is primarily used to control the motion of the bucket in heavy machinery such as excavators, backhoe excavators, and front loaders. Its main function is to enable the bucket to lift, lower, and tilt, making it [&hellip;]<\/p>","protected":false},"featured_media":14762,"comment_status":"open","ping_status":"closed","template":"","meta":{"_et_pb_use_builder":"","_et_pb_old_content":"","_et_gb_content_width":""},"product_brand":[],"product_cat":[1494],"product_tag":[1495,1496],"class_list":{"0":"post-15940","1":"product","2":"type-product","3":"status-publish","4":"has-post-thumbnail","6":"product_cat-bucket-cylinders","7":"product_tag-bucket-cylinders","8":"product_tag-hydraulic-cylinders","10":"first","11":"instock","12":"shipping-taxable","13":"product-type-simple"},"amp_enabled":true,"_links":{"self":[{"href":"https:\/\/www.hydraulic-cylinders.net\/sk\/wp-json\/wp\/v2\/product\/15940","targetHints":{"allow":["GET"]}}],"collection":[{"href":"https:\/\/www.hydraulic-cylinders.net\/sk\/wp-json\/wp\/v2\/product"}],"about":[{"href":"https:\/\/www.hydraulic-cylinders.net\/sk\/wp-json\/wp\/v2\/types\/product"}],"replies":[{"embeddable":true,"href":"https:\/\/www.hydraulic-cylinders.net\/sk\/wp-json\/wp\/v2\/comments?post=15940"}],"wp:featuredmedia":[{"embeddable":true,"href":"https:\/\/www.hydraulic-cylinders.net\/sk\/wp-json\/wp\/v2\/media\/14762"}],"wp:attachment":[{"href":"https:\/\/www.hydraulic-cylinders.net\/sk\/wp-json\/wp\/v2\/media?parent=15940"}],"wp:term":[{"taxonomy":"product_brand","embeddable":true,"href":"https:\/\/www.hydraulic-cylinders.net\/sk\/wp-json\/wp\/v2\/product_brand?post=15940"},{"taxonomy":"product_cat","embeddable":true,"href":"https:\/\/www.hydraulic-cylinders.net\/sk\/wp-json\/wp\/v2\/product_cat?post=15940"},{"taxonomy":"product_tag","embeddable":true,"href":"https:\/\/www.hydraulic-cylinders.net\/sk\/wp-json\/wp\/v2\/product_tag?post=15940"}],"curies":[{"name":"pracovn\u00fd list","href":"https:\/\/api.w.org\/{rel}","templated":true}]}}