{"id":15944,"date":"2025-01-19T15:11:55","date_gmt":"2025-01-19T15:11:55","guid":{"rendered":"https:\/\/www.hydraulic-cylinders.net\/product\/bucket-cylinder-for-nhig-bf6m2012c\/"},"modified":"2025-01-19T15:11:59","modified_gmt":"2025-01-19T15:11:59","slug":"bucket-cylinder-for-nhig-bf6m2012c","status":"publish","type":"product","link":"https:\/\/www.hydraulic-cylinders.net\/sk\/produkt\/bucket-cylinder-for-nhig-bf6m2012c\/","title":{"rendered":"Valec vedra pre NHIG BF6m2012C"},"content":{"rendered":"<h1>Valec vedra pre NHIG BF6m2012C<\/h1>\n<h2>\u00davod<\/h2>\n<p>Hydraulick\u00fd valec, tie\u017e zn\u00e1my ako hydraulick\u00fd valec, je \u0161peci\u00e1lne navrhnut\u00fd hydraulick\u00fd aktu\u00e1tor, ktor\u00fd sa pou\u017e\u00edva predov\u0161etk\u00fdm na ovl\u00e1danie pohybu ly\u017eice v \u0165a\u017ek\u00fdch strojoch, ako s\u00fa bagre, r\u00fdpadlo-naklada\u010de a \u010deln\u00e9 naklada\u010de. Jeho hlavnou funkciou je umo\u017eni\u0165 zdv\u00edhanie, sp\u00fa\u0161\u0165anie a nakl\u00e1\u0148anie ly\u017eice, \u010d\u00edm u\u013eah\u010duje r\u00f4zne \u00falohy manipul\u00e1cie s materi\u00e1lom. V hydraulickom syst\u00e9me dosahuje valec ly\u017eice presn\u00e9 ovl\u00e1danie ly\u017eice zmenou tlaku hydraulick\u00e9ho oleja, \u010do umo\u017e\u0148uje obsluhe efekt\u00edvne manipulova\u0165 s \u0165a\u017ek\u00fdmi bremenami a prisp\u00f4sobi\u0165 sa zlo\u017eit\u00fdm pracovn\u00fdm prostrediam a r\u00f4znym prev\u00e1dzkov\u00fdm po\u017eiadavk\u00e1m.<\/p>\n<p><img decoding=\"async\" src=\"https:\/\/www.hydraulic-cylinders.net\/wp-content\/uploads\/2025\/01\/songte-company-2.webp\"\/><\/p>\n<h2>Funkcie<\/h2>\n<ul>\n<li>Vysok\u00e1 pevnos\u0165 a odolnos\u0165: Zvy\u010dajne je vyroben\u00fd z vysokopevnostnej ocele alebo hlin\u00edka, odol\u00e1 vysok\u00e9mu tlaku a \u0165a\u017ek\u00fdm za\u0165a\u017eeniam, prisp\u00f4sob\u00ed sa n\u00e1ro\u010dn\u00fdm pracovn\u00fdm podmienkam a jeho kon\u0161trukcia zoh\u013ead\u0148uje odolnos\u0165 proti opotrebovaniu a kor\u00f3zii, \u010d\u00edm sa predl\u017euje jeho \u017eivotnos\u0165.<\/li>\n<li>Efekt\u00edvna hydraulick\u00e1 prev\u00e1dzka: Plynul\u00e9 vys\u00favanie a zas\u00favanie sa dosahuje vyu\u017eit\u00edm tlaku hydraulick\u00e9ho oleja, \u010do umo\u017e\u0148uje r\u00fdchlu reakciu na ovl\u00e1dacie povely a poskytuje siln\u00fa tla\u010dn\u00fa a \u0165a\u017en\u00fa silu vhodn\u00fa na manipul\u00e1ciu s \u0165a\u017ek\u00fdmi bremenami a zlo\u017eit\u00e9 prev\u00e1dzkov\u00e9 \u00falohy.<\/li>\n<li>R\u00f4zne typy: Pod\u013ea prev\u00e1dzkov\u00fdch po\u017eiadaviek je mo\u017en\u00e9 zvoli\u0165 jedno\u010dinn\u00e9 (hydraulika sa pou\u017e\u00edva iba v jednom smere) alebo dvoj\u010dinn\u00e9 (hydraulika sa pou\u017e\u00edva v dvoch smeroch) valce a niektor\u00e9 modely s\u00fa teleskopick\u00e9, \u010do umo\u017e\u0148uje v\u00e4\u010d\u0161ie vysunutie bez zv\u00e4\u010d\u0161enia vonkaj\u0161\u00edch rozmerov, vhodn\u00e9 pre aplik\u00e1cie s obmedzen\u00fdm priestorom.<\/li>\n<li>Vymenite\u013en\u00e9: N\u00e1\u0161 produkt dok\u00e1\u017ee dokonale nahradi\u0165 tieto hydraulick\u00e9 valce.<\/li>\n<\/ul>\n<p><img decoding=\"async\" src=\"https:\/\/www.hydraulic-cylinders.net\/wp-content\/uploads\/2025\/01\/songte-cylinder-head-with-all-kinds-excavator-models.webp\"\/><\/p>\n<h2>Aplik\u00e1cie<\/h2>\n<p>Valec s vedrom sa \u0161iroko pou\u017e\u00edva v r\u00f4znych oblastiach, ako napr\u00edklad:<\/p>\n<ul>\n<li>Stavebn\u00e9 zariadenia: Stavebn\u00e9 zariadenia, ako s\u00fa bagre, sa na ne spoliehaj\u00fa pri kopan\u00ed, nakladan\u00ed a premiest\u0148ovan\u00ed zeminy alebo sutiny a v r\u00fdpadlo-naklada\u010doch pom\u00e1ha valec lopaty pri kopan\u00ed aj zdv\u00edhan\u00ed.<\/li>\n<li>Po\u013enohospod\u00e1rske stroje: Pou\u017e\u00edvaj\u00fa sa v \u010deln\u00fdch naklada\u010doch na naberanie, zdv\u00edhanie a prepravu p\u00f4dy, sena a in\u00fdch materi\u00e1lov a v bagroch umo\u017e\u0148uje valec ly\u017eice kopanie t\u00fdm, \u017ee umo\u017e\u0148uje ly\u017eici prenikn\u00fa\u0165 do p\u00f4dy.<\/li>\n<li>Naklada\u010de: \u010celn\u00e9 naklada\u010de pom\u00e1haj\u00fa efekt\u00edvne zdv\u00edha\u0165 a vyklada\u0165 n\u00e1klad.<\/li>\n<\/ul>\n<p>Ni\u017e\u0161ie s\u00fa uveden\u00e9 podrobn\u00e9 aplik\u00e1cie valca s vedrom:<\/p>\n<ul>\n<li>Stavebn\u00e9 zariadenia: Valec ly\u017eice je nevyhnutn\u00fd pre r\u00fdpadl\u00e1 na kopanie, nakladanie a premiest\u0148ovanie zeminy alebo sutiny. V r\u00fdpadlo-naklada\u010doch pom\u00e1ha valec ly\u017eice pri kopan\u00ed aj zdv\u00edhan\u00ed. Valec ly\u017eice zohr\u00e1va d\u00f4le\u017eit\u00fa \u00falohu aj v buldoz\u00e9roch, \u0161mykom riaden\u00fdch naklada\u010doch a in\u00fdch stavebn\u00fdch zariadeniach.<\/li>\n<li>Po\u013enohospod\u00e1rske stroje: Valce kor\u010dekov s\u00fa nevyhnutn\u00e9 pre \u010deln\u00e9 naklada\u010de na naberanie, zdv\u00edhanie a prepravu p\u00f4dy, sena a in\u00fdch materi\u00e1lov. Zohr\u00e1vaj\u00fa tie\u017e d\u00f4le\u017eit\u00fa \u00falohu v po\u013enohospod\u00e1rskych traktoroch a in\u00fdch po\u013enohospod\u00e1rskych strojoch.<\/li>\n<li>Naklada\u010de: Valec ly\u017eice je nevyhnutn\u00fd pre \u010deln\u00e9 naklada\u010de na efekt\u00edvne zdv\u00edhanie a vykladanie n\u00e1kladu. Pou\u017e\u00edvaj\u00fa sa aj v in\u00fdch naklada\u010doch, ako s\u00fa \u0161mykom riaden\u00e9 naklada\u010de a kompaktn\u00e9 kolesov\u00e9 naklada\u010de.<\/li>\n<\/ul>\n<h2>\u00davahy o dizajne a krit\u00e9ri\u00e1 v\u00fdberu<\/h2>\n<p>Pri navrhovan\u00ed valcov s ko\u0161\u00edkom sa berie do \u00favahy nieko\u013eko faktorov, vr\u00e1tane:<\/p>\n<ul>\n<li>\u00danosnos\u0165: Valec kor\u010deka mus\u00ed by\u0165 schopn\u00fd odola\u0165 za\u0165a\u017eeniu, ktor\u00e9mu bude vystaven\u00fd, vr\u00e1tane dynamick\u00e9ho za\u0165a\u017eenia.<\/li>\n<li>Tesnenie: Valec vedra mus\u00ed by\u0165 schopn\u00fd udr\u017eiava\u0165 tesn\u00e9 utesnenie, aby sa zabr\u00e1nilo \u00faniku hydraulick\u00e9ho oleja.<\/li>\n<li>Trvanlivos\u0165: Valec vedra mus\u00ed by\u0165 navrhnut\u00fd tak, aby odol\u00e1val opotrebovaniu a kor\u00f3zii v n\u00e1ro\u010dn\u00fdch prev\u00e1dzkov\u00fdch podmienkach.<\/li>\n<li>Bezpe\u010dnos\u0165: Valec vedra mus\u00ed by\u0165 navrhnut\u00fd tak, aby sa minimalizovalo riziko neh\u00f4d a zranen\u00ed pre oper\u00e1torov a ostatn\u00fdch pracovn\u00edkov pracuj\u00facich v bl\u00edzkosti.<\/li>\n<li>\u00dadr\u017eba: Valec vedra mus\u00ed by\u0165 navrhnut\u00fd tak, aby umo\u017e\u0148oval jednoduch\u00fa \u00fadr\u017ebu a opravy vr\u00e1tane v\u00fdmeny opotrebovan\u00fdch alebo po\u0161koden\u00fdch komponentov.<\/li>\n<\/ul>\n<p><img decoding=\"async\" src=\"https:\/\/www.hydraulic-cylinders.net\/wp-content\/uploads\/2025\/01\/songte-oil-pipes-and-spare-parts.webp\"\/><\/p>\n<h2>Tesnenie a mazanie<\/h2>\n<p>V valcoch s vedrov\u00fdm motorom sa pou\u017e\u00edvaj\u00fa r\u00f4zne tesniace komponenty vr\u00e1tane tesnen\u00ed piestov, tesnen\u00ed ty\u010d\u00ed at\u010f. Tesnenia s\u00fa vyroben\u00e9 z materi\u00e1lov odoln\u00fdch vo\u010di opotrebovaniu, ako je polyuret\u00e1n a nitrilov\u00fd kau\u010duk. Teleso valca a povrch z\u00e1vitu s\u00fa jemne opracovan\u00e9, aby sa zlep\u0161ila odolnos\u0165 vo\u010di opotrebovaniu. Na zabezpe\u010denie hladk\u00e9ho chodu a pred\u013a\u017eenie \u017eivotnosti je potrebn\u00e9 aj pravideln\u00e9 mazanie.<\/p>\n<h2>\u00dadr\u017eba a opravy<\/h2>\n<p>Pre zabezpe\u010denie efekt\u00edvnej prev\u00e1dzky valca vedra je potrebn\u00e1 pravideln\u00e1 \u00fadr\u017eba. Medzi typick\u00e9 \u00falohy \u00fadr\u017eby patria:<\/p>\n<ul>\n<li>Pravideln\u00e9 kontroly: Skontrolujte hydraulick\u00fd valec, \u010di nie je opotrebovan\u00fd, po\u0161koden\u00fd alebo netesn\u00fd.<\/li>\n<li>Mazanie: Nama\u017ete valec, aby ste zabezpe\u010dili jeho plynul\u00fd chod.<\/li>\n<li>V\u00fdmena tesnenia: Vyme\u0148te opotrebovan\u00e9 alebo po\u0161koden\u00e9 tesnenia, aby ste predi\u0161li \u00faniku hydraulickej kvapaliny.<\/li>\n<li>Calibration check: Check the cylinder&#8217;s calibration to ensure it is functioning within acceptable limits.<\/li>\n<\/ul>\n<p>Proper installation is also essential for the bucket cylinder&#8217;s performance and life span. It is recommended to align the cylinder properly and use appropriate installation brackets to secure it. Recommended inspection, repair, and replacement procedures are available to help extend the life of the bucket cylinder.<\/p>\n<p><img decoding=\"async\" src=\"https:\/\/www.hydraulic-cylinders.net\/wp-content\/uploads\/2025\/01\/songte-chushion-collar.webp\"\/><\/p>\n<h2>Bezpe\u010dnostn\u00e9 aspekty a faktory prostredia<\/h2>\n<p>Pri obsluhe valca s vedrom by sa mali dodr\u017eiava\u0165 bezpe\u010dnostn\u00e9 opatrenia. Obsluha by mala by\u0165 vy\u0161kolen\u00e1 v bezpe\u010dnom pou\u017e\u00edvan\u00ed zariadenia a mala by nosi\u0165 vhodn\u00e9 osobn\u00e9 ochrann\u00e9 prostriedky. Mali by sa zoh\u013eadni\u0165 aj faktory prostredia, ako je teplota a vlhkos\u0165.<\/p>\n<h2>Rie\u0161enie probl\u00e9mov a be\u017en\u00e9 probl\u00e9my<\/h2>\n<p>Medzi be\u017en\u00e9 probl\u00e9my s valcom vedra patria netesnosti, nedostato\u010dn\u00fd v\u00fdkon a abnorm\u00e1lny hluk. Spr\u00e1vna diagnostika a strat\u00e9gie rie\u0161enia probl\u00e9mov m\u00f4\u017eu pom\u00f4c\u0165 zn\u00ed\u017ei\u0165 prestoje a n\u00e1klady na opravy. Pravideln\u00e1 \u00fadr\u017eba m\u00f4\u017ee tie\u017e pom\u00f4c\u0165 predch\u00e1dza\u0165 probl\u00e9mom sk\u00f4r, ako sa vyskytn\u00fa.<\/p>\n<p><img decoding=\"async\" src=\"https:\/\/www.hydraulic-cylinders.net\/wp-content\/uploads\/2025\/01\/songte-bushings-with-all-kinds-of-excavator-models.webp\"\/><\/p>\n<h2>O na\u0161ej spolo\u010dnosti<\/h2>\n<p>Sme v\u00fdrobcom n\u00e1hradn\u00fdch hydraulick\u00fdch valcov. Na\u0161a spolo\u010dnos\u0165 vyr\u00e1ba kompletn\u00fd sortiment produktov a stala sa jedn\u00fdm z popredn\u00fdch v\u00fdrobcov a ve\u013ekoobchodn\u00fdch distrib\u00fatorov hydraulick\u00fdch valcov na dom\u00e1com aj medzin\u00e1rodnom trhu. Dodr\u017eiavame princ\u00edp excelentnosti v kvalite, spoliehame sa na strat\u00e9giu industrializovan\u00e9ho riadenia v\u00fdroby v jemn\u00fdch v\u00fdrobn\u00fdch diel\u0148ach, neust\u00e1le zlep\u0161ujeme v\u00fdrobn\u00fa platformu dielne, zdokona\u013eujeme v\u00fdrobn\u00fa linku kvality produktov a m\u00e1me siln\u00e9 tvoriv\u00e9 schopnosti, aby sme uspokojili rozmanit\u00e9 potreby z\u00e1kazn\u00edkov s vysokou efektivitou, vysokou presnos\u0165ou a vysoko kvalitn\u00fdmi produktmi. <\/p>\n<p>Na\u0161a spolo\u010dnos\u0165 poskytuje profesion\u00e1lne, medzin\u00e1rodne certifikovan\u00e9, prisp\u00f4soben\u00e9 slu\u017eby, modern\u00e9 v\u00fdrobn\u00e9 zariadenia a popredajn\u00fd servis at\u010f. <\/p>\n<p><img decoding=\"async\" src=\"https:\/\/hzpt.com\/wp-content\/uploads\/2024\/11\/songte-company-1.webp\"\/> <\/p>\n<p>Autor: lyl<\/p>","protected":false},"excerpt":{"rendered":"<p>Bucket Cylinder For NHIG BF6m2012C Introduction The bucket cylinder, also known as the hydraulic cylinder, is a specially designed hydraulic actuator that is primarily used to control the movement of the bucket in heavy machinery such as excavators, backhoe loaders, and front-end loaders. Its main function is to enable the bucket to lift, lower, and [&hellip;]<\/p>","protected":false},"featured_media":14787,"comment_status":"open","ping_status":"closed","template":"","meta":{"_et_pb_use_builder":"","_et_pb_old_content":"","_et_gb_content_width":""},"product_brand":[],"product_cat":[1494],"product_tag":[1495,1496],"class_list":{"0":"post-15944","1":"product","2":"type-product","3":"status-publish","4":"has-post-thumbnail","6":"product_cat-bucket-cylinders","7":"product_tag-bucket-cylinders","8":"product_tag-hydraulic-cylinders","10":"first","11":"instock","12":"shipping-taxable","13":"product-type-simple"},"amp_enabled":true,"_links":{"self":[{"href":"https:\/\/www.hydraulic-cylinders.net\/sk\/wp-json\/wp\/v2\/product\/15944","targetHints":{"allow":["GET"]}}],"collection":[{"href":"https:\/\/www.hydraulic-cylinders.net\/sk\/wp-json\/wp\/v2\/product"}],"about":[{"href":"https:\/\/www.hydraulic-cylinders.net\/sk\/wp-json\/wp\/v2\/types\/product"}],"replies":[{"embeddable":true,"href":"https:\/\/www.hydraulic-cylinders.net\/sk\/wp-json\/wp\/v2\/comments?post=15944"}],"wp:featuredmedia":[{"embeddable":true,"href":"https:\/\/www.hydraulic-cylinders.net\/sk\/wp-json\/wp\/v2\/media\/14787"}],"wp:attachment":[{"href":"https:\/\/www.hydraulic-cylinders.net\/sk\/wp-json\/wp\/v2\/media?parent=15944"}],"wp:term":[{"taxonomy":"product_brand","embeddable":true,"href":"https:\/\/www.hydraulic-cylinders.net\/sk\/wp-json\/wp\/v2\/product_brand?post=15944"},{"taxonomy":"product_cat","embeddable":true,"href":"https:\/\/www.hydraulic-cylinders.net\/sk\/wp-json\/wp\/v2\/product_cat?post=15944"},{"taxonomy":"product_tag","embeddable":true,"href":"https:\/\/www.hydraulic-cylinders.net\/sk\/wp-json\/wp\/v2\/product_tag?post=15944"}],"curies":[{"name":"pracovn\u00fd list","href":"https:\/\/api.w.org\/{rel}","templated":true}]}}