{"id":15950,"date":"2025-01-19T15:12:27","date_gmt":"2025-01-19T15:12:27","guid":{"rendered":"https:\/\/www.hydraulic-cylinders.net\/product\/bucket-cylinder-for-bada-wys40\/"},"modified":"2025-01-19T15:12:29","modified_gmt":"2025-01-19T15:12:29","slug":"bucket-cylinder-for-bada-wys40","status":"publish","type":"product","link":"https:\/\/www.hydraulic-cylinders.net\/sk\/produkt\/bucket-cylinder-for-bada-wys40\/","title":{"rendered":"Valec vedra pre Bada WYS40"},"content":{"rendered":"<h1>Valec vedra pre Bada WYS40<\/h1>\n<h2>\u00davod<\/h2>\n<p>Hydraulick\u00fd valec ly\u017eice je \u0161pecializovan\u00fd hydraulick\u00fd valec ur\u010den\u00fd na ovl\u00e1danie pohybu ly\u017eice v \u0165a\u017ek\u00fdch strojoch, ako s\u00fa bagre, r\u00fdpadl\u00e1-naklada\u010de a \u010deln\u00e9 naklada\u010de. Jeho hlavnou funkciou je umo\u017eni\u0165 zdv\u00edhanie, sp\u00fa\u0161\u0165anie a nakl\u00e1\u0148anie ly\u017eice, \u010do u\u013eah\u010duje vykon\u00e1vanie r\u00f4znych \u00faloh manipul\u00e1cie s materi\u00e1lom. V hydraulickom syst\u00e9me valec ly\u017eice vyu\u017e\u00edva zmenu tlaku hydraulick\u00e9ho oleja na presn\u00e9 ovl\u00e1danie ly\u017eice, \u010do umo\u017e\u0148uje obsluhe efekt\u00edvne manipulova\u0165 s \u0165a\u017ek\u00fdmi bremenami a prisp\u00f4sobi\u0165 sa zlo\u017eit\u00fdm pracovn\u00fdm prostrediam a r\u00f4znorod\u00fdm po\u017eiadavk\u00e1m pr\u00e1ce.<\/p>\n<p><img decoding=\"async\" src=\"https:\/\/www.hydraulic-cylinders.net\/wp-content\/uploads\/2025\/01\/songte-company-2.webp\" alt=\"Obr\u00e1zok valca vedra\"><\/p>\n<h2>Funkcie<\/h2>\n<ul>\n<li>Vysok\u00e1 pevnos\u0165 a odolnos\u0165: Zvy\u010dajne je vyroben\u00fd z vysokopevnostnej ocele alebo hlin\u00edka, odol\u00e1 vysok\u00e9mu tlaku a \u0165a\u017ek\u00fdm za\u0165a\u017eeniam, prisp\u00f4sob\u00ed sa n\u00e1ro\u010dn\u00fdm pracovn\u00fdm podmienkam a je navrhnut\u00fd tak, aby odol\u00e1val opotrebovaniu a kor\u00f3zii, \u010d\u00edm sa pred\u013a\u017ei \u017eivotnos\u0165.<\/li>\n<li>Efekt\u00edvne hydraulick\u00e9 oper\u00e1cie: V\u010faka tlaku hydraulick\u00e9ho oleja na dosiahnutie plynul\u00e9ho roz\u0165ahovania a s\u0165ahovania dok\u00e1\u017ee r\u00fdchlo reagova\u0165 na ovl\u00e1dacie pr\u00edkazy, poskytova\u0165 siln\u00e9 tla\u010dn\u00e9 a \u0165a\u017en\u00e9 sily a je vhodn\u00fd na manipul\u00e1ciu s \u0165a\u017ek\u00fdmi bremenami a zlo\u017eit\u00fdmi pracovn\u00fdmi \u00falohami.<\/li>\n<li>R\u00f4zne typy: Jedno\u010dinn\u00e9 (hydraulicky ovl\u00e1dan\u00e9 iba v jednom smere) alebo dvoj\u010dinn\u00e9 (hydraulicky ovl\u00e1dan\u00e9 v oboch smeroch) valce je mo\u017en\u00e9 vybra\u0165 pod\u013ea potrieb, aby sa splnili r\u00f4zne prev\u00e1dzkov\u00e9 po\u017eiadavky. Niektor\u00e9 modely s\u00fa teleskopick\u00e9, \u010do umo\u017e\u0148uje v\u00e4\u010d\u0161ie vysunutie bez zv\u00e4\u010d\u0161enia vonkaj\u0161\u00edch rozmerov, vhodn\u00e9 pre aplik\u00e1cie s obmedzen\u00fdm priestorom.<\/li>\n<li>M\u00f4\u017ee sa pou\u017ei\u0165 ako n\u00e1hrada za in\u00e9 hydraulick\u00e9 valce.<\/li>\n<li>Jednoduch\u00e1 in\u0161tal\u00e1cia a \u00fadr\u017eba.<\/li>\n<\/ul>\n<p><img decoding=\"async\" src=\"https:\/\/www.hydraulic-cylinders.net\/wp-content\/uploads\/2025\/01\/songte-cylinder-head-with-all-kinds-excavator-models.webp\" alt=\"Obr\u00e1zok valca vedra\"><\/p>\n<h2>Aplik\u00e1cie<\/h2>\n<p>Valec vedra sa \u0161iroko pou\u017e\u00edva v r\u00f4znych \u0165a\u017ek\u00fdch strojoch vr\u00e1tane:<\/p>\n<ul>\n<li>Stavebn\u00e9 zariadenia: V bagroch s\u00fa nevyhnutn\u00e9 pre v\u00fdkopov\u00e9 pr\u00e1ce, nakladanie a premiest\u0148ovanie zeminy alebo sutiny. V r\u00fdpadlov\u00fdch bagroch pom\u00e1ha valec ko\u0161\u00edka pri v\u00fdkopov\u00fdch pr\u00e1cach aj zdv\u00edhan\u00ed. <\/li>\n<li>Po\u013enohospod\u00e1rske stroje: Pou\u017e\u00edvaj\u00fa sa v \u010deln\u00fdch naklada\u010doch na naberanie, zdv\u00edhanie a prepravu p\u00f4dy, sena a in\u00fdch materi\u00e1lov. <\/li>\n<li>R\u00fdpadl\u00e1: Valce ko\u0161\u00edkov dosahuj\u00fa v\u00fdkopov\u00e9 \u010dinnosti t\u00fdm, \u017ee umo\u017e\u0148uj\u00fa ko\u0161\u00edkom prenikn\u00fa\u0165 do p\u00f4dy. <\/li>\n<li>Naklada\u010de: \u010celn\u00e9 naklada\u010de pom\u00e1haj\u00fa efekt\u00edvne zdv\u00edha\u0165 a vyklada\u0165 tovar.<\/li>\n<\/ul>\n<p>Ka\u017ed\u00e1 aplik\u00e1cia valca je podrobne op\u00edsan\u00e1 ni\u017e\u0161ie:<\/p>\n<h3>Stavebn\u00e9 stroje<\/h3>\n<p>Valce ko\u0161\u00edkov zohr\u00e1vaj\u00fa v r\u00fdpadl\u00e1ch k\u013e\u00fa\u010dov\u00fa \u00falohu, preto\u017ee s\u00fa zodpovedn\u00e9 za kopanie, naberanie a premiest\u0148ovanie zeminy a sutiny. Umo\u017e\u0148uj\u00fa r\u00fdpadl\u00e1m efekt\u00edvne vykon\u00e1va\u0165 svoju pr\u00e1cu a zvl\u00e1da\u0165 aj tie najn\u00e1ro\u010dnej\u0161ie v\u00fdkopov\u00e9 pr\u00e1ce. R\u00fdpadl\u00e1-bagre tie\u017e pou\u017e\u00edvaj\u00fa valce ko\u0161\u00edkov na pomoc pri v\u00fdkopov\u00fdch pr\u00e1cach a zdv\u00edhan\u00ed. V t\u00fdchto strojoch je valec n\u00e1strojom na riadenie pohybu a polohy ko\u0161\u00edka, \u010do umo\u017e\u0148uje obsluhe dosahova\u0165 presn\u00e9 v\u00fdsledky.<\/p>\n<h3>Po\u013enohospod\u00e1rske stroje<\/h3>\n<p>Valce ly\u017e\u00edc sa pou\u017e\u00edvaj\u00fa v \u010deln\u00fdch naklada\u010doch na naberanie, zdv\u00edhanie a prepravu p\u00f4dy, sena a in\u00fdch materi\u00e1lov. Valec umo\u017e\u0148uje naklada\u010du vykon\u00e1va\u0165 tieto \u00falohy efekt\u00edvne a s ve\u013ekou presnos\u0165ou. Ovl\u00e1dan\u00edm polohy a pohybu ly\u017eice umo\u017e\u0148uje valec naklada\u010du zdv\u00edha\u0165 a prepravova\u0165 aj tie naj\u0165a\u017e\u0161ie bremen\u00e1.<\/p>\n<h3>R\u00fdpadl\u00e1<\/h3>\n<p>V r\u00fdpadl\u00e1ch umo\u017e\u0148uje valec ly\u017eice prenikn\u00fa\u0165 do p\u00f4dy a dosiahnu\u0165 tak v\u00fdkopov\u00e9 pr\u00e1ce. Valec riadi pohyb a polohu ly\u017eice, \u010do umo\u017e\u0148uje obsluhe dosiahnu\u0165 presn\u00e9 v\u00fdsledky. R\u00fdpadl\u00e1 sa pou\u017e\u00edvaj\u00fa v \u0161irokej \u0161k\u00e1le aplik\u00e1ci\u00ed vr\u00e1tane ban\u00edctva, stavebn\u00edctva a demol\u00e1ci\u00ed.<\/p>\n<h3>Naklada\u010de<\/h3>\n<p>\u010celn\u00e9 naklada\u010de pou\u017e\u00edvaj\u00fa valce ly\u017eice na efekt\u00edvne zdv\u00edhanie a vykladanie tovaru. Ovl\u00e1dan\u00edm pohybu a polohy ly\u017eice umo\u017e\u0148uje valec naklada\u010du \u013eahko manipulova\u0165 s \u0165a\u017ek\u00fdmi bremenami. Naklada\u010de sa pou\u017e\u00edvaj\u00fa v \u0161irokej \u0161k\u00e1le aplik\u00e1ci\u00ed vr\u00e1tane po\u013enohospod\u00e1rstva, stavebn\u00edctva a ban\u00edctva.<\/p>\n<h2>\u00davahy o dizajne a krit\u00e9ri\u00e1 v\u00fdberu<\/h2>\n<p>Pri navrhovan\u00ed valcov s kore\u010dkami je potrebn\u00e9 zv\u00e1\u017ei\u0165 faktory, ako je nosnos\u0165, tesnenie, trvanlivos\u0165, bezpe\u010dnos\u0165 a \u00fadr\u017eba. Ni\u017e\u0161ie s\u00fa uveden\u00e9 kon\u0161truk\u010dn\u00e9 aspekty:<\/p>\n<ul>\n<li>Nosnos\u0165: Valec by mal by\u0165 navrhnut\u00fd tak, aby odolal maxim\u00e1lnemu za\u0165a\u017eeniu, ktor\u00e9mu bude vystaven\u00fd.<\/li>\n<li>Tesnenie: Na zabr\u00e1nenie \u00faniku hydraulickej kvapaliny a zabezpe\u010denie plynul\u00e9ho chodu by sa mali pou\u017e\u00edva\u0165 vysokokvalitn\u00e9 tesniace materi\u00e1ly.<\/li>\n<li>Trvanlivos\u0165: Valec by mal by\u0165 navrhnut\u00fd tak, aby odolal n\u00e1ro\u010dn\u00e9mu pracovn\u00e9mu prostrediu a minimalizoval opotrebenie.<\/li>\n<li>Bezpe\u010dnos\u0165: Valec by mal by\u0165 navrhnut\u00fd tak, aby zabezpe\u010dil bezpe\u010dnos\u0165 obsluhy a predi\u0161iel nehod\u00e1m.<\/li>\n<li>\u00dadr\u017eba: F\u013ea\u0161a by mala by\u0165 \u013eahko udr\u017eiavate\u013en\u00e1, s vymenite\u013en\u00fdmi dielmi a jasn\u00fdmi pokynmi na postupy \u00fadr\u017eby.<\/li>\n<\/ul>\n<p><img decoding=\"async\" src=\"https:\/\/www.hydraulic-cylinders.net\/wp-content\/uploads\/2025\/01\/songte-oil-pipes-and-spare-parts.webp\" alt=\"Obr\u00e1zok valca vedra\"><\/p>\n<h2>Tesnenie a mazanie<\/h2>\n<p>Na zabezpe\u010denie tesnenia valca by sa mali pou\u017e\u00edva\u0165 r\u00f4zne tesnenia, ako napr\u00edklad tesnenia piestov a tesnenia ty\u010d\u00ed. Tesnenia by mali by\u0165 vyroben\u00e9 z materi\u00e1lov odoln\u00fdch vo\u010di opotrebovaniu, ako je polyuret\u00e1n a nitrilov\u00fd kau\u010duk, aby sa zabezpe\u010dila dlh\u00e1 \u017eivotnos\u0165. Valec by mal by\u0165 navrhnut\u00fd s jemne opracovan\u00fdm telesom valca a z\u00e1vitov\u00fdm koncom, aby sa zlep\u0161ila odolnos\u0165 vo\u010di opotrebovaniu. Pravideln\u00e9 mazanie hydraulick\u00fdm olejom je nevyhnutn\u00e9 na zabezpe\u010denie hladk\u00e9ho chodu a pred\u013a\u017eenie \u017eivotnosti valca.<\/p>\n<h2>\u00dadr\u017eba a opravy<\/h2>\n<p>Na zabezpe\u010denie spr\u00e1vneho fungovania valca a pred\u013a\u017eenie jeho \u017eivotnosti je potrebn\u00e1 pravideln\u00e1 \u00fadr\u017eba a opravy. Medzi be\u017en\u00e9 \u00falohy \u00fadr\u017eby patr\u00ed pravideln\u00e1 kontrola, vhodn\u00e9 mazanie, v\u00fdmena tesnen\u00ed a kontroly kalibr\u00e1cie. Spr\u00e1vna in\u0161tal\u00e1cia, mazanie a nastavenie s\u00fa nevyhnutn\u00e9 na zabezpe\u010denie spr\u00e1vneho fungovania valca. Na upevnenie valca sa odpor\u00fa\u010da pou\u017ei\u0165 vhodn\u00e9 mont\u00e1\u017ene konzoly. Mali by sa dodr\u017eiava\u0165 odpor\u00fa\u010dan\u00e9 postupy kontroly, opravy a v\u00fdmeny a v pr\u00edpade potreby by sa mali na pred\u013a\u017eenie \u017eivotnosti valca vyu\u017ei\u0165 slu\u017eby rekon\u0161trukcie.<\/p>\n<p><img decoding=\"async\" src=\"https:\/\/www.hydraulic-cylinders.net\/wp-content\/uploads\/2025\/01\/songte-chushion-collar.webp\" alt=\"Obr\u00e1zok valca vedra\"><\/p>\n<h2>Bezpe\u010dnostn\u00e9 a environment\u00e1lne aspekty<\/h2>\n<p>Pri pou\u017e\u00edvan\u00ed valca s vedrom by sa mali prija\u0165 bezpe\u010dnostn\u00e9 opatrenia na predch\u00e1dzanie nehod\u00e1m. Je nevyhnutn\u00e9 dodr\u017eiava\u0165 pokyny v\u00fdrobcu a zabezpe\u010di\u0165, aby bol valec spr\u00e1vne nain\u0161talovan\u00fd, pravidelne udr\u017eiavan\u00fd a \u010dasto kontrolovan\u00fd. Opatrn\u00e1 manipul\u00e1cia s valcom a nosenie ochrann\u00fdch prostriedkov m\u00f4\u017ee pom\u00f4c\u0165 predch\u00e1dza\u0165 nehod\u00e1m. Pri pou\u017e\u00edvan\u00ed valca by sa mali zv\u00e1\u017ei\u0165 aj faktory prostredia. Na minimaliz\u00e1ciu vplyvu na \u017eivotn\u00e9 prostredie je nevyhnutn\u00e1 spr\u00e1vna likvid\u00e1cia hydraulick\u00e9ho oleja a in\u00fdch nebezpe\u010dn\u00fdch materi\u00e1lov.<\/p>\n<h2>Diagnostika por\u00fach a rie\u0161enie probl\u00e9mov<\/h2>\n<p>Medzi be\u017en\u00e9 probl\u00e9my s valcom vedra patr\u00ed netesnos\u0165, pomal\u00fd alebo nereaguj\u00faci pohyb a abnorm\u00e1lny hluk. Na diagnostiku a rie\u0161enie t\u00fdchto probl\u00e9mov je potrebn\u00e9 pravidelne kontrolova\u0165 valec a na identifik\u00e1ciu probl\u00e9mu pou\u017ei\u0165 vhodn\u00e9 n\u00e1stroje. Pravideln\u00e1 \u00fadr\u017eba a opravy m\u00f4\u017eu pom\u00f4c\u0165 predch\u00e1dza\u0165 t\u00fdmto probl\u00e9mom.<\/p>\n<h2>Predstavenie spolo\u010dnosti<\/h2>\n<p>Sme v\u00fdrobcom n\u00e1hradn\u00fdch hydraulick\u00fdch valcov a pon\u00fakame komplexn\u00fd sortiment produktov a slu\u017eieb, ktor\u00e9 uspokojuj\u00fa rozmanit\u00e9 potreby na\u0161ich z\u00e1kazn\u00edkov. So zameran\u00edm na vynikaj\u00facu kvalitu sa spoliehame na prepracovan\u00fa v\u00fdrobn\u00fa diel\u0148u a industrializovan\u00e9 strat\u00e9gie riadenia v\u00fdroby, aby sme neust\u00e1le zlep\u0161ovali na\u0161u v\u00fdrobn\u00fa platformu a zdokona\u013eovali na\u0161u v\u00fdrobn\u00fa linku na zabezpe\u010dovanie kvality produktov. M\u00e1me siln\u00fa schopnos\u0165 vytv\u00e1ra\u0165 vysoko efekt\u00edvne, presn\u00e9 a kvalitn\u00e9 produkty, ktor\u00e9 sp\u013a\u0148aj\u00fa rozmanit\u00e9 potreby na\u0161ich z\u00e1kazn\u00edkov.<\/p>\n<p>Na\u0161a spolo\u010dnos\u0165 sa vyzna\u010duje:<\/p>\n<ul>\n<li>Profesionalita: M\u00e1me t\u00edm vysoko kvalifikovan\u00fdch odborn\u00edkov, ktor\u00ed s\u00fa expertmi na n\u00e1vrh a v\u00fdrobu hydraulick\u00fdch valcov.<\/li>\n<li>Medzin\u00e1rodn\u00e1 certifik\u00e1cia: Na\u0161e v\u00fdrobky boli certifikovan\u00e9 r\u00f4znymi medzin\u00e1rodn\u00fdmi organiz\u00e1ciami, \u010do zaru\u010duje ich kvalitu a bezpe\u010dnos\u0165.<\/li>\n<li>Slu\u017eby prisp\u00f4sobenia: Poskytujeme slu\u017eby na mieru, ktor\u00e9 sp\u013a\u0148aj\u00fa \u0161pecifick\u00e9 potreby na\u0161ich z\u00e1kazn\u00edkov.<\/li>\n<li>V\u00fdrobn\u00e9 zariadenia: M\u00e1me modern\u00e9 v\u00fdrobn\u00e9 zariadenia a testovacie syst\u00e9my, aby sme zabezpe\u010dili kvalitu na\u0161ich v\u00fdrobkov.<\/li>\n<li>Popredajn\u00fd servis: Poskytujeme komplexn\u00fd popredajn\u00fd servis vr\u00e1tane \u00fadr\u017eby, opr\u00e1v a v\u00fdmeny dielov.<\/li>\n<\/ul>\n<p><img decoding=\"async\" src=\"https:\/\/hzpt.com\/wp-content\/uploads\/2024\/11\/songte-company-1.webp\" alt=\"Obr\u00e1zok valca vedra\"><\/p>\n<p>Zaviazali sme sa poskytova\u0165 na\u0161im z\u00e1kazn\u00edkom tie najlep\u0161ie produkty a slu\u017eby a neust\u00e1le sa sna\u017e\u00edme zlep\u0161ova\u0165 na\u0161e v\u00fdrobn\u00e9 kapacity a kvalitu produktov. Na\u0161\u00edm cie\u013eom je sta\u0165 sa popredn\u00fdm v\u00fdrobcom a ve\u013ekoobchodn\u00edkom hydraulick\u00fdch valcov na dom\u00e1com aj medzin\u00e1rodnom trhu.<\/p>\n<p><em>Autor: lyl<\/em><\/p>","protected":false},"excerpt":{"rendered":"<p>Bucket Cylinder For Bada WYS40 Introduction The bucket cylinder is a specialized hydraulic cylinder designed for controlling the movement of the bucket in heavy machinery such as excavators, backhoe excavators, and front-end loaders. Its primary function is to enable the bucket to lift, lower, and tilt, making it easier to handle various material handling tasks. [&hellip;]<\/p>","protected":false},"featured_media":14776,"comment_status":"open","ping_status":"closed","template":"","meta":{"_et_pb_use_builder":"","_et_pb_old_content":"","_et_gb_content_width":""},"product_brand":[],"product_cat":[1494],"product_tag":[1495,1496],"class_list":{"0":"post-15950","1":"product","2":"type-product","3":"status-publish","4":"has-post-thumbnail","6":"product_cat-bucket-cylinders","7":"product_tag-bucket-cylinders","8":"product_tag-hydraulic-cylinders","10":"first","11":"instock","12":"shipping-taxable","13":"product-type-simple"},"amp_enabled":true,"_links":{"self":[{"href":"https:\/\/www.hydraulic-cylinders.net\/sk\/wp-json\/wp\/v2\/product\/15950","targetHints":{"allow":["GET"]}}],"collection":[{"href":"https:\/\/www.hydraulic-cylinders.net\/sk\/wp-json\/wp\/v2\/product"}],"about":[{"href":"https:\/\/www.hydraulic-cylinders.net\/sk\/wp-json\/wp\/v2\/types\/product"}],"replies":[{"embeddable":true,"href":"https:\/\/www.hydraulic-cylinders.net\/sk\/wp-json\/wp\/v2\/comments?post=15950"}],"wp:featuredmedia":[{"embeddable":true,"href":"https:\/\/www.hydraulic-cylinders.net\/sk\/wp-json\/wp\/v2\/media\/14776"}],"wp:attachment":[{"href":"https:\/\/www.hydraulic-cylinders.net\/sk\/wp-json\/wp\/v2\/media?parent=15950"}],"wp:term":[{"taxonomy":"product_brand","embeddable":true,"href":"https:\/\/www.hydraulic-cylinders.net\/sk\/wp-json\/wp\/v2\/product_brand?post=15950"},{"taxonomy":"product_cat","embeddable":true,"href":"https:\/\/www.hydraulic-cylinders.net\/sk\/wp-json\/wp\/v2\/product_cat?post=15950"},{"taxonomy":"product_tag","embeddable":true,"href":"https:\/\/www.hydraulic-cylinders.net\/sk\/wp-json\/wp\/v2\/product_tag?post=15950"}],"curies":[{"name":"pracovn\u00fd list","href":"https:\/\/api.w.org\/{rel}","templated":true}]}}