{"id":15951,"date":"2025-01-19T15:12:31","date_gmt":"2025-01-19T15:12:31","guid":{"rendered":"https:\/\/www.hydraulic-cylinders.net\/product\/bucket-cylinder-for-baoding-wy65-6\/"},"modified":"2025-01-19T15:12:33","modified_gmt":"2025-01-19T15:12:33","slug":"bucket-cylinder-for-baoding-wy65-6","status":"publish","type":"product","link":"https:\/\/www.hydraulic-cylinders.net\/sk\/produkt\/bucket-cylinder-for-baoding-wy65-6\/","title":{"rendered":"Valec s vedrom pre Baoding WY65-6"},"content":{"rendered":"<h1>Valec s vedrom pre Baoding WY65-6<\/h1>\n<h2>\u00davod<\/h2>\n<p>Hydraulick\u00fd valec ly\u017eice pre Baoding WY65-6 je typ hydraulick\u00e9ho valca navrhnut\u00e9ho \u0161peci\u00e1lne na ovl\u00e1danie pohybu ly\u017eice v \u0165a\u017ek\u00fdch strojoch, ako s\u00fa bagre, r\u00fdpadl\u00e1-naklada\u010de a \u010deln\u00e9 naklada\u010de. Jeho hlavnou funkciou je umo\u017eni\u0165 zdv\u00edhanie, sp\u00fa\u0161\u0165anie a nakl\u00e1\u0148anie ly\u017eice, \u010do u\u013eah\u010duje vykon\u00e1vanie r\u00f4znych \u00faloh manipul\u00e1cie s materi\u00e1lom. V hydraulickom syst\u00e9me valec ly\u017eice vyu\u017e\u00edva zmenu tlaku hydraulick\u00e9ho oleja na dosiahnutie presn\u00e9ho ovl\u00e1dania ly\u017eice, \u010do umo\u017e\u0148uje obsluhe efekt\u00edvne manipulova\u0165 s \u0165a\u017ek\u00fdmi bremenami, prisp\u00f4sobi\u0165 sa zlo\u017eit\u00fdm pracovn\u00fdm prostrediam a r\u00f4znorod\u00fdm po\u017eiadavk\u00e1m pr\u00e1ce.<\/p>\n<p><img decoding=\"async\" src=\"https:\/\/www.hydraulic-cylinders.net\/wp-content\/uploads\/2025\/01\/songte-company-2.webp\" alt=\"Valec vedra pre Baoding WY65-6\"><\/p>\n<h2>Funkcie<\/h2>\n<ul>\n<li>Vysok\u00e1 pevnos\u0165 a odolnos\u0165: zvy\u010dajne vyroben\u00e9 z vysokopevnostnej ocele alebo hlin\u00edka, schopn\u00e9 odol\u00e1va\u0165 vysok\u00e9mu tlaku a \u0165a\u017ek\u00e9mu za\u0165a\u017eeniu, prisp\u00f4sobi\u0165 sa n\u00e1ro\u010dn\u00fdm pracovn\u00fdm podmienkam a navrhnut\u00e9 pre odolnos\u0165 a odolnos\u0165 proti kor\u00f3zii, aby sa pred\u013a\u017eila \u017eivotnos\u0165.<\/li>\n<li>Efekt\u00edvna hydraulick\u00e1 prev\u00e1dzka: v\u010faka tlaku hydraulick\u00e9ho oleja na dosiahnutie plynul\u00fdch pohybov roz\u0165ahovania a s\u0165ahovania dok\u00e1\u017ee valec r\u00fdchlo reagova\u0165 na ovl\u00e1dacie povely, poskytova\u0165 siln\u00fa tla\u010dn\u00fa a \u0165a\u017en\u00fa silu a je vhodn\u00fd na manipul\u00e1ciu s \u0165a\u017ek\u00fdmi bremenami a zlo\u017eit\u00fdmi pracovn\u00fdmi \u00falohami.<\/li>\n<li>R\u00f4zne typy: jedno\u010dinn\u00e9 (hydraulicky ovl\u00e1dan\u00e9 iba v jednom smere) alebo dvoj\u010dinn\u00e9 (hydraulicky ovl\u00e1dan\u00e9 v oboch smeroch) valce je mo\u017en\u00e9 vybra\u0165 pod\u013ea potrieb, aby sa splnili r\u00f4zne prev\u00e1dzkov\u00e9 po\u017eiadavky. Niektor\u00e9 modely s\u00fa teleskopick\u00e9, \u010do umo\u017e\u0148uje v\u00e4\u010d\u0161ie vysunutie bez zv\u00e4\u010d\u0161enia vonkaj\u0161\u00edch rozmerov, vhodn\u00e9 pre aplik\u00e1cie s obmedzen\u00fdm priestorom.<\/li>\n<li>Jednoduch\u00e1 in\u0161tal\u00e1cia: N\u00e1\u0161 valec ko\u0161\u00edka dok\u00e1\u017ee \u013eahko nahradi\u0165 in\u00e9 hydraulick\u00e9 valce. Pon\u00fakame \u0161irok\u00fd sortiment hl\u00e1v valcov, ktor\u00e9 s\u00fa kompatibiln\u00e9 s r\u00f4znymi modelmi r\u00fdpadiel.<\/li>\n<\/ul>\n<p><img decoding=\"async\" src=\"https:\/\/www.hydraulic-cylinders.net\/wp-content\/uploads\/2025\/01\/songte-cylinder-head-with-all-kinds-excavator-models.webp\" alt=\"Valec vedra pre Baoding WY65-6\"><\/p>\n<h2>Aplik\u00e1cie<\/h2>\n<p>Valec s ko\u0161\u00edkom sa \u0161iroko pou\u017e\u00edva v r\u00f4znych \u0165a\u017ek\u00fdch strojoch, ako napr\u00edklad:<\/p>\n<ul>\n<li>Stavebn\u00e9 stroje: bagre, r\u00fdpadl\u00e1-naklada\u010de a \u010deln\u00e9 naklada\u010de s\u00fa nevyhnutn\u00e9 na v\u00fdkopov\u00e9 pr\u00e1ce, nakladanie a premiest\u0148ovanie zeminy alebo sutiny.<\/li>\n<li>Po\u013enohospod\u00e1rske stroje: pou\u017e\u00edvaj\u00fa sa v \u010deln\u00fdch naklada\u010doch na naberanie, zdv\u00edhanie a prepravu p\u00f4dy, sena a in\u00fdch materi\u00e1lov.<\/li>\n<li>R\u00fdpadl\u00e1: valec vedra umo\u017e\u0148uje vedru prenikn\u00fa\u0165 do p\u00f4dy a vykona\u0165 v\u00fdkop.<\/li>\n<li>Naklada\u010d: v \u010deln\u00fdch naklada\u010doch pom\u00e1haj\u00fa efekt\u00edvne zdv\u00edha\u0165 a nakl\u00e1\u0148a\u0165 tovar.<\/li>\n<\/ul>\n<h2>\u00davahy o dizajne a krit\u00e9ri\u00e1 v\u00fdberu<\/h2>\n<ul>\n<li>Nosnos\u0165: Valec mus\u00ed unies\u0165 hmotnos\u0165 z\u00e1\u0165a\u017ee a odol\u00e1va\u0165 sil\u00e1m vznikaj\u00facim po\u010das prev\u00e1dzky.<\/li>\n<li>Tesnenie: Valec mus\u00ed by\u0165 pevne utesnen\u00fd, aby sa zabr\u00e1nilo \u00faniku oleja a zabezpe\u010dila sa spr\u00e1vna prev\u00e1dzka hydraulick\u00e9ho syst\u00e9mu.<\/li>\n<li>Trvanlivos\u0165: Valec mus\u00ed odol\u00e1va\u0165 n\u00e1ro\u010dn\u00fdm prev\u00e1dzkov\u00fdm podmienkam a vysok\u00e9mu tlaku, aby sa zabezpe\u010dila dlh\u00e1 \u017eivotnos\u0165.<\/li>\n<li>Bezpe\u010dnos\u0165: Valec mus\u00ed by\u0165 navrhnut\u00fd s oh\u013eadom na bezpe\u010dnos\u0165, aby sa predi\u0161lo nehod\u00e1m po\u010das prev\u00e1dzky.<\/li>\n<li>\u00dadr\u017eba: Valec mus\u00ed by\u0165 \u013eahko udr\u017eiavate\u013en\u00fd a opravovate\u013en\u00fd, aby sa minimalizovali prestoje a zn\u00ed\u017eili n\u00e1klady.<\/li>\n<\/ul>\n<p><img decoding=\"async\" src=\"https:\/\/www.hydraulic-cylinders.net\/wp-content\/uploads\/2025\/01\/songte-oil-pipes-and-spare-parts.webp\" alt=\"Valec vedra pre Baoding WY65-6\"><\/p>\n<h2>Tesnenie a mazanie<\/h2>\n<p>N\u00e1\u0161 kore\u010dkov\u00fd valec pou\u017e\u00edva r\u00f4zne tesniace komponenty, ako s\u00fa tesnenia piestov, tesnenia ty\u010d\u00ed at\u010f., vyroben\u00e9 z materi\u00e1lov odoln\u00fdch vo\u010di opotrebovaniu, ako je polyuret\u00e1n a nitrilov\u00fd kau\u010duk. Teleso valca a povrch z\u00e1vitu s\u00fa jemne opracovan\u00e9 pre zlep\u0161enie odolnosti vo\u010di opotrebovaniu. Pravideln\u00e9 prid\u00e1vanie hydraulick\u00e9ho oleja na mazanie valca m\u00f4\u017ee pred\u013a\u017ei\u0165 jeho \u017eivotnos\u0165.<\/p>\n<h2>\u00dadr\u017eba a opravy<\/h2>\n<p>Pravideln\u00e1 kontrola, mazanie, v\u00fdmena tesnen\u00ed a kalibra\u010dn\u00e9 kontroly s\u00fa be\u017en\u00fdmi \u00falohami \u00fadr\u017eby hydraulick\u00fdch valcov. Spr\u00e1vna in\u0161tal\u00e1cia, mazanie a nastavenie s\u00fa nevyhnutn\u00e9 pre dlh\u00fa \u017eivotnos\u0165 valca. Na upevnenie valca odpor\u00fa\u010dame pou\u017ei\u0165 vhodn\u00e9 mont\u00e1\u017ene konzoly.<\/p>\n<p><img decoding=\"async\" src=\"https:\/\/www.hydraulic-cylinders.net\/wp-content\/uploads\/2025\/01\/songte-chushion-collar.webp\" alt=\"Valec vedra pre Baoding WY65-6\"><\/p>\n<h2>Bezpe\u010dnostn\u00e9 aspekty a faktory prostredia<\/h2>\n<p>Pri prev\u00e1dzke \u0165a\u017ek\u00fdch strojov, ako s\u00fa r\u00fdpadl\u00e1, r\u00fdpadl\u00e1-naklada\u010de a \u010deln\u00e9 naklada\u010de, s\u00fa potrebn\u00e9 spr\u00e1vne bezpe\u010dnostn\u00e9 opatrenia. Pravideln\u00e1 \u00fadr\u017eba a kontrola m\u00f4\u017eu minimalizova\u0165 riziko neh\u00f4d. Okrem toho je nevyhnutn\u00e9 bezpe\u010dne zlikvidova\u0165 pou\u017eit\u00fd hydraulick\u00fd olej, aby sa predi\u0161lo po\u0161kodeniu \u017eivotn\u00e9ho prostredia.<\/p>\n<h2>Rie\u0161enie probl\u00e9mov a be\u017en\u00e9 probl\u00e9my<\/h2>\n<p>Medzi be\u017en\u00e9 probl\u00e9my s hydraulick\u00fdmi valcami patr\u00ed \u00fanik oleja, n\u00edzka \u00fa\u010dinnos\u0165 a porucha. Rie\u0161enie probl\u00e9mov zah\u0155\u0148a identifik\u00e1ciu z\u00e1kladnej pr\u00ed\u010diny probl\u00e9mu a n\u00e1sledn\u00e9 pou\u017eitie vhodn\u00e9ho rie\u0161enia. Pravideln\u00e1 kontrola a \u00fadr\u017eba m\u00f4\u017eu zn\u00ed\u017ei\u0165 riziko vzniku probl\u00e9mov.<\/p>\n<p><img decoding=\"async\" src=\"https:\/\/www.hydraulic-cylinders.net\/wp-content\/uploads\/2025\/01\/songte-bushings-with-all-kinds-of-excavator-models.webp\" alt=\"Valec vedra pre Baoding WY65-6\"><\/p>\n<h2>O n\u00e1s<\/h2>\n<p>Sme popredn\u00fdm v\u00fdrobcom a ve\u013ekoobchodn\u00fdm distrib\u00fatorom hydraulick\u00fdch valcov na dom\u00e1com aj medzin\u00e1rodnom trhu. Na\u0161e v\u00fdrobky s\u00fa vynikaj\u00facej kvality a riadime sa strat\u00e9giou riadenia priemyselnej v\u00fdroby s vyu\u017eit\u00edm \u0161pi\u010dkov\u00fdch digit\u00e1lnych v\u00fdrobn\u00fdch zariaden\u00ed a profesion\u00e1lnych testovac\u00edch syst\u00e9mov. Na\u0161\u00edm poslan\u00edm je poskytova\u0165 efekt\u00edvne, presn\u00e9 a vysoko kvalitn\u00e9 v\u00fdrobky, ktor\u00e9 sp\u013a\u0148aj\u00fa r\u00f4zne potreby na\u0161ich z\u00e1kazn\u00edkov.<\/p>\n<p>Na\u0161a spolo\u010dnos\u0165 pon\u00faka profesion\u00e1lne slu\u017eby, medzin\u00e1rodn\u00e9 certifik\u00e1cie, z\u00e1kazkov\u00e9 slu\u017eby, najmodernej\u0161ie v\u00fdrobn\u00e9 zariadenia a popredajn\u00fd servis. Zaviazali sme sa poskytova\u0165 na\u0161im z\u00e1kazn\u00edkom tie najlep\u0161ie produkty a slu\u017eby.<\/p>\n<p><img decoding=\"async\" src=\"https:\/\/hzpt.com\/wp-content\/uploads\/2024\/11\/songte-company-1.webp\" alt=\"Valec vedra pre Baoding WY65-6\"><\/p>\n<p>Autor: lyl<\/p>","protected":false},"excerpt":{"rendered":"<p>Bucket Cylinder For Baoding WY65-6 Introduction The bucket cylinder for Baoding WY65-6 is a type of hydraulic cylinder designed specifically to control the movement of the bucket in heavy machinery such as excavators, backhoe excavators, and front loaders. Its main function is to enable the bucket to lift, lower, and tilt, making it easier to [&hellip;]<\/p>","protected":false},"featured_media":14773,"comment_status":"open","ping_status":"closed","template":"","meta":{"_et_pb_use_builder":"","_et_pb_old_content":"","_et_gb_content_width":""},"product_brand":[],"product_cat":[1494],"product_tag":[1495,1496],"class_list":{"0":"post-15951","1":"product","2":"type-product","3":"status-publish","4":"has-post-thumbnail","6":"product_cat-bucket-cylinders","7":"product_tag-bucket-cylinders","8":"product_tag-hydraulic-cylinders","10":"first","11":"instock","12":"shipping-taxable","13":"product-type-simple"},"amp_enabled":true,"_links":{"self":[{"href":"https:\/\/www.hydraulic-cylinders.net\/sk\/wp-json\/wp\/v2\/product\/15951","targetHints":{"allow":["GET"]}}],"collection":[{"href":"https:\/\/www.hydraulic-cylinders.net\/sk\/wp-json\/wp\/v2\/product"}],"about":[{"href":"https:\/\/www.hydraulic-cylinders.net\/sk\/wp-json\/wp\/v2\/types\/product"}],"replies":[{"embeddable":true,"href":"https:\/\/www.hydraulic-cylinders.net\/sk\/wp-json\/wp\/v2\/comments?post=15951"}],"wp:featuredmedia":[{"embeddable":true,"href":"https:\/\/www.hydraulic-cylinders.net\/sk\/wp-json\/wp\/v2\/media\/14773"}],"wp:attachment":[{"href":"https:\/\/www.hydraulic-cylinders.net\/sk\/wp-json\/wp\/v2\/media?parent=15951"}],"wp:term":[{"taxonomy":"product_brand","embeddable":true,"href":"https:\/\/www.hydraulic-cylinders.net\/sk\/wp-json\/wp\/v2\/product_brand?post=15951"},{"taxonomy":"product_cat","embeddable":true,"href":"https:\/\/www.hydraulic-cylinders.net\/sk\/wp-json\/wp\/v2\/product_cat?post=15951"},{"taxonomy":"product_tag","embeddable":true,"href":"https:\/\/www.hydraulic-cylinders.net\/sk\/wp-json\/wp\/v2\/product_tag?post=15951"}],"curies":[{"name":"pracovn\u00fd list","href":"https:\/\/api.w.org\/{rel}","templated":true}]}}