{"id":15958,"date":"2025-01-19T15:13:01","date_gmt":"2025-01-19T15:13:01","guid":{"rendered":"https:\/\/www.hydraulic-cylinders.net\/product\/bucket-cylinder-for-baoding-sc85-8\/"},"modified":"2025-01-19T15:13:03","modified_gmt":"2025-01-19T15:13:03","slug":"bucket-cylinder-for-baoding-sc85-8","status":"publish","type":"product","link":"https:\/\/www.hydraulic-cylinders.net\/sk\/produkt\/bucket-cylinder-for-baoding-sc85-8\/","title":{"rendered":"Valec vedra pre Baoding SC85.8"},"content":{"rendered":"<h2>Valec vedra pre Baoding SC85.8<\/h2>\n<h3>\u00davod<\/h3>\n<p>Hydraulick\u00fd valec pre Baoding SC85.8 je \u0161peci\u00e1lne navrhnut\u00fd hydraulick\u00fd valec, ktor\u00fd sa pou\u017e\u00edva hlavne na ovl\u00e1danie pohybu ly\u017eice v \u0165a\u017ek\u00fdch strojoch, ako s\u00fa r\u00fdpadl\u00e1, r\u00fdpadl\u00e1-naklada\u010de a \u010deln\u00e9 naklada\u010de. Jeho hlavnou funkciou je umo\u017eni\u0165 zdv\u00edhanie, sp\u00fa\u0161\u0165anie a nakl\u00e1\u0148anie ly\u017eice, \u010do u\u013eah\u010duje manipul\u00e1ciu s r\u00f4znymi materi\u00e1lmi. V hydraulickom syst\u00e9me dosahuje valec ly\u017eice presn\u00e9 ovl\u00e1danie ly\u017eice zmenou tlaku hydraulick\u00e9ho oleja, \u010do umo\u017e\u0148uje obsluhe efekt\u00edvne manipulova\u0165 s \u0165a\u017ek\u00fdmi predmetmi a prisp\u00f4sobi\u0165 sa zlo\u017eit\u00fdm pracovn\u00fdm prostrediam a r\u00f4znorod\u00fdm po\u017eiadavk\u00e1m na pr\u00e1cu.<\/p>\n<p><img decoding=\"async\" src=\"https:\/\/www.hydraulic-cylinders.net\/wp-content\/uploads\/2025\/01\/songte-company-2.webp\" alt=\"Valec vedra pre Baoding SC85.8\"><\/p>\n<h3>Funkcie<\/h3>\n<ul>\n<li>Vysok\u00e1 pevnos\u0165 a odolnos\u0165: Zvy\u010dajne je vyroben\u00fd z vysokopevnostnej ocele alebo hlin\u00edka, odol\u00e1 vysok\u00e9mu tlaku a \u0165a\u017ek\u00fdm za\u0165a\u017eeniam, prisp\u00f4sob\u00ed sa n\u00e1ro\u010dn\u00fdm pracovn\u00fdm podmienkam a je navrhnut\u00fd s odolnos\u0165ou vo\u010di opotrebovaniu a kor\u00f3zii, \u010d\u00edm sa predl\u017euje jeho \u017eivotnos\u0165.<\/li>\n<li>Efekt\u00edvna hydraulick\u00e1 prev\u00e1dzka: Plynul\u00e9 vys\u00favanie a s\u0165ahovanie sa dosahuje pomocou tlaku hydraulick\u00e9ho oleja, ktor\u00fd dok\u00e1\u017ee r\u00fdchlo reagova\u0165 na ovl\u00e1dacie povely, poskytuje siln\u00fa tla\u010dn\u00fa a \u0165a\u017en\u00fa silu a je vhodn\u00fd na manipul\u00e1ciu s \u0165a\u017ek\u00fdmi predmetmi a zlo\u017eit\u00fdmi \u00falohami.<\/li>\n<li>R\u00f4zne typy: Pod\u013ea potreby je mo\u017en\u00e9 zvoli\u0165 jedno\u010dinn\u00e9 (hydraulicky ovl\u00e1dan\u00e9 iba v jednom smere) alebo dvoj\u010dinn\u00e9 (hydraulicky ovl\u00e1dan\u00e9 v oboch smeroch) valce, aby sa splnili r\u00f4zne prev\u00e1dzkov\u00e9 potreby. Niektor\u00e9 modely s\u00fa teleskopick\u00e9, \u010do umo\u017e\u0148uje v\u00e4\u010d\u0161ie vysunutie bez zv\u00e4\u010d\u0161enia vonkaj\u0161\u00edch rozmerov, vhodn\u00e9 pre aplik\u00e1cie s obmedzen\u00fdm priestorom.<\/li>\n<li>Jednoduch\u00e1 v\u00fdmena: N\u00e1\u0161 produkt dok\u00e1\u017ee dokonale nahradi\u0165 tieto hydraulick\u00e9 valce.<\/li>\n<\/ul>\n<p><img decoding=\"async\" src=\"https:\/\/www.hydraulic-cylinders.net\/wp-content\/uploads\/2025\/01\/songte-cylinder-head-with-all-kinds-excavator-models.webp\" alt=\"Valec vedra pre Baoding SC85.8\"><\/p>\n<h3>Aplik\u00e1cie<\/h3>\n<p>Valec s vedrom sa \u0161iroko pou\u017e\u00edva v r\u00f4znych odvetviach a zariadeniach, ako napr\u00edklad:<\/p>\n<ul>\n<li>Stavebn\u00e9 zariadenia: V bagroch s\u00fa nevyhnutn\u00e9 na kopanie, nakladanie a premiest\u0148ovanie zeminy alebo sutiny. V r\u00fdpadlo-naklada\u010doch prispievaj\u00fa valce ko\u0161\u00edkov k kopaniu aj zdv\u00edhaniu. V \u010deln\u00fdch naklada\u010doch s\u00fa u\u017eito\u010dn\u00e9 na efekt\u00edvne zdv\u00edhanie a vykladanie n\u00e1kladu.<\/li>\n<li>Po\u013enohospod\u00e1rske stroje: Pou\u017e\u00edvaj\u00fa sa v \u010deln\u00fdch naklada\u010doch, ktor\u00e9 zdv\u00edhaj\u00fa, zdv\u00edhaj\u00fa a prepravuj\u00fa p\u00f4du, seno a in\u00e9 materi\u00e1ly. V r\u00fdpadl\u00e1ch umo\u017e\u0148uj\u00fa valce lopaty kopanie t\u00fdm, \u017ee umo\u017e\u0148uj\u00fa lopate prenikn\u00fa\u0165 do p\u00f4dy.<\/li>\n<\/ul>\n<h3>\u00davahy o dizajne a krit\u00e9ri\u00e1 v\u00fdberu<\/h3>\n<p>Pri zva\u017eovan\u00ed kon\u0161trukcie valca vedra vstupuje do hry nieko\u013eko faktorov, ako napr\u00edklad:<\/p>\n<ul>\n<li>\u00danosnos\u0165: schopnos\u0165 odol\u00e1va\u0165 vysok\u00e9mu tlaku a \u0165a\u017ek\u00fdm za\u0165a\u017eeniam<\/li>\n<li>Tesnenie: schopnos\u0165 zabr\u00e1ni\u0165 \u00faniku kvapaliny a udr\u017eiava\u0165 hydraulick\u00fd tlak<\/li>\n<li>Trvanlivos\u0165: schopnos\u0165 odol\u00e1va\u0165 opotrebovaniu, kor\u00f3zii a extr\u00e9mnym teplot\u00e1m<\/li>\n<li>Bezpe\u010dnos\u0165: schopnos\u0165 zabezpe\u010di\u0165 bezpe\u010dnos\u0165 oper\u00e1torov a okolit\u00e9ho person\u00e1lu<\/li>\n<li>Udr\u017eiavate\u013enos\u0165: schopnos\u0165 u\u013eah\u010di\u0165 \u00fadr\u017eb\u00e1rske a oprav\u00e1rensk\u00e9 pr\u00e1ce<\/li>\n<\/ul>\n<p><img decoding=\"async\" src=\"https:\/\/www.hydraulic-cylinders.net\/wp-content\/uploads\/2025\/01\/songte-oil-pipes-and-spare-parts.webp\" alt=\"Valec vedra pre Baoding SC85.8\"><\/p>\n<h3>Tesnenie a mazanie<\/h3>\n<p>Valec kor\u010deka pou\u017e\u00edva r\u00f4zne tesniace komponenty, ako s\u00fa tesnenia piestov, tesnenia ty\u010d\u00ed at\u010f., vyroben\u00e9 z materi\u00e1lov odoln\u00fdch vo\u010di opotrebovaniu, ako je polyuret\u00e1n a nitrilov\u00fd kau\u010duk. Teleso valca a z\u00e1vitov\u00e9 koncov\u00e9 plochy s\u00fa jemne opracovan\u00e9 pre zlep\u0161enie odolnosti vo\u010di opotrebovaniu. Vy\u017eaduje sa pravideln\u00e9 mazanie vhodn\u00fdm mno\u017estvom hydraulick\u00e9ho oleja.<\/p>\n<p><img decoding=\"async\" src=\"https:\/\/www.hydraulic-cylinders.net\/wp-content\/uploads\/2025\/01\/songte-chushion-collar.webp\" alt=\"Valec vedra pre Baoding SC85.8\"><\/p>\n<h3>\u00dadr\u017eba a opravy<\/h3>\n<p>Pravideln\u00e1 \u00fadr\u017eba a opravy s\u00fa nevyhnutn\u00e9 na pred\u013a\u017eenie \u017eivotnosti valca vedra. Nasleduje nieko\u013eko \u00faloh \u00fadr\u017eby:<\/p>\n<ul>\n<li>Pravideln\u00e1 kontrola<\/li>\n<li>Spr\u00e1vne mazanie<\/li>\n<li>V\u00fdmena tesnenia<\/li>\n<li>Kontrola kalibr\u00e1cie<\/li>\n<\/ul>\n<p>Spr\u00e1vna in\u0161tal\u00e1cia je tie\u017e d\u00f4le\u017eit\u00e1 pre zabezpe\u010denie v\u00fdkonu valca. Valec mus\u00ed by\u0165 spr\u00e1vne zarovnan\u00fd a na jeho upevnenie by sa mali pou\u017ei\u0165 vhodn\u00e9 mont\u00e1\u017ene konzoly. Na zabezpe\u010denie efekt\u00edvnej prev\u00e1dzky valca s vedro by sa mali dodr\u017eiava\u0165 odpor\u00fa\u010dan\u00e9 postupy kontroly, opravy a v\u00fdmeny.<\/p>\n<h3>Bezpe\u010dnostn\u00e9 aspekty a faktory prostredia<\/h3>\n<p>Pri pou\u017e\u00edvan\u00ed vedrov\u00e9ho valca by sa mali prija\u0165 bezpe\u010dnostn\u00e9 opatrenia na zaistenie bezpe\u010dnosti okolit\u00e9ho person\u00e1lu a obsluhy. Pri v\u00fdbere materi\u00e1lov vedrov\u00e9ho valca by sa mali zv\u00e1\u017ei\u0165 faktory prostredia, ako je teplota, vlhkos\u0165 a vystavenie chemik\u00e1li\u00e1m.<\/p>\n<p><img decoding=\"async\" src=\"https:\/\/www.hydraulic-cylinders.net\/wp-content\/uploads\/2025\/01\/songte-bushings-with-all-kinds-of-excavator-models.webp\" alt=\"Valec vedra pre Baoding SC85.8\"><\/p>\n<h3>Be\u017en\u00e9 poruchy a rie\u0161enie probl\u00e9mov<\/h3>\n<p>Medzi be\u017en\u00e9 poruchy valca vedra patr\u00ed \u00fanik kvapaliny, nedostato\u010dn\u00fd tlak a abnorm\u00e1lne zvuky. Tieto probl\u00e9my je mo\u017en\u00e9 diagnostikova\u0165 a vyrie\u0161i\u0165 kontrolou tesnen\u00ed, olejov\u00fdch potrub\u00ed a \u010fal\u0161\u00edch komponentov. Prevent\u00edvne opatrenia, ako je pravideln\u00e1 kontrola a \u00fadr\u017eba, m\u00f4\u017eu zn\u00ed\u017ei\u0165 po\u010det por\u00fach.<\/p>\n<h3>O na\u0161ej spolo\u010dnosti<\/h3>\n<p>Sme popredn\u00fdm v\u00fdrobcom a ve\u013ekoobchodn\u00edkom hydraulick\u00fdch valcov na dom\u00e1com aj medzin\u00e1rodnom trhu. Pon\u00fakame kompletn\u00fd sortiment produktov a dodr\u017eiavame osved\u010den\u00e9 postupy v odvetv\u00ed, aby sme zabezpe\u010dili vynikaj\u00facu kvalitu. Na\u0161e v\u00fdrobn\u00e9 zariadenie je vybaven\u00e9 najmodernej\u0161ou technol\u00f3giou a profesion\u00e1lnymi testovac\u00edmi syst\u00e9mami, \u010do n\u00e1m umo\u017e\u0148uje uspokoji\u0165 rozmanit\u00e9 potreby na\u0161ich z\u00e1kazn\u00edkov.<\/p>\n<p><img decoding=\"async\" src=\"https:\/\/hzpt.com\/wp-content\/uploads\/2024\/11\/songte-company-1.webp\" alt=\"Valec vedra pre Baoding SC85.8\"><\/p>\n<h4>Medzi na\u0161e siln\u00e9 str\u00e1nky patria:<\/h4>\n<ul>\n<li>Profesionalita<\/li>\n<li>Medzin\u00e1rodn\u00e9 certifik\u00e1cie<\/li>\n<li>Slu\u017eby prisp\u00f4sobenia<\/li>\n<li>Pokro\u010dil\u00e9 v\u00fdrobn\u00e9 zariadenia<\/li>\n<li>Vynikaj\u00faci popredajn\u00fd servis<\/li>\n<\/ul>\n<p>\u010eakujeme za pre\u010d\u00edtanie n\u00e1\u0161ho \u010dl\u00e1nku. Autor: lyl.<\/p>","protected":false},"excerpt":{"rendered":"<p>Bucket Cylinder For Baoding SC85.8 Introduction A bucket cylinder for Baoding SC85.8 is a specially designed hydraulic cylinder that is mainly used to control the movement of the bucket in heavy machinery such as excavators, backhoe excavators, and front-end loaders. Its main function is to enable the bucket to lift, lower, and tilt, making it [&hellip;]<\/p>","protected":false},"featured_media":14788,"comment_status":"open","ping_status":"closed","template":"","meta":{"_et_pb_use_builder":"","_et_pb_old_content":"","_et_gb_content_width":""},"product_brand":[],"product_cat":[1494],"product_tag":[1495,1496],"class_list":{"0":"post-15958","1":"product","2":"type-product","3":"status-publish","4":"has-post-thumbnail","6":"product_cat-bucket-cylinders","7":"product_tag-bucket-cylinders","8":"product_tag-hydraulic-cylinders","10":"first","11":"instock","12":"shipping-taxable","13":"product-type-simple"},"amp_enabled":true,"_links":{"self":[{"href":"https:\/\/www.hydraulic-cylinders.net\/sk\/wp-json\/wp\/v2\/product\/15958","targetHints":{"allow":["GET"]}}],"collection":[{"href":"https:\/\/www.hydraulic-cylinders.net\/sk\/wp-json\/wp\/v2\/product"}],"about":[{"href":"https:\/\/www.hydraulic-cylinders.net\/sk\/wp-json\/wp\/v2\/types\/product"}],"replies":[{"embeddable":true,"href":"https:\/\/www.hydraulic-cylinders.net\/sk\/wp-json\/wp\/v2\/comments?post=15958"}],"wp:featuredmedia":[{"embeddable":true,"href":"https:\/\/www.hydraulic-cylinders.net\/sk\/wp-json\/wp\/v2\/media\/14788"}],"wp:attachment":[{"href":"https:\/\/www.hydraulic-cylinders.net\/sk\/wp-json\/wp\/v2\/media?parent=15958"}],"wp:term":[{"taxonomy":"product_brand","embeddable":true,"href":"https:\/\/www.hydraulic-cylinders.net\/sk\/wp-json\/wp\/v2\/product_brand?post=15958"},{"taxonomy":"product_cat","embeddable":true,"href":"https:\/\/www.hydraulic-cylinders.net\/sk\/wp-json\/wp\/v2\/product_cat?post=15958"},{"taxonomy":"product_tag","embeddable":true,"href":"https:\/\/www.hydraulic-cylinders.net\/sk\/wp-json\/wp\/v2\/product_tag?post=15958"}],"curies":[{"name":"pracovn\u00fd list","href":"https:\/\/api.w.org\/{rel}","templated":true}]}}