{"id":15959,"date":"2025-01-19T15:13:05","date_gmt":"2025-01-19T15:13:05","guid":{"rendered":"https:\/\/www.hydraulic-cylinders.net\/product\/bucket-cylinder-for-baoding-sc400-8\/"},"modified":"2025-01-19T15:13:07","modified_gmt":"2025-01-19T15:13:07","slug":"bucket-cylinder-for-baoding-sc400-8","status":"publish","type":"product","link":"https:\/\/www.hydraulic-cylinders.net\/sk\/produkt\/bucket-cylinder-for-baoding-sc400-8\/","title":{"rendered":"Lopatkov\u00fd valec pre Baoding SC400.8"},"content":{"rendered":"<h1>Lopatkov\u00fd valec pre Baoding SC400.8<\/h1>\n<h2>\u00davod<\/h2>\n<p>Hydraulick\u00fd valec ly\u017eice je \u0161peci\u00e1lne navrhnut\u00fd hydraulick\u00fd valec, ktor\u00fd sa pou\u017e\u00edva hlavne na ovl\u00e1danie pohybu ly\u017eice v \u0165a\u017ek\u00fdch strojoch, ako s\u00fa bagre, r\u00fdpadl\u00e1-naklada\u010de a \u010deln\u00e9 naklada\u010de. Jeho hlavnou funkciou je umo\u017eni\u0165 zdv\u00edhanie, sp\u00fa\u0161\u0165anie a nakl\u00e1\u0148anie ly\u017eice, \u010do u\u013eah\u010duje vykon\u00e1vanie r\u00f4znych \u00faloh manipul\u00e1cie s materi\u00e1lom. V hydraulickom syst\u00e9me dosahuje valec ly\u017eice presn\u00e9 ovl\u00e1danie pohybu ly\u017eice prostredn\u00edctvom zmien tlaku hydraulick\u00e9ho oleja, \u010do umo\u017e\u0148uje obsluhe efekt\u00edvne manipulova\u0165 s \u0165a\u017ek\u00fdmi bremenami a prisp\u00f4sobova\u0165 sa zlo\u017eit\u00fdm pracovn\u00fdm prostrediam a r\u00f4znym prev\u00e1dzkov\u00fdm potreb\u00e1m.<\/p>\n<p><img decoding=\"async\" src=\"https:\/\/www.hydraulic-cylinders.net\/wp-content\/uploads\/2025\/01\/songte-company-2.webp\" alt=\"Lopatkov\u00fd valec pre Baoding SC400.8\" \/><\/p>\n<h3>Funkcie<\/h3>\n<ul>\n<li>Vysok\u00e1 pevnos\u0165 a odolnos\u0165: zvy\u010dajne vyroben\u00e9 z vysokopevnostnej ocele alebo hlin\u00edka, schopn\u00e9 odol\u00e1va\u0165 vysok\u00e9mu tlaku a \u0165a\u017ek\u00fdm za\u0165a\u017eeniam a navrhnut\u00e9 s oh\u013eadom na odolnos\u0165 vo\u010di opotrebovaniu a kor\u00f3zii, aby sa pred\u013a\u017eila \u017eivotnos\u0165.<\/li>\n<li>Efekt\u00edvna hydraulick\u00e1 prev\u00e1dzka: vyu\u017e\u00edva tlak hydraulick\u00e9ho oleja na dosiahnutie plynul\u00e9ho vys\u00favania a zas\u00favania, je schopn\u00e1 r\u00fdchlo reagova\u0165 na ovl\u00e1dacie povely, poskytuje siln\u00fa tla\u010dn\u00fa a \u0165a\u017en\u00fa silu, vhodn\u00e1 na manipul\u00e1ciu s \u0165a\u017ek\u00fdmi bremenami a zlo\u017eit\u00e9 prev\u00e1dzkov\u00e9 \u00falohy.<\/li>\n<li>Viacer\u00e9 typy: jedno\u010dinn\u00e9 (hydraulicky ovl\u00e1dan\u00e9 iba v jednom smere) alebo dvoj\u010dinn\u00e9 (hydraulicky ovl\u00e1dan\u00e9 v oboch smeroch) valce je mo\u017en\u00e9 vybra\u0165 pod\u013ea prev\u00e1dzkov\u00fdch potrieb, niektor\u00e9 modely s\u00fa teleskopick\u00e9, \u010do umo\u017e\u0148uje v\u00e4\u010d\u0161ie vysunutie bez zv\u00e4\u010d\u0161enia vonkaj\u0161\u00edch rozmerov, vhodn\u00e9 pre aplik\u00e1cie s obmedzen\u00fdm priestorom.<\/li>\n<li>M\u00f4\u017ee nahradi\u0165 hydraulick\u00e9 valce: na\u0161e produkty dok\u00e1\u017eu tieto hydraulick\u00e9 valce dokonale nahradi\u0165. <\/li>\n<\/ul>\n<p><img decoding=\"async\" src=\"https:\/\/www.hydraulic-cylinders.net\/wp-content\/uploads\/2025\/01\/songte-cylinder-head-with-all-kinds-excavator-models.webp\" alt=\"Lopatkov\u00fd valec pre Baoding SC400.8\" \/><\/p>\n<h3>Aplik\u00e1cie<\/h3>\n<p>Valec s vedrom sa \u0161iroko pou\u017e\u00edva v r\u00f4znych odvetviach, ako napr\u00edklad:<\/p>\n<ul>\n<li>Stavebn\u00e9 zariadenia: V bagroch s\u00fa nevyhnutn\u00e9 na kopanie, nakladanie a premiest\u0148ovanie zeminy alebo sutiny. V r\u00fdpadlo-naklada\u010doch pom\u00e1haj\u00fa valce ko\u0161\u00edkov pri kopan\u00ed aj zdv\u00edhan\u00ed. <\/li>\n<li>Po\u013enohospod\u00e1rske stroje: pou\u017e\u00edvaj\u00fa sa na \u010deln\u00e9 naklada\u010de, naberanie, zdv\u00edhanie a prepravu p\u00f4dy, sena a in\u00fdch materi\u00e1lov; bagre: valce ly\u017eice umo\u017e\u0148uj\u00fa kopanie t\u00fdm, \u017ee umo\u017e\u0148uj\u00fa ly\u017eici prenikn\u00fa\u0165 do p\u00f4dy. <\/li>\n<li>Naklada\u010d: v \u010deln\u00fdch naklada\u010doch pom\u00e1haj\u00fa so zdv\u00edhan\u00edm, nakl\u00e1\u0148an\u00edm a efekt\u00edvnym vykladan\u00edm tovaru. <\/li>\n<\/ul>\n<h3>\u00davahy o dizajne a krit\u00e9ri\u00e1 v\u00fdberu<\/h3>\n<p>Kon\u0161trukcia valca vedra je k\u013e\u00fa\u010dov\u00e1 pre jeho v\u00fdkon a \u017eivotnos\u0165. Nasleduje nieko\u013eko z\u00e1kladn\u00fdch kon\u0161truk\u010dn\u00fdch aspektov:<\/p>\n<h4>Nosnos\u0165<\/h4>\n<p>Valec s kor\u010dekom mus\u00ed by\u0165 navrhnut\u00fd tak, aby zvl\u00e1dol maxim\u00e1lne za\u0165a\u017eenie, ktor\u00e9mu bude vystaven\u00fd. Nosnos\u0165 je ur\u010den\u00e1 ve\u013ekos\u0165ou, pevnos\u0165ou a materi\u00e1lom valca.<\/p>\n<h4>Tesnenie<\/h4>\n<p>Valec mus\u00ed by\u0165 utesnen\u00fd, aby sa zabr\u00e1nilo \u00fanikom a kontamin\u00e1cii hydraulickej kvapaliny. Tesniaci syst\u00e9m by mal by\u0165 navrhnut\u00fd z vysoko kvalitn\u00fdch materi\u00e1lov, ako je polyuret\u00e1n a nitrilov\u00e1 guma, aby sa zabezpe\u010dila odolnos\u0165 a dlh\u00e1 \u017eivotnos\u0165.<\/p>\n<h4>Trvanlivos\u0165<\/h4>\n<p>Kon\u0161trukcia valca vedra by mala zoh\u013ead\u0148ova\u0165 odolnos\u0165 vo\u010di opotrebovaniu a kor\u00f3zii, aby sa pred\u013a\u017eila jeho \u017eivotnos\u0165.<\/p>\n<h4>Bezpe\u010dnos\u0165<\/h4>\n<p>Valec mus\u00ed by\u0165 navrhnut\u00fd s oh\u013eadom na bezpe\u010dnos\u0165, aby sa predi\u0161lo nehod\u00e1m a zraneniam. Proces in\u0161tal\u00e1cie by mal zah\u0155\u0148a\u0165 spr\u00e1vne zarovnanie a pou\u017eitie vhodn\u00fdch mont\u00e1\u017enych konzol na upevnenie valca na mieste.<\/p>\n<h4>\u00dadr\u017eba<\/h4>\n<p>Valec vedra mus\u00ed by\u0165 navrhnut\u00fd pre jednoduch\u00fa \u00fadr\u017ebu a opravy. Pravideln\u00e1 kontrola, mazanie a v\u00fdmena tesnen\u00ed s\u00fa nevyhnutn\u00e9 na zabezpe\u010denie optim\u00e1lneho v\u00fdkonu a dlhej \u017eivotnosti.<\/p>\n<p><img decoding=\"async\" src=\"https:\/\/www.hydraulic-cylinders.net\/wp-content\/uploads\/2025\/01\/songte-oil-pipes-and-spare-parts.webp\" alt=\"Lopatkov\u00fd valec pre Baoding SC400.8\" \/><\/p>\n<h3>Tesnenie a mazanie<\/h3>\n<p>Valec kor\u010deka vy\u017eaduje r\u00f4zne tesniace komponenty, ako s\u00fa tesnenia piestov a tesnenia ty\u010d\u00ed, vyroben\u00e9 z vysoko kvalitn\u00fdch materi\u00e1lov, ako je polyuret\u00e1n a nitrilov\u00fd kau\u010duk, aby sa zabezpe\u010dila odolnos\u0165 a dlh\u00e1 \u017eivotnos\u0165. Vn\u00fatorn\u00fd priestor valca by mal by\u0165 mazan\u00fd hydraulick\u00fdm olejom, aby sa zabezpe\u010dila hladk\u00e1 prev\u00e1dzka a zabr\u00e1nilo sa opotrebovaniu. Pravideln\u00e9 v\u00fdmeny oleja s\u00fa nevyhnutn\u00e9 na udr\u017eanie spr\u00e1vnej funkcie valca.<\/p>\n<h3>\u00dadr\u017eba a opravy<\/h3>\n<p>Pravideln\u00e1 \u00fadr\u017eba a opravy s\u00fa k\u013e\u00fa\u010dov\u00e9 pre zabezpe\u010denie dlhej \u017eivotnosti valca vedra a optimaliz\u00e1ciu jeho v\u00fdkonu. Nasleduj\u00fa be\u017en\u00e9 \u00falohy \u00fadr\u017eby:<\/p>\n<ul>\n<li>Pravideln\u00e1 kontrola<\/li>\n<li>Spr\u00e1vne mazanie<\/li>\n<li>V\u00fdmena tesnenia<\/li>\n<\/ul>\n<p>Spr\u00e1vna in\u0161tal\u00e1cia, mazanie a nastavenie s\u00fa nevyhnutn\u00e9 pre optim\u00e1lny v\u00fdkon. Po\u010das in\u0161tal\u00e1cie je d\u00f4le\u017eit\u00e9 spr\u00e1vne zarovnanie. Na upevnenie valca na mieste sa odpor\u00fa\u010da pou\u017eitie vhodn\u00fdch mont\u00e1\u017enych konzol. Pon\u00fakame tie\u017e n\u00e1hradn\u00e9 diely a slu\u017eby rekon\u0161trukcie, aby sme pred\u013a\u017eili \u017eivotnos\u0165 valca.<\/p>\n<p><img decoding=\"async\" src=\"https:\/\/www.hydraulic-cylinders.net\/wp-content\/uploads\/2025\/01\/songte-chushion-collar.webp\" alt=\"Lopatkov\u00fd valec pre Baoding SC400.8\" \/><\/p>\n<h3>Bezpe\u010dnostn\u00e9 a environment\u00e1lne aspekty<\/h3>\n<p>Pri pou\u017e\u00edvan\u00ed valca s vedrom je potrebn\u00e9 dodr\u017eiava\u0165 bezpe\u010dnostn\u00e9 opatrenia, aby sa predi\u0161lo nehod\u00e1m a zraneniam. Nasleduje nieko\u013eko z\u00e1kladn\u00fdch bezpe\u010dnostn\u00fdch opatren\u00ed:<\/p>\n<ul>\n<li>Noste vhodn\u00e9 osobn\u00e9 ochrann\u00e9 prostriedky<\/li>\n<li>Zabezpe\u010dte spr\u00e1vnu in\u0161tal\u00e1ciu a \u00fadr\u017ebu<\/li>\n<li>Neprekra\u010dujte nosnos\u0165 valca<\/li>\n<li>Dodr\u017eiavajte v\u0161etky pokyny a odpor\u00fa\u010dania v\u00fdrobcu<\/li>\n<\/ul>\n<p>Vplyv na \u017eivotn\u00e9 prostredie je tie\u017e d\u00f4le\u017eit\u00fdm faktorom. Valec s vedrom by mal by\u0165 navrhnut\u00fd a vyroben\u00fd s oh\u013eadom na \u017eivotn\u00e9 prostredie, pri\u010dom by sa mali v\u017edy, ke\u010f je to mo\u017en\u00e9, pou\u017e\u00edva\u0165 udr\u017eate\u013en\u00e9 materi\u00e1ly a v\u00fdrobn\u00e9 procesy.<\/p>\n<h3>Rie\u0161enie probl\u00e9mov a be\u017en\u00e9 probl\u00e9my<\/h3>\n<p>Probl\u00e9my s valcami vedra m\u00f4\u017eu v\u00fdrazne ovplyvni\u0165 v\u00fdkon \u0165a\u017ek\u00fdch strojov. Nasleduj\u00fa niektor\u00e9 be\u017en\u00e9 probl\u00e9my a ich rie\u0161enia:<\/p>\n<ul>\n<li>\u00danik: Skontrolujte tesnenia a v pr\u00edpade potreby ich vyme\u0148te. Uistite sa, \u017ee v\u0161etky spoje s\u00fa tesn\u00e9 a \u017ee piest alebo valec nie s\u00fa po\u0161koden\u00e9.<\/li>\n<li>Pomal\u00e1 prev\u00e1dzka: Skontrolujte hydraulick\u00fd syst\u00e9m, \u010di v \u0148om nie s\u00fa netesnosti alebo po\u0161kodenia. Uistite sa, \u017ee hladina hydraulick\u00e9ho oleja je spr\u00e1vna a \u017ee v syst\u00e9me nie s\u00fa \u017eiadne vzduchov\u00e9 bubliny.<\/li>\n<li>Valec sa nevys\u00fava ani nezas\u00fava: Skontrolujte hydraulick\u00fd syst\u00e9m, \u010di v \u0148om nie s\u00fa netesnosti alebo po\u0161kodenia. Uistite sa, \u017ee hladina hydraulick\u00e9ho oleja je spr\u00e1vna a \u017ee v syst\u00e9me nie s\u00fa \u017eiadne vzduchov\u00e9 bubliny.<\/li>\n<\/ul>\n<p>Prevent\u00edvna \u00fadr\u017eba je k\u013e\u00fa\u010dom k predch\u00e1dzaniu t\u00fdmto probl\u00e9mom. Pravideln\u00e1 kontrola, mazanie a v\u00fdmena tesnen\u00ed m\u00f4\u017eu pom\u00f4c\u0165 pred\u00eds\u0165 tomu, aby sa potenci\u00e1lne probl\u00e9my stali z\u00e1va\u017en\u00fdmi.<\/p>\n<p><img decoding=\"async\" src=\"https:\/\/www.hydraulic-cylinders.net\/wp-content\/uploads\/2025\/01\/songte-bushings-with-all-kinds-of-excavator-models.webp\" alt=\"Lopatkov\u00fd valec pre Baoding SC400.8\" \/><\/p>\n<h3>O n\u00e1s<\/h3>\n<p>Sme v\u00fdrobcom n\u00e1hradn\u00fdch hydraulick\u00fdch valcov so \u0161irokou \u0161k\u00e1lou produktov, v\u010faka \u010domu sme jedn\u00fdm z popredn\u00fdch v\u00fdrobcov a ve\u013ekoobchodn\u00fdch distrib\u00fatorov hydraulick\u00fdch valcov na dom\u00e1com aj medzin\u00e1rodnom trhu. Dodr\u017eiavame z\u00e1sadu vynikaj\u00facej kvality, spoliehame sa na industrializovan\u00e9 strat\u00e9gie riadenia v\u00fdroby v prec\u00edzne spracovan\u00fdch diel\u0148ach a neust\u00e1le zlep\u0161ujeme na\u0161e v\u00fdrobn\u00e9 platformy a v\u00fdrobn\u00e9 linky zameran\u00e9 na kvalitu produktov pomocou technologick\u00fdch talentov, digit\u00e1lnych \u0161pi\u010dkov\u00fdch v\u00fdrobn\u00fdch zariaden\u00ed a profesion\u00e1lnych testovac\u00edch syst\u00e9mov. M\u00e1me silu vytv\u00e1ra\u0165 vysoko efekt\u00edvne, presn\u00e9 a kvalitn\u00e9 produkty a uspokojova\u0165 rozmanit\u00e9 potreby z\u00e1kazn\u00edkov.<\/p>\n<p>Na\u0161a spolo\u010dnos\u0165 pon\u00faka mnoho v\u00fdhod, medzi ktor\u00e9 patria:<\/p>\n<ul>\n<li>Profesionalita<\/li>\n<li>Medzin\u00e1rodn\u00e1 certifik\u00e1cia<\/li>\n<li>Slu\u017eby prisp\u00f4sobenia<\/li>\n<li>Pokro\u010dil\u00e9 v\u00fdrobn\u00e9 zariadenia<\/li>\n<li>Vynikaj\u00faci popredajn\u00fd servis<\/li>\n<\/ul>\n<p><img decoding=\"async\" src=\"https:\/\/hzpt.com\/wp-content\/uploads\/2024\/11\/songte-company-1.webp\" alt=\"Lopatkov\u00fd valec pre Baoding SC400.8\" \/><\/p>\n<p>Autor: lyl<\/p>","protected":false},"excerpt":{"rendered":"<p>Bucket Cylinder For Baoding SC400.8 Introduction A bucket cylinder is a specially designed hydraulic cylinder mainly used to control the movement of the bucket in heavy machinery such as excavators, backhoe excavators, and front loaders. Its main function is to enable the bucket to lift, lower, and tilt, making it easier to handle various material [&hellip;]<\/p>","protected":false},"featured_media":14787,"comment_status":"open","ping_status":"closed","template":"","meta":{"_et_pb_use_builder":"","_et_pb_old_content":"","_et_gb_content_width":""},"product_brand":[],"product_cat":[1494],"product_tag":[1495,1496],"class_list":{"0":"post-15959","1":"product","2":"type-product","3":"status-publish","4":"has-post-thumbnail","6":"product_cat-bucket-cylinders","7":"product_tag-bucket-cylinders","8":"product_tag-hydraulic-cylinders","10":"first","11":"instock","12":"shipping-taxable","13":"product-type-simple"},"amp_enabled":true,"_links":{"self":[{"href":"https:\/\/www.hydraulic-cylinders.net\/sk\/wp-json\/wp\/v2\/product\/15959","targetHints":{"allow":["GET"]}}],"collection":[{"href":"https:\/\/www.hydraulic-cylinders.net\/sk\/wp-json\/wp\/v2\/product"}],"about":[{"href":"https:\/\/www.hydraulic-cylinders.net\/sk\/wp-json\/wp\/v2\/types\/product"}],"replies":[{"embeddable":true,"href":"https:\/\/www.hydraulic-cylinders.net\/sk\/wp-json\/wp\/v2\/comments?post=15959"}],"wp:featuredmedia":[{"embeddable":true,"href":"https:\/\/www.hydraulic-cylinders.net\/sk\/wp-json\/wp\/v2\/media\/14787"}],"wp:attachment":[{"href":"https:\/\/www.hydraulic-cylinders.net\/sk\/wp-json\/wp\/v2\/media?parent=15959"}],"wp:term":[{"taxonomy":"product_brand","embeddable":true,"href":"https:\/\/www.hydraulic-cylinders.net\/sk\/wp-json\/wp\/v2\/product_brand?post=15959"},{"taxonomy":"product_cat","embeddable":true,"href":"https:\/\/www.hydraulic-cylinders.net\/sk\/wp-json\/wp\/v2\/product_cat?post=15959"},{"taxonomy":"product_tag","embeddable":true,"href":"https:\/\/www.hydraulic-cylinders.net\/sk\/wp-json\/wp\/v2\/product_tag?post=15959"}],"curies":[{"name":"pracovn\u00fd list","href":"https:\/\/api.w.org\/{rel}","templated":true}]}}