{"id":15960,"date":"2025-01-19T15:13:10","date_gmt":"2025-01-19T15:13:10","guid":{"rendered":"https:\/\/www.hydraulic-cylinders.net\/product\/bucket-cylinder-for-baoding-wy75-7\/"},"modified":"2025-01-19T15:13:13","modified_gmt":"2025-01-19T15:13:13","slug":"bucket-cylinder-for-baoding-wy75-7","status":"publish","type":"product","link":"https:\/\/www.hydraulic-cylinders.net\/sk\/produkt\/bucket-cylinder-for-baoding-wy75-7\/","title":{"rendered":"Valec s vedrom pre Baoding WY75-7"},"content":{"rendered":"<h1>Valec s vedrom pre Baoding WY75-7<\/h1>\n<h2>\u00davod<\/h2>\n<p>Hydraulick\u00fd valec ly\u017eice je typ hydraulick\u00e9ho valca \u0161peci\u00e1lne navrhnut\u00e9ho na ovl\u00e1danie pohybu ly\u017e\u00edc v \u0165a\u017ek\u00fdch strojoch, ako s\u00fa bagre, r\u00fdpadl\u00e1-naklada\u010de a \u010deln\u00e9 naklada\u010de. Jeho hlavnou funkciou je umo\u017eni\u0165 ly\u017eici zdv\u00edha\u0165, sp\u00fa\u0161\u0165a\u0165 a nakl\u00e1\u0148a\u0165, \u010do u\u013eah\u010duje r\u00f4zne \u00falohy manipul\u00e1cie s materi\u00e1lom. V hydraulick\u00fdch syst\u00e9moch umo\u017e\u0148uj\u00fa valce ly\u017eice presn\u00e9 ovl\u00e1danie ly\u017eice zmenou tlaku hydraulick\u00e9ho oleja, \u010do umo\u017e\u0148uje obsluhe efekt\u00edvne manipulova\u0165 s \u0165a\u017ek\u00fdmi bremenami, prisp\u00f4sobi\u0165 sa zlo\u017eit\u00fdm pracovn\u00fdm prostrediam a r\u00f4znym prev\u00e1dzkov\u00fdm po\u017eiadavk\u00e1m.<\/p>\n<p><img decoding=\"async\" src=\"https:\/\/www.hydraulic-cylinders.net\/wp-content\/uploads\/2025\/01\/songte-company-2.webp\" alt=\"Obr\u00e1zok valca vedra\"><\/p>\n<h2>Funkcie<\/h2>\n<ul>\n<li>Vysok\u00e1 pevnos\u0165 a odolnos\u0165: Zvy\u010dajne s\u00fa vyroben\u00e9 z vysokopevnostnej ocele alebo hlin\u00edka, schopn\u00e9 odol\u00e1va\u0165 vysok\u00e9mu tlaku a \u0165a\u017ek\u00fdm za\u0165a\u017eeniam, prisp\u00f4sobite\u013en\u00e9 n\u00e1ro\u010dn\u00fdm pracovn\u00fdm podmienkam, navrhnut\u00e9 s oh\u013eadom na odolnos\u0165 vo\u010di opotrebovaniu a kor\u00f3zii a schopn\u00e9 pred\u013a\u017ei\u0165 \u017eivotnos\u0165.<\/li>\n<li>Efekt\u00edvna hydraulick\u00e1 prev\u00e1dzka: Vyu\u017eitie tlaku hydraulick\u00e9ho oleja na dosiahnutie plynul\u00e9ho vys\u00favania a zas\u00favania, schopnos\u0165 r\u00fdchlo reagova\u0165 na ovl\u00e1dacie povely a poskytovanie silnej tla\u010dnej a \u0165a\u017enej sily, vhodn\u00e9 na manipul\u00e1ciu s \u0165a\u017ek\u00fdmi bremenami a zlo\u017eit\u00e9 prev\u00e1dzkov\u00e9 \u00falohy.<\/li>\n<li>R\u00f4zne typy: Pod\u013ea prev\u00e1dzkov\u00fdch po\u017eiadaviek je mo\u017en\u00e9 vybra\u0165 jedno\u010dinn\u00e9 (hydraulika sa pou\u017e\u00edva iba v jednom smere) alebo dvoj\u010dinn\u00e9 (hydraulika sa pou\u017e\u00edva v dvoch smeroch), niektor\u00e9 modely s\u00fa teleskopick\u00e9, \u010do umo\u017e\u0148uje v\u00e4\u010d\u0161ie vysunutie bez zv\u00e4\u010d\u0161enia vonkaj\u0161\u00edch rozmerov, vhodn\u00e9 pre aplik\u00e1cie s obmedzen\u00fdm priestorom.<\/li>\n<\/ul>\n<p>Sme schopn\u00ed vyrobi\u0165 tento produkt, ktor\u00fd dok\u00e1\u017ee dokonale nahradi\u0165 tieto hydraulick\u00e9 valce.<\/p>\n<p><img decoding=\"async\" src=\"https:\/\/www.hydraulic-cylinders.net\/wp-content\/uploads\/2025\/01\/songte-cylinder-head-with-all-kinds-excavator-models.webp\" alt=\"Obr\u00e1zok hydraulick\u00e9ho valca\"><\/p>\n<h2>Aplik\u00e1cie<\/h2>\n<p>Valec s vedrom m\u00e1 \u0161irok\u00fa \u0161k\u00e1lu pou\u017eit\u00ed:<\/p>\n<ul>\n<li>Stavebn\u00e9 zariadenia: V bagroch s\u00fa nevyhnutn\u00e9 na kopanie, nakladanie a premiest\u0148ovanie zeminy alebo sutiny. V r\u00fdpadlov\u00fdch bagroch pom\u00e1haj\u00fa valce ko\u0161\u00edkov pri v\u00fdkopov\u00fdch pr\u00e1cach aj zdv\u00edhan\u00ed. <\/li>\n<li>Po\u013enohospod\u00e1rske stroje: Pou\u017e\u00edvaj\u00fa sa v \u010deln\u00fdch naklada\u010doch na naberanie, zdv\u00edhanie a prepravu p\u00f4dy, sena a in\u00fdch materi\u00e1lov a v bagroch na kopanie, pri\u010dom sa umo\u017e\u0148uje prenikanie ly\u017eice do p\u00f4dy.<\/li>\n<li>Naklada\u010d: V \u010deln\u00fdch naklada\u010doch pom\u00e1haj\u00fa pri efekt\u00edvnom zdv\u00edhan\u00ed a vykladan\u00ed tovaru.<\/li>\n<\/ul>\n<h2>\u00davahy o dizajne a krit\u00e9ri\u00e1 v\u00fdberu<\/h2>\n<p>Nasleduj\u00face kon\u0161truk\u010dn\u00e9 aspekty a krit\u00e9ri\u00e1 v\u00fdberu s\u00fa k\u013e\u00fa\u010dov\u00e9 pre zabezpe\u010denie dlhej \u017eivotnosti a v\u00fdkonu valca s vedrom:<\/p>\n<ul>\n<li>Nosnos\u0165: Valec by mal by\u0165 schopn\u00fd odola\u0165 vysok\u00e9mu tlaku a \u0165a\u017ek\u00fdm za\u0165a\u017eeniam.<\/li>\n<li>Tesnenie: Valec by mal by\u0165 navrhnut\u00fd s vysoko kvalitn\u00fdmi tesneniami, aby sa zabr\u00e1nilo \u00faniku hydraulick\u00e9ho oleja.<\/li>\n<li>Trvanlivos\u0165: Materi\u00e1ly pou\u017eit\u00e9 vo valci by mali by\u0165 odoln\u00e9 vo\u010di opotrebovaniu a kor\u00f3zii.<\/li>\n<li>Bezpe\u010dnos\u0165: F\u013ea\u0161a by mala by\u0165 navrhnut\u00e1 s oh\u013eadom na bezpe\u010dnos\u0165 a mala by sa prija\u0165 prevent\u00edvne opatrenia, aby sa predi\u0161lo nehod\u00e1m alebo poruch\u00e1m.<\/li>\n<li>\u00dadr\u017eba: Valec by mal by\u0165 navrhnut\u00fd tak, aby umo\u017e\u0148oval jednoduch\u00fa \u00fadr\u017ebu a opravu.<\/li>\n<\/ul>\n<p><img decoding=\"async\" src=\"https:\/\/www.hydraulic-cylinders.net\/wp-content\/uploads\/2025\/01\/songte-oil-pipes-and-spare-parts.webp\" alt=\"Obr\u00e1zok hydraulick\u00e9ho valca\"><\/p>\n<h2>Tesnenie a mazanie<\/h2>\n<p>Valec kor\u010deka vy\u017eaduje r\u00f4zne tesniace komponenty, ako s\u00fa tesnenia piestov a tesnenia ty\u010d\u00ed, vyroben\u00e9 z materi\u00e1lov odoln\u00fdch vo\u010di opotrebovaniu, ako je polyuret\u00e1n a nitrilov\u00fd kau\u010duk. Povrch valca a z\u00e1vity s\u00fa prec\u00edzne o\u0161etren\u00e9, aby sa zlep\u0161ila odolnos\u0165 vo\u010di opotrebovaniu. Pravideln\u00e9 dop\u013a\u0148anie hydraulick\u00e9ho oleja je nevyhnutn\u00e9 na zabezpe\u010denie dostato\u010dn\u00e9ho mazania valca.<\/p>\n<h2>\u00dadr\u017eba a opravy<\/h2>\n<p>Pravideln\u00e9 kontroly a prevent\u00edvna \u00fadr\u017eba s\u00fa nevyhnutn\u00e9 na pred\u013a\u017eenie \u017eivotnosti valca vedra. Nasleduje nieko\u013eko be\u017en\u00fdch \u00faloh \u00fadr\u017eby:<\/p>\n<ul>\n<li>Pravideln\u00e1 kontrola<\/li>\n<li>Spr\u00e1vne mazanie<\/li>\n<li>V\u00fdmena tesnenia<\/li>\n<li>Kalibra\u010dn\u00e9 kontroly<\/li>\n<\/ul>\n<p><img decoding=\"async\" src=\"https:\/\/www.hydraulic-cylinders.net\/wp-content\/uploads\/2025\/01\/songte-chushion-collar.webp\" alt=\"Obr\u00e1zok hydraulick\u00e9ho valca\"><\/p>\n<h2>Bezpe\u010dnostn\u00e9 aspekty a faktory prostredia<\/h2>\n<p>Pri pou\u017e\u00edvan\u00ed vedrovej f\u013ea\u0161e je nevyhnutn\u00e9 dodr\u017eiava\u0165 bezpe\u010dnostn\u00e9 opatrenia. Je nevyhnutn\u00e9 dodr\u017eiava\u0165 pokyny v\u00fdrobcu a pou\u017e\u00edva\u0165 vhodn\u00e9 osobn\u00e9 ochrann\u00e9 prostriedky (OOP). Pri pou\u017e\u00edvan\u00ed f\u013ea\u0161e by sa mali zoh\u013eadni\u0165 aj faktory prostredia, ako je teplota, vlhkos\u0165 a atmosf\u00e9rick\u00fd tlak.<\/p>\n<h2>Rie\u0161enie probl\u00e9mov a be\u017en\u00e9 probl\u00e9my<\/h2>\n<p>Medzi be\u017en\u00e9 probl\u00e9my spojen\u00e9 s valcom vedra patr\u00ed netesnos\u0165, porucha a opotrebovanie. Identifik\u00e1cia a rie\u0161enie t\u00fdchto probl\u00e9mov si vy\u017eaduje spr\u00e1vne zru\u010dnosti v oblasti odstra\u0148ovania probl\u00e9mov. Prevent\u00edvne opatrenia, ako s\u00fa pravideln\u00e9 kontroly a \u00fadr\u017eba, m\u00f4\u017eu pom\u00f4c\u0165 zn\u00ed\u017ei\u0165 v\u00fdskyt t\u00fdchto probl\u00e9mov.<\/p>\n<p><img decoding=\"async\" src=\"https:\/\/www.hydraulic-cylinders.net\/wp-content\/uploads\/2025\/01\/songte-bushings-with-all-kinds-of-excavator-models.webp\" alt=\"Obr\u00e1zok hydraulick\u00e9ho valca\"><\/p>\n<h2>O na\u0161ej spolo\u010dnosti<\/h2>\n<p>Sme popredn\u00fdm v\u00fdrobcom a ve\u013ekoobchodn\u00edkom hydraulick\u00fdch valcov na dom\u00e1com aj medzin\u00e1rodnom trhu. Na\u0161a v\u00fdrobn\u00e1 linka zah\u0155\u0148a r\u00f4zne typy hydraulick\u00fdch valcov. Dodr\u017eiavame vynikaj\u00face strat\u00e9gie riadenia kvality a v\u00fdroby, pri\u010dom sa spoliehame na \u0161pi\u010dkov\u00e9 v\u00fdrobn\u00e9 zariadenia a profesion\u00e1lne testovacie syst\u00e9my. M\u00e1me t\u00edm odborn\u00edkov schopn\u00fdch splni\u0165 rozmanit\u00e9 po\u017eiadavky z\u00e1kazn\u00edkov s vysokou efektivitou, presnos\u0165ou a kvalitou.<\/p>\n<h3>Na\u0161a odbornos\u0165<\/h3>\n<p>Pon\u00fakame nasleduj\u00face odborn\u00e9 znalosti:<\/p>\n<ul>\n<li>Medzin\u00e1rodn\u00e1 certifik\u00e1cia<\/li>\n<li>Slu\u017eby prisp\u00f4sobenia<\/li>\n<li>Najmodernej\u0161ie v\u00fdrobn\u00e9 zariadenia<\/li>\n<li>Popredajn\u00fd servis<\/li>\n<\/ul>\n<p><img decoding=\"async\" src=\"https:\/\/hzpt.com\/wp-content\/uploads\/2024\/11\/songte-company-1.webp\" alt=\"Obr\u00e1zok hydraulick\u00e9ho valca\"><\/p>\n<p>Autor: lyl.<\/p>","protected":false},"excerpt":{"rendered":"<p>Bucket Cylinder For Baoding WY75-7 Introduction A bucket cylinder is a type of hydraulic cylinder specially designed for controlling the movement of buckets in heavy machinery such as excavators, backhoe excavators, and front loaders. Its main function is to enable the bucket to lift, lower, and tilt, making it easier for various material handling tasks. [&hellip;]<\/p>","protected":false},"featured_media":14785,"comment_status":"open","ping_status":"closed","template":"","meta":{"_et_pb_use_builder":"","_et_pb_old_content":"","_et_gb_content_width":""},"product_brand":[],"product_cat":[1494],"product_tag":[1495,1496],"class_list":{"0":"post-15960","1":"product","2":"type-product","3":"status-publish","4":"has-post-thumbnail","6":"product_cat-bucket-cylinders","7":"product_tag-bucket-cylinders","8":"product_tag-hydraulic-cylinders","10":"first","11":"instock","12":"shipping-taxable","13":"product-type-simple"},"amp_enabled":true,"_links":{"self":[{"href":"https:\/\/www.hydraulic-cylinders.net\/sk\/wp-json\/wp\/v2\/product\/15960","targetHints":{"allow":["GET"]}}],"collection":[{"href":"https:\/\/www.hydraulic-cylinders.net\/sk\/wp-json\/wp\/v2\/product"}],"about":[{"href":"https:\/\/www.hydraulic-cylinders.net\/sk\/wp-json\/wp\/v2\/types\/product"}],"replies":[{"embeddable":true,"href":"https:\/\/www.hydraulic-cylinders.net\/sk\/wp-json\/wp\/v2\/comments?post=15960"}],"wp:featuredmedia":[{"embeddable":true,"href":"https:\/\/www.hydraulic-cylinders.net\/sk\/wp-json\/wp\/v2\/media\/14785"}],"wp:attachment":[{"href":"https:\/\/www.hydraulic-cylinders.net\/sk\/wp-json\/wp\/v2\/media?parent=15960"}],"wp:term":[{"taxonomy":"product_brand","embeddable":true,"href":"https:\/\/www.hydraulic-cylinders.net\/sk\/wp-json\/wp\/v2\/product_brand?post=15960"},{"taxonomy":"product_cat","embeddable":true,"href":"https:\/\/www.hydraulic-cylinders.net\/sk\/wp-json\/wp\/v2\/product_cat?post=15960"},{"taxonomy":"product_tag","embeddable":true,"href":"https:\/\/www.hydraulic-cylinders.net\/sk\/wp-json\/wp\/v2\/product_tag?post=15960"}],"curies":[{"name":"pracovn\u00fd list","href":"https:\/\/api.w.org\/{rel}","templated":true}]}}