{"id":15970,"date":"2025-01-19T15:13:55","date_gmt":"2025-01-19T15:13:55","guid":{"rendered":"https:\/\/www.hydraulic-cylinders.net\/product\/bucket-cylinder-for-dasin-ds50-7\/"},"modified":"2025-01-19T15:14:00","modified_gmt":"2025-01-19T15:14:00","slug":"bucket-cylinder-for-dasin-ds50-7","status":"publish","type":"product","link":"https:\/\/www.hydraulic-cylinders.net\/sk\/produkt\/bucket-cylinder-for-dasin-ds50-7\/","title":{"rendered":"Valec vedra pre Dasin DS50-7"},"content":{"rendered":"<h2>\u00davod<\/h2>\n<h3>Valec vedra pre Dasin DS50-7<\/h3>\n<p>Hydraulick\u00fd valec ly\u017eice je \u0161peci\u00e1lne navrhnut\u00fd hydraulick\u00fd valec pou\u017e\u00edvan\u00fd hlavne na ovl\u00e1danie pohybu ly\u017eice v \u0165a\u017ek\u00fdch strojoch, ako s\u00fa bagre, r\u00fdpadlo-naklada\u010de a \u010deln\u00e9 naklada\u010de. Jeho hlavnou funkciou je umo\u017eni\u0165 ly\u017eici zdv\u00edha\u0165, sp\u00fa\u0161\u0165a\u0165 a nakl\u00e1\u0148a\u0165, v\u010faka \u010domu je vhodn\u00e1 na r\u00f4zne \u00falohy manipul\u00e1cie s materi\u00e1lom. V hydraulickom syst\u00e9me valec ly\u017eice vyu\u017e\u00edva tlak hydraulick\u00e9ho oleja na presn\u00e9 ovl\u00e1danie ly\u017eice, \u010do umo\u017e\u0148uje obsluhe efekt\u00edvne manipulova\u0165 s \u0165a\u017ek\u00fdmi bremenami, prisp\u00f4sobi\u0165 sa zlo\u017eit\u00fdm pracovn\u00fdm prostrediam a diverzifikovan\u00fdm po\u017eiadavk\u00e1m na pr\u00e1cu.<\/p>\n<p><img decoding=\"async\" src=\"https:\/\/www.hydraulic-cylinders.net\/wp-content\/uploads\/2025\/01\/songte-company-2.webp\"\/><\/p>\n<h2>Vlastnosti valca vedra pre Dasin DS50-7<\/h2>\n<ul>\n<li>\n<h3>Vysok\u00e1 pevnos\u0165 a odolnos\u0165<\/h3>\n<p>Valce s kor\u010dekom s\u00fa zvy\u010dajne vyroben\u00e9 z vysokopevnostnej ocele alebo hlin\u00edka, s\u00fa schopn\u00e9 odol\u00e1va\u0165 vysok\u00e9mu tlaku a \u0165a\u017ek\u00fdm za\u0165a\u017eeniam a prisp\u00f4sobi\u0165 sa n\u00e1ro\u010dn\u00fdm pracovn\u00fdm podmienkam. Kon\u0161trukcia zoh\u013ead\u0148uje odolnos\u0165 proti opotrebovaniu a kor\u00f3zii, \u010do predl\u017euje \u017eivotnos\u0165 valca.<\/p>\n<\/li>\n<li>\n<h3>Efekt\u00edvna hydraulick\u00e1 prev\u00e1dzka<\/h3>\n<p>Valce kor\u010dekov vyu\u017e\u00edvaj\u00fa tlak hydraulick\u00e9ho oleja na dosiahnutie plynul\u00e9ho vys\u00favania a zas\u00favania, r\u00fdchlo reaguj\u00fa na ovl\u00e1dacie povely, poskytuj\u00fa siln\u00e9 tla\u010dn\u00e9 a \u0165a\u017en\u00e9 sily a s\u00fa vhodn\u00e9 na manipul\u00e1ciu s \u0165a\u017ek\u00fdmi bremenami a zlo\u017eit\u00fdmi pracovn\u00fdmi \u00falohami.<\/p>\n<\/li>\n<li>\n<h3>R\u00f4zne typy<\/h3>\n<p>Valce kor\u010dekov m\u00f4\u017eu by\u0165 jedno\u010dinn\u00e9 (s hydraulick\u00fdm pohonom iba v jednom smere) alebo dvoj\u010dinn\u00e9 (s hydraulick\u00fdm pohonom v dvoch smeroch) a m\u00f4\u017eu sp\u013a\u0148a\u0165 r\u00f4zne prev\u00e1dzkov\u00e9 potreby. Niektor\u00e9 modely s\u00fa teleskopick\u00e9, \u010do umo\u017e\u0148uje v\u00e4\u010d\u0161ie vysunutie bez zv\u00e4\u010d\u0161enia vonkaj\u0161\u00edch rozmerov, vhodn\u00e9 pre aplik\u00e1cie s obmedzen\u00fdm priestorom.<\/p>\n<\/li>\n<li>\n<h3>Mo\u017eno prisp\u00f4sobi\u0165<\/h3>\n<p>N\u00e1\u0161 produkt dok\u00e1\u017ee dokonale nahradi\u0165 tieto hydraulick\u00e9 valce a poskytujeme slu\u017eby prisp\u00f4sobenia pod\u013ea \u0161pecifick\u00fdch potrieb.<\/p>\n<\/li>\n<li>\n<h3>\u0160irok\u00fd rozsah aplik\u00e1ci\u00ed<\/h3>\n<p>Kore\u010dkov\u00e9 valce sa \u0161iroko pou\u017e\u00edvaj\u00fa v r\u00f4znych oblastiach, ako s\u00fa stavebn\u00e9 stroje, po\u013enohospod\u00e1rske stroje, r\u00fdpadl\u00e1 a naklada\u010de, aby sme vymenovali aspo\u0148 niektor\u00e9. V stavebn\u00fdch strojoch s\u00fa kore\u010dkov\u00e9 valce k\u013e\u00fa\u010dov\u00e9 pre v\u00fdkopov\u00e9 pr\u00e1ce, nakladanie a premiest\u0148ovanie zeminy alebo sutiny. V po\u013enohospod\u00e1rskych strojoch sa pou\u017e\u00edvaj\u00fa na zdv\u00edhanie a prepravu zeminy, sena a in\u00fdch materi\u00e1lov. V r\u00fdpadl\u00e1ch a naklada\u010doch umo\u017e\u0148uj\u00fa kore\u010dkov\u00e9 valce kopanie, zdv\u00edhanie a vysyp\u00e1vanie.<\/p>\n<\/li>\n<\/ul>\n<p><img decoding=\"async\" src=\"https:\/\/www.hydraulic-cylinders.net\/wp-content\/uploads\/2025\/01\/songte-cylinder-head-with-all-kinds-excavator-models.webp\"\/><\/p>\n<h2>\u00davahy o dizajne a krit\u00e9ri\u00e1 v\u00fdberu<\/h2>\n<ul>\n<li>\n<h3>Nosnos\u0165<\/h3>\n<p>Valec mus\u00ed ma\u0165 dostato\u010dn\u00fa nosnos\u0165, aby zvl\u00e1dol za\u0165a\u017eenia a tlaky, ktor\u00fdm \u010del\u00ed po\u010das prev\u00e1dzky.<\/p>\n<\/li>\n<li>\n<h3>Tesnenie<\/h3>\n<p>Valec mus\u00ed by\u0165 dostato\u010dne utesnen\u00fd, aby sa zabr\u00e1nilo \u00faniku oleja a zabezpe\u010dila sa spo\u013eahliv\u00e1 prev\u00e1dzka. Pou\u017e\u00edvame r\u00f4zne tesniace komponenty, ako s\u00fa tesniace kr\u00fa\u017eky piestov, tesniace kr\u00fa\u017eky ty\u010d\u00ed a polyuret\u00e1nov\u00e9 alebo nitrilov\u00e9 gumov\u00e9 tesnenia, ktor\u00e9 s\u00fa vyroben\u00e9 z materi\u00e1lov odoln\u00fdch vo\u010di opotrebovaniu.<\/p>\n<\/li>\n<li>\n<h3>Trvanlivos\u0165<\/h3>\n<p>Valec mus\u00ed by\u0165 vyroben\u00fd z vysoko kvalitn\u00fdch materi\u00e1lov, ma\u0165 vynikaj\u00facu odolnos\u0165 vo\u010di opotrebovaniu a mus\u00ed by\u0165 odoln\u00fd vo\u010di kor\u00f3zii, aby sa pred\u013a\u017eila jeho \u017eivotnos\u0165.<\/p>\n<\/li>\n<li>\n<h3>Bezpe\u010dnos\u0165<\/h3>\n<p>F\u013ea\u0161a mus\u00ed by\u0165 navrhnut\u00e1 s bezpe\u010dnostn\u00fdmi prvkami, ktor\u00e9 zabra\u0148uj\u00fa nehod\u00e1m, ako s\u00fa napr\u00edklad pretlakov\u00e9 ventily, poistn\u00e9 man\u017eety a bezpe\u010dnostn\u00e9 z\u00e1mky.<\/p>\n<\/li>\n<li>\n<h3>\u00dadr\u017eba<\/h3>\n<p>Valec sa mus\u00ed \u013eahko udr\u017eiava\u0165 a v\u00fdmena dielov by mala by\u0165 r\u00fdchla a jednoduch\u00e1. Pou\u017e\u00edvame kvalitn\u00e9 olejov\u00e9 potrubia a n\u00e1hradn\u00e9 diely, ktor\u00e9 sa \u013eahko udr\u017eiavaj\u00fa a vymie\u0148aj\u00fa.<\/p>\n<\/li>\n<\/ul>\n<p><img decoding=\"async\" src=\"https:\/\/www.hydraulic-cylinders.net\/wp-content\/uploads\/2025\/01\/songte-oil-pipes-and-spare-parts.webp\"\/><\/p>\n<h2>Sprievodca \u00fadr\u017ebou a in\u0161tal\u00e1ciou<\/h2>\n<p>Pravideln\u00e1 \u00fadr\u017eba je k\u013e\u00fa\u010dov\u00e1 pre zabezpe\u010denie dlhej \u017eivotnosti a \u00fa\u010dinnosti valcov. Tu je nieko\u013eko be\u017en\u00fdch \u00faloh \u00fadr\u017eby:<\/p>\n<ul>\n<li>\n<h3>Pravideln\u00e1 kontrola<\/h3>\n<p>Pravidelne kontrolujte valec a s\u00favisiace \u010dasti, \u010di nevykazuj\u00fa zn\u00e1mky opotrebovania alebo po\u0161kodenia, a pod\u013ea potreby ich vyme\u0148te. Skontrolujte piestnu ty\u010d, \u010di je rovnomern\u00e1 a \u010di nejav\u00ed zn\u00e1mky ohnutia alebo deform\u00e1cie.<\/p>\n<\/li>\n<li>\n<h3>Spr\u00e1vne mazanie<\/h3>\n<p>Pou\u017e\u00edvajte vhodn\u00fd hydraulick\u00fd olej a pravidelne ma\u017ete valec, aby ste zabezpe\u010dili plynul\u00fd chod a predi\u0161li nadmern\u00e9mu opotrebovaniu. Dodr\u017eiavajte odpor\u00fa\u010dania v\u00fdrobcu t\u00fdkaj\u00face sa typu a objemu oleja.<\/p>\n<\/li>\n<li>\n<h3>V\u00fdmena tesnenia a kontrola kalibr\u00e1cie<\/h3>\n<p>Ak valec netesn\u00ed alebo nefunguje spr\u00e1vne, skontrolujte tesnenia a v pr\u00edpade potreby ich vyme\u0148te. Skontrolujte kalibr\u00e1ciu valca, aby ste zabezpe\u010dili jeho presn\u00fa prev\u00e1dzku.<\/p>\n<\/li>\n<\/ul>\n<p>Spr\u00e1vna in\u0161tal\u00e1cia je tie\u017e nevyhnutn\u00e1 pre dlh\u00fa \u017eivotnos\u0165 a \u00fa\u010dinnos\u0165 valca s vedrom. Tu je nieko\u013eko k\u013e\u00fa\u010dov\u00fdch tipov na in\u0161tal\u00e1ciu:<\/p>\n<ul>\n<li>\n<h3>Spr\u00e1vne zarovnanie<\/h3>\n<p>Uistite sa, \u017ee valec je spr\u00e1vne zarovnan\u00fd so zariaden\u00edm a \u017ee koniec ty\u010de je spr\u00e1vne pripevnen\u00fd k vedru alebo in\u00fdm pr\u00eddavn\u00fdm zariadeniam.<\/p>\n<\/li>\n<li>\n<h3>Pou\u017eitie mont\u00e1\u017enej konzoly<\/h3>\n<p>Na upevnenie valca k zariadeniu pou\u017eite vhodn\u00e9 mont\u00e1\u017ene konzoly, aby ste predi\u0161li jeho pohybu alebo po\u0161kodeniu po\u010das prev\u00e1dzky.<\/p>\n<\/li>\n<li>\n<h3>Postupy kontroly a opravy<\/h3>\n<p>Dodr\u017eiavajte odpor\u00fa\u010dan\u00e9 postupy kontroly, opravy a v\u00fdmeny, aby ste zabezpe\u010dili bezpe\u010dn\u00fa a efekt\u00edvnu prev\u00e1dzku valca.<\/p>\n<\/li>\n<\/ul>\n<p><img decoding=\"async\" src=\"https:\/\/www.hydraulic-cylinders.net\/wp-content\/uploads\/2025\/01\/songte-chushion-collar.webp\"\/><\/p>\n<h2>Bezpe\u010dnostn\u00e9 aspekty a faktory prostredia<\/h2>\n<p>Hydraulick\u00e9 valce pracuj\u00fa pod vysok\u00fdm tlakom a m\u00f4\u017eu by\u0165 nebezpe\u010dn\u00e9, ak nie s\u00fa spr\u00e1vne nain\u0161talovan\u00e9 a prev\u00e1dzkovan\u00e9. V\u017edy dodr\u017eiavajte pokyny v\u00fdrobcu a bezpe\u010dnostn\u00e9 pokyny, aby ste predi\u0161li nehod\u00e1m. Z ekologick\u00e9ho h\u013eadiska by sa mal hydraulick\u00fd olej spr\u00e1vne likvidova\u0165, aby sa zabr\u00e1nilo kontamin\u00e1cii p\u00f4dy a vody, a valec by sa mal pravidelne kontrolova\u0165 na tesnos\u0165, aby sa predi\u0161lo \u00faniku oleja.<\/p>\n<p><img decoding=\"async\" src=\"https:\/\/www.hydraulic-cylinders.net\/wp-content\/uploads\/2025\/01\/songte-bushings-with-all-kinds-of-excavator-models.webp\"\/><\/p>\n<h2>Rie\u0161enie probl\u00e9mov a be\u017en\u00e9 probl\u00e9my<\/h2>\n<p>Medzi be\u017en\u00e9 probl\u00e9my, ktor\u00e9 sa m\u00f4\u017eu vyskytn\u00fa\u0165 s valcami vedra, patria netesnosti, nerovnomern\u00e1 prev\u00e1dzka a neschopnos\u0165 vysun\u00fa\u0165 alebo zasun\u00fa\u0165. Medzi tipy na rie\u0161enie probl\u00e9mov patr\u00ed kontrola tesnen\u00ed, zabezpe\u010denie spr\u00e1vneho mazania a kontrola kalibr\u00e1cie valca.<\/p>\n<h2>O na\u0161ej spolo\u010dnosti<\/h2>\n<p>Sme v\u00fdrobcom n\u00e1hradn\u00fdch hydraulick\u00fdch valcov, popredn\u00fdm v\u00fdrobcom a ve\u013ekoobchodn\u00fdm distrib\u00fatorom hydraulick\u00fdch valcov na dom\u00e1com aj medzin\u00e1rodnom trhu. Riadime sa filozofiou vynikaj\u00facej kvality, spoliehame sa na strat\u00e9giu industrializovan\u00e9ho riadenia v\u00fdroby sofistikovanej v\u00fdrobnej dielne, neust\u00e1le zlep\u0161ujeme v\u00fdrobn\u00fa platformu dielne, zlep\u0161ujeme kvalitu v\u00fdroby produktov a m\u00e1me siln\u00fa tvoriv\u00fa schopnos\u0165 uspokojova\u0165 rozmanit\u00e9 potreby z\u00e1kazn\u00edkov s vysokou \u00fa\u010dinnos\u0165ou, vysokou presnos\u0165ou a princ\u00edpmi vysokej kvality.<\/p>\n<p><img decoding=\"async\" src=\"https:\/\/hzpt.com\/wp-content\/uploads\/2024\/11\/songte-company-1.webp\"\/><\/p>\n<h3>Profesionalita<\/h3>\n<p>M\u00e1me t\u00edm sk\u00fasen\u00fdch odborn\u00edkov, ktor\u00ed sa zaviazali poskytova\u0165 z\u00e1kazn\u00edkom vysoko kvalitn\u00e9 rie\u0161enia v oblasti hydraulick\u00fdch valcov.<\/p>\n<h3>Medzin\u00e1rodn\u00e1 certifik\u00e1cia<\/h3>\n<p>Na\u0161e produkty z\u00edskali medzin\u00e1rodn\u00e9 certifik\u00e1cie ako ISO9001, CE a ROHS, \u010do zaru\u010duje, \u017ee sp\u013a\u0148aj\u00fa medzin\u00e1rodn\u00e9 normy a po\u017eiadavky.<\/p>\n<h3>Slu\u017eby prisp\u00f4sobenia<\/h3>\n<p>Pon\u00fakame rie\u0161enia hydraulick\u00fdch valcov na mieru, ktor\u00e9 sp\u013a\u0148aj\u00fa \u0161pecifick\u00e9 prev\u00e1dzkov\u00e9 potreby.<\/p>\n<h3>Pokro\u010dil\u00e9 v\u00fdrobn\u00e9 zariadenia<\/h3>\n<p>Na\u0161e v\u00fdrobn\u00e9 zariadenia s\u00fa najmodernej\u0161ie, \u010do n\u00e1m umo\u017e\u0148uje efekt\u00edvne a presne vyr\u00e1ba\u0165 vysoko kvalitn\u00e9 hydraulick\u00e9 valce.<\/p>\n<h3>Popredajn\u00fd servis<\/h3>\n<p>Poskytujeme vynikaj\u00faci popredajn\u00fd servis vr\u00e1tane opr\u00e1v a v\u00fdmeny, aby sme na\u0161im z\u00e1kazn\u00edkom zabezpe\u010dili t\u00fa najlep\u0161iu mo\u017en\u00fa podporu.<\/p>\n<h2>Autor<\/h2>\n<p>lyl<\/p>","protected":false},"excerpt":{"rendered":"<p>Introduction Bucket Cylinder For Dasin DS50-7 A bucket cylinder is a specially designed hydraulic cylinder used mainly to control the movement of the bucket in heavy machinery such as excavators, backhoe loaders, and front loaders. Its main function is to enable the bucket to perform lifting, lowering, and tilting, making it suitable for various material [&hellip;]<\/p>","protected":false},"featured_media":14762,"comment_status":"open","ping_status":"closed","template":"","meta":{"_et_pb_use_builder":"","_et_pb_old_content":"","_et_gb_content_width":""},"product_brand":[],"product_cat":[1494],"product_tag":[1495,1496],"class_list":{"0":"post-15970","1":"product","2":"type-product","3":"status-publish","4":"has-post-thumbnail","6":"product_cat-bucket-cylinders","7":"product_tag-bucket-cylinders","8":"product_tag-hydraulic-cylinders","10":"first","11":"instock","12":"shipping-taxable","13":"product-type-simple"},"amp_enabled":true,"_links":{"self":[{"href":"https:\/\/www.hydraulic-cylinders.net\/sk\/wp-json\/wp\/v2\/product\/15970","targetHints":{"allow":["GET"]}}],"collection":[{"href":"https:\/\/www.hydraulic-cylinders.net\/sk\/wp-json\/wp\/v2\/product"}],"about":[{"href":"https:\/\/www.hydraulic-cylinders.net\/sk\/wp-json\/wp\/v2\/types\/product"}],"replies":[{"embeddable":true,"href":"https:\/\/www.hydraulic-cylinders.net\/sk\/wp-json\/wp\/v2\/comments?post=15970"}],"wp:featuredmedia":[{"embeddable":true,"href":"https:\/\/www.hydraulic-cylinders.net\/sk\/wp-json\/wp\/v2\/media\/14762"}],"wp:attachment":[{"href":"https:\/\/www.hydraulic-cylinders.net\/sk\/wp-json\/wp\/v2\/media?parent=15970"}],"wp:term":[{"taxonomy":"product_brand","embeddable":true,"href":"https:\/\/www.hydraulic-cylinders.net\/sk\/wp-json\/wp\/v2\/product_brand?post=15970"},{"taxonomy":"product_cat","embeddable":true,"href":"https:\/\/www.hydraulic-cylinders.net\/sk\/wp-json\/wp\/v2\/product_cat?post=15970"},{"taxonomy":"product_tag","embeddable":true,"href":"https:\/\/www.hydraulic-cylinders.net\/sk\/wp-json\/wp\/v2\/product_tag?post=15970"}],"curies":[{"name":"pracovn\u00fd list","href":"https:\/\/api.w.org\/{rel}","templated":true}]}}