{"id":15985,"date":"2025-01-19T15:15:09","date_gmt":"2025-01-19T15:15:09","guid":{"rendered":"https:\/\/www.hydraulic-cylinders.net\/product\/bucket-cylinder-for-hengte-ht150-8\/"},"modified":"2025-01-19T15:15:11","modified_gmt":"2025-01-19T15:15:11","slug":"bucket-cylinder-for-hengte-ht150-8","status":"publish","type":"product","link":"https:\/\/www.hydraulic-cylinders.net\/sk\/produkt\/bucket-cylinder-for-hengte-ht150-8\/","title":{"rendered":"Valec vedra pre Hengte HT150-8"},"content":{"rendered":"<h2>Valec vedra pre Hengte HT150-8<\/h2>\n<h3>\u00davod<\/h3>\n<p>Hydraulick\u00fd valec ly\u017eice pre Hengte HT150-8 je \u0161pecializovan\u00fd hydraulick\u00fd valec ur\u010den\u00fd na ovl\u00e1danie pohybu ly\u017eice v \u0165a\u017ek\u00fdch strojoch, ako s\u00fa r\u00fdpadl\u00e1, r\u00fdpadl\u00e1-naklada\u010de a \u010deln\u00e9 naklada\u010de. Jeho prim\u00e1rnou funkciou je umo\u017eni\u0165 zdv\u00edhanie, sp\u00fa\u0161\u0165anie a nakl\u00e1\u0148anie ly\u017eice pre jednoduch\u00fa manipul\u00e1ciu s materi\u00e1lom. V hydraulickom syst\u00e9me valec ly\u017eice vyu\u017e\u00edva zmeny tlaku hydraulick\u00e9ho oleja na dosiahnutie presn\u00e9ho ovl\u00e1dania ly\u017eice, \u010do umo\u017e\u0148uje obsluhe efekt\u00edvne manipulova\u0165 s \u0165a\u017ek\u00fdmi bremenami a prisp\u00f4sobi\u0165 sa zlo\u017eit\u00fdm pracovn\u00fdm prostrediam a r\u00f4znorod\u00fdm po\u017eiadavk\u00e1m pr\u00e1ce.<\/p>\n<p><img loading=\"lazy\" decoding=\"async\" src=\"https:\/\/www.hydraulic-cylinders.net\/wp-content\/uploads\/2025\/01\/songte-company-2.webp\" alt=\"Valec vedra pre Hengte HT150-8\" width=\"500\" height=\"400\"><\/p>\n<h3>K\u013e\u00fa\u010dov\u00e9 vlastnosti<\/h3>\n<ul>\n<li><strong>Vysok\u00e1 pevnos\u0165 a odolnos\u0165:<\/strong> Valec s vedrom, zvy\u010dajne vyroben\u00fd z vysokopevnostnej ocele alebo hlin\u00edka, odol\u00e1 vysok\u00e9mu tlaku a \u0165a\u017ek\u00fdm za\u0165a\u017eeniam, prisp\u00f4sob\u00ed sa n\u00e1ro\u010dn\u00fdm pracovn\u00fdm podmienkam a je navrhnut\u00fd s oh\u013eadom na odolnos\u0165 vo\u010di opotrebovaniu a kor\u00f3zii, \u010do predl\u017euje jeho \u017eivotnos\u0165.<\/li>\n<li><strong>Efekt\u00edvna hydraulick\u00e1 prev\u00e1dzka:<\/strong> V\u010faka tlaku hydraulick\u00e9ho oleja dok\u00e1\u017ee valec dosiahnu\u0165 plynul\u00e9 vys\u00favanie a zas\u00favanie, r\u00fdchlo reagova\u0165 na ovl\u00e1dacie povely, poskytova\u0165 siln\u00e9 tla\u010dn\u00e9 a \u0165a\u017en\u00e9 sily a je vhodn\u00fd na manipul\u00e1ciu s \u0165a\u017ek\u00fdmi bremenami a zlo\u017eit\u00fdmi pracovn\u00fdmi \u00falohami.<\/li>\n<li><strong>R\u00f4zne typy:<\/strong> Pod\u013ea prev\u00e1dzkov\u00fdch po\u017eiadaviek je mo\u017en\u00e9 zvoli\u0165 jedno\u010dinn\u00e9 (hydraulick\u00fd pohon sa pou\u017e\u00edva iba v jednom smere) alebo dvoj\u010dinn\u00e9 (hydraulick\u00fd pohon sa pou\u017e\u00edva v oboch smeroch) valce. Niektor\u00e9 modely s\u00fa teleskopick\u00e9, \u010do umo\u017e\u0148uje v\u00e4\u010d\u0161ie vysunutie bez zv\u00e4\u010d\u0161enia vonkaj\u0161\u00edch rozmerov, v\u010faka \u010domu s\u00fa vhodn\u00e9 pre aplik\u00e1cie s obmedzen\u00fdm priestorom.<\/li>\n<li><strong>V\u00fdmena in\u00fdch hydraulick\u00fdch valcov:<\/strong> N\u00e1\u0161 produkt je perfektnou n\u00e1hradou za tieto hydraulick\u00e9 valce.<\/li>\n<\/ul>\n<p><img loading=\"lazy\" decoding=\"async\" src=\"https:\/\/www.hydraulic-cylinders.net\/wp-content\/uploads\/2025\/01\/songte-cylinder-head-with-all-kinds-excavator-models.webp\" alt=\"Valec vedra pre Hengte HT150-8\" width=\"500\" height=\"400\"><\/p>\n<h3>Aplik\u00e1cie<\/h3>\n<p><strong>Stavebn\u00e9 vybavenie:<\/strong> V bagroch s\u00fa nevyhnutn\u00e9 pre v\u00fdkopov\u00e9 pr\u00e1ce, nakladanie a premiest\u0148ovanie zeminy alebo sutiny. V r\u00fdpadlo-naklada\u010doch pom\u00e1ha valec kor\u010deka pri v\u00fdkopov\u00fdch pr\u00e1cach a zdv\u00edhan\u00ed. V \u010deln\u00fdch naklada\u010doch pom\u00e1haj\u00fa pri efekt\u00edvnom zdv\u00edhan\u00ed a vykladan\u00ed tovaru.<\/p>\n<p><strong>Po\u013enohospod\u00e1rske stroje:<\/strong> Pou\u017e\u00edvaj\u00fa sa v \u010deln\u00fdch naklada\u010doch, naberaj\u00fa, zdv\u00edhaj\u00fa a prepravuj\u00fa zeminu, seno a in\u00e9 materi\u00e1ly. V r\u00fdpadl\u00e1ch umo\u017e\u0148uje valec ly\u017eice kopanie t\u00fdm, \u017ee umo\u017e\u0148uje ly\u017eici prenikn\u00fa\u0165 do zeme.<\/p>\n<h3>\u00davahy o dizajne a krit\u00e9ri\u00e1 v\u00fdberu<\/h3>\n<ul>\n<li><strong>Nosnos\u0165:<\/strong> Aby valec odolal vysok\u00e9mu za\u0165a\u017eeniu, mali by sa na jeho v\u00fdrobu pou\u017ei\u0165 vysokopevnostn\u00e9 materi\u00e1ly.<\/li>\n<li><strong>Tesnenie a trvanlivos\u0165:<\/strong> Na tesnenia by sa mali pou\u017e\u00edva\u0165 materi\u00e1ly ako polyuret\u00e1n a nitrilov\u00fd kau\u010duk, aby sa zabezpe\u010dila odolnos\u0165 proti opotrebovaniu. Teleso valca a z\u00e1vitov\u00fd povrch by mali by\u0165 jemne opracovan\u00e9, aby sa zlep\u0161ila odolnos\u0165 proti opotrebovaniu. Pravideln\u00e9 mazanie hydraulick\u00fdm olejom je nevyhnutn\u00e9.<\/li>\n<li><strong>Bezpe\u010dnos\u0165 a \u00fadr\u017eba:<\/strong> Bezpe\u010dnos\u0165 by mala by\u0165 zabezpe\u010den\u00e1 spr\u00e1vnou in\u0161tal\u00e1ciou a \u00fadr\u017ebou. Ak je potrebn\u00e9 f\u013ea\u0161u rozobra\u0165, malo by sa to urobi\u0165 bezpe\u010dn\u00fdm sp\u00f4sobom. Okrem toho by mali by\u0165 \u013eahko dostupn\u00e9 n\u00e1hradn\u00e9 diely a mali by sa pon\u00faka\u0165 aj slu\u017eby rekon\u0161trukcie.<\/li>\n<\/ul>\n<p><img loading=\"lazy\" decoding=\"async\" src=\"https:\/\/www.hydraulic-cylinders.net\/wp-content\/uploads\/2025\/01\/songte-oil-pipes-and-spare-parts.webp\" alt=\"Valec vedra pre Hengte HT150-8\" width=\"500\" height=\"400\"><\/p>\n<h3>\u00dadr\u017eba<\/h3>\n<p>Pravideln\u00e1 \u00fadr\u017eba je nevyhnutn\u00e1 pre zabezpe\u010denie dlhej \u017eivotnosti a spr\u00e1vnej funkcie valca vedra.<\/p>\n<ul>\n<li><strong>Pravideln\u00e1 kontrola:<\/strong> Pravidelne kontrolujte valec, \u010di nedoch\u00e1dza k \u00fanikom, po\u0161kodeniu a opotrebovaniu.<\/li>\n<li><strong>Spr\u00e1vne mazanie:<\/strong> Pre zaistenie spr\u00e1vnej prev\u00e1dzky valec pravidelne nama\u017ete.<\/li>\n<li><strong>V\u00fdmena tesnenia:<\/strong> Vyme\u0148te tesnenia, ke\u010f s\u00fa opotrebovan\u00e9 alebo po\u0161koden\u00e9, aby ste predi\u0161li \u00faniku.<\/li>\n<li><strong>Kontrola kalibr\u00e1cie:<\/strong> Pravidelne kontrolujte kalibr\u00e1ciu valca, aby ste zabezpe\u010dili jeho spr\u00e1vnu prev\u00e1dzku.<\/li>\n<\/ul>\n<p><img loading=\"lazy\" decoding=\"async\" src=\"https:\/\/www.hydraulic-cylinders.net\/wp-content\/uploads\/2025\/01\/songte-chushion-collar.webp\" alt=\"Valec vedra pre Hengte HT150-8\" width=\"500\" height=\"400\"><\/p>\n<h3>Bezpe\u010dnostn\u00e9 aspekty a faktory prostredia<\/h3>\n<p>Pri pou\u017e\u00edvan\u00ed vedrovej f\u013ea\u0161e je d\u00f4le\u017eit\u00e9 dodr\u017eiava\u0165 bezpe\u010dnostn\u00e9 opatrenia, aby sa predi\u0161lo nehod\u00e1m. Faktory prostredia, ako je teplota a vlhkos\u0165, m\u00f4\u017eu ovplyvni\u0165 v\u00fdkon f\u013ea\u0161e, a preto by sa mala skladova\u0165 v suchom a \u010distom prostred\u00ed.<\/p>\n<h3>Diagnostika a rie\u0161enie probl\u00e9mov<\/h3>\n<p>Medzi be\u017en\u00e9 probl\u00e9my s valcom vedra patria netesnosti, po\u0161kodenie tesnen\u00ed a chyby kalibr\u00e1cie. Rie\u0161enie probl\u00e9mov by sa malo vykon\u00e1va\u0165 bezpe\u010dn\u00fdm a efekt\u00edvnym sp\u00f4sobom a mali by sa prija\u0165 prevent\u00edvne opatrenia na minimaliz\u00e1ciu potenci\u00e1lnych probl\u00e9mov.<\/p>\n<p><img loading=\"lazy\" decoding=\"async\" src=\"https:\/\/www.hydraulic-cylinders.net\/wp-content\/uploads\/2025\/01\/songte-bushings-with-all-kinds-of-excavator-models.webp\" alt=\"Valec vedra pre Hengte HT150-8\" width=\"500\" height=\"400\"><\/p>\n<h3>O na\u0161ej spolo\u010dnosti<\/h3>\n<p>We are a manufacturer of replacement hydraulic cylinders with a complete range of products. We have become one of the leading manufacturers and wholesale dealers of hydraulic cylinders in domestic and international markets. We adhere to the principle of excellent quality and rely on industrialized production management strategies in our finely crafted manufacturing workshop. Through the use of technical talent, digital high-end manufacturing equipment, and professional testing systems, we continuously improve our manufacturing platform, perfect our product quality production routes, and have strong innovative capabilities. We satisfy our customers&#8217; diverse needs with efficient, precise, and high-quality services.<\/p>\n<p>\u0160pecializujeme sa na medzin\u00e1rodn\u00fa certifik\u00e1ciu, z\u00e1kazkov\u00e9 slu\u017eby, v\u00fdrobn\u00e9 zariadenia a popredajn\u00fd servis.<\/p>\n<p><img loading=\"lazy\" decoding=\"async\" src=\"https:\/\/hzpt.com\/wp-content\/uploads\/2024\/11\/songte-company-1.webp\" alt=\"Valec vedra pre Hengte HT150-8\" width=\"500\" height=\"400\"><\/p>\n<p><em>Autor: lyl<\/em><\/p>","protected":false},"excerpt":{"rendered":"<p>Bucket Cylinder for Hengte HT150-8 Introduction The bucket cylinder for Hengte HT150-8 is a specialized hydraulic cylinder designed to control the movement of the bucket in heavy machinery such as excavators, backhoe excavators, and front-end loaders. Its primary function is to allow the bucket to be lifted, lowered, and tilted for easy material handling. In [&hellip;]<\/p>","protected":false},"featured_media":14762,"comment_status":"open","ping_status":"closed","template":"","meta":{"_et_pb_use_builder":"","_et_pb_old_content":"","_et_gb_content_width":""},"product_brand":[],"product_cat":[1494],"product_tag":[1495,1496],"class_list":{"0":"post-15985","1":"product","2":"type-product","3":"status-publish","4":"has-post-thumbnail","6":"product_cat-bucket-cylinders","7":"product_tag-bucket-cylinders","8":"product_tag-hydraulic-cylinders","10":"first","11":"instock","12":"shipping-taxable","13":"product-type-simple"},"amp_enabled":true,"_links":{"self":[{"href":"https:\/\/www.hydraulic-cylinders.net\/sk\/wp-json\/wp\/v2\/product\/15985","targetHints":{"allow":["GET"]}}],"collection":[{"href":"https:\/\/www.hydraulic-cylinders.net\/sk\/wp-json\/wp\/v2\/product"}],"about":[{"href":"https:\/\/www.hydraulic-cylinders.net\/sk\/wp-json\/wp\/v2\/types\/product"}],"replies":[{"embeddable":true,"href":"https:\/\/www.hydraulic-cylinders.net\/sk\/wp-json\/wp\/v2\/comments?post=15985"}],"wp:featuredmedia":[{"embeddable":true,"href":"https:\/\/www.hydraulic-cylinders.net\/sk\/wp-json\/wp\/v2\/media\/14762"}],"wp:attachment":[{"href":"https:\/\/www.hydraulic-cylinders.net\/sk\/wp-json\/wp\/v2\/media?parent=15985"}],"wp:term":[{"taxonomy":"product_brand","embeddable":true,"href":"https:\/\/www.hydraulic-cylinders.net\/sk\/wp-json\/wp\/v2\/product_brand?post=15985"},{"taxonomy":"product_cat","embeddable":true,"href":"https:\/\/www.hydraulic-cylinders.net\/sk\/wp-json\/wp\/v2\/product_cat?post=15985"},{"taxonomy":"product_tag","embeddable":true,"href":"https:\/\/www.hydraulic-cylinders.net\/sk\/wp-json\/wp\/v2\/product_tag?post=15985"}],"curies":[{"name":"pracovn\u00fd list","href":"https:\/\/api.w.org\/{rel}","templated":true}]}}